{"id":5578,"date":"2023-04-08T14:41:23","date_gmt":"2023-04-08T14:41:23","guid":{"rendered":"https:\/\/puuhamari.fi\/?page_id=5578"},"modified":"2023-10-11T22:15:42","modified_gmt":"2023-10-11T22:15:42","slug":"verstasnurkan-poytavaraukset","status":"publish","type":"page","link":"https:\/\/puuhamari.fi\/?page_id=5578","title":{"rendered":"Verstasnurkan p\u00f6yt\u00e4varaus"},"content":{"rendered":"\n<p class=\"has-medium-font-size\">Tarvittaessa ota yhteys suoraan Mariin: 050-541 6919 (soitto tai viesti; my\u00f6s What&#8217;s App)<\/p>\n\n\n\n<h4 class=\"wp-block-heading\">Muistathan my\u00f6s maksaa varausmaksun! T\u00e4ss\u00e4 suora linkki: <a href=\"https:\/\/puuhamari.fi\/?product=verstaspoydan-varaus\" data-type=\"link\" data-id=\"https:\/\/puuhamari.fi\/?product=verstaspoydan-varaus\">P\u00f6yt\u00e4varaukset<\/a><\/h4>\n\n\n\n<div style=\"height:50px\" aria-hidden=\"true\" class=\"wp-block-spacer\"><\/div>\n\n\n\n<div class=\"wp-block-booking-booking\"> <div id=\"form_id966611531552\" class=\"wpbc_container wpbc_form wpbc_container_booking_form \" ><form id=\"booking_form1\" class=\"booking_form vertical\" method=\"post\" action=\"\"><div id=\"ajax_respond_insert1\" class=\"ajax_respond_insert\" style=\"display:none;\"><\/div><a name=\"bklnk1\" id=\"bklnk1\"><\/a><div id=\"booking_form_div1\" class=\"booking_form_div\"><style type=\"text\/css\">.wpbc_container_booking_form .block_hints, .wpbc_booking_form_simple.wpbc_form_center .wpbc__form__div .wpbc__row.wpbc_r_calendar, .wpbc_booking_form_simple .wpbc__form__div .wpbc__row:not(.wpbc_r_calendar){max-width:440px;} <\/style>\n<div class=\"wpbc_booking_form_simple \">\n<div class=\"wpbc__form__div\">\n\t\t\t<div class=\"wpbc_r_calendar wpbc__row\">\n\t\t\t\t<div class=\"wpbc_r_calendar wpbc__field\"> <label><\/label><br><div class=\"wpbc_calendar_wraper wpbc_change_over_triangle wpbc_calendar_skin_legacy\"><div class=\"wpbc_cal_container bk_calendar_frame wpbc_no_custom_width  months_num_in_row_ cal_month_num_2 wpbc_timeslot_day_bg_as_available\" style=\"\"><div id=\"calendar_booking1\"  class=\"wpbc_calendar_id_1\" >\t<div class=\"calendar_loader_frame calendar_loader_frame1\"\r\n\t\tdata-wpbc-rid=\"1\"\r\n\t\tdata-wpbc-grace=\"8000\"\r\n\t\tstyle=\"--wpbc-loader-cols: 2;\"\r\n\t>\r\n\t\t<div class=\"calendar_loader_text\">Loading...<\/div>\r\n\t\t<div class=\"calendar_loader_frame__progress_line_container\">\r\n\t\t\t<div class=\"calendar_loader_frame__progress_line\"><\/div>\r\n\t\t<\/div>\r\n\t<\/div>\r\n\t<\/div><\/div><div style=\"font-size:7px;text-align:left;margin:0 0 10px;text-shadow: none;\">Powered by <a href=\"https:\/\/wpbookingcalendar.com\" style=\"font-size:7px;\" target=\"_blank\" title=\"Booking Calendar plugin for WordPress\">Booking Calendar<\/a><\/div><textarea id=\"date_booking1\" name=\"date_booking1\" autocomplete=\"off\" style=\"display:none;\"><\/textarea><\/div> <\/div>\n\t\t\t<\/div>\n\t\t\t<div class=\"wpbc__row\">\n\t\t\t\t<div class=\"wpbc_r_name wpbc__field\"> <label>Etunimi*<\/label><br><span class=\"wpbc_wrap_text wpdev-form-control-wrap name1\"><input type=\"text\" name=\"name1\" value=\"\" autocomplete=\"name\" class=\"wpdev-validates-as-required\" size=\"40\" \/><\/span> <\/div>\n\t\t\t<\/div>\n\t\t\t<div class=\"wpbc__row\">\n\t\t\t\t<div class=\"wpbc_r_secondname wpbc__field\"> <label>Sukunimi*<\/label><br><span class=\"wpbc_wrap_text wpdev-form-control-wrap secondname1\"><input type=\"text\" name=\"secondname1\" value=\"\" autocomplete=\"secondname\" class=\"wpdev-validates-as-required\" size=\"40\" \/><\/span> <\/div>\n\t\t\t<\/div>\n\t\t\t<div class=\"wpbc__row\">\n\t\t\t\t<div class=\"wpbc_r_email wpbc__field\"> <label>S-posti*<\/label><br><span class=\"wpbc_wrap_text wpdev-form-control-wrap email1\"><input type=\"email\" name=\"email1\" value=\"\" autocomplete=\"email\" class=\"wpdev-validates-as-email wpdev-validates-as-required\" size=\"40\" \/><\/span> <\/div>\n\t\t\t<\/div>\n\t\t\t<div class=\"wpbc__row\">\n\t\t\t\t<div class=\"wpbc_r_phone wpbc__field\"> <label>Puhelin*<\/label><br><span class=\"wpbc_wrap_text wpdev-form-control-wrap phone1\"><input type=\"text\" name=\"phone1\" value=\"\" autocomplete=\"phone\" class=\"wpdev-validates-as-required\" size=\"40\" \/><\/span> <\/div>\n\t\t\t<\/div>\n\t\t\t<div class=\"wpbc__row\">\n\t\t\t\t<div class=\"wpbc_r_details wpbc__field\"> <label>Lis\u00e4tietoja Marille<\/label><br><span class=\"wpbc_wrap_textarea wpdev-form-control-wrap details1\"><textarea name=\"details1\" autocomplete=\"details\"><\/textarea><\/span> <\/div>\n\t\t\t<\/div>\n\t\t\t<div class=\"wpbc__row\">\n\t\t\t\t<div class=\"wpbc_r_captcha wpbc__field\"> <label><\/label><br><span class=\"wpbc_text_captcha_container wpdev-form-control-wrap \"><input  autocomplete=\"off\" type=\"hidden\" name=\"wpdev_captcha_challenge_1\"  id=\"wpdev_captcha_challenge_1\" value=\"967104485\" \/><input  autocomplete=\"off\" type=\"text\" class=\"captachinput\" value=\"\" name=\"captcha_input1\" id=\"captcha_input1\" \/><img data-recalc-dims=\"1\" decoding=\"async\" class=\"captcha_img\"  id=\"captcha_img1\" alt=\"To show CAPTCHA, please deactivate cache plugin or exclude this page from caching or disable CAPTCHA at WP Booking Calendar - Settings General page in Form Options section.\" src=\"https:\/\/i0.wp.com\/puuhamari.fi\/wp-content\/plugins\/booking\/js\/captcha\/tmp\/967104485.png?w=1290&#038;ssl=1\" \/><\/span> <\/div>\n\t\t\t<\/div>\n\t\t\t<div class=\"wpbc__row\">\n\t\t\t\t<div class=\"wpbc_r_submit wpbc__field\"><input type=\"button\" value=\"L\u00e4het\u00e4\" class=\"wpbc_button_light  btn btn\" onclick=\"wpbc_booking_form_submit(this.form,1, 'fi');\" \/> <\/div>\n\t\t\t<\/div>\n<\/div>\n<\/div><input id=\"bk_type1\" name=\"bk_type1\" class=\"\" type=\"hidden\" value=\"1\" \/><\/div><div id=\"submiting1\"><\/div><div class=\"form_bk_messages\" id=\"form_bk_messages1\" ><\/div><input type=\"hidden\" id=\"wpbc_nonceCALCULATE_THE_COST1\" name=\"wpbc_nonceCALCULATE_THE_COST1\" value=\"f6c945c90b\" \/><input type=\"hidden\" name=\"_wp_http_referer\" value=\"\/index.php?rest_route=%2Fwp%2Fv2%2Fpages%2F5578\" \/><\/form><\/div><div id=\"booking_form_garbage1\" class=\"booking_form_garbage\"><\/div> <\/div>\n\n\n\n<div style=\"height:49px\" aria-hidden=\"true\" class=\"wp-block-spacer\"><\/div>\n","protected":false},"excerpt":{"rendered":"<p>Tarvittaessa ota yhteys suoraan Mariin: 050-541 6919 (soitto tai viesti; my\u00f6s What&#8217;s App) Muistathan my\u00f6s maksaa varausmaksun! T\u00e4ss\u00e4 suora linkki: P\u00f6yt\u00e4varaukset<\/p>\n","protected":false},"author":1,"featured_media":5579,"parent":0,"menu_order":0,"comment_status":"closed","ping_status":"closed","template":"","meta":{"advgb_blocks_editor_width":"","advgb_blocks_columns_visual_guide":"","advanced_seo_description":"","jetpack_seo_html_title":"","jetpack_seo_noindex":false,"_kad_post_transparent":"","_kad_post_title":"","_kad_post_layout":"","_kad_post_sidebar_id":"","_kad_post_content_style":"","_kad_post_vertical_padding":"","_kad_post_feature":"","_kad_post_feature_position":"","_kad_post_header":false,"_kad_post_footer":false,"_kad_post_classname":"","jetpack_post_was_ever_published":false,"footnotes":""},"class_list":["post-5578","page","type-page","status-publish","has-post-thumbnail","hentry"],"coauthors":[],"author_meta":{"author_link":"https:\/\/puuhamari.fi\/?author=1","display_name":"PuuhaMari"},"relative_dates":{"created":"Julkaistu 3 vuotta sitten","modified":"P\u00e4ivitetty 3 vuotta sitten"},"absolute_dates":{"created":"Julkaistu 8 huhtikuun, 2023","modified":"P\u00e4ivitetty 11 lokakuun, 2023"},"absolute_dates_time":{"created":"Julkaistu 8 huhtikuun, 2023 2:41 pm","modified":"P\u00e4ivitetty 11 lokakuun, 2023 10:15 pm"},"featured_img_caption":"","featured_img":"https:\/\/puuhamari.fi\/wp-content\/uploads\/2023\/04\/Verstasnurkka-tammikuussa-2b.jpg","series_order":"","jetpack_sharing_enabled":true,"jetpack_likes_enabled":true,"jetpack-related-posts":[{"id":3667,"url":"https:\/\/puuhamari.fi\/?page_id=3667","url_meta":{"origin":5578,"position":0},"title":"Etusivu","author":"PuuhaMari","date":"4 elokuun, 2021","format":false,"excerpt":"T\u00e4st\u00e4 kauppaan T\u00e4st\u00e4 blogin tekniikkavinkkeihin Vanhojen kalusteiden kierr\u00e4tys ja tuunaus omistajansa persoonaan sopiviksi on suuremmassa nosteessa kuin koskaan, ja haluan osaltani olla auttamassa sinuakin ihan uudenlaiseen omatoimisuuteen. Olet sitten opiskelija, ty\u00f6ss\u00e4k\u00e4yv\u00e4, ty\u00f6t\u00f6n tai el\u00e4kel\u00e4inen, olen varma siit\u00e4 ett\u00e4 minun tavallani sin\u00e4kin arvostat kierr\u00e4tyst\u00e4, ekologisuutta ja edullisia hintoja, etk\u00f6s vain? Siksi\u2026","rel":"","context":"Samankaltainen artikkeli","block_context":{"text":"Samankaltainen artikkeli","link":""},"img":{"alt_text":"","src":"https:\/\/i0.wp.com\/puuhamari.fi\/wp-content\/uploads\/2026\/02\/FB-Sivun-otsakekuva-2026.png?resize=350%2C200&ssl=1","width":350,"height":200,"srcset":"https:\/\/i0.wp.com\/puuhamari.fi\/wp-content\/uploads\/2026\/02\/FB-Sivun-otsakekuva-2026.png?resize=350%2C200&ssl=1 1x, https:\/\/i0.wp.com\/puuhamari.fi\/wp-content\/uploads\/2026\/02\/FB-Sivun-otsakekuva-2026.png?resize=525%2C300&ssl=1 1.5x, https:\/\/i0.wp.com\/puuhamari.fi\/wp-content\/uploads\/2026\/02\/FB-Sivun-otsakekuva-2026.png?resize=700%2C400&ssl=1 2x"},"classes":[]},{"id":7982,"url":"https:\/\/puuhamari.fi\/?page_id=7982","url_meta":{"origin":5578,"position":1},"title":"ULKOKALUSTEIDEN MAALAUS","author":"PuuhaMari","date":"4 huhtikuun, 2024","format":false,"excerpt":"Heti kun s\u00e4\u00e4 l\u00e4mpenee kaikki rynt\u00e4\u00e4v\u00e4t hakemaan parveke-, piha- ja m\u00f6kkikalusteitaan esille. Monesti nuo ulkokalusteet eiv\u00e4t kuitenkaan ole saaneet \"talvehtia\" optimaalisissa oloissa, ja n\u00e4ytt\u00e4v\u00e4t haalistuneilta jo vuoden tai parin j\u00e4lkeen. T\u00e4n\u00e4\u00e4n opit miten maalata ulkokalusteita Fusion Mineral Paint:ll\u00e4. Opit itse raikastamaan ulkokalusteiden ilmett\u00e4 ja antamaan niille uuden el\u00e4m\u00e4n - s\u00e4\u00e4st\u00e4en\u2026","rel":"","context":"Samankaltainen artikkeli","block_context":{"text":"Samankaltainen artikkeli","link":""},"img":{"alt_text":"","src":"https:\/\/i0.wp.com\/puuhamari.fi\/wp-content\/uploads\/2024\/04\/Ulkokalusteiden-17b.jpg?fit=570%2C570&ssl=1&resize=350%2C200","width":350,"height":200,"srcset":"https:\/\/i0.wp.com\/puuhamari.fi\/wp-content\/uploads\/2024\/04\/Ulkokalusteiden-17b.jpg?fit=570%2C570&ssl=1&resize=350%2C200 1x, https:\/\/i0.wp.com\/puuhamari.fi\/wp-content\/uploads\/2024\/04\/Ulkokalusteiden-17b.jpg?fit=570%2C570&ssl=1&resize=525%2C300 1.5x"},"classes":[]},{"id":6149,"url":"https:\/\/puuhamari.fi\/?page_id=6149","url_meta":{"origin":5578,"position":2},"title":"FUSION MINERAALIMAALIT","author":"PuuhaMari","date":"4 kes\u00e4kuun, 2023","format":false,"excerpt":"Mineraalimaalit kalusteidenkunnostukseen Fusion\u2122\u00a0mineraalimaalit ovat t\u00e4ysin veden- ja pesunkest\u00e4vi\u00e4 ja riittoisia maaleja. Kalustemaalauksen ammattilaiset rakastavat niit\u00e4, ja vasta-alkajat ihastuvat niiden helppok\u00e4ytt\u00f6isyyteen. Hinta 31,50 \u20ac\u00a0 \u00a0 \u00a0 \u00a0Riittoisuus n. 14m\u00b2\/L Apteekkarinlaatikostossa\u00a0 s\u00e4vy \"Conservatory\" Apteekkari Helppous Aloittelijalle sopivia Minimaalinen alustus riit\u00e4\u00e4 3 in 1 = yksivaiheinen levitys T\u00e4ysin veden- ja pesunkest\u00e4vi\u00e4! Sopivat my\u00f6s\u2026","rel":"","context":"Samankaltainen artikkeli","block_context":{"text":"Samankaltainen artikkeli","link":""},"img":{"alt_text":"","src":"","width":0,"height":0},"classes":[]},{"id":6193,"url":"https:\/\/puuhamari.fi\/?page_id=6193","url_meta":{"origin":5578,"position":3},"title":"PALATAPETIT","author":"PuuhaMari","date":"12 kes\u00e4kuun, 2023","format":false,"excerpt":"Palatapetit muuallekin kuin sein\u00e4\u00e4n Palatapetti: tuote joka uudistaa t\u00e4ydellisesti k\u00e4sityksesi tapetoimisesta! K\u00e4yt\u00e4 esiliister\u00f6ityj\u00e4 PastedPaper-palatapetteja my\u00f6s kaappien ovissa, laatikostojen etulevyiss\u00e4, keitti\u00f6kaappien v\u00e4litilassa (kyll\u00e4: ne kest\u00e4v\u00e4t vesiroiskeita), kylpyhuoneessa, hyllyn\/ vitriinin taustalevyss\u00e4, amerikanarkun tai matkalaukun ulko-\/ sis\u00e4puolella, tai jopa kes\u00e4terassin kalusteissa!\u00a0\u00a0 Yksi arkki 7,50 \u20ac\u00a0 \u00a0 \u00a0 \u00a0 \u00a0 \u00a0 \u00a0 \u00a0 \u00a0\u2026","rel":"","context":"Samankaltainen artikkeli","block_context":{"text":"Samankaltainen artikkeli","link":""},"img":{"alt_text":"","src":"","width":0,"height":0},"classes":[]},{"id":2,"url":"https:\/\/puuhamari.fi\/?page_id=2","url_meta":{"origin":5578,"position":4},"title":"Toimitus-\/ palautusehdot","author":"PuuhaMari","date":"1 syyskuun, 2021","format":false,"excerpt":"Verkkokaupantoimituskulut lyhyesti: Postipaketti\u00a08,90 \u20ac.Postin kotiinkuljetus 22,90 \u20ac.Matkahuollon paketti 8,90 \u20ac.Matkahuollon kotijakelu 22,90 \u20ac. Nouto PuuhaMarin Putiikilta Porissa 0 \u20ac.Porin l\u00e4hialueella (max 15 km) kotiinkuljetus 8,90 \u20ac.Yli 100 \u20ac tilauksille ilmaiset toimitukset!(Ei koske Postin tai Matkahuollon kotiinkuljetuksena tilattuja paketteja.) \u00a0 YLEIST\u00c4 VERKKOKAUPASTA T\u00e4t\u00e4 verkkokauppaa yll\u00e4pit\u00e4\u00e4, ja sen tuotteita myy porilaisen puolip\u00f6hk\u00f6n\u2026","rel":"","context":"Samankaltainen artikkeli","block_context":{"text":"Samankaltainen artikkeli","link":""},"img":{"alt_text":"","src":"https:\/\/i0.wp.com\/puuhamari.fi\/wp-content\/uploads\/2021\/09\/TAUSTATON-Bitmoji_lahetys_paketti_liukuhihna-removebg-preview.png?resize=350%2C200&ssl=1","width":350,"height":200,"srcset":"https:\/\/i0.wp.com\/puuhamari.fi\/wp-content\/uploads\/2021\/09\/TAUSTATON-Bitmoji_lahetys_paketti_liukuhihna-removebg-preview.png?resize=350%2C200&ssl=1 1x, https:\/\/i0.wp.com\/puuhamari.fi\/wp-content\/uploads\/2021\/09\/TAUSTATON-Bitmoji_lahetys_paketti_liukuhihna-removebg-preview.png?resize=525%2C300&ssl=1 1.5x"},"classes":[]}],"jetpack_shortlink":"https:\/\/wp.me\/PbYG8K-1rY","_links":{"self":[{"href":"https:\/\/puuhamari.fi\/index.php?rest_route=\/wp\/v2\/pages\/5578","targetHints":{"allow":["GET"]}}],"collection":[{"href":"https:\/\/puuhamari.fi\/index.php?rest_route=\/wp\/v2\/pages"}],"about":[{"href":"https:\/\/puuhamari.fi\/index.php?rest_route=\/wp\/v2\/types\/page"}],"author":[{"embeddable":true,"href":"https:\/\/puuhamari.fi\/index.php?rest_route=\/wp\/v2\/users\/1"}],"replies":[{"embeddable":true,"href":"https:\/\/puuhamari.fi\/index.php?rest_route=%2Fwp%2Fv2%2Fcomments&post=5578"}],"version-history":[{"count":3,"href":"https:\/\/puuhamari.fi\/index.php?rest_route=\/wp\/v2\/pages\/5578\/revisions"}],"predecessor-version":[{"id":7441,"href":"https:\/\/puuhamari.fi\/index.php?rest_route=\/wp\/v2\/pages\/5578\/revisions\/7441"}],"wp:featuredmedia":[{"embeddable":true,"href":"https:\/\/puuhamari.fi\/index.php?rest_route=\/wp\/v2\/media\/5579"}],"wp:attachment":[{"href":"https:\/\/puuhamari.fi\/index.php?rest_route=%2Fwp%2Fv2%2Fmedia&parent=5578"}],"curies":[{"name":"wp","href":"https:\/\/api.w.org\/{rel}","templated":true}]}}