{"id":7,"date":"2020-05-06T16:05:21","date_gmt":"2020-05-06T16:05:21","guid":{"rendered":"https:\/\/puuhatarhanputiikki.fi\/?page_id=7"},"modified":"2021-09-08T10:44:53","modified_gmt":"2021-09-08T10:44:53","slug":"ostoskori","status":"publish","type":"page","link":"https:\/\/puuhamari.fi\/?page_id=7","title":{"rendered":"Ostoskori"},"content":{"rendered":"\n<p><\/p>\n\n\n<div class=\"woocommerce\"><div class=\"woocommerce-notices-wrapper\"><\/div><div class=\"wc-empty-cart-message\">\n\t<div class=\"cart-empty woocommerce-info\" role=\"status\">\n\t\tOstoskori on tyhj\u00e4.\t<\/div>\n<\/div>\t<p class=\"return-to-shop\">\n\t\t<a class=\"button wc-backward\" href=\"https:\/\/puuhamari.fi\/\">\n\t\t\tTakaisin kauppaan\t\t<\/a>\n\t<\/p>\n<\/div>\n","protected":false},"excerpt":{"rendered":"","protected":false},"author":1,"featured_media":0,"parent":0,"menu_order":4,"comment_status":"closed","ping_status":"closed","template":"","meta":{"advgb_blocks_editor_width":"","advgb_blocks_columns_visual_guide":"","advanced_seo_description":"","jetpack_seo_html_title":"","jetpack_seo_noindex":false,"_kad_post_transparent":"","_kad_post_title":"","_kad_post_layout":"","_kad_post_sidebar_id":"","_kad_post_content_style":"","_kad_post_vertical_padding":"","_kad_post_feature":"","_kad_post_feature_position":"","_kad_post_header":false,"_kad_post_footer":false,"_kad_post_classname":"","jetpack_post_was_ever_published":false,"footnotes":""},"class_list":["post-7","page","type-page","status-publish","hentry"],"coauthors":[],"author_meta":{"author_link":"https:\/\/puuhamari.fi\/?author=1","display_name":"PuuhaMari"},"relative_dates":{"created":"Julkaistu 6 vuotta sitten","modified":"P\u00e4ivitetty 5 vuotta sitten"},"absolute_dates":{"created":"Julkaistu 6 toukokuun, 2020","modified":"P\u00e4ivitetty 8 syyskuun, 2021"},"absolute_dates_time":{"created":"Julkaistu 6 toukokuun, 2020 4:05 pm","modified":"P\u00e4ivitetty 8 syyskuun, 2021 10:44 am"},"featured_img_caption":"","featured_img":false,"series_order":"","jetpack_sharing_enabled":true,"jetpack_likes_enabled":true,"jetpack-related-posts":[{"id":2,"url":"https:\/\/puuhamari.fi\/?page_id=2","url_meta":{"origin":7,"position":0},"title":"Toimitus-\/ palautusehdot","author":"PuuhaMari","date":"1 syyskuun, 2021","format":false,"excerpt":"Verkkokaupantoimituskulut lyhyesti: Postipaketti\u00a08,90 \u20ac.Postin kotiinkuljetus 22,90 \u20ac.Matkahuollon paketti 8,90 \u20ac.Matkahuollon kotijakelu 22,90 \u20ac. Nouto PuuhaMarin Putiikilta Porissa 0 \u20ac.Porin l\u00e4hialueella (max 15 km) kotiinkuljetus 8,90 \u20ac.Yli 100 \u20ac tilauksille ilmaiset toimitukset!(Ei koske Postin tai Matkahuollon kotiinkuljetuksena tilattuja paketteja.) \u00a0 YLEIST\u00c4 VERKKOKAUPASTA T\u00e4t\u00e4 verkkokauppaa yll\u00e4pit\u00e4\u00e4, ja sen tuotteita myy porilaisen puolip\u00f6hk\u00f6n\u2026","rel":"","context":"Samankaltainen artikkeli","block_context":{"text":"Samankaltainen artikkeli","link":""},"img":{"alt_text":"","src":"https:\/\/i0.wp.com\/puuhamari.fi\/wp-content\/uploads\/2021\/09\/TAUSTATON-Bitmoji_lahetys_paketti_liukuhihna-removebg-preview.png?resize=350%2C200&ssl=1","width":350,"height":200,"srcset":"https:\/\/i0.wp.com\/puuhamari.fi\/wp-content\/uploads\/2021\/09\/TAUSTATON-Bitmoji_lahetys_paketti_liukuhihna-removebg-preview.png?resize=350%2C200&ssl=1 1x, https:\/\/i0.wp.com\/puuhamari.fi\/wp-content\/uploads\/2021\/09\/TAUSTATON-Bitmoji_lahetys_paketti_liukuhihna-removebg-preview.png?resize=525%2C300&ssl=1 1.5x"},"classes":[]}],"jetpack_shortlink":"https:\/\/wp.me\/PbYG8K-7","_links":{"self":[{"href":"https:\/\/puuhamari.fi\/index.php?rest_route=\/wp\/v2\/pages\/7","targetHints":{"allow":["GET"]}}],"collection":[{"href":"https:\/\/puuhamari.fi\/index.php?rest_route=\/wp\/v2\/pages"}],"about":[{"href":"https:\/\/puuhamari.fi\/index.php?rest_route=\/wp\/v2\/types\/page"}],"author":[{"embeddable":true,"href":"https:\/\/puuhamari.fi\/index.php?rest_route=\/wp\/v2\/users\/1"}],"replies":[{"embeddable":true,"href":"https:\/\/puuhamari.fi\/index.php?rest_route=%2Fwp%2Fv2%2Fcomments&post=7"}],"version-history":[{"count":0,"href":"https:\/\/puuhamari.fi\/index.php?rest_route=\/wp\/v2\/pages\/7\/revisions"}],"wp:attachment":[{"href":"https:\/\/puuhamari.fi\/index.php?rest_route=%2Fwp%2Fv2%2Fmedia&parent=7"}],"curies":[{"name":"wp","href":"https:\/\/api.w.org\/{rel}","templated":true}]}}