{"id":10004,"date":"2025-08-14T14:48:05","date_gmt":"2025-08-14T11:48:05","guid":{"rendered":"https:\/\/puuhamari.fi\/?post_type=product&#038;p=10004"},"modified":"2025-11-26T17:13:14","modified_gmt":"2025-11-26T15:13:14","slug":"ultra-guard-matta-viimeistelyaine","status":"publish","type":"product","link":"https:\/\/puuhamari.fi\/?product=ultra-guard-matta-viimeistelyaine","title":{"rendered":"Ultra Guard &#8211; SUPERMATTA viimeistelyaine"},"content":{"rendered":"<p><iframe title=\"\u2728Introducing Ultra Guard by Fusion Mineral Paint!\" width=\"563\" height=\"1000\" src=\"https:\/\/www.youtube.com\/embed\/6GCLA1Y9Zeo?feature=oembed\" frameborder=\"0\" allow=\"accelerometer; autoplay; clipboard-write; encrypted-media; gyroscope; picture-in-picture; web-share\" referrerpolicy=\"strict-origin-when-cross-origin\" allowfullscreen><\/iframe><\/p>\n<p>&nbsp;<\/p>\n<h6><span style=\"text-decoration: underline;\">Tee n\u00e4in niin saat lopputulokseksi upean, tasaisen pinnan:<\/span><\/h6>\n<ol>\n<li>Levit\u00e4 puhtaalla, synteettisell\u00e4 pensselill\u00e4 kaksi kerrosta <em>(paljaalle puulle kolme krs)<\/em><\/li>\n<li>Hio kerrosten v\u00e4lill\u00e4 karkeudella 220 <em>(paljas puu ei t\u00e4t\u00e4 kaipaa 1. ja 2. krs:en v\u00e4liss\u00e4)<\/em><\/li>\n<li>Kuivumisajoista:<br \/>\n<strong>Kuivumisaika<\/strong> kerrosten v\u00e4lill\u00e4 on 3 h, jos ET aio tehd\u00e4 v\u00e4lihiontaa. Mutta mik\u00e4li haluat erityisen upean, sile\u00e4n pinnan anna Ultra Guardin kuivua 6-8 h ennen kuin hiot sit\u00e4. <em>(My\u00f6s jos aikaa ehtii kulua yli 48 h, tee kevyt uudelleenhionta (220) ennen seuraavaa kerrosta.)<\/em><\/li>\n<li>Anna lopullisesti valmiin pinnan lev\u00e4t\u00e4 viel\u00e4 24 h, ennenkuin otat kalusteen hell\u00e4varaiseen k\u00e4ytt\u00f6\u00f6n<\/li>\n<li>Aineen varsinainen <strong>kovettuminen<\/strong> tapahtuu 7-10 p\u00e4iv\u00e4ss\u00e4<\/li>\n<\/ol>\n<p>&nbsp;<\/p>\n","protected":false},"excerpt":{"rendered":"<p><span style=\"color: #000000;\"><strong>Ultra Guard = tummien s\u00e4vyjen paras yst\u00e4v\u00e4!<br \/>\n<\/strong><\/span>T\u00e4ll\u00e4 sivulla SUPERMATTA -versio. Jos haluat Ultra Guard SATIINI -kiiltoastetta, <a href=\"https:\/\/puuhamari.fi\/?product=ultra-guard-satiini-viimeistelyaine\">hanki sit\u00e4 t\u00e4\u00e4lt\u00e4.<\/a><br \/>\nPurkin koko: 473 ml.\u00a0 Purkin riittoisuus: 6m\u00b2.<br \/>\nEi sovellu ulkokalusteiden viimeistelyyn; k\u00e4yt\u00e4 niiss\u00e4 <a href=\"https:\/\/puuhamari.fi\/?product=tough-coat-pinnoite-matta\">Fusionin Tough Coat:ia<\/a> <em>(matta tai kiilt\u00e4v\u00e4)<\/em>.<\/p>\n<p>Fusion Mineral Paint on kehitt\u00e4nyt t\u00e4m\u00e4n viimeistelyaineen aivan erityinen haaste mieless\u00e4\u00e4n: tummien maalis\u00e4vyjen p\u00e4\u00e4ll\u00e4 usein erottuva, vesiliukoisten viimeistelyaineiden j\u00e4tt\u00e4m\u00e4 sameus\/raidat. Ultra Guard:in\u00a0 ainutlaatuinen koostumus takaa kirkkaan, sile\u00e4n ja ammattimaisen lopputuloksen, joka houkuttelee esiin mineraalimaalien oman, sis\u00e4isen syvyyden ja intensiteetin.<\/p>\n<p>Ja mik\u00e4 parasta &#8211; Ultra Guard on my\u00f6s vesipohjainen, ja sellaisena siis perinteisi\u00e4 liuotinpohjaisia tuotteita <em>(lakka yms.)<\/em> turvallisempi, v\u00e4h\u00e4p\u00e4\u00e4st\u00f6isempi ja mukavampi k\u00e4ytt\u00e4\u00e4 sis\u00e4tiloissa. Lue k\u00e4ytt\u00f6ohjeet alla olevan videon alapuolelta. Lis\u00e4informaatiota l\u00f6yd\u00e4t my\u00f6s <a href=\"https:\/\/puuhamari.fi\/?p=10019\">verkkokaupan blogista!<\/a><\/p>\n<p><span style=\"color: #b00e26;\"><strong><span style=\"text-decoration: underline;\">Huomaa t\u00e4m\u00e4: j\u00e4\u00e4tyminen heikent\u00e4\u00e4 Ultra Guardin laatua!<\/span><\/strong>\u00a0 Talvikuukausina tuotteen toimitus voi olla rajoitettua kylmien l\u00e4mp\u00f6tilojen vuoksi. PuuhaMari suosittelee siis hankkimaan tarvitsemasi purkkim\u00e4\u00e4r\u00e4n jo alkusyksyll\u00e4&#8230;<\/span> <span class=\"x1xsqp64 xiy17q3 x1o6pynw x19co3pv xdj266r xjn30re xat24cr x1hb08if x2b8uid\" data-testid=\"emoji\"><span class=\"xexx8yu xcaqkgz x18d9i69 xbwkkl7 x3jgonx x1bhl96m\">\u2764\ufe0f<\/span><\/span><\/p>\n","protected":false},"author":1,"featured_media":10009,"comment_status":"open","ping_status":"closed","template":"","meta":{"advgb_blocks_editor_width":"","advgb_blocks_columns_visual_guide":"","advanced_seo_description":"","jetpack_seo_html_title":"","jetpack_seo_noindex":false,"_kad_post_transparent":"default","_kad_post_title":"","_kad_post_layout":"default","_kad_post_sidebar_id":"","_kad_post_content_style":"default","_kad_post_vertical_padding":"default","_kad_post_feature":"","_kad_post_feature_position":"","_kad_post_header":false,"_kad_post_footer":false,"_kad_post_classname":"","jetpack_post_was_ever_published":false},"product_brand":[],"product_cat":[310],"product_tag":[330,1367,1366,1369,1368,328,329],"class_list":{"0":"post-10004","1":"product","2":"type-product","3":"status-publish","4":"has-post-thumbnail","6":"product_cat-muut-fusion-valmisteet","7":"product_tag-matta","8":"product_tag-polyuretaani","9":"product_tag-ultra-guard","10":"product_tag-vesiliukoinen","11":"product_tag-vesipohjainen","12":"product_tag-viimeistelyaine","13":"product_tag-viimeistelypinnoite","15":"first","16":"instock","17":"taxable","18":"shipping-taxable","19":"purchasable","20":"product-type-simple","21":"entry","22":"content-bg","23":"loop-entry"},"featured_img":"https:\/\/puuhamari.fi\/wp-content\/uploads\/2025\/08\/Ultra-Guard-FlatPoly-437mLCAN-b.jpg","coauthors":[],"author_meta":{"author_link":"https:\/\/puuhamari.fi\/?author=1","display_name":"PuuhaMari"},"relative_dates":{"created":"Julkaistu 8 kuukautta sitten","modified":"P\u00e4ivitetty 5 kuukautta sitten"},"absolute_dates":{"created":"Julkaistu 14 elokuun, 2025","modified":"P\u00e4ivitetty 26 marraskuun, 2025"},"absolute_dates_time":{"created":"Julkaistu 14 elokuun, 2025 2:48 pm","modified":"P\u00e4ivitetty 26 marraskuun, 2025 5:13 pm"},"featured_img_caption":"","tax_additional":{"product_brand":{"linked":[],"unlinked":[],"slug":"product_brand","name":"Br\u00e4ndit"},"product_type":{"linked":["<a href=\"https:\/\/puuhamari.fi\/?taxonomy=product_type&#038;term=simple\" class=\"advgb-post-tax-term\">simple<\/a>"],"unlinked":["<span class=\"advgb-post-tax-term\">simple<\/span>"],"slug":"product_type","name":"Tuotetyyppi"},"product_visibility":{"linked":[],"unlinked":[],"slug":"product_visibility","name":"Tuotteen n\u00e4kyvyys"},"product_cat":{"linked":["<a href=\"https:\/\/puuhamari.fi\/?product_cat=muut-fusion-valmisteet\" class=\"advgb-post-tax-term\">Muut Fusion-valmisteet<\/a>"],"unlinked":["<span class=\"advgb-post-tax-term\">Muut Fusion-valmisteet<\/span>"],"slug":"product_cat","name":"Osastot"},"product_tag":{"linked":["<a href=\"https:\/\/puuhamari.fi\/?product_tag=matta\" class=\"advgb-post-tax-term\">Matta<\/a>","<a href=\"https:\/\/puuhamari.fi\/?product_tag=polyuretaani\" class=\"advgb-post-tax-term\">polyuretaani<\/a>","<a href=\"https:\/\/puuhamari.fi\/?product_tag=ultra-guard\" class=\"advgb-post-tax-term\">Ultra Guard<\/a>","<a href=\"https:\/\/puuhamari.fi\/?product_tag=vesiliukoinen\" class=\"advgb-post-tax-term\">vesiliukoinen<\/a>","<a href=\"https:\/\/puuhamari.fi\/?product_tag=vesipohjainen\" class=\"advgb-post-tax-term\">vesipohjainen<\/a>","<a href=\"https:\/\/puuhamari.fi\/?product_tag=viimeistelyaine\" class=\"advgb-post-tax-term\">Viimeistelyaine<\/a>","<a href=\"https:\/\/puuhamari.fi\/?product_tag=viimeistelypinnoite\" class=\"advgb-post-tax-term\">Viimeistelypinnoite<\/a>"],"unlinked":["<span class=\"advgb-post-tax-term\">Matta<\/span>","<span class=\"advgb-post-tax-term\">polyuretaani<\/span>","<span class=\"advgb-post-tax-term\">Ultra Guard<\/span>","<span class=\"advgb-post-tax-term\">vesiliukoinen<\/span>","<span class=\"advgb-post-tax-term\">vesipohjainen<\/span>","<span class=\"advgb-post-tax-term\">Viimeistelyaine<\/span>","<span class=\"advgb-post-tax-term\">Viimeistelypinnoite<\/span>"],"slug":"product_tag","name":"Avainsanat tuotteelle"},"product_shipping_class":{"linked":[],"unlinked":[],"slug":"product_shipping_class","name":"Tuotteen toimitusluokat"},"pos_product_visibility":{"linked":[],"unlinked":[],"slug":"pos_product_visibility","name":"POS Product visibility"},"pa_arkin-koko":{"linked":[],"unlinked":[],"slug":"pa_arkin-koko","name":"Tuote Arkin koko"},"pa_hiomatyynyn-karkeus":{"linked":[],"unlinked":[],"slug":"pa_hiomatyynyn-karkeus","name":"Tuote Hiomatyynyn karkeus"},"pa_kehys":{"linked":[],"unlinked":[],"slug":"pa_kehys","name":"Tuote Kehys"},"pa_kuvion-nro":{"linked":[],"unlinked":[],"slug":"pa_kuvion-nro","name":"Tuote Kuvion nro"},"pa_littean-pensselin-koko":{"linked":[],"unlinked":[],"slug":"pa_littean-pensselin-koko","name":"Tuote Litte\u00e4n pensselin koko"},"pa_maalivari":{"linked":[],"unlinked":[],"slug":"pa_maalivari","name":"Tuote Maaliv\u00e4ri"},"pa_palatapettien-lkm":{"linked":[],"unlinked":[],"slug":"pa_palatapettien-lkm","name":"Tuote Palatapettien lkm"},"pa_purkin-koko":{"linked":["<a href=\"https:\/\/puuhamari.fi\/?taxonomy=pa_purkin-koko&#038;term=473-ml\" class=\"advgb-post-tax-term\">473 ml<\/a>"],"unlinked":["<span class=\"advgb-post-tax-term\">473 ml<\/span>"],"slug":"pa_purkin-koko","name":"Tuote Purkin koko"},"pa_sapluunan-koko":{"linked":[],"unlinked":[],"slug":"pa_sapluunan-koko","name":"Tuote Sapluunan koko"},"pa_tabletti":{"linked":[],"unlinked":[],"slug":"pa_tabletti","name":"Tuote Tabletti"},"pa_valitse-sisalto":{"linked":[],"unlinked":[],"slug":"pa_valitse-sisalto","name":"Tuote Valitse sis\u00e4lt\u00f6"},"pa_varjostin":{"linked":[],"unlinked":[],"slug":"pa_varjostin","name":"Tuote Varjostin"}},"series_order":"","jetpack_sharing_enabled":true,"jetpack_likes_enabled":true,"jetpack-related-posts":[{"id":10188,"url":"https:\/\/puuhamari.fi\/?product=ultra-guard-satiini-viimeistelyaine","url_meta":{"origin":10004,"position":0},"title":"Ultra Guard &#8211; SATIINI viimeistelyaine","author":"PuuhaMari","date":"15 syyskuun, 2025","format":false,"excerpt":"Ultra Guard = tummien s\u00e4vyjen paras yst\u00e4v\u00e4! T\u00e4ll\u00e4 sivulla SATIINI -kiiltoversio. Jos haluat Ultra Guardisi SUPERMATTANA, hanki sit\u00e4 t\u00e4\u00e4lt\u00e4. Purkin koko: 473 ml.\u00a0 Purkin riittoisuus: 6m\u00b2. Ei sovellu ulkokalusteiden viimeistelyyn; k\u00e4yt\u00e4 niiss\u00e4 Fusionin Tough Coat:ia (matta tai kiilt\u00e4v\u00e4). Fusion Mineral Paint on kehitt\u00e4nyt t\u00e4m\u00e4n viimeistelyaineen aivan erityinen haaste mieless\u00e4\u00e4n: tummien\u2026","rel":"","context":"Samankaltainen artikkeli","block_context":{"text":"Samankaltainen artikkeli","link":""},"img":{"alt_text":"","src":"https:\/\/i0.wp.com\/puuhamari.fi\/wp-content\/uploads\/2025\/09\/Ultra-Guard-SatinPoly-437mLCAN-b.jpg?fit=1200%2C1200&ssl=1&resize=350%2C200","width":350,"height":200,"srcset":"https:\/\/i0.wp.com\/puuhamari.fi\/wp-content\/uploads\/2025\/09\/Ultra-Guard-SatinPoly-437mLCAN-b.jpg?fit=1200%2C1200&ssl=1&resize=350%2C200 1x, https:\/\/i0.wp.com\/puuhamari.fi\/wp-content\/uploads\/2025\/09\/Ultra-Guard-SatinPoly-437mLCAN-b.jpg?fit=1200%2C1200&ssl=1&resize=525%2C300 1.5x, https:\/\/i0.wp.com\/puuhamari.fi\/wp-content\/uploads\/2025\/09\/Ultra-Guard-SatinPoly-437mLCAN-b.jpg?fit=1200%2C1200&ssl=1&resize=700%2C400 2x, https:\/\/i0.wp.com\/puuhamari.fi\/wp-content\/uploads\/2025\/09\/Ultra-Guard-SatinPoly-437mLCAN-b.jpg?fit=1200%2C1200&ssl=1&resize=1050%2C600 3x"},"classes":[]},{"id":10629,"url":"https:\/\/puuhamari.fi\/?product=tuunauspassi-keraa-kaikki-5-leimaa","url_meta":{"origin":10004,"position":1},"title":"Tuunauspassi\u2122 \u2013 ker\u00e4\u00e4 kaikki 5 leimaa","author":"PuuhaMari","date":"20 tammikuun, 2026","format":false,"excerpt":"Seuraavan Tuunauspassikurssin ajankohta: Tiedustelut PuuhaMarilta nrosta 050-541 6919. Paikka: PuuhaMarin Putiikki, Pori Kesto: 5 iltaa x 2h = yht. 10 h Max. 6 osallistujaa\/kurssi Sis\u00e4lt\u00e4\u00e4 kahvi\/tee\/napostelu -tarjoilun Haluatko oppia maalaamaan ja tuunaamaan huonekaluja niin, ett\u00e4 lopputulos on kaunis, kest\u00e4v\u00e4 ja ammattimaisen n\u00e4k\u00f6inen? Tuunauspassi\u2122 on PuuhaMarin uusi, viiden illan kalustemaalauskurssi, jossa\u2026","rel":"","context":"Samankaltainen artikkeli","block_context":{"text":"Samankaltainen artikkeli","link":""},"img":{"alt_text":"","src":"https:\/\/i0.wp.com\/puuhamari.fi\/wp-content\/uploads\/2026\/01\/Tuunauspassi.png?fit=1080%2C1080&ssl=1&resize=350%2C200","width":350,"height":200,"srcset":"https:\/\/i0.wp.com\/puuhamari.fi\/wp-content\/uploads\/2026\/01\/Tuunauspassi.png?fit=1080%2C1080&ssl=1&resize=350%2C200 1x, https:\/\/i0.wp.com\/puuhamari.fi\/wp-content\/uploads\/2026\/01\/Tuunauspassi.png?fit=1080%2C1080&ssl=1&resize=525%2C300 1.5x, https:\/\/i0.wp.com\/puuhamari.fi\/wp-content\/uploads\/2026\/01\/Tuunauspassi.png?fit=1080%2C1080&ssl=1&resize=700%2C400 2x, https:\/\/i0.wp.com\/puuhamari.fi\/wp-content\/uploads\/2026\/01\/Tuunauspassi.png?fit=1080%2C1080&ssl=1&resize=1050%2C600 3x"},"classes":[]},{"id":3230,"url":"https:\/\/puuhamari.fi\/?product=ultra-grip-tartunta-aine","url_meta":{"origin":10004,"position":2},"title":"Ultra Grip -tartunta-aine","author":"PuuhaMari","date":"18 huhtikuun, 2022","format":false,"excerpt":"Onko maalauskohteesi hankala tapaus? Keitti\u00f6kaapin ovi, jota ei voi hioa tai edes karhentaa? Korkeakiiltoinen pinta? Sellaisia tapauksia varten on kehitetty Fusion Ultra Grip: esim. melamiinin, laminaatin ja thermofoilin maalaamisessa auttamaan. Myrkyt\u00f6n, vesiliukoinen Ultra Grip tekee mahdottoman maalaamisesta mahdollista! (Ai mit\u00e4 on thermofoil? PuuhaMari ei ole l\u00f6yt\u00e4nyt sille suomenkielist\u00e4 sanaa, mutta\u2026","rel":"","context":"Samankaltainen artikkeli","block_context":{"text":"Samankaltainen artikkeli","link":""},"img":{"alt_text":"","src":"https:\/\/i0.wp.com\/puuhamari.fi\/wp-content\/uploads\/2022\/04\/fusion_mineral_paint-ultragrip-b.jpg?fit=1200%2C1200&ssl=1&resize=350%2C200","width":350,"height":200,"srcset":"https:\/\/i0.wp.com\/puuhamari.fi\/wp-content\/uploads\/2022\/04\/fusion_mineral_paint-ultragrip-b.jpg?fit=1200%2C1200&ssl=1&resize=350%2C200 1x, https:\/\/i0.wp.com\/puuhamari.fi\/wp-content\/uploads\/2022\/04\/fusion_mineral_paint-ultragrip-b.jpg?fit=1200%2C1200&ssl=1&resize=525%2C300 1.5x, https:\/\/i0.wp.com\/puuhamari.fi\/wp-content\/uploads\/2022\/04\/fusion_mineral_paint-ultragrip-b.jpg?fit=1200%2C1200&ssl=1&resize=700%2C400 2x, https:\/\/i0.wp.com\/puuhamari.fi\/wp-content\/uploads\/2022\/04\/fusion_mineral_paint-ultragrip-b.jpg?fit=1200%2C1200&ssl=1&resize=1050%2C600 3x"},"classes":[]},{"id":4877,"url":"https:\/\/puuhamari.fi\/?product=decoupage-transfer-gel","url_meta":{"origin":10004,"position":3},"title":"Decoupage &#038; Transfer Gel","author":"PuuhaMari","date":"28 syyskuun, 2022","format":false,"excerpt":"Tehokas, matta 2-in-1 kiinnitysgeeli: 1) decoupage-tekniikkaan 2) lasertulostimella tulostettujen kuvien siirt\u00e4miseen mm. kankaalle, metalliin, puuhun, keraamisiin ruukkuihin. Ei sovellu \u00f6ljytyille eik\u00e4 vahatuille pinnoille. Sivele geeli\u00e4 ohuelti pensselill\u00e4 sek\u00e4 koristeltavan kalusteen\/esineen pintaan, ett\u00e4 kuviointipaperiisi. Decoupage ty\u00f6 kannattaa my\u00f6s viimeistell\u00e4 t\u00e4ll\u00e4 geelill\u00e4. Kuivumisaika 2-6 h, saavuttaa lopullisen kovuuden noin 21 p\u00e4iv\u00e4ss\u00e4. LASERTULOSTIMELLA\u2026","rel":"","context":"With 1 comment","block_context":{"text":"With 1 comment","link":"https:\/\/puuhamari.fi\/?product=decoupage-transfer-gel#comments"},"img":{"alt_text":"","src":"https:\/\/i0.wp.com\/puuhamari.fi\/wp-content\/uploads\/2022\/09\/Decoupage_and_Transfer_Gel_HR_220308_0419-B.jpg?fit=1200%2C1199&ssl=1&resize=350%2C200","width":350,"height":200,"srcset":"https:\/\/i0.wp.com\/puuhamari.fi\/wp-content\/uploads\/2022\/09\/Decoupage_and_Transfer_Gel_HR_220308_0419-B.jpg?fit=1200%2C1199&ssl=1&resize=350%2C200 1x, https:\/\/i0.wp.com\/puuhamari.fi\/wp-content\/uploads\/2022\/09\/Decoupage_and_Transfer_Gel_HR_220308_0419-B.jpg?fit=1200%2C1199&ssl=1&resize=525%2C300 1.5x, https:\/\/i0.wp.com\/puuhamari.fi\/wp-content\/uploads\/2022\/09\/Decoupage_and_Transfer_Gel_HR_220308_0419-B.jpg?fit=1200%2C1199&ssl=1&resize=700%2C400 2x, https:\/\/i0.wp.com\/puuhamari.fi\/wp-content\/uploads\/2022\/09\/Decoupage_and_Transfer_Gel_HR_220308_0419-B.jpg?fit=1200%2C1199&ssl=1&resize=1050%2C600 3x"},"classes":[]},{"id":9163,"url":"https:\/\/puuhamari.fi\/?product=fusion-levityssieni","url_meta":{"origin":10004,"position":4},"title":"Fusion levityssieni","author":"PuuhaMari","date":"31 lokakuun, 2024","format":false,"excerpt":"Ergonomisella kahvalla varustettu sieni tarjoaa lis\u00e4vakautta ja helppoutta Tough Coat -viimeistelyainetta levitett\u00e4ess\u00e4.\u00a0 Sienen halkaisija on 10 cm. Yksi sieni per paketti. Tough Coat on helpoin kaataa kertak\u00e4ytt\u00f6lautaselle. Kostuta sieni vedell\u00e4, purista kuivaksi ja dippaa se vaaka-asennossa Tough Coat -aineeseen. Aloita projektisi yhdest\u00e4 p\u00e4\u00e4st\u00e4 ja pyyhk\u00e4ise tasaisin vedoin aina samaan suuntaan.\u2026","rel":"","context":"Samankaltainen artikkeli","block_context":{"text":"Samankaltainen artikkeli","link":""},"img":{"alt_text":"","src":"https:\/\/i0.wp.com\/puuhamari.fi\/wp-content\/uploads\/2024\/10\/ToughCoatApplication-Sponges_600x.jpg?fit=600%2C563&ssl=1&resize=350%2C200","width":350,"height":200,"srcset":"https:\/\/i0.wp.com\/puuhamari.fi\/wp-content\/uploads\/2024\/10\/ToughCoatApplication-Sponges_600x.jpg?fit=600%2C563&ssl=1&resize=350%2C200 1x, https:\/\/i0.wp.com\/puuhamari.fi\/wp-content\/uploads\/2024\/10\/ToughCoatApplication-Sponges_600x.jpg?fit=600%2C563&ssl=1&resize=525%2C300 1.5x"},"classes":[]},{"id":5264,"url":"https:\/\/puuhamari.fi\/?product=extender-maalin-avoinnaolon-pidentaja","url_meta":{"origin":10004,"position":5},"title":"Extender &#8211; maalin avoinnaolon pident\u00e4j\u00e4","author":"PuuhaMari","date":"18 maaliskuun, 2023","format":false,"excerpt":"Tied\u00e4th\u00e4n silm\u00e4tipat, jotka kosteuttavat ja liukastavat silmi\u00e4? Extender on \"silm\u00e4tippoja maalillesi.\" Kun haluat pident\u00e4\u00e4 maalin nk. avoinnaoloaikaa (eli aikaa jonka sis\u00e4ll\u00e4 maali on kostean notkeaa, ja tottelee pensselin ohjausta). Kun tarvitset apua siveltimenj\u00e4lkien minimoimisessa. Esim. runsaasti Mica-pigmenttej\u00e4 sis\u00e4lt\u00e4vien metallimaalien kanssa. Kuiva ja\/tai l\u00e4mmin maalausilma saattaa j\u00e4ykist\u00e4\u00e4 maalin liian nopeasti, mutta\u2026","rel":"","context":"Samankaltainen artikkeli","block_context":{"text":"Samankaltainen artikkeli","link":""},"img":{"alt_text":"","src":"https:\/\/i0.wp.com\/puuhamari.fi\/wp-content\/uploads\/2023\/03\/Extender-White-HiRes-B.jpg?fit=1200%2C1200&ssl=1&resize=350%2C200","width":350,"height":200,"srcset":"https:\/\/i0.wp.com\/puuhamari.fi\/wp-content\/uploads\/2023\/03\/Extender-White-HiRes-B.jpg?fit=1200%2C1200&ssl=1&resize=350%2C200 1x, https:\/\/i0.wp.com\/puuhamari.fi\/wp-content\/uploads\/2023\/03\/Extender-White-HiRes-B.jpg?fit=1200%2C1200&ssl=1&resize=525%2C300 1.5x, https:\/\/i0.wp.com\/puuhamari.fi\/wp-content\/uploads\/2023\/03\/Extender-White-HiRes-B.jpg?fit=1200%2C1200&ssl=1&resize=700%2C400 2x, https:\/\/i0.wp.com\/puuhamari.fi\/wp-content\/uploads\/2023\/03\/Extender-White-HiRes-B.jpg?fit=1200%2C1200&ssl=1&resize=1050%2C600 3x"},"classes":[]}],"_links":{"self":[{"href":"https:\/\/puuhamari.fi\/index.php?rest_route=\/wp\/v2\/product\/10004","targetHints":{"allow":["GET"]}}],"collection":[{"href":"https:\/\/puuhamari.fi\/index.php?rest_route=\/wp\/v2\/product"}],"about":[{"href":"https:\/\/puuhamari.fi\/index.php?rest_route=\/wp\/v2\/types\/product"}],"replies":[{"embeddable":true,"href":"https:\/\/puuhamari.fi\/index.php?rest_route=%2Fwp%2Fv2%2Fcomments&post=10004"}],"version-history":[{"count":11,"href":"https:\/\/puuhamari.fi\/index.php?rest_route=\/wp\/v2\/product\/10004\/revisions"}],"predecessor-version":[{"id":10314,"href":"https:\/\/puuhamari.fi\/index.php?rest_route=\/wp\/v2\/product\/10004\/revisions\/10314"}],"wp:featuredmedia":[{"embeddable":true,"href":"https:\/\/puuhamari.fi\/index.php?rest_route=\/wp\/v2\/media\/10009"}],"wp:attachment":[{"href":"https:\/\/puuhamari.fi\/index.php?rest_route=%2Fwp%2Fv2%2Fmedia&parent=10004"}],"wp:term":[{"taxonomy":"product_brand","embeddable":true,"href":"https:\/\/puuhamari.fi\/index.php?rest_route=%2Fwp%2Fv2%2Fproduct_brand&post=10004"},{"taxonomy":"product_cat","embeddable":true,"href":"https:\/\/puuhamari.fi\/index.php?rest_route=%2Fwp%2Fv2%2Fproduct_cat&post=10004"},{"taxonomy":"product_tag","embeddable":true,"href":"https:\/\/puuhamari.fi\/index.php?rest_route=%2Fwp%2Fv2%2Fproduct_tag&post=10004"}],"curies":[{"name":"wp","href":"https:\/\/api.w.org\/{rel}","templated":true}]}}