{"id":10043,"date":"2025-08-15T16:44:27","date_gmt":"2025-08-15T13:44:27","guid":{"rendered":"https:\/\/puuhamari.fi\/?post_type=product&#038;p=10043"},"modified":"2026-02-25T18:54:07","modified_gmt":"2026-02-25T16:54:07","slug":"forest-fairies","status":"publish","type":"product","link":"https:\/\/puuhamari.fi\/?product=forest-fairies","title":{"rendered":"Siirtokuva Forest Fairies"},"content":{"rendered":"","protected":false},"excerpt":{"rendered":"<p>Mets\u00e4keijujen karkelot ovat alkamassa&#8230;<\/p>\n<p>N\u00e4it\u00e4 hillityiss\u00e4 v\u00e4reiss\u00e4 <em>(jotkin pelkki\u00e4 varjoja vain&#8230;)<\/em> esiintyvi\u00e4 keijuja, kukkia ja perhosia on t\u00e4ss\u00e4 setiss\u00e4 kokonaiset 36 kpl! Ne on jaettu kolmelle eri kalvolle, joista voit saksilla leikata erilleen kulloiseenkin projektiisi tarvitsemasi osat. Kukin kalvo on korkeudeltaan n. 30 cm, ja leveydelt\u00e4\u00e4n 15 cm.<\/p>\n<p>Suurin mets\u00e4keiju on n. 25 cm korkea ja 14 cm leve\u00e4, keltaiseen mekkoon pukeutunut keiju puolestaan n. 13,5 cm x 12 cm. Sormustinkukkien <em>(vaal.pun.)<\/em> mitat ovat n. 9 cm x 2,5 cm. Pikku taskukello on n. 3,5 cm x 2,5 cm.<\/p>\n","protected":false},"author":1,"featured_media":10044,"comment_status":"open","ping_status":"closed","template":"","meta":{"advgb_blocks_editor_width":"","advgb_blocks_columns_visual_guide":"","advanced_seo_description":"","jetpack_seo_html_title":"","jetpack_seo_noindex":false,"_kad_post_transparent":"default","_kad_post_title":"","_kad_post_layout":"default","_kad_post_sidebar_id":"","_kad_post_content_style":"default","_kad_post_vertical_padding":"default","_kad_post_feature":"","_kad_post_feature_position":"","_kad_post_header":false,"_kad_post_footer":false,"_kad_post_classname":"","jetpack_post_was_ever_published":false},"product_brand":[],"product_cat":[244],"product_tag":[702,1393,1392,291,1391,151,247,1182,245,246],"class_list":{"0":"post-10043","1":"product","2":"type-product","3":"status-publish","4":"has-post-thumbnail","6":"product_cat-siirtokuvat","7":"product_tag-keiju","8":"product_tag-korento","9":"product_tag-kukka-luonto","10":"product_tag-metsa","11":"product_tag-metsakeiju","12":"product_tag-perhonen","13":"product_tag-prima","14":"product_tag-redesign-with-prima","15":"product_tag-siirtokuva","16":"product_tag-transfer","18":"first","19":"instock","20":"taxable","21":"shipping-taxable","22":"purchasable","23":"product-type-simple","24":"entry","25":"content-bg","26":"loop-entry"},"featured_img":"https:\/\/puuhamari.fi\/wp-content\/uploads\/2025\/08\/Forest-Fairies-1.webp","coauthors":[],"author_meta":{"author_link":"https:\/\/puuhamari.fi\/?author=1","display_name":"PuuhaMari"},"relative_dates":{"created":"Julkaistu 8 kuukautta sitten","modified":"P\u00e4ivitetty 2 kuukautta sitten"},"absolute_dates":{"created":"Julkaistu 15 elokuun, 2025","modified":"P\u00e4ivitetty 25 helmikuun, 2026"},"absolute_dates_time":{"created":"Julkaistu 15 elokuun, 2025 4:44 pm","modified":"P\u00e4ivitetty 25 helmikuun, 2026 6:54 pm"},"featured_img_caption":"","tax_additional":{"product_brand":{"linked":[],"unlinked":[],"slug":"product_brand","name":"Br\u00e4ndit"},"product_type":{"linked":["<a href=\"https:\/\/puuhamari.fi\/?taxonomy=product_type&#038;term=simple\" class=\"advgb-post-tax-term\">simple<\/a>"],"unlinked":["<span class=\"advgb-post-tax-term\">simple<\/span>"],"slug":"product_type","name":"Tuotetyyppi"},"product_visibility":{"linked":[],"unlinked":[],"slug":"product_visibility","name":"Tuotteen n\u00e4kyvyys"},"product_cat":{"linked":["<a href=\"https:\/\/puuhamari.fi\/?product_cat=siirtokuvat\" class=\"advgb-post-tax-term\">Siirtokuvat<\/a>"],"unlinked":["<span class=\"advgb-post-tax-term\">Siirtokuvat<\/span>"],"slug":"product_cat","name":"Osastot"},"product_tag":{"linked":["<a href=\"https:\/\/puuhamari.fi\/?product_tag=keiju\" class=\"advgb-post-tax-term\">Keiju<\/a>","<a href=\"https:\/\/puuhamari.fi\/?product_tag=korento\" class=\"advgb-post-tax-term\">korento<\/a>","<a href=\"https:\/\/puuhamari.fi\/?product_tag=kukka-luonto\" class=\"advgb-post-tax-term\">kukka luonto<\/a>","<a href=\"https:\/\/puuhamari.fi\/?product_tag=metsa\" class=\"advgb-post-tax-term\">Mets\u00e4<\/a>","<a href=\"https:\/\/puuhamari.fi\/?product_tag=metsakeiju\" class=\"advgb-post-tax-term\">Mets\u00e4keiju<\/a>","<a href=\"https:\/\/puuhamari.fi\/?product_tag=perhonen\" class=\"advgb-post-tax-term\">Perhonen<\/a>","<a href=\"https:\/\/puuhamari.fi\/?product_tag=prima\" class=\"advgb-post-tax-term\">Prima<\/a>","<a href=\"https:\/\/puuhamari.fi\/?product_tag=redesign-with-prima\" class=\"advgb-post-tax-term\">Redesign with Prima<\/a>","<a href=\"https:\/\/puuhamari.fi\/?product_tag=siirtokuva\" class=\"advgb-post-tax-term\">Siirtokuva<\/a>","<a href=\"https:\/\/puuhamari.fi\/?product_tag=transfer\" class=\"advgb-post-tax-term\">Transfer<\/a>"],"unlinked":["<span class=\"advgb-post-tax-term\">Keiju<\/span>","<span class=\"advgb-post-tax-term\">korento<\/span>","<span class=\"advgb-post-tax-term\">kukka luonto<\/span>","<span class=\"advgb-post-tax-term\">Mets\u00e4<\/span>","<span class=\"advgb-post-tax-term\">Mets\u00e4keiju<\/span>","<span class=\"advgb-post-tax-term\">Perhonen<\/span>","<span class=\"advgb-post-tax-term\">Prima<\/span>","<span class=\"advgb-post-tax-term\">Redesign with Prima<\/span>","<span class=\"advgb-post-tax-term\">Siirtokuva<\/span>","<span class=\"advgb-post-tax-term\">Transfer<\/span>"],"slug":"product_tag","name":"Avainsanat tuotteelle"},"product_shipping_class":{"linked":[],"unlinked":[],"slug":"product_shipping_class","name":"Tuotteen toimitusluokat"},"pos_product_visibility":{"linked":[],"unlinked":[],"slug":"pos_product_visibility","name":"POS Product visibility"},"pa_arkin-koko":{"linked":[],"unlinked":[],"slug":"pa_arkin-koko","name":"Tuote Arkin koko"},"pa_hiomatyynyn-karkeus":{"linked":[],"unlinked":[],"slug":"pa_hiomatyynyn-karkeus","name":"Tuote Hiomatyynyn karkeus"},"pa_kehys":{"linked":[],"unlinked":[],"slug":"pa_kehys","name":"Tuote Kehys"},"pa_kuvion-nro":{"linked":[],"unlinked":[],"slug":"pa_kuvion-nro","name":"Tuote Kuvion nro"},"pa_littean-pensselin-koko":{"linked":[],"unlinked":[],"slug":"pa_littean-pensselin-koko","name":"Tuote Litte\u00e4n pensselin koko"},"pa_maalivari":{"linked":[],"unlinked":[],"slug":"pa_maalivari","name":"Tuote Maaliv\u00e4ri"},"pa_palatapettien-lkm":{"linked":[],"unlinked":[],"slug":"pa_palatapettien-lkm","name":"Tuote Palatapettien lkm"},"pa_purkin-koko":{"linked":[],"unlinked":[],"slug":"pa_purkin-koko","name":"Tuote Purkin koko"},"pa_sapluunan-koko":{"linked":[],"unlinked":[],"slug":"pa_sapluunan-koko","name":"Tuote Sapluunan koko"},"pa_tabletti":{"linked":[],"unlinked":[],"slug":"pa_tabletti","name":"Tuote Tabletti"},"pa_valitse-sisalto":{"linked":[],"unlinked":[],"slug":"pa_valitse-sisalto","name":"Tuote Valitse sis\u00e4lt\u00f6"},"pa_varjostin":{"linked":[],"unlinked":[],"slug":"pa_varjostin","name":"Tuote Varjostin"}},"series_order":"","jetpack_sharing_enabled":true,"jetpack_likes_enabled":true,"jetpack-related-posts":[{"id":10062,"url":"https:\/\/puuhamari.fi\/?product=siirtokuva-butterfly-oasis","url_meta":{"origin":10043,"position":0},"title":"Siirtokuva Butterfly Oasis","author":"PuuhaMari","date":"15 elokuun, 2025","format":false,"excerpt":"Perhosten keidas -siirtokuvan perhoset ja kukat ovat v\u00e4reilt\u00e4\u00e4n poikkeuksellisen kiehtovia! Pakkaus sis\u00e4lt\u00e4\u00e4 kaksi n. 90 cm x 30 cm kokoista, erilaisin kuvin varustettua kalvoa. Perhosia on yhteens\u00e4 17 erilaista, ja kasveja 15 kpl. Molempien kalvojen sis\u00e4lt\u00f6 n\u00e4kyy oheisessa tuotekuvassa. Erillisi\u00e4 kuvia on yhteens\u00e4 per\u00e4ti 32 kpl. Suurin, purppuranv\u00e4rinen perhonen on\u2026","rel":"","context":"With 1 comment","block_context":{"text":"With 1 comment","link":"https:\/\/puuhamari.fi\/?product=siirtokuva-butterfly-oasis#comments"},"img":{"alt_text":"","src":"https:\/\/i0.wp.com\/puuhamari.fi\/wp-content\/uploads\/2025\/08\/Butterfly-Oasis-1.webp?fit=896%2C896&ssl=1&resize=350%2C200","width":350,"height":200,"srcset":"https:\/\/i0.wp.com\/puuhamari.fi\/wp-content\/uploads\/2025\/08\/Butterfly-Oasis-1.webp?fit=896%2C896&ssl=1&resize=350%2C200 1x, https:\/\/i0.wp.com\/puuhamari.fi\/wp-content\/uploads\/2025\/08\/Butterfly-Oasis-1.webp?fit=896%2C896&ssl=1&resize=525%2C300 1.5x, https:\/\/i0.wp.com\/puuhamari.fi\/wp-content\/uploads\/2025\/08\/Butterfly-Oasis-1.webp?fit=896%2C896&ssl=1&resize=700%2C400 2x"},"classes":[]},{"id":7068,"url":"https:\/\/puuhamari.fi\/?product=siirtokuva-sunflower-afternoon","url_meta":{"origin":10043,"position":1},"title":"Siirtokuva Sunflower Afternoon","author":"PuuhaMari","date":"30 elokuun, 2023","format":false,"excerpt":"Upeat, uhkeat auringonkukat luovat ymp\u00e4rilleen v\u00e4lit\u00f6nt\u00e4 el\u00e4m\u00e4niloa, kauneutta ja tyytyv\u00e4isyytt\u00e4. Pakkaus sis\u00e4lt\u00e4\u00e4 kolme erilaisin kuvin varustettua kalvoa, joissa yhteens\u00e4 per\u00e4ti 22 siirtokuvaa. Kaikki 3 kalvoa ovat n\u00e4kyv\u00e4t oheisessa tuotekuvassa. Jokaisen yksitt\u00e4isen kalvon koko on n. 30,5 cm x 15 cm. Suurimman yksitt\u00e4iskukan halkaisija on n. 14 cm. Yhdell\u00e4 kalvoista olevan\u2026","rel":"","context":"With 1 comment","block_context":{"text":"With 1 comment","link":"https:\/\/puuhamari.fi\/?product=siirtokuva-sunflower-afternoon#comments"},"img":{"alt_text":"","src":"https:\/\/i0.wp.com\/puuhamari.fi\/wp-content\/uploads\/2023\/08\/2-b-3.png?fit=960%2C959&ssl=1&resize=350%2C200","width":350,"height":200,"srcset":"https:\/\/i0.wp.com\/puuhamari.fi\/wp-content\/uploads\/2023\/08\/2-b-3.png?fit=960%2C959&ssl=1&resize=350%2C200 1x, https:\/\/i0.wp.com\/puuhamari.fi\/wp-content\/uploads\/2023\/08\/2-b-3.png?fit=960%2C959&ssl=1&resize=525%2C300 1.5x, https:\/\/i0.wp.com\/puuhamari.fi\/wp-content\/uploads\/2023\/08\/2-b-3.png?fit=960%2C959&ssl=1&resize=700%2C400 2x"},"classes":[]},{"id":10049,"url":"https:\/\/puuhamari.fi\/?product=wild-flowers","url_meta":{"origin":10043,"position":2},"title":"Siirtokuva Wild Flowers","author":"PuuhaMari","date":"15 elokuun, 2025","format":false,"excerpt":"No nyt t\u00e4ytyy kyll\u00e4 sanoa, ett\u00e4 vaikka siirtokuvapaketin nimi on \"Villikukkia\", niin meid\u00e4n leveysasteillamme n\u00e4it\u00e4 ei kyll\u00e4 ihan villin\u00e4 n\u00e4e miss\u00e4\u00e4n...\u00a0Kyseess\u00e4 on Bougainvillea -suvun kasvi, joita Suomessa kutsutaan nimell\u00e4 ihmek\u00f6ynn\u00f6s! Se tuo kaunista v\u00e4ri\u00e4 ja kukintaa kotiisi - my\u00f6s t\u00e4llaisena koristeena kalusteissasi Paketti sis\u00e4lt\u00e4\u00e4 kolme kalvoa, joissa yhteens\u00e4 5 upeaa\u2026","rel":"","context":"Samankaltainen artikkeli","block_context":{"text":"Samankaltainen artikkeli","link":""},"img":{"alt_text":"","src":"https:\/\/i0.wp.com\/puuhamari.fi\/wp-content\/uploads\/2025\/08\/Wild-Flowers-1.webp?fit=896%2C896&ssl=1&resize=350%2C200","width":350,"height":200,"srcset":"https:\/\/i0.wp.com\/puuhamari.fi\/wp-content\/uploads\/2025\/08\/Wild-Flowers-1.webp?fit=896%2C896&ssl=1&resize=350%2C200 1x, https:\/\/i0.wp.com\/puuhamari.fi\/wp-content\/uploads\/2025\/08\/Wild-Flowers-1.webp?fit=896%2C896&ssl=1&resize=525%2C300 1.5x, https:\/\/i0.wp.com\/puuhamari.fi\/wp-content\/uploads\/2025\/08\/Wild-Flowers-1.webp?fit=896%2C896&ssl=1&resize=700%2C400 2x"},"classes":[]},{"id":6981,"url":"https:\/\/puuhamari.fi\/?product=siirtokuva-delicate-roses","url_meta":{"origin":10043,"position":3},"title":"Siirtokuva Delicate Roses","author":"PuuhaMari","date":"25 elokuun, 2023","format":false,"excerpt":"Tarvitaanko sanoja? N\u00e4et sen itsekin; t\u00e4h\u00e4n ei voi olla rakastumatta... Hienostuneet v\u00e4rit ja kauniit yksityiskohdat kertakaikkiaan vangitsevat katseen! Suorastaan vaatii yhdistely\u00e4 erilaisten sapluunojen, leimasinten tai muiden siirtokuvien kanssa. Pakkaus sis\u00e4lt\u00e4\u00e4 kolme erilaisin kuvin varustettua kalvoa. Kaikki 3 kalvoa ovat n\u00e4kyv\u00e4t oheisessa tuotekuvassa. Jokaisen yksitt\u00e4isen kalvon koko on n. 30,5 cm\u2026","rel":"","context":"With 2 comments","block_context":{"text":"With 2 comments","link":"https:\/\/puuhamari.fi\/?product=siirtokuva-delicate-roses#comments"},"img":{"alt_text":"","src":"https:\/\/i0.wp.com\/puuhamari.fi\/wp-content\/uploads\/2023\/08\/Delicate-Roses-1-b.png?fit=670%2C669&ssl=1&resize=350%2C200","width":350,"height":200,"srcset":"https:\/\/i0.wp.com\/puuhamari.fi\/wp-content\/uploads\/2023\/08\/Delicate-Roses-1-b.png?fit=670%2C669&ssl=1&resize=350%2C200 1x, https:\/\/i0.wp.com\/puuhamari.fi\/wp-content\/uploads\/2023\/08\/Delicate-Roses-1-b.png?fit=670%2C669&ssl=1&resize=525%2C300 1.5x"},"classes":[]},{"id":10037,"url":"https:\/\/puuhamari.fi\/?product=garden-marvels","url_meta":{"origin":10043,"position":4},"title":"Siirtokuva Garden Marvels","author":"PuuhaMari","date":"15 elokuun, 2025","format":false,"excerpt":"Puutarhan ihanuuksia -siirtokuvapaketti sis\u00e4lt\u00e4\u00e4 kolme kalvoa, jotka kaikki ovat korkeudeltaan n. 30 cm, ja leveydelt\u00e4\u00e4n 15 cm. Kalvoilla on yhteens\u00e4 29 suloista kuvaa, ja nelj\u00e4 eri teksti\u00e4. Lintuh\u00e4kin mitat ovat n. 11 x 6 cm, sen yl\u00e4puolella olevan sinisen linnun n. 6 x 3 cm. Sana \"Home\" taas on n.\u2026","rel":"","context":"Samankaltainen artikkeli","block_context":{"text":"Samankaltainen artikkeli","link":""},"img":{"alt_text":"","src":"https:\/\/i0.wp.com\/puuhamari.fi\/wp-content\/uploads\/2025\/08\/Garden-Marvels-6.png?fit=799%2C799&ssl=1&resize=350%2C200","width":350,"height":200,"srcset":"https:\/\/i0.wp.com\/puuhamari.fi\/wp-content\/uploads\/2025\/08\/Garden-Marvels-6.png?fit=799%2C799&ssl=1&resize=350%2C200 1x, https:\/\/i0.wp.com\/puuhamari.fi\/wp-content\/uploads\/2025\/08\/Garden-Marvels-6.png?fit=799%2C799&ssl=1&resize=525%2C300 1.5x, https:\/\/i0.wp.com\/puuhamari.fi\/wp-content\/uploads\/2025\/08\/Garden-Marvels-6.png?fit=799%2C799&ssl=1&resize=700%2C400 2x"},"classes":[]},{"id":7074,"url":"https:\/\/puuhamari.fi\/?product=siirtokuva-autumn-essentials","url_meta":{"origin":10043,"position":5},"title":"Siirtokuva Autumn Essentials","author":"PuuhaMari","date":"30 elokuun, 2023","format":false,"excerpt":"Katsohan tarkemmin n\u00e4it\u00e4 vintage-tyylisi\u00e4 kuvia: jokaisessa huikean kauniissa kuvassa on valkoista \"kulumisen j\u00e4lke\u00e4.\" Rehev\u00e4n herkulliset v\u00e4rit, suloiset el\u00e4inhahmot ja kauniit pikkukoristeet\u00a0 - niit\u00e4 ei vain voi vastustaa! T\u00e4ss\u00e4 sinulle 19 tunnelmallista syyskoristetta, joita tietenkin voit halutessasi leikata saksilla viel\u00e4 useampaan osaan ja yhdistell\u00e4 mielesi mukaan muihin tuunaushyllyst\u00e4si l\u00f6ytyviin siirtokuviin tai\u2026","rel":"","context":"Samankaltainen artikkeli","block_context":{"text":"Samankaltainen artikkeli","link":""},"img":{"alt_text":"","src":"https:\/\/i0.wp.com\/puuhamari.fi\/wp-content\/uploads\/2023\/08\/2-b-4.png?fit=961%2C961&ssl=1&resize=350%2C200","width":350,"height":200,"srcset":"https:\/\/i0.wp.com\/puuhamari.fi\/wp-content\/uploads\/2023\/08\/2-b-4.png?fit=961%2C961&ssl=1&resize=350%2C200 1x, https:\/\/i0.wp.com\/puuhamari.fi\/wp-content\/uploads\/2023\/08\/2-b-4.png?fit=961%2C961&ssl=1&resize=525%2C300 1.5x, https:\/\/i0.wp.com\/puuhamari.fi\/wp-content\/uploads\/2023\/08\/2-b-4.png?fit=961%2C961&ssl=1&resize=700%2C400 2x"},"classes":[]}],"_links":{"self":[{"href":"https:\/\/puuhamari.fi\/index.php?rest_route=\/wp\/v2\/product\/10043","targetHints":{"allow":["GET"]}}],"collection":[{"href":"https:\/\/puuhamari.fi\/index.php?rest_route=\/wp\/v2\/product"}],"about":[{"href":"https:\/\/puuhamari.fi\/index.php?rest_route=\/wp\/v2\/types\/product"}],"replies":[{"embeddable":true,"href":"https:\/\/puuhamari.fi\/index.php?rest_route=%2Fwp%2Fv2%2Fcomments&post=10043"}],"version-history":[{"count":3,"href":"https:\/\/puuhamari.fi\/index.php?rest_route=\/wp\/v2\/product\/10043\/revisions"}],"predecessor-version":[{"id":10072,"href":"https:\/\/puuhamari.fi\/index.php?rest_route=\/wp\/v2\/product\/10043\/revisions\/10072"}],"wp:featuredmedia":[{"embeddable":true,"href":"https:\/\/puuhamari.fi\/index.php?rest_route=\/wp\/v2\/media\/10044"}],"wp:attachment":[{"href":"https:\/\/puuhamari.fi\/index.php?rest_route=%2Fwp%2Fv2%2Fmedia&parent=10043"}],"wp:term":[{"taxonomy":"product_brand","embeddable":true,"href":"https:\/\/puuhamari.fi\/index.php?rest_route=%2Fwp%2Fv2%2Fproduct_brand&post=10043"},{"taxonomy":"product_cat","embeddable":true,"href":"https:\/\/puuhamari.fi\/index.php?rest_route=%2Fwp%2Fv2%2Fproduct_cat&post=10043"},{"taxonomy":"product_tag","embeddable":true,"href":"https:\/\/puuhamari.fi\/index.php?rest_route=%2Fwp%2Fv2%2Fproduct_tag&post=10043"}],"curies":[{"name":"wp","href":"https:\/\/api.w.org\/{rel}","templated":true}]}}