{"id":10123,"date":"2025-09-05T03:05:54","date_gmt":"2025-09-05T00:05:54","guid":{"rendered":"https:\/\/puuhamari.fi\/?post_type=product&#038;p=10123"},"modified":"2025-09-05T04:22:03","modified_gmt":"2025-09-05T01:22:03","slug":"alkeiskurssi-siirtokuvat","status":"publish","type":"product","link":"https:\/\/puuhamari.fi\/?product=alkeiskurssi-siirtokuvat","title":{"rendered":"Alkeiskurssi &#8211; siirtokuvat"},"content":{"rendered":"","protected":false},"excerpt":{"rendered":"<p><strong style=\"color: #709979; font-family: var(--global-body-font-family);\">Seuraavan alkeiskurssin ajankohta:<\/strong><strong><span style=\"color: #709979; font-family: var(--global-body-font-family);\"> Tiedustelut PuuhaMarilta nrosta 050-541 6919.<\/span><\/strong><\/p>\n<p>Paikka: PuuhaMarin Putiikki, Pori<br \/>\nKesto: 1,5 &#8211; 2 h<br \/>\nRyhm\u00e4koko:\u00a0 max. 6 osallistujaa<\/p>\n<p>Tuo mukanasi jokin pieni kaluste <em>(esim. jakkara, y\u00f6p\u00f6yt\u00e4, CD-hyllykk\u00f6),<\/em> jonka haluat tuunata siirtokuvalla\/-kuvilla. Se saa olla mit\u00e4 tahansa materiaalia; puuta, kalustelevy\u00e4, metallia tai jopa muovia. Halutessasi voit toki my\u00f6s ostaa verstasmyym\u00e4l\u00e4st\u00e4 jonkin pienen <a href=\"https:\/\/puuhamari.fi\/?product_cat=tuunattavaa\">tuunattavan esineen.<\/a><\/p>\n<p><span style=\"text-decoration: underline;\"><strong>Hintaan sis\u00e4ltyy:<\/strong><\/span><br \/>\nSaat itse valita haluamasi 30 cm x 15 cm:n kokoisen paketin <em>Re\u2022design with Prima<\/em><em>:n<\/em> valmistamia siirtokuvia PuuhaMarin Putiikin hyllyst\u00e4. Kaikki paketit sis\u00e4lt\u00e4v\u00e4t kolme kalvoa, joissa kussakin on useita erilaisia siirtokuvia. K\u00e4yt\u00e4 niist\u00e4 haluamasi m\u00e4\u00e4r\u00e4 kurssilla &#8211; loput saat mukaasi kotiin!<\/p>\n<p>Kurssin aikana PuuhaMari opettaa my\u00f6s perustietoutta muista helpoista kalusteiden ja sisustusesineiden tuunauksissa k\u00e4ytett\u00e4vist\u00e4 koristelutavoista, h\u00f6rpp\u00e4ilemme yhdess\u00e4 kahvia\/teet\u00e4, ja popsimme JOKO porkkanaa TAI pullaa &#8211; kumpaakohan&#8230;? <span class=\"x1xsqp64 xiy17q3 x1o6pynw x19co3pv xdj266r xjn30re xat24cr x1hb08if x2b8uid\" data-testid=\"emoji\"><span class=\"xexx8yu xcaqkgz x18d9i69 xbwkkl7 x3jgonx x1bhl96m\">\ud83d\ude09<\/span><\/span><\/p>\n","protected":false},"author":1,"featured_media":10126,"comment_status":"open","ping_status":"closed","template":"","meta":{"advgb_blocks_editor_width":"","advgb_blocks_columns_visual_guide":"","advanced_seo_description":"","jetpack_seo_html_title":"","jetpack_seo_noindex":false,"_kad_post_transparent":"default","_kad_post_title":"","_kad_post_layout":"default","_kad_post_sidebar_id":"","_kad_post_content_style":"default","_kad_post_vertical_padding":"default","_kad_post_feature":"","_kad_post_feature_position":"","_kad_post_header":false,"_kad_post_footer":false,"_kad_post_classname":"","jetpack_post_was_ever_published":false},"product_brand":[],"product_cat":[255],"product_tag":[1208,1404,928,1209,1405,257,245,1403,246,540],"class_list":{"0":"post-10123","1":"product","2":"type-product","3":"status-publish","4":"has-post-thumbnail","6":"product_cat-verstas-kurssit-ja-luennot","7":"product_tag-alkeiskurssi","8":"product_tag-asenna","9":"product_tag-kalustetuunaus","10":"product_tag-kalustetuunauskurssi","11":"product_tag-kiinnita","12":"product_tag-kurssi","13":"product_tag-siirtokuva","14":"product_tag-siirtokuvia","15":"product_tag-transfer","16":"product_tag-tuunaus","18":"first","19":"instock","20":"taxable","21":"shipping-taxable","22":"purchasable","23":"product-type-simple","24":"entry","25":"content-bg","26":"loop-entry"},"featured_img":"https:\/\/puuhamari.fi\/wp-content\/uploads\/2025\/09\/Siirtokuvakurssi.png","coauthors":[],"author_meta":{"author_link":"https:\/\/puuhamari.fi\/?author=1","display_name":"PuuhaMari"},"relative_dates":{"created":"Julkaistu 8 kuukautta sitten","modified":"P\u00e4ivitetty 8 kuukautta sitten"},"absolute_dates":{"created":"Julkaistu 5 syyskuun, 2025","modified":"P\u00e4ivitetty 5 syyskuun, 2025"},"absolute_dates_time":{"created":"Julkaistu 5 syyskuun, 2025 3:05 am","modified":"P\u00e4ivitetty 5 syyskuun, 2025 4:22 am"},"featured_img_caption":"","tax_additional":{"product_brand":{"linked":[],"unlinked":[],"slug":"product_brand","name":"Br\u00e4ndit"},"product_type":{"linked":["<a href=\"https:\/\/puuhamari.fi\/?taxonomy=product_type&#038;term=simple\" class=\"advgb-post-tax-term\">simple<\/a>"],"unlinked":["<span class=\"advgb-post-tax-term\">simple<\/span>"],"slug":"product_type","name":"Tuotetyyppi"},"product_visibility":{"linked":[],"unlinked":[],"slug":"product_visibility","name":"Tuotteen n\u00e4kyvyys"},"product_cat":{"linked":["<a href=\"https:\/\/puuhamari.fi\/?product_cat=verstas-kurssit-ja-luennot\" class=\"advgb-post-tax-term\">Verstas, kurssit ja luennot<\/a>"],"unlinked":["<span class=\"advgb-post-tax-term\">Verstas, kurssit ja luennot<\/span>"],"slug":"product_cat","name":"Osastot"},"product_tag":{"linked":["<a href=\"https:\/\/puuhamari.fi\/?product_tag=alkeiskurssi\" class=\"advgb-post-tax-term\">Alkeiskurssi<\/a>","<a href=\"https:\/\/puuhamari.fi\/?product_tag=asenna\" class=\"advgb-post-tax-term\">asenna<\/a>","<a href=\"https:\/\/puuhamari.fi\/?product_tag=kalustetuunaus\" class=\"advgb-post-tax-term\">kalustetuunaus<\/a>","<a href=\"https:\/\/puuhamari.fi\/?product_tag=kalustetuunauskurssi\" class=\"advgb-post-tax-term\">Kalustetuunauskurssi<\/a>","<a href=\"https:\/\/puuhamari.fi\/?product_tag=kiinnita\" class=\"advgb-post-tax-term\">kiinnit\u00e4<\/a>","<a href=\"https:\/\/puuhamari.fi\/?product_tag=kurssi\" class=\"advgb-post-tax-term\">Kurssi<\/a>","<a href=\"https:\/\/puuhamari.fi\/?product_tag=siirtokuva\" class=\"advgb-post-tax-term\">Siirtokuva<\/a>","<a href=\"https:\/\/puuhamari.fi\/?product_tag=siirtokuvia\" class=\"advgb-post-tax-term\">siirtokuvia<\/a>","<a href=\"https:\/\/puuhamari.fi\/?product_tag=transfer\" class=\"advgb-post-tax-term\">Transfer<\/a>","<a href=\"https:\/\/puuhamari.fi\/?product_tag=tuunaus\" class=\"advgb-post-tax-term\">Tuunaus<\/a>"],"unlinked":["<span class=\"advgb-post-tax-term\">Alkeiskurssi<\/span>","<span class=\"advgb-post-tax-term\">asenna<\/span>","<span class=\"advgb-post-tax-term\">kalustetuunaus<\/span>","<span class=\"advgb-post-tax-term\">Kalustetuunauskurssi<\/span>","<span class=\"advgb-post-tax-term\">kiinnit\u00e4<\/span>","<span class=\"advgb-post-tax-term\">Kurssi<\/span>","<span class=\"advgb-post-tax-term\">Siirtokuva<\/span>","<span class=\"advgb-post-tax-term\">siirtokuvia<\/span>","<span class=\"advgb-post-tax-term\">Transfer<\/span>","<span class=\"advgb-post-tax-term\">Tuunaus<\/span>"],"slug":"product_tag","name":"Avainsanat tuotteelle"},"product_shipping_class":{"linked":[],"unlinked":[],"slug":"product_shipping_class","name":"Tuotteen toimitusluokat"},"pos_product_visibility":{"linked":[],"unlinked":[],"slug":"pos_product_visibility","name":"POS Product visibility"},"pa_arkin-koko":{"linked":[],"unlinked":[],"slug":"pa_arkin-koko","name":"Tuote Arkin koko"},"pa_hiomatyynyn-karkeus":{"linked":[],"unlinked":[],"slug":"pa_hiomatyynyn-karkeus","name":"Tuote Hiomatyynyn karkeus"},"pa_kehys":{"linked":[],"unlinked":[],"slug":"pa_kehys","name":"Tuote Kehys"},"pa_kuvion-nro":{"linked":[],"unlinked":[],"slug":"pa_kuvion-nro","name":"Tuote Kuvion nro"},"pa_littean-pensselin-koko":{"linked":[],"unlinked":[],"slug":"pa_littean-pensselin-koko","name":"Tuote Litte\u00e4n pensselin koko"},"pa_maalivari":{"linked":[],"unlinked":[],"slug":"pa_maalivari","name":"Tuote Maaliv\u00e4ri"},"pa_palatapettien-lkm":{"linked":[],"unlinked":[],"slug":"pa_palatapettien-lkm","name":"Tuote Palatapettien lkm"},"pa_purkin-koko":{"linked":[],"unlinked":[],"slug":"pa_purkin-koko","name":"Tuote Purkin koko"},"pa_sapluunan-koko":{"linked":[],"unlinked":[],"slug":"pa_sapluunan-koko","name":"Tuote Sapluunan koko"},"pa_tabletti":{"linked":[],"unlinked":[],"slug":"pa_tabletti","name":"Tuote Tabletti"},"pa_valitse-sisalto":{"linked":["<a href=\"https:\/\/puuhamari.fi\/?taxonomy=pa_valitse-sisalto&#038;term=opetus-kaikki-tarvikkeet\" class=\"advgb-post-tax-term\">Opetus + kaikki tarvikkeet<\/a>","<a href=\"https:\/\/puuhamari.fi\/?taxonomy=pa_valitse-sisalto&#038;term=pelkka-opetus-omat-tarvikkeet-mukana\" class=\"advgb-post-tax-term\">Pelkk\u00e4 opetus (omat tarvikkeet mukana)<\/a>"],"unlinked":["<span class=\"advgb-post-tax-term\">Opetus + kaikki tarvikkeet<\/span>","<span class=\"advgb-post-tax-term\">Pelkk\u00e4 opetus (omat tarvikkeet mukana)<\/span>"],"slug":"pa_valitse-sisalto","name":"Tuote Valitse sis\u00e4lt\u00f6"},"pa_varjostin":{"linked":[],"unlinked":[],"slug":"pa_varjostin","name":"Tuote Varjostin"}},"series_order":"","jetpack_sharing_enabled":true,"jetpack_likes_enabled":true,"jetpack-related-posts":[{"id":7068,"url":"https:\/\/puuhamari.fi\/?product=siirtokuva-sunflower-afternoon","url_meta":{"origin":10123,"position":0},"title":"Siirtokuva Sunflower Afternoon","author":"PuuhaMari","date":"30 elokuun, 2023","format":false,"excerpt":"Upeat, uhkeat auringonkukat luovat ymp\u00e4rilleen v\u00e4lit\u00f6nt\u00e4 el\u00e4m\u00e4niloa, kauneutta ja tyytyv\u00e4isyytt\u00e4. Pakkaus sis\u00e4lt\u00e4\u00e4 kolme erilaisin kuvin varustettua kalvoa, joissa yhteens\u00e4 per\u00e4ti 22 siirtokuvaa. Kaikki 3 kalvoa ovat n\u00e4kyv\u00e4t oheisessa tuotekuvassa. Jokaisen yksitt\u00e4isen kalvon koko on n. 30,5 cm x 15 cm. Suurimman yksitt\u00e4iskukan halkaisija on n. 14 cm. Yhdell\u00e4 kalvoista olevan\u2026","rel":"","context":"With 1 comment","block_context":{"text":"With 1 comment","link":"https:\/\/puuhamari.fi\/?product=siirtokuva-sunflower-afternoon#comments"},"img":{"alt_text":"","src":"https:\/\/i0.wp.com\/puuhamari.fi\/wp-content\/uploads\/2023\/08\/2-b-3.png?fit=960%2C959&ssl=1&resize=350%2C200","width":350,"height":200,"srcset":"https:\/\/i0.wp.com\/puuhamari.fi\/wp-content\/uploads\/2023\/08\/2-b-3.png?fit=960%2C959&ssl=1&resize=350%2C200 1x, https:\/\/i0.wp.com\/puuhamari.fi\/wp-content\/uploads\/2023\/08\/2-b-3.png?fit=960%2C959&ssl=1&resize=525%2C300 1.5x, https:\/\/i0.wp.com\/puuhamari.fi\/wp-content\/uploads\/2023\/08\/2-b-3.png?fit=960%2C959&ssl=1&resize=700%2C400 2x"},"classes":[]},{"id":7074,"url":"https:\/\/puuhamari.fi\/?product=siirtokuva-autumn-essentials","url_meta":{"origin":10123,"position":1},"title":"Siirtokuva Autumn Essentials","author":"PuuhaMari","date":"30 elokuun, 2023","format":false,"excerpt":"Katsohan tarkemmin n\u00e4it\u00e4 vintage-tyylisi\u00e4 kuvia: jokaisessa huikean kauniissa kuvassa on valkoista \"kulumisen j\u00e4lke\u00e4.\" Rehev\u00e4n herkulliset v\u00e4rit, suloiset el\u00e4inhahmot ja kauniit pikkukoristeet\u00a0 - niit\u00e4 ei vain voi vastustaa! T\u00e4ss\u00e4 sinulle 19 tunnelmallista syyskoristetta, joita tietenkin voit halutessasi leikata saksilla viel\u00e4 useampaan osaan ja yhdistell\u00e4 mielesi mukaan muihin tuunaushyllyst\u00e4si l\u00f6ytyviin siirtokuviin tai\u2026","rel":"","context":"Samankaltainen artikkeli","block_context":{"text":"Samankaltainen artikkeli","link":""},"img":{"alt_text":"","src":"https:\/\/i0.wp.com\/puuhamari.fi\/wp-content\/uploads\/2023\/08\/2-b-4.png?fit=961%2C961&ssl=1&resize=350%2C200","width":350,"height":200,"srcset":"https:\/\/i0.wp.com\/puuhamari.fi\/wp-content\/uploads\/2023\/08\/2-b-4.png?fit=961%2C961&ssl=1&resize=350%2C200 1x, https:\/\/i0.wp.com\/puuhamari.fi\/wp-content\/uploads\/2023\/08\/2-b-4.png?fit=961%2C961&ssl=1&resize=525%2C300 1.5x, https:\/\/i0.wp.com\/puuhamari.fi\/wp-content\/uploads\/2023\/08\/2-b-4.png?fit=961%2C961&ssl=1&resize=700%2C400 2x"},"classes":[]},{"id":6981,"url":"https:\/\/puuhamari.fi\/?product=siirtokuva-delicate-roses","url_meta":{"origin":10123,"position":2},"title":"Siirtokuva Delicate Roses","author":"PuuhaMari","date":"25 elokuun, 2023","format":false,"excerpt":"Tarvitaanko sanoja? N\u00e4et sen itsekin; t\u00e4h\u00e4n ei voi olla rakastumatta... Hienostuneet v\u00e4rit ja kauniit yksityiskohdat kertakaikkiaan vangitsevat katseen! Suorastaan vaatii yhdistely\u00e4 erilaisten sapluunojen, leimasinten tai muiden siirtokuvien kanssa. Pakkaus sis\u00e4lt\u00e4\u00e4 kolme erilaisin kuvin varustettua kalvoa. Kaikki 3 kalvoa ovat n\u00e4kyv\u00e4t oheisessa tuotekuvassa. Jokaisen yksitt\u00e4isen kalvon koko on n. 30,5 cm\u2026","rel":"","context":"With 2 comments","block_context":{"text":"With 2 comments","link":"https:\/\/puuhamari.fi\/?product=siirtokuva-delicate-roses#comments"},"img":{"alt_text":"","src":"https:\/\/i0.wp.com\/puuhamari.fi\/wp-content\/uploads\/2023\/08\/Delicate-Roses-1-b.png?fit=670%2C669&ssl=1&resize=350%2C200","width":350,"height":200,"srcset":"https:\/\/i0.wp.com\/puuhamari.fi\/wp-content\/uploads\/2023\/08\/Delicate-Roses-1-b.png?fit=670%2C669&ssl=1&resize=350%2C200 1x, https:\/\/i0.wp.com\/puuhamari.fi\/wp-content\/uploads\/2023\/08\/Delicate-Roses-1-b.png?fit=670%2C669&ssl=1&resize=525%2C300 1.5x"},"classes":[]},{"id":10062,"url":"https:\/\/puuhamari.fi\/?product=siirtokuva-butterfly-oasis","url_meta":{"origin":10123,"position":3},"title":"Siirtokuva Butterfly Oasis","author":"PuuhaMari","date":"15 elokuun, 2025","format":false,"excerpt":"Perhosten keidas -siirtokuvan perhoset ja kukat ovat v\u00e4reilt\u00e4\u00e4n poikkeuksellisen kiehtovia! Pakkaus sis\u00e4lt\u00e4\u00e4 kaksi n. 90 cm x 30 cm kokoista, erilaisin kuvin varustettua kalvoa. Perhosia on yhteens\u00e4 17 erilaista, ja kasveja 15 kpl. Molempien kalvojen sis\u00e4lt\u00f6 n\u00e4kyy oheisessa tuotekuvassa. Erillisi\u00e4 kuvia on yhteens\u00e4 per\u00e4ti 32 kpl. Suurin, purppuranv\u00e4rinen perhonen on\u2026","rel":"","context":"With 1 comment","block_context":{"text":"With 1 comment","link":"https:\/\/puuhamari.fi\/?product=siirtokuva-butterfly-oasis#comments"},"img":{"alt_text":"","src":"https:\/\/i0.wp.com\/puuhamari.fi\/wp-content\/uploads\/2025\/08\/Butterfly-Oasis-1.webp?fit=896%2C896&ssl=1&resize=350%2C200","width":350,"height":200,"srcset":"https:\/\/i0.wp.com\/puuhamari.fi\/wp-content\/uploads\/2025\/08\/Butterfly-Oasis-1.webp?fit=896%2C896&ssl=1&resize=350%2C200 1x, https:\/\/i0.wp.com\/puuhamari.fi\/wp-content\/uploads\/2025\/08\/Butterfly-Oasis-1.webp?fit=896%2C896&ssl=1&resize=525%2C300 1.5x, https:\/\/i0.wp.com\/puuhamari.fi\/wp-content\/uploads\/2025\/08\/Butterfly-Oasis-1.webp?fit=896%2C896&ssl=1&resize=700%2C400 2x"},"classes":[]},{"id":10037,"url":"https:\/\/puuhamari.fi\/?product=garden-marvels","url_meta":{"origin":10123,"position":4},"title":"Siirtokuva Garden Marvels","author":"PuuhaMari","date":"15 elokuun, 2025","format":false,"excerpt":"Puutarhan ihanuuksia -siirtokuvapaketti sis\u00e4lt\u00e4\u00e4 kolme kalvoa, jotka kaikki ovat korkeudeltaan n. 30 cm, ja leveydelt\u00e4\u00e4n 15 cm. Kalvoilla on yhteens\u00e4 29 suloista kuvaa, ja nelj\u00e4 eri teksti\u00e4. Lintuh\u00e4kin mitat ovat n. 11 x 6 cm, sen yl\u00e4puolella olevan sinisen linnun n. 6 x 3 cm. Sana \"Home\" taas on n.\u2026","rel":"","context":"Samankaltainen artikkeli","block_context":{"text":"Samankaltainen artikkeli","link":""},"img":{"alt_text":"","src":"https:\/\/i0.wp.com\/puuhamari.fi\/wp-content\/uploads\/2025\/08\/Garden-Marvels-6.png?fit=799%2C799&ssl=1&resize=350%2C200","width":350,"height":200,"srcset":"https:\/\/i0.wp.com\/puuhamari.fi\/wp-content\/uploads\/2025\/08\/Garden-Marvels-6.png?fit=799%2C799&ssl=1&resize=350%2C200 1x, https:\/\/i0.wp.com\/puuhamari.fi\/wp-content\/uploads\/2025\/08\/Garden-Marvels-6.png?fit=799%2C799&ssl=1&resize=525%2C300 1.5x, https:\/\/i0.wp.com\/puuhamari.fi\/wp-content\/uploads\/2025\/08\/Garden-Marvels-6.png?fit=799%2C799&ssl=1&resize=700%2C400 2x"},"classes":[]},{"id":5391,"url":"https:\/\/puuhamari.fi\/?product=siirtokuva-botanical-paradise","url_meta":{"origin":10123,"position":5},"title":"Siirtokuva Botanical Paradise","author":"PuuhaMari","date":"29 maaliskuun, 2023","format":false,"excerpt":"Todellakin hempe\u00e4n vaaleanpunaisena s\u00f6p\u00f6ilevi\u00e4 luonnonkukkia ja perhosia! Asettele haluamiisi asetelmiin, yhdistele muihin siirtokuviin ja sapluunoihin. Pakkauksessa kolme 30 cm x 15 cm kokoista kalvoa, joissa yhteens\u00e4 jopa 38 siirtokuvaa (joita voi saksilla leikata my\u00f6s pienemmiksi) + kolme p\u00e4tk\u00e4\u00e4 latinankielist\u00e4 teksti\u00e4! Pienimm\u00e4t yksitt\u00e4iset kuvat n. 2 cm korkeita, suurimmat n. 18\u2026","rel":"","context":"With 1 comment","block_context":{"text":"With 1 comment","link":"https:\/\/puuhamari.fi\/?product=siirtokuva-botanical-paradise#comments"},"img":{"alt_text":"","src":"https:\/\/i0.wp.com\/puuhamari.fi\/wp-content\/uploads\/2023\/03\/Botanical-Paradise-AAAb.png?fit=911%2C894&ssl=1&resize=350%2C200","width":350,"height":200,"srcset":"https:\/\/i0.wp.com\/puuhamari.fi\/wp-content\/uploads\/2023\/03\/Botanical-Paradise-AAAb.png?fit=911%2C894&ssl=1&resize=350%2C200 1x, https:\/\/i0.wp.com\/puuhamari.fi\/wp-content\/uploads\/2023\/03\/Botanical-Paradise-AAAb.png?fit=911%2C894&ssl=1&resize=525%2C300 1.5x, https:\/\/i0.wp.com\/puuhamari.fi\/wp-content\/uploads\/2023\/03\/Botanical-Paradise-AAAb.png?fit=911%2C894&ssl=1&resize=700%2C400 2x"},"classes":[]}],"_links":{"self":[{"href":"https:\/\/puuhamari.fi\/index.php?rest_route=\/wp\/v2\/product\/10123","targetHints":{"allow":["GET"]}}],"collection":[{"href":"https:\/\/puuhamari.fi\/index.php?rest_route=\/wp\/v2\/product"}],"about":[{"href":"https:\/\/puuhamari.fi\/index.php?rest_route=\/wp\/v2\/types\/product"}],"replies":[{"embeddable":true,"href":"https:\/\/puuhamari.fi\/index.php?rest_route=%2Fwp%2Fv2%2Fcomments&post=10123"}],"version-history":[{"count":3,"href":"https:\/\/puuhamari.fi\/index.php?rest_route=\/wp\/v2\/product\/10123\/revisions"}],"predecessor-version":[{"id":10130,"href":"https:\/\/puuhamari.fi\/index.php?rest_route=\/wp\/v2\/product\/10123\/revisions\/10130"}],"wp:featuredmedia":[{"embeddable":true,"href":"https:\/\/puuhamari.fi\/index.php?rest_route=\/wp\/v2\/media\/10126"}],"wp:attachment":[{"href":"https:\/\/puuhamari.fi\/index.php?rest_route=%2Fwp%2Fv2%2Fmedia&parent=10123"}],"wp:term":[{"taxonomy":"product_brand","embeddable":true,"href":"https:\/\/puuhamari.fi\/index.php?rest_route=%2Fwp%2Fv2%2Fproduct_brand&post=10123"},{"taxonomy":"product_cat","embeddable":true,"href":"https:\/\/puuhamari.fi\/index.php?rest_route=%2Fwp%2Fv2%2Fproduct_cat&post=10123"},{"taxonomy":"product_tag","embeddable":true,"href":"https:\/\/puuhamari.fi\/index.php?rest_route=%2Fwp%2Fv2%2Fproduct_tag&post=10123"}],"curies":[{"name":"wp","href":"https:\/\/api.w.org\/{rel}","templated":true}]}}