{"id":10137,"date":"2025-09-11T17:27:47","date_gmt":"2025-09-11T14:27:47","guid":{"rendered":"https:\/\/puuhamari.fi\/?post_type=product&#038;p=10137"},"modified":"2026-04-10T16:12:30","modified_gmt":"2026-04-10T13:12:30","slug":"snowdrop","status":"publish","type":"product","link":"https:\/\/puuhamari.fi\/?product=snowdrop","title":{"rendered":"Snowdrop"},"content":{"rendered":"<p>Fusion\u2122 maalien kuvaus: <a href=\"https:\/\/puuhamari.fi\/?p=5842\" target=\"_blank\" rel=\"noopener\">lue t\u00e4\u00e4lt\u00e4.<\/a><\/p>\n","protected":false},"excerpt":{"rendered":"<p class=\"v1mcePastedContent\">Nyt meill\u00e4 on tarjota oikeasti kirkas valkoinen, jolla kuitenkin on erinomainen peitt\u00e4vyys!<\/p>\n<p class=\"v1mcePastedContent\">Snowdropin nimi tarkoittaa lumikello -kukkaa <em>(Galanthus)<\/em>: herkk\u00e4\u00e4 ja viatonta kev\u00e4\u00e4n airutta. Sen hillitty ja ajaton eleganssi onkin ollut inspiraationa t\u00e4m\u00e4n puhtaan raikkaan, neutraalin s\u00e4vyn kehitt\u00e4misess\u00e4. Ihastuttava, sanoo PuuhaMari!<\/p>\n","protected":false},"author":1,"featured_media":10140,"comment_status":"open","ping_status":"closed","template":"","meta":{"advgb_blocks_editor_width":"","advgb_blocks_columns_visual_guide":"","advanced_seo_description":"","jetpack_seo_html_title":"","jetpack_seo_noindex":false,"_kad_post_transparent":"default","_kad_post_title":"","_kad_post_layout":"default","_kad_post_sidebar_id":"","_kad_post_content_style":"default","_kad_post_vertical_padding":"default","_kad_post_feature":"","_kad_post_feature_position":"","_kad_post_header":false,"_kad_post_footer":false,"_kad_post_classname":"","jetpack_post_was_ever_published":false},"product_brand":[],"product_cat":[309],"product_tag":[450,509,1274,1275,508,1407,1333,377],"class_list":{"0":"post-10137","1":"product","2":"type-product","3":"status-publish","4":"has-post-thumbnail","6":"product_cat-fusion-mineraalimaalit","7":"product_tag-fusion","8":"product_tag-fusion-mineral-paint","9":"product_tag-kalustemaali","10":"product_tag-maali","11":"product_tag-mineraalimaali","12":"product_tag-puhtaanvalkoinen","13":"product_tag-raikas","14":"product_tag-valkoinen","16":"first","17":"instock","18":"taxable","19":"shipping-taxable","20":"purchasable","21":"product-type-variable","22":"entry","23":"content-bg","24":"loop-entry"},"featured_img":"https:\/\/puuhamari.fi\/wp-content\/uploads\/2025\/09\/fusion_mineral_paint-snowdrop-pint-b.jpg","coauthors":[],"author_meta":{"author_link":"https:\/\/puuhamari.fi\/?author=1","display_name":"PuuhaMari"},"relative_dates":{"created":"Julkaistu 7 kuukautta sitten","modified":"P\u00e4ivitetty 1 viikko sitten"},"absolute_dates":{"created":"Julkaistu 11 syyskuun, 2025","modified":"P\u00e4ivitetty 10 huhtikuun, 2026"},"absolute_dates_time":{"created":"Julkaistu 11 syyskuun, 2025 5:27 pm","modified":"P\u00e4ivitetty 10 huhtikuun, 2026 4:12 pm"},"featured_img_caption":"","tax_additional":{"product_brand":{"linked":[],"unlinked":[],"slug":"product_brand","name":"Br\u00e4ndit"},"product_type":{"linked":["<a href=\"https:\/\/puuhamari.fi\/?taxonomy=product_type&#038;term=variable\" class=\"advgb-post-tax-term\">variable<\/a>"],"unlinked":["<span class=\"advgb-post-tax-term\">variable<\/span>"],"slug":"product_type","name":"Tuotetyyppi"},"product_visibility":{"linked":[],"unlinked":[],"slug":"product_visibility","name":"Tuotteen n\u00e4kyvyys"},"product_cat":{"linked":["<a href=\"https:\/\/puuhamari.fi\/?product_cat=fusion-mineraalimaalit\" class=\"advgb-post-tax-term\">Fusion mineraalimaalit<\/a>"],"unlinked":["<span class=\"advgb-post-tax-term\">Fusion mineraalimaalit<\/span>"],"slug":"product_cat","name":"Osastot"},"product_tag":{"linked":["<a href=\"https:\/\/puuhamari.fi\/?product_tag=fusion\" class=\"advgb-post-tax-term\">Fusion<\/a>","<a href=\"https:\/\/puuhamari.fi\/?product_tag=fusion-mineral-paint\" class=\"advgb-post-tax-term\">Fusion Mineral Paint<\/a>","<a href=\"https:\/\/puuhamari.fi\/?product_tag=kalustemaali\" class=\"advgb-post-tax-term\">kalustemaali<\/a>","<a href=\"https:\/\/puuhamari.fi\/?product_tag=maali\" class=\"advgb-post-tax-term\">maali<\/a>","<a href=\"https:\/\/puuhamari.fi\/?product_tag=mineraalimaali\" class=\"advgb-post-tax-term\">Mineraalimaali<\/a>","<a href=\"https:\/\/puuhamari.fi\/?product_tag=puhtaanvalkoinen\" class=\"advgb-post-tax-term\">puhtaanvalkoinen<\/a>","<a href=\"https:\/\/puuhamari.fi\/?product_tag=raikas\" class=\"advgb-post-tax-term\">raikas<\/a>","<a href=\"https:\/\/puuhamari.fi\/?product_tag=valkoinen\" class=\"advgb-post-tax-term\">Valkoinen<\/a>"],"unlinked":["<span class=\"advgb-post-tax-term\">Fusion<\/span>","<span class=\"advgb-post-tax-term\">Fusion Mineral Paint<\/span>","<span class=\"advgb-post-tax-term\">kalustemaali<\/span>","<span class=\"advgb-post-tax-term\">maali<\/span>","<span class=\"advgb-post-tax-term\">Mineraalimaali<\/span>","<span class=\"advgb-post-tax-term\">puhtaanvalkoinen<\/span>","<span class=\"advgb-post-tax-term\">raikas<\/span>","<span class=\"advgb-post-tax-term\">Valkoinen<\/span>"],"slug":"product_tag","name":"Avainsanat tuotteelle"},"product_shipping_class":{"linked":[],"unlinked":[],"slug":"product_shipping_class","name":"Tuotteen toimitusluokat"},"pos_product_visibility":{"linked":[],"unlinked":[],"slug":"pos_product_visibility","name":"POS Product visibility"},"pa_arkin-koko":{"linked":[],"unlinked":[],"slug":"pa_arkin-koko","name":"Tuote Arkin koko"},"pa_hiomatyynyn-karkeus":{"linked":[],"unlinked":[],"slug":"pa_hiomatyynyn-karkeus","name":"Tuote Hiomatyynyn karkeus"},"pa_kehys":{"linked":[],"unlinked":[],"slug":"pa_kehys","name":"Tuote Kehys"},"pa_kuvion-nro":{"linked":[],"unlinked":[],"slug":"pa_kuvion-nro","name":"Tuote Kuvion nro"},"pa_littean-pensselin-koko":{"linked":[],"unlinked":[],"slug":"pa_littean-pensselin-koko","name":"Tuote Litte\u00e4n pensselin koko"},"pa_maalivari":{"linked":[],"unlinked":[],"slug":"pa_maalivari","name":"Tuote Maaliv\u00e4ri"},"pa_palatapettien-lkm":{"linked":[],"unlinked":[],"slug":"pa_palatapettien-lkm","name":"Tuote Palatapettien lkm"},"pa_purkin-koko":{"linked":["<a href=\"https:\/\/puuhamari.fi\/?taxonomy=pa_purkin-koko&#038;term=37-ml\" class=\"advgb-post-tax-term\">37 ml<\/a>","<a href=\"https:\/\/puuhamari.fi\/?taxonomy=pa_purkin-koko&#038;term=500-ml\" class=\"advgb-post-tax-term\">500 ml<\/a>"],"unlinked":["<span class=\"advgb-post-tax-term\">37 ml<\/span>","<span class=\"advgb-post-tax-term\">500 ml<\/span>"],"slug":"pa_purkin-koko","name":"Tuote Purkin koko"},"pa_sapluunan-koko":{"linked":[],"unlinked":[],"slug":"pa_sapluunan-koko","name":"Tuote Sapluunan koko"},"pa_tabletti":{"linked":[],"unlinked":[],"slug":"pa_tabletti","name":"Tuote Tabletti"},"pa_valitse-sisalto":{"linked":[],"unlinked":[],"slug":"pa_valitse-sisalto","name":"Tuote Valitse sis\u00e4lt\u00f6"},"pa_varjostin":{"linked":[],"unlinked":[],"slug":"pa_varjostin","name":"Tuote Varjostin"}},"series_order":"","jetpack_sharing_enabled":true,"jetpack_likes_enabled":true,"jetpack-related-posts":[],"_links":{"self":[{"href":"https:\/\/puuhamari.fi\/index.php?rest_route=\/wp\/v2\/product\/10137","targetHints":{"allow":["GET"]}}],"collection":[{"href":"https:\/\/puuhamari.fi\/index.php?rest_route=\/wp\/v2\/product"}],"about":[{"href":"https:\/\/puuhamari.fi\/index.php?rest_route=\/wp\/v2\/types\/product"}],"replies":[{"embeddable":true,"href":"https:\/\/puuhamari.fi\/index.php?rest_route=%2Fwp%2Fv2%2Fcomments&post=10137"}],"version-history":[{"count":1,"href":"https:\/\/puuhamari.fi\/index.php?rest_route=\/wp\/v2\/product\/10137\/revisions"}],"predecessor-version":[{"id":10146,"href":"https:\/\/puuhamari.fi\/index.php?rest_route=\/wp\/v2\/product\/10137\/revisions\/10146"}],"wp:featuredmedia":[{"embeddable":true,"href":"https:\/\/puuhamari.fi\/index.php?rest_route=\/wp\/v2\/media\/10140"}],"wp:attachment":[{"href":"https:\/\/puuhamari.fi\/index.php?rest_route=%2Fwp%2Fv2%2Fmedia&parent=10137"}],"wp:term":[{"taxonomy":"product_brand","embeddable":true,"href":"https:\/\/puuhamari.fi\/index.php?rest_route=%2Fwp%2Fv2%2Fproduct_brand&post=10137"},{"taxonomy":"product_cat","embeddable":true,"href":"https:\/\/puuhamari.fi\/index.php?rest_route=%2Fwp%2Fv2%2Fproduct_cat&post=10137"},{"taxonomy":"product_tag","embeddable":true,"href":"https:\/\/puuhamari.fi\/index.php?rest_route=%2Fwp%2Fv2%2Fproduct_tag&post=10137"}],"curies":[{"name":"wp","href":"https:\/\/api.w.org\/{rel}","templated":true}]}}