{"id":10468,"date":"2025-12-18T15:04:16","date_gmt":"2025-12-18T13:04:16","guid":{"rendered":"https:\/\/puuhamari.fi\/?post_type=product&#038;p=10468"},"modified":"2026-01-07T18:26:35","modified_gmt":"2026-01-07T16:26:35","slug":"varjostimet-o-120-145-mm","status":"publish","type":"product","link":"https:\/\/puuhamari.fi\/?product=varjostimet-o-120-145-mm","title":{"rendered":"Varjostimet \u00d8 120\/145 mm"},"content":{"rendered":"","protected":false},"excerpt":{"rendered":"<p>Farkkuvarjostimet esim. p\u00f6yt\u00e4lamppuihin. Molemmat levenev\u00e4t alasp\u00e4in, vaikka valokuvissa n\u00e4ytt\u00e4v\u00e4t tasaleveilt\u00e4. Varjostimien yl\u00e4osan halkaisija on 120 mm <em>(12 cm),<\/em> alaosan 145 mm <em>(14,5 cm),<\/em> ja korkeus 15 cm.<\/p>\n<p>Vetoketjulla koristeltu varjostin kiinnitet\u00e4\u00e4n lampun p\u00e4\u00e4lle.<br \/>\nHuomaa, ett\u00e4 napitetulla koristelulla varustettu varjostin kiinnitet\u00e4\u00e4n lampun KANTAOSAN p\u00e4\u00e4lle <em>(kts. kuvat)<\/em>. Malliksi lis\u00e4tty my\u00f6s yksi kuva siit\u00e4, milt\u00e4 n\u00e4iden kahden kokoiset varjostimet n\u00e4ytt\u00e4v\u00e4t n. 33 cm korkeassa p\u00f6yt\u00e4lampun jalassa.<\/p>\n","protected":false},"author":1,"featured_media":10448,"comment_status":"open","ping_status":"closed","template":"","meta":{"advgb_blocks_editor_width":"","advgb_blocks_columns_visual_guide":"","advanced_seo_description":"","jetpack_seo_html_title":"","jetpack_seo_noindex":false,"_kad_post_transparent":"default","_kad_post_title":"","_kad_post_layout":"default","_kad_post_sidebar_id":"","_kad_post_content_style":"default","_kad_post_vertical_padding":"default","_kad_post_feature":"","_kad_post_feature_position":"","_kad_post_header":false,"_kad_post_footer":false,"_kad_post_classname":"","jetpack_post_was_ever_published":true},"product_brand":[],"product_cat":[1444],"product_tag":[1451,1472,1452,1453,1447,1446,1471,1450,1445],"class_list":{"0":"post-10468","1":"product","2":"type-product","3":"status-publish","4":"has-post-thumbnail","6":"product_cat-puuhavierailija-hannahuuhaa","7":"product_tag-farkku","8":"product_tag-farkkuvarjostin","9":"product_tag-farkut","10":"product_tag-hannahuuhaa","11":"product_tag-lamppu","12":"product_tag-lampunvarjostin","13":"product_tag-poytalamppu","14":"product_tag-valaisin","15":"product_tag-varjostin","17":"first","18":"instock","19":"taxable","20":"shipping-taxable","21":"purchasable","22":"product-type-variable","23":"entry","24":"content-bg","25":"loop-entry"},"featured_img":"https:\/\/puuhamari.fi\/wp-content\/uploads\/2025\/12\/Varjostimet-M2.jpg","coauthors":[],"author_meta":{"author_link":"https:\/\/puuhamari.fi\/?author=1","display_name":"PuuhaMari"},"relative_dates":{"created":"Julkaistu 4 kuukautta sitten","modified":"P\u00e4ivitetty 3 kuukautta sitten"},"absolute_dates":{"created":"Julkaistu 18 joulukuun, 2025","modified":"P\u00e4ivitetty 7 tammikuun, 2026"},"absolute_dates_time":{"created":"Julkaistu 18 joulukuun, 2025 3:04 pm","modified":"P\u00e4ivitetty 7 tammikuun, 2026 6:26 pm"},"featured_img_caption":"","tax_additional":{"product_brand":{"linked":[],"unlinked":[],"slug":"product_brand","name":"Br\u00e4ndit"},"product_type":{"linked":["<a href=\"https:\/\/puuhamari.fi\/?taxonomy=product_type&#038;term=variable\" class=\"advgb-post-tax-term\">variable<\/a>"],"unlinked":["<span class=\"advgb-post-tax-term\">variable<\/span>"],"slug":"product_type","name":"Tuotetyyppi"},"product_visibility":{"linked":[],"unlinked":[],"slug":"product_visibility","name":"Tuotteen n\u00e4kyvyys"},"product_cat":{"linked":["<a href=\"https:\/\/puuhamari.fi\/?product_cat=puuhavierailija-hannahuuhaa\" class=\"advgb-post-tax-term\">PuuhaVierailija: Hannahuuhaa<\/a>"],"unlinked":["<span class=\"advgb-post-tax-term\">PuuhaVierailija: Hannahuuhaa<\/span>"],"slug":"product_cat","name":"Osastot"},"product_tag":{"linked":["<a href=\"https:\/\/puuhamari.fi\/?product_tag=farkku\" class=\"advgb-post-tax-term\">Farkku<\/a>","<a href=\"https:\/\/puuhamari.fi\/?product_tag=farkkuvarjostin\" class=\"advgb-post-tax-term\">Farkkuvarjostin<\/a>","<a href=\"https:\/\/puuhamari.fi\/?product_tag=farkut\" class=\"advgb-post-tax-term\">Farkut<\/a>","<a href=\"https:\/\/puuhamari.fi\/?product_tag=hannahuuhaa\" class=\"advgb-post-tax-term\">Hannahuuhaa<\/a>","<a href=\"https:\/\/puuhamari.fi\/?product_tag=lamppu\" class=\"advgb-post-tax-term\">Lamppu<\/a>","<a href=\"https:\/\/puuhamari.fi\/?product_tag=lampunvarjostin\" class=\"advgb-post-tax-term\">Lampunvarjostin<\/a>","<a href=\"https:\/\/puuhamari.fi\/?product_tag=poytalamppu\" class=\"advgb-post-tax-term\">P\u00f6yt\u00e4lamppu<\/a>","<a href=\"https:\/\/puuhamari.fi\/?product_tag=valaisin\" class=\"advgb-post-tax-term\">Valaisin<\/a>","<a href=\"https:\/\/puuhamari.fi\/?product_tag=varjostin\" class=\"advgb-post-tax-term\">Varjostin<\/a>"],"unlinked":["<span class=\"advgb-post-tax-term\">Farkku<\/span>","<span class=\"advgb-post-tax-term\">Farkkuvarjostin<\/span>","<span class=\"advgb-post-tax-term\">Farkut<\/span>","<span class=\"advgb-post-tax-term\">Hannahuuhaa<\/span>","<span class=\"advgb-post-tax-term\">Lamppu<\/span>","<span class=\"advgb-post-tax-term\">Lampunvarjostin<\/span>","<span class=\"advgb-post-tax-term\">P\u00f6yt\u00e4lamppu<\/span>","<span class=\"advgb-post-tax-term\">Valaisin<\/span>","<span class=\"advgb-post-tax-term\">Varjostin<\/span>"],"slug":"product_tag","name":"Avainsanat tuotteelle"},"product_shipping_class":{"linked":[],"unlinked":[],"slug":"product_shipping_class","name":"Tuotteen toimitusluokat"},"pos_product_visibility":{"linked":[],"unlinked":[],"slug":"pos_product_visibility","name":"POS Product visibility"},"pa_arkin-koko":{"linked":[],"unlinked":[],"slug":"pa_arkin-koko","name":"Tuote Arkin koko"},"pa_hiomatyynyn-karkeus":{"linked":[],"unlinked":[],"slug":"pa_hiomatyynyn-karkeus","name":"Tuote Hiomatyynyn karkeus"},"pa_kehys":{"linked":[],"unlinked":[],"slug":"pa_kehys","name":"Tuote Kehys"},"pa_kuvion-nro":{"linked":[],"unlinked":[],"slug":"pa_kuvion-nro","name":"Tuote Kuvion nro"},"pa_littean-pensselin-koko":{"linked":[],"unlinked":[],"slug":"pa_littean-pensselin-koko","name":"Tuote Litte\u00e4n pensselin koko"},"pa_maalivari":{"linked":[],"unlinked":[],"slug":"pa_maalivari","name":"Tuote Maaliv\u00e4ri"},"pa_palatapettien-lkm":{"linked":[],"unlinked":[],"slug":"pa_palatapettien-lkm","name":"Tuote Palatapettien lkm"},"pa_purkin-koko":{"linked":[],"unlinked":[],"slug":"pa_purkin-koko","name":"Tuote Purkin koko"},"pa_sapluunan-koko":{"linked":[],"unlinked":[],"slug":"pa_sapluunan-koko","name":"Tuote Sapluunan koko"},"pa_tabletti":{"linked":[],"unlinked":[],"slug":"pa_tabletti","name":"Tuote Tabletti"},"pa_valitse-sisalto":{"linked":[],"unlinked":[],"slug":"pa_valitse-sisalto","name":"Tuote Valitse sis\u00e4lt\u00f6"},"pa_varjostin":{"linked":["<a href=\"https:\/\/puuhamari.fi\/?taxonomy=pa_varjostin&#038;term=varjostin-7\" class=\"advgb-post-tax-term\">Varjostin 7<\/a>","<a href=\"https:\/\/puuhamari.fi\/?taxonomy=pa_varjostin&#038;term=varjostin-8\" class=\"advgb-post-tax-term\">Varjostin 8<\/a>"],"unlinked":["<span class=\"advgb-post-tax-term\">Varjostin 7<\/span>","<span class=\"advgb-post-tax-term\">Varjostin 8<\/span>"],"slug":"pa_varjostin","name":"Tuote Varjostin"}},"series_order":"","jetpack_sharing_enabled":true,"jetpack_likes_enabled":true,"jetpack-related-posts":[{"id":10443,"url":"https:\/\/puuhamari.fi\/?product=varjostimet-o-80-120mm","url_meta":{"origin":10468,"position":0},"title":"Varjostimet \u00d8 80\/120mm","author":"PuuhaMari","date":"18 joulukuun, 2025","format":false,"excerpt":"Lampunvarjostimet lampetteihin tai (kristalli-)kruunuihin. Kuvat v\u00e4\u00e4rist\u00e4v\u00e4t hiukkasen: todellisuudessa varjostimet ovat alaosastaan selvemmin leve\u00e4mm\u00e4t kuin yl\u00e4osasta. Jokaisen varjostimen yl\u00e4osan halkaisija on 75-80 mm (7,5-8 cm), ja alaosan 120 mm (12 cm).\u00a0 Varjostimien korkeus on 12 cm, PAITSI VETOKETJULLA KORISTELLUN: sen korkeus on 14 cm! Siksi siit\u00e4 on viel\u00e4 mallina ekstra valokuva,\u2026","rel":"","context":"Samankaltainen artikkeli","block_context":{"text":"Samankaltainen artikkeli","link":""},"img":{"alt_text":"","src":"https:\/\/i0.wp.com\/puuhamari.fi\/wp-content\/uploads\/2025\/12\/Varjostimet-S.jpg?fit=634%2C634&ssl=1&resize=350%2C200","width":350,"height":200,"srcset":"https:\/\/i0.wp.com\/puuhamari.fi\/wp-content\/uploads\/2025\/12\/Varjostimet-S.jpg?fit=634%2C634&ssl=1&resize=350%2C200 1x, https:\/\/i0.wp.com\/puuhamari.fi\/wp-content\/uploads\/2025\/12\/Varjostimet-S.jpg?fit=634%2C634&ssl=1&resize=525%2C300 1.5x"},"classes":[]},{"id":10456,"url":"https:\/\/puuhamari.fi\/?product=varjostimet-o-100-130-mm","url_meta":{"origin":10468,"position":1},"title":"Varjostimet \u00d8 100\/130 mm","author":"PuuhaMari","date":"18 joulukuun, 2025","format":false,"excerpt":"Farkkuvarjostimet esim. p\u00f6yt\u00e4lamppuihin. Kuvat hiukan huijaavat: varjostimet ovat alaosastaan leve\u00e4mm\u00e4t, kuin yl\u00e4osasta. Kaikkien varjostimien yl\u00e4osan halkaisija on 100-130 mm (10-13 cm),\u00a0alaosan 130 mm (13 cm), ja korkeus 12 cm. Kiinnitet\u00e4\u00e4n lampun k\u00e4rjen p\u00e4\u00e4h\u00e4n.","rel":"","context":"Samankaltainen artikkeli","block_context":{"text":"Samankaltainen artikkeli","link":""},"img":{"alt_text":"","src":"https:\/\/i0.wp.com\/puuhamari.fi\/wp-content\/uploads\/2025\/12\/Varjostimet-M.jpg?fit=632%2C632&ssl=1&resize=350%2C200","width":350,"height":200,"srcset":"https:\/\/i0.wp.com\/puuhamari.fi\/wp-content\/uploads\/2025\/12\/Varjostimet-M.jpg?fit=632%2C632&ssl=1&resize=350%2C200 1x, https:\/\/i0.wp.com\/puuhamari.fi\/wp-content\/uploads\/2025\/12\/Varjostimet-M.jpg?fit=632%2C632&ssl=1&resize=525%2C300 1.5x"},"classes":[]},{"id":10474,"url":"https:\/\/puuhamari.fi\/?product=poytalamppu-farkkuvarjostin","url_meta":{"origin":10468,"position":2},"title":"P\u00f6yt\u00e4lamppu &#038; farkkuvarjostin","author":"PuuhaMari","date":"18 joulukuun, 2025","format":false,"excerpt":"Eritt\u00e4in kaunismuotoinen p\u00f6yt\u00e4lamppu ja farkkuvarjostin. Sis\u00e4k\u00e4ytt\u00f6\u00f6n. Lampunjalan vaalean osan korkeus on 22 cm, ja siin\u00e4 on valkoinen, n. 90 cm pitk\u00e4, kytkimell\u00e4 varustettu johto. T\u00e4m\u00e4n varjostimen kanssa kokonaiskorkeus on n. 38 cm. Pelk\u00e4n varjostimen mitat: yl\u00e4osan halkaisija on 155 mm (15,5 cm), alaosan 205 mm (20,5 cm), ja korkeus 14\u2026","rel":"","context":"Samankaltainen artikkeli","block_context":{"text":"Samankaltainen artikkeli","link":""},"img":{"alt_text":"","src":"https:\/\/i0.wp.com\/puuhamari.fi\/wp-content\/uploads\/2025\/12\/Lamppu-ja-jalka.jpg?fit=1199%2C1200&ssl=1&resize=350%2C200","width":350,"height":200,"srcset":"https:\/\/i0.wp.com\/puuhamari.fi\/wp-content\/uploads\/2025\/12\/Lamppu-ja-jalka.jpg?fit=1199%2C1200&ssl=1&resize=350%2C200 1x, https:\/\/i0.wp.com\/puuhamari.fi\/wp-content\/uploads\/2025\/12\/Lamppu-ja-jalka.jpg?fit=1199%2C1200&ssl=1&resize=525%2C300 1.5x, https:\/\/i0.wp.com\/puuhamari.fi\/wp-content\/uploads\/2025\/12\/Lamppu-ja-jalka.jpg?fit=1199%2C1200&ssl=1&resize=700%2C400 2x, https:\/\/i0.wp.com\/puuhamari.fi\/wp-content\/uploads\/2025\/12\/Lamppu-ja-jalka.jpg?fit=1199%2C1200&ssl=1&resize=1050%2C600 3x"},"classes":[]},{"id":3167,"url":"https:\/\/puuhamari.fi\/?product=orb-tela-120-mm","url_meta":{"origin":10468,"position":3},"title":"ORB &#8211; Mikrokuitutela 120 mm","author":"PuuhaMari","date":"4 huhtikuun, 2022","format":false,"excerpt":"Mikrokuitua. Leveys 12 cm, nukan korkeus 5 mm.","rel":"","context":"With 1 comment","block_context":{"text":"With 1 comment","link":"https:\/\/puuhamari.fi\/?product=orb-tela-120-mm#comments"},"img":{"alt_text":"","src":"https:\/\/i0.wp.com\/puuhamari.fi\/wp-content\/uploads\/2022\/04\/IMG_6449-scaled.jpg?fit=1200%2C800&ssl=1&resize=350%2C200","width":350,"height":200,"srcset":"https:\/\/i0.wp.com\/puuhamari.fi\/wp-content\/uploads\/2022\/04\/IMG_6449-scaled.jpg?fit=1200%2C800&ssl=1&resize=350%2C200 1x, https:\/\/i0.wp.com\/puuhamari.fi\/wp-content\/uploads\/2022\/04\/IMG_6449-scaled.jpg?fit=1200%2C800&ssl=1&resize=525%2C300 1.5x, https:\/\/i0.wp.com\/puuhamari.fi\/wp-content\/uploads\/2022\/04\/IMG_6449-scaled.jpg?fit=1200%2C800&ssl=1&resize=700%2C400 2x, https:\/\/i0.wp.com\/puuhamari.fi\/wp-content\/uploads\/2022\/04\/IMG_6449-scaled.jpg?fit=1200%2C800&ssl=1&resize=1050%2C600 3x"},"classes":[]},{"id":8435,"url":"https:\/\/puuhamari.fi\/?product=orb-telavarsi-100-120-mm","url_meta":{"origin":10468,"position":4},"title":"ORB &#8211; Telavarsi 100\/120 mm","author":"PuuhaMari","date":"26 hein\u00e4kuun, 2024","format":false,"excerpt":"Kalustemaalaukseen sopiva lyhyt varsiosa. Voidaan k\u00e4ytt\u00e4\u00e4 10-12 cm leveiden telarullien kanssa.","rel":"","context":"Samankaltainen artikkeli","block_context":{"text":"Samankaltainen artikkeli","link":""},"img":{"alt_text":"","src":"https:\/\/i0.wp.com\/puuhamari.fi\/wp-content\/uploads\/2024\/07\/Paint-roller-holder-PRH100-120.png?fit=952%2C948&ssl=1&resize=350%2C200","width":350,"height":200,"srcset":"https:\/\/i0.wp.com\/puuhamari.fi\/wp-content\/uploads\/2024\/07\/Paint-roller-holder-PRH100-120.png?fit=952%2C948&ssl=1&resize=350%2C200 1x, https:\/\/i0.wp.com\/puuhamari.fi\/wp-content\/uploads\/2024\/07\/Paint-roller-holder-PRH100-120.png?fit=952%2C948&ssl=1&resize=525%2C300 1.5x, https:\/\/i0.wp.com\/puuhamari.fi\/wp-content\/uploads\/2024\/07\/Paint-roller-holder-PRH100-120.png?fit=952%2C948&ssl=1&resize=700%2C400 2x"},"classes":[]},{"id":8185,"url":"https:\/\/puuhamari.fi\/?product=koristekuvio-shyness","url_meta":{"origin":10468,"position":5},"title":"Koristekuvio Shyness","author":"PuuhaMari","date":"17 hein\u00e4kuun, 2024","format":false,"excerpt":"Puupuristetta, joka huoneenl\u00e4mm\u00f6ss\u00e4 k\u00e4ytt\u00e4ytyy kuten tavalliset puukoristeet, mutta l\u00e4mmitettyn\u00e4 taipuu ja muotoutuu mm. py\u00f6reisiin ja kulmikkaisiin kalusteiden kohtiin. Kiinnitet\u00e4\u00e4n tavallisella puuliimalla. Pakkauksessa 2 koristetta, joiden leveydet ovat 20,2 cm ja korkeudet 6,5 cm. L\u00c4MMIT\u00c4, LIIMAA, MAALAA; niin yksinkertainen on FlexyWood.","rel":"","context":"Samankaltainen artikkeli","block_context":{"text":"Samankaltainen artikkeli","link":""},"img":{"alt_text":"","src":"https:\/\/i0.wp.com\/puuhamari.fi\/wp-content\/uploads\/2024\/07\/SHYNESS-pair-510x510-1.jpg?fit=510%2C510&ssl=1&resize=350%2C200","width":350,"height":200},"classes":[]}],"_links":{"self":[{"href":"https:\/\/puuhamari.fi\/index.php?rest_route=\/wp\/v2\/product\/10468","targetHints":{"allow":["GET"]}}],"collection":[{"href":"https:\/\/puuhamari.fi\/index.php?rest_route=\/wp\/v2\/product"}],"about":[{"href":"https:\/\/puuhamari.fi\/index.php?rest_route=\/wp\/v2\/types\/product"}],"replies":[{"embeddable":true,"href":"https:\/\/puuhamari.fi\/index.php?rest_route=%2Fwp%2Fv2%2Fcomments&post=10468"}],"version-history":[{"count":1,"href":"https:\/\/puuhamari.fi\/index.php?rest_route=\/wp\/v2\/product\/10468\/revisions"}],"predecessor-version":[{"id":10473,"href":"https:\/\/puuhamari.fi\/index.php?rest_route=\/wp\/v2\/product\/10468\/revisions\/10473"}],"wp:featuredmedia":[{"embeddable":true,"href":"https:\/\/puuhamari.fi\/index.php?rest_route=\/wp\/v2\/media\/10448"}],"wp:attachment":[{"href":"https:\/\/puuhamari.fi\/index.php?rest_route=%2Fwp%2Fv2%2Fmedia&parent=10468"}],"wp:term":[{"taxonomy":"product_brand","embeddable":true,"href":"https:\/\/puuhamari.fi\/index.php?rest_route=%2Fwp%2Fv2%2Fproduct_brand&post=10468"},{"taxonomy":"product_cat","embeddable":true,"href":"https:\/\/puuhamari.fi\/index.php?rest_route=%2Fwp%2Fv2%2Fproduct_cat&post=10468"},{"taxonomy":"product_tag","embeddable":true,"href":"https:\/\/puuhamari.fi\/index.php?rest_route=%2Fwp%2Fv2%2Fproduct_tag&post=10468"}],"curies":[{"name":"wp","href":"https:\/\/api.w.org\/{rel}","templated":true}]}}