{"id":10493,"date":"2025-12-18T17:47:15","date_gmt":"2025-12-18T15:47:15","guid":{"rendered":"https:\/\/puuhamari.fi\/?post_type=product&#038;p=10493"},"modified":"2026-01-07T18:23:53","modified_gmt":"2026-01-07T16:23:53","slug":"poytatabletit","status":"publish","type":"product","link":"https:\/\/puuhamari.fi\/?product=poytatabletit","title":{"rendered":"P\u00f6yt\u00e4tabletit"},"content":{"rendered":"","protected":false},"excerpt":{"rendered":"<p>N\u00e4m\u00e4 nelj\u00e4 komean kokoista, kest\u00e4v\u00e4\u00e4 ja pest\u00e4v\u00e4\u00e4 farkkukankaista valmistettua tablettia myyd\u00e4\u00e4n kappaleittain. Jos siis haluat YHTEENS\u00c4 4 uniikkia tablettia, muista klikata alla olevasta valikosta kaikki nelj\u00e4 <em>(eri numeroilla varustettua tablettia)<\/em> erikseen ostoskoriisi.<\/p>\n<p>Tabletit ovat kaikki kooltaan mukavan suuria <em>(n. 48&#215;33 cm)<\/em>. Kaikkien taustapuolella on samanlainen, valkoinen puuvillakangas, mutta etupuolet eroavat toisistaan farkkupalojensa v\u00e4rij\u00e4rjestyksiss\u00e4. Jokaisessa on sapluunakuvio Bon Appetit, sek\u00e4 oikeaan reunaan kiinni ommeltu hauska yksityiskohta: housujen vy\u00f6lenkist\u00e4 tehty aterin-\/servettirengas!<\/p>\n","protected":false},"author":1,"featured_media":10446,"comment_status":"open","ping_status":"closed","template":"","meta":{"advgb_blocks_editor_width":"","advgb_blocks_columns_visual_guide":"","advanced_seo_description":"","jetpack_seo_html_title":"","jetpack_seo_noindex":false,"_kad_post_transparent":"default","_kad_post_title":"","_kad_post_layout":"default","_kad_post_sidebar_id":"","_kad_post_content_style":"default","_kad_post_vertical_padding":"default","_kad_post_feature":"","_kad_post_feature_position":"","_kad_post_header":false,"_kad_post_footer":false,"_kad_post_classname":"","jetpack_post_was_ever_published":true},"product_brand":[],"product_cat":[1444],"product_tag":[1451,1475,1453,1476,1477,1478,1474],"class_list":{"0":"post-10493","1":"product","2":"type-product","3":"status-publish","4":"has-post-thumbnail","6":"product_cat-puuhavierailija-hannahuuhaa","7":"product_tag-farkku","8":"product_tag-farkkutabletti","9":"product_tag-hannahuuhaa","10":"product_tag-kangastabletti","11":"product_tag-poytatabletti","12":"product_tag-poytatekstiili","13":"product_tag-tabletti","15":"first","16":"instock","17":"taxable","18":"shipping-taxable","19":"purchasable","20":"product-type-variable","21":"entry","22":"content-bg","23":"loop-entry"},"featured_img":"https:\/\/puuhamari.fi\/wp-content\/uploads\/2025\/12\/Tabletit.jpg","coauthors":[],"author_meta":{"author_link":"https:\/\/puuhamari.fi\/?author=1","display_name":"PuuhaMari"},"relative_dates":{"created":"Julkaistu 4 kuukautta sitten","modified":"P\u00e4ivitetty 3 kuukautta sitten"},"absolute_dates":{"created":"Julkaistu 18 joulukuun, 2025","modified":"P\u00e4ivitetty 7 tammikuun, 2026"},"absolute_dates_time":{"created":"Julkaistu 18 joulukuun, 2025 5:47 pm","modified":"P\u00e4ivitetty 7 tammikuun, 2026 6:23 pm"},"featured_img_caption":"","tax_additional":{"product_brand":{"linked":[],"unlinked":[],"slug":"product_brand","name":"Br\u00e4ndit"},"product_type":{"linked":["<a href=\"https:\/\/puuhamari.fi\/?taxonomy=product_type&#038;term=variable\" class=\"advgb-post-tax-term\">variable<\/a>"],"unlinked":["<span class=\"advgb-post-tax-term\">variable<\/span>"],"slug":"product_type","name":"Tuotetyyppi"},"product_visibility":{"linked":[],"unlinked":[],"slug":"product_visibility","name":"Tuotteen n\u00e4kyvyys"},"product_cat":{"linked":["<a href=\"https:\/\/puuhamari.fi\/?product_cat=puuhavierailija-hannahuuhaa\" class=\"advgb-post-tax-term\">PuuhaVierailija: Hannahuuhaa<\/a>"],"unlinked":["<span class=\"advgb-post-tax-term\">PuuhaVierailija: Hannahuuhaa<\/span>"],"slug":"product_cat","name":"Osastot"},"product_tag":{"linked":["<a href=\"https:\/\/puuhamari.fi\/?product_tag=farkku\" class=\"advgb-post-tax-term\">Farkku<\/a>","<a href=\"https:\/\/puuhamari.fi\/?product_tag=farkkutabletti\" class=\"advgb-post-tax-term\">Farkkutabletti<\/a>","<a href=\"https:\/\/puuhamari.fi\/?product_tag=hannahuuhaa\" class=\"advgb-post-tax-term\">Hannahuuhaa<\/a>","<a href=\"https:\/\/puuhamari.fi\/?product_tag=kangastabletti\" class=\"advgb-post-tax-term\">Kangastabletti<\/a>","<a href=\"https:\/\/puuhamari.fi\/?product_tag=poytatabletti\" class=\"advgb-post-tax-term\">P\u00f6yt\u00e4tabletti<\/a>","<a href=\"https:\/\/puuhamari.fi\/?product_tag=poytatekstiili\" class=\"advgb-post-tax-term\">P\u00f6yt\u00e4tekstiili<\/a>","<a href=\"https:\/\/puuhamari.fi\/?product_tag=tabletti\" class=\"advgb-post-tax-term\">Tabletti<\/a>"],"unlinked":["<span class=\"advgb-post-tax-term\">Farkku<\/span>","<span class=\"advgb-post-tax-term\">Farkkutabletti<\/span>","<span class=\"advgb-post-tax-term\">Hannahuuhaa<\/span>","<span class=\"advgb-post-tax-term\">Kangastabletti<\/span>","<span class=\"advgb-post-tax-term\">P\u00f6yt\u00e4tabletti<\/span>","<span class=\"advgb-post-tax-term\">P\u00f6yt\u00e4tekstiili<\/span>","<span class=\"advgb-post-tax-term\">Tabletti<\/span>"],"slug":"product_tag","name":"Avainsanat tuotteelle"},"product_shipping_class":{"linked":[],"unlinked":[],"slug":"product_shipping_class","name":"Tuotteen toimitusluokat"},"pos_product_visibility":{"linked":[],"unlinked":[],"slug":"pos_product_visibility","name":"POS Product visibility"},"pa_arkin-koko":{"linked":[],"unlinked":[],"slug":"pa_arkin-koko","name":"Tuote Arkin koko"},"pa_hiomatyynyn-karkeus":{"linked":[],"unlinked":[],"slug":"pa_hiomatyynyn-karkeus","name":"Tuote Hiomatyynyn karkeus"},"pa_kehys":{"linked":[],"unlinked":[],"slug":"pa_kehys","name":"Tuote Kehys"},"pa_kuvion-nro":{"linked":[],"unlinked":[],"slug":"pa_kuvion-nro","name":"Tuote Kuvion nro"},"pa_littean-pensselin-koko":{"linked":[],"unlinked":[],"slug":"pa_littean-pensselin-koko","name":"Tuote Litte\u00e4n pensselin koko"},"pa_maalivari":{"linked":[],"unlinked":[],"slug":"pa_maalivari","name":"Tuote Maaliv\u00e4ri"},"pa_palatapettien-lkm":{"linked":[],"unlinked":[],"slug":"pa_palatapettien-lkm","name":"Tuote Palatapettien lkm"},"pa_purkin-koko":{"linked":[],"unlinked":[],"slug":"pa_purkin-koko","name":"Tuote Purkin koko"},"pa_sapluunan-koko":{"linked":[],"unlinked":[],"slug":"pa_sapluunan-koko","name":"Tuote Sapluunan koko"},"pa_tabletti":{"linked":["<a href=\"https:\/\/puuhamari.fi\/?taxonomy=pa_tabletti&#038;term=tabletti-14\" class=\"advgb-post-tax-term\">Tabletti 14<\/a>","<a href=\"https:\/\/puuhamari.fi\/?taxonomy=pa_tabletti&#038;term=tabletti-15\" class=\"advgb-post-tax-term\">Tabletti 15<\/a>","<a href=\"https:\/\/puuhamari.fi\/?taxonomy=pa_tabletti&#038;term=tabletti-16\" class=\"advgb-post-tax-term\">Tabletti 16<\/a>","<a href=\"https:\/\/puuhamari.fi\/?taxonomy=pa_tabletti&#038;term=tabletti-17\" class=\"advgb-post-tax-term\">Tabletti 17<\/a>"],"unlinked":["<span class=\"advgb-post-tax-term\">Tabletti 14<\/span>","<span class=\"advgb-post-tax-term\">Tabletti 15<\/span>","<span class=\"advgb-post-tax-term\">Tabletti 16<\/span>","<span class=\"advgb-post-tax-term\">Tabletti 17<\/span>"],"slug":"pa_tabletti","name":"Tuote Tabletti"},"pa_valitse-sisalto":{"linked":[],"unlinked":[],"slug":"pa_valitse-sisalto","name":"Tuote Valitse sis\u00e4lt\u00f6"},"pa_varjostin":{"linked":[],"unlinked":[],"slug":"pa_varjostin","name":"Tuote Varjostin"}},"series_order":"","jetpack_sharing_enabled":true,"jetpack_likes_enabled":true,"jetpack-related-posts":[{"id":10037,"url":"https:\/\/puuhamari.fi\/?product=garden-marvels","url_meta":{"origin":10493,"position":0},"title":"Siirtokuva Garden Marvels","author":"PuuhaMari","date":"15 elokuun, 2025","format":false,"excerpt":"Puutarhan ihanuuksia -siirtokuvapaketti sis\u00e4lt\u00e4\u00e4 kolme kalvoa, jotka kaikki ovat korkeudeltaan n. 30 cm, ja leveydelt\u00e4\u00e4n 15 cm. Kalvoilla on yhteens\u00e4 29 suloista kuvaa, ja nelj\u00e4 eri teksti\u00e4. Lintuh\u00e4kin mitat ovat n. 11 x 6 cm, sen yl\u00e4puolella olevan sinisen linnun n. 6 x 3 cm. Sana \"Home\" taas on n.\u2026","rel":"","context":"Samankaltainen artikkeli","block_context":{"text":"Samankaltainen artikkeli","link":""},"img":{"alt_text":"","src":"https:\/\/i0.wp.com\/puuhamari.fi\/wp-content\/uploads\/2025\/08\/Garden-Marvels-6.png?fit=799%2C799&ssl=1&resize=350%2C200","width":350,"height":200,"srcset":"https:\/\/i0.wp.com\/puuhamari.fi\/wp-content\/uploads\/2025\/08\/Garden-Marvels-6.png?fit=799%2C799&ssl=1&resize=350%2C200 1x, https:\/\/i0.wp.com\/puuhamari.fi\/wp-content\/uploads\/2025\/08\/Garden-Marvels-6.png?fit=799%2C799&ssl=1&resize=525%2C300 1.5x, https:\/\/i0.wp.com\/puuhamari.fi\/wp-content\/uploads\/2025\/08\/Garden-Marvels-6.png?fit=799%2C799&ssl=1&resize=700%2C400 2x"},"classes":[]},{"id":2640,"url":"https:\/\/puuhamari.fi\/?product=ash","url_meta":{"origin":10493,"position":1},"title":"Ash","author":"PuuhaMari","date":"28 helmikuun, 2022","format":false,"excerpt":"Tumma, pehme\u00e4 hiilenharmaa. Vahva tunnelmanluoja. Huom! Jos sinulla on suurempi projekti: Ashi\u00e4 on nyt saatavana edullisemmin 2 litran pullossa. Tarkoittaa suomeksi sanottuna sit\u00e4, ett\u00e4 saat nelj\u00e4n normaalikokoisen (500 ml) purkin verran maalia kolmen purkin hinnalla!","rel":"","context":"Samankaltainen artikkeli","block_context":{"text":"Samankaltainen artikkeli","link":""},"img":{"alt_text":"","src":"https:\/\/i0.wp.com\/puuhamari.fi\/wp-content\/uploads\/2022\/02\/Fusion_Mineral_Paint_Ash_pint-B-scaled.jpg?fit=1200%2C1200&ssl=1&resize=350%2C200","width":350,"height":200,"srcset":"https:\/\/i0.wp.com\/puuhamari.fi\/wp-content\/uploads\/2022\/02\/Fusion_Mineral_Paint_Ash_pint-B-scaled.jpg?fit=1200%2C1200&ssl=1&resize=350%2C200 1x, https:\/\/i0.wp.com\/puuhamari.fi\/wp-content\/uploads\/2022\/02\/Fusion_Mineral_Paint_Ash_pint-B-scaled.jpg?fit=1200%2C1200&ssl=1&resize=525%2C300 1.5x, https:\/\/i0.wp.com\/puuhamari.fi\/wp-content\/uploads\/2022\/02\/Fusion_Mineral_Paint_Ash_pint-B-scaled.jpg?fit=1200%2C1200&ssl=1&resize=700%2C400 2x, https:\/\/i0.wp.com\/puuhamari.fi\/wp-content\/uploads\/2022\/02\/Fusion_Mineral_Paint_Ash_pint-B-scaled.jpg?fit=1200%2C1200&ssl=1&resize=1050%2C600 3x"},"classes":[]},{"id":2738,"url":"https:\/\/puuhamari.fi\/?product=midnight-blue","url_meta":{"origin":10493,"position":2},"title":"Midnight Blue","author":"PuuhaMari","date":"2 maaliskuun, 2022","format":false,"excerpt":"Trendik\u00e4s, syv\u00e4 tummansininen - l\u00e4hestulkoon mustanpuhuva - tekee takuuvarman vaikutuksen miss\u00e4 tahansa kalusteessasi. Huom! Jos sinulla on suuri projekti: Midnight Blueta on nyt saatavana edullisemmin 2 litran pullossa. Tarkoittaa suomeksi sanottuna sit\u00e4, ett\u00e4 saat nelj\u00e4n normaalikokoisen (500 ml) purkin verran maalia kolmen purkin hinnalla!","rel":"","context":"With 1 comment","block_context":{"text":"With 1 comment","link":"https:\/\/puuhamari.fi\/?product=midnight-blue#comments"},"img":{"alt_text":"","src":"https:\/\/i0.wp.com\/puuhamari.fi\/wp-content\/uploads\/2022\/03\/Fusion_Mineral_Paint_Midnight_Blue_pint-b-scaled.jpg?fit=1200%2C1200&ssl=1&resize=350%2C200","width":350,"height":200,"srcset":"https:\/\/i0.wp.com\/puuhamari.fi\/wp-content\/uploads\/2022\/03\/Fusion_Mineral_Paint_Midnight_Blue_pint-b-scaled.jpg?fit=1200%2C1200&ssl=1&resize=350%2C200 1x, https:\/\/i0.wp.com\/puuhamari.fi\/wp-content\/uploads\/2022\/03\/Fusion_Mineral_Paint_Midnight_Blue_pint-b-scaled.jpg?fit=1200%2C1200&ssl=1&resize=525%2C300 1.5x, https:\/\/i0.wp.com\/puuhamari.fi\/wp-content\/uploads\/2022\/03\/Fusion_Mineral_Paint_Midnight_Blue_pint-b-scaled.jpg?fit=1200%2C1200&ssl=1&resize=700%2C400 2x, https:\/\/i0.wp.com\/puuhamari.fi\/wp-content\/uploads\/2022\/03\/Fusion_Mineral_Paint_Midnight_Blue_pint-b-scaled.jpg?fit=1200%2C1200&ssl=1&resize=1050%2C600 3x"},"classes":[]},{"id":2474,"url":"https:\/\/puuhamari.fi\/?product=coal-black","url_meta":{"origin":10493,"position":3},"title":"Coal Black","author":"PuuhaMari","date":"21 helmikuun, 2022","format":false,"excerpt":"\"Musta t\u00e4\u00e4 musta on ihan Sysimusta!\" Oikeasti MUSTA musta, jota k\u00e4ytt\u00e4m\u00e4ll\u00e4 voit esim. korostaa kotisi kirkkaampia tai valoisampia v\u00e4rej\u00e4. Huom! Jos sinulla on suurempi projekti: Coal Blacki\u00e4 on nyt saatavana edullisemmin 2 litran pullossa. Tarkoittaa suomeksi sanottuna sit\u00e4, ett\u00e4 saat nelj\u00e4n normaalikokoisen (500 ml) purkin verran maalia kolmen purkin hinnalla!","rel":"","context":"With 3 comments","block_context":{"text":"With 3 comments","link":"https:\/\/puuhamari.fi\/?product=coal-black#comments"},"img":{"alt_text":"","src":"https:\/\/i0.wp.com\/puuhamari.fi\/wp-content\/uploads\/2022\/02\/IMG_20220224_061606.jpg?fit=1199%2C1200&ssl=1&resize=350%2C200","width":350,"height":200,"srcset":"https:\/\/i0.wp.com\/puuhamari.fi\/wp-content\/uploads\/2022\/02\/IMG_20220224_061606.jpg?fit=1199%2C1200&ssl=1&resize=350%2C200 1x, https:\/\/i0.wp.com\/puuhamari.fi\/wp-content\/uploads\/2022\/02\/IMG_20220224_061606.jpg?fit=1199%2C1200&ssl=1&resize=525%2C300 1.5x, https:\/\/i0.wp.com\/puuhamari.fi\/wp-content\/uploads\/2022\/02\/IMG_20220224_061606.jpg?fit=1199%2C1200&ssl=1&resize=700%2C400 2x, https:\/\/i0.wp.com\/puuhamari.fi\/wp-content\/uploads\/2022\/02\/IMG_20220224_061606.jpg?fit=1199%2C1200&ssl=1&resize=1050%2C600 3x"},"classes":[]},{"id":2502,"url":"https:\/\/puuhamari.fi\/?product=victorian-lace","url_meta":{"origin":10493,"position":4},"title":"Victorian Lace","author":"PuuhaMari","date":"21 helmikuun, 2022","format":false,"excerpt":"Romanttinen, monivivahteinen valkoinen tasapainottelee kylmien ja l\u00e4mpimien s\u00e4vyjen v\u00e4limaastossa. Inspiraationl\u00e4hteen\u00e4 ollut viktoriaanisen aikakauden pitsit ja niiden taidokkaat yksityiskohdat. Huom! Jos sinulla on suurempi projekti: Victorian Lacea on nyt saatavana edullisemmin 2 litran pullossa. Tarkoittaa suomeksi sanottuna sit\u00e4, ett\u00e4 saat nelj\u00e4n normaalikokoisen (500 ml) purkin verran maalia kolmen purkin hinnalla! (\u00c4l\u00e4\u2026","rel":"","context":"Samankaltainen artikkeli","block_context":{"text":"Samankaltainen artikkeli","link":""},"img":{"alt_text":"","src":"https:\/\/i0.wp.com\/puuhamari.fi\/wp-content\/uploads\/2022\/02\/003-Fusion_Mineral_Paint_Victorian_Lace_Instagram_HR_210527_1166-Edit1-scaled.jpg?fit=1200%2C1200&ssl=1&resize=350%2C200","width":350,"height":200,"srcset":"https:\/\/i0.wp.com\/puuhamari.fi\/wp-content\/uploads\/2022\/02\/003-Fusion_Mineral_Paint_Victorian_Lace_Instagram_HR_210527_1166-Edit1-scaled.jpg?fit=1200%2C1200&ssl=1&resize=350%2C200 1x, https:\/\/i0.wp.com\/puuhamari.fi\/wp-content\/uploads\/2022\/02\/003-Fusion_Mineral_Paint_Victorian_Lace_Instagram_HR_210527_1166-Edit1-scaled.jpg?fit=1200%2C1200&ssl=1&resize=525%2C300 1.5x, https:\/\/i0.wp.com\/puuhamari.fi\/wp-content\/uploads\/2022\/02\/003-Fusion_Mineral_Paint_Victorian_Lace_Instagram_HR_210527_1166-Edit1-scaled.jpg?fit=1200%2C1200&ssl=1&resize=700%2C400 2x, https:\/\/i0.wp.com\/puuhamari.fi\/wp-content\/uploads\/2022\/02\/003-Fusion_Mineral_Paint_Victorian_Lace_Instagram_HR_210527_1166-Edit1-scaled.jpg?fit=1200%2C1200&ssl=1&resize=1050%2C600 3x"},"classes":[]},{"id":2486,"url":"https:\/\/puuhamari.fi\/?product=hazelwood","url_meta":{"origin":10493,"position":5},"title":"Hazelwood","author":"PuuhaMari","date":"21 helmikuun, 2022","format":false,"excerpt":"Syv\u00e4 harmaa, joka tuo l\u00e4mp\u00f6\u00e4 kotiisi. Luonnon s\u00e4vyill\u00e4 ja aineksilla sisustetun kodin perusv\u00e4rej\u00e4. Voit k\u00e4ytt\u00e4\u00e4 sit\u00e4 yhdess\u00e4 muiden s\u00e4vyjen s\u00e4vyjen kanssa lis\u00e4t\u00e4ksesi eri ulottuvuuksia kotisi pintoihin\/kalusteisiin, tai sellaisenaan tuomaan hiukaan draamaa sisustukseen. Huom! Jos sinulla on suurempi projekti: Hazelwoodia on nyt saatavana edullisemmin 2 litran pullossa. Tarkoittaa suomeksi sanottuna sit\u00e4,\u2026","rel":"","context":"With 1 comment","block_context":{"text":"With 1 comment","link":"https:\/\/puuhamari.fi\/?product=hazelwood#comments"},"img":{"alt_text":"","src":"https:\/\/i0.wp.com\/puuhamari.fi\/wp-content\/uploads\/2022\/02\/008-_HR_210515_Hazelwood_9733-Edit_W_JAR-b.jpg?fit=1200%2C1200&ssl=1&resize=350%2C200","width":350,"height":200,"srcset":"https:\/\/i0.wp.com\/puuhamari.fi\/wp-content\/uploads\/2022\/02\/008-_HR_210515_Hazelwood_9733-Edit_W_JAR-b.jpg?fit=1200%2C1200&ssl=1&resize=350%2C200 1x, https:\/\/i0.wp.com\/puuhamari.fi\/wp-content\/uploads\/2022\/02\/008-_HR_210515_Hazelwood_9733-Edit_W_JAR-b.jpg?fit=1200%2C1200&ssl=1&resize=525%2C300 1.5x, https:\/\/i0.wp.com\/puuhamari.fi\/wp-content\/uploads\/2022\/02\/008-_HR_210515_Hazelwood_9733-Edit_W_JAR-b.jpg?fit=1200%2C1200&ssl=1&resize=700%2C400 2x, https:\/\/i0.wp.com\/puuhamari.fi\/wp-content\/uploads\/2022\/02\/008-_HR_210515_Hazelwood_9733-Edit_W_JAR-b.jpg?fit=1200%2C1200&ssl=1&resize=1050%2C600 3x"},"classes":[]}],"_links":{"self":[{"href":"https:\/\/puuhamari.fi\/index.php?rest_route=\/wp\/v2\/product\/10493","targetHints":{"allow":["GET"]}}],"collection":[{"href":"https:\/\/puuhamari.fi\/index.php?rest_route=\/wp\/v2\/product"}],"about":[{"href":"https:\/\/puuhamari.fi\/index.php?rest_route=\/wp\/v2\/types\/product"}],"replies":[{"embeddable":true,"href":"https:\/\/puuhamari.fi\/index.php?rest_route=%2Fwp%2Fv2%2Fcomments&post=10493"}],"version-history":[{"count":3,"href":"https:\/\/puuhamari.fi\/index.php?rest_route=\/wp\/v2\/product\/10493\/revisions"}],"predecessor-version":[{"id":10502,"href":"https:\/\/puuhamari.fi\/index.php?rest_route=\/wp\/v2\/product\/10493\/revisions\/10502"}],"wp:featuredmedia":[{"embeddable":true,"href":"https:\/\/puuhamari.fi\/index.php?rest_route=\/wp\/v2\/media\/10446"}],"wp:attachment":[{"href":"https:\/\/puuhamari.fi\/index.php?rest_route=%2Fwp%2Fv2%2Fmedia&parent=10493"}],"wp:term":[{"taxonomy":"product_brand","embeddable":true,"href":"https:\/\/puuhamari.fi\/index.php?rest_route=%2Fwp%2Fv2%2Fproduct_brand&post=10493"},{"taxonomy":"product_cat","embeddable":true,"href":"https:\/\/puuhamari.fi\/index.php?rest_route=%2Fwp%2Fv2%2Fproduct_cat&post=10493"},{"taxonomy":"product_tag","embeddable":true,"href":"https:\/\/puuhamari.fi\/index.php?rest_route=%2Fwp%2Fv2%2Fproduct_tag&post=10493"}],"curies":[{"name":"wp","href":"https:\/\/api.w.org\/{rel}","templated":true}]}}