{"id":10898,"date":"2026-03-27T00:28:55","date_gmt":"2026-03-26T22:28:55","guid":{"rendered":"https:\/\/puuhamari.fi\/?post_type=product&#038;p=10898"},"modified":"2026-04-03T17:44:13","modified_gmt":"2026-04-03T14:44:13","slug":"4-kpleen-chromaflex-setti","status":"publish","type":"product","link":"https:\/\/puuhamari.fi\/?product=4-kpleen-chromaflex-setti","title":{"rendered":"4 kpl:een Chromaflex setti"},"content":{"rendered":"<div class=\"entry-content-asset videofit\">\n<div class=\"jetpack-video-wrapper\"><iframe title=\"Introducing ChromaFlex\u2122 - where every angle tells a story At Fusion, our colours are forever\" width=\"720\" height=\"405\" src=\"https:\/\/www.youtube.com\/embed\/hnJolrFERSs?feature=oembed\" frameborder=\"0\" allow=\"accelerometer; autoplay; clipboard-write; encrypted-media; gyroscope; picture-in-picture; web-share\" referrerpolicy=\"strict-origin-when-cross-origin\" allowfullscreen><\/iframe><\/div>\n<\/div>\n","protected":false},"excerpt":{"rendered":"<p><span style=\"color: #87b08d;\"><strong>Tilaukset tullaan toimittamaan asiakkaille &#8211; <em>tilausj\u00e4rjestyksess\u00e4 &#8211; <\/em>toukokuun puoliv\u00e4list\u00e4 alkaen.<\/strong><\/span><\/p>\n<p><em>Huom: T\u00e4m\u00e4 purkki sis\u00e4lt\u00e4\u00e4 yhden pikkutuubin\u00a0 (22 ml) jokaisesta nelj\u00e4st\u00e4 v\u00e4rist\u00e4. Yhteens\u00e4 siis 88 ml. PuuhaMarilla on Chromaflex-helmi\u00e4ispinnoitteita tarjolla my\u00f6s yksitt\u00e4isiss\u00e4 60 ml:n tuubeissa.<\/em><\/p>\n<p>Chromaflex muuttaa tavallisen poikkeukselliseksi. Valitset vain suosikkiv\u00e4risi, ja saat nostettua n\u00e4ytt\u00e4v\u00e4t kalusteet, sisustuselementit, taideteokset ja luovat projektit ihan uudelle tasolle: hohtaviksi, valoa vangitseviksi kokonaisuuksiksi. Aidosti ainutlaatuisiksi.<\/p>\n<p><strong>N\u00e4ill\u00e4 helmi\u00e4ispinnoitteilla toteutat yhden erikoisimmista visuaalisista efekteist\u00e4 ikin\u00e4:<br \/>\n<\/strong>\u2022 Tummien s\u00e4vyjen p\u00e4\u00e4ll\u00e4 lopputulos on intensiivinen, rohkea ja pys\u00e4ytt\u00e4v\u00e4.<br \/>\n\u2022 Keskis\u00e4vyille se tuo jatkuvasti muuttuvaa, moniulotteista kimmellyst\u00e4.<br \/>\n\u2022 Vaaleilla s\u00e4vyill\u00e4 efekti on hienostunut, helmen hohdon kaltainen.<\/p>\n<p>Voit k\u00e4ytt\u00e4\u00e4 pinnoitetta sellaisenaan, tai sekoitettuna Fusionin omaan kalustevahaan, kuten alla olevalla videolla.<\/p>\n<p><strong>Kuivumisajat<br \/>\n<\/strong>Kosketuskuiva: 30 min \u2013 2 h<br \/>\nUudelleenmaalattavissa: 1\u20132 h<\/p>\n<p><strong>Kovettuminen<br \/>\n<\/strong>T\u00e4ysi kovettuminen: 21 p\u00e4iv\u00e4\u00e4<\/p>\n<p><a href=\"https:\/\/puuhamari.fi\/?p=10925\">Lue lis\u00e4\u00e4 Chromaflexeist\u00e4 PuuhaMarin blogin artikkelisarjasta.<\/a><\/p>\n","protected":false},"author":1,"featured_media":10881,"comment_status":"open","ping_status":"closed","template":"","meta":{"advgb_blocks_editor_width":"","advgb_blocks_columns_visual_guide":"","advanced_seo_description":"","jetpack_seo_html_title":"","jetpack_seo_noindex":false,"_kad_post_transparent":"default","_kad_post_title":"","_kad_post_layout":"default","_kad_post_sidebar_id":"","_kad_post_content_style":"default","_kad_post_vertical_padding":"default","_kad_post_feature":"","_kad_post_feature_position":"","_kad_post_header":false,"_kad_post_footer":false,"_kad_post_classname":"","jetpack_post_was_ever_published":false},"product_brand":[],"product_cat":[1499],"product_tag":[1504,1500,450,509,1511,578,1503,1502,1501,508,459,1509,1381,1506,1505,1507,1508],"class_list":{"0":"post-10898","1":"product","2":"type-product","3":"status-publish","4":"has-post-thumbnail","6":"product_cat-chromaflex-helmiaispinnoitteet","7":"product_tag-blue-butterfly","8":"product_tag-chromaflex","9":"product_tag-fusion","10":"product_tag-fusion-mineral-paint","11":"product_tag-helakanpunainen-sudenkorento","12":"product_tag-helmiainen","13":"product_tag-helmiaismaali","14":"product_tag-helmiaispinnoite","15":"product_tag-helmiaisvari","16":"product_tag-mineraalimaali","17":"product_tag-punainen","18":"product_tag-scarlet-dragonfly","19":"product_tag-sininen-perhonen","20":"product_tag-turkoosi-riikinkukko","21":"product_tag-turquoise-peacock","22":"product_tag-violet-hummingbird","23":"product_tag-violetti-kolibri","25":"first","26":"onbackorder","27":"taxable","28":"shipping-taxable","29":"purchasable","30":"product-type-simple","31":"entry","32":"content-bg","33":"loop-entry"},"featured_img":"https:\/\/puuhamari.fi\/wp-content\/uploads\/2026\/03\/ChromaflexContainerGroupig11.jpg","coauthors":[],"author_meta":{"author_link":"https:\/\/puuhamari.fi\/?author=1","display_name":"PuuhaMari"},"relative_dates":{"created":"Julkaistu 4 viikkoa sitten","modified":"P\u00e4ivitetty 2 viikkoa sitten"},"absolute_dates":{"created":"Julkaistu 27 maaliskuun, 2026","modified":"P\u00e4ivitetty 3 huhtikuun, 2026"},"absolute_dates_time":{"created":"Julkaistu 27 maaliskuun, 2026 12:28 am","modified":"P\u00e4ivitetty 3 huhtikuun, 2026 5:44 pm"},"featured_img_caption":"","tax_additional":{"product_brand":{"linked":[],"unlinked":[],"slug":"product_brand","name":"Br\u00e4ndit"},"product_type":{"linked":["<a href=\"https:\/\/puuhamari.fi\/?taxonomy=product_type&#038;term=simple\" class=\"advgb-post-tax-term\">simple<\/a>"],"unlinked":["<span class=\"advgb-post-tax-term\">simple<\/span>"],"slug":"product_type","name":"Tuotetyyppi"},"product_visibility":{"linked":[],"unlinked":[],"slug":"product_visibility","name":"Tuotteen n\u00e4kyvyys"},"product_cat":{"linked":["<a href=\"https:\/\/puuhamari.fi\/?product_cat=chromaflex-helmiaispinnoitteet\" class=\"advgb-post-tax-term\">Chromaflex- helmi\u00e4ispinnoitteet<\/a>"],"unlinked":["<span class=\"advgb-post-tax-term\">Chromaflex- helmi\u00e4ispinnoitteet<\/span>"],"slug":"product_cat","name":"Osastot"},"product_tag":{"linked":["<a href=\"https:\/\/puuhamari.fi\/?product_tag=blue-butterfly\" class=\"advgb-post-tax-term\">Blue Butterfly<\/a>","<a href=\"https:\/\/puuhamari.fi\/?product_tag=chromaflex\" class=\"advgb-post-tax-term\">Chromaflex<\/a>","<a href=\"https:\/\/puuhamari.fi\/?product_tag=fusion\" class=\"advgb-post-tax-term\">Fusion<\/a>","<a href=\"https:\/\/puuhamari.fi\/?product_tag=fusion-mineral-paint\" class=\"advgb-post-tax-term\">Fusion Mineral Paint<\/a>","<a href=\"https:\/\/puuhamari.fi\/?product_tag=helakanpunainen-sudenkorento\" class=\"advgb-post-tax-term\">helakanpunainen sudenkorento<\/a>","<a href=\"https:\/\/puuhamari.fi\/?product_tag=helmiainen\" class=\"advgb-post-tax-term\">Helmi\u00e4inen<\/a>","<a href=\"https:\/\/puuhamari.fi\/?product_tag=helmiaismaali\" class=\"advgb-post-tax-term\">helmi\u00e4ismaali<\/a>","<a href=\"https:\/\/puuhamari.fi\/?product_tag=helmiaispinnoite\" class=\"advgb-post-tax-term\">helmi\u00e4ispinnoite<\/a>","<a href=\"https:\/\/puuhamari.fi\/?product_tag=helmiaisvari\" class=\"advgb-post-tax-term\">helmi\u00e4isv\u00e4ri<\/a>","<a href=\"https:\/\/puuhamari.fi\/?product_tag=mineraalimaali\" class=\"advgb-post-tax-term\">Mineraalimaali<\/a>","<a href=\"https:\/\/puuhamari.fi\/?product_tag=punainen\" class=\"advgb-post-tax-term\">punainen<\/a>","<a href=\"https:\/\/puuhamari.fi\/?product_tag=scarlet-dragonfly\" class=\"advgb-post-tax-term\">Scarlet Dragonfly<\/a>","<a href=\"https:\/\/puuhamari.fi\/?product_tag=sininen-perhonen\" class=\"advgb-post-tax-term\">sininen perhonen<\/a>","<a href=\"https:\/\/puuhamari.fi\/?product_tag=turkoosi-riikinkukko\" class=\"advgb-post-tax-term\">turkoosi riikinkukko<\/a>","<a href=\"https:\/\/puuhamari.fi\/?product_tag=turquoise-peacock\" class=\"advgb-post-tax-term\">Turquoise Peacock<\/a>","<a href=\"https:\/\/puuhamari.fi\/?product_tag=violet-hummingbird\" class=\"advgb-post-tax-term\">Violet Hummingbird<\/a>","<a href=\"https:\/\/puuhamari.fi\/?product_tag=violetti-kolibri\" class=\"advgb-post-tax-term\">violetti kolibri<\/a>"],"unlinked":["<span class=\"advgb-post-tax-term\">Blue Butterfly<\/span>","<span class=\"advgb-post-tax-term\">Chromaflex<\/span>","<span class=\"advgb-post-tax-term\">Fusion<\/span>","<span class=\"advgb-post-tax-term\">Fusion Mineral Paint<\/span>","<span class=\"advgb-post-tax-term\">helakanpunainen sudenkorento<\/span>","<span class=\"advgb-post-tax-term\">Helmi\u00e4inen<\/span>","<span class=\"advgb-post-tax-term\">helmi\u00e4ismaali<\/span>","<span class=\"advgb-post-tax-term\">helmi\u00e4ispinnoite<\/span>","<span class=\"advgb-post-tax-term\">helmi\u00e4isv\u00e4ri<\/span>","<span class=\"advgb-post-tax-term\">Mineraalimaali<\/span>","<span class=\"advgb-post-tax-term\">punainen<\/span>","<span class=\"advgb-post-tax-term\">Scarlet Dragonfly<\/span>","<span class=\"advgb-post-tax-term\">sininen perhonen<\/span>","<span class=\"advgb-post-tax-term\">turkoosi riikinkukko<\/span>","<span class=\"advgb-post-tax-term\">Turquoise Peacock<\/span>","<span class=\"advgb-post-tax-term\">Violet Hummingbird<\/span>","<span class=\"advgb-post-tax-term\">violetti kolibri<\/span>"],"slug":"product_tag","name":"Avainsanat tuotteelle"},"product_shipping_class":{"linked":[],"unlinked":[],"slug":"product_shipping_class","name":"Tuotteen toimitusluokat"},"pos_product_visibility":{"linked":[],"unlinked":[],"slug":"pos_product_visibility","name":"POS Product visibility"},"pa_arkin-koko":{"linked":[],"unlinked":[],"slug":"pa_arkin-koko","name":"Tuote Arkin koko"},"pa_hiomatyynyn-karkeus":{"linked":[],"unlinked":[],"slug":"pa_hiomatyynyn-karkeus","name":"Tuote Hiomatyynyn karkeus"},"pa_kehys":{"linked":[],"unlinked":[],"slug":"pa_kehys","name":"Tuote Kehys"},"pa_kuvion-nro":{"linked":[],"unlinked":[],"slug":"pa_kuvion-nro","name":"Tuote Kuvion nro"},"pa_littean-pensselin-koko":{"linked":[],"unlinked":[],"slug":"pa_littean-pensselin-koko","name":"Tuote Litte\u00e4n pensselin koko"},"pa_maalivari":{"linked":[],"unlinked":[],"slug":"pa_maalivari","name":"Tuote Maaliv\u00e4ri"},"pa_palatapettien-lkm":{"linked":[],"unlinked":[],"slug":"pa_palatapettien-lkm","name":"Tuote Palatapettien lkm"},"pa_purkin-koko":{"linked":[],"unlinked":[],"slug":"pa_purkin-koko","name":"Tuote Purkin koko"},"pa_sapluunan-koko":{"linked":[],"unlinked":[],"slug":"pa_sapluunan-koko","name":"Tuote Sapluunan koko"},"pa_tabletti":{"linked":[],"unlinked":[],"slug":"pa_tabletti","name":"Tuote Tabletti"},"pa_valitse-sisalto":{"linked":[],"unlinked":[],"slug":"pa_valitse-sisalto","name":"Tuote Valitse sis\u00e4lt\u00f6"},"pa_varjostin":{"linked":[],"unlinked":[],"slug":"pa_varjostin","name":"Tuote Varjostin"}},"series_order":"","jetpack_sharing_enabled":true,"jetpack_likes_enabled":true,"jetpack-related-posts":[{"id":10864,"url":"https:\/\/puuhamari.fi\/?product=blue-butterfly-helmiaispinnoite","url_meta":{"origin":10898,"position":0},"title":"Blue Butterfly -helmi\u00e4ispinnoite","author":"PuuhaMari","date":"27 maaliskuun, 2026","format":false,"excerpt":"Tilaukset tullaan toimittamaan asiakkaille - tilausj\u00e4rjestyksess\u00e4 - toukokuun puoliv\u00e4list\u00e4 alkaen. Chromaflex muuttaa tavallisen poikkeukselliseksi. Valitset vain suosikkiv\u00e4risi, ja saat nostettua n\u00e4ytt\u00e4v\u00e4t kalusteet, sisustuselementit, taideteokset ja luovat projektit ihan uudelle tasolle: hohtaviksi, valoa vangitseviksi kokonaisuuksiksi. Aidosti ainutlaatuisiksi. N\u00e4ill\u00e4 helmi\u00e4ispinnoitteilla toteutat yhden erikoisimmista visuaalisista efekteist\u00e4 ikin\u00e4: \u2022 Tummien s\u00e4vyjen p\u00e4\u00e4ll\u00e4 lopputulos on\u2026","rel":"","context":"Samankaltainen artikkeli","block_context":{"text":"Samankaltainen artikkeli","link":""},"img":{"alt_text":"","src":"https:\/\/i0.wp.com\/puuhamari.fi\/wp-content\/uploads\/2026\/03\/ChromaflexTubeButterflySwatchig11.jpg?fit=1080%2C1080&ssl=1&resize=350%2C200","width":350,"height":200,"srcset":"https:\/\/i0.wp.com\/puuhamari.fi\/wp-content\/uploads\/2026\/03\/ChromaflexTubeButterflySwatchig11.jpg?fit=1080%2C1080&ssl=1&resize=350%2C200 1x, https:\/\/i0.wp.com\/puuhamari.fi\/wp-content\/uploads\/2026\/03\/ChromaflexTubeButterflySwatchig11.jpg?fit=1080%2C1080&ssl=1&resize=525%2C300 1.5x, https:\/\/i0.wp.com\/puuhamari.fi\/wp-content\/uploads\/2026\/03\/ChromaflexTubeButterflySwatchig11.jpg?fit=1080%2C1080&ssl=1&resize=700%2C400 2x, https:\/\/i0.wp.com\/puuhamari.fi\/wp-content\/uploads\/2026\/03\/ChromaflexTubeButterflySwatchig11.jpg?fit=1080%2C1080&ssl=1&resize=1050%2C600 3x"},"classes":[]},{"id":10880,"url":"https:\/\/puuhamari.fi\/?product=turquoise-peacock-helmiaispinnoite","url_meta":{"origin":10898,"position":1},"title":"Turquoise Peacock -helmi\u00e4ispinnoite","author":"PuuhaMari","date":"27 maaliskuun, 2026","format":false,"excerpt":"Tilaukset tullaan toimittamaan asiakkaille - tilausj\u00e4rjestyksess\u00e4 - toukokuun puoliv\u00e4list\u00e4 alkaen. Chromaflex muuttaa tavallisen poikkeukselliseksi. Valitset vain suosikkiv\u00e4risi, ja saat nostettua n\u00e4ytt\u00e4v\u00e4t kalusteet, sisustuselementit, taideteokset ja luovat projektit ihan uudelle tasolle: hohtaviksi, valoa vangitseviksi kokonaisuuksiksi. Aidosti ainutlaatuisiksi. N\u00e4ill\u00e4 helmi\u00e4ispinnoitteilla toteutat yhden erikoisimmista visuaalisista efekteist\u00e4 ikin\u00e4: \u2022 Tummien s\u00e4vyjen p\u00e4\u00e4ll\u00e4 lopputulos on\u2026","rel":"","context":"Samankaltainen artikkeli","block_context":{"text":"Samankaltainen artikkeli","link":""},"img":{"alt_text":"","src":"https:\/\/i0.wp.com\/puuhamari.fi\/wp-content\/uploads\/2026\/03\/ChromaflexTubePeacockSwatchig11.jpg?fit=1080%2C1080&ssl=1&resize=350%2C200","width":350,"height":200,"srcset":"https:\/\/i0.wp.com\/puuhamari.fi\/wp-content\/uploads\/2026\/03\/ChromaflexTubePeacockSwatchig11.jpg?fit=1080%2C1080&ssl=1&resize=350%2C200 1x, https:\/\/i0.wp.com\/puuhamari.fi\/wp-content\/uploads\/2026\/03\/ChromaflexTubePeacockSwatchig11.jpg?fit=1080%2C1080&ssl=1&resize=525%2C300 1.5x, https:\/\/i0.wp.com\/puuhamari.fi\/wp-content\/uploads\/2026\/03\/ChromaflexTubePeacockSwatchig11.jpg?fit=1080%2C1080&ssl=1&resize=700%2C400 2x, https:\/\/i0.wp.com\/puuhamari.fi\/wp-content\/uploads\/2026\/03\/ChromaflexTubePeacockSwatchig11.jpg?fit=1080%2C1080&ssl=1&resize=1050%2C600 3x"},"classes":[]},{"id":10892,"url":"https:\/\/puuhamari.fi\/?product=violet-hummingbird-helmiaispinnoite","url_meta":{"origin":10898,"position":2},"title":"Violet Hummingbird -helmi\u00e4ispinnoite","author":"PuuhaMari","date":"27 maaliskuun, 2026","format":false,"excerpt":"Tilaukset tullaan toimittamaan asiakkaille - tilausj\u00e4rjestyksess\u00e4 - toukokuun puoliv\u00e4list\u00e4 alkaen. Chromaflex muuttaa tavallisen poikkeukselliseksi. Valitset vain suosikkiv\u00e4risi, ja saat nostettua n\u00e4ytt\u00e4v\u00e4t kalusteet, sisustuselementit, taideteokset ja luovat projektit ihan uudelle tasolle: hohtaviksi, valoa vangitseviksi kokonaisuuksiksi. Aidosti ainutlaatuisiksi. N\u00e4ill\u00e4 helmi\u00e4ispinnoitteilla toteutat yhden erikoisimmista visuaalisista efekteist\u00e4 ikin\u00e4: \u2022 Tummien s\u00e4vyjen p\u00e4\u00e4ll\u00e4 lopputulos on\u2026","rel":"","context":"Samankaltainen artikkeli","block_context":{"text":"Samankaltainen artikkeli","link":""},"img":{"alt_text":"","src":"https:\/\/i0.wp.com\/puuhamari.fi\/wp-content\/uploads\/2026\/03\/ChromaflexTubeHummingbirdSwatchig11.jpg?fit=1080%2C1080&ssl=1&resize=350%2C200","width":350,"height":200,"srcset":"https:\/\/i0.wp.com\/puuhamari.fi\/wp-content\/uploads\/2026\/03\/ChromaflexTubeHummingbirdSwatchig11.jpg?fit=1080%2C1080&ssl=1&resize=350%2C200 1x, https:\/\/i0.wp.com\/puuhamari.fi\/wp-content\/uploads\/2026\/03\/ChromaflexTubeHummingbirdSwatchig11.jpg?fit=1080%2C1080&ssl=1&resize=525%2C300 1.5x, https:\/\/i0.wp.com\/puuhamari.fi\/wp-content\/uploads\/2026\/03\/ChromaflexTubeHummingbirdSwatchig11.jpg?fit=1080%2C1080&ssl=1&resize=700%2C400 2x, https:\/\/i0.wp.com\/puuhamari.fi\/wp-content\/uploads\/2026\/03\/ChromaflexTubeHummingbirdSwatchig11.jpg?fit=1080%2C1080&ssl=1&resize=1050%2C600 3x"},"classes":[]},{"id":10894,"url":"https:\/\/puuhamari.fi\/?product=scarlet-dragonfly-helmiaispinnoite","url_meta":{"origin":10898,"position":3},"title":"Scarlet Dragonfly -helmi\u00e4ispinnoite","author":"PuuhaMari","date":"27 maaliskuun, 2026","format":false,"excerpt":"Tilaukset tullaan toimittamaan asiakkaille - tilausj\u00e4rjestyksess\u00e4 - toukokuun puoliv\u00e4list\u00e4 alkaen. Chromaflex muuttaa tavallisen poikkeukselliseksi. Valitset vain suosikkiv\u00e4risi, ja saat nostettua n\u00e4ytt\u00e4v\u00e4t kalusteet, sisustuselementit, taideteokset ja luovat projektit ihan uudelle tasolle: hohtaviksi, valoa vangitseviksi kokonaisuuksiksi. Aidosti ainutlaatuisiksi. N\u00e4ill\u00e4 helmi\u00e4ispinnoitteilla toteutat yhden erikoisimmista visuaalisista efekteist\u00e4 ikin\u00e4: \u2022 Tummien s\u00e4vyjen p\u00e4\u00e4ll\u00e4 lopputulos on\u2026","rel":"","context":"Samankaltainen artikkeli","block_context":{"text":"Samankaltainen artikkeli","link":""},"img":{"alt_text":"","src":"https:\/\/i0.wp.com\/puuhamari.fi\/wp-content\/uploads\/2026\/03\/ChromaflexTubeDragonflySwatchig11.jpg?fit=1080%2C1080&ssl=1&resize=350%2C200","width":350,"height":200,"srcset":"https:\/\/i0.wp.com\/puuhamari.fi\/wp-content\/uploads\/2026\/03\/ChromaflexTubeDragonflySwatchig11.jpg?fit=1080%2C1080&ssl=1&resize=350%2C200 1x, https:\/\/i0.wp.com\/puuhamari.fi\/wp-content\/uploads\/2026\/03\/ChromaflexTubeDragonflySwatchig11.jpg?fit=1080%2C1080&ssl=1&resize=525%2C300 1.5x, https:\/\/i0.wp.com\/puuhamari.fi\/wp-content\/uploads\/2026\/03\/ChromaflexTubeDragonflySwatchig11.jpg?fit=1080%2C1080&ssl=1&resize=700%2C400 2x, https:\/\/i0.wp.com\/puuhamari.fi\/wp-content\/uploads\/2026\/03\/ChromaflexTubeDragonflySwatchig11.jpg?fit=1080%2C1080&ssl=1&resize=1050%2C600 3x"},"classes":[]},{"id":2486,"url":"https:\/\/puuhamari.fi\/?product=hazelwood","url_meta":{"origin":10898,"position":4},"title":"Hazelwood","author":"PuuhaMari","date":"21 helmikuun, 2022","format":false,"excerpt":"Syv\u00e4 harmaa, joka tuo l\u00e4mp\u00f6\u00e4 kotiisi. Luonnon s\u00e4vyill\u00e4 ja aineksilla sisustetun kodin perusv\u00e4rej\u00e4. Voit k\u00e4ytt\u00e4\u00e4 sit\u00e4 yhdess\u00e4 muiden s\u00e4vyjen s\u00e4vyjen kanssa lis\u00e4t\u00e4ksesi eri ulottuvuuksia kotisi pintoihin\/kalusteisiin, tai sellaisenaan tuomaan hiukaan draamaa sisustukseen. Huom! Jos sinulla on suurempi projekti: Hazelwoodia on nyt saatavana edullisemmin 2 litran pullossa. Tarkoittaa suomeksi sanottuna sit\u00e4,\u2026","rel":"","context":"With 1 comment","block_context":{"text":"With 1 comment","link":"https:\/\/puuhamari.fi\/?product=hazelwood#comments"},"img":{"alt_text":"","src":"https:\/\/i0.wp.com\/puuhamari.fi\/wp-content\/uploads\/2022\/02\/008-_HR_210515_Hazelwood_9733-Edit_W_JAR-b.jpg?fit=1200%2C1200&ssl=1&resize=350%2C200","width":350,"height":200,"srcset":"https:\/\/i0.wp.com\/puuhamari.fi\/wp-content\/uploads\/2022\/02\/008-_HR_210515_Hazelwood_9733-Edit_W_JAR-b.jpg?fit=1200%2C1200&ssl=1&resize=350%2C200 1x, https:\/\/i0.wp.com\/puuhamari.fi\/wp-content\/uploads\/2022\/02\/008-_HR_210515_Hazelwood_9733-Edit_W_JAR-b.jpg?fit=1200%2C1200&ssl=1&resize=525%2C300 1.5x, https:\/\/i0.wp.com\/puuhamari.fi\/wp-content\/uploads\/2022\/02\/008-_HR_210515_Hazelwood_9733-Edit_W_JAR-b.jpg?fit=1200%2C1200&ssl=1&resize=700%2C400 2x, https:\/\/i0.wp.com\/puuhamari.fi\/wp-content\/uploads\/2022\/02\/008-_HR_210515_Hazelwood_9733-Edit_W_JAR-b.jpg?fit=1200%2C1200&ssl=1&resize=1050%2C600 3x"},"classes":[]},{"id":3008,"url":"https:\/\/puuhamari.fi\/?product=champagne-gold-37-ml-metallimaali","url_meta":{"origin":10898,"position":5},"title":"Champagne Gold &#8211; metallimaali","author":"PuuhaMari","date":"19 maaliskuun, 2022","format":false,"excerpt":"\"Shampanjakulta\" metallimaali on moderni, hienostunut versio perinteisest\u00e4 kullasta. Valitse t\u00e4m\u00e4 s\u00e4vy silloin kun et halua perinteisen kullan \"raskasta\" ilmett\u00e4, vaan s\u00e4vyn joka on kevyempi ja huolettomampi. Kaikkien Fusionin METALLIMAALIEN riittoisuus on n. 12 m\u00b2\/litra. N\u00e4in ollen 250 ml purkki riitt\u00e4\u00e4 n. 3 m\u00b2:n alalle, ja pieni 37 ml purkki n.\u2026","rel":"","context":"With 3 comments","block_context":{"text":"With 3 comments","link":"https:\/\/puuhamari.fi\/?product=champagne-gold-37-ml-metallimaali#comments"},"img":{"alt_text":"","src":"https:\/\/i0.wp.com\/puuhamari.fi\/wp-content\/uploads\/2023\/07\/Champagne-Gold-1-FMP.png?fit=847%2C848&ssl=1&resize=350%2C200","width":350,"height":200,"srcset":"https:\/\/i0.wp.com\/puuhamari.fi\/wp-content\/uploads\/2023\/07\/Champagne-Gold-1-FMP.png?fit=847%2C848&ssl=1&resize=350%2C200 1x, https:\/\/i0.wp.com\/puuhamari.fi\/wp-content\/uploads\/2023\/07\/Champagne-Gold-1-FMP.png?fit=847%2C848&ssl=1&resize=525%2C300 1.5x, https:\/\/i0.wp.com\/puuhamari.fi\/wp-content\/uploads\/2023\/07\/Champagne-Gold-1-FMP.png?fit=847%2C848&ssl=1&resize=700%2C400 2x"},"classes":[]}],"_links":{"self":[{"href":"https:\/\/puuhamari.fi\/index.php?rest_route=\/wp\/v2\/product\/10898","targetHints":{"allow":["GET"]}}],"collection":[{"href":"https:\/\/puuhamari.fi\/index.php?rest_route=\/wp\/v2\/product"}],"about":[{"href":"https:\/\/puuhamari.fi\/index.php?rest_route=\/wp\/v2\/types\/product"}],"replies":[{"embeddable":true,"href":"https:\/\/puuhamari.fi\/index.php?rest_route=%2Fwp%2Fv2%2Fcomments&post=10898"}],"version-history":[{"count":7,"href":"https:\/\/puuhamari.fi\/index.php?rest_route=\/wp\/v2\/product\/10898\/revisions"}],"predecessor-version":[{"id":10982,"href":"https:\/\/puuhamari.fi\/index.php?rest_route=\/wp\/v2\/product\/10898\/revisions\/10982"}],"wp:featuredmedia":[{"embeddable":true,"href":"https:\/\/puuhamari.fi\/index.php?rest_route=\/wp\/v2\/media\/10881"}],"wp:attachment":[{"href":"https:\/\/puuhamari.fi\/index.php?rest_route=%2Fwp%2Fv2%2Fmedia&parent=10898"}],"wp:term":[{"taxonomy":"product_brand","embeddable":true,"href":"https:\/\/puuhamari.fi\/index.php?rest_route=%2Fwp%2Fv2%2Fproduct_brand&post=10898"},{"taxonomy":"product_cat","embeddable":true,"href":"https:\/\/puuhamari.fi\/index.php?rest_route=%2Fwp%2Fv2%2Fproduct_cat&post=10898"},{"taxonomy":"product_tag","embeddable":true,"href":"https:\/\/puuhamari.fi\/index.php?rest_route=%2Fwp%2Fv2%2Fproduct_tag&post=10898"}],"curies":[{"name":"wp","href":"https:\/\/api.w.org\/{rel}","templated":true}]}}