{"id":10907,"date":"2026-03-28T18:54:09","date_gmt":"2026-03-28T16:54:09","guid":{"rendered":"https:\/\/puuhamari.fi\/?post_type=product&#038;p=10907"},"modified":"2026-03-28T19:20:29","modified_gmt":"2026-03-28T17:20:29","slug":"fusion-mineral-paint-kalustemaalauskirja","status":"publish","type":"product","link":"https:\/\/puuhamari.fi\/?product=fusion-mineral-paint-kalustemaalauskirja","title":{"rendered":"Fusion Mineral Paint &#8211; Kalustemaalauskirja"},"content":{"rendered":"<p><strong>Kaikki mit\u00e4 sinun tarvitsee tiet\u00e4\u00e4 huonekalujen maalaamisesta Fusion\u2122 -mineraalimaaleilla.<\/strong><\/p>\n<p>Fusion Mineral Paintin kehitt\u00e4j\u00e4n, Jennylyn Pringlen, ensimm\u00e4inen kirja on todellinen aarre jokaiselle kalustemaalauksesta kiinnostuneelle. T\u00e4m\u00e4 yli 300-sivuinen kovakantinen teos yhdist\u00e4\u00e4 selke\u00e4t ohjeet, inspiroivat kuvat ja Fusionin vuosien kokemuksen yhdeksi kokonaisuudeksi, joka opastaa kaikkia aloittelijoista varmoihin tekij\u00f6ihin.<\/p>\n<p><strong>\u2022 Paksuin ja laajin kalustemaalauskirja, jonka olet n\u00e4hnyt.<\/strong> Jokainen vaihe pohjat\u00f6ist\u00e4 viimeistelyyn k\u00e4yd\u00e4\u00e4n l\u00e4pi perusteellisesti ja ymm\u00e4rrett\u00e4v\u00e4sti.<\/p>\n<p><strong>\u2022 Upea visuaalinen toteutus. <\/strong>Kauniit kannet, kultaiset yksityiskohdat ja selke\u00e4 taitto tekev\u00e4t kirjasta ilon k\u00e4ytt\u00e4\u00e4 ja antaa lahjaksi.<\/p>\n<p><strong>\u2022 K\u00e4yt\u00e4nn\u00f6llinen ja inspiroiva. <\/strong>Sis\u00e4lt\u00e4\u00e4 yli 45 toteutettavissa olevaa DIY\u2011muodonmuutosta, joista jokainen opettaa uuden tekniikan tai ratkaisun.<\/p>\n<p><strong>\u2022 Kokonaisvaltainen opas \u2013 ei vain pintaraapaisu. <\/strong>Et ole n\u00e4hnyt toista kirjaa, joka kattaisi kalustemaalauksen n\u00e4in t\u00e4ydellisesti. Mukana on <em>kirjaimellisesti kaikki:<\/em><\/p>\n<p>\u2606 Selke\u00e4t vaihe vaiheelta -ohjeet pohjat\u00f6ist\u00e4 viimeistelyyn<\/p>\n<p>\u2606 Tuoteselitykset, jotka tekev\u00e4t oikean materiaalin valinnasta helppoa<\/p>\n<p>\u2606 Tekniikoita, jotka rakentavat itsevarmuutta ja tuottavat kauniita, kest\u00e4vi\u00e4 tuloksia<\/p>\n<p>\u2606 Ongelmanratkaisuvinkkej\u00e4, jotta et j\u00e4\u00e4 koskaan jumiin<\/p>\n<p>\u2606 Modernit sile\u00e4t pinnat, kerrokselliset efektit, patinointi, v\u00e4rien yhdist\u00e4minen ja paljon muuta&#8230;<\/p>\n","protected":false},"excerpt":{"rendered":"<p>Laajin ja inspiroivin kalustemaalauskirja Fusion Mineral Paintilta. Yli 300 sivua ohjeita, tekniikoita ja DIY\u2011projekteja huonekalujen maalaukseen.<\/p>\n<p><strong><span style=\"color: #7db386;\">Kirja toimitetaan huhtikuun aikana.<\/span><\/strong><\/p>\n<p>Fusion Mineral Paintin perustajan Jennylyn Pringlen uunituore esikoiskirja on kattavin ja kaunein kalustemaalauskirja, jonka olet ikin\u00e4 n\u00e4hnyt!<\/p>\n<p>Yht\u00e4 Fusion-maalipurkkia vastaavalla hinnalla saat<strong> yli 300 sivua<\/strong> k\u00e4yt\u00e4nn\u00f6n ohjeita, inspiroivia ennen\u2013j\u00e4lkeen -kohteita ja selkeit\u00e4 tekniikoita, jotka rakentavat itsevarmuuttasi ja auttavat sinua onnistumaan maalausprojekteissasi kerta toisensa j\u00e4lkeen.<\/p>\n<p><span style=\"color: #7dad7e;\"><strong>Saatavilla vain englanninkielisen\u00e4.<\/strong><\/span><\/p>\n<p><strong>Kenelle se sopii?<\/strong><\/p>\n<p>Aloittelijoille, jotka haluavat selke\u00e4t, luotettavat ohjeet. Kokeneille tekij\u00f6ille, jotka kaipaavat uusia ideoita ja tekniikoita. Lahjaksi kaikille, jotka rakastavat tuunausta ja sisustamista.<\/p>\n<p>Kirja on suunniteltu tukemaan sek\u00e4 harrastajia ett\u00e4 pidemm\u00e4lle edenneit\u00e4: parempi opastus antaa aina paremmat tulokset!<\/p>\n<p><strong>Lue lis\u00e4\u00e4 alempaa, kohdasta KUVAUS&#8230;<\/strong><\/p>\n","protected":false},"author":1,"featured_media":10903,"comment_status":"open","ping_status":"closed","template":"","meta":{"advgb_blocks_editor_width":"","advgb_blocks_columns_visual_guide":"","advanced_seo_description":"","jetpack_seo_html_title":"","jetpack_seo_noindex":false,"_kad_post_transparent":"default","_kad_post_title":"","_kad_post_layout":"default","_kad_post_sidebar_id":"","_kad_post_content_style":"default","_kad_post_vertical_padding":"default","_kad_post_feature":"","_kad_post_feature_position":"","_kad_post_header":false,"_kad_post_footer":false,"_kad_post_classname":"","jetpack_post_was_ever_published":false},"product_brand":[],"product_cat":[1512],"product_tag":[1053,1513,1514,1061,928,1515,1519,1520,1516,1521,1054,540,1517,1518],"class_list":{"0":"post-10907","1":"product","2":"type-product","3":"status-publish","4":"has-post-thumbnail","6":"product_cat-kirjat","7":"product_tag-diy","8":"product_tag-huonekalujen-maalaus","9":"product_tag-huonekalujen-tuunaus","10":"product_tag-kalustemaalaus","11":"product_tag-kalustetuunaus","12":"product_tag-kirja","13":"product_tag-maalauskirja","14":"product_tag-maalausopas","15":"product_tag-opas","16":"product_tag-tee-se-itse","17":"product_tag-tsi","18":"product_tag-tuunaus","19":"product_tag-tuunauskirja","20":"product_tag-tuunausopas","22":"first","23":"onbackorder","24":"taxable","25":"shipping-taxable","26":"purchasable","27":"product-type-simple","28":"entry","29":"content-bg","30":"loop-entry"},"featured_img":"https:\/\/puuhamari.fi\/wp-content\/uploads\/2026\/03\/ONE011771.jpg","coauthors":[],"author_meta":{"author_link":"https:\/\/puuhamari.fi\/?author=1","display_name":"PuuhaMari"},"relative_dates":{"created":"Julkaistu 3 viikkoa sitten","modified":"P\u00e4ivitetty 3 viikkoa sitten"},"absolute_dates":{"created":"Julkaistu 28 maaliskuun, 2026","modified":"P\u00e4ivitetty 28 maaliskuun, 2026"},"absolute_dates_time":{"created":"Julkaistu 28 maaliskuun, 2026 6:54 pm","modified":"P\u00e4ivitetty 28 maaliskuun, 2026 7:20 pm"},"featured_img_caption":"","tax_additional":{"product_brand":{"linked":[],"unlinked":[],"slug":"product_brand","name":"Br\u00e4ndit"},"product_type":{"linked":["<a href=\"https:\/\/puuhamari.fi\/?taxonomy=product_type&#038;term=simple\" class=\"advgb-post-tax-term\">simple<\/a>"],"unlinked":["<span class=\"advgb-post-tax-term\">simple<\/span>"],"slug":"product_type","name":"Tuotetyyppi"},"product_visibility":{"linked":[],"unlinked":[],"slug":"product_visibility","name":"Tuotteen n\u00e4kyvyys"},"product_cat":{"linked":["<a href=\"https:\/\/puuhamari.fi\/?product_cat=kirjat\" class=\"advgb-post-tax-term\">Kirjat<\/a>"],"unlinked":["<span class=\"advgb-post-tax-term\">Kirjat<\/span>"],"slug":"product_cat","name":"Osastot"},"product_tag":{"linked":["<a href=\"https:\/\/puuhamari.fi\/?product_tag=diy\" class=\"advgb-post-tax-term\">DIY<\/a>","<a href=\"https:\/\/puuhamari.fi\/?product_tag=huonekalujen-maalaus\" class=\"advgb-post-tax-term\">huonekalujen maalaus<\/a>","<a href=\"https:\/\/puuhamari.fi\/?product_tag=huonekalujen-tuunaus\" class=\"advgb-post-tax-term\">huonekalujen tuunaus<\/a>","<a href=\"https:\/\/puuhamari.fi\/?product_tag=kalustemaalaus\" class=\"advgb-post-tax-term\">Kalustemaalaus<\/a>","<a href=\"https:\/\/puuhamari.fi\/?product_tag=kalustetuunaus\" class=\"advgb-post-tax-term\">kalustetuunaus<\/a>","<a href=\"https:\/\/puuhamari.fi\/?product_tag=kirja\" class=\"advgb-post-tax-term\">kirja<\/a>","<a href=\"https:\/\/puuhamari.fi\/?product_tag=maalauskirja\" class=\"advgb-post-tax-term\">maalauskirja<\/a>","<a href=\"https:\/\/puuhamari.fi\/?product_tag=maalausopas\" class=\"advgb-post-tax-term\">maalausopas<\/a>","<a href=\"https:\/\/puuhamari.fi\/?product_tag=opas\" class=\"advgb-post-tax-term\">opas<\/a>","<a href=\"https:\/\/puuhamari.fi\/?product_tag=tee-se-itse\" class=\"advgb-post-tax-term\">tee-se-itse<\/a>","<a href=\"https:\/\/puuhamari.fi\/?product_tag=tsi\" class=\"advgb-post-tax-term\">TSI<\/a>","<a href=\"https:\/\/puuhamari.fi\/?product_tag=tuunaus\" class=\"advgb-post-tax-term\">Tuunaus<\/a>","<a href=\"https:\/\/puuhamari.fi\/?product_tag=tuunauskirja\" class=\"advgb-post-tax-term\">tuunauskirja<\/a>","<a href=\"https:\/\/puuhamari.fi\/?product_tag=tuunausopas\" class=\"advgb-post-tax-term\">tuunausopas<\/a>"],"unlinked":["<span class=\"advgb-post-tax-term\">DIY<\/span>","<span class=\"advgb-post-tax-term\">huonekalujen maalaus<\/span>","<span class=\"advgb-post-tax-term\">huonekalujen tuunaus<\/span>","<span class=\"advgb-post-tax-term\">Kalustemaalaus<\/span>","<span class=\"advgb-post-tax-term\">kalustetuunaus<\/span>","<span class=\"advgb-post-tax-term\">kirja<\/span>","<span class=\"advgb-post-tax-term\">maalauskirja<\/span>","<span class=\"advgb-post-tax-term\">maalausopas<\/span>","<span class=\"advgb-post-tax-term\">opas<\/span>","<span class=\"advgb-post-tax-term\">tee-se-itse<\/span>","<span class=\"advgb-post-tax-term\">TSI<\/span>","<span class=\"advgb-post-tax-term\">Tuunaus<\/span>","<span class=\"advgb-post-tax-term\">tuunauskirja<\/span>","<span class=\"advgb-post-tax-term\">tuunausopas<\/span>"],"slug":"product_tag","name":"Avainsanat tuotteelle"},"product_shipping_class":{"linked":[],"unlinked":[],"slug":"product_shipping_class","name":"Tuotteen toimitusluokat"},"pos_product_visibility":{"linked":[],"unlinked":[],"slug":"pos_product_visibility","name":"POS Product visibility"},"pa_arkin-koko":{"linked":[],"unlinked":[],"slug":"pa_arkin-koko","name":"Tuote Arkin koko"},"pa_hiomatyynyn-karkeus":{"linked":[],"unlinked":[],"slug":"pa_hiomatyynyn-karkeus","name":"Tuote Hiomatyynyn karkeus"},"pa_kehys":{"linked":[],"unlinked":[],"slug":"pa_kehys","name":"Tuote Kehys"},"pa_kuvion-nro":{"linked":[],"unlinked":[],"slug":"pa_kuvion-nro","name":"Tuote Kuvion nro"},"pa_littean-pensselin-koko":{"linked":[],"unlinked":[],"slug":"pa_littean-pensselin-koko","name":"Tuote Litte\u00e4n pensselin koko"},"pa_maalivari":{"linked":[],"unlinked":[],"slug":"pa_maalivari","name":"Tuote Maaliv\u00e4ri"},"pa_palatapettien-lkm":{"linked":[],"unlinked":[],"slug":"pa_palatapettien-lkm","name":"Tuote Palatapettien lkm"},"pa_purkin-koko":{"linked":[],"unlinked":[],"slug":"pa_purkin-koko","name":"Tuote Purkin koko"},"pa_sapluunan-koko":{"linked":[],"unlinked":[],"slug":"pa_sapluunan-koko","name":"Tuote Sapluunan koko"},"pa_tabletti":{"linked":[],"unlinked":[],"slug":"pa_tabletti","name":"Tuote Tabletti"},"pa_valitse-sisalto":{"linked":[],"unlinked":[],"slug":"pa_valitse-sisalto","name":"Tuote Valitse sis\u00e4lt\u00f6"},"pa_varjostin":{"linked":[],"unlinked":[],"slug":"pa_varjostin","name":"Tuote Varjostin"}},"series_order":"","jetpack_sharing_enabled":true,"jetpack_likes_enabled":true,"jetpack-related-posts":[{"id":9857,"url":"https:\/\/puuhamari.fi\/?product=cureiously-pink","url_meta":{"origin":10907,"position":0},"title":"CUREiously Pink","author":"PuuhaMari","date":"15 hein\u00e4kuun, 2025","format":false,"excerpt":"Hot pink, jota pinkimp\u00e4\u00e4 pinkki\u00e4 tuskin l\u00f6yd\u00e4t! Kuvat puhuvat puolestaan! Inspiraatio t\u00e4m\u00e4n s\u00e4vyn kehit\u00e4miseen tuli alunperin rintasy\u00f6p\u00e4tietoisuutta lis\u00e4\u00e4v\u00e4n kampanjan kautta. Siksi nimest\u00e4 l\u00f6ytyy sanaleikki: englanninkieless\u00e4 sana CURIOUS viittasi ennenvanhaan ylivertaisuuteen, yksityiskohtaisuuteen tai perinpohjaiseen tarkkuuteen. Fusionin lis\u00e4\u00e4m\u00e4 E-kirjain tuon sanan keskell\u00e4 saa alkuosan (CURE) tarkoittamaan parantamista tai parantumista... Niinp\u00e4 CUREiously Pink:in\u2026","rel":"","context":"Samankaltainen artikkeli","block_context":{"text":"Samankaltainen artikkeli","link":""},"img":{"alt_text":"","src":"https:\/\/i0.wp.com\/puuhamari.fi\/wp-content\/uploads\/2025\/07\/cureiously_pink-b.jpg?fit=1200%2C1200&ssl=1&resize=350%2C200","width":350,"height":200,"srcset":"https:\/\/i0.wp.com\/puuhamari.fi\/wp-content\/uploads\/2025\/07\/cureiously_pink-b.jpg?fit=1200%2C1200&ssl=1&resize=350%2C200 1x, https:\/\/i0.wp.com\/puuhamari.fi\/wp-content\/uploads\/2025\/07\/cureiously_pink-b.jpg?fit=1200%2C1200&ssl=1&resize=525%2C300 1.5x, https:\/\/i0.wp.com\/puuhamari.fi\/wp-content\/uploads\/2025\/07\/cureiously_pink-b.jpg?fit=1200%2C1200&ssl=1&resize=700%2C400 2x, https:\/\/i0.wp.com\/puuhamari.fi\/wp-content\/uploads\/2025\/07\/cureiously_pink-b.jpg?fit=1200%2C1200&ssl=1&resize=1050%2C600 3x"},"classes":[]},{"id":3263,"url":"https:\/\/puuhamari.fi\/?product=beeswax-mehilaisvaha","url_meta":{"origin":10907,"position":1},"title":"Beeswax\/Hemp Finish &#8211; mehil\u00e4isvaha","author":"PuuhaMari","date":"3 toukokuun, 2022","format":false,"excerpt":"Seuraavaa er\u00e4\u00e4 odotetaan saapuvaksi tiistaina 15.7.2025!\u00a0 T\u00e4m\u00e4 mehil\u00e4isvaha on kehitetty nimenomaan osaksi Fusion tuoteperhett\u00e4, ja se sis\u00e4lt\u00e4\u00e4 vain puhdasta mehil\u00e4isvahaa ja hippusen hampunsiemen\u00f6ljy\u00e4. Se on elintarviketurvallinen, t\u00e4ysin luonnollinen tuote, joka muodostaa pehme\u00e4n, satiininsile\u00e4n pinnan. Ja se pysyy kauniina pitk\u00e4\u00e4n! Voit laittaa mehil\u00e4isvahaa Fusion Mineral Paintin\u2122 p\u00e4\u00e4lle, kun haluat kalusteelle kaunista\u2026","rel":"","context":"Samankaltainen artikkeli","block_context":{"text":"Samankaltainen artikkeli","link":""},"img":{"alt_text":"","src":"https:\/\/i0.wp.com\/puuhamari.fi\/wp-content\/uploads\/2022\/05\/fusion_mineral_paint-beeswaxfinish-B.jpg?fit=1200%2C1200&ssl=1&resize=350%2C200","width":350,"height":200,"srcset":"https:\/\/i0.wp.com\/puuhamari.fi\/wp-content\/uploads\/2022\/05\/fusion_mineral_paint-beeswaxfinish-B.jpg?fit=1200%2C1200&ssl=1&resize=350%2C200 1x, https:\/\/i0.wp.com\/puuhamari.fi\/wp-content\/uploads\/2022\/05\/fusion_mineral_paint-beeswaxfinish-B.jpg?fit=1200%2C1200&ssl=1&resize=525%2C300 1.5x, https:\/\/i0.wp.com\/puuhamari.fi\/wp-content\/uploads\/2022\/05\/fusion_mineral_paint-beeswaxfinish-B.jpg?fit=1200%2C1200&ssl=1&resize=700%2C400 2x, https:\/\/i0.wp.com\/puuhamari.fi\/wp-content\/uploads\/2022\/05\/fusion_mineral_paint-beeswaxfinish-B.jpg?fit=1200%2C1200&ssl=1&resize=1050%2C600 3x"},"classes":[]},{"id":5178,"url":"https:\/\/puuhamari.fi\/?product=little-speckled-frog","url_meta":{"origin":10907,"position":2},"title":"Little Speckled Frog","author":"PuuhaMari","date":"17 maaliskuun, 2023","format":false,"excerpt":"Fusion mineraalimaalien vihre\u00e4n perheen pikkubaby; eritt\u00e4in vaalea ja pastellinen versio mintunvihre\u00e4st\u00e4. Huikean kaunis yksin\u00e4\u00e4n, mutta my\u00f6s yhdistettyn\u00e4 valkoiseen, muihin vihreisiin ja kaikkiin pastellis\u00e4vyihin. HUOM! T\u00e4m\u00e4n s\u00e4vyn valmistus on jo lopetettu. Vain muutama purkki j\u00e4ljell\u00e4!!","rel":"","context":"Samankaltainen artikkeli","block_context":{"text":"Samankaltainen artikkeli","link":""},"img":{"alt_text":"","src":"https:\/\/i0.wp.com\/puuhamari.fi\/wp-content\/uploads\/2023\/03\/Fusion_Mineral_Paint_Little_Speckled_Frog_pint-B-scaled.jpg?fit=1200%2C1200&ssl=1&resize=350%2C200","width":350,"height":200,"srcset":"https:\/\/i0.wp.com\/puuhamari.fi\/wp-content\/uploads\/2023\/03\/Fusion_Mineral_Paint_Little_Speckled_Frog_pint-B-scaled.jpg?fit=1200%2C1200&ssl=1&resize=350%2C200 1x, https:\/\/i0.wp.com\/puuhamari.fi\/wp-content\/uploads\/2023\/03\/Fusion_Mineral_Paint_Little_Speckled_Frog_pint-B-scaled.jpg?fit=1200%2C1200&ssl=1&resize=525%2C300 1.5x, https:\/\/i0.wp.com\/puuhamari.fi\/wp-content\/uploads\/2023\/03\/Fusion_Mineral_Paint_Little_Speckled_Frog_pint-B-scaled.jpg?fit=1200%2C1200&ssl=1&resize=700%2C400 2x, https:\/\/i0.wp.com\/puuhamari.fi\/wp-content\/uploads\/2023\/03\/Fusion_Mineral_Paint_Little_Speckled_Frog_pint-B-scaled.jpg?fit=1200%2C1200&ssl=1&resize=1050%2C600 3x"},"classes":[]},{"id":4365,"url":"https:\/\/puuhamari.fi\/?product=conservatory","url_meta":{"origin":10907,"position":3},"title":"Conservatory","author":"PuuhaMari","date":"18 hein\u00e4kuun, 2022","format":false,"excerpt":"Kuten sen nimikin viittaa, t\u00e4m\u00e4 raikas keskivihre\u00e4 s\u00e4vy on ylitsevuotavan runsas \u2013 kuin luonto\u00e4iti itse. T\u00e4ss\u00e4 sinulle v\u00e4ri joka on yht\u00e4 aikaa sek\u00e4 klassinen ett\u00e4 inspiroiva v\u00e4rinpirskahdus mihin tahansa tilaan.","rel":"","context":"Samankaltainen artikkeli","block_context":{"text":"Samankaltainen artikkeli","link":""},"img":{"alt_text":"","src":"https:\/\/i0.wp.com\/puuhamari.fi\/wp-content\/uploads\/2022\/07\/fusion_mineral_paint-conservatory-pint-b.jpg?fit=1200%2C1200&ssl=1&resize=350%2C200","width":350,"height":200,"srcset":"https:\/\/i0.wp.com\/puuhamari.fi\/wp-content\/uploads\/2022\/07\/fusion_mineral_paint-conservatory-pint-b.jpg?fit=1200%2C1200&ssl=1&resize=350%2C200 1x, https:\/\/i0.wp.com\/puuhamari.fi\/wp-content\/uploads\/2022\/07\/fusion_mineral_paint-conservatory-pint-b.jpg?fit=1200%2C1200&ssl=1&resize=525%2C300 1.5x, https:\/\/i0.wp.com\/puuhamari.fi\/wp-content\/uploads\/2022\/07\/fusion_mineral_paint-conservatory-pint-b.jpg?fit=1200%2C1200&ssl=1&resize=700%2C400 2x, https:\/\/i0.wp.com\/puuhamari.fi\/wp-content\/uploads\/2022\/07\/fusion_mineral_paint-conservatory-pint-b.jpg?fit=1200%2C1200&ssl=1&resize=1050%2C600 3x"},"classes":[]},{"id":11062,"url":"https:\/\/puuhamari.fi\/?product=violetit-lilat-malvat","url_meta":{"origin":10907,"position":4},"title":"Violetit, lilat, malvat","author":"PuuhaMari","date":"10 huhtikuun, 2026","format":false,"excerpt":"Kaikki s\u00e4vyvertailut ovat PuuhaMarin kokoamia, eiv\u00e4tk\u00e4 ne ole myynniss\u00e4. Ne on laadittu helpottamaan valintaa kahden toisiaan l\u00e4hell\u00e4 olevan v\u00e4rin v\u00e4lill\u00e4 silloin, kun et p\u00e4\u00e4se fyysisesti Putiikin verstasmyym\u00e4l\u00e4\u00e4n Porissa. HUOM: muista aina, ett\u00e4 digitaaliset kuvat eiv\u00e4t koskaan toista v\u00e4ris\u00e4vyj\u00e4 t\u00e4ysin totuudenmukaisina! (Sanallinen vertailukuvaus tulossa t\u00e4lle sivulle pian) T\u00e4ss\u00e4 suorat linkit kunkin\u2026","rel":"","context":"Samankaltainen artikkeli","block_context":{"text":"Samankaltainen artikkeli","link":""},"img":{"alt_text":"","src":"https:\/\/i0.wp.com\/puuhamari.fi\/wp-content\/uploads\/2026\/04\/8.png?fit=1200%2C1200&ssl=1&resize=350%2C200","width":350,"height":200,"srcset":"https:\/\/i0.wp.com\/puuhamari.fi\/wp-content\/uploads\/2026\/04\/8.png?fit=1200%2C1200&ssl=1&resize=350%2C200 1x, https:\/\/i0.wp.com\/puuhamari.fi\/wp-content\/uploads\/2026\/04\/8.png?fit=1200%2C1200&ssl=1&resize=525%2C300 1.5x, https:\/\/i0.wp.com\/puuhamari.fi\/wp-content\/uploads\/2026\/04\/8.png?fit=1200%2C1200&ssl=1&resize=700%2C400 2x, https:\/\/i0.wp.com\/puuhamari.fi\/wp-content\/uploads\/2026\/04\/8.png?fit=1200%2C1200&ssl=1&resize=1050%2C600 3x"},"classes":[]},{"id":11059,"url":"https:\/\/puuhamari.fi\/?product=harmaat-ja-mustat","url_meta":{"origin":10907,"position":5},"title":"Harmaat ja mustat","author":"PuuhaMari","date":"10 huhtikuun, 2026","format":false,"excerpt":"Kaikki s\u00e4vyvertailut ovat PuuhaMarin kokoamia, eiv\u00e4tk\u00e4 ne ole myynniss\u00e4. Ne on laadittu helpottamaan valintaa kahden toisiaan l\u00e4hell\u00e4 olevan v\u00e4rin v\u00e4lill\u00e4 silloin, kun et p\u00e4\u00e4se fyysisesti Putiikin verstasmyym\u00e4l\u00e4\u00e4n Porissa. HUOM: muista aina, ett\u00e4 digitaaliset kuvat eiv\u00e4t koskaan toista v\u00e4ris\u00e4vyj\u00e4 t\u00e4ysin totuudenmukaisina! (Sanallinen vertailukuvaus tulossa t\u00e4lle sivulle pian) T\u00e4ss\u00e4 suorat linkit kunkin\u2026","rel":"","context":"Samankaltainen artikkeli","block_context":{"text":"Samankaltainen artikkeli","link":""},"img":{"alt_text":"","src":"https:\/\/i0.wp.com\/puuhamari.fi\/wp-content\/uploads\/2026\/04\/6.png?fit=1200%2C1200&ssl=1&resize=350%2C200","width":350,"height":200,"srcset":"https:\/\/i0.wp.com\/puuhamari.fi\/wp-content\/uploads\/2026\/04\/6.png?fit=1200%2C1200&ssl=1&resize=350%2C200 1x, https:\/\/i0.wp.com\/puuhamari.fi\/wp-content\/uploads\/2026\/04\/6.png?fit=1200%2C1200&ssl=1&resize=525%2C300 1.5x, https:\/\/i0.wp.com\/puuhamari.fi\/wp-content\/uploads\/2026\/04\/6.png?fit=1200%2C1200&ssl=1&resize=700%2C400 2x, https:\/\/i0.wp.com\/puuhamari.fi\/wp-content\/uploads\/2026\/04\/6.png?fit=1200%2C1200&ssl=1&resize=1050%2C600 3x"},"classes":[]}],"_links":{"self":[{"href":"https:\/\/puuhamari.fi\/index.php?rest_route=\/wp\/v2\/product\/10907","targetHints":{"allow":["GET"]}}],"collection":[{"href":"https:\/\/puuhamari.fi\/index.php?rest_route=\/wp\/v2\/product"}],"about":[{"href":"https:\/\/puuhamari.fi\/index.php?rest_route=\/wp\/v2\/types\/product"}],"replies":[{"embeddable":true,"href":"https:\/\/puuhamari.fi\/index.php?rest_route=%2Fwp%2Fv2%2Fcomments&post=10907"}],"version-history":[{"count":6,"href":"https:\/\/puuhamari.fi\/index.php?rest_route=\/wp\/v2\/product\/10907\/revisions"}],"predecessor-version":[{"id":10914,"href":"https:\/\/puuhamari.fi\/index.php?rest_route=\/wp\/v2\/product\/10907\/revisions\/10914"}],"wp:featuredmedia":[{"embeddable":true,"href":"https:\/\/puuhamari.fi\/index.php?rest_route=\/wp\/v2\/media\/10903"}],"wp:attachment":[{"href":"https:\/\/puuhamari.fi\/index.php?rest_route=%2Fwp%2Fv2%2Fmedia&parent=10907"}],"wp:term":[{"taxonomy":"product_brand","embeddable":true,"href":"https:\/\/puuhamari.fi\/index.php?rest_route=%2Fwp%2Fv2%2Fproduct_brand&post=10907"},{"taxonomy":"product_cat","embeddable":true,"href":"https:\/\/puuhamari.fi\/index.php?rest_route=%2Fwp%2Fv2%2Fproduct_cat&post=10907"},{"taxonomy":"product_tag","embeddable":true,"href":"https:\/\/puuhamari.fi\/index.php?rest_route=%2Fwp%2Fv2%2Fproduct_tag&post=10907"}],"curies":[{"name":"wp","href":"https:\/\/api.w.org\/{rel}","templated":true}]}}