{"id":1244,"date":"2021-08-22T07:50:22","date_gmt":"2021-08-22T07:50:22","guid":{"rendered":"https:\/\/puuhatarhanputiikki.fi\/?post_type=product&#038;p=1244"},"modified":"2025-09-05T04:43:00","modified_gmt":"2025-09-05T01:43:00","slug":"hiomatyyny-wurth-80","status":"publish","type":"product","link":"https:\/\/puuhamari.fi\/?product=hiomatyyny-wurth-80","title":{"rendered":"Hiomatyyny W\u00fcrth 80"},"content":{"rendered":"<p>K\u00e4teensopivan kokoinen pehme\u00e4 hiomatyyny on n\u00e4pp\u00e4r\u00e4 apulainen maalaamisen esivalmistelussa. Sen avulla karhennat nopeasti ja vaivattomasti maalattavan pinnan, jolloin maali tarttuu siihen hyvin. Pehmeytens\u00e4 ansiosta t\u00e4m\u00e4 W\u00fcrth:in hiomasieni painautuu joustavasti hiottavaa pintaa vasten, ja saat k\u00e4den k\u00e4\u00e4nteess\u00e4 hiottua my\u00f6s vaikeammat syvennykset esim. vaihtelevamuotoisissa, sorvatuissa p\u00f6yd\u00e4n- tai tuolinjaloissa. \u00a0Voit k\u00e4ytt\u00e4\u00e4 sit\u00e4 apunasi my\u00f6s kuluneen pinnan aikaansaamisessa.<\/p>\n<p>&nbsp;<\/p>\n","protected":false},"excerpt":{"rendered":"<p>\u2022 Puun, metallin, maalien, kittien ja lakan hiontaan.<br \/>\n\u2022 Tukeva tyyny toimii hiomatukena<br \/>\n\u2022 Muotoutuu hyvin pinnan mukaan<br \/>\n\u2022 Helppo puhdistaa vedell\u00e4<br \/>\n\u2022 Hioma-aine alumiinioksidia<br \/>\n\u2022 Mitat: 100 x 68 x 25 mm<br \/>\n\u2022 Karkeusaste: Keskikarkea 80<br \/>\n\u2022 Saatavana 4 eri karkeusasteessa (60, 80, 120, 220)<\/p>\n","protected":false},"author":1,"featured_media":1241,"comment_status":"open","ping_status":"closed","template":"","meta":{"advgb_blocks_editor_width":"","advgb_blocks_columns_visual_guide":"","advanced_seo_description":"","jetpack_seo_html_title":"","jetpack_seo_noindex":false,"_kad_post_transparent":"default","_kad_post_title":"","_kad_post_layout":"default","_kad_post_sidebar_id":"","_kad_post_content_style":"default","_kad_post_vertical_padding":"default","_kad_post_feature":"","_kad_post_feature_position":"","_kad_post_header":false,"_kad_post_footer":false,"_kad_post_classname":"","jetpack_post_was_ever_published":false},"product_brand":[],"product_cat":[306],"product_tag":[205,90],"class_list":{"0":"post-1244","1":"product","2":"type-product","3":"status-publish","4":"has-post-thumbnail","6":"product_cat-hiomatarvikkeet","7":"product_tag-hiomasieni","8":"product_tag-hiontasieni","10":"first","11":"instock","12":"taxable","13":"shipping-taxable","14":"purchasable","15":"product-type-simple","16":"entry","17":"content-bg","18":"loop-entry"},"featured_img":"https:\/\/puuhamari.fi\/wp-content\/uploads\/2020\/06\/Wurth-hiomatyyny-NELIO-Peilikuva.png","coauthors":[],"author_meta":{"author_link":"https:\/\/puuhamari.fi\/?author=1","display_name":"PuuhaMari"},"relative_dates":{"created":"Julkaistu 5 vuotta sitten","modified":"P\u00e4ivitetty 8 kuukautta sitten"},"absolute_dates":{"created":"Julkaistu 22 elokuun, 2021","modified":"P\u00e4ivitetty 5 syyskuun, 2025"},"absolute_dates_time":{"created":"Julkaistu 22 elokuun, 2021 7:50 am","modified":"P\u00e4ivitetty 5 syyskuun, 2025 4:43 am"},"featured_img_caption":"","tax_additional":{"product_brand":{"linked":[],"unlinked":[],"slug":"product_brand","name":"Br\u00e4ndit"},"product_type":{"linked":["<a href=\"https:\/\/puuhamari.fi\/?taxonomy=product_type&#038;term=simple\" class=\"advgb-post-tax-term\">simple<\/a>"],"unlinked":["<span class=\"advgb-post-tax-term\">simple<\/span>"],"slug":"product_type","name":"Tuotetyyppi"},"product_visibility":{"linked":[],"unlinked":[],"slug":"product_visibility","name":"Tuotteen n\u00e4kyvyys"},"product_cat":{"linked":["<a href=\"https:\/\/puuhamari.fi\/?product_cat=hiomatarvikkeet\" class=\"advgb-post-tax-term\">Hiomatarvikkeet<\/a>"],"unlinked":["<span class=\"advgb-post-tax-term\">Hiomatarvikkeet<\/span>"],"slug":"product_cat","name":"Osastot"},"product_tag":{"linked":["<a href=\"https:\/\/puuhamari.fi\/?product_tag=hiomasieni\" class=\"advgb-post-tax-term\">hiomasieni<\/a>","<a href=\"https:\/\/puuhamari.fi\/?product_tag=hiontasieni\" class=\"advgb-post-tax-term\">Hiontasieni<\/a>"],"unlinked":["<span class=\"advgb-post-tax-term\">hiomasieni<\/span>","<span class=\"advgb-post-tax-term\">Hiontasieni<\/span>"],"slug":"product_tag","name":"Avainsanat tuotteelle"},"product_shipping_class":{"linked":[],"unlinked":[],"slug":"product_shipping_class","name":"Tuotteen toimitusluokat"},"pos_product_visibility":{"linked":[],"unlinked":[],"slug":"pos_product_visibility","name":"POS Product visibility"},"pa_arkin-koko":{"linked":[],"unlinked":[],"slug":"pa_arkin-koko","name":"Tuote Arkin koko"},"pa_hiomatyynyn-karkeus":{"linked":["<a href=\"https:\/\/puuhamari.fi\/?taxonomy=pa_hiomatyynyn-karkeus&#038;term=keskikarkea-80\" class=\"advgb-post-tax-term\">Keskikarkea 80<\/a>"],"unlinked":["<span class=\"advgb-post-tax-term\">Keskikarkea 80<\/span>"],"slug":"pa_hiomatyynyn-karkeus","name":"Tuote Hiomatyynyn karkeus"},"pa_kehys":{"linked":[],"unlinked":[],"slug":"pa_kehys","name":"Tuote Kehys"},"pa_kuvion-nro":{"linked":[],"unlinked":[],"slug":"pa_kuvion-nro","name":"Tuote Kuvion nro"},"pa_littean-pensselin-koko":{"linked":[],"unlinked":[],"slug":"pa_littean-pensselin-koko","name":"Tuote Litte\u00e4n pensselin koko"},"pa_maalivari":{"linked":[],"unlinked":[],"slug":"pa_maalivari","name":"Tuote Maaliv\u00e4ri"},"pa_palatapettien-lkm":{"linked":[],"unlinked":[],"slug":"pa_palatapettien-lkm","name":"Tuote Palatapettien lkm"},"pa_purkin-koko":{"linked":[],"unlinked":[],"slug":"pa_purkin-koko","name":"Tuote Purkin koko"},"pa_sapluunan-koko":{"linked":[],"unlinked":[],"slug":"pa_sapluunan-koko","name":"Tuote Sapluunan koko"},"pa_tabletti":{"linked":[],"unlinked":[],"slug":"pa_tabletti","name":"Tuote Tabletti"},"pa_valitse-sisalto":{"linked":[],"unlinked":[],"slug":"pa_valitse-sisalto","name":"Tuote Valitse sis\u00e4lt\u00f6"},"pa_varjostin":{"linked":[],"unlinked":[],"slug":"pa_varjostin","name":"Tuote Varjostin"}},"series_order":"","jetpack_sharing_enabled":true,"jetpack_likes_enabled":true,"jetpack-related-posts":[{"id":1245,"url":"https:\/\/puuhamari.fi\/?product=hiomatyyny-wurth-220","url_meta":{"origin":1244,"position":0},"title":"Hiomatyyny W\u00fcrth 220","author":"PuuhaMari","date":"22 elokuun, 2021","format":false,"excerpt":"\u2022 Puun, metallin, maalien, kittien ja lakan hiontaan. \u2022 Tukeva tyyny toimii hiomatukena \u2022 Muotoutuu hyvin pinnan mukaan \u2022 Helppo puhdistaa vedell\u00e4 \u2022 Hioma-aine alumiinioksidia \u2022 Mitat: 100 x 68 x 25 mm \u2022 Karkeusaste: Hieno 220 \u2022 Saatavana 4 eri karkeusasteessa (60, 80, 120, 220)","rel":"","context":"With 1 comment","block_context":{"text":"With 1 comment","link":"https:\/\/puuhamari.fi\/?product=hiomatyyny-wurth-220#comments"},"img":{"alt_text":"","src":"https:\/\/i0.wp.com\/puuhamari.fi\/wp-content\/uploads\/2020\/06\/Wurth-hiomatyyny-NELIO-Peilikuva.png?fit=240%2C244&ssl=1&resize=350%2C200","width":350,"height":200},"classes":[]},{"id":1243,"url":"https:\/\/puuhamari.fi\/?product=hiomatyyny-wurth-120","url_meta":{"origin":1244,"position":1},"title":"Hiomatyyny W\u00fcrth 120","author":"PuuhaMari","date":"22 elokuun, 2021","format":false,"excerpt":"\u2022 Puun, metallin, maalien, kittien ja lakan hiontaan. \u2022 Tukeva tyyny toimii hiomatukena \u2022 Muotoutuu hyvin pinnan mukaan \u2022 Helppo puhdistaa vedell\u00e4 \u2022 Hioma-aine alumiinioksidia \u2022 Mitat: 100 x 68 x 25 mm \u2022 Karkeusaste: Keskihieno 120 \u2022 Saatavana 4 eri karkeusasteessa (60, 80, 120, 220)","rel":"","context":"Samankaltainen artikkeli","block_context":{"text":"Samankaltainen artikkeli","link":""},"img":{"alt_text":"","src":"https:\/\/i0.wp.com\/puuhamari.fi\/wp-content\/uploads\/2020\/06\/Wurth-hiomatyyny-NELIO.png?fit=240%2C244&ssl=1&resize=350%2C200","width":350,"height":200},"classes":[]},{"id":433,"url":"https:\/\/puuhamari.fi\/?product=hiomatyyny-wurth-60","url_meta":{"origin":1244,"position":2},"title":"Hiomatyyny W\u00fcrth 60","author":"PuuhaMari","date":"4 kes\u00e4kuun, 2020","format":false,"excerpt":"\u2022 Puun, metallin, maalien, kittien ja lakan hiontaan. \u2022 Tukeva tyyny toimii hiomatukena \u2022 Muotoutuu hyvin pinnan mukaan \u2022 Helppo puhdistaa vedell\u00e4 \u2022 Hioma-aine alumiinioksidia \u2022 Mitat: 100 x 68 x 25 mm \u2022 Karkeusaste: Karkea 60 \u2022 Saatavana 4 eri karkeusasteessa (60, 80, 120, 220)","rel":"","context":"Samankaltainen artikkeli","block_context":{"text":"Samankaltainen artikkeli","link":""},"img":{"alt_text":"","src":"https:\/\/i0.wp.com\/puuhamari.fi\/wp-content\/uploads\/2020\/06\/Wurth-hiomatyyny-NELIO.png?fit=240%2C244&ssl=1&resize=350%2C200","width":350,"height":200},"classes":[]},{"id":10443,"url":"https:\/\/puuhamari.fi\/?product=varjostimet-o-80-120mm","url_meta":{"origin":1244,"position":3},"title":"Varjostimet \u00d8 80\/120mm","author":"PuuhaMari","date":"18 joulukuun, 2025","format":false,"excerpt":"Lampunvarjostimet lampetteihin tai (kristalli-)kruunuihin. Kuvat v\u00e4\u00e4rist\u00e4v\u00e4t hiukkasen: todellisuudessa varjostimet ovat alaosastaan selvemmin leve\u00e4mm\u00e4t kuin yl\u00e4osasta. Jokaisen varjostimen yl\u00e4osan halkaisija on 75-80 mm (7,5-8 cm), ja alaosan 120 mm (12 cm).\u00a0 Varjostimien korkeus on 12 cm, PAITSI VETOKETJULLA KORISTELLUN: sen korkeus on 14 cm! Siksi siit\u00e4 on viel\u00e4 mallina ekstra valokuva,\u2026","rel":"","context":"Samankaltainen artikkeli","block_context":{"text":"Samankaltainen artikkeli","link":""},"img":{"alt_text":"","src":"https:\/\/i0.wp.com\/puuhamari.fi\/wp-content\/uploads\/2025\/12\/Varjostimet-S.jpg?fit=634%2C634&ssl=1&resize=350%2C200","width":350,"height":200,"srcset":"https:\/\/i0.wp.com\/puuhamari.fi\/wp-content\/uploads\/2025\/12\/Varjostimet-S.jpg?fit=634%2C634&ssl=1&resize=350%2C200 1x, https:\/\/i0.wp.com\/puuhamari.fi\/wp-content\/uploads\/2025\/12\/Varjostimet-S.jpg?fit=634%2C634&ssl=1&resize=525%2C300 1.5x"},"classes":[]},{"id":3420,"url":"https:\/\/puuhamari.fi\/?product=siirtokuva-blossom-flight","url_meta":{"origin":1244,"position":4},"title":"Siirtokuva Blossom Flight","author":"PuuhaMari","date":"23 toukokuun, 2022","format":false,"excerpt":"PuuhaMarin ehdottomiin suosikkeihin kuuluva herkk\u00e4, suloinen, luonnonl\u00e4heinen teema, jossa varpuset lentelev\u00e4t ja istuvat (omena?)puun oksilla. K\u00e4sittelyn helpottamiseksi t\u00e4m\u00e4 suuri kuva (n. 63,5 cm x 86 cm) on jaettu vaakasuunnassa kolmelle eri kalvolle (kooltaan n. 63,5 cm x 29 cm kokoiselle). Oheisessa tuotekuvassa n\u00e4et koko niiden muodostaman suuren kokonaisuuden. Kolme eri\u2026","rel":"","context":"With 1 comment","block_context":{"text":"With 1 comment","link":"https:\/\/puuhamari.fi\/?product=siirtokuva-blossom-flight#comments"},"img":{"alt_text":"","src":"https:\/\/i0.wp.com\/puuhamari.fi\/wp-content\/uploads\/2022\/05\/Blossom-Flight-NELIO.jpg?fit=766%2C761&ssl=1&resize=350%2C200","width":350,"height":200,"srcset":"https:\/\/i0.wp.com\/puuhamari.fi\/wp-content\/uploads\/2022\/05\/Blossom-Flight-NELIO.jpg?fit=766%2C761&ssl=1&resize=350%2C200 1x, https:\/\/i0.wp.com\/puuhamari.fi\/wp-content\/uploads\/2022\/05\/Blossom-Flight-NELIO.jpg?fit=766%2C761&ssl=1&resize=525%2C300 1.5x, https:\/\/i0.wp.com\/puuhamari.fi\/wp-content\/uploads\/2022\/05\/Blossom-Flight-NELIO.jpg?fit=766%2C761&ssl=1&resize=700%2C400 2x"},"classes":[]},{"id":5391,"url":"https:\/\/puuhamari.fi\/?product=siirtokuva-botanical-paradise","url_meta":{"origin":1244,"position":5},"title":"Siirtokuva Botanical Paradise","author":"PuuhaMari","date":"29 maaliskuun, 2023","format":false,"excerpt":"Todellakin hempe\u00e4n vaaleanpunaisena s\u00f6p\u00f6ilevi\u00e4 luonnonkukkia ja perhosia! Asettele haluamiisi asetelmiin, yhdistele muihin siirtokuviin ja sapluunoihin. Pakkauksessa kolme 30 cm x 15 cm kokoista kalvoa, joissa yhteens\u00e4 jopa 38 siirtokuvaa (joita voi saksilla leikata my\u00f6s pienemmiksi) + kolme p\u00e4tk\u00e4\u00e4 latinankielist\u00e4 teksti\u00e4! Pienimm\u00e4t yksitt\u00e4iset kuvat n. 2 cm korkeita, suurimmat n. 18\u2026","rel":"","context":"With 1 comment","block_context":{"text":"With 1 comment","link":"https:\/\/puuhamari.fi\/?product=siirtokuva-botanical-paradise#comments"},"img":{"alt_text":"","src":"https:\/\/i0.wp.com\/puuhamari.fi\/wp-content\/uploads\/2023\/03\/Botanical-Paradise-AAAb.png?fit=911%2C894&ssl=1&resize=350%2C200","width":350,"height":200,"srcset":"https:\/\/i0.wp.com\/puuhamari.fi\/wp-content\/uploads\/2023\/03\/Botanical-Paradise-AAAb.png?fit=911%2C894&ssl=1&resize=350%2C200 1x, https:\/\/i0.wp.com\/puuhamari.fi\/wp-content\/uploads\/2023\/03\/Botanical-Paradise-AAAb.png?fit=911%2C894&ssl=1&resize=525%2C300 1.5x, https:\/\/i0.wp.com\/puuhamari.fi\/wp-content\/uploads\/2023\/03\/Botanical-Paradise-AAAb.png?fit=911%2C894&ssl=1&resize=700%2C400 2x"},"classes":[]}],"_links":{"self":[{"href":"https:\/\/puuhamari.fi\/index.php?rest_route=\/wp\/v2\/product\/1244","targetHints":{"allow":["GET"]}}],"collection":[{"href":"https:\/\/puuhamari.fi\/index.php?rest_route=\/wp\/v2\/product"}],"about":[{"href":"https:\/\/puuhamari.fi\/index.php?rest_route=\/wp\/v2\/types\/product"}],"replies":[{"embeddable":true,"href":"https:\/\/puuhamari.fi\/index.php?rest_route=%2Fwp%2Fv2%2Fcomments&post=1244"}],"version-history":[{"count":2,"href":"https:\/\/puuhamari.fi\/index.php?rest_route=\/wp\/v2\/product\/1244\/revisions"}],"predecessor-version":[{"id":8064,"href":"https:\/\/puuhamari.fi\/index.php?rest_route=\/wp\/v2\/product\/1244\/revisions\/8064"}],"wp:featuredmedia":[{"embeddable":true,"href":"https:\/\/puuhamari.fi\/index.php?rest_route=\/wp\/v2\/media\/1241"}],"wp:attachment":[{"href":"https:\/\/puuhamari.fi\/index.php?rest_route=%2Fwp%2Fv2%2Fmedia&parent=1244"}],"wp:term":[{"taxonomy":"product_brand","embeddable":true,"href":"https:\/\/puuhamari.fi\/index.php?rest_route=%2Fwp%2Fv2%2Fproduct_brand&post=1244"},{"taxonomy":"product_cat","embeddable":true,"href":"https:\/\/puuhamari.fi\/index.php?rest_route=%2Fwp%2Fv2%2Fproduct_cat&post=1244"},{"taxonomy":"product_tag","embeddable":true,"href":"https:\/\/puuhamari.fi\/index.php?rest_route=%2Fwp%2Fv2%2Fproduct_tag&post=1244"}],"curies":[{"name":"wp","href":"https:\/\/api.w.org\/{rel}","templated":true}]}}