{"id":2220,"date":"2021-10-27T20:38:31","date_gmt":"2021-10-27T20:38:31","guid":{"rendered":"https:\/\/puuhatarhanputiikki.fi\/?post_type=product&#038;p=2220"},"modified":"2025-09-05T04:42:49","modified_gmt":"2025-09-05T01:42:49","slug":"siirtokuva-gingham-red","status":"publish","type":"product","link":"https:\/\/puuhamari.fi\/?product=siirtokuva-gingham-red","title":{"rendered":"Siirtokuva Gingham Red"},"content":{"rendered":"<div class=\"entry-content-asset videofit\">\n<div class=\"jetpack-video-wrapper\"><iframe title=\"re\u00b7design with Prima\u00ae Floral Home Sign with Decor Transfers\u2122\" width=\"720\" height=\"405\" src=\"https:\/\/www.youtube.com\/embed\/c_jBZZeJLB8?feature=oembed\" frameborder=\"0\" allow=\"accelerometer; autoplay; clipboard-write; encrypted-media; gyroscope; picture-in-picture; web-share\" referrerpolicy=\"strict-origin-when-cross-origin\" allowfullscreen><\/iframe><\/div>\n<\/div>\n","protected":false},"excerpt":{"rendered":"<p>Punas\u00e4vyiset skottiruudut.<\/p>\n<p>Putkilo sis\u00e4lt\u00e4\u00e4 kaksi punapohjaista ja kaksi valkopohjaista siirtokuvaa. Yhden siirtokuvan mitat:\u00a0 58cm x 21,5 cm.<\/p>\n<p>Voidaan k\u00e4ytt\u00e4\u00e4 monenlaisilla pinnoilla; seinill\u00e4, kalusteissa, peileiss\u00e4, lasiesineiss\u00e4, jne. Jos projektisi on vastamaalattu, anna maalipinnan kovettua rauhassa ainakin 2 vrk:n ajan ennen kuin lis\u00e4\u00e4t siirtokuvan sen pinnalle.<\/p>\n<p>Tarkemmat k\u00e4ytt\u00f6ohjeet tulossa verkkokauppamme blogiin l\u00e4hiaikoina.<\/p>\n","protected":false},"author":1,"featured_media":2221,"comment_status":"open","ping_status":"closed","template":"","meta":{"advgb_blocks_editor_width":"","advgb_blocks_columns_visual_guide":"","advanced_seo_description":"","jetpack_seo_html_title":"","jetpack_seo_noindex":false,"_kad_post_transparent":"default","_kad_post_title":"","_kad_post_layout":"default","_kad_post_sidebar_id":"","_kad_post_content_style":"default","_kad_post_vertical_padding":"default","_kad_post_feature":"","_kad_post_feature_position":"","_kad_post_header":false,"_kad_post_footer":false,"_kad_post_classname":"","jetpack_post_was_ever_published":true},"product_brand":[],"product_cat":[244],"product_tag":[248,247,245,249,246],"class_list":{"0":"post-2220","1":"product","2":"type-product","3":"status-publish","4":"has-post-thumbnail","6":"product_cat-siirtokuvat","7":"product_tag-gingham-red","8":"product_tag-prima","9":"product_tag-siirtokuva","10":"product_tag-skottiruutu","11":"product_tag-transfer","13":"first","14":"instock","15":"sale","16":"taxable","17":"shipping-taxable","18":"purchasable","19":"product-type-simple","20":"entry","21":"content-bg","22":"loop-entry"},"featured_img":"https:\/\/puuhamari.fi\/wp-content\/uploads\/2021\/10\/Gingham-Red-NELIO.jpeg","coauthors":[],"author_meta":{"author_link":"https:\/\/puuhamari.fi\/?author=1","display_name":"PuuhaMari"},"relative_dates":{"created":"Julkaistu 4 vuotta sitten","modified":"P\u00e4ivitetty 8 kuukautta sitten"},"absolute_dates":{"created":"Julkaistu 27 lokakuun, 2021","modified":"P\u00e4ivitetty 5 syyskuun, 2025"},"absolute_dates_time":{"created":"Julkaistu 27 lokakuun, 2021 8:38 pm","modified":"P\u00e4ivitetty 5 syyskuun, 2025 4:42 am"},"featured_img_caption":"","tax_additional":{"product_brand":{"linked":[],"unlinked":[],"slug":"product_brand","name":"Br\u00e4ndit"},"product_type":{"linked":["<a href=\"https:\/\/puuhamari.fi\/?taxonomy=product_type&#038;term=simple\" class=\"advgb-post-tax-term\">simple<\/a>"],"unlinked":["<span class=\"advgb-post-tax-term\">simple<\/span>"],"slug":"product_type","name":"Tuotetyyppi"},"product_visibility":{"linked":[],"unlinked":[],"slug":"product_visibility","name":"Tuotteen n\u00e4kyvyys"},"product_cat":{"linked":["<a href=\"https:\/\/puuhamari.fi\/?product_cat=siirtokuvat\" class=\"advgb-post-tax-term\">Siirtokuvat<\/a>"],"unlinked":["<span class=\"advgb-post-tax-term\">Siirtokuvat<\/span>"],"slug":"product_cat","name":"Osastot"},"product_tag":{"linked":["<a href=\"https:\/\/puuhamari.fi\/?product_tag=gingham-red\" class=\"advgb-post-tax-term\">Gingham Red<\/a>","<a href=\"https:\/\/puuhamari.fi\/?product_tag=prima\" class=\"advgb-post-tax-term\">Prima<\/a>","<a href=\"https:\/\/puuhamari.fi\/?product_tag=siirtokuva\" class=\"advgb-post-tax-term\">Siirtokuva<\/a>","<a href=\"https:\/\/puuhamari.fi\/?product_tag=skottiruutu\" class=\"advgb-post-tax-term\">Skottiruutu<\/a>","<a href=\"https:\/\/puuhamari.fi\/?product_tag=transfer\" class=\"advgb-post-tax-term\">Transfer<\/a>"],"unlinked":["<span class=\"advgb-post-tax-term\">Gingham Red<\/span>","<span class=\"advgb-post-tax-term\">Prima<\/span>","<span class=\"advgb-post-tax-term\">Siirtokuva<\/span>","<span class=\"advgb-post-tax-term\">Skottiruutu<\/span>","<span class=\"advgb-post-tax-term\">Transfer<\/span>"],"slug":"product_tag","name":"Avainsanat tuotteelle"},"product_shipping_class":{"linked":[],"unlinked":[],"slug":"product_shipping_class","name":"Tuotteen toimitusluokat"},"pos_product_visibility":{"linked":[],"unlinked":[],"slug":"pos_product_visibility","name":"POS Product visibility"},"pa_arkin-koko":{"linked":[],"unlinked":[],"slug":"pa_arkin-koko","name":"Tuote Arkin koko"},"pa_hiomatyynyn-karkeus":{"linked":[],"unlinked":[],"slug":"pa_hiomatyynyn-karkeus","name":"Tuote Hiomatyynyn karkeus"},"pa_kehys":{"linked":[],"unlinked":[],"slug":"pa_kehys","name":"Tuote Kehys"},"pa_kuvion-nro":{"linked":[],"unlinked":[],"slug":"pa_kuvion-nro","name":"Tuote Kuvion nro"},"pa_littean-pensselin-koko":{"linked":[],"unlinked":[],"slug":"pa_littean-pensselin-koko","name":"Tuote Litte\u00e4n pensselin koko"},"pa_maalivari":{"linked":[],"unlinked":[],"slug":"pa_maalivari","name":"Tuote Maaliv\u00e4ri"},"pa_palatapettien-lkm":{"linked":[],"unlinked":[],"slug":"pa_palatapettien-lkm","name":"Tuote Palatapettien lkm"},"pa_purkin-koko":{"linked":[],"unlinked":[],"slug":"pa_purkin-koko","name":"Tuote Purkin koko"},"pa_sapluunan-koko":{"linked":[],"unlinked":[],"slug":"pa_sapluunan-koko","name":"Tuote Sapluunan koko"},"pa_tabletti":{"linked":[],"unlinked":[],"slug":"pa_tabletti","name":"Tuote Tabletti"},"pa_valitse-sisalto":{"linked":[],"unlinked":[],"slug":"pa_valitse-sisalto","name":"Tuote Valitse sis\u00e4lt\u00f6"},"pa_varjostin":{"linked":[],"unlinked":[],"slug":"pa_varjostin","name":"Tuote Varjostin"}},"series_order":"","jetpack_sharing_enabled":true,"jetpack_likes_enabled":true,"jetpack-related-posts":[{"id":2225,"url":"https:\/\/puuhamari.fi\/?product=siirtokuva-gingham-black","url_meta":{"origin":2220,"position":0},"title":"Siirtokuva Gingham Black","author":"PuuhaMari","date":"27 lokakuun, 2021","format":false,"excerpt":"Mustavalkoinen skottiruutu, ja mustavalkoinen pikkuruutu. Putkilo sis\u00e4lt\u00e4\u00e4 kaksi skottiruutuista ja kaksi pikkuruudullista siirtokuvaa. Yhden skottiruutuisen siirtokuvan mitat:\u00a0 59 cm x 22,5 cm. Yhden pikkuruudullisen siirtokuvan mitat:\u00a0 59 cm x 19 cm. Voidaan k\u00e4ytt\u00e4\u00e4 monenlaisilla pinnoilla; seinill\u00e4, kalusteissa, peileiss\u00e4, lasiesineiss\u00e4, jne. Jos projektisi on vastamaalattu, anna maalipinnan kovettua rauhassa ainakin 2\u2026","rel":"","context":"Samankaltainen artikkeli","block_context":{"text":"Samankaltainen artikkeli","link":""},"img":{"alt_text":"","src":"https:\/\/i0.wp.com\/puuhamari.fi\/wp-content\/uploads\/2021\/10\/Gingham-Black-NELIO.jpeg?fit=1000%2C1000&ssl=1&resize=350%2C200","width":350,"height":200,"srcset":"https:\/\/i0.wp.com\/puuhamari.fi\/wp-content\/uploads\/2021\/10\/Gingham-Black-NELIO.jpeg?fit=1000%2C1000&ssl=1&resize=350%2C200 1x, https:\/\/i0.wp.com\/puuhamari.fi\/wp-content\/uploads\/2021\/10\/Gingham-Black-NELIO.jpeg?fit=1000%2C1000&ssl=1&resize=525%2C300 1.5x, https:\/\/i0.wp.com\/puuhamari.fi\/wp-content\/uploads\/2021\/10\/Gingham-Black-NELIO.jpeg?fit=1000%2C1000&ssl=1&resize=700%2C400 2x"},"classes":[]},{"id":5402,"url":"https:\/\/puuhamari.fi\/?product=siirtokuva-sweet-dreams","url_meta":{"origin":2220,"position":1},"title":"Siirtokuva Sweet Dreams","author":"PuuhaMari","date":"29 maaliskuun, 2023","format":false,"excerpt":"Maailman ihanin LAHJA lapsenlapsen huoneeseen! N\u00e4m\u00e4 isohkot, suloiset hahmot sopivat vaikka lastenhuoneen (tai p\u00e4iv\u00e4kodin!) oveen\/sein\u00e4lle, kalusteisiin, itse tehtyihin tauluihin, vauvan hoitolaukkuun... Pakkauksessa kaksi 89 cm x 30 cm kokoista kalvoa, joissa yhteens\u00e4 huikeat 35 pient\u00e4 ja suurta siirtokuvaa (joita voi saksilla leikata my\u00f6s pienemmiksi). Mittaesimerkkej\u00e4: Harmaan pilven leveys 16,5 cm\u2026","rel":"","context":"Samankaltainen artikkeli","block_context":{"text":"Samankaltainen artikkeli","link":""},"img":{"alt_text":"","src":"https:\/\/i0.wp.com\/puuhamari.fi\/wp-content\/uploads\/2023\/03\/Sweet-Dreams-AAAb.png?fit=905%2C913&ssl=1&resize=350%2C200","width":350,"height":200,"srcset":"https:\/\/i0.wp.com\/puuhamari.fi\/wp-content\/uploads\/2023\/03\/Sweet-Dreams-AAAb.png?fit=905%2C913&ssl=1&resize=350%2C200 1x, https:\/\/i0.wp.com\/puuhamari.fi\/wp-content\/uploads\/2023\/03\/Sweet-Dreams-AAAb.png?fit=905%2C913&ssl=1&resize=525%2C300 1.5x, https:\/\/i0.wp.com\/puuhamari.fi\/wp-content\/uploads\/2023\/03\/Sweet-Dreams-AAAb.png?fit=905%2C913&ssl=1&resize=700%2C400 2x"},"classes":[]},{"id":10062,"url":"https:\/\/puuhamari.fi\/?product=siirtokuva-butterfly-oasis","url_meta":{"origin":2220,"position":2},"title":"Siirtokuva Butterfly Oasis","author":"PuuhaMari","date":"15 elokuun, 2025","format":false,"excerpt":"Perhosten keidas -siirtokuvan perhoset ja kukat ovat v\u00e4reilt\u00e4\u00e4n poikkeuksellisen kiehtovia! Pakkaus sis\u00e4lt\u00e4\u00e4 kaksi n. 90 cm x 30 cm kokoista, erilaisin kuvin varustettua kalvoa. Perhosia on yhteens\u00e4 17 erilaista, ja kasveja 15 kpl. Molempien kalvojen sis\u00e4lt\u00f6 n\u00e4kyy oheisessa tuotekuvassa. Erillisi\u00e4 kuvia on yhteens\u00e4 per\u00e4ti 32 kpl. Suurin, purppuranv\u00e4rinen perhonen on\u2026","rel":"","context":"With 1 comment","block_context":{"text":"With 1 comment","link":"https:\/\/puuhamari.fi\/?product=siirtokuva-butterfly-oasis#comments"},"img":{"alt_text":"","src":"https:\/\/i0.wp.com\/puuhamari.fi\/wp-content\/uploads\/2025\/08\/Butterfly-Oasis-1.webp?fit=896%2C896&ssl=1&resize=350%2C200","width":350,"height":200,"srcset":"https:\/\/i0.wp.com\/puuhamari.fi\/wp-content\/uploads\/2025\/08\/Butterfly-Oasis-1.webp?fit=896%2C896&ssl=1&resize=350%2C200 1x, https:\/\/i0.wp.com\/puuhamari.fi\/wp-content\/uploads\/2025\/08\/Butterfly-Oasis-1.webp?fit=896%2C896&ssl=1&resize=525%2C300 1.5x, https:\/\/i0.wp.com\/puuhamari.fi\/wp-content\/uploads\/2025\/08\/Butterfly-Oasis-1.webp?fit=896%2C896&ssl=1&resize=700%2C400 2x"},"classes":[]},{"id":10049,"url":"https:\/\/puuhamari.fi\/?product=wild-flowers","url_meta":{"origin":2220,"position":3},"title":"Siirtokuva Wild Flowers","author":"PuuhaMari","date":"15 elokuun, 2025","format":false,"excerpt":"No nyt t\u00e4ytyy kyll\u00e4 sanoa, ett\u00e4 vaikka siirtokuvapaketin nimi on \"Villikukkia\", niin meid\u00e4n leveysasteillamme n\u00e4it\u00e4 ei kyll\u00e4 ihan villin\u00e4 n\u00e4e miss\u00e4\u00e4n...\u00a0Kyseess\u00e4 on Bougainvillea -suvun kasvi, joita Suomessa kutsutaan nimell\u00e4 ihmek\u00f6ynn\u00f6s! Se tuo kaunista v\u00e4ri\u00e4 ja kukintaa kotiisi - my\u00f6s t\u00e4llaisena koristeena kalusteissasi Paketti sis\u00e4lt\u00e4\u00e4 kolme kalvoa, joissa yhteens\u00e4 5 upeaa\u2026","rel":"","context":"Samankaltainen artikkeli","block_context":{"text":"Samankaltainen artikkeli","link":""},"img":{"alt_text":"","src":"https:\/\/i0.wp.com\/puuhamari.fi\/wp-content\/uploads\/2025\/08\/Wild-Flowers-1.webp?fit=896%2C896&ssl=1&resize=350%2C200","width":350,"height":200,"srcset":"https:\/\/i0.wp.com\/puuhamari.fi\/wp-content\/uploads\/2025\/08\/Wild-Flowers-1.webp?fit=896%2C896&ssl=1&resize=350%2C200 1x, https:\/\/i0.wp.com\/puuhamari.fi\/wp-content\/uploads\/2025\/08\/Wild-Flowers-1.webp?fit=896%2C896&ssl=1&resize=525%2C300 1.5x, https:\/\/i0.wp.com\/puuhamari.fi\/wp-content\/uploads\/2025\/08\/Wild-Flowers-1.webp?fit=896%2C896&ssl=1&resize=700%2C400 2x"},"classes":[]},{"id":7409,"url":"https:\/\/puuhamari.fi\/?product=siirtokuva-vintage-wallpaper-ii","url_meta":{"origin":2220,"position":4},"title":"Siirtokuva Vintage Wallpaper II","author":"PuuhaMari","date":"7 lokakuun, 2023","format":false,"excerpt":"Tilaa n\u00e4it\u00e4 AINAKIN SATA kes\u00e4n \"Mustan pitsin y\u00f6n\" koristeisiin Rauman pitsiviikoille! \ud83d\ude01\ud83d\ude01\ud83d\ude01 Tai sitten otat vain muutaman nyt heti huonekalujen & sisustuselementtien kaunistamiseksi - my\u00f6s makuuhuoneessa... Huomaa, ett\u00e4 kunkin kuvion PITUUS ON VAIN 27,5 CM joten jos huonekalusi laatikko\/ ovi\/ tai muu mitta on 30-55 cm tarvitset kaksi pakettia! Kuvioita\u2026","rel":"","context":"Samankaltainen artikkeli","block_context":{"text":"Samankaltainen artikkeli","link":""},"img":{"alt_text":"","src":"https:\/\/i0.wp.com\/puuhamari.fi\/wp-content\/uploads\/2023\/10\/Vintage-Wallpaper-II-1-b.png?fit=648%2C648&ssl=1&resize=350%2C200","width":350,"height":200,"srcset":"https:\/\/i0.wp.com\/puuhamari.fi\/wp-content\/uploads\/2023\/10\/Vintage-Wallpaper-II-1-b.png?fit=648%2C648&ssl=1&resize=350%2C200 1x, https:\/\/i0.wp.com\/puuhamari.fi\/wp-content\/uploads\/2023\/10\/Vintage-Wallpaper-II-1-b.png?fit=648%2C648&ssl=1&resize=525%2C300 1.5x"},"classes":[]},{"id":8891,"url":"https:\/\/puuhamari.fi\/?product=siirtokuva-wine","url_meta":{"origin":2220,"position":5},"title":"Siirtokuva Wine","author":"PuuhaMari","date":"8 syyskuun, 2024","format":false,"excerpt":"No nyt! Viinin yst\u00e4ville oma siirtokuvien setti, jolla koristella sek\u00e4 omat, ett\u00e4 lahjaksi annettavat tarjoiluastiat ja esineet. Toimivat upeana tunnelmanluojana my\u00f6s kes\u00e4keitti\u00f6iss\u00e4, terasseilla jne... Paketti sis\u00e4lt\u00e4\u00e4 kolme eri kalvoa, joissa yhteens\u00e4 kahdeksan upeaa siirtokuvaa. Kukin kalvo on korkeudeltaan n. 30 cm, ja leveydelt\u00e4\u00e4n 15 cm.","rel":"","context":"Samankaltainen artikkeli","block_context":{"text":"Samankaltainen artikkeli","link":""},"img":{"alt_text":"","src":"https:\/\/i0.wp.com\/puuhamari.fi\/wp-content\/uploads\/2024\/09\/91a9a1616aba4aebdae1e36a08263b117873a058be81432ef92aee4635eaf7ef-1.jpeg?fit=1000%2C1000&ssl=1&resize=350%2C200","width":350,"height":200,"srcset":"https:\/\/i0.wp.com\/puuhamari.fi\/wp-content\/uploads\/2024\/09\/91a9a1616aba4aebdae1e36a08263b117873a058be81432ef92aee4635eaf7ef-1.jpeg?fit=1000%2C1000&ssl=1&resize=350%2C200 1x, https:\/\/i0.wp.com\/puuhamari.fi\/wp-content\/uploads\/2024\/09\/91a9a1616aba4aebdae1e36a08263b117873a058be81432ef92aee4635eaf7ef-1.jpeg?fit=1000%2C1000&ssl=1&resize=525%2C300 1.5x, https:\/\/i0.wp.com\/puuhamari.fi\/wp-content\/uploads\/2024\/09\/91a9a1616aba4aebdae1e36a08263b117873a058be81432ef92aee4635eaf7ef-1.jpeg?fit=1000%2C1000&ssl=1&resize=700%2C400 2x"},"classes":[]}],"_links":{"self":[{"href":"https:\/\/puuhamari.fi\/index.php?rest_route=\/wp\/v2\/product\/2220","targetHints":{"allow":["GET"]}}],"collection":[{"href":"https:\/\/puuhamari.fi\/index.php?rest_route=\/wp\/v2\/product"}],"about":[{"href":"https:\/\/puuhamari.fi\/index.php?rest_route=\/wp\/v2\/types\/product"}],"replies":[{"embeddable":true,"href":"https:\/\/puuhamari.fi\/index.php?rest_route=%2Fwp%2Fv2%2Fcomments&post=2220"}],"version-history":[{"count":1,"href":"https:\/\/puuhamari.fi\/index.php?rest_route=\/wp\/v2\/product\/2220\/revisions"}],"predecessor-version":[{"id":6992,"href":"https:\/\/puuhamari.fi\/index.php?rest_route=\/wp\/v2\/product\/2220\/revisions\/6992"}],"wp:featuredmedia":[{"embeddable":true,"href":"https:\/\/puuhamari.fi\/index.php?rest_route=\/wp\/v2\/media\/2221"}],"wp:attachment":[{"href":"https:\/\/puuhamari.fi\/index.php?rest_route=%2Fwp%2Fv2%2Fmedia&parent=2220"}],"wp:term":[{"taxonomy":"product_brand","embeddable":true,"href":"https:\/\/puuhamari.fi\/index.php?rest_route=%2Fwp%2Fv2%2Fproduct_brand&post=2220"},{"taxonomy":"product_cat","embeddable":true,"href":"https:\/\/puuhamari.fi\/index.php?rest_route=%2Fwp%2Fv2%2Fproduct_cat&post=2220"},{"taxonomy":"product_tag","embeddable":true,"href":"https:\/\/puuhamari.fi\/index.php?rest_route=%2Fwp%2Fv2%2Fproduct_tag&post=2220"}],"curies":[{"name":"wp","href":"https:\/\/api.w.org\/{rel}","templated":true}]}}