{"id":2493,"date":"2022-02-21T14:25:56","date_gmt":"2022-02-21T14:25:56","guid":{"rendered":"https:\/\/puuhatarhanputiikki.fi\/?post_type=product&#038;p=2493"},"modified":"2026-03-18T18:05:27","modified_gmt":"2026-03-18T16:05:27","slug":"paisley","status":"publish","type":"product","link":"https:\/\/puuhamari.fi\/?product=paisley","title":{"rendered":"Paisley"},"content":{"rendered":"<p>Fusion\u2122 mineraalimaalien kuvaus: <a href=\"https:\/\/puuhamari.fi\/?p=5842\" target=\"_blank\" rel=\"noopener\">lue t\u00e4\u00e4lt\u00e4.<\/a><\/p>\n","protected":false},"excerpt":{"rendered":"<p>T\u00e4m\u00e4 vuoden 2021 uutuuss\u00e4vy on ylistys perinnev\u00e4reille: monis\u00e4vyisen sinisen v\u00e4rin inspiraationl\u00e4hteen\u00e4 on toiminut kauniin skottikaupunki Paisleyn l\u00e4pi virtaava joki ja sen penkat.<\/p>\n","protected":false},"author":1,"featured_media":2494,"comment_status":"open","ping_status":"closed","template":"","meta":{"advgb_blocks_editor_width":"","advgb_blocks_columns_visual_guide":"","advanced_seo_description":"","jetpack_seo_html_title":"","jetpack_seo_noindex":false,"_kad_post_transparent":"default","_kad_post_title":"","_kad_post_layout":"default","_kad_post_sidebar_id":"","_kad_post_content_style":"default","_kad_post_vertical_padding":"default","_kad_post_feature":"","_kad_post_feature_position":"","_kad_post_header":false,"_kad_post_footer":false,"_kad_post_classname":"","jetpack_post_was_ever_published":false},"product_brand":[],"product_cat":[309],"product_tag":[],"class_list":{"0":"post-2493","1":"product","2":"type-product","3":"status-publish","4":"has-post-thumbnail","6":"product_cat-fusion-mineraalimaalit","8":"first","9":"instock","10":"taxable","11":"shipping-taxable","12":"purchasable","13":"product-type-variable","14":"entry","15":"content-bg","16":"loop-entry"},"featured_img":"https:\/\/puuhamari.fi\/wp-content\/uploads\/2022\/02\/Fusion_Mineral_Paint_Paisley_Flatlay_Square_HR_210615_1724-Edit1-scaled.jpg","coauthors":[],"author_meta":{"author_link":"https:\/\/puuhamari.fi\/?author=1","display_name":"PuuhaMari"},"relative_dates":{"created":"Julkaistu 4 vuotta sitten","modified":"P\u00e4ivitetty 1 kuukausi sitten"},"absolute_dates":{"created":"Julkaistu 21 helmikuun, 2022","modified":"P\u00e4ivitetty 18 maaliskuun, 2026"},"absolute_dates_time":{"created":"Julkaistu 21 helmikuun, 2022 2:25 pm","modified":"P\u00e4ivitetty 18 maaliskuun, 2026 6:05 pm"},"featured_img_caption":"","tax_additional":{"product_brand":{"linked":[],"unlinked":[],"slug":"product_brand","name":"Br\u00e4ndit"},"product_type":{"linked":["<a href=\"https:\/\/puuhamari.fi\/?taxonomy=product_type&#038;term=variable\" class=\"advgb-post-tax-term\">variable<\/a>"],"unlinked":["<span class=\"advgb-post-tax-term\">variable<\/span>"],"slug":"product_type","name":"Tuotetyyppi"},"product_visibility":{"linked":[],"unlinked":[],"slug":"product_visibility","name":"Tuotteen n\u00e4kyvyys"},"product_cat":{"linked":["<a href=\"https:\/\/puuhamari.fi\/?product_cat=fusion-mineraalimaalit\" class=\"advgb-post-tax-term\">Fusion mineraalimaalit<\/a>"],"unlinked":["<span class=\"advgb-post-tax-term\">Fusion mineraalimaalit<\/span>"],"slug":"product_cat","name":"Osastot"},"product_tag":{"linked":[],"unlinked":[],"slug":"product_tag","name":"Avainsanat tuotteelle"},"product_shipping_class":{"linked":[],"unlinked":[],"slug":"product_shipping_class","name":"Tuotteen toimitusluokat"},"pos_product_visibility":{"linked":[],"unlinked":[],"slug":"pos_product_visibility","name":"POS Product visibility"},"pa_arkin-koko":{"linked":[],"unlinked":[],"slug":"pa_arkin-koko","name":"Tuote Arkin koko"},"pa_hiomatyynyn-karkeus":{"linked":[],"unlinked":[],"slug":"pa_hiomatyynyn-karkeus","name":"Tuote Hiomatyynyn karkeus"},"pa_kehys":{"linked":[],"unlinked":[],"slug":"pa_kehys","name":"Tuote Kehys"},"pa_kuvion-nro":{"linked":[],"unlinked":[],"slug":"pa_kuvion-nro","name":"Tuote Kuvion nro"},"pa_littean-pensselin-koko":{"linked":[],"unlinked":[],"slug":"pa_littean-pensselin-koko","name":"Tuote Litte\u00e4n pensselin koko"},"pa_maalivari":{"linked":[],"unlinked":[],"slug":"pa_maalivari","name":"Tuote Maaliv\u00e4ri"},"pa_palatapettien-lkm":{"linked":[],"unlinked":[],"slug":"pa_palatapettien-lkm","name":"Tuote Palatapettien lkm"},"pa_purkin-koko":{"linked":["<a href=\"https:\/\/puuhamari.fi\/?taxonomy=pa_purkin-koko&#038;term=37-ml\" class=\"advgb-post-tax-term\">37 ml<\/a>","<a href=\"https:\/\/puuhamari.fi\/?taxonomy=pa_purkin-koko&#038;term=500-ml\" class=\"advgb-post-tax-term\">500 ml<\/a>"],"unlinked":["<span class=\"advgb-post-tax-term\">37 ml<\/span>","<span class=\"advgb-post-tax-term\">500 ml<\/span>"],"slug":"pa_purkin-koko","name":"Tuote Purkin koko"},"pa_sapluunan-koko":{"linked":[],"unlinked":[],"slug":"pa_sapluunan-koko","name":"Tuote Sapluunan koko"},"pa_tabletti":{"linked":[],"unlinked":[],"slug":"pa_tabletti","name":"Tuote Tabletti"},"pa_valitse-sisalto":{"linked":[],"unlinked":[],"slug":"pa_valitse-sisalto","name":"Tuote Valitse sis\u00e4lt\u00f6"},"pa_varjostin":{"linked":[],"unlinked":[],"slug":"pa_varjostin","name":"Tuote Varjostin"}},"series_order":"","jetpack_sharing_enabled":true,"jetpack_likes_enabled":true,"jetpack-related-posts":[{"id":4962,"url":"https:\/\/puuhamari.fi\/?product=sinisella-savytetyt","url_meta":{"origin":2493,"position":0},"title":"Sinisell\u00e4 s\u00e4vytetyt","author":"PuuhaMari","date":"19 lokakuun, 2022","format":false,"excerpt":"Kaikki s\u00e4vyvertailut ovat PuuhaMarin kokoamia, eiv\u00e4tk\u00e4 ne ole myynniss\u00e4. Ne on laadittu helpottamaan valintaa kahden toisiaan l\u00e4hell\u00e4 olevan v\u00e4rin v\u00e4lill\u00e4 silloin, kun et p\u00e4\u00e4se fyysisesti Putiikin verstasmyym\u00e4l\u00e4\u00e4n Porissa. Samat s\u00e4vyt on aseteltu sek\u00e4 valkoiselle, ett\u00e4 mustalle pohjalle. T\u00e4ll\u00e4 tavoin sinun on helpompi n\u00e4hd\u00e4 mieless\u00e4si, miten n\u00e4iden v\u00e4rien luonne riippuu hieman\u2026","rel":"","context":"Samankaltainen artikkeli","block_context":{"text":"Samankaltainen artikkeli","link":""},"img":{"alt_text":"","src":"https:\/\/i0.wp.com\/puuhamari.fi\/wp-content\/uploads\/2022\/09\/FUSION-SINISET-syksy-2022-PMP-valk-tausta-B.png?fit=1200%2C1199&ssl=1&resize=350%2C200","width":350,"height":200,"srcset":"https:\/\/i0.wp.com\/puuhamari.fi\/wp-content\/uploads\/2022\/09\/FUSION-SINISET-syksy-2022-PMP-valk-tausta-B.png?fit=1200%2C1199&ssl=1&resize=350%2C200 1x, https:\/\/i0.wp.com\/puuhamari.fi\/wp-content\/uploads\/2022\/09\/FUSION-SINISET-syksy-2022-PMP-valk-tausta-B.png?fit=1200%2C1199&ssl=1&resize=525%2C300 1.5x, https:\/\/i0.wp.com\/puuhamari.fi\/wp-content\/uploads\/2022\/09\/FUSION-SINISET-syksy-2022-PMP-valk-tausta-B.png?fit=1200%2C1199&ssl=1&resize=700%2C400 2x, https:\/\/i0.wp.com\/puuhamari.fi\/wp-content\/uploads\/2022\/09\/FUSION-SINISET-syksy-2022-PMP-valk-tausta-B.png?fit=1200%2C1199&ssl=1&resize=1050%2C600 3x"},"classes":[]}],"_links":{"self":[{"href":"https:\/\/puuhamari.fi\/index.php?rest_route=\/wp\/v2\/product\/2493","targetHints":{"allow":["GET"]}}],"collection":[{"href":"https:\/\/puuhamari.fi\/index.php?rest_route=\/wp\/v2\/product"}],"about":[{"href":"https:\/\/puuhamari.fi\/index.php?rest_route=\/wp\/v2\/types\/product"}],"replies":[{"embeddable":true,"href":"https:\/\/puuhamari.fi\/index.php?rest_route=%2Fwp%2Fv2%2Fcomments&post=2493"}],"version-history":[{"count":1,"href":"https:\/\/puuhamari.fi\/index.php?rest_route=\/wp\/v2\/product\/2493\/revisions"}],"predecessor-version":[{"id":9380,"href":"https:\/\/puuhamari.fi\/index.php?rest_route=\/wp\/v2\/product\/2493\/revisions\/9380"}],"wp:featuredmedia":[{"embeddable":true,"href":"https:\/\/puuhamari.fi\/index.php?rest_route=\/wp\/v2\/media\/2494"}],"wp:attachment":[{"href":"https:\/\/puuhamari.fi\/index.php?rest_route=%2Fwp%2Fv2%2Fmedia&parent=2493"}],"wp:term":[{"taxonomy":"product_brand","embeddable":true,"href":"https:\/\/puuhamari.fi\/index.php?rest_route=%2Fwp%2Fv2%2Fproduct_brand&post=2493"},{"taxonomy":"product_cat","embeddable":true,"href":"https:\/\/puuhamari.fi\/index.php?rest_route=%2Fwp%2Fv2%2Fproduct_cat&post=2493"},{"taxonomy":"product_tag","embeddable":true,"href":"https:\/\/puuhamari.fi\/index.php?rest_route=%2Fwp%2Fv2%2Fproduct_tag&post=2493"}],"curies":[{"name":"wp","href":"https:\/\/api.w.org\/{rel}","templated":true}]}}