{"id":2534,"date":"2022-02-24T16:56:00","date_gmt":"2022-02-24T16:56:00","guid":{"rendered":"https:\/\/puuhatarhanputiikki.fi\/?post_type=product&#038;p=2534"},"modified":"2025-11-26T15:31:37","modified_gmt":"2025-11-26T13:31:37","slug":"lichen","status":"publish","type":"product","link":"https:\/\/puuhamari.fi\/?product=lichen","title":{"rendered":"Lichen"},"content":{"rendered":"<p>Fusion\u2122 mineraalimaalien kuvaus: <a href=\"https:\/\/puuhamari.fi\/?p=5842\" target=\"_blank\" rel=\"noopener\">lue t\u00e4\u00e4lt\u00e4.<\/a><\/p>\n","protected":false},"excerpt":{"rendered":"<p>Luonto\u00e4idilt\u00e4 lainattu harmaanvihre\u00e4 s\u00e4vy, ehdottomasti <strong>kuviaan kauniimpi<\/strong>! Hienovaraisen herkk\u00e4 ja pehme\u00e4n rauhoittava. Lichen on PuuhaMarin &#8220;luottovihre\u00e4&#8221;, jota Putiikilla k\u00e4ytet\u00e4\u00e4n todella monissa projekteissa!<\/p>\n","protected":false},"author":1,"featured_media":9258,"comment_status":"open","ping_status":"closed","template":"","meta":{"advgb_blocks_editor_width":"","advgb_blocks_columns_visual_guide":"","advanced_seo_description":"","jetpack_seo_html_title":"","jetpack_seo_noindex":false,"_kad_post_transparent":"default","_kad_post_title":"","_kad_post_layout":"default","_kad_post_sidebar_id":"","_kad_post_content_style":"default","_kad_post_vertical_padding":"default","_kad_post_feature":"","_kad_post_feature_position":"","_kad_post_header":false,"_kad_post_footer":false,"_kad_post_classname":"","jetpack_post_was_ever_published":false},"product_brand":[],"product_cat":[309],"product_tag":[],"class_list":{"0":"post-2534","1":"product","2":"type-product","3":"status-publish","4":"has-post-thumbnail","6":"product_cat-fusion-mineraalimaalit","8":"first","9":"instock","10":"taxable","11":"shipping-taxable","12":"purchasable","13":"product-type-variable","14":"entry","15":"content-bg","16":"loop-entry"},"featured_img":"https:\/\/puuhamari.fi\/wp-content\/uploads\/2022\/02\/fusion_mineral_paint-lichen-pint-b.jpg","coauthors":[],"author_meta":{"author_link":"https:\/\/puuhamari.fi\/?author=1","display_name":"PuuhaMari"},"relative_dates":{"created":"Julkaistu 4 vuotta sitten","modified":"P\u00e4ivitetty 5 kuukautta sitten"},"absolute_dates":{"created":"Julkaistu 24 helmikuun, 2022","modified":"P\u00e4ivitetty 26 marraskuun, 2025"},"absolute_dates_time":{"created":"Julkaistu 24 helmikuun, 2022 4:56 pm","modified":"P\u00e4ivitetty 26 marraskuun, 2025 3:31 pm"},"featured_img_caption":"","tax_additional":{"product_brand":{"linked":[],"unlinked":[],"slug":"product_brand","name":"Br\u00e4ndit"},"product_type":{"linked":["<a href=\"https:\/\/puuhamari.fi\/?taxonomy=product_type&#038;term=variable\" class=\"advgb-post-tax-term\">variable<\/a>"],"unlinked":["<span class=\"advgb-post-tax-term\">variable<\/span>"],"slug":"product_type","name":"Tuotetyyppi"},"product_visibility":{"linked":[],"unlinked":[],"slug":"product_visibility","name":"Tuotteen n\u00e4kyvyys"},"product_cat":{"linked":["<a href=\"https:\/\/puuhamari.fi\/?product_cat=fusion-mineraalimaalit\" class=\"advgb-post-tax-term\">Fusion mineraalimaalit<\/a>"],"unlinked":["<span class=\"advgb-post-tax-term\">Fusion mineraalimaalit<\/span>"],"slug":"product_cat","name":"Osastot"},"product_tag":{"linked":[],"unlinked":[],"slug":"product_tag","name":"Avainsanat tuotteelle"},"product_shipping_class":{"linked":[],"unlinked":[],"slug":"product_shipping_class","name":"Tuotteen toimitusluokat"},"pos_product_visibility":{"linked":[],"unlinked":[],"slug":"pos_product_visibility","name":"POS Product visibility"},"pa_arkin-koko":{"linked":[],"unlinked":[],"slug":"pa_arkin-koko","name":"Tuote Arkin koko"},"pa_hiomatyynyn-karkeus":{"linked":[],"unlinked":[],"slug":"pa_hiomatyynyn-karkeus","name":"Tuote Hiomatyynyn karkeus"},"pa_kehys":{"linked":[],"unlinked":[],"slug":"pa_kehys","name":"Tuote Kehys"},"pa_kuvion-nro":{"linked":[],"unlinked":[],"slug":"pa_kuvion-nro","name":"Tuote Kuvion nro"},"pa_littean-pensselin-koko":{"linked":[],"unlinked":[],"slug":"pa_littean-pensselin-koko","name":"Tuote Litte\u00e4n pensselin koko"},"pa_maalivari":{"linked":[],"unlinked":[],"slug":"pa_maalivari","name":"Tuote Maaliv\u00e4ri"},"pa_palatapettien-lkm":{"linked":[],"unlinked":[],"slug":"pa_palatapettien-lkm","name":"Tuote Palatapettien lkm"},"pa_purkin-koko":{"linked":["<a href=\"https:\/\/puuhamari.fi\/?taxonomy=pa_purkin-koko&#038;term=37-ml\" class=\"advgb-post-tax-term\">37 ml<\/a>","<a href=\"https:\/\/puuhamari.fi\/?taxonomy=pa_purkin-koko&#038;term=500-ml\" class=\"advgb-post-tax-term\">500 ml<\/a>"],"unlinked":["<span class=\"advgb-post-tax-term\">37 ml<\/span>","<span class=\"advgb-post-tax-term\">500 ml<\/span>"],"slug":"pa_purkin-koko","name":"Tuote Purkin koko"},"pa_sapluunan-koko":{"linked":[],"unlinked":[],"slug":"pa_sapluunan-koko","name":"Tuote Sapluunan koko"},"pa_tabletti":{"linked":[],"unlinked":[],"slug":"pa_tabletti","name":"Tuote Tabletti"},"pa_valitse-sisalto":{"linked":[],"unlinked":[],"slug":"pa_valitse-sisalto","name":"Tuote Valitse sis\u00e4lt\u00f6"},"pa_varjostin":{"linked":[],"unlinked":[],"slug":"pa_varjostin","name":"Tuote Varjostin"}},"series_order":"","jetpack_sharing_enabled":true,"jetpack_likes_enabled":true,"jetpack-related-posts":[{"id":7820,"url":"https:\/\/puuhamari.fi\/?product=cafe-tile-esiliisteroity-palatapetti-yksittain","url_meta":{"origin":2534,"position":0},"title":"&#8220;Cafe Tile&#8221; esiliister\u00f6ity palatapetti (yksitt\u00e4in)","author":"PuuhaMari","date":"1 maaliskuun, 2024","format":false,"excerpt":"\"Kahvilakaakeli\" tuo keski-Eurooppalaisia kaikuja keitti\u00f6kaappiesi v\u00e4litilaan (kyll\u00e4 kest\u00e4\u00e4!) tai seinille. Toimii hyvin my\u00f6s kylpyhuoneen\/wc:n seinill\u00e4. Mutta sen eritt\u00e4in kauniit, murretut v\u00e4ris\u00e4vyt\u00a0 yhdistyv\u00e4t my\u00f6s huonekaluja tuunatessa ihan huikean kauniisti esim. Fusion\u00ad\u00ad\u2122 mineraalimaalien moniin s\u00e4vyihin, kuten vihre\u00e4t Eucalyptus ja Lichen, tai tummansiniset Chestler ja Willowbank! Cafe Tile on toinen PuuhaMarilta l\u00f6ytyvist\u00e4 saksalaissyntyisen\u2026","rel":"","context":"With 1 comment","block_context":{"text":"With 1 comment","link":"https:\/\/puuhamari.fi\/?product=cafe-tile-esiliisteroity-palatapetti-yksittain#comments"},"img":{"alt_text":"","src":"https:\/\/i0.wp.com\/puuhamari.fi\/wp-content\/uploads\/2024\/03\/Cafe-Tile-Filasophie-1b.png?fit=661%2C661&ssl=1&resize=350%2C200","width":350,"height":200,"srcset":"https:\/\/i0.wp.com\/puuhamari.fi\/wp-content\/uploads\/2024\/03\/Cafe-Tile-Filasophie-1b.png?fit=661%2C661&ssl=1&resize=350%2C200 1x, https:\/\/i0.wp.com\/puuhamari.fi\/wp-content\/uploads\/2024\/03\/Cafe-Tile-Filasophie-1b.png?fit=661%2C661&ssl=1&resize=525%2C300 1.5x"},"classes":[]},{"id":7813,"url":"https:\/\/puuhamari.fi\/?product=cafe-tile-esiliisteroity-palatapetti-paketti","url_meta":{"origin":2534,"position":1},"title":"&#8220;Cafe Tile&#8221; esiliister\u00f6ity palatapetti (paketti)","author":"PuuhaMari","date":"1 maaliskuun, 2024","format":false,"excerpt":"\"Kahvilakaakeli\" tuo keski-Eurooppalaisia kaikuja keitti\u00f6kaappiesi v\u00e4litilaan (kyll\u00e4 kest\u00e4\u00e4!) tai seinille. Toimii hyvin my\u00f6s kylpyhuoneen\/wc:n seinill\u00e4. Mutta sen eritt\u00e4in kauniit, murretut v\u00e4ris\u00e4vyt\u00a0 yhdistyv\u00e4t my\u00f6s huonekaluja tuunatessa ihan huikean kauniisti esim. Fusion\u00ad\u00ad\u2122 mineraalimaalien moniin s\u00e4vyihin, kuten vihre\u00e4t Eucalyptus ja Lichen, tai tummansiniset Chestler ja Willowbank! Cafe Tile on toinen PuuhaMarilta l\u00f6ytyvist\u00e4 saksalaissyntyisen\u2026","rel":"","context":"Samankaltainen artikkeli","block_context":{"text":"Samankaltainen artikkeli","link":""},"img":{"alt_text":"","src":"https:\/\/i0.wp.com\/puuhamari.fi\/wp-content\/uploads\/2024\/03\/Cafe-Tile-Filasophie-2b.png?fit=791%2C791&ssl=1&resize=350%2C200","width":350,"height":200,"srcset":"https:\/\/i0.wp.com\/puuhamari.fi\/wp-content\/uploads\/2024\/03\/Cafe-Tile-Filasophie-2b.png?fit=791%2C791&ssl=1&resize=350%2C200 1x, https:\/\/i0.wp.com\/puuhamari.fi\/wp-content\/uploads\/2024\/03\/Cafe-Tile-Filasophie-2b.png?fit=791%2C791&ssl=1&resize=525%2C300 1.5x, https:\/\/i0.wp.com\/puuhamari.fi\/wp-content\/uploads\/2024\/03\/Cafe-Tile-Filasophie-2b.png?fit=791%2C791&ssl=1&resize=700%2C400 2x"},"classes":[]},{"id":4978,"url":"https:\/\/puuhamari.fi\/?product=vihrealla-savytetyt","url_meta":{"origin":2534,"position":2},"title":"Vihre\u00e4ll\u00e4 s\u00e4vytetyt","author":"PuuhaMari","date":"31 lokakuun, 2022","format":false,"excerpt":"Kaikki s\u00e4vyvertailut ovat PuuhaMarin kokoamia, eiv\u00e4tk\u00e4 ne ole myynniss\u00e4. Ne on laadittu helpottamaan valintaa kahden toisiaan l\u00e4hell\u00e4 olevan v\u00e4rin v\u00e4lill\u00e4 silloin, kun et p\u00e4\u00e4se fyysisesti Putiikin verstasmyym\u00e4l\u00e4\u00e4n Porissa. Samat s\u00e4vyt on aseteltu sek\u00e4 valkoiselle, ett\u00e4 mustalle pohjalle. T\u00e4ll\u00e4 tavoin sinun on helpompi n\u00e4hd\u00e4 mieless\u00e4si, miten n\u00e4iden v\u00e4rien luonne riippuu hieman\u2026","rel":"","context":"Samankaltainen artikkeli","block_context":{"text":"Samankaltainen artikkeli","link":""},"img":{"alt_text":"","src":"https:\/\/i0.wp.com\/puuhamari.fi\/wp-content\/uploads\/2022\/10\/2023-Vihreat-kevat-2023-valk-tausta-B.png?fit=1200%2C1200&ssl=1&resize=350%2C200","width":350,"height":200,"srcset":"https:\/\/i0.wp.com\/puuhamari.fi\/wp-content\/uploads\/2022\/10\/2023-Vihreat-kevat-2023-valk-tausta-B.png?fit=1200%2C1200&ssl=1&resize=350%2C200 1x, https:\/\/i0.wp.com\/puuhamari.fi\/wp-content\/uploads\/2022\/10\/2023-Vihreat-kevat-2023-valk-tausta-B.png?fit=1200%2C1200&ssl=1&resize=525%2C300 1.5x, https:\/\/i0.wp.com\/puuhamari.fi\/wp-content\/uploads\/2022\/10\/2023-Vihreat-kevat-2023-valk-tausta-B.png?fit=1200%2C1200&ssl=1&resize=700%2C400 2x, https:\/\/i0.wp.com\/puuhamari.fi\/wp-content\/uploads\/2022\/10\/2023-Vihreat-kevat-2023-valk-tausta-B.png?fit=1200%2C1200&ssl=1&resize=1050%2C600 3x"},"classes":[]}],"_links":{"self":[{"href":"https:\/\/puuhamari.fi\/index.php?rest_route=\/wp\/v2\/product\/2534","targetHints":{"allow":["GET"]}}],"collection":[{"href":"https:\/\/puuhamari.fi\/index.php?rest_route=\/wp\/v2\/product"}],"about":[{"href":"https:\/\/puuhamari.fi\/index.php?rest_route=\/wp\/v2\/types\/product"}],"replies":[{"embeddable":true,"href":"https:\/\/puuhamari.fi\/index.php?rest_route=%2Fwp%2Fv2%2Fcomments&post=2534"}],"version-history":[{"count":3,"href":"https:\/\/puuhamari.fi\/index.php?rest_route=\/wp\/v2\/product\/2534\/revisions"}],"predecessor-version":[{"id":9831,"href":"https:\/\/puuhamari.fi\/index.php?rest_route=\/wp\/v2\/product\/2534\/revisions\/9831"}],"wp:featuredmedia":[{"embeddable":true,"href":"https:\/\/puuhamari.fi\/index.php?rest_route=\/wp\/v2\/media\/9258"}],"wp:attachment":[{"href":"https:\/\/puuhamari.fi\/index.php?rest_route=%2Fwp%2Fv2%2Fmedia&parent=2534"}],"wp:term":[{"taxonomy":"product_brand","embeddable":true,"href":"https:\/\/puuhamari.fi\/index.php?rest_route=%2Fwp%2Fv2%2Fproduct_brand&post=2534"},{"taxonomy":"product_cat","embeddable":true,"href":"https:\/\/puuhamari.fi\/index.php?rest_route=%2Fwp%2Fv2%2Fproduct_cat&post=2534"},{"taxonomy":"product_tag","embeddable":true,"href":"https:\/\/puuhamari.fi\/index.php?rest_route=%2Fwp%2Fv2%2Fproduct_tag&post=2534"}],"curies":[{"name":"wp","href":"https:\/\/api.w.org\/{rel}","templated":true}]}}