{"id":2539,"date":"2022-02-24T16:58:07","date_gmt":"2022-02-24T16:58:07","guid":{"rendered":"https:\/\/puuhatarhanputiikki.fi\/?post_type=product&#038;p=2539"},"modified":"2025-11-26T15:22:46","modified_gmt":"2025-11-26T13:22:46","slug":"picket-fence","status":"publish","type":"product","link":"https:\/\/puuhamari.fi\/?product=picket-fence","title":{"rendered":"Picket Fence"},"content":{"rendered":"<blockquote><p>Fusion\u2122 mineraalimaalien kuvaus: <a href=\"https:\/\/puuhamari.fi\/?p=5842\" target=\"_blank\" rel=\"noopener\">lue t\u00e4\u00e4lt\u00e4.<\/a><\/p><\/blockquote>\n","protected":false},"excerpt":{"rendered":"<p>Ihana, hohtavanvalkoinen Picket Fence kuuluu jokaisen P\u00e4iv\u00e4ns\u00e4dett\u00e4 kaipaavan huoneen perustarpeistoon.<\/p>\n<p>Huom! Jos sinulla on suurempi projekti: Picket Fence\u00e4 on nyt saatavana edullisemmin 2 litran pullossa. Tarkoittaa suomeksi sanottuna sit\u00e4, ett\u00e4 saat nelj\u00e4n normaalikokoisen (500 ml) purkin verran maalia kolmen purkin hinnalla!<\/p>\n","protected":false},"author":1,"featured_media":2587,"comment_status":"open","ping_status":"closed","template":"","meta":{"advgb_blocks_editor_width":"","advgb_blocks_columns_visual_guide":"","advanced_seo_description":"","jetpack_seo_html_title":"","jetpack_seo_noindex":false,"_kad_post_transparent":"default","_kad_post_title":"","_kad_post_layout":"default","_kad_post_sidebar_id":"","_kad_post_content_style":"default","_kad_post_vertical_padding":"default","_kad_post_feature":"","_kad_post_feature_position":"","_kad_post_header":false,"_kad_post_footer":false,"_kad_post_classname":"","jetpack_post_was_ever_published":false},"product_brand":[],"product_cat":[309],"product_tag":[],"class_list":{"0":"post-2539","1":"product","2":"type-product","3":"status-publish","4":"has-post-thumbnail","6":"product_cat-fusion-mineraalimaalit","8":"first","9":"instock","10":"taxable","11":"shipping-taxable","12":"purchasable","13":"product-type-variable","14":"entry","15":"content-bg","16":"loop-entry"},"featured_img":"https:\/\/puuhamari.fi\/wp-content\/uploads\/2022\/02\/T1PICKETFENCE-b-1-scaled.jpg","coauthors":[],"author_meta":{"author_link":"https:\/\/puuhamari.fi\/?author=1","display_name":"PuuhaMari"},"relative_dates":{"created":"Julkaistu 4 vuotta sitten","modified":"P\u00e4ivitetty 5 kuukautta sitten"},"absolute_dates":{"created":"Julkaistu 24 helmikuun, 2022","modified":"P\u00e4ivitetty 26 marraskuun, 2025"},"absolute_dates_time":{"created":"Julkaistu 24 helmikuun, 2022 4:58 pm","modified":"P\u00e4ivitetty 26 marraskuun, 2025 3:22 pm"},"featured_img_caption":"","tax_additional":{"product_brand":{"linked":[],"unlinked":[],"slug":"product_brand","name":"Br\u00e4ndit"},"product_type":{"linked":["<a href=\"https:\/\/puuhamari.fi\/?taxonomy=product_type&#038;term=variable\" class=\"advgb-post-tax-term\">variable<\/a>"],"unlinked":["<span class=\"advgb-post-tax-term\">variable<\/span>"],"slug":"product_type","name":"Tuotetyyppi"},"product_visibility":{"linked":["<a href=\"https:\/\/puuhamari.fi\/?taxonomy=product_visibility&#038;term=rated-5\" class=\"advgb-post-tax-term\">rated-5<\/a>"],"unlinked":["<span class=\"advgb-post-tax-term\">rated-5<\/span>"],"slug":"product_visibility","name":"Tuotteen n\u00e4kyvyys"},"product_cat":{"linked":["<a href=\"https:\/\/puuhamari.fi\/?product_cat=fusion-mineraalimaalit\" class=\"advgb-post-tax-term\">Fusion mineraalimaalit<\/a>"],"unlinked":["<span class=\"advgb-post-tax-term\">Fusion mineraalimaalit<\/span>"],"slug":"product_cat","name":"Osastot"},"product_tag":{"linked":[],"unlinked":[],"slug":"product_tag","name":"Avainsanat tuotteelle"},"product_shipping_class":{"linked":[],"unlinked":[],"slug":"product_shipping_class","name":"Tuotteen toimitusluokat"},"pos_product_visibility":{"linked":[],"unlinked":[],"slug":"pos_product_visibility","name":"POS Product visibility"},"pa_arkin-koko":{"linked":[],"unlinked":[],"slug":"pa_arkin-koko","name":"Tuote Arkin koko"},"pa_hiomatyynyn-karkeus":{"linked":[],"unlinked":[],"slug":"pa_hiomatyynyn-karkeus","name":"Tuote Hiomatyynyn karkeus"},"pa_kehys":{"linked":[],"unlinked":[],"slug":"pa_kehys","name":"Tuote Kehys"},"pa_kuvion-nro":{"linked":[],"unlinked":[],"slug":"pa_kuvion-nro","name":"Tuote Kuvion nro"},"pa_littean-pensselin-koko":{"linked":[],"unlinked":[],"slug":"pa_littean-pensselin-koko","name":"Tuote Litte\u00e4n pensselin koko"},"pa_maalivari":{"linked":[],"unlinked":[],"slug":"pa_maalivari","name":"Tuote Maaliv\u00e4ri"},"pa_palatapettien-lkm":{"linked":[],"unlinked":[],"slug":"pa_palatapettien-lkm","name":"Tuote Palatapettien lkm"},"pa_purkin-koko":{"linked":["<a href=\"https:\/\/puuhamari.fi\/?taxonomy=pa_purkin-koko&#038;term=20-l\" class=\"advgb-post-tax-term\">2,0 L<\/a>","<a href=\"https:\/\/puuhamari.fi\/?taxonomy=pa_purkin-koko&#038;term=37-ml\" class=\"advgb-post-tax-term\">37 ml<\/a>","<a href=\"https:\/\/puuhamari.fi\/?taxonomy=pa_purkin-koko&#038;term=500-ml\" class=\"advgb-post-tax-term\">500 ml<\/a>"],"unlinked":["<span class=\"advgb-post-tax-term\">2,0 L<\/span>","<span class=\"advgb-post-tax-term\">37 ml<\/span>","<span class=\"advgb-post-tax-term\">500 ml<\/span>"],"slug":"pa_purkin-koko","name":"Tuote Purkin koko"},"pa_sapluunan-koko":{"linked":[],"unlinked":[],"slug":"pa_sapluunan-koko","name":"Tuote Sapluunan koko"},"pa_tabletti":{"linked":[],"unlinked":[],"slug":"pa_tabletti","name":"Tuote Tabletti"},"pa_valitse-sisalto":{"linked":[],"unlinked":[],"slug":"pa_valitse-sisalto","name":"Tuote Valitse sis\u00e4lt\u00f6"},"pa_varjostin":{"linked":[],"unlinked":[],"slug":"pa_varjostin","name":"Tuote Varjostin"}},"series_order":"","jetpack_sharing_enabled":true,"jetpack_likes_enabled":true,"jetpack-related-posts":[{"id":11027,"url":"https:\/\/puuhamari.fi\/?product=valkoiset-ja-vaaleat","url_meta":{"origin":2539,"position":0},"title":"Valkoiset ja vaaleat","author":"PuuhaMari","date":"9 huhtikuun, 2026","format":false,"excerpt":"Kaikki s\u00e4vyvertailut ovat PuuhaMarin kokoamia, eiv\u00e4tk\u00e4 ne ole myynniss\u00e4. Ne on laadittu helpottamaan valintaa kahden toisiaan l\u00e4hell\u00e4 olevan v\u00e4rin v\u00e4lill\u00e4 silloin, kun et p\u00e4\u00e4se fyysisesti Putiikin verstasmyym\u00e4l\u00e4\u00e4n Porissa. HUOM: muista aina, ett\u00e4 digitaaliset kuvat eiv\u00e4t koskaan toista v\u00e4ris\u00e4vyj\u00e4 t\u00e4ysin totuudenmukaisina! Oheisissa kuvissa s\u00e4vyt ovat \"valkoisuusj\u00e4rjestyksess\u00e4\". Snowdrop on kaikkein valkoisin, Picket\u2026","rel":"","context":"Samankaltainen artikkeli","block_context":{"text":"Samankaltainen artikkeli","link":""},"img":{"alt_text":"","src":"https:\/\/i0.wp.com\/puuhamari.fi\/wp-content\/uploads\/2026\/04\/1.png?fit=1200%2C1200&ssl=1&resize=350%2C200","width":350,"height":200,"srcset":"https:\/\/i0.wp.com\/puuhamari.fi\/wp-content\/uploads\/2026\/04\/1.png?fit=1200%2C1200&ssl=1&resize=350%2C200 1x, https:\/\/i0.wp.com\/puuhamari.fi\/wp-content\/uploads\/2026\/04\/1.png?fit=1200%2C1200&ssl=1&resize=525%2C300 1.5x, https:\/\/i0.wp.com\/puuhamari.fi\/wp-content\/uploads\/2026\/04\/1.png?fit=1200%2C1200&ssl=1&resize=700%2C400 2x, https:\/\/i0.wp.com\/puuhamari.fi\/wp-content\/uploads\/2026\/04\/1.png?fit=1200%2C1200&ssl=1&resize=1050%2C600 3x"},"classes":[]},{"id":6799,"url":"https:\/\/puuhamari.fi\/?product=park-bench","url_meta":{"origin":2539,"position":1},"title":"Park Bench","author":"PuuhaMari","date":"18 elokuun, 2023","format":false,"excerpt":"Syv\u00e4, perinteikyytt\u00e4 uhkuva vihre\u00e4, jonka\u00a0 inspiraationl\u00e4hteen\u00e4 ovat olleet ikoniset tuolit Katariina di Medicin jo 1500-luvulla Pariisiin perustaman Tuileries:in palatsin puutarhassa. Yhdist\u00e4m\u00e4ll\u00e4 t\u00e4t\u00e4 vihre\u00e4\u00e4 valkoiseen Picket Fence:en luot voimakkaan, modernin kontrastin. Mutta esimerkiksi tummanharmaaseen Ash:iin, ruskeaan Chocolate:en, sek\u00e4 sinapinkeltaiseen Mustard:iin yhdistelem\u00e4ll\u00e4 voit vied\u00e4 sisustuksesi v\u00e4rimaailmaa Park Bench:ill\u00e4 ajassa taaksep\u00e4in - jopa\u2026","rel":"","context":"With 1 comment","block_context":{"text":"With 1 comment","link":"https:\/\/puuhamari.fi\/?product=park-bench#comments"},"img":{"alt_text":"","src":"https:\/\/i0.wp.com\/puuhamari.fi\/wp-content\/uploads\/2023\/08\/Fusion_Mineral_Paint_Park_Bench_pint-b-scaled.jpg?fit=1200%2C1200&ssl=1&resize=350%2C200","width":350,"height":200,"srcset":"https:\/\/i0.wp.com\/puuhamari.fi\/wp-content\/uploads\/2023\/08\/Fusion_Mineral_Paint_Park_Bench_pint-b-scaled.jpg?fit=1200%2C1200&ssl=1&resize=350%2C200 1x, https:\/\/i0.wp.com\/puuhamari.fi\/wp-content\/uploads\/2023\/08\/Fusion_Mineral_Paint_Park_Bench_pint-b-scaled.jpg?fit=1200%2C1200&ssl=1&resize=525%2C300 1.5x, https:\/\/i0.wp.com\/puuhamari.fi\/wp-content\/uploads\/2023\/08\/Fusion_Mineral_Paint_Park_Bench_pint-b-scaled.jpg?fit=1200%2C1200&ssl=1&resize=700%2C400 2x, https:\/\/i0.wp.com\/puuhamari.fi\/wp-content\/uploads\/2023\/08\/Fusion_Mineral_Paint_Park_Bench_pint-b-scaled.jpg?fit=1200%2C1200&ssl=1&resize=1050%2C600 3x"},"classes":[]},{"id":5822,"url":"https:\/\/puuhamari.fi\/?product=2-litran-pulloissa-saatavat","url_meta":{"origin":2539,"position":2},"title":"2 litran pulloissa saatavat","author":"PuuhaMari","date":"12 toukokuun, 2023","format":false,"excerpt":"Kaikki s\u00e4vyvertailut ovat PuuhaMarin kokoamia, eiv\u00e4tk\u00e4 ne ole myynniss\u00e4. Ne on laadittu helpottamaan valintaa kahden toisiaan l\u00e4hell\u00e4 olevan v\u00e4rin v\u00e4lill\u00e4 silloin, kun et p\u00e4\u00e4se fyysisesti Putiikin verstasmyym\u00e4l\u00e4\u00e4n Porissa. Samat s\u00e4vyt on aseteltu sek\u00e4 valkoiselle, ett\u00e4 mustalle pohjalle. T\u00e4ll\u00e4 tavoin sinun on helpompi n\u00e4hd\u00e4 mieless\u00e4si, miten n\u00e4iden v\u00e4rien luonne riippuu hieman\u2026","rel":"","context":"Samankaltainen artikkeli","block_context":{"text":"Samankaltainen artikkeli","link":""},"img":{"alt_text":"","src":"https:\/\/i0.wp.com\/puuhamari.fi\/wp-content\/uploads\/2022\/10\/2-litraiset-syksy-2022-PMP-valk-tausta-B.png?fit=1080%2C1080&ssl=1&resize=350%2C200","width":350,"height":200,"srcset":"https:\/\/i0.wp.com\/puuhamari.fi\/wp-content\/uploads\/2022\/10\/2-litraiset-syksy-2022-PMP-valk-tausta-B.png?fit=1080%2C1080&ssl=1&resize=350%2C200 1x, https:\/\/i0.wp.com\/puuhamari.fi\/wp-content\/uploads\/2022\/10\/2-litraiset-syksy-2022-PMP-valk-tausta-B.png?fit=1080%2C1080&ssl=1&resize=525%2C300 1.5x, https:\/\/i0.wp.com\/puuhamari.fi\/wp-content\/uploads\/2022\/10\/2-litraiset-syksy-2022-PMP-valk-tausta-B.png?fit=1080%2C1080&ssl=1&resize=700%2C400 2x, https:\/\/i0.wp.com\/puuhamari.fi\/wp-content\/uploads\/2022\/10\/2-litraiset-syksy-2022-PMP-valk-tausta-B.png?fit=1080%2C1080&ssl=1&resize=1050%2C600 3x"},"classes":[]},{"id":11122,"url":"https:\/\/puuhamari.fi\/?product=ulkokalusteen-maalaussetti-muovipoydan-tuunauspaketti","url_meta":{"origin":2539,"position":3},"title":"Ulkokalusteen maalaussetti \u2013 muovip\u00f6yd\u00e4n tuunauspaketti","author":"PuuhaMari","date":"16 huhtikuun, 2026","format":false,"excerpt":"Jos haluat maalata muovisen ulkop\u00f6yd\u00e4n helposti ja ilman tarvikkeiden etsimist\u00e4, t\u00e4m\u00e4 valmiiksi koottu tuunauspaketti sis\u00e4lt\u00e4\u00e4 kaiken tarvittavan: pesuaineen, hyv\u00e4n pensselin ja 500 ml Fusion Mineral Paint \u2011maalia. Setti on koottu niin, ett\u00e4 projekti etenee sujuvasti ja lopputulos kest\u00e4\u00e4 k\u00e4ytt\u00f6\u00e4. Valittavanasi on kahdeksan s\u00e4vy\u00e4. Setin sis\u00e4lt\u00f6: \u2022 Fusion TSP Alternative \u2011puhdistusaine\u2026","rel":"","context":"Samankaltainen artikkeli","block_context":{"text":"Samankaltainen artikkeli","link":""},"img":{"alt_text":"","src":"https:\/\/i0.wp.com\/puuhamari.fi\/wp-content\/uploads\/2026\/04\/Valmiit-tuunauspaketit-muovinen-ulkopoyta.png?fit=1200%2C1200&ssl=1&resize=350%2C200","width":350,"height":200,"srcset":"https:\/\/i0.wp.com\/puuhamari.fi\/wp-content\/uploads\/2026\/04\/Valmiit-tuunauspaketit-muovinen-ulkopoyta.png?fit=1200%2C1200&ssl=1&resize=350%2C200 1x, https:\/\/i0.wp.com\/puuhamari.fi\/wp-content\/uploads\/2026\/04\/Valmiit-tuunauspaketit-muovinen-ulkopoyta.png?fit=1200%2C1200&ssl=1&resize=525%2C300 1.5x, https:\/\/i0.wp.com\/puuhamari.fi\/wp-content\/uploads\/2026\/04\/Valmiit-tuunauspaketit-muovinen-ulkopoyta.png?fit=1200%2C1200&ssl=1&resize=700%2C400 2x, https:\/\/i0.wp.com\/puuhamari.fi\/wp-content\/uploads\/2026\/04\/Valmiit-tuunauspaketit-muovinen-ulkopoyta.png?fit=1200%2C1200&ssl=1&resize=1050%2C600 3x"},"classes":[]},{"id":3457,"url":"https:\/\/puuhamari.fi\/?product=azure","url_meta":{"origin":2539,"position":4},"title":"Azure","author":"PuuhaMari","date":"23 toukokuun, 2022","format":false,"excerpt":"Tied\u00e4th\u00e4n sellaiset vanhat vintage-korut, joissa on n\u00e4ytt\u00e4v\u00e4n v\u00e4risi\u00e4 kivi\u00e4? Joissakin niist\u00e4 on k\u00e4ytetty \"turkoosi\" -nimist\u00e4 korukive\u00e4, ja t\u00e4m\u00e4 Fusion mineraalimaali on PuuhaMarin mielest\u00e4 juuri sen v\u00e4rist\u00e4; se on rohkean ylellinen s\u00e4vy, mutta samalla my\u00f6s korealla tavalla hienostunut. Yhdist\u00e4 kirkkaan valkoisen Picket Fence:n kanssa, jos haluat lopputuloksen olevan huippuraikas, tai Casement:n\u2026","rel":"","context":"Samankaltainen artikkeli","block_context":{"text":"Samankaltainen artikkeli","link":""},"img":{"alt_text":"","src":"https:\/\/i0.wp.com\/puuhamari.fi\/wp-content\/uploads\/2022\/05\/fusion_mineral_paint-azure-pint-B.jpg?fit=1200%2C1200&ssl=1&resize=350%2C200","width":350,"height":200,"srcset":"https:\/\/i0.wp.com\/puuhamari.fi\/wp-content\/uploads\/2022\/05\/fusion_mineral_paint-azure-pint-B.jpg?fit=1200%2C1200&ssl=1&resize=350%2C200 1x, https:\/\/i0.wp.com\/puuhamari.fi\/wp-content\/uploads\/2022\/05\/fusion_mineral_paint-azure-pint-B.jpg?fit=1200%2C1200&ssl=1&resize=525%2C300 1.5x, https:\/\/i0.wp.com\/puuhamari.fi\/wp-content\/uploads\/2022\/05\/fusion_mineral_paint-azure-pint-B.jpg?fit=1200%2C1200&ssl=1&resize=700%2C400 2x, https:\/\/i0.wp.com\/puuhamari.fi\/wp-content\/uploads\/2022\/05\/fusion_mineral_paint-azure-pint-B.jpg?fit=1200%2C1200&ssl=1&resize=1050%2C600 3x"},"classes":[]},{"id":2502,"url":"https:\/\/puuhamari.fi\/?product=victorian-lace","url_meta":{"origin":2539,"position":5},"title":"Victorian Lace","author":"PuuhaMari","date":"21 helmikuun, 2022","format":false,"excerpt":"Romanttinen, monivivahteinen valkoinen tasapainottelee kylmien ja l\u00e4mpimien s\u00e4vyjen v\u00e4limaastossa. Inspiraationl\u00e4hteen\u00e4 ollut viktoriaanisen aikakauden pitsit ja niiden taidokkaat yksityiskohdat. Huom! Jos sinulla on suurempi projekti: Victorian Lacea on nyt saatavana edullisemmin 2 litran pullossa. Tarkoittaa suomeksi sanottuna sit\u00e4, ett\u00e4 saat nelj\u00e4n normaalikokoisen (500 ml) purkin verran maalia kolmen purkin hinnalla! (\u00c4l\u00e4\u2026","rel":"","context":"Samankaltainen artikkeli","block_context":{"text":"Samankaltainen artikkeli","link":""},"img":{"alt_text":"","src":"https:\/\/i0.wp.com\/puuhamari.fi\/wp-content\/uploads\/2022\/02\/003-Fusion_Mineral_Paint_Victorian_Lace_Instagram_HR_210527_1166-Edit1-scaled.jpg?fit=1200%2C1200&ssl=1&resize=350%2C200","width":350,"height":200,"srcset":"https:\/\/i0.wp.com\/puuhamari.fi\/wp-content\/uploads\/2022\/02\/003-Fusion_Mineral_Paint_Victorian_Lace_Instagram_HR_210527_1166-Edit1-scaled.jpg?fit=1200%2C1200&ssl=1&resize=350%2C200 1x, https:\/\/i0.wp.com\/puuhamari.fi\/wp-content\/uploads\/2022\/02\/003-Fusion_Mineral_Paint_Victorian_Lace_Instagram_HR_210527_1166-Edit1-scaled.jpg?fit=1200%2C1200&ssl=1&resize=525%2C300 1.5x, https:\/\/i0.wp.com\/puuhamari.fi\/wp-content\/uploads\/2022\/02\/003-Fusion_Mineral_Paint_Victorian_Lace_Instagram_HR_210527_1166-Edit1-scaled.jpg?fit=1200%2C1200&ssl=1&resize=700%2C400 2x, https:\/\/i0.wp.com\/puuhamari.fi\/wp-content\/uploads\/2022\/02\/003-Fusion_Mineral_Paint_Victorian_Lace_Instagram_HR_210527_1166-Edit1-scaled.jpg?fit=1200%2C1200&ssl=1&resize=1050%2C600 3x"},"classes":[]}],"_links":{"self":[{"href":"https:\/\/puuhamari.fi\/index.php?rest_route=\/wp\/v2\/product\/2539","targetHints":{"allow":["GET"]}}],"collection":[{"href":"https:\/\/puuhamari.fi\/index.php?rest_route=\/wp\/v2\/product"}],"about":[{"href":"https:\/\/puuhamari.fi\/index.php?rest_route=\/wp\/v2\/types\/product"}],"replies":[{"embeddable":true,"href":"https:\/\/puuhamari.fi\/index.php?rest_route=%2Fwp%2Fv2%2Fcomments&post=2539"}],"version-history":[{"count":1,"href":"https:\/\/puuhamari.fi\/index.php?rest_route=\/wp\/v2\/product\/2539\/revisions"}],"predecessor-version":[{"id":6688,"href":"https:\/\/puuhamari.fi\/index.php?rest_route=\/wp\/v2\/product\/2539\/revisions\/6688"}],"wp:featuredmedia":[{"embeddable":true,"href":"https:\/\/puuhamari.fi\/index.php?rest_route=\/wp\/v2\/media\/2587"}],"wp:attachment":[{"href":"https:\/\/puuhamari.fi\/index.php?rest_route=%2Fwp%2Fv2%2Fmedia&parent=2539"}],"wp:term":[{"taxonomy":"product_brand","embeddable":true,"href":"https:\/\/puuhamari.fi\/index.php?rest_route=%2Fwp%2Fv2%2Fproduct_brand&post=2539"},{"taxonomy":"product_cat","embeddable":true,"href":"https:\/\/puuhamari.fi\/index.php?rest_route=%2Fwp%2Fv2%2Fproduct_cat&post=2539"},{"taxonomy":"product_tag","embeddable":true,"href":"https:\/\/puuhamari.fi\/index.php?rest_route=%2Fwp%2Fv2%2Fproduct_tag&post=2539"}],"curies":[{"name":"wp","href":"https:\/\/api.w.org\/{rel}","templated":true}]}}