{"id":2550,"date":"2022-02-24T17:11:07","date_gmt":"2022-02-24T17:11:07","guid":{"rendered":"https:\/\/puuhatarhanputiikki.fi\/?post_type=product&#038;p=2550"},"modified":"2025-11-26T14:55:35","modified_gmt":"2025-11-26T12:55:35","slug":"fort-york-red","status":"publish","type":"product","link":"https:\/\/puuhamari.fi\/?product=fort-york-red","title":{"rendered":"Fort York Red"},"content":{"rendered":"<p>Fusion\u2122 mineraalimaalien kuvaus: <a href=\"https:\/\/puuhamari.fi\/?p=5842\" target=\"_blank\" rel=\"noopener\">lue t\u00e4\u00e4lt\u00e4.<\/a><\/p>\n","protected":false},"excerpt":{"rendered":"<p>Energinen paloautonpunainen, joka on ollut yksi Fusion\u2122 maalien suosituimpia jo vuosien ajan. Yleisilmeelt\u00e4\u00e4n muuten neutraalissa huoneessa roiskahdus punaista todella her\u00e4tt\u00e4\u00e4 eloon koko ymp\u00e4rist\u00f6ns\u00e4.<\/p>\n<p>Voit my\u00f6s korostaa t\u00e4ll\u00e4 esim. kalusteen koristemuotoiluja\/listoja\/reunoja, jos laitat punaista &#8220;pohjamaaliksi&#8221; mustan Coal Black:in tai tummanharmaan Ash:in alle, ja sitten kulutat tummaa maalia hiomalla sit\u00e4 osittain pois hiekkapaperilla!<\/p>\n","protected":false},"author":1,"featured_media":2556,"comment_status":"open","ping_status":"closed","template":"","meta":{"advgb_blocks_editor_width":"","advgb_blocks_columns_visual_guide":"","advanced_seo_description":"","jetpack_seo_html_title":"","jetpack_seo_noindex":false,"_kad_post_transparent":"default","_kad_post_title":"","_kad_post_layout":"default","_kad_post_sidebar_id":"","_kad_post_content_style":"default","_kad_post_vertical_padding":"default","_kad_post_feature":"","_kad_post_feature_position":"","_kad_post_header":false,"_kad_post_footer":false,"_kad_post_classname":"","jetpack_post_was_ever_published":false},"product_brand":[],"product_cat":[309],"product_tag":[],"class_list":{"0":"post-2550","1":"product","2":"type-product","3":"status-publish","4":"has-post-thumbnail","6":"product_cat-fusion-mineraalimaalit","8":"first","9":"instock","10":"taxable","11":"shipping-taxable","12":"purchasable","13":"product-type-variable","14":"entry","15":"content-bg","16":"loop-entry"},"featured_img":"https:\/\/puuhamari.fi\/wp-content\/uploads\/2022\/02\/Fusion_Mineral_Paint_Fort_York_Red_pint-b-scaled.jpg","coauthors":[],"author_meta":{"author_link":"https:\/\/puuhamari.fi\/?author=1","display_name":"PuuhaMari"},"relative_dates":{"created":"Julkaistu 4 vuotta sitten","modified":"P\u00e4ivitetty 5 kuukautta sitten"},"absolute_dates":{"created":"Julkaistu 24 helmikuun, 2022","modified":"P\u00e4ivitetty 26 marraskuun, 2025"},"absolute_dates_time":{"created":"Julkaistu 24 helmikuun, 2022 5:11 pm","modified":"P\u00e4ivitetty 26 marraskuun, 2025 2:55 pm"},"featured_img_caption":"","tax_additional":{"product_brand":{"linked":[],"unlinked":[],"slug":"product_brand","name":"Br\u00e4ndit"},"product_type":{"linked":["<a href=\"https:\/\/puuhamari.fi\/?taxonomy=product_type&#038;term=variable\" class=\"advgb-post-tax-term\">variable<\/a>"],"unlinked":["<span class=\"advgb-post-tax-term\">variable<\/span>"],"slug":"product_type","name":"Tuotetyyppi"},"product_visibility":{"linked":["<a href=\"https:\/\/puuhamari.fi\/?taxonomy=product_visibility&#038;term=rated-5\" class=\"advgb-post-tax-term\">rated-5<\/a>"],"unlinked":["<span class=\"advgb-post-tax-term\">rated-5<\/span>"],"slug":"product_visibility","name":"Tuotteen n\u00e4kyvyys"},"product_cat":{"linked":["<a href=\"https:\/\/puuhamari.fi\/?product_cat=fusion-mineraalimaalit\" class=\"advgb-post-tax-term\">Fusion mineraalimaalit<\/a>"],"unlinked":["<span class=\"advgb-post-tax-term\">Fusion mineraalimaalit<\/span>"],"slug":"product_cat","name":"Osastot"},"product_tag":{"linked":[],"unlinked":[],"slug":"product_tag","name":"Avainsanat tuotteelle"},"product_shipping_class":{"linked":[],"unlinked":[],"slug":"product_shipping_class","name":"Tuotteen toimitusluokat"},"pos_product_visibility":{"linked":[],"unlinked":[],"slug":"pos_product_visibility","name":"POS Product visibility"},"pa_arkin-koko":{"linked":[],"unlinked":[],"slug":"pa_arkin-koko","name":"Tuote Arkin koko"},"pa_hiomatyynyn-karkeus":{"linked":[],"unlinked":[],"slug":"pa_hiomatyynyn-karkeus","name":"Tuote Hiomatyynyn karkeus"},"pa_kehys":{"linked":[],"unlinked":[],"slug":"pa_kehys","name":"Tuote Kehys"},"pa_kuvion-nro":{"linked":[],"unlinked":[],"slug":"pa_kuvion-nro","name":"Tuote Kuvion nro"},"pa_littean-pensselin-koko":{"linked":[],"unlinked":[],"slug":"pa_littean-pensselin-koko","name":"Tuote Litte\u00e4n pensselin koko"},"pa_maalivari":{"linked":[],"unlinked":[],"slug":"pa_maalivari","name":"Tuote Maaliv\u00e4ri"},"pa_palatapettien-lkm":{"linked":[],"unlinked":[],"slug":"pa_palatapettien-lkm","name":"Tuote Palatapettien lkm"},"pa_purkin-koko":{"linked":["<a href=\"https:\/\/puuhamari.fi\/?taxonomy=pa_purkin-koko&#038;term=37-ml\" class=\"advgb-post-tax-term\">37 ml<\/a>","<a href=\"https:\/\/puuhamari.fi\/?taxonomy=pa_purkin-koko&#038;term=500-ml\" class=\"advgb-post-tax-term\">500 ml<\/a>"],"unlinked":["<span class=\"advgb-post-tax-term\">37 ml<\/span>","<span class=\"advgb-post-tax-term\">500 ml<\/span>"],"slug":"pa_purkin-koko","name":"Tuote Purkin koko"},"pa_sapluunan-koko":{"linked":[],"unlinked":[],"slug":"pa_sapluunan-koko","name":"Tuote Sapluunan koko"},"pa_tabletti":{"linked":[],"unlinked":[],"slug":"pa_tabletti","name":"Tuote Tabletti"},"pa_valitse-sisalto":{"linked":[],"unlinked":[],"slug":"pa_valitse-sisalto","name":"Tuote Valitse sis\u00e4lt\u00f6"},"pa_varjostin":{"linked":[],"unlinked":[],"slug":"pa_varjostin","name":"Tuote Varjostin"}},"series_order":"","jetpack_sharing_enabled":true,"jetpack_likes_enabled":true,"jetpack-related-posts":[{"id":2977,"url":"https:\/\/puuhamari.fi\/?product=renfrew-blue","url_meta":{"origin":2550,"position":0},"title":"Renfrew Blue","author":"PuuhaMari","date":"18 maaliskuun, 2022","format":false,"excerpt":"Fusion\u2122 maalisarjan kuuluisa ja supersuosittu tumma syaaninvihre\u00e4 (vai -sininen?) s\u00e4vy. N\u00e4ytt\u00e4\u00e4 upealta paitsi yksin\u00e4\u00e4n, my\u00f6s yhdistettyn\u00e4 keltaisiin, punaisiin ja harmaaseen taittaviin ruskeisiin s\u00e4vyihin.","rel":"","context":"With 2 comments","block_context":{"text":"With 2 comments","link":"https:\/\/puuhamari.fi\/?product=renfrew-blue#comments"},"img":{"alt_text":"","src":"https:\/\/i0.wp.com\/puuhamari.fi\/wp-content\/uploads\/2022\/03\/fusion_mineral_paint-renfrewblue-pint-B.jpg?fit=1200%2C1199&ssl=1&resize=350%2C200","width":350,"height":200,"srcset":"https:\/\/i0.wp.com\/puuhamari.fi\/wp-content\/uploads\/2022\/03\/fusion_mineral_paint-renfrewblue-pint-B.jpg?fit=1200%2C1199&ssl=1&resize=350%2C200 1x, https:\/\/i0.wp.com\/puuhamari.fi\/wp-content\/uploads\/2022\/03\/fusion_mineral_paint-renfrewblue-pint-B.jpg?fit=1200%2C1199&ssl=1&resize=525%2C300 1.5x, https:\/\/i0.wp.com\/puuhamari.fi\/wp-content\/uploads\/2022\/03\/fusion_mineral_paint-renfrewblue-pint-B.jpg?fit=1200%2C1199&ssl=1&resize=700%2C400 2x, https:\/\/i0.wp.com\/puuhamari.fi\/wp-content\/uploads\/2022\/03\/fusion_mineral_paint-renfrewblue-pint-B.jpg?fit=1200%2C1199&ssl=1&resize=1050%2C600 3x"},"classes":[]},{"id":2568,"url":"https:\/\/puuhamari.fi\/?product=homestead-blue","url_meta":{"origin":2550,"position":1},"title":"Homestead Blue","author":"PuuhaMari","date":"24 helmikuun, 2022","format":false,"excerpt":"T\u00e4m\u00e4 Homestead House Paint Companyn nimikkosininen on kuulunut \"Canadiana Collection\":iin jo yli 20 vuoden ajan. Se on perinnev\u00e4ri, jossa kuulet todellista historian havinaa. Pohjas\u00e4vyin\u00e4 k\u00e4ytettyjen harmaan ja taitetun petroolin ansiosta se suorastaan hehkuu yhdistettyn\u00e4 syv\u00e4nkeltaisiin, punaisiin, sek\u00e4 neutraaleihin s\u00e4vyihin.","rel":"","context":"Samankaltainen artikkeli","block_context":{"text":"Samankaltainen artikkeli","link":""},"img":{"alt_text":"","src":"https:\/\/i0.wp.com\/puuhamari.fi\/wp-content\/uploads\/2022\/02\/Fusion_Mineral_Paint_Homestead_Blue_pint-b-scaled.jpg?fit=1200%2C1200&ssl=1&resize=350%2C200","width":350,"height":200,"srcset":"https:\/\/i0.wp.com\/puuhamari.fi\/wp-content\/uploads\/2022\/02\/Fusion_Mineral_Paint_Homestead_Blue_pint-b-scaled.jpg?fit=1200%2C1200&ssl=1&resize=350%2C200 1x, https:\/\/i0.wp.com\/puuhamari.fi\/wp-content\/uploads\/2022\/02\/Fusion_Mineral_Paint_Homestead_Blue_pint-b-scaled.jpg?fit=1200%2C1200&ssl=1&resize=525%2C300 1.5x, https:\/\/i0.wp.com\/puuhamari.fi\/wp-content\/uploads\/2022\/02\/Fusion_Mineral_Paint_Homestead_Blue_pint-b-scaled.jpg?fit=1200%2C1200&ssl=1&resize=700%2C400 2x, https:\/\/i0.wp.com\/puuhamari.fi\/wp-content\/uploads\/2022\/02\/Fusion_Mineral_Paint_Homestead_Blue_pint-b-scaled.jpg?fit=1200%2C1200&ssl=1&resize=1050%2C600 3x"},"classes":[]},{"id":2780,"url":"https:\/\/puuhamari.fi\/?product=seaside","url_meta":{"origin":2550,"position":2},"title":"Seaside","author":"PuuhaMari","date":"2 maaliskuun, 2022","format":false,"excerpt":"Nimi puhuu puolestaan. Kun maalin nimen\u00e4 on \"Merenranta\" se huokuu rannikon syv\u00e4\u00e4 sinisyytt\u00e4. Eritt\u00e4in kaunis yksinkin, mutta toimii upeasti my\u00f6s neutraaleissa v\u00e4riyhdistelmiss\u00e4; mieti esim. valkoisia n\u00e4kinkenki\u00e4, hiekkarantaa ja syv\u00e4nsinist\u00e4 merta. T\u00e4ydellinen kolmikko, ah!","rel":"","context":"Samankaltainen artikkeli","block_context":{"text":"Samankaltainen artikkeli","link":""},"img":{"alt_text":"","src":"https:\/\/i0.wp.com\/puuhamari.fi\/wp-content\/uploads\/2022\/03\/T1SEASIDE-b-scaled.jpg?fit=1200%2C1200&ssl=1&resize=350%2C200","width":350,"height":200,"srcset":"https:\/\/i0.wp.com\/puuhamari.fi\/wp-content\/uploads\/2022\/03\/T1SEASIDE-b-scaled.jpg?fit=1200%2C1200&ssl=1&resize=350%2C200 1x, https:\/\/i0.wp.com\/puuhamari.fi\/wp-content\/uploads\/2022\/03\/T1SEASIDE-b-scaled.jpg?fit=1200%2C1200&ssl=1&resize=525%2C300 1.5x, https:\/\/i0.wp.com\/puuhamari.fi\/wp-content\/uploads\/2022\/03\/T1SEASIDE-b-scaled.jpg?fit=1200%2C1200&ssl=1&resize=700%2C400 2x, https:\/\/i0.wp.com\/puuhamari.fi\/wp-content\/uploads\/2022\/03\/T1SEASIDE-b-scaled.jpg?fit=1200%2C1200&ssl=1&resize=1050%2C600 3x"},"classes":[]},{"id":6799,"url":"https:\/\/puuhamari.fi\/?product=park-bench","url_meta":{"origin":2550,"position":3},"title":"Park Bench","author":"PuuhaMari","date":"18 elokuun, 2023","format":false,"excerpt":"Syv\u00e4, perinteikyytt\u00e4 uhkuva vihre\u00e4, jonka\u00a0 inspiraationl\u00e4hteen\u00e4 ovat olleet ikoniset tuolit Katariina di Medicin jo 1500-luvulla Pariisiin perustaman Tuileries:in palatsin puutarhassa. Yhdist\u00e4m\u00e4ll\u00e4 t\u00e4t\u00e4 vihre\u00e4\u00e4 valkoiseen Picket Fence:en luot voimakkaan, modernin kontrastin. Mutta esimerkiksi tummanharmaaseen Ash:iin, ruskeaan Chocolate:en, sek\u00e4 sinapinkeltaiseen Mustard:iin yhdistelem\u00e4ll\u00e4 voit vied\u00e4 sisustuksesi v\u00e4rimaailmaa Park Bench:ill\u00e4 ajassa taaksep\u00e4in - jopa\u2026","rel":"","context":"With 1 comment","block_context":{"text":"With 1 comment","link":"https:\/\/puuhamari.fi\/?product=park-bench#comments"},"img":{"alt_text":"","src":"https:\/\/i0.wp.com\/puuhamari.fi\/wp-content\/uploads\/2023\/08\/Fusion_Mineral_Paint_Park_Bench_pint-b-scaled.jpg?fit=1200%2C1200&ssl=1&resize=350%2C200","width":350,"height":200,"srcset":"https:\/\/i0.wp.com\/puuhamari.fi\/wp-content\/uploads\/2023\/08\/Fusion_Mineral_Paint_Park_Bench_pint-b-scaled.jpg?fit=1200%2C1200&ssl=1&resize=350%2C200 1x, https:\/\/i0.wp.com\/puuhamari.fi\/wp-content\/uploads\/2023\/08\/Fusion_Mineral_Paint_Park_Bench_pint-b-scaled.jpg?fit=1200%2C1200&ssl=1&resize=525%2C300 1.5x, https:\/\/i0.wp.com\/puuhamari.fi\/wp-content\/uploads\/2023\/08\/Fusion_Mineral_Paint_Park_Bench_pint-b-scaled.jpg?fit=1200%2C1200&ssl=1&resize=700%2C400 2x, https:\/\/i0.wp.com\/puuhamari.fi\/wp-content\/uploads\/2023\/08\/Fusion_Mineral_Paint_Park_Bench_pint-b-scaled.jpg?fit=1200%2C1200&ssl=1&resize=1050%2C600 3x"},"classes":[]},{"id":6424,"url":"https:\/\/puuhamari.fi\/?product=silver-metallimaali","url_meta":{"origin":2550,"position":4},"title":"Silver &#8211; metallimaali","author":"PuuhaMari","date":"4 hein\u00e4kuun, 2023","format":false,"excerpt":"Hopeinen hohto inspiroi esim. glamourin ja modernin eleganssin suuntaan jos maalaat kohteesi kevyell\u00e4 k\u00e4dell\u00e4 sile\u00e4ksi. Mutta kokeilepa t\u00f6p\u00f6tell\u00e4 (!) maali kohteesi pintaan, niin saat aikaan taottua metallia j\u00e4ljittelev\u00e4\u00e4 j\u00e4lke\u00e4... T\u00e4ydellinen kalusteiden\/sisustusesineiden koristeellisten osien korostukseen, mutta my\u00f6s todellisten katseenvangitsijoiden luomiseen, sill\u00e4 t\u00e4m\u00e4 hopea ei koskaan tummu hapettumisen takia! Huom! S\u00e4vy on\u2026","rel":"","context":"Samankaltainen artikkeli","block_context":{"text":"Samankaltainen artikkeli","link":""},"img":{"alt_text":"","src":"https:\/\/i0.wp.com\/puuhamari.fi\/wp-content\/uploads\/2023\/07\/Silver-1-FMP.png?fit=847%2C849&ssl=1&resize=350%2C200","width":350,"height":200,"srcset":"https:\/\/i0.wp.com\/puuhamari.fi\/wp-content\/uploads\/2023\/07\/Silver-1-FMP.png?fit=847%2C849&ssl=1&resize=350%2C200 1x, https:\/\/i0.wp.com\/puuhamari.fi\/wp-content\/uploads\/2023\/07\/Silver-1-FMP.png?fit=847%2C849&ssl=1&resize=525%2C300 1.5x, https:\/\/i0.wp.com\/puuhamari.fi\/wp-content\/uploads\/2023\/07\/Silver-1-FMP.png?fit=847%2C849&ssl=1&resize=700%2C400 2x"},"classes":[]},{"id":11062,"url":"https:\/\/puuhamari.fi\/?product=violetit-lilat-malvat","url_meta":{"origin":2550,"position":5},"title":"Violetit, lilat, malvat","author":"PuuhaMari","date":"10 huhtikuun, 2026","format":false,"excerpt":"Kaikki s\u00e4vyvertailut ovat PuuhaMarin kokoamia, eiv\u00e4tk\u00e4 ne ole myynniss\u00e4. Ne on laadittu helpottamaan valintaa kahden toisiaan l\u00e4hell\u00e4 olevan v\u00e4rin v\u00e4lill\u00e4 silloin, kun et p\u00e4\u00e4se fyysisesti Putiikin verstasmyym\u00e4l\u00e4\u00e4n Porissa. HUOM: muista aina, ett\u00e4 digitaaliset kuvat eiv\u00e4t koskaan toista v\u00e4ris\u00e4vyj\u00e4 t\u00e4ysin totuudenmukaisina! (Sanallinen vertailukuvaus tulossa t\u00e4lle sivulle pian) T\u00e4ss\u00e4 suorat linkit kunkin\u2026","rel":"","context":"Samankaltainen artikkeli","block_context":{"text":"Samankaltainen artikkeli","link":""},"img":{"alt_text":"","src":"https:\/\/i0.wp.com\/puuhamari.fi\/wp-content\/uploads\/2026\/04\/8.png?fit=1200%2C1200&ssl=1&resize=350%2C200","width":350,"height":200,"srcset":"https:\/\/i0.wp.com\/puuhamari.fi\/wp-content\/uploads\/2026\/04\/8.png?fit=1200%2C1200&ssl=1&resize=350%2C200 1x, https:\/\/i0.wp.com\/puuhamari.fi\/wp-content\/uploads\/2026\/04\/8.png?fit=1200%2C1200&ssl=1&resize=525%2C300 1.5x, https:\/\/i0.wp.com\/puuhamari.fi\/wp-content\/uploads\/2026\/04\/8.png?fit=1200%2C1200&ssl=1&resize=700%2C400 2x, https:\/\/i0.wp.com\/puuhamari.fi\/wp-content\/uploads\/2026\/04\/8.png?fit=1200%2C1200&ssl=1&resize=1050%2C600 3x"},"classes":[]}],"_links":{"self":[{"href":"https:\/\/puuhamari.fi\/index.php?rest_route=\/wp\/v2\/product\/2550","targetHints":{"allow":["GET"]}}],"collection":[{"href":"https:\/\/puuhamari.fi\/index.php?rest_route=\/wp\/v2\/product"}],"about":[{"href":"https:\/\/puuhamari.fi\/index.php?rest_route=\/wp\/v2\/types\/product"}],"replies":[{"embeddable":true,"href":"https:\/\/puuhamari.fi\/index.php?rest_route=%2Fwp%2Fv2%2Fcomments&post=2550"}],"version-history":[{"count":1,"href":"https:\/\/puuhamari.fi\/index.php?rest_route=\/wp\/v2\/product\/2550\/revisions"}],"predecessor-version":[{"id":7353,"href":"https:\/\/puuhamari.fi\/index.php?rest_route=\/wp\/v2\/product\/2550\/revisions\/7353"}],"wp:featuredmedia":[{"embeddable":true,"href":"https:\/\/puuhamari.fi\/index.php?rest_route=\/wp\/v2\/media\/2556"}],"wp:attachment":[{"href":"https:\/\/puuhamari.fi\/index.php?rest_route=%2Fwp%2Fv2%2Fmedia&parent=2550"}],"wp:term":[{"taxonomy":"product_brand","embeddable":true,"href":"https:\/\/puuhamari.fi\/index.php?rest_route=%2Fwp%2Fv2%2Fproduct_brand&post=2550"},{"taxonomy":"product_cat","embeddable":true,"href":"https:\/\/puuhamari.fi\/index.php?rest_route=%2Fwp%2Fv2%2Fproduct_cat&post=2550"},{"taxonomy":"product_tag","embeddable":true,"href":"https:\/\/puuhamari.fi\/index.php?rest_route=%2Fwp%2Fv2%2Fproduct_tag&post=2550"}],"curies":[{"name":"wp","href":"https:\/\/api.w.org\/{rel}","templated":true}]}}