{"id":2738,"date":"2022-03-02T18:18:30","date_gmt":"2022-03-02T18:18:30","guid":{"rendered":"https:\/\/puuhatarhanputiikki.fi\/?post_type=product&#038;p=2738"},"modified":"2026-04-20T16:32:21","modified_gmt":"2026-04-20T13:32:21","slug":"midnight-blue","status":"publish","type":"product","link":"https:\/\/puuhamari.fi\/?product=midnight-blue","title":{"rendered":"Midnight Blue"},"content":{"rendered":"<p>Fusion\u2122 mineraalimaalien kuvaus: <a href=\"https:\/\/puuhatarhanputiikki.fi\/?page_id=2933\" target=\"_blank\" rel=\"noopener\">lue t\u00e4\u00e4lt\u00e4.<\/a><\/p>\n","protected":false},"excerpt":{"rendered":"<p>Trendik\u00e4s, syv\u00e4 tummansininen &#8211; l\u00e4hestulkoon mustanpuhuva &#8211; tekee takuuvarman vaikutuksen miss\u00e4 tahansa kalusteessasi.<\/p>\n<p>Huom! Jos sinulla on suuri projekti: Midnight Blueta on nyt saatavana edullisemmin 2 litran pullossa. Tarkoittaa suomeksi sanottuna sit\u00e4, ett\u00e4 saat nelj\u00e4n normaalikokoisen (500 ml) purkin verran maalia kolmen purkin hinnalla!<\/p>\n","protected":false},"author":1,"featured_media":2741,"comment_status":"open","ping_status":"closed","template":"","meta":{"advgb_blocks_editor_width":"","advgb_blocks_columns_visual_guide":"","advanced_seo_description":"","jetpack_seo_html_title":"","jetpack_seo_noindex":false,"_kad_post_transparent":"default","_kad_post_title":"","_kad_post_layout":"default","_kad_post_sidebar_id":"","_kad_post_content_style":"default","_kad_post_vertical_padding":"default","_kad_post_feature":"","_kad_post_feature_position":"","_kad_post_header":false,"_kad_post_footer":false,"_kad_post_classname":"","jetpack_post_was_ever_published":false},"product_brand":[],"product_cat":[309],"product_tag":[],"class_list":{"0":"post-2738","1":"product","2":"type-product","3":"status-publish","4":"has-post-thumbnail","6":"product_cat-fusion-mineraalimaalit","8":"first","9":"instock","10":"taxable","11":"shipping-taxable","12":"purchasable","13":"product-type-variable","14":"entry","15":"content-bg","16":"loop-entry"},"featured_img":"https:\/\/puuhamari.fi\/wp-content\/uploads\/2022\/03\/Fusion_Mineral_Paint_Midnight_Blue_pint-b-scaled.jpg","coauthors":[],"author_meta":{"author_link":"https:\/\/puuhamari.fi\/?author=1","display_name":"PuuhaMari"},"relative_dates":{"created":"Julkaistu 4 vuotta sitten","modified":"P\u00e4ivitetty 2 p\u00e4iv\u00e4\u00e4 sitten"},"absolute_dates":{"created":"Julkaistu 2 maaliskuun, 2022","modified":"P\u00e4ivitetty 20 huhtikuun, 2026"},"absolute_dates_time":{"created":"Julkaistu 2 maaliskuun, 2022 6:18 pm","modified":"P\u00e4ivitetty 20 huhtikuun, 2026 4:32 pm"},"featured_img_caption":"","tax_additional":{"product_brand":{"linked":[],"unlinked":[],"slug":"product_brand","name":"Br\u00e4ndit"},"product_type":{"linked":["<a href=\"https:\/\/puuhamari.fi\/?taxonomy=product_type&#038;term=variable\" class=\"advgb-post-tax-term\">variable<\/a>"],"unlinked":["<span class=\"advgb-post-tax-term\">variable<\/span>"],"slug":"product_type","name":"Tuotetyyppi"},"product_visibility":{"linked":["<a href=\"https:\/\/puuhamari.fi\/?taxonomy=product_visibility&#038;term=rated-5\" class=\"advgb-post-tax-term\">rated-5<\/a>"],"unlinked":["<span class=\"advgb-post-tax-term\">rated-5<\/span>"],"slug":"product_visibility","name":"Tuotteen n\u00e4kyvyys"},"product_cat":{"linked":["<a href=\"https:\/\/puuhamari.fi\/?product_cat=fusion-mineraalimaalit\" class=\"advgb-post-tax-term\">Fusion mineraalimaalit<\/a>"],"unlinked":["<span class=\"advgb-post-tax-term\">Fusion mineraalimaalit<\/span>"],"slug":"product_cat","name":"Osastot"},"product_tag":{"linked":[],"unlinked":[],"slug":"product_tag","name":"Avainsanat tuotteelle"},"product_shipping_class":{"linked":[],"unlinked":[],"slug":"product_shipping_class","name":"Tuotteen toimitusluokat"},"pos_product_visibility":{"linked":[],"unlinked":[],"slug":"pos_product_visibility","name":"POS Product visibility"},"pa_arkin-koko":{"linked":[],"unlinked":[],"slug":"pa_arkin-koko","name":"Tuote Arkin koko"},"pa_hiomatyynyn-karkeus":{"linked":[],"unlinked":[],"slug":"pa_hiomatyynyn-karkeus","name":"Tuote Hiomatyynyn karkeus"},"pa_kehys":{"linked":[],"unlinked":[],"slug":"pa_kehys","name":"Tuote Kehys"},"pa_kuvion-nro":{"linked":[],"unlinked":[],"slug":"pa_kuvion-nro","name":"Tuote Kuvion nro"},"pa_littean-pensselin-koko":{"linked":[],"unlinked":[],"slug":"pa_littean-pensselin-koko","name":"Tuote Litte\u00e4n pensselin koko"},"pa_maalivari":{"linked":[],"unlinked":[],"slug":"pa_maalivari","name":"Tuote Maaliv\u00e4ri"},"pa_palatapettien-lkm":{"linked":[],"unlinked":[],"slug":"pa_palatapettien-lkm","name":"Tuote Palatapettien lkm"},"pa_purkin-koko":{"linked":["<a href=\"https:\/\/puuhamari.fi\/?taxonomy=pa_purkin-koko&#038;term=20-l\" class=\"advgb-post-tax-term\">2,0 L<\/a>","<a href=\"https:\/\/puuhamari.fi\/?taxonomy=pa_purkin-koko&#038;term=37-ml\" class=\"advgb-post-tax-term\">37 ml<\/a>","<a href=\"https:\/\/puuhamari.fi\/?taxonomy=pa_purkin-koko&#038;term=500-ml\" class=\"advgb-post-tax-term\">500 ml<\/a>"],"unlinked":["<span class=\"advgb-post-tax-term\">2,0 L<\/span>","<span class=\"advgb-post-tax-term\">37 ml<\/span>","<span class=\"advgb-post-tax-term\">500 ml<\/span>"],"slug":"pa_purkin-koko","name":"Tuote Purkin koko"},"pa_sapluunan-koko":{"linked":[],"unlinked":[],"slug":"pa_sapluunan-koko","name":"Tuote Sapluunan koko"},"pa_tabletti":{"linked":[],"unlinked":[],"slug":"pa_tabletti","name":"Tuote Tabletti"},"pa_valitse-sisalto":{"linked":[],"unlinked":[],"slug":"pa_valitse-sisalto","name":"Tuote Valitse sis\u00e4lt\u00f6"},"pa_varjostin":{"linked":[],"unlinked":[],"slug":"pa_varjostin","name":"Tuote Varjostin"}},"series_order":"","jetpack_sharing_enabled":true,"jetpack_likes_enabled":true,"jetpack-related-posts":[{"id":4496,"url":"https:\/\/puuhamari.fi\/?product=siirtokuva-midnight-floral","url_meta":{"origin":2738,"position":0},"title":"Siirtokuva Midnight Floral","author":"PuuhaMari","date":"15 elokuun, 2022","format":false,"excerpt":"Upeat, tummanpuhuvat ruusut vuorottelevat vaaleiden ja jopa pelkin \u00e4\u00e4riviivoin piirrettyjen ruusujen kanssa. Voit vapaasti leikata kalvosta erilleen yksitt\u00e4isi\u00e4 ruusuja tai ruusuryhmi\u00e4, ja asetella niit\u00e4 joko moneen\u00a0 pienemp\u00e4\u00e4n tuunauskohteseen, tai yhteen suureen. Siirtokuvan totaalikoko on n. 66 cm x 89 cm, ja k\u00e4ytt\u00f6mukavuuden lis\u00e4\u00e4miseksi se on painettu kahdelle erilliselle kalvolle. Voidaan\u2026","rel":"","context":"With 1 comment","block_context":{"text":"With 1 comment","link":"https:\/\/puuhamari.fi\/?product=siirtokuva-midnight-floral#comments"},"img":{"alt_text":"","src":"https:\/\/i0.wp.com\/puuhamari.fi\/wp-content\/uploads\/2022\/08\/Midnight-Floral-4.png?fit=907%2C910&ssl=1&resize=350%2C200","width":350,"height":200,"srcset":"https:\/\/i0.wp.com\/puuhamari.fi\/wp-content\/uploads\/2022\/08\/Midnight-Floral-4.png?fit=907%2C910&ssl=1&resize=350%2C200 1x, https:\/\/i0.wp.com\/puuhamari.fi\/wp-content\/uploads\/2022\/08\/Midnight-Floral-4.png?fit=907%2C910&ssl=1&resize=525%2C300 1.5x, https:\/\/i0.wp.com\/puuhamari.fi\/wp-content\/uploads\/2022\/08\/Midnight-Floral-4.png?fit=907%2C910&ssl=1&resize=700%2C400 2x"},"classes":[]},{"id":5442,"url":"https:\/\/puuhamari.fi\/?product=dark-botanical-esiliisteroity-palatapetti-yksittain","url_meta":{"origin":2738,"position":1},"title":"&#8220;Dark Botanical&#8221; esiliister\u00f6ity palatapetti (yksitt\u00e4in)","author":"PuuhaMari","date":"30 maaliskuun, 2023","format":false,"excerpt":"Ensisilm\u00e4yksest\u00e4 l\u00e4htien vaikuttavan kaunis ja runsaskukkainen design suorastaan uhkuu ylellisyytt\u00e4. Sen ajattomuus ja luonnonl\u00e4heisyys antavat kodillesi my\u00f6s taiteellista, syv\u00e4llisemp\u00e4\u00e4 henke\u00e4. Tee t\u00e4ll\u00e4 korostussein\u00e4 keitti\u00f6\u00f6si, tai toivota sill\u00e4 vieraat tervetulleiksi heti eteisess\u00e4. Ent\u00e4 yhden olohuoneesi nurkan muuttaminen t\u00e4m\u00e4n kuosin avulla omaksi turvasatamaksesi, jossa luet kirjaa tai kudot iso\u00e4idin neli\u00f6it\u00e4? Palatapetti k\u00e4y\u2026","rel":"","context":"Samankaltainen artikkeli","block_context":{"text":"Samankaltainen artikkeli","link":""},"img":{"alt_text":"","src":"https:\/\/i0.wp.com\/puuhamari.fi\/wp-content\/uploads\/2023\/03\/Kilburn-Dark-Botanical-5b.jpg?fit=904%2C904&ssl=1&resize=350%2C200","width":350,"height":200,"srcset":"https:\/\/i0.wp.com\/puuhamari.fi\/wp-content\/uploads\/2023\/03\/Kilburn-Dark-Botanical-5b.jpg?fit=904%2C904&ssl=1&resize=350%2C200 1x, https:\/\/i0.wp.com\/puuhamari.fi\/wp-content\/uploads\/2023\/03\/Kilburn-Dark-Botanical-5b.jpg?fit=904%2C904&ssl=1&resize=525%2C300 1.5x, https:\/\/i0.wp.com\/puuhamari.fi\/wp-content\/uploads\/2023\/03\/Kilburn-Dark-Botanical-5b.jpg?fit=904%2C904&ssl=1&resize=700%2C400 2x"},"classes":[]},{"id":5432,"url":"https:\/\/puuhamari.fi\/?product=dark-botanical-esiliisteroity-palatapetti-paketti","url_meta":{"origin":2738,"position":2},"title":"&#8220;Dark Botanical&#8221; esiliister\u00f6ity palatapetti (paketti)","author":"PuuhaMari","date":"30 maaliskuun, 2023","format":false,"excerpt":"Ensisilm\u00e4yksest\u00e4 l\u00e4htien vaikuttavan kaunis ja runsaskukkainen design suorastaan uhkuu ylellisyytt\u00e4. Sen ajattomuus ja luonnonl\u00e4heisyys antavat kodillesi my\u00f6s taiteellista, syv\u00e4llisemp\u00e4\u00e4 henke\u00e4. Tee t\u00e4ll\u00e4 korostussein\u00e4 keitti\u00f6\u00f6si, tai toivota sill\u00e4 vieraat tervetulleiksi heti eteisess\u00e4. Ent\u00e4 yhden olohuoneesi nurkan muuttaminen t\u00e4m\u00e4n kuosin avulla omaksi turvasatamaksesi, jossa luet kirjaa tai kudot iso\u00e4idin neli\u00f6it\u00e4? Palatapetti k\u00e4y\u2026","rel":"","context":"Samankaltainen artikkeli","block_context":{"text":"Samankaltainen artikkeli","link":""},"img":{"alt_text":"","src":"https:\/\/i0.wp.com\/puuhamari.fi\/wp-content\/uploads\/2023\/03\/Kilburn-Dark-Botanical-0b.png?fit=788%2C788&ssl=1&resize=350%2C200","width":350,"height":200,"srcset":"https:\/\/i0.wp.com\/puuhamari.fi\/wp-content\/uploads\/2023\/03\/Kilburn-Dark-Botanical-0b.png?fit=788%2C788&ssl=1&resize=350%2C200 1x, https:\/\/i0.wp.com\/puuhamari.fi\/wp-content\/uploads\/2023\/03\/Kilburn-Dark-Botanical-0b.png?fit=788%2C788&ssl=1&resize=525%2C300 1.5x, https:\/\/i0.wp.com\/puuhamari.fi\/wp-content\/uploads\/2023\/03\/Kilburn-Dark-Botanical-0b.png?fit=788%2C788&ssl=1&resize=700%2C400 2x"},"classes":[]},{"id":5822,"url":"https:\/\/puuhamari.fi\/?product=2-litran-pulloissa-saatavat","url_meta":{"origin":2738,"position":3},"title":"2 litran pulloissa saatavat","author":"PuuhaMari","date":"12 toukokuun, 2023","format":false,"excerpt":"Kaikki s\u00e4vyvertailut ovat PuuhaMarin kokoamia, eiv\u00e4tk\u00e4 ne ole myynniss\u00e4. Ne on laadittu helpottamaan valintaa kahden toisiaan l\u00e4hell\u00e4 olevan v\u00e4rin v\u00e4lill\u00e4 silloin, kun et p\u00e4\u00e4se fyysisesti Putiikin verstasmyym\u00e4l\u00e4\u00e4n Porissa. Samat s\u00e4vyt on aseteltu sek\u00e4 valkoiselle, ett\u00e4 mustalle pohjalle. T\u00e4ll\u00e4 tavoin sinun on helpompi n\u00e4hd\u00e4 mieless\u00e4si, miten n\u00e4iden v\u00e4rien luonne riippuu hieman\u2026","rel":"","context":"Samankaltainen artikkeli","block_context":{"text":"Samankaltainen artikkeli","link":""},"img":{"alt_text":"","src":"https:\/\/i0.wp.com\/puuhamari.fi\/wp-content\/uploads\/2022\/10\/2-litraiset-syksy-2022-PMP-valk-tausta-B.png?fit=1080%2C1080&ssl=1&resize=350%2C200","width":350,"height":200,"srcset":"https:\/\/i0.wp.com\/puuhamari.fi\/wp-content\/uploads\/2022\/10\/2-litraiset-syksy-2022-PMP-valk-tausta-B.png?fit=1080%2C1080&ssl=1&resize=350%2C200 1x, https:\/\/i0.wp.com\/puuhamari.fi\/wp-content\/uploads\/2022\/10\/2-litraiset-syksy-2022-PMP-valk-tausta-B.png?fit=1080%2C1080&ssl=1&resize=525%2C300 1.5x, https:\/\/i0.wp.com\/puuhamari.fi\/wp-content\/uploads\/2022\/10\/2-litraiset-syksy-2022-PMP-valk-tausta-B.png?fit=1080%2C1080&ssl=1&resize=700%2C400 2x, https:\/\/i0.wp.com\/puuhamari.fi\/wp-content\/uploads\/2022\/10\/2-litraiset-syksy-2022-PMP-valk-tausta-B.png?fit=1080%2C1080&ssl=1&resize=1050%2C600 3x"},"classes":[]},{"id":5301,"url":"https:\/\/puuhamari.fi\/?product=killburn-dark-botanical-askartelukuviot","url_meta":{"origin":2738,"position":4},"title":"Kilburn Dark Botanical &#8211; askartelukuviot","author":"PuuhaMari","date":"23 maaliskuun, 2023","format":false,"excerpt":"T\u00e4m\u00e4 kuosi syntyi vuosien 1788-1792 v\u00e4lill\u00e4 irlantilaissyntyisen, my\u00f6hemmin urallaan Lontooseen muuttaneen, William Kilburnin k\u00e4siss\u00e4. Se sai nimekseen Midnight Blossoms, ja suunniteltiin kankaalle painettavaksi. Kilburn tunnettiin erityisesti hienostuneiden kasvikuntaan kuuluvien aiheiden maalaajana, kaivertajana, sek\u00e4 pellava- ja puuvillakankaille valmistettavien kuosien suunnittelijana ja painajana. H\u00e4nen kuosinsa olivat poikkeuksellisen kekseli\u00e4it\u00e4. Ne sis\u00e4lsiv\u00e4t eritt\u00e4in tarkkoja\u2026","rel":"","context":"With 1 comment","block_context":{"text":"With 1 comment","link":"https:\/\/puuhamari.fi\/?product=killburn-dark-botanical-askartelukuviot#comments"},"img":{"alt_text":"","src":"https:\/\/i0.wp.com\/puuhamari.fi\/wp-content\/uploads\/2023\/03\/Die-Cut-Killburn-Dark-Botanical-1c.jpg?fit=880%2C880&ssl=1&resize=350%2C200","width":350,"height":200,"srcset":"https:\/\/i0.wp.com\/puuhamari.fi\/wp-content\/uploads\/2023\/03\/Die-Cut-Killburn-Dark-Botanical-1c.jpg?fit=880%2C880&ssl=1&resize=350%2C200 1x, https:\/\/i0.wp.com\/puuhamari.fi\/wp-content\/uploads\/2023\/03\/Die-Cut-Killburn-Dark-Botanical-1c.jpg?fit=880%2C880&ssl=1&resize=525%2C300 1.5x, https:\/\/i0.wp.com\/puuhamari.fi\/wp-content\/uploads\/2023\/03\/Die-Cut-Killburn-Dark-Botanical-1c.jpg?fit=880%2C880&ssl=1&resize=700%2C400 2x"},"classes":[]},{"id":4962,"url":"https:\/\/puuhamari.fi\/?product=sinisella-savytetyt","url_meta":{"origin":2738,"position":5},"title":"Sinisell\u00e4 s\u00e4vytetyt","author":"PuuhaMari","date":"19 lokakuun, 2022","format":false,"excerpt":"Kaikki s\u00e4vyvertailut ovat PuuhaMarin kokoamia, eiv\u00e4tk\u00e4 ne ole myynniss\u00e4. Ne on laadittu helpottamaan valintaa kahden toisiaan l\u00e4hell\u00e4 olevan v\u00e4rin v\u00e4lill\u00e4 silloin, kun et p\u00e4\u00e4se fyysisesti Putiikin verstasmyym\u00e4l\u00e4\u00e4n Porissa. Samat s\u00e4vyt on aseteltu sek\u00e4 valkoiselle, ett\u00e4 mustalle pohjalle. T\u00e4ll\u00e4 tavoin sinun on helpompi n\u00e4hd\u00e4 mieless\u00e4si, miten n\u00e4iden v\u00e4rien luonne riippuu hieman\u2026","rel":"","context":"Samankaltainen artikkeli","block_context":{"text":"Samankaltainen artikkeli","link":""},"img":{"alt_text":"","src":"https:\/\/i0.wp.com\/puuhamari.fi\/wp-content\/uploads\/2022\/09\/FUSION-SINISET-syksy-2022-PMP-valk-tausta-B.png?fit=1200%2C1199&ssl=1&resize=350%2C200","width":350,"height":200,"srcset":"https:\/\/i0.wp.com\/puuhamari.fi\/wp-content\/uploads\/2022\/09\/FUSION-SINISET-syksy-2022-PMP-valk-tausta-B.png?fit=1200%2C1199&ssl=1&resize=350%2C200 1x, https:\/\/i0.wp.com\/puuhamari.fi\/wp-content\/uploads\/2022\/09\/FUSION-SINISET-syksy-2022-PMP-valk-tausta-B.png?fit=1200%2C1199&ssl=1&resize=525%2C300 1.5x, https:\/\/i0.wp.com\/puuhamari.fi\/wp-content\/uploads\/2022\/09\/FUSION-SINISET-syksy-2022-PMP-valk-tausta-B.png?fit=1200%2C1199&ssl=1&resize=700%2C400 2x, https:\/\/i0.wp.com\/puuhamari.fi\/wp-content\/uploads\/2022\/09\/FUSION-SINISET-syksy-2022-PMP-valk-tausta-B.png?fit=1200%2C1199&ssl=1&resize=1050%2C600 3x"},"classes":[]}],"_links":{"self":[{"href":"https:\/\/puuhamari.fi\/index.php?rest_route=\/wp\/v2\/product\/2738","targetHints":{"allow":["GET"]}}],"collection":[{"href":"https:\/\/puuhamari.fi\/index.php?rest_route=\/wp\/v2\/product"}],"about":[{"href":"https:\/\/puuhamari.fi\/index.php?rest_route=\/wp\/v2\/types\/product"}],"replies":[{"embeddable":true,"href":"https:\/\/puuhamari.fi\/index.php?rest_route=%2Fwp%2Fv2%2Fcomments&post=2738"}],"version-history":[{"count":2,"href":"https:\/\/puuhamari.fi\/index.php?rest_route=\/wp\/v2\/product\/2738\/revisions"}],"predecessor-version":[{"id":10298,"href":"https:\/\/puuhamari.fi\/index.php?rest_route=\/wp\/v2\/product\/2738\/revisions\/10298"}],"wp:featuredmedia":[{"embeddable":true,"href":"https:\/\/puuhamari.fi\/index.php?rest_route=\/wp\/v2\/media\/2741"}],"wp:attachment":[{"href":"https:\/\/puuhamari.fi\/index.php?rest_route=%2Fwp%2Fv2%2Fmedia&parent=2738"}],"wp:term":[{"taxonomy":"product_brand","embeddable":true,"href":"https:\/\/puuhamari.fi\/index.php?rest_route=%2Fwp%2Fv2%2Fproduct_brand&post=2738"},{"taxonomy":"product_cat","embeddable":true,"href":"https:\/\/puuhamari.fi\/index.php?rest_route=%2Fwp%2Fv2%2Fproduct_cat&post=2738"},{"taxonomy":"product_tag","embeddable":true,"href":"https:\/\/puuhamari.fi\/index.php?rest_route=%2Fwp%2Fv2%2Fproduct_tag&post=2738"}],"curies":[{"name":"wp","href":"https:\/\/api.w.org\/{rel}","templated":true}]}}