{"id":2755,"date":"2022-03-02T18:34:39","date_gmt":"2022-03-02T18:34:39","guid":{"rendered":"https:\/\/puuhatarhanputiikki.fi\/?post_type=product&#038;p=2755"},"modified":"2026-03-03T13:25:53","modified_gmt":"2026-03-03T11:25:53","slug":"pressed-fern","status":"publish","type":"product","link":"https:\/\/puuhamari.fi\/?product=pressed-fern","title":{"rendered":"Pressed Fern"},"content":{"rendered":"<blockquote><p>Fusion\u2122 mineraalimaalien kuvaus: <a href=\"https:\/\/puuhamari.fi\/?p=5842\" target=\"_blank\" rel=\"noopener\">lue t\u00e4\u00e4lt\u00e4.<\/a><\/p><\/blockquote>\n","protected":false},"excerpt":{"rendered":"<p>H\u00e4myis\u00e4t, tummat vihre\u00e4t ovat jo usean vuoden ajan tehneet\u00a0 paljon ylistetty\u00e4 paluuta sisustukseemme. Mutta jotenkin vain se oikea vihre\u00e4n s\u00e4vy on tuntunut puuttuvan eri valmistajien maalikartoilta. Mutta nyt meill\u00e4 on Fusionin &#8220;Pr\u00e4ss\u00e4tty Saniainen&#8221;, joka t\u00e4ytt\u00e4\u00e4 tuon puuttuvan kohdan maanl\u00e4heisell\u00e4 ja luonnon inspiroimalla, hele\u00e4ll\u00e4 v\u00e4rill\u00e4\u00e4n!<\/p>\n","protected":false},"author":1,"featured_media":10181,"comment_status":"open","ping_status":"closed","template":"","meta":{"advgb_blocks_editor_width":"","advgb_blocks_columns_visual_guide":"","advanced_seo_description":"","jetpack_seo_html_title":"","jetpack_seo_noindex":false,"_kad_post_transparent":"default","_kad_post_title":"","_kad_post_layout":"default","_kad_post_sidebar_id":"","_kad_post_content_style":"default","_kad_post_vertical_padding":"default","_kad_post_feature":"","_kad_post_feature_position":"","_kad_post_header":false,"_kad_post_footer":false,"_kad_post_classname":"","jetpack_post_was_ever_published":false},"product_brand":[],"product_cat":[309],"product_tag":[450,509,1274,508,1007,1413,540,208],"class_list":{"0":"post-2755","1":"product","2":"type-product","3":"status-publish","4":"has-post-thumbnail","6":"product_cat-fusion-mineraalimaalit","7":"product_tag-fusion","8":"product_tag-fusion-mineral-paint","9":"product_tag-kalustemaali","10":"product_tag-mineraalimaali","11":"product_tag-saniainen","12":"product_tag-saniaisenvihrea","13":"product_tag-tuunaus","14":"product_tag-vihrea","16":"first","17":"instock","18":"taxable","19":"shipping-taxable","20":"purchasable","21":"product-type-variable","22":"entry","23":"content-bg","24":"loop-entry"},"featured_img":"https:\/\/puuhamari.fi\/wp-content\/uploads\/2025\/09\/fusion_mineral_paint-pressedfern-pint-b.jpg","coauthors":[],"author_meta":{"author_link":"https:\/\/puuhamari.fi\/?author=1","display_name":"PuuhaMari"},"relative_dates":{"created":"Julkaistu 4 vuotta sitten","modified":"P\u00e4ivitetty 2 kuukautta sitten"},"absolute_dates":{"created":"Julkaistu 2 maaliskuun, 2022","modified":"P\u00e4ivitetty 3 maaliskuun, 2026"},"absolute_dates_time":{"created":"Julkaistu 2 maaliskuun, 2022 6:34 pm","modified":"P\u00e4ivitetty 3 maaliskuun, 2026 1:25 pm"},"featured_img_caption":"","tax_additional":{"product_brand":{"linked":[],"unlinked":[],"slug":"product_brand","name":"Br\u00e4ndit"},"product_type":{"linked":["<a href=\"https:\/\/puuhamari.fi\/?taxonomy=product_type&#038;term=variable\" class=\"advgb-post-tax-term\">variable<\/a>"],"unlinked":["<span class=\"advgb-post-tax-term\">variable<\/span>"],"slug":"product_type","name":"Tuotetyyppi"},"product_visibility":{"linked":[],"unlinked":[],"slug":"product_visibility","name":"Tuotteen n\u00e4kyvyys"},"product_cat":{"linked":["<a href=\"https:\/\/puuhamari.fi\/?product_cat=fusion-mineraalimaalit\" class=\"advgb-post-tax-term\">Fusion mineraalimaalit<\/a>"],"unlinked":["<span class=\"advgb-post-tax-term\">Fusion mineraalimaalit<\/span>"],"slug":"product_cat","name":"Osastot"},"product_tag":{"linked":["<a href=\"https:\/\/puuhamari.fi\/?product_tag=fusion\" class=\"advgb-post-tax-term\">Fusion<\/a>","<a href=\"https:\/\/puuhamari.fi\/?product_tag=fusion-mineral-paint\" class=\"advgb-post-tax-term\">Fusion Mineral Paint<\/a>","<a href=\"https:\/\/puuhamari.fi\/?product_tag=kalustemaali\" class=\"advgb-post-tax-term\">kalustemaali<\/a>","<a href=\"https:\/\/puuhamari.fi\/?product_tag=mineraalimaali\" class=\"advgb-post-tax-term\">Mineraalimaali<\/a>","<a href=\"https:\/\/puuhamari.fi\/?product_tag=saniainen\" class=\"advgb-post-tax-term\">Saniainen<\/a>","<a href=\"https:\/\/puuhamari.fi\/?product_tag=saniaisenvihrea\" class=\"advgb-post-tax-term\">saniaisenvihre\u00e4<\/a>","<a href=\"https:\/\/puuhamari.fi\/?product_tag=tuunaus\" class=\"advgb-post-tax-term\">Tuunaus<\/a>","<a href=\"https:\/\/puuhamari.fi\/?product_tag=vihrea\" class=\"advgb-post-tax-term\">vihre\u00e4<\/a>"],"unlinked":["<span class=\"advgb-post-tax-term\">Fusion<\/span>","<span class=\"advgb-post-tax-term\">Fusion Mineral Paint<\/span>","<span class=\"advgb-post-tax-term\">kalustemaali<\/span>","<span class=\"advgb-post-tax-term\">Mineraalimaali<\/span>","<span class=\"advgb-post-tax-term\">Saniainen<\/span>","<span class=\"advgb-post-tax-term\">saniaisenvihre\u00e4<\/span>","<span class=\"advgb-post-tax-term\">Tuunaus<\/span>","<span class=\"advgb-post-tax-term\">vihre\u00e4<\/span>"],"slug":"product_tag","name":"Avainsanat tuotteelle"},"product_shipping_class":{"linked":[],"unlinked":[],"slug":"product_shipping_class","name":"Tuotteen toimitusluokat"},"pos_product_visibility":{"linked":[],"unlinked":[],"slug":"pos_product_visibility","name":"POS Product visibility"},"pa_arkin-koko":{"linked":[],"unlinked":[],"slug":"pa_arkin-koko","name":"Tuote Arkin koko"},"pa_hiomatyynyn-karkeus":{"linked":[],"unlinked":[],"slug":"pa_hiomatyynyn-karkeus","name":"Tuote Hiomatyynyn karkeus"},"pa_kehys":{"linked":[],"unlinked":[],"slug":"pa_kehys","name":"Tuote Kehys"},"pa_kuvion-nro":{"linked":[],"unlinked":[],"slug":"pa_kuvion-nro","name":"Tuote Kuvion nro"},"pa_littean-pensselin-koko":{"linked":[],"unlinked":[],"slug":"pa_littean-pensselin-koko","name":"Tuote Litte\u00e4n pensselin koko"},"pa_maalivari":{"linked":[],"unlinked":[],"slug":"pa_maalivari","name":"Tuote Maaliv\u00e4ri"},"pa_palatapettien-lkm":{"linked":[],"unlinked":[],"slug":"pa_palatapettien-lkm","name":"Tuote Palatapettien lkm"},"pa_purkin-koko":{"linked":["<a href=\"https:\/\/puuhamari.fi\/?taxonomy=pa_purkin-koko&#038;term=37-ml\" class=\"advgb-post-tax-term\">37 ml<\/a>","<a href=\"https:\/\/puuhamari.fi\/?taxonomy=pa_purkin-koko&#038;term=500-ml\" class=\"advgb-post-tax-term\">500 ml<\/a>"],"unlinked":["<span class=\"advgb-post-tax-term\">37 ml<\/span>","<span class=\"advgb-post-tax-term\">500 ml<\/span>"],"slug":"pa_purkin-koko","name":"Tuote Purkin koko"},"pa_sapluunan-koko":{"linked":[],"unlinked":[],"slug":"pa_sapluunan-koko","name":"Tuote Sapluunan koko"},"pa_tabletti":{"linked":[],"unlinked":[],"slug":"pa_tabletti","name":"Tuote Tabletti"},"pa_valitse-sisalto":{"linked":[],"unlinked":[],"slug":"pa_valitse-sisalto","name":"Tuote Valitse sis\u00e4lt\u00f6"},"pa_varjostin":{"linked":[],"unlinked":[],"slug":"pa_varjostin","name":"Tuote Varjostin"}},"series_order":"","jetpack_sharing_enabled":true,"jetpack_likes_enabled":true,"jetpack-related-posts":[{"id":2457,"url":"https:\/\/puuhamari.fi\/?product=bellwood","url_meta":{"origin":2755,"position":0},"title":"Bellwood","author":"PuuhaMari","date":"21 helmikuun, 2022","format":false,"excerpt":"Ajaton, samettinen vihre\u00e4n s\u00e4vy, jossa vahvasti salvianmakuinen tunnelma. Bellwood on eritt\u00e4in muuntautumiskykyinen; se sopeutuu helposti sek\u00e4 klassiseen, ett\u00e4 moderniin sisustukseen.","rel":"","context":"With 2 comments","block_context":{"text":"With 2 comments","link":"https:\/\/puuhamari.fi\/?product=bellwood#comments"},"img":{"alt_text":"","src":"https:\/\/i0.wp.com\/puuhamari.fi\/wp-content\/uploads\/2022\/02\/006-Fusion_Mineral_Paint_Bellwood_500mlJar_HR_210528_1226-scaled-e1645569267251.jpg?fit=1200%2C1200&ssl=1&resize=350%2C200","width":350,"height":200,"srcset":"https:\/\/i0.wp.com\/puuhamari.fi\/wp-content\/uploads\/2022\/02\/006-Fusion_Mineral_Paint_Bellwood_500mlJar_HR_210528_1226-scaled-e1645569267251.jpg?fit=1200%2C1200&ssl=1&resize=350%2C200 1x, https:\/\/i0.wp.com\/puuhamari.fi\/wp-content\/uploads\/2022\/02\/006-Fusion_Mineral_Paint_Bellwood_500mlJar_HR_210528_1226-scaled-e1645569267251.jpg?fit=1200%2C1200&ssl=1&resize=525%2C300 1.5x, https:\/\/i0.wp.com\/puuhamari.fi\/wp-content\/uploads\/2022\/02\/006-Fusion_Mineral_Paint_Bellwood_500mlJar_HR_210528_1226-scaled-e1645569267251.jpg?fit=1200%2C1200&ssl=1&resize=700%2C400 2x, https:\/\/i0.wp.com\/puuhamari.fi\/wp-content\/uploads\/2022\/02\/006-Fusion_Mineral_Paint_Bellwood_500mlJar_HR_210528_1226-scaled-e1645569267251.jpg?fit=1200%2C1200&ssl=1&resize=1050%2C600 3x"},"classes":[]},{"id":2661,"url":"https:\/\/puuhamari.fi\/?product=inglenook","url_meta":{"origin":2755,"position":1},"title":"Inglenook","author":"PuuhaMari","date":"28 helmikuun, 2022","format":false,"excerpt":"Yksi Fusionin suosituimpia s\u00e4vyj\u00e4. Pehme\u00e4 \"siniharmaa\", jossa mukana ilmiselv\u00e4\u00e4 vaaleanvihre\u00e4\u00e4. Parhaimmillaan puhtaan raikkaiden v\u00e4rien kanssa. Valaistuksesta riippuen se n\u00e4ytt\u00e4\u00e4 joskus siniselt\u00e4, joskus taas vihre\u00e4lt\u00e4.","rel":"","context":"Samankaltainen artikkeli","block_context":{"text":"Samankaltainen artikkeli","link":""},"img":{"alt_text":"","src":"https:\/\/i0.wp.com\/puuhamari.fi\/wp-content\/uploads\/2022\/02\/Fusion_Mineral_Paint_Inglenook_pint-b-scaled.jpg?fit=1200%2C1200&ssl=1&resize=350%2C200","width":350,"height":200,"srcset":"https:\/\/i0.wp.com\/puuhamari.fi\/wp-content\/uploads\/2022\/02\/Fusion_Mineral_Paint_Inglenook_pint-b-scaled.jpg?fit=1200%2C1200&ssl=1&resize=350%2C200 1x, https:\/\/i0.wp.com\/puuhamari.fi\/wp-content\/uploads\/2022\/02\/Fusion_Mineral_Paint_Inglenook_pint-b-scaled.jpg?fit=1200%2C1200&ssl=1&resize=525%2C300 1.5x, https:\/\/i0.wp.com\/puuhamari.fi\/wp-content\/uploads\/2022\/02\/Fusion_Mineral_Paint_Inglenook_pint-b-scaled.jpg?fit=1200%2C1200&ssl=1&resize=700%2C400 2x, https:\/\/i0.wp.com\/puuhamari.fi\/wp-content\/uploads\/2022\/02\/Fusion_Mineral_Paint_Inglenook_pint-b-scaled.jpg?fit=1200%2C1200&ssl=1&resize=1050%2C600 3x"},"classes":[]},{"id":4373,"url":"https:\/\/puuhamari.fi\/?product=manor-green","url_meta":{"origin":2755,"position":2},"title":"Manor Green","author":"PuuhaMari","date":"18 hein\u00e4kuun, 2022","format":false,"excerpt":"Historiallisten kotien ja maisemien inspiroima ylellisen syv\u00e4 vihre\u00e4n s\u00e4vy. T\u00e4m\u00e4 vahvasti mustalla kyll\u00e4stetty v\u00e4ri on nauttinut suosiostaan jo vuosisatojen ajan, ja tulee jatkamaan samalla linjalla viel\u00e4 kauas tulevaisuuteenkin.","rel":"","context":"Samankaltainen artikkeli","block_context":{"text":"Samankaltainen artikkeli","link":""},"img":{"alt_text":"","src":"https:\/\/i0.wp.com\/puuhamari.fi\/wp-content\/uploads\/2022\/07\/fusion_mineral_paint-manorgreen-pint-b.jpg?fit=1200%2C1199&ssl=1&resize=350%2C200","width":350,"height":200,"srcset":"https:\/\/i0.wp.com\/puuhamari.fi\/wp-content\/uploads\/2022\/07\/fusion_mineral_paint-manorgreen-pint-b.jpg?fit=1200%2C1199&ssl=1&resize=350%2C200 1x, https:\/\/i0.wp.com\/puuhamari.fi\/wp-content\/uploads\/2022\/07\/fusion_mineral_paint-manorgreen-pint-b.jpg?fit=1200%2C1199&ssl=1&resize=525%2C300 1.5x, https:\/\/i0.wp.com\/puuhamari.fi\/wp-content\/uploads\/2022\/07\/fusion_mineral_paint-manorgreen-pint-b.jpg?fit=1200%2C1199&ssl=1&resize=700%2C400 2x, https:\/\/i0.wp.com\/puuhamari.fi\/wp-content\/uploads\/2022\/07\/fusion_mineral_paint-manorgreen-pint-b.jpg?fit=1200%2C1199&ssl=1&resize=1050%2C600 3x"},"classes":[]},{"id":2463,"url":"https:\/\/puuhamari.fi\/?product=blue-pine","url_meta":{"origin":2755,"position":3},"title":"Blue pine","author":"PuuhaMari","date":"21 helmikuun, 2022","format":false,"excerpt":"T\u00e4ss\u00e4 kauniin perinteikk\u00e4\u00e4ss\u00e4 s\u00e4vyss\u00e4 hopeakuusen siniset ja vihre\u00e4t s\u00e4vyt leikittelev\u00e4t harmaan kanssa, luoden huikean muuntautumiskykyisi\u00e4 uusia tunnelmia kotiisi! Yksin\u00e4\u00e4n se toimii eritt\u00e4in hyvin rohkeana kannanottona, mutta sulautuu h\u00e4mm\u00e4stytt\u00e4v\u00e4n luonnollisesti my\u00f6s neutraalien v\u00e4rien ymp\u00e4rist\u00f6\u00f6n miss\u00e4 tahansa huoneessa.","rel":"","context":"Samankaltainen artikkeli","block_context":{"text":"Samankaltainen artikkeli","link":""},"img":{"alt_text":"","src":"https:\/\/i0.wp.com\/puuhamari.fi\/wp-content\/uploads\/2022\/02\/002-Fusion_Milk_Paint_Powder_Blue_Pine_Flatlay_SQUARE_HR_210420_84851-scaled.jpg?fit=1200%2C1200&ssl=1&resize=350%2C200","width":350,"height":200,"srcset":"https:\/\/i0.wp.com\/puuhamari.fi\/wp-content\/uploads\/2022\/02\/002-Fusion_Milk_Paint_Powder_Blue_Pine_Flatlay_SQUARE_HR_210420_84851-scaled.jpg?fit=1200%2C1200&ssl=1&resize=350%2C200 1x, https:\/\/i0.wp.com\/puuhamari.fi\/wp-content\/uploads\/2022\/02\/002-Fusion_Milk_Paint_Powder_Blue_Pine_Flatlay_SQUARE_HR_210420_84851-scaled.jpg?fit=1200%2C1200&ssl=1&resize=525%2C300 1.5x, https:\/\/i0.wp.com\/puuhamari.fi\/wp-content\/uploads\/2022\/02\/002-Fusion_Milk_Paint_Powder_Blue_Pine_Flatlay_SQUARE_HR_210420_84851-scaled.jpg?fit=1200%2C1200&ssl=1&resize=700%2C400 2x, https:\/\/i0.wp.com\/puuhamari.fi\/wp-content\/uploads\/2022\/02\/002-Fusion_Milk_Paint_Powder_Blue_Pine_Flatlay_SQUARE_HR_210420_84851-scaled.jpg?fit=1200%2C1200&ssl=1&resize=1050%2C600 3x"},"classes":[]},{"id":6262,"url":"https:\/\/puuhamari.fi\/?product=carriage-house","url_meta":{"origin":2755,"position":4},"title":"Carriage House","author":"PuuhaMari","date":"17 kes\u00e4kuun, 2023","format":false,"excerpt":"Yksi suosituimpia vihreit\u00e4 Fusion-s\u00e4vyj\u00e4. \"Vaunutalli\" on eritt\u00e4in miellytt\u00e4v\u00e4, selke\u00e4sti harmaaseen taittava vihre\u00e4n (keskitumma - tumma) s\u00e4vy, joka istuu hienosti osaksi Wanhan Ajan kalustusta, mutta antaa erityist\u00e4 arvokkuutta nykyaikaiseenkin kotiin.","rel":"","context":"With 2 comments","block_context":{"text":"With 2 comments","link":"https:\/\/puuhamari.fi\/?product=carriage-house#comments"},"img":{"alt_text":"","src":"https:\/\/i0.wp.com\/puuhamari.fi\/wp-content\/uploads\/2023\/06\/Carriage-House-pint.jpg?fit=768%2C1152&ssl=1&resize=350%2C200","width":350,"height":200,"srcset":"https:\/\/i0.wp.com\/puuhamari.fi\/wp-content\/uploads\/2023\/06\/Carriage-House-pint.jpg?fit=768%2C1152&ssl=1&resize=350%2C200 1x, https:\/\/i0.wp.com\/puuhamari.fi\/wp-content\/uploads\/2023\/06\/Carriage-House-pint.jpg?fit=768%2C1152&ssl=1&resize=525%2C300 1.5x, https:\/\/i0.wp.com\/puuhamari.fi\/wp-content\/uploads\/2023\/06\/Carriage-House-pint.jpg?fit=768%2C1152&ssl=1&resize=700%2C400 2x"},"classes":[]},{"id":5178,"url":"https:\/\/puuhamari.fi\/?product=little-speckled-frog","url_meta":{"origin":2755,"position":5},"title":"Little Speckled Frog","author":"PuuhaMari","date":"17 maaliskuun, 2023","format":false,"excerpt":"Fusion mineraalimaalien vihre\u00e4n perheen pikkubaby; eritt\u00e4in vaalea ja pastellinen versio mintunvihre\u00e4st\u00e4. Huikean kaunis yksin\u00e4\u00e4n, mutta my\u00f6s yhdistettyn\u00e4 valkoiseen, muihin vihreisiin ja kaikkiin pastellis\u00e4vyihin. HUOM! T\u00e4m\u00e4n s\u00e4vyn valmistus on jo lopetettu. Vain muutama purkki j\u00e4ljell\u00e4!!","rel":"","context":"Samankaltainen artikkeli","block_context":{"text":"Samankaltainen artikkeli","link":""},"img":{"alt_text":"","src":"https:\/\/i0.wp.com\/puuhamari.fi\/wp-content\/uploads\/2023\/03\/Fusion_Mineral_Paint_Little_Speckled_Frog_pint-B-scaled.jpg?fit=1200%2C1200&ssl=1&resize=350%2C200","width":350,"height":200,"srcset":"https:\/\/i0.wp.com\/puuhamari.fi\/wp-content\/uploads\/2023\/03\/Fusion_Mineral_Paint_Little_Speckled_Frog_pint-B-scaled.jpg?fit=1200%2C1200&ssl=1&resize=350%2C200 1x, https:\/\/i0.wp.com\/puuhamari.fi\/wp-content\/uploads\/2023\/03\/Fusion_Mineral_Paint_Little_Speckled_Frog_pint-B-scaled.jpg?fit=1200%2C1200&ssl=1&resize=525%2C300 1.5x, https:\/\/i0.wp.com\/puuhamari.fi\/wp-content\/uploads\/2023\/03\/Fusion_Mineral_Paint_Little_Speckled_Frog_pint-B-scaled.jpg?fit=1200%2C1200&ssl=1&resize=700%2C400 2x, https:\/\/i0.wp.com\/puuhamari.fi\/wp-content\/uploads\/2023\/03\/Fusion_Mineral_Paint_Little_Speckled_Frog_pint-B-scaled.jpg?fit=1200%2C1200&ssl=1&resize=1050%2C600 3x"},"classes":[]}],"_links":{"self":[{"href":"https:\/\/puuhamari.fi\/index.php?rest_route=\/wp\/v2\/product\/2755","targetHints":{"allow":["GET"]}}],"collection":[{"href":"https:\/\/puuhamari.fi\/index.php?rest_route=\/wp\/v2\/product"}],"about":[{"href":"https:\/\/puuhamari.fi\/index.php?rest_route=\/wp\/v2\/types\/product"}],"replies":[{"embeddable":true,"href":"https:\/\/puuhamari.fi\/index.php?rest_route=%2Fwp%2Fv2%2Fcomments&post=2755"}],"version-history":[{"count":3,"href":"https:\/\/puuhamari.fi\/index.php?rest_route=\/wp\/v2\/product\/2755\/revisions"}],"predecessor-version":[{"id":10721,"href":"https:\/\/puuhamari.fi\/index.php?rest_route=\/wp\/v2\/product\/2755\/revisions\/10721"}],"wp:featuredmedia":[{"embeddable":true,"href":"https:\/\/puuhamari.fi\/index.php?rest_route=\/wp\/v2\/media\/10181"}],"wp:attachment":[{"href":"https:\/\/puuhamari.fi\/index.php?rest_route=%2Fwp%2Fv2%2Fmedia&parent=2755"}],"wp:term":[{"taxonomy":"product_brand","embeddable":true,"href":"https:\/\/puuhamari.fi\/index.php?rest_route=%2Fwp%2Fv2%2Fproduct_brand&post=2755"},{"taxonomy":"product_cat","embeddable":true,"href":"https:\/\/puuhamari.fi\/index.php?rest_route=%2Fwp%2Fv2%2Fproduct_cat&post=2755"},{"taxonomy":"product_tag","embeddable":true,"href":"https:\/\/puuhamari.fi\/index.php?rest_route=%2Fwp%2Fv2%2Fproduct_tag&post=2755"}],"curies":[{"name":"wp","href":"https:\/\/api.w.org\/{rel}","templated":true}]}}