{"id":2768,"date":"2022-03-02T18:49:39","date_gmt":"2022-03-02T18:49:39","guid":{"rendered":"https:\/\/puuhatarhanputiikki.fi\/?post_type=product&#038;p=2768"},"modified":"2026-03-18T17:21:06","modified_gmt":"2026-03-18T15:21:06","slug":"damask","status":"publish","type":"product","link":"https:\/\/puuhamari.fi\/?product=damask","title":{"rendered":"Damask"},"content":{"rendered":"<p>Fusion\u2122 maalien kuvaus: <a href=\"https:\/\/puuhamari.fi\/?p=5842\" target=\"_blank\" rel=\"noopener\">lue t\u00e4\u00e4lt\u00e4.<\/a><\/p>\n","protected":false},"excerpt":{"rendered":"<p>Eritt\u00e4in persoonallinen, ruskeaan ja valeanpunaiseen vahvasti taittava malvans\u00e4vy sopii mainiosti yhteen mm. maanl\u00e4heisten neutraalien v\u00e4rien kanssa. Esimerkkein\u00e4 vaikkapa ruskeaan\/beigeen\/harmaaseen taittavat Algonquin ja Cathedral Taupe.<\/p>\n","protected":false},"author":1,"featured_media":2772,"comment_status":"open","ping_status":"closed","template":"","meta":{"advgb_blocks_editor_width":"","advgb_blocks_columns_visual_guide":"","advanced_seo_description":"","jetpack_seo_html_title":"","jetpack_seo_noindex":false,"_kad_post_transparent":"default","_kad_post_title":"","_kad_post_layout":"default","_kad_post_sidebar_id":"","_kad_post_content_style":"default","_kad_post_vertical_padding":"default","_kad_post_feature":"","_kad_post_feature_position":"","_kad_post_header":false,"_kad_post_footer":false,"_kad_post_classname":"","jetpack_post_was_ever_published":false},"product_brand":[],"product_cat":[309],"product_tag":[],"class_list":{"0":"post-2768","1":"product","2":"type-product","3":"status-publish","4":"has-post-thumbnail","6":"product_cat-fusion-mineraalimaalit","8":"first","9":"instock","10":"taxable","11":"shipping-taxable","12":"purchasable","13":"product-type-variable","14":"entry","15":"content-bg","16":"loop-entry"},"featured_img":"https:\/\/puuhamari.fi\/wp-content\/uploads\/2022\/03\/fusion_mineral_paint_damask_pint-b.jpg","coauthors":[],"author_meta":{"author_link":"https:\/\/puuhamari.fi\/?author=1","display_name":"PuuhaMari"},"relative_dates":{"created":"Julkaistu 4 vuotta sitten","modified":"P\u00e4ivitetty 1 kuukausi sitten"},"absolute_dates":{"created":"Julkaistu 2 maaliskuun, 2022","modified":"P\u00e4ivitetty 18 maaliskuun, 2026"},"absolute_dates_time":{"created":"Julkaistu 2 maaliskuun, 2022 6:49 pm","modified":"P\u00e4ivitetty 18 maaliskuun, 2026 5:21 pm"},"featured_img_caption":"","tax_additional":{"product_brand":{"linked":[],"unlinked":[],"slug":"product_brand","name":"Br\u00e4ndit"},"product_type":{"linked":["<a href=\"https:\/\/puuhamari.fi\/?taxonomy=product_type&#038;term=variable\" class=\"advgb-post-tax-term\">variable<\/a>"],"unlinked":["<span class=\"advgb-post-tax-term\">variable<\/span>"],"slug":"product_type","name":"Tuotetyyppi"},"product_visibility":{"linked":["<a href=\"https:\/\/puuhamari.fi\/?taxonomy=product_visibility&#038;term=rated-5\" class=\"advgb-post-tax-term\">rated-5<\/a>"],"unlinked":["<span class=\"advgb-post-tax-term\">rated-5<\/span>"],"slug":"product_visibility","name":"Tuotteen n\u00e4kyvyys"},"product_cat":{"linked":["<a href=\"https:\/\/puuhamari.fi\/?product_cat=fusion-mineraalimaalit\" class=\"advgb-post-tax-term\">Fusion mineraalimaalit<\/a>"],"unlinked":["<span class=\"advgb-post-tax-term\">Fusion mineraalimaalit<\/span>"],"slug":"product_cat","name":"Osastot"},"product_tag":{"linked":[],"unlinked":[],"slug":"product_tag","name":"Avainsanat tuotteelle"},"product_shipping_class":{"linked":[],"unlinked":[],"slug":"product_shipping_class","name":"Tuotteen toimitusluokat"},"pos_product_visibility":{"linked":[],"unlinked":[],"slug":"pos_product_visibility","name":"POS Product visibility"},"pa_arkin-koko":{"linked":[],"unlinked":[],"slug":"pa_arkin-koko","name":"Tuote Arkin koko"},"pa_hiomatyynyn-karkeus":{"linked":[],"unlinked":[],"slug":"pa_hiomatyynyn-karkeus","name":"Tuote Hiomatyynyn karkeus"},"pa_kehys":{"linked":[],"unlinked":[],"slug":"pa_kehys","name":"Tuote Kehys"},"pa_kuvion-nro":{"linked":[],"unlinked":[],"slug":"pa_kuvion-nro","name":"Tuote Kuvion nro"},"pa_littean-pensselin-koko":{"linked":[],"unlinked":[],"slug":"pa_littean-pensselin-koko","name":"Tuote Litte\u00e4n pensselin koko"},"pa_maalivari":{"linked":[],"unlinked":[],"slug":"pa_maalivari","name":"Tuote Maaliv\u00e4ri"},"pa_palatapettien-lkm":{"linked":[],"unlinked":[],"slug":"pa_palatapettien-lkm","name":"Tuote Palatapettien lkm"},"pa_purkin-koko":{"linked":["<a href=\"https:\/\/puuhamari.fi\/?taxonomy=pa_purkin-koko&#038;term=37-ml\" class=\"advgb-post-tax-term\">37 ml<\/a>","<a href=\"https:\/\/puuhamari.fi\/?taxonomy=pa_purkin-koko&#038;term=500-ml\" class=\"advgb-post-tax-term\">500 ml<\/a>"],"unlinked":["<span class=\"advgb-post-tax-term\">37 ml<\/span>","<span class=\"advgb-post-tax-term\">500 ml<\/span>"],"slug":"pa_purkin-koko","name":"Tuote Purkin koko"},"pa_sapluunan-koko":{"linked":[],"unlinked":[],"slug":"pa_sapluunan-koko","name":"Tuote Sapluunan koko"},"pa_tabletti":{"linked":[],"unlinked":[],"slug":"pa_tabletti","name":"Tuote Tabletti"},"pa_valitse-sisalto":{"linked":[],"unlinked":[],"slug":"pa_valitse-sisalto","name":"Tuote Valitse sis\u00e4lt\u00f6"},"pa_varjostin":{"linked":[],"unlinked":[],"slug":"pa_varjostin","name":"Tuote Varjostin"}},"series_order":"","jetpack_sharing_enabled":true,"jetpack_likes_enabled":true,"jetpack-related-posts":[{"id":4375,"url":"https:\/\/puuhamari.fi\/?product=oakham","url_meta":{"origin":2768,"position":0},"title":"Oakham","author":"PuuhaMari","date":"18 hein\u00e4kuun, 2022","format":false,"excerpt":"Yleisilmeelt\u00e4\u00e4n selke\u00e4sti ruskea, ja kuitenkin... Harmaalle perustalle rakennettua tumman neutraalia v\u00e4ri\u00e4 tasapainottavat l\u00e4mpim\u00e4t ruskean ja pronssin s\u00e4vyt.","rel":"","context":"Samankaltainen artikkeli","block_context":{"text":"Samankaltainen artikkeli","link":""},"img":{"alt_text":"","src":"https:\/\/i0.wp.com\/puuhamari.fi\/wp-content\/uploads\/2022\/07\/fusion_mineral_paint-oakham-pint-b.jpg?fit=1200%2C1200&ssl=1&resize=350%2C200","width":350,"height":200,"srcset":"https:\/\/i0.wp.com\/puuhamari.fi\/wp-content\/uploads\/2022\/07\/fusion_mineral_paint-oakham-pint-b.jpg?fit=1200%2C1200&ssl=1&resize=350%2C200 1x, https:\/\/i0.wp.com\/puuhamari.fi\/wp-content\/uploads\/2022\/07\/fusion_mineral_paint-oakham-pint-b.jpg?fit=1200%2C1200&ssl=1&resize=525%2C300 1.5x, https:\/\/i0.wp.com\/puuhamari.fi\/wp-content\/uploads\/2022\/07\/fusion_mineral_paint-oakham-pint-b.jpg?fit=1200%2C1200&ssl=1&resize=700%2C400 2x, https:\/\/i0.wp.com\/puuhamari.fi\/wp-content\/uploads\/2022\/07\/fusion_mineral_paint-oakham-pint-b.jpg?fit=1200%2C1200&ssl=1&resize=1050%2C600 3x"},"classes":[]},{"id":6265,"url":"https:\/\/puuhamari.fi\/?product=cambridge","url_meta":{"origin":2768,"position":1},"title":"Cambridge","author":"PuuhaMari","date":"17 kes\u00e4kuun, 2023","format":false,"excerpt":"Suomalaista silm\u00e4\u00e4 erityisesti miellytt\u00e4v\u00e4, harmaaseen taittava tummansininen. Istuu kauniisti sek\u00e4 perinteikk\u00e4\u00e4seen, ett\u00e4 moderniin kotiin!","rel":"","context":"Samankaltainen artikkeli","block_context":{"text":"Samankaltainen artikkeli","link":""},"img":{"alt_text":"","src":"https:\/\/i0.wp.com\/puuhamari.fi\/wp-content\/uploads\/2023\/06\/IMG_20230619_203718.jpg?fit=1200%2C1200&ssl=1&resize=350%2C200","width":350,"height":200,"srcset":"https:\/\/i0.wp.com\/puuhamari.fi\/wp-content\/uploads\/2023\/06\/IMG_20230619_203718.jpg?fit=1200%2C1200&ssl=1&resize=350%2C200 1x, https:\/\/i0.wp.com\/puuhamari.fi\/wp-content\/uploads\/2023\/06\/IMG_20230619_203718.jpg?fit=1200%2C1200&ssl=1&resize=525%2C300 1.5x, https:\/\/i0.wp.com\/puuhamari.fi\/wp-content\/uploads\/2023\/06\/IMG_20230619_203718.jpg?fit=1200%2C1200&ssl=1&resize=700%2C400 2x, https:\/\/i0.wp.com\/puuhamari.fi\/wp-content\/uploads\/2023\/06\/IMG_20230619_203718.jpg?fit=1200%2C1200&ssl=1&resize=1050%2C600 3x"},"classes":[]},{"id":11029,"url":"https:\/\/puuhamari.fi\/?product=beiget-ja-ruskeat","url_meta":{"origin":2768,"position":2},"title":"Beiget ja ruskeat","author":"PuuhaMari","date":"9 huhtikuun, 2026","format":false,"excerpt":"Kaikki s\u00e4vyvertailut ovat PuuhaMarin kokoamia, eiv\u00e4tk\u00e4 ne ole myynniss\u00e4. Ne on laadittu helpottamaan valintaa kahden toisiaan l\u00e4hell\u00e4 olevan v\u00e4rin v\u00e4lill\u00e4 silloin, kun et p\u00e4\u00e4se fyysisesti Putiikin verstasmyym\u00e4l\u00e4\u00e4n Porissa. HUOM: muista aina, ett\u00e4 digitaaliset kuvat eiv\u00e4t koskaan toista v\u00e4ris\u00e4vyj\u00e4 t\u00e4ysin totuudenmukaisina! Oheisissa kuvissa s\u00e4vyt on j\u00e4rjestetty vaaleimmasta tummimpaan. Chateau on n\u00e4ist\u00e4\u2026","rel":"","context":"Samankaltainen artikkeli","block_context":{"text":"Samankaltainen artikkeli","link":""},"img":{"alt_text":"","src":"https:\/\/i0.wp.com\/puuhamari.fi\/wp-content\/uploads\/2026\/04\/4.png?fit=1200%2C1200&ssl=1&resize=350%2C200","width":350,"height":200,"srcset":"https:\/\/i0.wp.com\/puuhamari.fi\/wp-content\/uploads\/2026\/04\/4.png?fit=1200%2C1200&ssl=1&resize=350%2C200 1x, https:\/\/i0.wp.com\/puuhamari.fi\/wp-content\/uploads\/2026\/04\/4.png?fit=1200%2C1200&ssl=1&resize=525%2C300 1.5x, https:\/\/i0.wp.com\/puuhamari.fi\/wp-content\/uploads\/2026\/04\/4.png?fit=1200%2C1200&ssl=1&resize=700%2C400 2x, https:\/\/i0.wp.com\/puuhamari.fi\/wp-content\/uploads\/2026\/04\/4.png?fit=1200%2C1200&ssl=1&resize=1050%2C600 3x"},"classes":[]},{"id":2977,"url":"https:\/\/puuhamari.fi\/?product=renfrew-blue","url_meta":{"origin":2768,"position":3},"title":"Renfrew Blue","author":"PuuhaMari","date":"18 maaliskuun, 2022","format":false,"excerpt":"Fusion\u2122 maalisarjan kuuluisa ja supersuosittu tumma syaaninvihre\u00e4 (vai -sininen?) s\u00e4vy. N\u00e4ytt\u00e4\u00e4 upealta paitsi yksin\u00e4\u00e4n, my\u00f6s yhdistettyn\u00e4 keltaisiin, punaisiin ja harmaaseen taittaviin ruskeisiin s\u00e4vyihin.","rel":"","context":"With 2 comments","block_context":{"text":"With 2 comments","link":"https:\/\/puuhamari.fi\/?product=renfrew-blue#comments"},"img":{"alt_text":"","src":"https:\/\/i0.wp.com\/puuhamari.fi\/wp-content\/uploads\/2022\/03\/fusion_mineral_paint-renfrewblue-pint-B.jpg?fit=1200%2C1199&ssl=1&resize=350%2C200","width":350,"height":200,"srcset":"https:\/\/i0.wp.com\/puuhamari.fi\/wp-content\/uploads\/2022\/03\/fusion_mineral_paint-renfrewblue-pint-B.jpg?fit=1200%2C1199&ssl=1&resize=350%2C200 1x, https:\/\/i0.wp.com\/puuhamari.fi\/wp-content\/uploads\/2022\/03\/fusion_mineral_paint-renfrewblue-pint-B.jpg?fit=1200%2C1199&ssl=1&resize=525%2C300 1.5x, https:\/\/i0.wp.com\/puuhamari.fi\/wp-content\/uploads\/2022\/03\/fusion_mineral_paint-renfrewblue-pint-B.jpg?fit=1200%2C1199&ssl=1&resize=700%2C400 2x, https:\/\/i0.wp.com\/puuhamari.fi\/wp-content\/uploads\/2022\/03\/fusion_mineral_paint-renfrewblue-pint-B.jpg?fit=1200%2C1199&ssl=1&resize=1050%2C600 3x"},"classes":[]},{"id":6262,"url":"https:\/\/puuhamari.fi\/?product=carriage-house","url_meta":{"origin":2768,"position":4},"title":"Carriage House","author":"PuuhaMari","date":"17 kes\u00e4kuun, 2023","format":false,"excerpt":"Yksi suosituimpia vihreit\u00e4 Fusion-s\u00e4vyj\u00e4. \"Vaunutalli\" on eritt\u00e4in miellytt\u00e4v\u00e4, selke\u00e4sti harmaaseen taittava vihre\u00e4n (keskitumma - tumma) s\u00e4vy, joka istuu hienosti osaksi Wanhan Ajan kalustusta, mutta antaa erityist\u00e4 arvokkuutta nykyaikaiseenkin kotiin.","rel":"","context":"With 2 comments","block_context":{"text":"With 2 comments","link":"https:\/\/puuhamari.fi\/?product=carriage-house#comments"},"img":{"alt_text":"","src":"https:\/\/i0.wp.com\/puuhamari.fi\/wp-content\/uploads\/2023\/06\/Carriage-House-pint.jpg?fit=768%2C1152&ssl=1&resize=350%2C200","width":350,"height":200,"srcset":"https:\/\/i0.wp.com\/puuhamari.fi\/wp-content\/uploads\/2023\/06\/Carriage-House-pint.jpg?fit=768%2C1152&ssl=1&resize=350%2C200 1x, https:\/\/i0.wp.com\/puuhamari.fi\/wp-content\/uploads\/2023\/06\/Carriage-House-pint.jpg?fit=768%2C1152&ssl=1&resize=525%2C300 1.5x, https:\/\/i0.wp.com\/puuhamari.fi\/wp-content\/uploads\/2023\/06\/Carriage-House-pint.jpg?fit=768%2C1152&ssl=1&resize=700%2C400 2x"},"classes":[]},{"id":6799,"url":"https:\/\/puuhamari.fi\/?product=park-bench","url_meta":{"origin":2768,"position":5},"title":"Park Bench","author":"PuuhaMari","date":"18 elokuun, 2023","format":false,"excerpt":"Syv\u00e4, perinteikyytt\u00e4 uhkuva vihre\u00e4, jonka\u00a0 inspiraationl\u00e4hteen\u00e4 ovat olleet ikoniset tuolit Katariina di Medicin jo 1500-luvulla Pariisiin perustaman Tuileries:in palatsin puutarhassa. Yhdist\u00e4m\u00e4ll\u00e4 t\u00e4t\u00e4 vihre\u00e4\u00e4 valkoiseen Picket Fence:en luot voimakkaan, modernin kontrastin. Mutta esimerkiksi tummanharmaaseen Ash:iin, ruskeaan Chocolate:en, sek\u00e4 sinapinkeltaiseen Mustard:iin yhdistelem\u00e4ll\u00e4 voit vied\u00e4 sisustuksesi v\u00e4rimaailmaa Park Bench:ill\u00e4 ajassa taaksep\u00e4in - jopa\u2026","rel":"","context":"With 1 comment","block_context":{"text":"With 1 comment","link":"https:\/\/puuhamari.fi\/?product=park-bench#comments"},"img":{"alt_text":"","src":"https:\/\/i0.wp.com\/puuhamari.fi\/wp-content\/uploads\/2023\/08\/Fusion_Mineral_Paint_Park_Bench_pint-b-scaled.jpg?fit=1200%2C1200&ssl=1&resize=350%2C200","width":350,"height":200,"srcset":"https:\/\/i0.wp.com\/puuhamari.fi\/wp-content\/uploads\/2023\/08\/Fusion_Mineral_Paint_Park_Bench_pint-b-scaled.jpg?fit=1200%2C1200&ssl=1&resize=350%2C200 1x, https:\/\/i0.wp.com\/puuhamari.fi\/wp-content\/uploads\/2023\/08\/Fusion_Mineral_Paint_Park_Bench_pint-b-scaled.jpg?fit=1200%2C1200&ssl=1&resize=525%2C300 1.5x, https:\/\/i0.wp.com\/puuhamari.fi\/wp-content\/uploads\/2023\/08\/Fusion_Mineral_Paint_Park_Bench_pint-b-scaled.jpg?fit=1200%2C1200&ssl=1&resize=700%2C400 2x, https:\/\/i0.wp.com\/puuhamari.fi\/wp-content\/uploads\/2023\/08\/Fusion_Mineral_Paint_Park_Bench_pint-b-scaled.jpg?fit=1200%2C1200&ssl=1&resize=1050%2C600 3x"},"classes":[]}],"_links":{"self":[{"href":"https:\/\/puuhamari.fi\/index.php?rest_route=\/wp\/v2\/product\/2768","targetHints":{"allow":["GET"]}}],"collection":[{"href":"https:\/\/puuhamari.fi\/index.php?rest_route=\/wp\/v2\/product"}],"about":[{"href":"https:\/\/puuhamari.fi\/index.php?rest_route=\/wp\/v2\/types\/product"}],"replies":[{"embeddable":true,"href":"https:\/\/puuhamari.fi\/index.php?rest_route=%2Fwp%2Fv2%2Fcomments&post=2768"}],"version-history":[{"count":1,"href":"https:\/\/puuhamari.fi\/index.php?rest_route=\/wp\/v2\/product\/2768\/revisions"}],"predecessor-version":[{"id":7348,"href":"https:\/\/puuhamari.fi\/index.php?rest_route=\/wp\/v2\/product\/2768\/revisions\/7348"}],"wp:featuredmedia":[{"embeddable":true,"href":"https:\/\/puuhamari.fi\/index.php?rest_route=\/wp\/v2\/media\/2772"}],"wp:attachment":[{"href":"https:\/\/puuhamari.fi\/index.php?rest_route=%2Fwp%2Fv2%2Fmedia&parent=2768"}],"wp:term":[{"taxonomy":"product_brand","embeddable":true,"href":"https:\/\/puuhamari.fi\/index.php?rest_route=%2Fwp%2Fv2%2Fproduct_brand&post=2768"},{"taxonomy":"product_cat","embeddable":true,"href":"https:\/\/puuhamari.fi\/index.php?rest_route=%2Fwp%2Fv2%2Fproduct_cat&post=2768"},{"taxonomy":"product_tag","embeddable":true,"href":"https:\/\/puuhamari.fi\/index.php?rest_route=%2Fwp%2Fv2%2Fproduct_tag&post=2768"}],"curies":[{"name":"wp","href":"https:\/\/api.w.org\/{rel}","templated":true}]}}