{"id":2780,"date":"2022-03-02T18:56:03","date_gmt":"2022-03-02T18:56:03","guid":{"rendered":"https:\/\/puuhatarhanputiikki.fi\/?post_type=product&#038;p=2780"},"modified":"2025-11-25T20:58:16","modified_gmt":"2025-11-25T18:58:16","slug":"seaside","status":"publish","type":"product","link":"https:\/\/puuhamari.fi\/?product=seaside","title":{"rendered":"Seaside"},"content":{"rendered":"<p>Fusion\u2122 maalien kuvaus: <a href=\"https:\/\/puuhamari.fi\/?p=5842\" target=\"_blank\" rel=\"noopener\">lue t\u00e4\u00e4lt\u00e4.<\/a><\/p>\n","protected":false},"excerpt":{"rendered":"<p>Nimi puhuu puolestaan. Kun maalin nimen\u00e4 on &#8220;Merenranta&#8221; se huokuu rannikon syv\u00e4\u00e4 sinisyytt\u00e4. Eritt\u00e4in kaunis yksinkin, mutta toimii upeasti my\u00f6s neutraaleissa v\u00e4riyhdistelmiss\u00e4; mieti esim. valkoisia n\u00e4kinkenki\u00e4, hiekkarantaa ja syv\u00e4nsinist\u00e4 merta. T\u00e4ydellinen kolmikko, ah!<\/p>\n","protected":false},"author":1,"featured_media":2784,"comment_status":"open","ping_status":"closed","template":"","meta":{"advgb_blocks_editor_width":"","advgb_blocks_columns_visual_guide":"","advanced_seo_description":"","jetpack_seo_html_title":"","jetpack_seo_noindex":false,"_kad_post_transparent":"default","_kad_post_title":"","_kad_post_layout":"default","_kad_post_sidebar_id":"","_kad_post_content_style":"default","_kad_post_vertical_padding":"default","_kad_post_feature":"","_kad_post_feature_position":"","_kad_post_header":false,"_kad_post_footer":false,"_kad_post_classname":"","jetpack_post_was_ever_published":false},"product_brand":[],"product_cat":[309],"product_tag":[],"class_list":{"0":"post-2780","1":"product","2":"type-product","3":"status-publish","4":"has-post-thumbnail","6":"product_cat-fusion-mineraalimaalit","8":"first","9":"instock","10":"taxable","11":"shipping-taxable","12":"purchasable","13":"product-type-variable","14":"entry","15":"content-bg","16":"loop-entry"},"featured_img":"https:\/\/puuhamari.fi\/wp-content\/uploads\/2022\/03\/T1SEASIDE-b-scaled.jpg","coauthors":[],"author_meta":{"author_link":"https:\/\/puuhamari.fi\/?author=1","display_name":"PuuhaMari"},"relative_dates":{"created":"Julkaistu 4 vuotta sitten","modified":"P\u00e4ivitetty 5 kuukautta sitten"},"absolute_dates":{"created":"Julkaistu 2 maaliskuun, 2022","modified":"P\u00e4ivitetty 25 marraskuun, 2025"},"absolute_dates_time":{"created":"Julkaistu 2 maaliskuun, 2022 6:56 pm","modified":"P\u00e4ivitetty 25 marraskuun, 2025 8:58 pm"},"featured_img_caption":"","tax_additional":{"product_brand":{"linked":[],"unlinked":[],"slug":"product_brand","name":"Br\u00e4ndit"},"product_type":{"linked":["<a href=\"https:\/\/puuhamari.fi\/?taxonomy=product_type&#038;term=variable\" class=\"advgb-post-tax-term\">variable<\/a>"],"unlinked":["<span class=\"advgb-post-tax-term\">variable<\/span>"],"slug":"product_type","name":"Tuotetyyppi"},"product_visibility":{"linked":[],"unlinked":[],"slug":"product_visibility","name":"Tuotteen n\u00e4kyvyys"},"product_cat":{"linked":["<a href=\"https:\/\/puuhamari.fi\/?product_cat=fusion-mineraalimaalit\" class=\"advgb-post-tax-term\">Fusion mineraalimaalit<\/a>"],"unlinked":["<span class=\"advgb-post-tax-term\">Fusion mineraalimaalit<\/span>"],"slug":"product_cat","name":"Osastot"},"product_tag":{"linked":[],"unlinked":[],"slug":"product_tag","name":"Avainsanat tuotteelle"},"product_shipping_class":{"linked":[],"unlinked":[],"slug":"product_shipping_class","name":"Tuotteen toimitusluokat"},"pos_product_visibility":{"linked":[],"unlinked":[],"slug":"pos_product_visibility","name":"POS Product visibility"},"pa_arkin-koko":{"linked":[],"unlinked":[],"slug":"pa_arkin-koko","name":"Tuote Arkin koko"},"pa_hiomatyynyn-karkeus":{"linked":[],"unlinked":[],"slug":"pa_hiomatyynyn-karkeus","name":"Tuote Hiomatyynyn karkeus"},"pa_kehys":{"linked":[],"unlinked":[],"slug":"pa_kehys","name":"Tuote Kehys"},"pa_kuvion-nro":{"linked":[],"unlinked":[],"slug":"pa_kuvion-nro","name":"Tuote Kuvion nro"},"pa_littean-pensselin-koko":{"linked":[],"unlinked":[],"slug":"pa_littean-pensselin-koko","name":"Tuote Litte\u00e4n pensselin koko"},"pa_maalivari":{"linked":[],"unlinked":[],"slug":"pa_maalivari","name":"Tuote Maaliv\u00e4ri"},"pa_palatapettien-lkm":{"linked":[],"unlinked":[],"slug":"pa_palatapettien-lkm","name":"Tuote Palatapettien lkm"},"pa_purkin-koko":{"linked":["<a href=\"https:\/\/puuhamari.fi\/?taxonomy=pa_purkin-koko&#038;term=37-ml\" class=\"advgb-post-tax-term\">37 ml<\/a>","<a href=\"https:\/\/puuhamari.fi\/?taxonomy=pa_purkin-koko&#038;term=500-ml\" class=\"advgb-post-tax-term\">500 ml<\/a>"],"unlinked":["<span class=\"advgb-post-tax-term\">37 ml<\/span>","<span class=\"advgb-post-tax-term\">500 ml<\/span>"],"slug":"pa_purkin-koko","name":"Tuote Purkin koko"},"pa_sapluunan-koko":{"linked":[],"unlinked":[],"slug":"pa_sapluunan-koko","name":"Tuote Sapluunan koko"},"pa_tabletti":{"linked":[],"unlinked":[],"slug":"pa_tabletti","name":"Tuote Tabletti"},"pa_valitse-sisalto":{"linked":[],"unlinked":[],"slug":"pa_valitse-sisalto","name":"Tuote Valitse sis\u00e4lt\u00f6"},"pa_varjostin":{"linked":[],"unlinked":[],"slug":"pa_varjostin","name":"Tuote Varjostin"}},"series_order":"","jetpack_sharing_enabled":true,"jetpack_likes_enabled":true,"jetpack-related-posts":[{"id":5264,"url":"https:\/\/puuhamari.fi\/?product=extender-maalin-avoinnaolon-pidentaja","url_meta":{"origin":2780,"position":0},"title":"Extender &#8211; maalin avoinnaolon pident\u00e4j\u00e4","author":"PuuhaMari","date":"18 maaliskuun, 2023","format":false,"excerpt":"Tied\u00e4th\u00e4n silm\u00e4tipat, jotka kosteuttavat ja liukastavat silmi\u00e4? Extender on \"silm\u00e4tippoja maalillesi.\" Kun haluat pident\u00e4\u00e4 maalin nk. avoinnaoloaikaa (eli aikaa jonka sis\u00e4ll\u00e4 maali on kostean notkeaa, ja tottelee pensselin ohjausta). Kun tarvitset apua siveltimenj\u00e4lkien minimoimisessa. Esim. runsaasti Mica-pigmenttej\u00e4 sis\u00e4lt\u00e4vien metallimaalien kanssa. Kuiva ja\/tai l\u00e4mmin maalausilma saattaa j\u00e4ykist\u00e4\u00e4 maalin liian nopeasti, mutta\u2026","rel":"","context":"Samankaltainen artikkeli","block_context":{"text":"Samankaltainen artikkeli","link":""},"img":{"alt_text":"","src":"https:\/\/i0.wp.com\/puuhamari.fi\/wp-content\/uploads\/2023\/03\/Extender-White-HiRes-B.jpg?fit=1200%2C1200&ssl=1&resize=350%2C200","width":350,"height":200,"srcset":"https:\/\/i0.wp.com\/puuhamari.fi\/wp-content\/uploads\/2023\/03\/Extender-White-HiRes-B.jpg?fit=1200%2C1200&ssl=1&resize=350%2C200 1x, https:\/\/i0.wp.com\/puuhamari.fi\/wp-content\/uploads\/2023\/03\/Extender-White-HiRes-B.jpg?fit=1200%2C1200&ssl=1&resize=525%2C300 1.5x, https:\/\/i0.wp.com\/puuhamari.fi\/wp-content\/uploads\/2023\/03\/Extender-White-HiRes-B.jpg?fit=1200%2C1200&ssl=1&resize=700%2C400 2x, https:\/\/i0.wp.com\/puuhamari.fi\/wp-content\/uploads\/2023\/03\/Extender-White-HiRes-B.jpg?fit=1200%2C1200&ssl=1&resize=1050%2C600 3x"},"classes":[]},{"id":2456,"url":"https:\/\/puuhamari.fi\/?product=bedford","url_meta":{"origin":2780,"position":1},"title":"Bedford","author":"PuuhaMari","date":"21 helmikuun, 2022","format":false,"excerpt":"Yksi Fusion\u2122 maalien monista \"helmist\u00e4.\" T\u00e4ss\u00e4 on neutraaliin keskiharmaaseen v\u00e4riin lis\u00e4tty runsaasti keltaista, ja s\u00e4vyn yleisilme on PuuhaMarin silmiss\u00e4 selke\u00e4sti vihre\u00e4. Sopii hyvin yhteen esimerkiksi s\u00e4vyjen Limestone ja Ash kanssa.","rel":"","context":"With 1 comment","block_context":{"text":"With 1 comment","link":"https:\/\/puuhamari.fi\/?product=bedford#comments"},"img":{"alt_text":"","src":"https:\/\/i0.wp.com\/puuhamari.fi\/wp-content\/uploads\/2022\/02\/IMG_20220224_061001.jpg?fit=1199%2C1200&ssl=1&resize=350%2C200","width":350,"height":200,"srcset":"https:\/\/i0.wp.com\/puuhamari.fi\/wp-content\/uploads\/2022\/02\/IMG_20220224_061001.jpg?fit=1199%2C1200&ssl=1&resize=350%2C200 1x, https:\/\/i0.wp.com\/puuhamari.fi\/wp-content\/uploads\/2022\/02\/IMG_20220224_061001.jpg?fit=1199%2C1200&ssl=1&resize=525%2C300 1.5x, https:\/\/i0.wp.com\/puuhamari.fi\/wp-content\/uploads\/2022\/02\/IMG_20220224_061001.jpg?fit=1199%2C1200&ssl=1&resize=700%2C400 2x, https:\/\/i0.wp.com\/puuhamari.fi\/wp-content\/uploads\/2022\/02\/IMG_20220224_061001.jpg?fit=1199%2C1200&ssl=1&resize=1050%2C600 3x"},"classes":[]},{"id":3172,"url":"https:\/\/puuhamari.fi\/?product=vaahtomuovipensseli-1-kpl","url_meta":{"origin":2780,"position":2},"title":"JEN &#8211; vaahtomuovipensseli 1 kpl","author":"PuuhaMari","date":"4 huhtikuun, 2022","format":false,"excerpt":"Se \"alkuper\u00e4inen\" vaahtomuovipensseli. Helppo k\u00e4ytt\u00e4\u00e4: lopputulos on ammattimainen, eik\u00e4 takuuvarmasti n\u00e4y siveltimenj\u00e4lki\u00e4! Toimii mainiosti my\u00f6s yhdess\u00e4 PuuhaMarin Putiikin myymien verkkosapluunoiden kanssa! Levitt\u00e4ess\u00e4si Fusion\u2122 mineraalimaalia verkkosapluunan p\u00e4\u00e4lle, paina pensseli\u00e4 kevyesti sapluunaa p\u00e4in. Siten saat maalin painumaan verkon l\u00e4pi varsinaiseen maalattavaan pintaan. Levein kohta n. 5 cm, varren pituus 10 cm. Kertak\u00e4ytt\u00f6inen.\u2026","rel":"","context":"Samankaltainen artikkeli","block_context":{"text":"Samankaltainen artikkeli","link":""},"img":{"alt_text":"","src":"https:\/\/i0.wp.com\/puuhamari.fi\/wp-content\/uploads\/2022\/04\/Vaahtomuovipensseli-Jen-50-mm.png?fit=500%2C500&ssl=1&resize=350%2C200","width":350,"height":200},"classes":[]},{"id":2474,"url":"https:\/\/puuhamari.fi\/?product=coal-black","url_meta":{"origin":2780,"position":3},"title":"Coal Black","author":"PuuhaMari","date":"21 helmikuun, 2022","format":false,"excerpt":"\"Musta t\u00e4\u00e4 musta on ihan Sysimusta!\" Oikeasti MUSTA musta, jota k\u00e4ytt\u00e4m\u00e4ll\u00e4 voit esim. korostaa kotisi kirkkaampia tai valoisampia v\u00e4rej\u00e4. Huom! Jos sinulla on suurempi projekti: Coal Blacki\u00e4 on nyt saatavana edullisemmin 2 litran pullossa. Tarkoittaa suomeksi sanottuna sit\u00e4, ett\u00e4 saat nelj\u00e4n normaalikokoisen (500 ml) purkin verran maalia kolmen purkin hinnalla!","rel":"","context":"With 3 comments","block_context":{"text":"With 3 comments","link":"https:\/\/puuhamari.fi\/?product=coal-black#comments"},"img":{"alt_text":"","src":"https:\/\/i0.wp.com\/puuhamari.fi\/wp-content\/uploads\/2022\/02\/IMG_20220224_061606.jpg?fit=1199%2C1200&ssl=1&resize=350%2C200","width":350,"height":200,"srcset":"https:\/\/i0.wp.com\/puuhamari.fi\/wp-content\/uploads\/2022\/02\/IMG_20220224_061606.jpg?fit=1199%2C1200&ssl=1&resize=350%2C200 1x, https:\/\/i0.wp.com\/puuhamari.fi\/wp-content\/uploads\/2022\/02\/IMG_20220224_061606.jpg?fit=1199%2C1200&ssl=1&resize=525%2C300 1.5x, https:\/\/i0.wp.com\/puuhamari.fi\/wp-content\/uploads\/2022\/02\/IMG_20220224_061606.jpg?fit=1199%2C1200&ssl=1&resize=700%2C400 2x, https:\/\/i0.wp.com\/puuhamari.fi\/wp-content\/uploads\/2022\/02\/IMG_20220224_061606.jpg?fit=1199%2C1200&ssl=1&resize=1050%2C600 3x"},"classes":[]},{"id":2486,"url":"https:\/\/puuhamari.fi\/?product=hazelwood","url_meta":{"origin":2780,"position":4},"title":"Hazelwood","author":"PuuhaMari","date":"21 helmikuun, 2022","format":false,"excerpt":"Syv\u00e4 harmaa, joka tuo l\u00e4mp\u00f6\u00e4 kotiisi. Luonnon s\u00e4vyill\u00e4 ja aineksilla sisustetun kodin perusv\u00e4rej\u00e4. Voit k\u00e4ytt\u00e4\u00e4 sit\u00e4 yhdess\u00e4 muiden s\u00e4vyjen s\u00e4vyjen kanssa lis\u00e4t\u00e4ksesi eri ulottuvuuksia kotisi pintoihin\/kalusteisiin, tai sellaisenaan tuomaan hiukaan draamaa sisustukseen. Huom! Jos sinulla on suurempi projekti: Hazelwoodia on nyt saatavana edullisemmin 2 litran pullossa. Tarkoittaa suomeksi sanottuna sit\u00e4,\u2026","rel":"","context":"With 1 comment","block_context":{"text":"With 1 comment","link":"https:\/\/puuhamari.fi\/?product=hazelwood#comments"},"img":{"alt_text":"","src":"https:\/\/i0.wp.com\/puuhamari.fi\/wp-content\/uploads\/2022\/02\/008-_HR_210515_Hazelwood_9733-Edit_W_JAR-b.jpg?fit=1200%2C1200&ssl=1&resize=350%2C200","width":350,"height":200,"srcset":"https:\/\/i0.wp.com\/puuhamari.fi\/wp-content\/uploads\/2022\/02\/008-_HR_210515_Hazelwood_9733-Edit_W_JAR-b.jpg?fit=1200%2C1200&ssl=1&resize=350%2C200 1x, https:\/\/i0.wp.com\/puuhamari.fi\/wp-content\/uploads\/2022\/02\/008-_HR_210515_Hazelwood_9733-Edit_W_JAR-b.jpg?fit=1200%2C1200&ssl=1&resize=525%2C300 1.5x, https:\/\/i0.wp.com\/puuhamari.fi\/wp-content\/uploads\/2022\/02\/008-_HR_210515_Hazelwood_9733-Edit_W_JAR-b.jpg?fit=1200%2C1200&ssl=1&resize=700%2C400 2x, https:\/\/i0.wp.com\/puuhamari.fi\/wp-content\/uploads\/2022\/02\/008-_HR_210515_Hazelwood_9733-Edit_W_JAR-b.jpg?fit=1200%2C1200&ssl=1&resize=1050%2C600 3x"},"classes":[]},{"id":11122,"url":"https:\/\/puuhamari.fi\/?product=ulkokalusteen-maalaussetti-muovipoydan-tuunauspaketti","url_meta":{"origin":2780,"position":5},"title":"Ulkokalusteen maalaussetti \u2013 muovip\u00f6yd\u00e4n tuunauspaketti","author":"PuuhaMari","date":"16 huhtikuun, 2026","format":false,"excerpt":"Jos haluat maalata muovisen ulkop\u00f6yd\u00e4n helposti ja ilman tarvikkeiden etsimist\u00e4, t\u00e4m\u00e4 valmiiksi koottu tuunauspaketti sis\u00e4lt\u00e4\u00e4 kaiken tarvittavan: pesuaineen, hyv\u00e4n pensselin ja 500 ml Fusion Mineral Paint \u2011maalia. Setti on koottu niin, ett\u00e4 projekti etenee sujuvasti ja lopputulos kest\u00e4\u00e4 k\u00e4ytt\u00f6\u00e4. Valittavanasi on kahdeksan s\u00e4vy\u00e4. Setin sis\u00e4lt\u00f6: \u2022 Fusion TSP Alternative \u2011puhdistusaine\u2026","rel":"","context":"Samankaltainen artikkeli","block_context":{"text":"Samankaltainen artikkeli","link":""},"img":{"alt_text":"","src":"https:\/\/i0.wp.com\/puuhamari.fi\/wp-content\/uploads\/2026\/04\/Valmiit-tuunauspaketit-muovinen-ulkopoyta.png?fit=1200%2C1200&ssl=1&resize=350%2C200","width":350,"height":200,"srcset":"https:\/\/i0.wp.com\/puuhamari.fi\/wp-content\/uploads\/2026\/04\/Valmiit-tuunauspaketit-muovinen-ulkopoyta.png?fit=1200%2C1200&ssl=1&resize=350%2C200 1x, https:\/\/i0.wp.com\/puuhamari.fi\/wp-content\/uploads\/2026\/04\/Valmiit-tuunauspaketit-muovinen-ulkopoyta.png?fit=1200%2C1200&ssl=1&resize=525%2C300 1.5x, https:\/\/i0.wp.com\/puuhamari.fi\/wp-content\/uploads\/2026\/04\/Valmiit-tuunauspaketit-muovinen-ulkopoyta.png?fit=1200%2C1200&ssl=1&resize=700%2C400 2x, https:\/\/i0.wp.com\/puuhamari.fi\/wp-content\/uploads\/2026\/04\/Valmiit-tuunauspaketit-muovinen-ulkopoyta.png?fit=1200%2C1200&ssl=1&resize=1050%2C600 3x"},"classes":[]}],"_links":{"self":[{"href":"https:\/\/puuhamari.fi\/index.php?rest_route=\/wp\/v2\/product\/2780","targetHints":{"allow":["GET"]}}],"collection":[{"href":"https:\/\/puuhamari.fi\/index.php?rest_route=\/wp\/v2\/product"}],"about":[{"href":"https:\/\/puuhamari.fi\/index.php?rest_route=\/wp\/v2\/types\/product"}],"replies":[{"embeddable":true,"href":"https:\/\/puuhamari.fi\/index.php?rest_route=%2Fwp%2Fv2%2Fcomments&post=2780"}],"version-history":[{"count":1,"href":"https:\/\/puuhamari.fi\/index.php?rest_route=\/wp\/v2\/product\/2780\/revisions"}],"predecessor-version":[{"id":6708,"href":"https:\/\/puuhamari.fi\/index.php?rest_route=\/wp\/v2\/product\/2780\/revisions\/6708"}],"wp:featuredmedia":[{"embeddable":true,"href":"https:\/\/puuhamari.fi\/index.php?rest_route=\/wp\/v2\/media\/2784"}],"wp:attachment":[{"href":"https:\/\/puuhamari.fi\/index.php?rest_route=%2Fwp%2Fv2%2Fmedia&parent=2780"}],"wp:term":[{"taxonomy":"product_brand","embeddable":true,"href":"https:\/\/puuhamari.fi\/index.php?rest_route=%2Fwp%2Fv2%2Fproduct_brand&post=2780"},{"taxonomy":"product_cat","embeddable":true,"href":"https:\/\/puuhamari.fi\/index.php?rest_route=%2Fwp%2Fv2%2Fproduct_cat&post=2780"},{"taxonomy":"product_tag","embeddable":true,"href":"https:\/\/puuhamari.fi\/index.php?rest_route=%2Fwp%2Fv2%2Fproduct_tag&post=2780"}],"curies":[{"name":"wp","href":"https:\/\/api.w.org\/{rel}","templated":true}]}}