{"id":2787,"date":"2022-03-02T19:00:38","date_gmt":"2022-03-02T19:00:38","guid":{"rendered":"https:\/\/puuhatarhanputiikki.fi\/?post_type=product&#038;p=2787"},"modified":"2026-03-26T16:59:00","modified_gmt":"2026-03-26T14:59:00","slug":"peony","status":"publish","type":"product","link":"https:\/\/puuhamari.fi\/?product=peony","title":{"rendered":"Peony"},"content":{"rendered":"<p>Fusion\u2122 mineraalimaalien kuvaus: <a href=\"https:\/\/puuhamari.fi\/?p=5842\" target=\"_blank\" rel=\"noopener\">lue t\u00e4\u00e4lt\u00e4.<\/a><\/p>\n","protected":false},"excerpt":{"rendered":"<p>T\u00e4m\u00e4 vaaleanpunaisen s\u00e4vy oli asiakkaiden suosikki, kun he saivat \u00e4\u00e4nest\u00e4\u00e4 v\u00e4rej\u00e4 t\u00e4ydent\u00e4m\u00e4\u00e4n Fusion-v\u00e4rikarttaa. Se on pehme\u00e4 ja raikas vaaleanpunainen, joka tuo huoneisiisi tuulahduksen puutarhan pionipenkist\u00e4&#8230; Ainakin PuuhaTarhan &#8220;Sarah Bearnhart&#8221;-pioni hempeilee ja tuoksuu juuri t\u00e4m\u00e4n s\u00e4vyisen\u00e4 vuodesta toiseen!<\/p>\n","protected":false},"author":1,"featured_media":2956,"comment_status":"open","ping_status":"closed","template":"","meta":{"advgb_blocks_editor_width":"","advgb_blocks_columns_visual_guide":"","advanced_seo_description":"","jetpack_seo_html_title":"","jetpack_seo_noindex":false,"_kad_post_transparent":"default","_kad_post_title":"","_kad_post_layout":"default","_kad_post_sidebar_id":"","_kad_post_content_style":"default","_kad_post_vertical_padding":"default","_kad_post_feature":"","_kad_post_feature_position":"","_kad_post_header":false,"_kad_post_footer":false,"_kad_post_classname":"","jetpack_post_was_ever_published":false},"product_brand":[],"product_cat":[309],"product_tag":[],"class_list":{"0":"post-2787","1":"product","2":"type-product","3":"status-publish","4":"has-post-thumbnail","6":"product_cat-fusion-mineraalimaalit","8":"first","9":"instock","10":"taxable","11":"shipping-taxable","12":"purchasable","13":"product-type-variable","14":"entry","15":"content-bg","16":"loop-entry"},"featured_img":"https:\/\/puuhamari.fi\/wp-content\/uploads\/2022\/03\/PEONY-640x960-b.jpg","coauthors":[],"author_meta":{"author_link":"https:\/\/puuhamari.fi\/?author=1","display_name":"PuuhaMari"},"relative_dates":{"created":"Julkaistu 4 vuotta sitten","modified":"P\u00e4ivitetty 4 viikkoa sitten"},"absolute_dates":{"created":"Julkaistu 2 maaliskuun, 2022","modified":"P\u00e4ivitetty 26 maaliskuun, 2026"},"absolute_dates_time":{"created":"Julkaistu 2 maaliskuun, 2022 7:00 pm","modified":"P\u00e4ivitetty 26 maaliskuun, 2026 4:59 pm"},"featured_img_caption":"","tax_additional":{"product_brand":{"linked":[],"unlinked":[],"slug":"product_brand","name":"Br\u00e4ndit"},"product_type":{"linked":["<a href=\"https:\/\/puuhamari.fi\/?taxonomy=product_type&#038;term=variable\" class=\"advgb-post-tax-term\">variable<\/a>"],"unlinked":["<span class=\"advgb-post-tax-term\">variable<\/span>"],"slug":"product_type","name":"Tuotetyyppi"},"product_visibility":{"linked":["<a href=\"https:\/\/puuhamari.fi\/?taxonomy=product_visibility&#038;term=rated-5\" class=\"advgb-post-tax-term\">rated-5<\/a>"],"unlinked":["<span class=\"advgb-post-tax-term\">rated-5<\/span>"],"slug":"product_visibility","name":"Tuotteen n\u00e4kyvyys"},"product_cat":{"linked":["<a href=\"https:\/\/puuhamari.fi\/?product_cat=fusion-mineraalimaalit\" class=\"advgb-post-tax-term\">Fusion mineraalimaalit<\/a>"],"unlinked":["<span class=\"advgb-post-tax-term\">Fusion mineraalimaalit<\/span>"],"slug":"product_cat","name":"Osastot"},"product_tag":{"linked":[],"unlinked":[],"slug":"product_tag","name":"Avainsanat tuotteelle"},"product_shipping_class":{"linked":[],"unlinked":[],"slug":"product_shipping_class","name":"Tuotteen toimitusluokat"},"pos_product_visibility":{"linked":[],"unlinked":[],"slug":"pos_product_visibility","name":"POS Product visibility"},"pa_arkin-koko":{"linked":[],"unlinked":[],"slug":"pa_arkin-koko","name":"Tuote Arkin koko"},"pa_hiomatyynyn-karkeus":{"linked":[],"unlinked":[],"slug":"pa_hiomatyynyn-karkeus","name":"Tuote Hiomatyynyn karkeus"},"pa_kehys":{"linked":[],"unlinked":[],"slug":"pa_kehys","name":"Tuote Kehys"},"pa_kuvion-nro":{"linked":[],"unlinked":[],"slug":"pa_kuvion-nro","name":"Tuote Kuvion nro"},"pa_littean-pensselin-koko":{"linked":[],"unlinked":[],"slug":"pa_littean-pensselin-koko","name":"Tuote Litte\u00e4n pensselin koko"},"pa_maalivari":{"linked":[],"unlinked":[],"slug":"pa_maalivari","name":"Tuote Maaliv\u00e4ri"},"pa_palatapettien-lkm":{"linked":[],"unlinked":[],"slug":"pa_palatapettien-lkm","name":"Tuote Palatapettien lkm"},"pa_purkin-koko":{"linked":["<a href=\"https:\/\/puuhamari.fi\/?taxonomy=pa_purkin-koko&#038;term=37-ml\" class=\"advgb-post-tax-term\">37 ml<\/a>","<a href=\"https:\/\/puuhamari.fi\/?taxonomy=pa_purkin-koko&#038;term=500-ml\" class=\"advgb-post-tax-term\">500 ml<\/a>"],"unlinked":["<span class=\"advgb-post-tax-term\">37 ml<\/span>","<span class=\"advgb-post-tax-term\">500 ml<\/span>"],"slug":"pa_purkin-koko","name":"Tuote Purkin koko"},"pa_sapluunan-koko":{"linked":[],"unlinked":[],"slug":"pa_sapluunan-koko","name":"Tuote Sapluunan koko"},"pa_tabletti":{"linked":[],"unlinked":[],"slug":"pa_tabletti","name":"Tuote Tabletti"},"pa_valitse-sisalto":{"linked":[],"unlinked":[],"slug":"pa_valitse-sisalto","name":"Tuote Valitse sis\u00e4lt\u00f6"},"pa_varjostin":{"linked":[],"unlinked":[],"slug":"pa_varjostin","name":"Tuote Varjostin"}},"series_order":"","jetpack_sharing_enabled":true,"jetpack_likes_enabled":true,"jetpack-related-posts":[{"id":3126,"url":"https:\/\/puuhamari.fi\/?product=chestler","url_meta":{"origin":2787,"position":0},"title":"Chestler","author":"PuuhaMari","date":"18 hein\u00e4kuun, 2022","format":false,"excerpt":"Monitasoinen sinivihre\u00e4, joka loistaa syv\u00e4\u00e4 ja luotettavaa vakautta. T\u00e4m\u00e4 s\u00e4vy saa sinut pys\u00e4htym\u00e4\u00e4n ja sukeltamaan sen upottaviin syvyyksiin.","rel":"","context":"With 1 comment","block_context":{"text":"With 1 comment","link":"https:\/\/puuhamari.fi\/?product=chestler#comments"},"img":{"alt_text":"","src":"https:\/\/i0.wp.com\/puuhamari.fi\/wp-content\/uploads\/2022\/07\/fusion_mineral_paint-chestler-pint-b.jpg?fit=1199%2C1200&ssl=1&resize=350%2C200","width":350,"height":200,"srcset":"https:\/\/i0.wp.com\/puuhamari.fi\/wp-content\/uploads\/2022\/07\/fusion_mineral_paint-chestler-pint-b.jpg?fit=1199%2C1200&ssl=1&resize=350%2C200 1x, https:\/\/i0.wp.com\/puuhamari.fi\/wp-content\/uploads\/2022\/07\/fusion_mineral_paint-chestler-pint-b.jpg?fit=1199%2C1200&ssl=1&resize=525%2C300 1.5x, https:\/\/i0.wp.com\/puuhamari.fi\/wp-content\/uploads\/2022\/07\/fusion_mineral_paint-chestler-pint-b.jpg?fit=1199%2C1200&ssl=1&resize=700%2C400 2x, https:\/\/i0.wp.com\/puuhamari.fi\/wp-content\/uploads\/2022\/07\/fusion_mineral_paint-chestler-pint-b.jpg?fit=1199%2C1200&ssl=1&resize=1050%2C600 3x"},"classes":[]},{"id":2528,"url":"https:\/\/puuhamari.fi\/?product=cranberry","url_meta":{"origin":2787,"position":1},"title":"Cranberry","author":"PuuhaMari","date":"24 helmikuun, 2022","format":false,"excerpt":"Suomalaisten suosikkipunainen: uhkea ja syv\u00e4 viininpunainen, joka tuo mieleen loppusyksyn karpalosadon. T\u00e4m\u00e4 v\u00e4ri on itsevarma kannanotto, jolla teet kalusteestasi todellisen katseenvangitsijan!","rel":"","context":"Samankaltainen artikkeli","block_context":{"text":"Samankaltainen artikkeli","link":""},"img":{"alt_text":"","src":"https:\/\/i0.wp.com\/puuhamari.fi\/wp-content\/uploads\/2022\/02\/Fusion_Mineral_Paint_Cranberry_pint-b-scaled.jpg?fit=1200%2C1200&ssl=1&resize=350%2C200","width":350,"height":200,"srcset":"https:\/\/i0.wp.com\/puuhamari.fi\/wp-content\/uploads\/2022\/02\/Fusion_Mineral_Paint_Cranberry_pint-b-scaled.jpg?fit=1200%2C1200&ssl=1&resize=350%2C200 1x, https:\/\/i0.wp.com\/puuhamari.fi\/wp-content\/uploads\/2022\/02\/Fusion_Mineral_Paint_Cranberry_pint-b-scaled.jpg?fit=1200%2C1200&ssl=1&resize=525%2C300 1.5x, https:\/\/i0.wp.com\/puuhamari.fi\/wp-content\/uploads\/2022\/02\/Fusion_Mineral_Paint_Cranberry_pint-b-scaled.jpg?fit=1200%2C1200&ssl=1&resize=700%2C400 2x, https:\/\/i0.wp.com\/puuhamari.fi\/wp-content\/uploads\/2022\/02\/Fusion_Mineral_Paint_Cranberry_pint-b-scaled.jpg?fit=1200%2C1200&ssl=1&resize=1050%2C600 3x"},"classes":[]},{"id":4367,"url":"https:\/\/puuhamari.fi\/?product=elderberry","url_meta":{"origin":2787,"position":2},"title":"Elderberry","author":"PuuhaMari","date":"18 hein\u00e4kuun, 2022","format":false,"excerpt":"Kuninkaallisen n\u00e4ytt\u00e4v\u00e4\u00e4, tyylik\u00e4st\u00e4 purppuraa. T\u00e4m\u00e4 Fusionin Winchester -s\u00e4vy\u00e4 tummempi violetinpunainen s\u00e4vy tuo kotiisi herkullisen, laskelmoidun tilkan tunnelmallisuutta.","rel":"","context":"Samankaltainen artikkeli","block_context":{"text":"Samankaltainen artikkeli","link":""},"img":{"alt_text":"","src":"https:\/\/i0.wp.com\/puuhamari.fi\/wp-content\/uploads\/2022\/07\/fusion_mineral_paint-elderberry-pint-b.jpg?fit=1200%2C1200&ssl=1&resize=350%2C200","width":350,"height":200,"srcset":"https:\/\/i0.wp.com\/puuhamari.fi\/wp-content\/uploads\/2022\/07\/fusion_mineral_paint-elderberry-pint-b.jpg?fit=1200%2C1200&ssl=1&resize=350%2C200 1x, https:\/\/i0.wp.com\/puuhamari.fi\/wp-content\/uploads\/2022\/07\/fusion_mineral_paint-elderberry-pint-b.jpg?fit=1200%2C1200&ssl=1&resize=525%2C300 1.5x, https:\/\/i0.wp.com\/puuhamari.fi\/wp-content\/uploads\/2022\/07\/fusion_mineral_paint-elderberry-pint-b.jpg?fit=1200%2C1200&ssl=1&resize=700%2C400 2x, https:\/\/i0.wp.com\/puuhamari.fi\/wp-content\/uploads\/2022\/07\/fusion_mineral_paint-elderberry-pint-b.jpg?fit=1200%2C1200&ssl=1&resize=1050%2C600 3x"},"classes":[]},{"id":6253,"url":"https:\/\/puuhamari.fi\/?product=parchment","url_meta":{"origin":2787,"position":3},"title":"Parchment","author":"PuuhaMari","date":"17 kes\u00e4kuun, 2023","format":false,"excerpt":"Miellytt\u00e4v\u00e4tk\u00f6 luonnonvalkoiset s\u00e4vyt sinua, mutta harmittelet sit\u00e4, ett\u00e4 ne niin usein vivahtavat liikaa keltaiseen? T\u00e4ss\u00e4 sinulle t\u00e4ydellinen s\u00e4vy: t\u00e4m\u00e4n \"pergamentinvalkoisen\" pohjana on itseasiassa k\u00e4ytetty pehme\u00e4nkauniita harmaan s\u00e4vyj\u00e4.","rel":"","context":"Samankaltainen artikkeli","block_context":{"text":"Samankaltainen artikkeli","link":""},"img":{"alt_text":"","src":"https:\/\/i0.wp.com\/puuhamari.fi\/wp-content\/uploads\/2023\/06\/Parchment-pint.jpg?fit=1200%2C1010&ssl=1&resize=350%2C200","width":350,"height":200,"srcset":"https:\/\/i0.wp.com\/puuhamari.fi\/wp-content\/uploads\/2023\/06\/Parchment-pint.jpg?fit=1200%2C1010&ssl=1&resize=350%2C200 1x, https:\/\/i0.wp.com\/puuhamari.fi\/wp-content\/uploads\/2023\/06\/Parchment-pint.jpg?fit=1200%2C1010&ssl=1&resize=525%2C300 1.5x, https:\/\/i0.wp.com\/puuhamari.fi\/wp-content\/uploads\/2023\/06\/Parchment-pint.jpg?fit=1200%2C1010&ssl=1&resize=700%2C400 2x, https:\/\/i0.wp.com\/puuhamari.fi\/wp-content\/uploads\/2023\/06\/Parchment-pint.jpg?fit=1200%2C1010&ssl=1&resize=1050%2C600 3x"},"classes":[]},{"id":4365,"url":"https:\/\/puuhamari.fi\/?product=conservatory","url_meta":{"origin":2787,"position":4},"title":"Conservatory","author":"PuuhaMari","date":"18 hein\u00e4kuun, 2022","format":false,"excerpt":"Kuten sen nimikin viittaa, t\u00e4m\u00e4 raikas keskivihre\u00e4 s\u00e4vy on ylitsevuotavan runsas \u2013 kuin luonto\u00e4iti itse. T\u00e4ss\u00e4 sinulle v\u00e4ri joka on yht\u00e4 aikaa sek\u00e4 klassinen ett\u00e4 inspiroiva v\u00e4rinpirskahdus mihin tahansa tilaan.","rel":"","context":"Samankaltainen artikkeli","block_context":{"text":"Samankaltainen artikkeli","link":""},"img":{"alt_text":"","src":"https:\/\/i0.wp.com\/puuhamari.fi\/wp-content\/uploads\/2022\/07\/fusion_mineral_paint-conservatory-pint-b.jpg?fit=1200%2C1200&ssl=1&resize=350%2C200","width":350,"height":200,"srcset":"https:\/\/i0.wp.com\/puuhamari.fi\/wp-content\/uploads\/2022\/07\/fusion_mineral_paint-conservatory-pint-b.jpg?fit=1200%2C1200&ssl=1&resize=350%2C200 1x, https:\/\/i0.wp.com\/puuhamari.fi\/wp-content\/uploads\/2022\/07\/fusion_mineral_paint-conservatory-pint-b.jpg?fit=1200%2C1200&ssl=1&resize=525%2C300 1.5x, https:\/\/i0.wp.com\/puuhamari.fi\/wp-content\/uploads\/2022\/07\/fusion_mineral_paint-conservatory-pint-b.jpg?fit=1200%2C1200&ssl=1&resize=700%2C400 2x, https:\/\/i0.wp.com\/puuhamari.fi\/wp-content\/uploads\/2022\/07\/fusion_mineral_paint-conservatory-pint-b.jpg?fit=1200%2C1200&ssl=1&resize=1050%2C600 3x"},"classes":[]},{"id":4369,"url":"https:\/\/puuhamari.fi\/?product=everett","url_meta":{"origin":2787,"position":5},"title":"Everett","author":"PuuhaMari","date":"18 hein\u00e4kuun, 2022","format":false,"excerpt":"Tummahko, ik\u00e4\u00e4ntynyt, s\u00e4\u00e4n pieksem\u00e4 oliivinvihre\u00e4, jossa mukana hienoista pronssin vivahdetta. T\u00e4m\u00e4 monikerroksinen s\u00e4vy rauhoittaa ymp\u00e4rist\u00f6\u00e4\u00e4n seesteisell\u00e4 tyyneydell\u00e4\u00e4n ja maanl\u00e4heisyydell\u00e4\u00e4n.","rel":"","context":"With 1 comment","block_context":{"text":"With 1 comment","link":"https:\/\/puuhamari.fi\/?product=everett#comments"},"img":{"alt_text":"","src":"https:\/\/i0.wp.com\/puuhamari.fi\/wp-content\/uploads\/2022\/07\/fusion_mineral_paint-everett-pint-b.jpg?fit=1199%2C1200&ssl=1&resize=350%2C200","width":350,"height":200,"srcset":"https:\/\/i0.wp.com\/puuhamari.fi\/wp-content\/uploads\/2022\/07\/fusion_mineral_paint-everett-pint-b.jpg?fit=1199%2C1200&ssl=1&resize=350%2C200 1x, https:\/\/i0.wp.com\/puuhamari.fi\/wp-content\/uploads\/2022\/07\/fusion_mineral_paint-everett-pint-b.jpg?fit=1199%2C1200&ssl=1&resize=525%2C300 1.5x, https:\/\/i0.wp.com\/puuhamari.fi\/wp-content\/uploads\/2022\/07\/fusion_mineral_paint-everett-pint-b.jpg?fit=1199%2C1200&ssl=1&resize=700%2C400 2x, https:\/\/i0.wp.com\/puuhamari.fi\/wp-content\/uploads\/2022\/07\/fusion_mineral_paint-everett-pint-b.jpg?fit=1199%2C1200&ssl=1&resize=1050%2C600 3x"},"classes":[]}],"_links":{"self":[{"href":"https:\/\/puuhamari.fi\/index.php?rest_route=\/wp\/v2\/product\/2787","targetHints":{"allow":["GET"]}}],"collection":[{"href":"https:\/\/puuhamari.fi\/index.php?rest_route=\/wp\/v2\/product"}],"about":[{"href":"https:\/\/puuhamari.fi\/index.php?rest_route=\/wp\/v2\/types\/product"}],"replies":[{"embeddable":true,"href":"https:\/\/puuhamari.fi\/index.php?rest_route=%2Fwp%2Fv2%2Fcomments&post=2787"}],"version-history":[{"count":1,"href":"https:\/\/puuhamari.fi\/index.php?rest_route=\/wp\/v2\/product\/2787\/revisions"}],"predecessor-version":[{"id":6716,"href":"https:\/\/puuhamari.fi\/index.php?rest_route=\/wp\/v2\/product\/2787\/revisions\/6716"}],"wp:featuredmedia":[{"embeddable":true,"href":"https:\/\/puuhamari.fi\/index.php?rest_route=\/wp\/v2\/media\/2956"}],"wp:attachment":[{"href":"https:\/\/puuhamari.fi\/index.php?rest_route=%2Fwp%2Fv2%2Fmedia&parent=2787"}],"wp:term":[{"taxonomy":"product_brand","embeddable":true,"href":"https:\/\/puuhamari.fi\/index.php?rest_route=%2Fwp%2Fv2%2Fproduct_brand&post=2787"},{"taxonomy":"product_cat","embeddable":true,"href":"https:\/\/puuhamari.fi\/index.php?rest_route=%2Fwp%2Fv2%2Fproduct_cat&post=2787"},{"taxonomy":"product_tag","embeddable":true,"href":"https:\/\/puuhamari.fi\/index.php?rest_route=%2Fwp%2Fv2%2Fproduct_tag&post=2787"}],"curies":[{"name":"wp","href":"https:\/\/api.w.org\/{rel}","templated":true}]}}