{"id":2977,"date":"2022-03-18T21:34:58","date_gmt":"2022-03-18T21:34:58","guid":{"rendered":"https:\/\/puuhatarhanputiikki.fi\/?post_type=product&#038;p=2977"},"modified":"2025-11-25T20:53:08","modified_gmt":"2025-11-25T18:53:08","slug":"renfrew-blue","status":"publish","type":"product","link":"https:\/\/puuhamari.fi\/?product=renfrew-blue","title":{"rendered":"Renfrew Blue"},"content":{"rendered":"<p>Fusion\u2122 mineraalimaalien kuvaus: <a href=\"https:\/\/puuhamari.fi\/?p=5842\" target=\"_blank\" rel=\"noopener\">lue t\u00e4\u00e4lt\u00e4.<\/a><\/p>\n","protected":false},"excerpt":{"rendered":"<p>Fusion\u2122 maalisarjan kuuluisa ja supersuosittu tumma syaaninvihre\u00e4 (vai -sininen?) s\u00e4vy. N\u00e4ytt\u00e4\u00e4 upealta paitsi yksin\u00e4\u00e4n, my\u00f6s yhdistettyn\u00e4 keltaisiin, punaisiin ja harmaaseen taittaviin ruskeisiin s\u00e4vyihin.<\/p>\n","protected":false},"author":1,"featured_media":2978,"comment_status":"open","ping_status":"closed","template":"","meta":{"advgb_blocks_editor_width":"","advgb_blocks_columns_visual_guide":"","advanced_seo_description":"","jetpack_seo_html_title":"","jetpack_seo_noindex":false,"_kad_post_transparent":"default","_kad_post_title":"","_kad_post_layout":"default","_kad_post_sidebar_id":"","_kad_post_content_style":"default","_kad_post_vertical_padding":"default","_kad_post_feature":"","_kad_post_feature_position":"","_kad_post_header":false,"_kad_post_footer":false,"_kad_post_classname":"","jetpack_post_was_ever_published":false},"product_brand":[],"product_cat":[309],"product_tag":[],"class_list":{"0":"post-2977","1":"product","2":"type-product","3":"status-publish","4":"has-post-thumbnail","6":"product_cat-fusion-mineraalimaalit","8":"first","9":"instock","10":"taxable","11":"shipping-taxable","12":"purchasable","13":"product-type-variable","14":"entry","15":"content-bg","16":"loop-entry"},"featured_img":"https:\/\/puuhamari.fi\/wp-content\/uploads\/2022\/03\/fusion_mineral_paint-renfrewblue-pint-B.jpg","coauthors":[],"author_meta":{"author_link":"https:\/\/puuhamari.fi\/?author=1","display_name":"PuuhaMari"},"relative_dates":{"created":"Julkaistu 4 vuotta sitten","modified":"P\u00e4ivitetty 5 kuukautta sitten"},"absolute_dates":{"created":"Julkaistu 18 maaliskuun, 2022","modified":"P\u00e4ivitetty 25 marraskuun, 2025"},"absolute_dates_time":{"created":"Julkaistu 18 maaliskuun, 2022 9:34 pm","modified":"P\u00e4ivitetty 25 marraskuun, 2025 8:53 pm"},"featured_img_caption":"","tax_additional":{"product_brand":{"linked":[],"unlinked":[],"slug":"product_brand","name":"Br\u00e4ndit"},"product_type":{"linked":["<a href=\"https:\/\/puuhamari.fi\/?taxonomy=product_type&#038;term=variable\" class=\"advgb-post-tax-term\">variable<\/a>"],"unlinked":["<span class=\"advgb-post-tax-term\">variable<\/span>"],"slug":"product_type","name":"Tuotetyyppi"},"product_visibility":{"linked":["<a href=\"https:\/\/puuhamari.fi\/?taxonomy=product_visibility&#038;term=rated-5\" class=\"advgb-post-tax-term\">rated-5<\/a>"],"unlinked":["<span class=\"advgb-post-tax-term\">rated-5<\/span>"],"slug":"product_visibility","name":"Tuotteen n\u00e4kyvyys"},"product_cat":{"linked":["<a href=\"https:\/\/puuhamari.fi\/?product_cat=fusion-mineraalimaalit\" class=\"advgb-post-tax-term\">Fusion mineraalimaalit<\/a>"],"unlinked":["<span class=\"advgb-post-tax-term\">Fusion mineraalimaalit<\/span>"],"slug":"product_cat","name":"Osastot"},"product_tag":{"linked":[],"unlinked":[],"slug":"product_tag","name":"Avainsanat tuotteelle"},"product_shipping_class":{"linked":[],"unlinked":[],"slug":"product_shipping_class","name":"Tuotteen toimitusluokat"},"pos_product_visibility":{"linked":[],"unlinked":[],"slug":"pos_product_visibility","name":"POS Product visibility"},"pa_arkin-koko":{"linked":[],"unlinked":[],"slug":"pa_arkin-koko","name":"Tuote Arkin koko"},"pa_hiomatyynyn-karkeus":{"linked":[],"unlinked":[],"slug":"pa_hiomatyynyn-karkeus","name":"Tuote Hiomatyynyn karkeus"},"pa_kehys":{"linked":[],"unlinked":[],"slug":"pa_kehys","name":"Tuote Kehys"},"pa_kuvion-nro":{"linked":[],"unlinked":[],"slug":"pa_kuvion-nro","name":"Tuote Kuvion nro"},"pa_littean-pensselin-koko":{"linked":[],"unlinked":[],"slug":"pa_littean-pensselin-koko","name":"Tuote Litte\u00e4n pensselin koko"},"pa_maalivari":{"linked":[],"unlinked":[],"slug":"pa_maalivari","name":"Tuote Maaliv\u00e4ri"},"pa_palatapettien-lkm":{"linked":[],"unlinked":[],"slug":"pa_palatapettien-lkm","name":"Tuote Palatapettien lkm"},"pa_purkin-koko":{"linked":["<a href=\"https:\/\/puuhamari.fi\/?taxonomy=pa_purkin-koko&#038;term=37-ml\" class=\"advgb-post-tax-term\">37 ml<\/a>","<a href=\"https:\/\/puuhamari.fi\/?taxonomy=pa_purkin-koko&#038;term=500-ml\" class=\"advgb-post-tax-term\">500 ml<\/a>"],"unlinked":["<span class=\"advgb-post-tax-term\">37 ml<\/span>","<span class=\"advgb-post-tax-term\">500 ml<\/span>"],"slug":"pa_purkin-koko","name":"Tuote Purkin koko"},"pa_sapluunan-koko":{"linked":[],"unlinked":[],"slug":"pa_sapluunan-koko","name":"Tuote Sapluunan koko"},"pa_tabletti":{"linked":[],"unlinked":[],"slug":"pa_tabletti","name":"Tuote Tabletti"},"pa_valitse-sisalto":{"linked":[],"unlinked":[],"slug":"pa_valitse-sisalto","name":"Tuote Valitse sis\u00e4lt\u00f6"},"pa_varjostin":{"linked":[],"unlinked":[],"slug":"pa_varjostin","name":"Tuote Varjostin"}},"series_order":"","jetpack_sharing_enabled":true,"jetpack_likes_enabled":true,"jetpack-related-posts":[{"id":4367,"url":"https:\/\/puuhamari.fi\/?product=elderberry","url_meta":{"origin":2977,"position":0},"title":"Elderberry","author":"PuuhaMari","date":"18 hein\u00e4kuun, 2022","format":false,"excerpt":"Kuninkaallisen n\u00e4ytt\u00e4v\u00e4\u00e4, tyylik\u00e4st\u00e4 purppuraa. T\u00e4m\u00e4 Fusionin Winchester -s\u00e4vy\u00e4 tummempi violetinpunainen s\u00e4vy tuo kotiisi herkullisen, laskelmoidun tilkan tunnelmallisuutta.","rel":"","context":"Samankaltainen artikkeli","block_context":{"text":"Samankaltainen artikkeli","link":""},"img":{"alt_text":"","src":"https:\/\/i0.wp.com\/puuhamari.fi\/wp-content\/uploads\/2022\/07\/fusion_mineral_paint-elderberry-pint-b.jpg?fit=1200%2C1200&ssl=1&resize=350%2C200","width":350,"height":200,"srcset":"https:\/\/i0.wp.com\/puuhamari.fi\/wp-content\/uploads\/2022\/07\/fusion_mineral_paint-elderberry-pint-b.jpg?fit=1200%2C1200&ssl=1&resize=350%2C200 1x, https:\/\/i0.wp.com\/puuhamari.fi\/wp-content\/uploads\/2022\/07\/fusion_mineral_paint-elderberry-pint-b.jpg?fit=1200%2C1200&ssl=1&resize=525%2C300 1.5x, https:\/\/i0.wp.com\/puuhamari.fi\/wp-content\/uploads\/2022\/07\/fusion_mineral_paint-elderberry-pint-b.jpg?fit=1200%2C1200&ssl=1&resize=700%2C400 2x, https:\/\/i0.wp.com\/puuhamari.fi\/wp-content\/uploads\/2022\/07\/fusion_mineral_paint-elderberry-pint-b.jpg?fit=1200%2C1200&ssl=1&resize=1050%2C600 3x"},"classes":[]},{"id":6253,"url":"https:\/\/puuhamari.fi\/?product=parchment","url_meta":{"origin":2977,"position":1},"title":"Parchment","author":"PuuhaMari","date":"17 kes\u00e4kuun, 2023","format":false,"excerpt":"Miellytt\u00e4v\u00e4tk\u00f6 luonnonvalkoiset s\u00e4vyt sinua, mutta harmittelet sit\u00e4, ett\u00e4 ne niin usein vivahtavat liikaa keltaiseen? T\u00e4ss\u00e4 sinulle t\u00e4ydellinen s\u00e4vy: t\u00e4m\u00e4n \"pergamentinvalkoisen\" pohjana on itseasiassa k\u00e4ytetty pehme\u00e4nkauniita harmaan s\u00e4vyj\u00e4.","rel":"","context":"Samankaltainen artikkeli","block_context":{"text":"Samankaltainen artikkeli","link":""},"img":{"alt_text":"","src":"https:\/\/i0.wp.com\/puuhamari.fi\/wp-content\/uploads\/2023\/06\/Parchment-pint.jpg?fit=1200%2C1010&ssl=1&resize=350%2C200","width":350,"height":200,"srcset":"https:\/\/i0.wp.com\/puuhamari.fi\/wp-content\/uploads\/2023\/06\/Parchment-pint.jpg?fit=1200%2C1010&ssl=1&resize=350%2C200 1x, https:\/\/i0.wp.com\/puuhamari.fi\/wp-content\/uploads\/2023\/06\/Parchment-pint.jpg?fit=1200%2C1010&ssl=1&resize=525%2C300 1.5x, https:\/\/i0.wp.com\/puuhamari.fi\/wp-content\/uploads\/2023\/06\/Parchment-pint.jpg?fit=1200%2C1010&ssl=1&resize=700%2C400 2x, https:\/\/i0.wp.com\/puuhamari.fi\/wp-content\/uploads\/2023\/06\/Parchment-pint.jpg?fit=1200%2C1010&ssl=1&resize=1050%2C600 3x"},"classes":[]},{"id":2731,"url":"https:\/\/puuhamari.fi\/?product=little-lamb","url_meta":{"origin":2977,"position":2},"title":"Little Lamb","author":"PuuhaMari","date":"2 maaliskuun, 2022","format":false,"excerpt":"Innostu harmaasta t\u00e4m\u00e4n pehme\u00e4n neutraalin s\u00e4vyn kautta, joka tuo perinteikkyytt\u00e4 mihin tahansa tee-se-itse -projektiin. Se on eritt\u00e4in monik\u00e4ytt\u00f6inen s\u00e4vy ja sopeutuu kaikkiin Fusion-v\u00e4reihin, joten voit my\u00f6s k\u00e4ytt\u00e4\u00e4 sit\u00e4 miss\u00e4 tahansa v\u00e4riyhdistelmiss\u00e4.","rel":"","context":"With 1 comment","block_context":{"text":"With 1 comment","link":"https:\/\/puuhamari.fi\/?product=little-lamb#comments"},"img":{"alt_text":"","src":"https:\/\/i0.wp.com\/puuhamari.fi\/wp-content\/uploads\/2022\/03\/fusion_mineral_paint-littlelamb-pint-B.jpg?fit=1200%2C1200&ssl=1&resize=350%2C200","width":350,"height":200,"srcset":"https:\/\/i0.wp.com\/puuhamari.fi\/wp-content\/uploads\/2022\/03\/fusion_mineral_paint-littlelamb-pint-B.jpg?fit=1200%2C1200&ssl=1&resize=350%2C200 1x, https:\/\/i0.wp.com\/puuhamari.fi\/wp-content\/uploads\/2022\/03\/fusion_mineral_paint-littlelamb-pint-B.jpg?fit=1200%2C1200&ssl=1&resize=525%2C300 1.5x, https:\/\/i0.wp.com\/puuhamari.fi\/wp-content\/uploads\/2022\/03\/fusion_mineral_paint-littlelamb-pint-B.jpg?fit=1200%2C1200&ssl=1&resize=700%2C400 2x, https:\/\/i0.wp.com\/puuhamari.fi\/wp-content\/uploads\/2022\/03\/fusion_mineral_paint-littlelamb-pint-B.jpg?fit=1200%2C1200&ssl=1&resize=1050%2C600 3x"},"classes":[]},{"id":6256,"url":"https:\/\/puuhamari.fi\/?product=newell","url_meta":{"origin":2977,"position":3},"title":"Newell","author":"PuuhaMari","date":"17 kes\u00e4kuun, 2023","format":false,"excerpt":"Salvianvihre\u00e4 s\u00e4vy , jonka \"isoveli\" Sacred Sage sai asiakkailta aikanaan huikean hienon vastaanoton. Nyt sen p\u00e4ivitetty versio saapuu vihdoinkin Fusionin pysyv\u00e4\u00e4n valikoimaan! T\u00e4ss\u00e4 sinulla on kertakaikkiaan upea salvian s\u00e4vy, joka ei menet\u00e4 vihreytt\u00e4\u00e4n edes toisten vihreiden rinnalla. Luvassa suurta kysynt\u00e4\u00e4; \u00e4l\u00e4 j\u00e4\u00e4 \"lehdell\u00e4 soittelemaan...\"","rel":"","context":"Samankaltainen artikkeli","block_context":{"text":"Samankaltainen artikkeli","link":""},"img":{"alt_text":"","src":"https:\/\/i0.wp.com\/puuhamari.fi\/wp-content\/uploads\/2023\/06\/IMG_20230619_203432.jpg?fit=1200%2C1200&ssl=1&resize=350%2C200","width":350,"height":200,"srcset":"https:\/\/i0.wp.com\/puuhamari.fi\/wp-content\/uploads\/2023\/06\/IMG_20230619_203432.jpg?fit=1200%2C1200&ssl=1&resize=350%2C200 1x, https:\/\/i0.wp.com\/puuhamari.fi\/wp-content\/uploads\/2023\/06\/IMG_20230619_203432.jpg?fit=1200%2C1200&ssl=1&resize=525%2C300 1.5x, https:\/\/i0.wp.com\/puuhamari.fi\/wp-content\/uploads\/2023\/06\/IMG_20230619_203432.jpg?fit=1200%2C1200&ssl=1&resize=700%2C400 2x, https:\/\/i0.wp.com\/puuhamari.fi\/wp-content\/uploads\/2023\/06\/IMG_20230619_203432.jpg?fit=1200%2C1200&ssl=1&resize=1050%2C600 3x"},"classes":[]},{"id":9857,"url":"https:\/\/puuhamari.fi\/?product=cureiously-pink","url_meta":{"origin":2977,"position":4},"title":"CUREiously Pink","author":"PuuhaMari","date":"15 hein\u00e4kuun, 2025","format":false,"excerpt":"Hot pink, jota pinkimp\u00e4\u00e4 pinkki\u00e4 tuskin l\u00f6yd\u00e4t! Kuvat puhuvat puolestaan! Inspiraatio t\u00e4m\u00e4n s\u00e4vyn kehit\u00e4miseen tuli alunperin rintasy\u00f6p\u00e4tietoisuutta lis\u00e4\u00e4v\u00e4n kampanjan kautta. Siksi nimest\u00e4 l\u00f6ytyy sanaleikki: englanninkieless\u00e4 sana CURIOUS viittasi ennenvanhaan ylivertaisuuteen, yksityiskohtaisuuteen tai perinpohjaiseen tarkkuuteen. Fusionin lis\u00e4\u00e4m\u00e4 E-kirjain tuon sanan keskell\u00e4 saa alkuosan (CURE) tarkoittamaan parantamista tai parantumista... Niinp\u00e4 CUREiously Pink:in\u2026","rel":"","context":"Samankaltainen artikkeli","block_context":{"text":"Samankaltainen artikkeli","link":""},"img":{"alt_text":"","src":"https:\/\/i0.wp.com\/puuhamari.fi\/wp-content\/uploads\/2025\/07\/cureiously_pink-b.jpg?fit=1200%2C1200&ssl=1&resize=350%2C200","width":350,"height":200,"srcset":"https:\/\/i0.wp.com\/puuhamari.fi\/wp-content\/uploads\/2025\/07\/cureiously_pink-b.jpg?fit=1200%2C1200&ssl=1&resize=350%2C200 1x, https:\/\/i0.wp.com\/puuhamari.fi\/wp-content\/uploads\/2025\/07\/cureiously_pink-b.jpg?fit=1200%2C1200&ssl=1&resize=525%2C300 1.5x, https:\/\/i0.wp.com\/puuhamari.fi\/wp-content\/uploads\/2025\/07\/cureiously_pink-b.jpg?fit=1200%2C1200&ssl=1&resize=700%2C400 2x, https:\/\/i0.wp.com\/puuhamari.fi\/wp-content\/uploads\/2025\/07\/cureiously_pink-b.jpg?fit=1200%2C1200&ssl=1&resize=1050%2C600 3x"},"classes":[]},{"id":4986,"url":"https:\/\/puuhamari.fi\/?product=fusion-variviuhka","url_meta":{"origin":2977,"position":5},"title":"Fusion v\u00e4riviuhka","author":"PuuhaMari","date":"2 marraskuun, 2022","format":false,"excerpt":"Tervetuloa Fusion:in houkuttelevan suloiseen v\u00e4rien ihmemaahan! V\u00e4riviuhka sopii erityisesti sinulle, jonka paikkakunnalla ei ole omaa Fusion\u2122 mineraalimaalien j\u00e4lleenmyyj\u00e4\u00e4, tai joka ty\u00f6ksesi\/muuten vain maalaat paljon. N\u00e4pp\u00e4r\u00e4 taskukokoinen viuhka (pit. 13 cm, lev. 5 cm, paks. 3 cm) kulkee helposti mukanasi esim. kodin ja remontti-\/ty\u00f6paikan v\u00e4lill\u00e4. Viuhka sis\u00e4lt\u00e4\u00e4 t\u00e4ll\u00e4 hetkell\u00e4 82 valmisv\u00e4ri\u00e4\u2026","rel":"","context":"With 3 comments","block_context":{"text":"With 3 comments","link":"https:\/\/puuhamari.fi\/?product=fusion-variviuhka#comments"},"img":{"alt_text":"","src":"https:\/\/i0.wp.com\/puuhamari.fi\/wp-content\/uploads\/2022\/11\/013-_HR_211002_0552-Edit-B2.jpg?fit=1200%2C1200&ssl=1&resize=350%2C200","width":350,"height":200,"srcset":"https:\/\/i0.wp.com\/puuhamari.fi\/wp-content\/uploads\/2022\/11\/013-_HR_211002_0552-Edit-B2.jpg?fit=1200%2C1200&ssl=1&resize=350%2C200 1x, https:\/\/i0.wp.com\/puuhamari.fi\/wp-content\/uploads\/2022\/11\/013-_HR_211002_0552-Edit-B2.jpg?fit=1200%2C1200&ssl=1&resize=525%2C300 1.5x, https:\/\/i0.wp.com\/puuhamari.fi\/wp-content\/uploads\/2022\/11\/013-_HR_211002_0552-Edit-B2.jpg?fit=1200%2C1200&ssl=1&resize=700%2C400 2x, https:\/\/i0.wp.com\/puuhamari.fi\/wp-content\/uploads\/2022\/11\/013-_HR_211002_0552-Edit-B2.jpg?fit=1200%2C1200&ssl=1&resize=1050%2C600 3x"},"classes":[]}],"_links":{"self":[{"href":"https:\/\/puuhamari.fi\/index.php?rest_route=\/wp\/v2\/product\/2977","targetHints":{"allow":["GET"]}}],"collection":[{"href":"https:\/\/puuhamari.fi\/index.php?rest_route=\/wp\/v2\/product"}],"about":[{"href":"https:\/\/puuhamari.fi\/index.php?rest_route=\/wp\/v2\/types\/product"}],"replies":[{"embeddable":true,"href":"https:\/\/puuhamari.fi\/index.php?rest_route=%2Fwp%2Fv2%2Fcomments&post=2977"}],"version-history":[{"count":1,"href":"https:\/\/puuhamari.fi\/index.php?rest_route=\/wp\/v2\/product\/2977\/revisions"}],"predecessor-version":[{"id":7379,"href":"https:\/\/puuhamari.fi\/index.php?rest_route=\/wp\/v2\/product\/2977\/revisions\/7379"}],"wp:featuredmedia":[{"embeddable":true,"href":"https:\/\/puuhamari.fi\/index.php?rest_route=\/wp\/v2\/media\/2978"}],"wp:attachment":[{"href":"https:\/\/puuhamari.fi\/index.php?rest_route=%2Fwp%2Fv2%2Fmedia&parent=2977"}],"wp:term":[{"taxonomy":"product_brand","embeddable":true,"href":"https:\/\/puuhamari.fi\/index.php?rest_route=%2Fwp%2Fv2%2Fproduct_brand&post=2977"},{"taxonomy":"product_cat","embeddable":true,"href":"https:\/\/puuhamari.fi\/index.php?rest_route=%2Fwp%2Fv2%2Fproduct_cat&post=2977"},{"taxonomy":"product_tag","embeddable":true,"href":"https:\/\/puuhamari.fi\/index.php?rest_route=%2Fwp%2Fv2%2Fproduct_tag&post=2977"}],"curies":[{"name":"wp","href":"https:\/\/api.w.org\/{rel}","templated":true}]}}