{"id":3024,"date":"2022-03-19T02:23:04","date_gmt":"2022-03-19T02:23:04","guid":{"rendered":"https:\/\/puuhatarhanputiikki.fi\/?post_type=product&#038;p=3024"},"modified":"2025-09-18T19:00:26","modified_gmt":"2025-09-18T16:00:26","slug":"pearl-metallimaali","status":"publish","type":"product","link":"https:\/\/puuhamari.fi\/?product=pearl-metallimaali","title":{"rendered":"Pearl &#8211; metallimaali"},"content":{"rendered":"<p>Fusion\u2122 maalien kuvaus: <a href=\"https:\/\/puuhamari.fi\/?p=5842\" target=\"_blank\" rel=\"noopener\">lue t\u00e4\u00e4lt\u00e4.<\/a><\/p>\n<p>&nbsp;<\/p>\n<div class=\"entry-content-asset videofit\">\n<div class=\"jetpack-video-wrapper\"><iframe title=\"All About Metallic Paints | Fusion\u2122 Mineral Paint\" width=\"720\" height=\"405\" src=\"https:\/\/www.youtube.com\/embed\/jKDNtfafNTM?feature=oembed\" frameborder=\"0\" allow=\"accelerometer; autoplay; clipboard-write; encrypted-media; gyroscope; picture-in-picture; web-share\" referrerpolicy=\"strict-origin-when-cross-origin\" allowfullscreen><\/iframe><\/div>\n<\/div>\n","protected":false},"excerpt":{"rendered":"<p>Kaunis helmi\u00e4ishohtoinen metallimaali saa takuuvarmasti katsojat ihastuksen valtaan! Voit k\u00e4ytt\u00e4\u00e4 &#8220;helmi\u00e4ist\u00e4&#8221; k\u00e4yt\u00e4nn\u00f6ss\u00e4 mink\u00e4 tahansa maaliv\u00e4rin parina; vaaleisiin s\u00e4vyihin yhdistettyn\u00e4 se lis\u00e4\u00e4 kalusteeseen\/koristeeseen siev\u00e4\u00e4 suloisuutta tai hienostunutta tyylikkyytt\u00e4, kun taas hieman tummempiin s\u00e4vyihin se voi tuoda suoranaista dramatiikkaa&#8230;<\/p>\n<p>Kaikkien Fusionin METALLIMAALIEN riittoisuus on n. 12 m\u00b2\/litra. N\u00e4in ollen 250 ml purkki riitt\u00e4\u00e4 n. 3 m\u00b2:n alalle, ja pieni 37 ml purkki n. 0,5 m\u00b2:lle.<br \/>\nSuomeksi sanottuna: pikkupurkilla maalaat (koosta riippuen tietty) kymmenisen valokuvakehyst\u00e4, ja isommalla teet muodonmuutoksen vaikka parille y\u00f6p\u00f6yd\u00e4lle!<\/p>\n","protected":false},"author":1,"featured_media":6483,"comment_status":"open","ping_status":"closed","template":"","meta":{"advgb_blocks_editor_width":"","advgb_blocks_columns_visual_guide":"","advanced_seo_description":"","jetpack_seo_html_title":"","jetpack_seo_noindex":false,"_kad_post_transparent":"default","_kad_post_title":"","_kad_post_layout":"default","_kad_post_sidebar_id":"","_kad_post_content_style":"default","_kad_post_vertical_padding":"default","_kad_post_feature":"","_kad_post_feature_position":"","_kad_post_header":false,"_kad_post_footer":false,"_kad_post_classname":"","jetpack_post_was_ever_published":false},"product_brand":[],"product_cat":[282],"product_tag":[],"class_list":{"0":"post-3024","1":"product","2":"type-product","3":"status-publish","4":"has-post-thumbnail","6":"product_cat-fusion-metallimaalit","8":"first","9":"instock","10":"taxable","11":"shipping-taxable","12":"purchasable","13":"product-type-variable","14":"entry","15":"content-bg","16":"loop-entry"},"featured_img":"https:\/\/puuhamari.fi\/wp-content\/uploads\/2023\/07\/Pearl-1-FMP.png","coauthors":[],"author_meta":{"author_link":"https:\/\/puuhamari.fi\/?author=1","display_name":"PuuhaMari"},"relative_dates":{"created":"Julkaistu 4 vuotta sitten","modified":"P\u00e4ivitetty 7 kuukautta sitten"},"absolute_dates":{"created":"Julkaistu 19 maaliskuun, 2022","modified":"P\u00e4ivitetty 18 syyskuun, 2025"},"absolute_dates_time":{"created":"Julkaistu 19 maaliskuun, 2022 2:23 am","modified":"P\u00e4ivitetty 18 syyskuun, 2025 7:00 pm"},"featured_img_caption":"","tax_additional":{"product_brand":{"linked":[],"unlinked":[],"slug":"product_brand","name":"Br\u00e4ndit"},"product_type":{"linked":["<a href=\"https:\/\/puuhamari.fi\/?taxonomy=product_type&#038;term=variable\" class=\"advgb-post-tax-term\">variable<\/a>"],"unlinked":["<span class=\"advgb-post-tax-term\">variable<\/span>"],"slug":"product_type","name":"Tuotetyyppi"},"product_visibility":{"linked":[],"unlinked":[],"slug":"product_visibility","name":"Tuotteen n\u00e4kyvyys"},"product_cat":{"linked":["<a href=\"https:\/\/puuhamari.fi\/?product_cat=fusion-metallimaalit\" class=\"advgb-post-tax-term\">Fusion metallimaalit<\/a>"],"unlinked":["<span class=\"advgb-post-tax-term\">Fusion metallimaalit<\/span>"],"slug":"product_cat","name":"Osastot"},"product_tag":{"linked":[],"unlinked":[],"slug":"product_tag","name":"Avainsanat tuotteelle"},"product_shipping_class":{"linked":[],"unlinked":[],"slug":"product_shipping_class","name":"Tuotteen toimitusluokat"},"pos_product_visibility":{"linked":[],"unlinked":[],"slug":"pos_product_visibility","name":"POS Product visibility"},"pa_arkin-koko":{"linked":[],"unlinked":[],"slug":"pa_arkin-koko","name":"Tuote Arkin koko"},"pa_hiomatyynyn-karkeus":{"linked":[],"unlinked":[],"slug":"pa_hiomatyynyn-karkeus","name":"Tuote Hiomatyynyn karkeus"},"pa_kehys":{"linked":[],"unlinked":[],"slug":"pa_kehys","name":"Tuote Kehys"},"pa_kuvion-nro":{"linked":[],"unlinked":[],"slug":"pa_kuvion-nro","name":"Tuote Kuvion nro"},"pa_littean-pensselin-koko":{"linked":[],"unlinked":[],"slug":"pa_littean-pensselin-koko","name":"Tuote Litte\u00e4n pensselin koko"},"pa_maalivari":{"linked":[],"unlinked":[],"slug":"pa_maalivari","name":"Tuote Maaliv\u00e4ri"},"pa_palatapettien-lkm":{"linked":[],"unlinked":[],"slug":"pa_palatapettien-lkm","name":"Tuote Palatapettien lkm"},"pa_purkin-koko":{"linked":["<a href=\"https:\/\/puuhamari.fi\/?taxonomy=pa_purkin-koko&#038;term=250-ml\" class=\"advgb-post-tax-term\">250 ml<\/a>","<a href=\"https:\/\/puuhamari.fi\/?taxonomy=pa_purkin-koko&#038;term=37-ml\" class=\"advgb-post-tax-term\">37 ml<\/a>"],"unlinked":["<span class=\"advgb-post-tax-term\">250 ml<\/span>","<span class=\"advgb-post-tax-term\">37 ml<\/span>"],"slug":"pa_purkin-koko","name":"Tuote Purkin koko"},"pa_sapluunan-koko":{"linked":[],"unlinked":[],"slug":"pa_sapluunan-koko","name":"Tuote Sapluunan koko"},"pa_tabletti":{"linked":[],"unlinked":[],"slug":"pa_tabletti","name":"Tuote Tabletti"},"pa_valitse-sisalto":{"linked":[],"unlinked":[],"slug":"pa_valitse-sisalto","name":"Tuote Valitse sis\u00e4lt\u00f6"},"pa_varjostin":{"linked":[],"unlinked":[],"slug":"pa_varjostin","name":"Tuote Varjostin"}},"series_order":"","jetpack_sharing_enabled":true,"jetpack_likes_enabled":true,"jetpack-related-posts":[{"id":3008,"url":"https:\/\/puuhamari.fi\/?product=champagne-gold-37-ml-metallimaali","url_meta":{"origin":3024,"position":0},"title":"Champagne Gold &#8211; metallimaali","author":"PuuhaMari","date":"19 maaliskuun, 2022","format":false,"excerpt":"\"Shampanjakulta\" metallimaali on moderni, hienostunut versio perinteisest\u00e4 kullasta. Valitse t\u00e4m\u00e4 s\u00e4vy silloin kun et halua perinteisen kullan \"raskasta\" ilmett\u00e4, vaan s\u00e4vyn joka on kevyempi ja huolettomampi. Kaikkien Fusionin METALLIMAALIEN riittoisuus on n. 12 m\u00b2\/litra. N\u00e4in ollen 250 ml purkki riitt\u00e4\u00e4 n. 3 m\u00b2:n alalle, ja pieni 37 ml purkki n.\u2026","rel":"","context":"With 3 comments","block_context":{"text":"With 3 comments","link":"https:\/\/puuhamari.fi\/?product=champagne-gold-37-ml-metallimaali#comments"},"img":{"alt_text":"","src":"https:\/\/i0.wp.com\/puuhamari.fi\/wp-content\/uploads\/2023\/07\/Champagne-Gold-1-FMP.png?fit=847%2C848&ssl=1&resize=350%2C200","width":350,"height":200,"srcset":"https:\/\/i0.wp.com\/puuhamari.fi\/wp-content\/uploads\/2023\/07\/Champagne-Gold-1-FMP.png?fit=847%2C848&ssl=1&resize=350%2C200 1x, https:\/\/i0.wp.com\/puuhamari.fi\/wp-content\/uploads\/2023\/07\/Champagne-Gold-1-FMP.png?fit=847%2C848&ssl=1&resize=525%2C300 1.5x, https:\/\/i0.wp.com\/puuhamari.fi\/wp-content\/uploads\/2023\/07\/Champagne-Gold-1-FMP.png?fit=847%2C848&ssl=1&resize=700%2C400 2x"},"classes":[]},{"id":4594,"url":"https:\/\/puuhamari.fi\/?product=bronze-metallimaali","url_meta":{"origin":3024,"position":1},"title":"Bronze &#8211; metallimaali","author":"PuuhaMari","date":"17 elokuun, 2022","format":false,"excerpt":"Yksi monista pronssin mahdollisista v\u00e4reist\u00e4. Syv\u00e4n t\u00e4ytel\u00e4inen s\u00e4vy, joka takuuvarmasti tuo ylenpalttisen ruhtinaallista tunnelmaa sisustukseen. Kaikkien Fusionin METALLIMAALIEN riittoisuus on n. 12 m\u00b2\/litra. N\u00e4in ollen 250 ml purkki riitt\u00e4\u00e4 n. 3 m\u00b2:n alalle, ja pieni 37 ml purkki n. 0,5 m\u00b2:lle. Suomeksi sanottuna: pikkupurkilla maalaat (koosta riippuen tietty) kymmenisen valokuvakehyst\u00e4,\u2026","rel":"","context":"Samankaltainen artikkeli","block_context":{"text":"Samankaltainen artikkeli","link":""},"img":{"alt_text":"","src":"https:\/\/i0.wp.com\/puuhamari.fi\/wp-content\/uploads\/2022\/08\/Bronze-FMP.png?fit=780%2C565&ssl=1&resize=350%2C200","width":350,"height":200,"srcset":"https:\/\/i0.wp.com\/puuhamari.fi\/wp-content\/uploads\/2022\/08\/Bronze-FMP.png?fit=780%2C565&ssl=1&resize=350%2C200 1x, https:\/\/i0.wp.com\/puuhamari.fi\/wp-content\/uploads\/2022\/08\/Bronze-FMP.png?fit=780%2C565&ssl=1&resize=525%2C300 1.5x, https:\/\/i0.wp.com\/puuhamari.fi\/wp-content\/uploads\/2022\/08\/Bronze-FMP.png?fit=780%2C565&ssl=1&resize=700%2C400 2x"},"classes":[]},{"id":3036,"url":"https:\/\/puuhamari.fi\/?product=vintage-gold-metallimaali","url_meta":{"origin":3024,"position":2},"title":"Vintage Gold &#8211; metallimaali","author":"PuuhaMari","date":"19 maaliskuun, 2022","format":false,"excerpt":"\"Antiikkikulta.\" Silloin kun kaipaat kalusteellesi (tai sen vetimiin) ik\u00e4\u00e4ntynytt\u00e4 ilmett\u00e4, joka kertoo sen ylitt\u00e4neen vuosikymmenten tai jopa -satojen asettamia rajoja: t\u00e4m\u00e4 s\u00e4vy on oikea valinta sinulle. Kaikkien Fusionin METALLIMAALIEN riittoisuus on n. 12 m\u00b2\/litra. N\u00e4in ollen 250 ml purkki riitt\u00e4\u00e4 n. 3 m\u00b2:n alalle, ja pieni 37 ml purkki n.\u2026","rel":"","context":"With 1 comment","block_context":{"text":"With 1 comment","link":"https:\/\/puuhamari.fi\/?product=vintage-gold-metallimaali#comments"},"img":{"alt_text":"","src":"https:\/\/i0.wp.com\/puuhamari.fi\/wp-content\/uploads\/2022\/03\/Vintagegold-1-FMP.png?fit=849%2C848&ssl=1&resize=350%2C200","width":350,"height":200,"srcset":"https:\/\/i0.wp.com\/puuhamari.fi\/wp-content\/uploads\/2022\/03\/Vintagegold-1-FMP.png?fit=849%2C848&ssl=1&resize=350%2C200 1x, https:\/\/i0.wp.com\/puuhamari.fi\/wp-content\/uploads\/2022\/03\/Vintagegold-1-FMP.png?fit=849%2C848&ssl=1&resize=525%2C300 1.5x, https:\/\/i0.wp.com\/puuhamari.fi\/wp-content\/uploads\/2022\/03\/Vintagegold-1-FMP.png?fit=849%2C848&ssl=1&resize=700%2C400 2x"},"classes":[]},{"id":3125,"url":"https:\/\/puuhamari.fi\/?product=copper-metallimaali","url_meta":{"origin":3024,"position":3},"title":"Copper &#8211; metallimaali","author":"PuuhaMari","date":"3 huhtikuun, 2022","format":false,"excerpt":"Syk\u00e4hdytt\u00e4v\u00e4 poltetun siennan s\u00e4vyinen \"kupari\" on Fusionin eniten myyty metallimaali! Kaikkien Fusionin METALLIMAALIEN riittoisuus on n. 12 m\u00b2\/litra. N\u00e4in ollen 250 ml purkki riitt\u00e4\u00e4 n. 3 m\u00b2:n alalle, ja pieni 37 ml purkki n. 0,5 m\u00b2:lle. Suomeksi sanottuna: pikkupurkilla maalaat (koosta riippuen tietty) kymmenisen valokuvakehyst\u00e4, ja isommalla teet muodonmuutoksen vaikka\u2026","rel":"","context":"Samankaltainen artikkeli","block_context":{"text":"Samankaltainen artikkeli","link":""},"img":{"alt_text":"","src":"https:\/\/i0.wp.com\/puuhamari.fi\/wp-content\/uploads\/2022\/04\/Copper-1-FMP.png?fit=849%2C849&ssl=1&resize=350%2C200","width":350,"height":200,"srcset":"https:\/\/i0.wp.com\/puuhamari.fi\/wp-content\/uploads\/2022\/04\/Copper-1-FMP.png?fit=849%2C849&ssl=1&resize=350%2C200 1x, https:\/\/i0.wp.com\/puuhamari.fi\/wp-content\/uploads\/2022\/04\/Copper-1-FMP.png?fit=849%2C849&ssl=1&resize=525%2C300 1.5x, https:\/\/i0.wp.com\/puuhamari.fi\/wp-content\/uploads\/2022\/04\/Copper-1-FMP.png?fit=849%2C849&ssl=1&resize=700%2C400 2x"},"classes":[]},{"id":3035,"url":"https:\/\/puuhamari.fi\/?product=rose-gold-metallimaali","url_meta":{"origin":3024,"position":4},"title":"Rose Gold &#8211; metallimaali","author":"PuuhaMari","date":"19 maaliskuun, 2022","format":false,"excerpt":"\"Ruusukullalla\"\u00a0 maalaat ihastuttavan pehme\u00e4n v\u00e4risi\u00e4 koristeosuuksia vaikkapa sivu- tai y\u00f6p\u00f6yt\u00e4\u00e4n, tai kauniin yksityiskohtaisia sapluunakuvioita raikkaan valkoiselle pohjalle. Tai ent\u00e4s sen kirpputorilta l\u00f6yt\u00e4m\u00e4si vanhan peilin kehykset - kaipaisivatko ne hiukan modernimpaa eleganssia? Huom! S\u00e4vy on poistumassa Fusion\u2122 Mineral Paint:in kokoelmasta, joten sit\u00e4 on saatavilla vain niin kauan kuin tukussa purkkeja riitt\u00e4\u00e4.\u2026","rel":"","context":"Samankaltainen artikkeli","block_context":{"text":"Samankaltainen artikkeli","link":""},"img":{"alt_text":"","src":"https:\/\/i0.wp.com\/puuhamari.fi\/wp-content\/uploads\/2023\/07\/Rosegold-1-FMP.png?fit=850%2C563&ssl=1&resize=350%2C200","width":350,"height":200,"srcset":"https:\/\/i0.wp.com\/puuhamari.fi\/wp-content\/uploads\/2023\/07\/Rosegold-1-FMP.png?fit=850%2C563&ssl=1&resize=350%2C200 1x, https:\/\/i0.wp.com\/puuhamari.fi\/wp-content\/uploads\/2023\/07\/Rosegold-1-FMP.png?fit=850%2C563&ssl=1&resize=525%2C300 1.5x, https:\/\/i0.wp.com\/puuhamari.fi\/wp-content\/uploads\/2023\/07\/Rosegold-1-FMP.png?fit=850%2C563&ssl=1&resize=700%2C400 2x"},"classes":[]},{"id":6405,"url":"https:\/\/puuhamari.fi\/?product=gold-metallimaali","url_meta":{"origin":3024,"position":5},"title":"Gold &#8211; metallimaali","author":"PuuhaMari","date":"4 hein\u00e4kuun, 2023","format":false,"excerpt":"Fusionin kultainen metallimaali on s\u00e4ihkyv\u00e4mpi kuin suurin osa heid\u00e4n muista metallimaaleistaan. Se on erityisen paikallaan silloin kun stailataan erilaisia sisustusartikkeleita. Kaikkien Fusionin METALLIMAALIEN riittoisuus on n. 12 m\u00b2\/litra. N\u00e4in ollen 250 ml purkki riitt\u00e4\u00e4 n. 3 m\u00b2:n alalle, ja pieni 37 ml purkki n. 0,5 m\u00b2:lle. Suomeksi sanottuna: pikkupurkilla maalaat\u2026","rel":"","context":"With 4 comments","block_context":{"text":"With 4 comments","link":"https:\/\/puuhamari.fi\/?product=gold-metallimaali#comments"},"img":{"alt_text":"","src":"https:\/\/i0.wp.com\/puuhamari.fi\/wp-content\/uploads\/2023\/07\/Gold-1-FMP.png?fit=849%2C849&ssl=1&resize=350%2C200","width":350,"height":200,"srcset":"https:\/\/i0.wp.com\/puuhamari.fi\/wp-content\/uploads\/2023\/07\/Gold-1-FMP.png?fit=849%2C849&ssl=1&resize=350%2C200 1x, https:\/\/i0.wp.com\/puuhamari.fi\/wp-content\/uploads\/2023\/07\/Gold-1-FMP.png?fit=849%2C849&ssl=1&resize=525%2C300 1.5x, https:\/\/i0.wp.com\/puuhamari.fi\/wp-content\/uploads\/2023\/07\/Gold-1-FMP.png?fit=849%2C849&ssl=1&resize=700%2C400 2x"},"classes":[]}],"_links":{"self":[{"href":"https:\/\/puuhamari.fi\/index.php?rest_route=\/wp\/v2\/product\/3024","targetHints":{"allow":["GET"]}}],"collection":[{"href":"https:\/\/puuhamari.fi\/index.php?rest_route=\/wp\/v2\/product"}],"about":[{"href":"https:\/\/puuhamari.fi\/index.php?rest_route=\/wp\/v2\/types\/product"}],"replies":[{"embeddable":true,"href":"https:\/\/puuhamari.fi\/index.php?rest_route=%2Fwp%2Fv2%2Fcomments&post=3024"}],"version-history":[{"count":1,"href":"https:\/\/puuhamari.fi\/index.php?rest_route=\/wp\/v2\/product\/3024\/revisions"}],"predecessor-version":[{"id":9270,"href":"https:\/\/puuhamari.fi\/index.php?rest_route=\/wp\/v2\/product\/3024\/revisions\/9270"}],"wp:featuredmedia":[{"embeddable":true,"href":"https:\/\/puuhamari.fi\/index.php?rest_route=\/wp\/v2\/media\/6483"}],"wp:attachment":[{"href":"https:\/\/puuhamari.fi\/index.php?rest_route=%2Fwp%2Fv2%2Fmedia&parent=3024"}],"wp:term":[{"taxonomy":"product_brand","embeddable":true,"href":"https:\/\/puuhamari.fi\/index.php?rest_route=%2Fwp%2Fv2%2Fproduct_brand&post=3024"},{"taxonomy":"product_cat","embeddable":true,"href":"https:\/\/puuhamari.fi\/index.php?rest_route=%2Fwp%2Fv2%2Fproduct_cat&post=3024"},{"taxonomy":"product_tag","embeddable":true,"href":"https:\/\/puuhamari.fi\/index.php?rest_route=%2Fwp%2Fv2%2Fproduct_tag&post=3024"}],"curies":[{"name":"wp","href":"https:\/\/api.w.org\/{rel}","templated":true}]}}