{"id":3162,"date":"2022-04-04T18:24:55","date_gmt":"2022-04-04T18:24:55","guid":{"rendered":"https:\/\/puuhatarhanputiikki.fi\/?post_type=product&#038;p=3162"},"modified":"2025-09-05T04:36:28","modified_gmt":"2025-09-05T01:36:28","slug":"zibra-palm-pro-reunuspensseli","status":"publish","type":"product","link":"https:\/\/puuhamari.fi\/?product=zibra-palm-pro-reunuspensseli","title":{"rendered":"Zibra &#8211; Palm Pro reunuspensseli"},"content":{"rendered":"<ul>\n<li>Markkinoiden ainoa &#8220;k\u00e4den jatkeeksi&#8221; suunniteltu kahva!<\/li>\n<li>Parempi pensselinhallinta<\/li>\n<li>T\u00e4ydellinen ahtaissa kohteissa<\/li>\n<li>Rakenteessa alumiinivahvike<\/li>\n<li>Harjaosassa 25% enemm\u00e4n erikoisvalmisteisia valkoisia s\u00e4ikeit\u00e4<\/li>\n<li>S\u00e4ikeiden haarotetut mikrok\u00e4rjet poimivat mukaansa &amp; luovuttavat maksimaalisen m\u00e4\u00e4r\u00e4n maalia jokaisella pensselin upotuksella\/vedolla<\/li>\n<\/ul>\n","protected":false},"excerpt":{"rendered":"<div class=\"application_list good_for\">\n<p>PuuhaMari on nyt alkanut saada Palm Pro -sarjan pensseleist\u00e4 kiitoksia erityisesti niilt\u00e4 asiakkailta, joiden ranteet\/sormet\/k\u00e4det v\u00e4syv\u00e4t herk\u00e4sti tavallista varsipensseli\u00e4 heilutellessa!<\/p>\n<p>Palm Pro -pensselien kahvan suunnittelussa johtavana ajatuksena on ollut, ett\u00e4 pensselin tulee mukautua maalarin k\u00e4teen &#8211; ei toisin p\u00e4in. Unohda siis perinteinen kyn\u00e4ote; ainutlaatuisen muotoilunsa ansiosta Palm Pro -sarjan pensselit toimivat <em>k\u00e4sivartesi jatkeena<\/em>, ja istuvat mukavasti k\u00e4mmenell\u00e4, jolloin pensselin k\u00e4\u00e4ntely sujuu helpon notkeasti.<\/p>\n<p>K\u00e4ytt\u00f6kohteita:<\/p>\n<ul>\n<li>kapeita yksityiskohtia sis\u00e4lt\u00e4v\u00e4t kalusteet<\/li>\n<li>vaikeasti tavoitettavat kohteet<\/li>\n<li>tarkkuutta vaativat kohteet<\/li>\n<li>listojen ja karmien reunukset<\/li>\n<\/ul>\n<p>Palm Pro reunuspensselill\u00e4 maalaat erityisen k\u00e4tev\u00e4sti kalusteiden ahtaat sis\u00e4nurkat, ikkunan- ja ovenkarmien <em>vierustat<\/em>, sek\u00e4 muut tarkkuutta ja suoraa k\u00e4denj\u00e4lke\u00e4 kaipaavat kohteet. Sinun ei siis en\u00e4\u00e4 tarvitse kietoa maalauskohdettasi sataan metriin maalarinteippi\u00e4 tehd\u00e4ksesi kaunista suoraa linjaa&#8230; \ud83d\ude09<\/p>\n<p>PUUHAMARIN UUTUUS: Palm Pro yleispensseli, jonka harjasosassa on s\u00e4ikeit\u00e4 v\u00e4h\u00e4n paksummalti, kuin t\u00e4ss\u00e4 reunus-\/kalustepensseliss\u00e4. Lue lis\u00e4\u00e4 <a href=\"https:\/\/puuhamari.fi\/?product=zibra-palm-pro-lista-yleispensseli\">uutuudestamme t\u00e4\u00e4lt\u00e4.<\/a><\/p>\n<\/div>\n","protected":false},"author":1,"featured_media":3147,"comment_status":"open","ping_status":"closed","template":"","meta":{"advgb_blocks_editor_width":"","advgb_blocks_columns_visual_guide":"","advanced_seo_description":"","jetpack_seo_html_title":"","jetpack_seo_noindex":false,"_kad_post_transparent":"default","_kad_post_title":"","_kad_post_layout":"default","_kad_post_sidebar_id":"","_kad_post_content_style":"default","_kad_post_vertical_padding":"default","_kad_post_feature":"","_kad_post_feature_position":"","_kad_post_header":false,"_kad_post_footer":false,"_kad_post_classname":"","jetpack_post_was_ever_published":false},"product_brand":[],"product_cat":[308],"product_tag":[1058,314,150,1102,311],"class_list":{"0":"post-3162","1":"product","2":"type-product","3":"status-publish","4":"has-post-thumbnail","6":"product_cat-pensselit-tyokalut","7":"product_tag-kalustepensseli","8":"product_tag-palm-pro","9":"product_tag-pensseli","10":"product_tag-reunuspensseli","11":"product_tag-zibra","13":"first","14":"instock","15":"taxable","16":"shipping-taxable","17":"purchasable","18":"product-type-simple","19":"entry","20":"content-bg","21":"loop-entry"},"featured_img":"https:\/\/puuhamari.fi\/wp-content\/uploads\/2022\/04\/2_PP-Comfort-Cut-In-Furniture.jpg","coauthors":[],"author_meta":{"author_link":"https:\/\/puuhamari.fi\/?author=1","display_name":"PuuhaMari"},"relative_dates":{"created":"Julkaistu 4 vuotta sitten","modified":"P\u00e4ivitetty 8 kuukautta sitten"},"absolute_dates":{"created":"Julkaistu 4 huhtikuun, 2022","modified":"P\u00e4ivitetty 5 syyskuun, 2025"},"absolute_dates_time":{"created":"Julkaistu 4 huhtikuun, 2022 6:24 pm","modified":"P\u00e4ivitetty 5 syyskuun, 2025 4:36 am"},"featured_img_caption":"","tax_additional":{"product_brand":{"linked":[],"unlinked":[],"slug":"product_brand","name":"Br\u00e4ndit"},"product_type":{"linked":["<a href=\"https:\/\/puuhamari.fi\/?taxonomy=product_type&#038;term=simple\" class=\"advgb-post-tax-term\">simple<\/a>"],"unlinked":["<span class=\"advgb-post-tax-term\">simple<\/span>"],"slug":"product_type","name":"Tuotetyyppi"},"product_visibility":{"linked":["<a href=\"https:\/\/puuhamari.fi\/?taxonomy=product_visibility&#038;term=rated-5\" class=\"advgb-post-tax-term\">rated-5<\/a>"],"unlinked":["<span class=\"advgb-post-tax-term\">rated-5<\/span>"],"slug":"product_visibility","name":"Tuotteen n\u00e4kyvyys"},"product_cat":{"linked":["<a href=\"https:\/\/puuhamari.fi\/?product_cat=pensselit-tyokalut\" class=\"advgb-post-tax-term\">Pensselit<\/a>"],"unlinked":["<span class=\"advgb-post-tax-term\">Pensselit<\/span>"],"slug":"product_cat","name":"Osastot"},"product_tag":{"linked":["<a href=\"https:\/\/puuhamari.fi\/?product_tag=kalustepensseli\" class=\"advgb-post-tax-term\">Kalustepensseli<\/a>","<a href=\"https:\/\/puuhamari.fi\/?product_tag=palm-pro\" class=\"advgb-post-tax-term\">Palm Pro<\/a>","<a href=\"https:\/\/puuhamari.fi\/?product_tag=pensseli\" class=\"advgb-post-tax-term\">Pensseli<\/a>","<a href=\"https:\/\/puuhamari.fi\/?product_tag=reunuspensseli\" class=\"advgb-post-tax-term\">Reunuspensseli<\/a>","<a href=\"https:\/\/puuhamari.fi\/?product_tag=zibra\" class=\"advgb-post-tax-term\">Zibra<\/a>"],"unlinked":["<span class=\"advgb-post-tax-term\">Kalustepensseli<\/span>","<span class=\"advgb-post-tax-term\">Palm Pro<\/span>","<span class=\"advgb-post-tax-term\">Pensseli<\/span>","<span class=\"advgb-post-tax-term\">Reunuspensseli<\/span>","<span class=\"advgb-post-tax-term\">Zibra<\/span>"],"slug":"product_tag","name":"Avainsanat tuotteelle"},"product_shipping_class":{"linked":[],"unlinked":[],"slug":"product_shipping_class","name":"Tuotteen toimitusluokat"},"pos_product_visibility":{"linked":[],"unlinked":[],"slug":"pos_product_visibility","name":"POS Product visibility"},"pa_arkin-koko":{"linked":[],"unlinked":[],"slug":"pa_arkin-koko","name":"Tuote Arkin koko"},"pa_hiomatyynyn-karkeus":{"linked":[],"unlinked":[],"slug":"pa_hiomatyynyn-karkeus","name":"Tuote Hiomatyynyn karkeus"},"pa_kehys":{"linked":[],"unlinked":[],"slug":"pa_kehys","name":"Tuote Kehys"},"pa_kuvion-nro":{"linked":[],"unlinked":[],"slug":"pa_kuvion-nro","name":"Tuote Kuvion nro"},"pa_littean-pensselin-koko":{"linked":[],"unlinked":[],"slug":"pa_littean-pensselin-koko","name":"Tuote Litte\u00e4n pensselin koko"},"pa_maalivari":{"linked":[],"unlinked":[],"slug":"pa_maalivari","name":"Tuote Maaliv\u00e4ri"},"pa_palatapettien-lkm":{"linked":[],"unlinked":[],"slug":"pa_palatapettien-lkm","name":"Tuote Palatapettien lkm"},"pa_purkin-koko":{"linked":[],"unlinked":[],"slug":"pa_purkin-koko","name":"Tuote Purkin koko"},"pa_sapluunan-koko":{"linked":[],"unlinked":[],"slug":"pa_sapluunan-koko","name":"Tuote Sapluunan koko"},"pa_tabletti":{"linked":[],"unlinked":[],"slug":"pa_tabletti","name":"Tuote Tabletti"},"pa_valitse-sisalto":{"linked":[],"unlinked":[],"slug":"pa_valitse-sisalto","name":"Tuote Valitse sis\u00e4lt\u00f6"},"pa_varjostin":{"linked":[],"unlinked":[],"slug":"pa_varjostin","name":"Tuote Varjostin"}},"series_order":"","jetpack_sharing_enabled":true,"jetpack_likes_enabled":true,"jetpack-related-posts":[{"id":8473,"url":"https:\/\/puuhamari.fi\/?product=zibra-palm-pro-lista-yleispensseli","url_meta":{"origin":3162,"position":0},"title":"Zibra &#8211; Palm Pro yleispensseli","author":"PuuhaMari","date":"28 hein\u00e4kuun, 2024","format":false,"excerpt":"UUTUUS! K\u00e4ytt\u00f6kohteita: yleispensseli tasaisille pinnoille sokkelit, listat ja karmit ahtaat paikat, joihin normipensselin varsi ei mahdu Palm Pro Trim & Surface -pensseliss\u00e4 on paksu ja p\u00e4\u00e4st\u00e4\u00e4n tasainen harjasosa, jonka ansiosta se toimii erityisen mainiona yleispensselin\u00e4 sinulla, jolla k\u00e4det\/ranteet v\u00e4syv\u00e4t tai jopa kipeytyv\u00e4t helposti maalatessa!\u00a0 Palm Pro -sarjan pensselien suunnittelun johtavana\u2026","rel":"","context":"Samankaltainen artikkeli","block_context":{"text":"Samankaltainen artikkeli","link":""},"img":{"alt_text":"","src":"https:\/\/i0.wp.com\/puuhamari.fi\/wp-content\/uploads\/2024\/07\/2_PPtrimwhitemain_1000x%402x.jpg?fit=1000%2C1000&ssl=1&resize=350%2C200","width":350,"height":200,"srcset":"https:\/\/i0.wp.com\/puuhamari.fi\/wp-content\/uploads\/2024\/07\/2_PPtrimwhitemain_1000x%402x.jpg?fit=1000%2C1000&ssl=1&resize=350%2C200 1x, https:\/\/i0.wp.com\/puuhamari.fi\/wp-content\/uploads\/2024\/07\/2_PPtrimwhitemain_1000x%402x.jpg?fit=1000%2C1000&ssl=1&resize=525%2C300 1.5x, https:\/\/i0.wp.com\/puuhamari.fi\/wp-content\/uploads\/2024\/07\/2_PPtrimwhitemain_1000x%402x.jpg?fit=1000%2C1000&ssl=1&resize=700%2C400 2x"},"classes":[]},{"id":3381,"url":"https:\/\/puuhamari.fi\/?product=zibra-viuhkan-muotoinen-pensseli","url_meta":{"origin":3162,"position":1},"title":"Zibra &#8211; viuhkan muotoinen pensseli","author":"PuuhaMari","date":"23 toukokuun, 2022","format":false,"excerpt":"K\u00e4ytt\u00f6kohteita: listat ja karmit jyrsimell\u00e4 ty\u00f6stetyt urat kaikki tasaiset pinnat Erilaisia listoja ja karmeja l\u00f6ytyy monen muotoisina ja levyisin\u00e4. T\u00e4m\u00e4 UUSI viuhkamaisesti levittyv\u00e4 pensseli on suunniteltu niiden kaikkien nopeaan ja sujuvaan maalaamiseen. Harjasten pituus, sek\u00e4 suippeneva muoto saa pensselin levittym\u00e4\u00e4n pehme\u00e4sti kaikenlaisten muotojen ja urien ymp\u00e4rille\/sis\u00e4\u00e4n.\u00a0 Pensseliss\u00e4 on my\u00f6s k\u00e4ytt\u00f6mukavuutta\u2026","rel":"","context":"Samankaltainen artikkeli","block_context":{"text":"Samankaltainen artikkeli","link":""},"img":{"alt_text":"","src":"https:\/\/i0.wp.com\/puuhamari.fi\/wp-content\/uploads\/2022\/05\/FAN-Uritettu-muotoiltu-valettu-Mouldings-Routed-edges.jpg?fit=1000%2C1000&ssl=1&resize=350%2C200","width":350,"height":200,"srcset":"https:\/\/i0.wp.com\/puuhamari.fi\/wp-content\/uploads\/2022\/05\/FAN-Uritettu-muotoiltu-valettu-Mouldings-Routed-edges.jpg?fit=1000%2C1000&ssl=1&resize=350%2C200 1x, https:\/\/i0.wp.com\/puuhamari.fi\/wp-content\/uploads\/2022\/05\/FAN-Uritettu-muotoiltu-valettu-Mouldings-Routed-edges.jpg?fit=1000%2C1000&ssl=1&resize=525%2C300 1.5x, https:\/\/i0.wp.com\/puuhamari.fi\/wp-content\/uploads\/2022\/05\/FAN-Uritettu-muotoiltu-valettu-Mouldings-Routed-edges.jpg?fit=1000%2C1000&ssl=1&resize=700%2C400 2x"},"classes":[]},{"id":3160,"url":"https:\/\/puuhamari.fi\/?product=zibra-pyorea-pensseli","url_meta":{"origin":3162,"position":2},"title":"Zibra &#8211; py\u00f6re\u00e4 pensseli","author":"PuuhaMari","date":"4 huhtikuun, 2022","format":false,"excerpt":"K\u00e4ytt\u00f6kohteita: pinnatuolit\/-s\u00e4ngyt kaarevat ja py\u00f6re\u00e4t maalattavat koristekuviot Testien tuloksena kehitetty pensselimuoto, joka vie maalin juuri oikeisiin kohtiin maalatessasi mit\u00e4 tahansa py\u00f6re\u00e4\u00e4 tai sylinterin muotoista kohdetta. Mainio apulainen my\u00f6s maalattaessa erilaisten koristekuvioiden yksityiskohtia. T\u00e4m\u00e4 pehme\u00e4 pensseli levittyy kauniisti kohteen ymp\u00e4rille, ja j\u00e4tt\u00e4\u00e4 hienostuneen viimeistellyn j\u00e4ljen. Leveys 1\" (n. 2,5 cm).","rel":"","context":"With 2 comments","block_context":{"text":"With 2 comments","link":"https:\/\/puuhamari.fi\/?product=zibra-pyorea-pensseli#comments"},"img":{"alt_text":"","src":"https:\/\/i0.wp.com\/puuhamari.fi\/wp-content\/uploads\/2022\/04\/ROUND-Pyoreat-pinnat-yksityiskohdat-Spindles-Detail-Curved-surfaces.jpg?fit=1000%2C1000&ssl=1&resize=350%2C200","width":350,"height":200,"srcset":"https:\/\/i0.wp.com\/puuhamari.fi\/wp-content\/uploads\/2022\/04\/ROUND-Pyoreat-pinnat-yksityiskohdat-Spindles-Detail-Curved-surfaces.jpg?fit=1000%2C1000&ssl=1&resize=350%2C200 1x, https:\/\/i0.wp.com\/puuhamari.fi\/wp-content\/uploads\/2022\/04\/ROUND-Pyoreat-pinnat-yksityiskohdat-Spindles-Detail-Curved-surfaces.jpg?fit=1000%2C1000&ssl=1&resize=525%2C300 1.5x, https:\/\/i0.wp.com\/puuhamari.fi\/wp-content\/uploads\/2022\/04\/ROUND-Pyoreat-pinnat-yksityiskohdat-Spindles-Detail-Curved-surfaces.jpg?fit=1000%2C1000&ssl=1&resize=700%2C400 2x"},"classes":[]},{"id":3161,"url":"https:\/\/puuhamari.fi\/?product=zibra-nelio-pensseli","url_meta":{"origin":3162,"position":3},"title":"Zibra &#8211; neli\u00f6 pensseli","author":"PuuhaMari","date":"4 huhtikuun, 2022","format":false,"excerpt":"K\u00e4ytt\u00f6kohteita: ikkunaristikot erilaiset sein\u00e4listat tuolien karmit & jalat Tied\u00e4th\u00e4n ne pienet ja kapeat maalauskohteet, joiden suojateippaamisessa saatat tuskastella tuntikausia? T\u00e4ss\u00e4 on pelastajasi: kapea, neli\u00f6n muotoinen pensseli kiilamaisesti leikatulla k\u00e4rjell\u00e4. Se tekee ikkunaristikoiden ja vitriinikaappien maalaamisesta suorastaan nautinnollista! Monien suosikki t\u00e4ydellisen leveytens\u00e4 ja t\u00e4ytel\u00e4isen harjasosansa ansiosta. Saat v\u00e4hemmill\u00e4 upotuskerroilla nopeasti kauniin\u2026","rel":"","context":"Samankaltainen artikkeli","block_context":{"text":"Samankaltainen artikkeli","link":""},"img":{"alt_text":"","src":"https:\/\/i0.wp.com\/puuhamari.fi\/wp-content\/uploads\/2022\/04\/SQUARE-Ikkuna-ja-reunalistat-vitriinit-Windows-Ledges-Cabinetry.jpg?fit=1000%2C1000&ssl=1&resize=350%2C200","width":350,"height":200,"srcset":"https:\/\/i0.wp.com\/puuhamari.fi\/wp-content\/uploads\/2022\/04\/SQUARE-Ikkuna-ja-reunalistat-vitriinit-Windows-Ledges-Cabinetry.jpg?fit=1000%2C1000&ssl=1&resize=350%2C200 1x, https:\/\/i0.wp.com\/puuhamari.fi\/wp-content\/uploads\/2022\/04\/SQUARE-Ikkuna-ja-reunalistat-vitriinit-Windows-Ledges-Cabinetry.jpg?fit=1000%2C1000&ssl=1&resize=525%2C300 1.5x, https:\/\/i0.wp.com\/puuhamari.fi\/wp-content\/uploads\/2022\/04\/SQUARE-Ikkuna-ja-reunalistat-vitriinit-Windows-Ledges-Cabinetry.jpg?fit=1000%2C1000&ssl=1&resize=700%2C400 2x"},"classes":[]},{"id":4797,"url":"https:\/\/puuhamari.fi\/?product=ecobrush-brushkeeper-14","url_meta":{"origin":3162,"position":4},"title":"EcoBrush &#038; BrushKeeper 14","author":"PuuhaMari","date":"14 syyskuun, 2022","format":false,"excerpt":"UPEA KEKSINT\u00d6: pensselit pesev\u00e4t itse itsens\u00e4! Kierr\u00e4tett\u00e4vist\u00e4 materiaaleista valmistettu pensseli ja pidike. Sopivat sek\u00e4 vesiohenteisille, ett\u00e4 \u00f6ljymaaleille. Ly\u00f6m\u00e4t\u00f6n lahja maalarille\/tuunaajaalle!!! Lyhyen maalaustauon ajaksi voit laittaa pensselin pidikkeeseen, ja se pysyy ilmatiiviiss\u00e4 tilassa \"tuoreena\". Jos taas on aika l\u00e4hte\u00e4 lounaalle, t\u00f6ist\u00e4 kotiin, tai projektisi tuli valmiiksi: laita pidikkeeseen vett\u00e4 merkkiviivaan asti,\u2026","rel":"","context":"Samankaltainen artikkeli","block_context":{"text":"Samankaltainen artikkeli","link":""},"img":{"alt_text":"","src":"https:\/\/i0.wp.com\/puuhamari.fi\/wp-content\/uploads\/2022\/09\/brushkeeper-14-1-brushkeeper-deluxe-ecobrush-10.png?fit=1000%2C1000&ssl=1&resize=350%2C200","width":350,"height":200,"srcset":"https:\/\/i0.wp.com\/puuhamari.fi\/wp-content\/uploads\/2022\/09\/brushkeeper-14-1-brushkeeper-deluxe-ecobrush-10.png?fit=1000%2C1000&ssl=1&resize=350%2C200 1x, https:\/\/i0.wp.com\/puuhamari.fi\/wp-content\/uploads\/2022\/09\/brushkeeper-14-1-brushkeeper-deluxe-ecobrush-10.png?fit=1000%2C1000&ssl=1&resize=525%2C300 1.5x, https:\/\/i0.wp.com\/puuhamari.fi\/wp-content\/uploads\/2022\/09\/brushkeeper-14-1-brushkeeper-deluxe-ecobrush-10.png?fit=1000%2C1000&ssl=1&resize=700%2C400 2x"},"classes":[]},{"id":4804,"url":"https:\/\/puuhamari.fi\/?product=ecobrush-brushkeeper-10","url_meta":{"origin":3162,"position":5},"title":"EcoBrush &#038; BrushKeeper 10","author":"PuuhaMari","date":"14 syyskuun, 2022","format":false,"excerpt":"UPEA KEKSINT\u00d6: pensselit pesev\u00e4t itse itsens\u00e4! Kierr\u00e4tett\u00e4vist\u00e4 materiaaleista valmistettu pensseli ja pidike. Sopivat sek\u00e4 vesiohenteisille, ett\u00e4 \u00f6ljymaaleille. Ly\u00f6m\u00e4t\u00f6n lahja maalarille\/tuunaajaalle!!! Lyhyen maalaustauon ajaksi voit laittaa pensselin pidikkeeseen, ja se pysyy ilmatiiviiss\u00e4 tilassa \"tuoreena\". Jos taas on aika l\u00e4hte\u00e4 lounaalle, t\u00f6ist\u00e4 kotiin, tai projektisi tuli valmiiksi: laita pidikkeeseen vett\u00e4 merkkiviivaan asti,\u2026","rel":"","context":"With 1 comment","block_context":{"text":"With 1 comment","link":"https:\/\/puuhamari.fi\/?product=ecobrush-brushkeeper-10#comments"},"img":{"alt_text":"","src":"https:\/\/i0.wp.com\/puuhamari.fi\/wp-content\/uploads\/2022\/09\/brushkeeper-10-1-brushkeeper-deluxe-ecobrush-10.png?fit=1000%2C1000&ssl=1&resize=350%2C200","width":350,"height":200,"srcset":"https:\/\/i0.wp.com\/puuhamari.fi\/wp-content\/uploads\/2022\/09\/brushkeeper-10-1-brushkeeper-deluxe-ecobrush-10.png?fit=1000%2C1000&ssl=1&resize=350%2C200 1x, https:\/\/i0.wp.com\/puuhamari.fi\/wp-content\/uploads\/2022\/09\/brushkeeper-10-1-brushkeeper-deluxe-ecobrush-10.png?fit=1000%2C1000&ssl=1&resize=525%2C300 1.5x, https:\/\/i0.wp.com\/puuhamari.fi\/wp-content\/uploads\/2022\/09\/brushkeeper-10-1-brushkeeper-deluxe-ecobrush-10.png?fit=1000%2C1000&ssl=1&resize=700%2C400 2x"},"classes":[]}],"_links":{"self":[{"href":"https:\/\/puuhamari.fi\/index.php?rest_route=\/wp\/v2\/product\/3162","targetHints":{"allow":["GET"]}}],"collection":[{"href":"https:\/\/puuhamari.fi\/index.php?rest_route=\/wp\/v2\/product"}],"about":[{"href":"https:\/\/puuhamari.fi\/index.php?rest_route=\/wp\/v2\/types\/product"}],"replies":[{"embeddable":true,"href":"https:\/\/puuhamari.fi\/index.php?rest_route=%2Fwp%2Fv2%2Fcomments&post=3162"}],"version-history":[{"count":8,"href":"https:\/\/puuhamari.fi\/index.php?rest_route=\/wp\/v2\/product\/3162\/revisions"}],"predecessor-version":[{"id":8631,"href":"https:\/\/puuhamari.fi\/index.php?rest_route=\/wp\/v2\/product\/3162\/revisions\/8631"}],"wp:featuredmedia":[{"embeddable":true,"href":"https:\/\/puuhamari.fi\/index.php?rest_route=\/wp\/v2\/media\/3147"}],"wp:attachment":[{"href":"https:\/\/puuhamari.fi\/index.php?rest_route=%2Fwp%2Fv2%2Fmedia&parent=3162"}],"wp:term":[{"taxonomy":"product_brand","embeddable":true,"href":"https:\/\/puuhamari.fi\/index.php?rest_route=%2Fwp%2Fv2%2Fproduct_brand&post=3162"},{"taxonomy":"product_cat","embeddable":true,"href":"https:\/\/puuhamari.fi\/index.php?rest_route=%2Fwp%2Fv2%2Fproduct_cat&post=3162"},{"taxonomy":"product_tag","embeddable":true,"href":"https:\/\/puuhamari.fi\/index.php?rest_route=%2Fwp%2Fv2%2Fproduct_tag&post=3162"}],"curies":[{"name":"wp","href":"https:\/\/api.w.org\/{rel}","templated":true}]}}