{"id":3165,"date":"2022-04-04T18:49:47","date_gmt":"2022-04-04T18:49:47","guid":{"rendered":"https:\/\/puuhatarhanputiikki.fi\/?post_type=product&#038;p=3165"},"modified":"2026-03-19T14:34:46","modified_gmt":"2026-03-19T12:34:46","slug":"orb-pyorea-s","status":"publish","type":"product","link":"https:\/\/puuhamari.fi\/?product=orb-pyorea-s","title":{"rendered":"ORB &#8211; py\u00f6re\u00e4 S"},"content":{"rendered":"","protected":false},"excerpt":{"rendered":"<p>Hollannissa k\u00e4sity\u00f6n\u00e4 valmistettu py\u00f6re\u00e4k\u00e4rkinen pensseli. Sopii erityisen hyvin k\u00e4ytett\u00e4v\u00e4ksi vesiliukoisten maalien kanssa (Esim. Fusion\u2122 mineraalimaalit).<\/p>\n<p>S koko = R10, holkin leveys n. 2 cm, varren pituus 16 cm.<\/p>\n","protected":false},"author":1,"featured_media":3155,"comment_status":"open","ping_status":"closed","template":"","meta":{"advgb_blocks_editor_width":"","advgb_blocks_columns_visual_guide":"","advanced_seo_description":"","jetpack_seo_html_title":"","jetpack_seo_noindex":false,"_kad_post_transparent":"","_kad_post_title":"","_kad_post_layout":"","_kad_post_sidebar_id":"","_kad_post_content_style":"","_kad_post_vertical_padding":"","_kad_post_feature":"","_kad_post_feature_position":"","_kad_post_header":false,"_kad_post_footer":false,"_kad_post_classname":"","jetpack_post_was_ever_published":false},"product_brand":[],"product_cat":[308],"product_tag":[317,316,150,163],"class_list":{"0":"post-3165","1":"product","2":"type-product","3":"status-publish","4":"has-post-thumbnail","6":"product_cat-pensselit-tyokalut","7":"product_tag-old-red-barn","8":"product_tag-orb","9":"product_tag-pensseli","10":"product_tag-pyorea","12":"first","13":"instock","14":"taxable","15":"shipping-taxable","16":"purchasable","17":"product-type-simple","18":"entry","19":"content-bg","20":"loop-entry"},"featured_img":"https:\/\/puuhamari.fi\/wp-content\/uploads\/2022\/04\/orb-round-small.jpg","coauthors":[],"author_meta":{"author_link":"https:\/\/puuhamari.fi\/?author=1","display_name":"PuuhaMari"},"relative_dates":{"created":"Julkaistu 4 vuotta sitten","modified":"P\u00e4ivitetty 1 kuukausi sitten"},"absolute_dates":{"created":"Julkaistu 4 huhtikuun, 2022","modified":"P\u00e4ivitetty 19 maaliskuun, 2026"},"absolute_dates_time":{"created":"Julkaistu 4 huhtikuun, 2022 6:49 pm","modified":"P\u00e4ivitetty 19 maaliskuun, 2026 2:34 pm"},"featured_img_caption":"","tax_additional":{"product_brand":{"linked":[],"unlinked":[],"slug":"product_brand","name":"Br\u00e4ndit"},"product_type":{"linked":["<a href=\"https:\/\/puuhamari.fi\/?taxonomy=product_type&#038;term=simple\" class=\"advgb-post-tax-term\">simple<\/a>"],"unlinked":["<span class=\"advgb-post-tax-term\">simple<\/span>"],"slug":"product_type","name":"Tuotetyyppi"},"product_visibility":{"linked":[],"unlinked":[],"slug":"product_visibility","name":"Tuotteen n\u00e4kyvyys"},"product_cat":{"linked":["<a href=\"https:\/\/puuhamari.fi\/?product_cat=pensselit-tyokalut\" class=\"advgb-post-tax-term\">Pensselit<\/a>"],"unlinked":["<span class=\"advgb-post-tax-term\">Pensselit<\/span>"],"slug":"product_cat","name":"Osastot"},"product_tag":{"linked":["<a href=\"https:\/\/puuhamari.fi\/?product_tag=old-red-barn\" class=\"advgb-post-tax-term\">Old Red Barn<\/a>","<a href=\"https:\/\/puuhamari.fi\/?product_tag=orb\" class=\"advgb-post-tax-term\">ORB<\/a>","<a href=\"https:\/\/puuhamari.fi\/?product_tag=pensseli\" class=\"advgb-post-tax-term\">Pensseli<\/a>","<a href=\"https:\/\/puuhamari.fi\/?product_tag=pyorea\" class=\"advgb-post-tax-term\">Py\u00f6re\u00e4<\/a>"],"unlinked":["<span class=\"advgb-post-tax-term\">Old Red Barn<\/span>","<span class=\"advgb-post-tax-term\">ORB<\/span>","<span class=\"advgb-post-tax-term\">Pensseli<\/span>","<span class=\"advgb-post-tax-term\">Py\u00f6re\u00e4<\/span>"],"slug":"product_tag","name":"Avainsanat tuotteelle"},"product_shipping_class":{"linked":[],"unlinked":[],"slug":"product_shipping_class","name":"Tuotteen toimitusluokat"},"pos_product_visibility":{"linked":[],"unlinked":[],"slug":"pos_product_visibility","name":"POS Product visibility"},"pa_arkin-koko":{"linked":[],"unlinked":[],"slug":"pa_arkin-koko","name":"Tuote Arkin koko"},"pa_hiomatyynyn-karkeus":{"linked":[],"unlinked":[],"slug":"pa_hiomatyynyn-karkeus","name":"Tuote Hiomatyynyn karkeus"},"pa_kehys":{"linked":[],"unlinked":[],"slug":"pa_kehys","name":"Tuote Kehys"},"pa_kuvion-nro":{"linked":[],"unlinked":[],"slug":"pa_kuvion-nro","name":"Tuote Kuvion nro"},"pa_littean-pensselin-koko":{"linked":[],"unlinked":[],"slug":"pa_littean-pensselin-koko","name":"Tuote Litte\u00e4n pensselin koko"},"pa_maalivari":{"linked":[],"unlinked":[],"slug":"pa_maalivari","name":"Tuote Maaliv\u00e4ri"},"pa_palatapettien-lkm":{"linked":[],"unlinked":[],"slug":"pa_palatapettien-lkm","name":"Tuote Palatapettien lkm"},"pa_purkin-koko":{"linked":[],"unlinked":[],"slug":"pa_purkin-koko","name":"Tuote Purkin koko"},"pa_sapluunan-koko":{"linked":[],"unlinked":[],"slug":"pa_sapluunan-koko","name":"Tuote Sapluunan koko"},"pa_tabletti":{"linked":[],"unlinked":[],"slug":"pa_tabletti","name":"Tuote Tabletti"},"pa_valitse-sisalto":{"linked":[],"unlinked":[],"slug":"pa_valitse-sisalto","name":"Tuote Valitse sis\u00e4lt\u00f6"},"pa_varjostin":{"linked":[],"unlinked":[],"slug":"pa_varjostin","name":"Tuote Varjostin"}},"series_order":"","jetpack_sharing_enabled":true,"jetpack_likes_enabled":true,"jetpack-related-posts":[{"id":4496,"url":"https:\/\/puuhamari.fi\/?product=siirtokuva-midnight-floral","url_meta":{"origin":3165,"position":0},"title":"Siirtokuva Midnight Floral","author":"PuuhaMari","date":"15 elokuun, 2022","format":false,"excerpt":"Upeat, tummanpuhuvat ruusut vuorottelevat vaaleiden ja jopa pelkin \u00e4\u00e4riviivoin piirrettyjen ruusujen kanssa. Voit vapaasti leikata kalvosta erilleen yksitt\u00e4isi\u00e4 ruusuja tai ruusuryhmi\u00e4, ja asetella niit\u00e4 joko moneen\u00a0 pienemp\u00e4\u00e4n tuunauskohteseen, tai yhteen suureen. Siirtokuvan totaalikoko on n. 66 cm x 89 cm, ja k\u00e4ytt\u00f6mukavuuden lis\u00e4\u00e4miseksi se on painettu kahdelle erilliselle kalvolle. Voidaan\u2026","rel":"","context":"With 1 comment","block_context":{"text":"With 1 comment","link":"https:\/\/puuhamari.fi\/?product=siirtokuva-midnight-floral#comments"},"img":{"alt_text":"","src":"https:\/\/i0.wp.com\/puuhamari.fi\/wp-content\/uploads\/2022\/08\/Midnight-Floral-4.png?fit=907%2C910&ssl=1&resize=350%2C200","width":350,"height":200,"srcset":"https:\/\/i0.wp.com\/puuhamari.fi\/wp-content\/uploads\/2022\/08\/Midnight-Floral-4.png?fit=907%2C910&ssl=1&resize=350%2C200 1x, https:\/\/i0.wp.com\/puuhamari.fi\/wp-content\/uploads\/2022\/08\/Midnight-Floral-4.png?fit=907%2C910&ssl=1&resize=525%2C300 1.5x, https:\/\/i0.wp.com\/puuhamari.fi\/wp-content\/uploads\/2022\/08\/Midnight-Floral-4.png?fit=907%2C910&ssl=1&resize=700%2C400 2x"},"classes":[]},{"id":2977,"url":"https:\/\/puuhamari.fi\/?product=renfrew-blue","url_meta":{"origin":3165,"position":1},"title":"Renfrew Blue","author":"PuuhaMari","date":"18 maaliskuun, 2022","format":false,"excerpt":"Fusion\u2122 maalisarjan kuuluisa ja supersuosittu tumma syaaninvihre\u00e4 (vai -sininen?) s\u00e4vy. N\u00e4ytt\u00e4\u00e4 upealta paitsi yksin\u00e4\u00e4n, my\u00f6s yhdistettyn\u00e4 keltaisiin, punaisiin ja harmaaseen taittaviin ruskeisiin s\u00e4vyihin.","rel":"","context":"With 2 comments","block_context":{"text":"With 2 comments","link":"https:\/\/puuhamari.fi\/?product=renfrew-blue#comments"},"img":{"alt_text":"","src":"https:\/\/i0.wp.com\/puuhamari.fi\/wp-content\/uploads\/2022\/03\/fusion_mineral_paint-renfrewblue-pint-B.jpg?fit=1200%2C1199&ssl=1&resize=350%2C200","width":350,"height":200,"srcset":"https:\/\/i0.wp.com\/puuhamari.fi\/wp-content\/uploads\/2022\/03\/fusion_mineral_paint-renfrewblue-pint-B.jpg?fit=1200%2C1199&ssl=1&resize=350%2C200 1x, https:\/\/i0.wp.com\/puuhamari.fi\/wp-content\/uploads\/2022\/03\/fusion_mineral_paint-renfrewblue-pint-B.jpg?fit=1200%2C1199&ssl=1&resize=525%2C300 1.5x, https:\/\/i0.wp.com\/puuhamari.fi\/wp-content\/uploads\/2022\/03\/fusion_mineral_paint-renfrewblue-pint-B.jpg?fit=1200%2C1199&ssl=1&resize=700%2C400 2x, https:\/\/i0.wp.com\/puuhamari.fi\/wp-content\/uploads\/2022\/03\/fusion_mineral_paint-renfrewblue-pint-B.jpg?fit=1200%2C1199&ssl=1&resize=1050%2C600 3x"},"classes":[]},{"id":3024,"url":"https:\/\/puuhamari.fi\/?product=pearl-metallimaali","url_meta":{"origin":3165,"position":2},"title":"Pearl &#8211; metallimaali","author":"PuuhaMari","date":"19 maaliskuun, 2022","format":false,"excerpt":"Kaunis helmi\u00e4ishohtoinen metallimaali saa takuuvarmasti katsojat ihastuksen valtaan! Voit k\u00e4ytt\u00e4\u00e4 \"helmi\u00e4ist\u00e4\" k\u00e4yt\u00e4nn\u00f6ss\u00e4 mink\u00e4 tahansa maaliv\u00e4rin parina; vaaleisiin s\u00e4vyihin yhdistettyn\u00e4 se lis\u00e4\u00e4 kalusteeseen\/koristeeseen siev\u00e4\u00e4 suloisuutta tai hienostunutta tyylikkyytt\u00e4, kun taas hieman tummempiin s\u00e4vyihin se voi tuoda suoranaista dramatiikkaa... Kaikkien Fusionin METALLIMAALIEN riittoisuus on n. 12 m\u00b2\/litra. N\u00e4in ollen 250 ml purkki\u2026","rel":"","context":"Samankaltainen artikkeli","block_context":{"text":"Samankaltainen artikkeli","link":""},"img":{"alt_text":"","src":"https:\/\/i0.wp.com\/puuhamari.fi\/wp-content\/uploads\/2023\/07\/Pearl-1-FMP.png?fit=847%2C845&ssl=1&resize=350%2C200","width":350,"height":200,"srcset":"https:\/\/i0.wp.com\/puuhamari.fi\/wp-content\/uploads\/2023\/07\/Pearl-1-FMP.png?fit=847%2C845&ssl=1&resize=350%2C200 1x, https:\/\/i0.wp.com\/puuhamari.fi\/wp-content\/uploads\/2023\/07\/Pearl-1-FMP.png?fit=847%2C845&ssl=1&resize=525%2C300 1.5x, https:\/\/i0.wp.com\/puuhamari.fi\/wp-content\/uploads\/2023\/07\/Pearl-1-FMP.png?fit=847%2C845&ssl=1&resize=700%2C400 2x"},"classes":[]},{"id":7178,"url":"https:\/\/puuhamari.fi\/?product=eeek-verkkosapluuna","url_meta":{"origin":3165,"position":3},"title":"EEEK! &#8211; verkkosapluuna","author":"PuuhaMari","date":"6 syyskuun, 2023","format":false,"excerpt":"Nimens\u00e4 mukaisesti t\u00e4m\u00e4 sapluuna on ihan IIIK! Sapluunassa on kuusi (6) erillist\u00e4 kuvaa\/teksti\u00e4, mutta \u00e4l\u00e4 missaa mahdollisuuksiasi k\u00e4ytt\u00e4\u00e4 my\u00f6s niiden OSIA uusiss kokonaisuuksissa, joiden sis\u00e4ll\u00f6t ja suuruus ovat oman lennokkaan mielikuvituksesi laatimia! Tee tauluja, tyynyj\u00e4, kortteja ja karkkikasseja, tai kokonaisia (paperi- tai kangas-)nauhoja h\u00e4m\u00e4h\u00e4kkiboordilla ja teksteill\u00e4... Verkkosapluunan kuvioista l\u00f6ytyy erikseen\u2026","rel":"","context":"Samankaltainen artikkeli","block_context":{"text":"Samankaltainen artikkeli","link":""},"img":{"alt_text":"","src":"https:\/\/i0.wp.com\/puuhamari.fi\/wp-content\/uploads\/2023\/09\/1-3.png?fit=872%2C873&ssl=1&resize=350%2C200","width":350,"height":200,"srcset":"https:\/\/i0.wp.com\/puuhamari.fi\/wp-content\/uploads\/2023\/09\/1-3.png?fit=872%2C873&ssl=1&resize=350%2C200 1x, https:\/\/i0.wp.com\/puuhamari.fi\/wp-content\/uploads\/2023\/09\/1-3.png?fit=872%2C873&ssl=1&resize=525%2C300 1.5x, https:\/\/i0.wp.com\/puuhamari.fi\/wp-content\/uploads\/2023\/09\/1-3.png?fit=872%2C873&ssl=1&resize=700%2C400 2x"},"classes":[]},{"id":2561,"url":"https:\/\/puuhamari.fi\/?product=champness","url_meta":{"origin":3165,"position":4},"title":"Champness","author":"PuuhaMari","date":"24 helmikuun, 2022","format":false,"excerpt":"Suloinen, klassinen sininen. Ihanan raikas s\u00e4vy joka vie ajatukset niin meren-, kuin taivaankin rantaan. PuuhaMari suosittelee!","rel":"","context":"Samankaltainen artikkeli","block_context":{"text":"Samankaltainen artikkeli","link":""},"img":{"alt_text":"","src":"https:\/\/i0.wp.com\/puuhamari.fi\/wp-content\/uploads\/2022\/02\/Fusion_Mineral_Paint_Champness_pint-b-scaled.jpg?fit=1200%2C1200&ssl=1&resize=350%2C200","width":350,"height":200,"srcset":"https:\/\/i0.wp.com\/puuhamari.fi\/wp-content\/uploads\/2022\/02\/Fusion_Mineral_Paint_Champness_pint-b-scaled.jpg?fit=1200%2C1200&ssl=1&resize=350%2C200 1x, https:\/\/i0.wp.com\/puuhamari.fi\/wp-content\/uploads\/2022\/02\/Fusion_Mineral_Paint_Champness_pint-b-scaled.jpg?fit=1200%2C1200&ssl=1&resize=525%2C300 1.5x, https:\/\/i0.wp.com\/puuhamari.fi\/wp-content\/uploads\/2022\/02\/Fusion_Mineral_Paint_Champness_pint-b-scaled.jpg?fit=1200%2C1200&ssl=1&resize=700%2C400 2x, https:\/\/i0.wp.com\/puuhamari.fi\/wp-content\/uploads\/2022\/02\/Fusion_Mineral_Paint_Champness_pint-b-scaled.jpg?fit=1200%2C1200&ssl=1&resize=1050%2C600 3x"},"classes":[]},{"id":2534,"url":"https:\/\/puuhamari.fi\/?product=lichen","url_meta":{"origin":3165,"position":5},"title":"Lichen","author":"PuuhaMari","date":"24 helmikuun, 2022","format":false,"excerpt":"Luonto\u00e4idilt\u00e4 lainattu harmaanvihre\u00e4 s\u00e4vy, ehdottomasti kuviaan kauniimpi! Hienovaraisen herkk\u00e4 ja pehme\u00e4n rauhoittava. Lichen on PuuhaMarin \"luottovihre\u00e4\", jota Putiikilla k\u00e4ytet\u00e4\u00e4n todella monissa projekteissa!","rel":"","context":"Samankaltainen artikkeli","block_context":{"text":"Samankaltainen artikkeli","link":""},"img":{"alt_text":"","src":"https:\/\/i0.wp.com\/puuhamari.fi\/wp-content\/uploads\/2022\/02\/fusion_mineral_paint-lichen-pint-b.jpg?fit=1200%2C1200&ssl=1&resize=350%2C200","width":350,"height":200,"srcset":"https:\/\/i0.wp.com\/puuhamari.fi\/wp-content\/uploads\/2022\/02\/fusion_mineral_paint-lichen-pint-b.jpg?fit=1200%2C1200&ssl=1&resize=350%2C200 1x, https:\/\/i0.wp.com\/puuhamari.fi\/wp-content\/uploads\/2022\/02\/fusion_mineral_paint-lichen-pint-b.jpg?fit=1200%2C1200&ssl=1&resize=525%2C300 1.5x, https:\/\/i0.wp.com\/puuhamari.fi\/wp-content\/uploads\/2022\/02\/fusion_mineral_paint-lichen-pint-b.jpg?fit=1200%2C1200&ssl=1&resize=700%2C400 2x, https:\/\/i0.wp.com\/puuhamari.fi\/wp-content\/uploads\/2022\/02\/fusion_mineral_paint-lichen-pint-b.jpg?fit=1200%2C1200&ssl=1&resize=1050%2C600 3x"},"classes":[]}],"_links":{"self":[{"href":"https:\/\/puuhamari.fi\/index.php?rest_route=\/wp\/v2\/product\/3165","targetHints":{"allow":["GET"]}}],"collection":[{"href":"https:\/\/puuhamari.fi\/index.php?rest_route=\/wp\/v2\/product"}],"about":[{"href":"https:\/\/puuhamari.fi\/index.php?rest_route=\/wp\/v2\/types\/product"}],"replies":[{"embeddable":true,"href":"https:\/\/puuhamari.fi\/index.php?rest_route=%2Fwp%2Fv2%2Fcomments&post=3165"}],"version-history":[{"count":1,"href":"https:\/\/puuhamari.fi\/index.php?rest_route=\/wp\/v2\/product\/3165\/revisions"}],"predecessor-version":[{"id":7666,"href":"https:\/\/puuhamari.fi\/index.php?rest_route=\/wp\/v2\/product\/3165\/revisions\/7666"}],"wp:featuredmedia":[{"embeddable":true,"href":"https:\/\/puuhamari.fi\/index.php?rest_route=\/wp\/v2\/media\/3155"}],"wp:attachment":[{"href":"https:\/\/puuhamari.fi\/index.php?rest_route=%2Fwp%2Fv2%2Fmedia&parent=3165"}],"wp:term":[{"taxonomy":"product_brand","embeddable":true,"href":"https:\/\/puuhamari.fi\/index.php?rest_route=%2Fwp%2Fv2%2Fproduct_brand&post=3165"},{"taxonomy":"product_cat","embeddable":true,"href":"https:\/\/puuhamari.fi\/index.php?rest_route=%2Fwp%2Fv2%2Fproduct_cat&post=3165"},{"taxonomy":"product_tag","embeddable":true,"href":"https:\/\/puuhamari.fi\/index.php?rest_route=%2Fwp%2Fv2%2Fproduct_tag&post=3165"}],"curies":[{"name":"wp","href":"https:\/\/api.w.org\/{rel}","templated":true}]}}