{"id":3172,"date":"2022-04-04T19:20:59","date_gmt":"2022-04-04T19:20:59","guid":{"rendered":"https:\/\/puuhatarhanputiikki.fi\/?post_type=product&#038;p=3172"},"modified":"2025-09-05T04:36:14","modified_gmt":"2025-09-05T01:36:14","slug":"vaahtomuovipensseli-1-kpl","status":"publish","type":"product","link":"https:\/\/puuhamari.fi\/?product=vaahtomuovipensseli-1-kpl","title":{"rendered":"JEN &#8211; vaahtomuovipensseli 1 kpl"},"content":{"rendered":"<p>JEN Manufacturingin vaahtomuovipensseli levitt\u00e4\u00e4 maalin pehme\u00e4n sile\u00e4sti, ja peitt\u00e4\u00e4 pinnan v\u00e4hemmill\u00e4 pensselinvedoilla. Ei en\u00e4\u00e4 siveltimenj\u00e4lki\u00e4, eik\u00e4 irtokarvoja maalissa, joten aloittelijakin voi saada aikaan kaunista, ammattimaisen sile\u00e4\u00e4 maalipintaa.<\/p>\n<p>Vaahtomuovia ei suositella k\u00e4ytett\u00e4v\u00e4ksi yhdess\u00e4 lakan tai sellakan kanssa.<\/p>\n","protected":false},"excerpt":{"rendered":"<p align=\"left\">Se &#8220;alkuper\u00e4inen&#8221; vaahtomuovipensseli. Helppo k\u00e4ytt\u00e4\u00e4: lopputulos on ammattimainen, eik\u00e4 takuuvarmasti n\u00e4y siveltimenj\u00e4lki\u00e4!<\/p>\n<p align=\"left\">Toimii mainiosti my\u00f6s yhdess\u00e4 PuuhaMarin Putiikin myymien verkkosapluunoiden kanssa! Levitt\u00e4ess\u00e4si Fusion\u2122 mineraalimaalia verkkosapluunan p\u00e4\u00e4lle, paina pensseli\u00e4 kevyesti sapluunaa p\u00e4in. Siten saat maalin painumaan verkon l\u00e4pi varsinaiseen maalattavaan pintaan.<\/p>\n<p align=\"left\">Levein kohta n. 5 cm, varren pituus 10 cm. Kertak\u00e4ytt\u00f6inen. Hinta 2\u20ac\/kpl.<\/p>\n","protected":false},"author":1,"featured_media":3174,"comment_status":"open","ping_status":"closed","template":"","meta":{"advgb_blocks_editor_width":"","advgb_blocks_columns_visual_guide":"","advanced_seo_description":"","jetpack_seo_html_title":"","jetpack_seo_noindex":false,"_kad_post_transparent":"default","_kad_post_title":"","_kad_post_layout":"default","_kad_post_sidebar_id":"","_kad_post_content_style":"default","_kad_post_vertical_padding":"default","_kad_post_feature":"","_kad_post_feature_position":"","_kad_post_header":false,"_kad_post_footer":false,"_kad_post_classname":"","jetpack_post_was_ever_published":false},"product_brand":[],"product_cat":[308],"product_tag":[321,322,150,325,323,324],"class_list":{"0":"post-3172","1":"product","2":"type-product","3":"status-publish","4":"has-post-thumbnail","6":"product_cat-pensselit-tyokalut","7":"product_tag-jen","8":"product_tag-jen-manufacturing","9":"product_tag-pensseli","10":"product_tag-sivellin","11":"product_tag-vaahtomuovipensseli","12":"product_tag-vaahtomuovisivellin","14":"first","15":"instock","16":"taxable","17":"shipping-taxable","18":"purchasable","19":"product-type-simple","20":"entry","21":"content-bg","22":"loop-entry"},"featured_img":"https:\/\/puuhamari.fi\/wp-content\/uploads\/2022\/04\/Vaahtomuovipensseli-Jen-50-mm.png","coauthors":[],"author_meta":{"author_link":"https:\/\/puuhamari.fi\/?author=1","display_name":"PuuhaMari"},"relative_dates":{"created":"Julkaistu 4 vuotta sitten","modified":"P\u00e4ivitetty 8 kuukautta sitten"},"absolute_dates":{"created":"Julkaistu 4 huhtikuun, 2022","modified":"P\u00e4ivitetty 5 syyskuun, 2025"},"absolute_dates_time":{"created":"Julkaistu 4 huhtikuun, 2022 7:20 pm","modified":"P\u00e4ivitetty 5 syyskuun, 2025 4:36 am"},"featured_img_caption":"","tax_additional":{"product_brand":{"linked":[],"unlinked":[],"slug":"product_brand","name":"Br\u00e4ndit"},"product_type":{"linked":["<a href=\"https:\/\/puuhamari.fi\/?taxonomy=product_type&#038;term=simple\" class=\"advgb-post-tax-term\">simple<\/a>"],"unlinked":["<span class=\"advgb-post-tax-term\">simple<\/span>"],"slug":"product_type","name":"Tuotetyyppi"},"product_visibility":{"linked":[],"unlinked":[],"slug":"product_visibility","name":"Tuotteen n\u00e4kyvyys"},"product_cat":{"linked":["<a href=\"https:\/\/puuhamari.fi\/?product_cat=pensselit-tyokalut\" class=\"advgb-post-tax-term\">Pensselit<\/a>"],"unlinked":["<span class=\"advgb-post-tax-term\">Pensselit<\/span>"],"slug":"product_cat","name":"Osastot"},"product_tag":{"linked":["<a href=\"https:\/\/puuhamari.fi\/?product_tag=jen\" class=\"advgb-post-tax-term\">JEN<\/a>","<a href=\"https:\/\/puuhamari.fi\/?product_tag=jen-manufacturing\" class=\"advgb-post-tax-term\">JEN Manufacturing<\/a>","<a href=\"https:\/\/puuhamari.fi\/?product_tag=pensseli\" class=\"advgb-post-tax-term\">Pensseli<\/a>","<a href=\"https:\/\/puuhamari.fi\/?product_tag=sivellin\" class=\"advgb-post-tax-term\">Sivellin<\/a>","<a href=\"https:\/\/puuhamari.fi\/?product_tag=vaahtomuovipensseli\" class=\"advgb-post-tax-term\">Vaahtomuovipensseli<\/a>","<a href=\"https:\/\/puuhamari.fi\/?product_tag=vaahtomuovisivellin\" class=\"advgb-post-tax-term\">Vaahtomuovisivellin<\/a>"],"unlinked":["<span class=\"advgb-post-tax-term\">JEN<\/span>","<span class=\"advgb-post-tax-term\">JEN Manufacturing<\/span>","<span class=\"advgb-post-tax-term\">Pensseli<\/span>","<span class=\"advgb-post-tax-term\">Sivellin<\/span>","<span class=\"advgb-post-tax-term\">Vaahtomuovipensseli<\/span>","<span class=\"advgb-post-tax-term\">Vaahtomuovisivellin<\/span>"],"slug":"product_tag","name":"Avainsanat tuotteelle"},"product_shipping_class":{"linked":[],"unlinked":[],"slug":"product_shipping_class","name":"Tuotteen toimitusluokat"},"pos_product_visibility":{"linked":[],"unlinked":[],"slug":"pos_product_visibility","name":"POS Product visibility"},"pa_arkin-koko":{"linked":[],"unlinked":[],"slug":"pa_arkin-koko","name":"Tuote Arkin koko"},"pa_hiomatyynyn-karkeus":{"linked":[],"unlinked":[],"slug":"pa_hiomatyynyn-karkeus","name":"Tuote Hiomatyynyn karkeus"},"pa_kehys":{"linked":[],"unlinked":[],"slug":"pa_kehys","name":"Tuote Kehys"},"pa_kuvion-nro":{"linked":[],"unlinked":[],"slug":"pa_kuvion-nro","name":"Tuote Kuvion nro"},"pa_littean-pensselin-koko":{"linked":[],"unlinked":[],"slug":"pa_littean-pensselin-koko","name":"Tuote Litte\u00e4n pensselin koko"},"pa_maalivari":{"linked":[],"unlinked":[],"slug":"pa_maalivari","name":"Tuote Maaliv\u00e4ri"},"pa_palatapettien-lkm":{"linked":[],"unlinked":[],"slug":"pa_palatapettien-lkm","name":"Tuote Palatapettien lkm"},"pa_purkin-koko":{"linked":[],"unlinked":[],"slug":"pa_purkin-koko","name":"Tuote Purkin koko"},"pa_sapluunan-koko":{"linked":[],"unlinked":[],"slug":"pa_sapluunan-koko","name":"Tuote Sapluunan koko"},"pa_tabletti":{"linked":[],"unlinked":[],"slug":"pa_tabletti","name":"Tuote Tabletti"},"pa_valitse-sisalto":{"linked":[],"unlinked":[],"slug":"pa_valitse-sisalto","name":"Tuote Valitse sis\u00e4lt\u00f6"},"pa_varjostin":{"linked":[],"unlinked":[],"slug":"pa_varjostin","name":"Tuote Varjostin"}},"series_order":"","jetpack_sharing_enabled":true,"jetpack_likes_enabled":true,"jetpack-related-posts":[{"id":3267,"url":"https:\/\/puuhamari.fi\/?product=calendar-verkkosapluuna","url_meta":{"origin":3172,"position":0},"title":"Calendar &#8211; verkkosapluuna","author":"PuuhaMari","date":"6 toukokuun, 2022","format":false,"excerpt":"Huom! Pakkauksessa kolme erilaista 28 cm x 21,5 cm -kokoista sapluunaa, joissa englanninkieliset viikonp\u00e4iv\u00e4t ja kuukaudet, kaksoispiste -merkki, 18 erilaista muistutus-\/tsemppausviesti\u00e4 esim. magneetteihin maalattavaksi. Yhden viikonp\u00e4iv\u00e4n\/kuukauden\/merkin korkeus on n. 5 cm, sanojen pituudet vaihtelevat n. 10-20 cm:n v\u00e4lill\u00e4. Helppoa ja nopeaa tuunaamista silloin kun haluat tehd\u00e4 kutsu-\/onnittelukortteja, viikkosuunnitelmia, kalentereita, tai\u2026","rel":"","context":"Samankaltainen artikkeli","block_context":{"text":"Samankaltainen artikkeli","link":""},"img":{"alt_text":"","src":"https:\/\/i0.wp.com\/puuhamari.fi\/wp-content\/uploads\/2022\/05\/1557854742.webp?fit=1060%2C1060&ssl=1&resize=350%2C200","width":350,"height":200,"srcset":"https:\/\/i0.wp.com\/puuhamari.fi\/wp-content\/uploads\/2022\/05\/1557854742.webp?fit=1060%2C1060&ssl=1&resize=350%2C200 1x, https:\/\/i0.wp.com\/puuhamari.fi\/wp-content\/uploads\/2022\/05\/1557854742.webp?fit=1060%2C1060&ssl=1&resize=525%2C300 1.5x, https:\/\/i0.wp.com\/puuhamari.fi\/wp-content\/uploads\/2022\/05\/1557854742.webp?fit=1060%2C1060&ssl=1&resize=700%2C400 2x, https:\/\/i0.wp.com\/puuhamari.fi\/wp-content\/uploads\/2022\/05\/1557854742.webp?fit=1060%2C1060&ssl=1&resize=1050%2C600 3x"},"classes":[]},{"id":4955,"url":"https:\/\/puuhamari.fi\/?product=nutcracker-review-verkkosapluuna","url_meta":{"origin":3172,"position":1},"title":"Nutcracker Review &#8211; verkkosapluuna","author":"PuuhaMari","date":"19 lokakuun, 2022","format":false,"excerpt":"P\u00e4hkin\u00e4ns\u00e4rkij\u00f6it\u00e4 useampana versiona; lastenhuoneeseen vai ihan \u2764\ufe0f itselle? \u2764\ufe0f Pakkauksessa yksi n. 28 cm x 21,5 cm kokoinen sapluuna. \u00a0 \ud83d\udca1 \u00a0VINKKI: Maalin voit toki \"vanhaan tapaan\" t\u00f6p\u00f6tell\u00e4 sapluunan l\u00e4pi, mutta kauneinta j\u00e4lke\u00e4 saat aikaiseksi naurettavan edullisella vaahtomuovipensselill\u00e4!","rel":"","context":"Samankaltainen artikkeli","block_context":{"text":"Samankaltainen artikkeli","link":""},"img":{"alt_text":"","src":"https:\/\/i0.wp.com\/puuhamari.fi\/wp-content\/uploads\/2022\/10\/Nutcracker-Review.png?fit=905%2C903&ssl=1&resize=350%2C200","width":350,"height":200,"srcset":"https:\/\/i0.wp.com\/puuhamari.fi\/wp-content\/uploads\/2022\/10\/Nutcracker-Review.png?fit=905%2C903&ssl=1&resize=350%2C200 1x, https:\/\/i0.wp.com\/puuhamari.fi\/wp-content\/uploads\/2022\/10\/Nutcracker-Review.png?fit=905%2C903&ssl=1&resize=525%2C300 1.5x, https:\/\/i0.wp.com\/puuhamari.fi\/wp-content\/uploads\/2022\/10\/Nutcracker-Review.png?fit=905%2C903&ssl=1&resize=700%2C400 2x"},"classes":[]},{"id":7155,"url":"https:\/\/puuhamari.fi\/?product=old-man-winter-verkkosapluuna","url_meta":{"origin":3172,"position":2},"title":"Old Man Winter &#8211; verkkosapluuna","author":"PuuhaMari","date":"6 syyskuun, 2023","format":false,"excerpt":"Upeita joulun ja talviajan sapluunakuvioita lasinalusiin, kynttil\u00f6ihin, vaatteisiin, lahjoihin, kortteihin ja ihan mihin tahansa kotisi sisustusesineeseen! 13 erilaista kuvaa\/teksti\u00e4. Pakkauksessa yksi n. 23 cm x 30,5 cm kokoinen sapluuna. Suuremman kauriin korkeus on n. 8 cm ja leveys 7,5 cm. S\u00e4kki\u00e4 kantava pikkupukki on n. 5 cm x 5 cm,\u2026","rel":"","context":"Samankaltainen artikkeli","block_context":{"text":"Samankaltainen artikkeli","link":""},"img":{"alt_text":"","src":"https:\/\/i0.wp.com\/puuhamari.fi\/wp-content\/uploads\/2023\/09\/1.png?fit=871%2C872&ssl=1&resize=350%2C200","width":350,"height":200,"srcset":"https:\/\/i0.wp.com\/puuhamari.fi\/wp-content\/uploads\/2023\/09\/1.png?fit=871%2C872&ssl=1&resize=350%2C200 1x, https:\/\/i0.wp.com\/puuhamari.fi\/wp-content\/uploads\/2023\/09\/1.png?fit=871%2C872&ssl=1&resize=525%2C300 1.5x, https:\/\/i0.wp.com\/puuhamari.fi\/wp-content\/uploads\/2023\/09\/1.png?fit=871%2C872&ssl=1&resize=700%2C400 2x"},"classes":[]},{"id":7149,"url":"https:\/\/puuhamari.fi\/?product=create-a-tag-verkkosapluuna-2-pack","url_meta":{"origin":3172,"position":3},"title":"Create a Tag &#8211; verkkosapluuna (2 pack)","author":"PuuhaMari","date":"6 syyskuun, 2023","format":false,"excerpt":"Kuvioi itse kauniit kortit lahjoihin, istumapaikkoihin, kukka-asetelmiin tai per\u00e4ti postissa l\u00e4hetett\u00e4v\u00e4ksi. Pakkauksessa kaksi erillist\u00e4 n. 21,5 cm x 14 cm kokoista sapluunaa. Korttien \"taustakuviot\" ovat n. 12 cm x 6 cm kokoisia, tekstikehys \"Happy Holidays\" n. 5,5 cm x 2 cm, ja lumiukko n. 8 cm x 6 cm. \ud83d\udca1\u2026","rel":"","context":"Samankaltainen artikkeli","block_context":{"text":"Samankaltainen artikkeli","link":""},"img":{"alt_text":"","src":"https:\/\/i0.wp.com\/puuhamari.fi\/wp-content\/uploads\/2023\/09\/1-b.png?fit=1200%2C1199&ssl=1&resize=350%2C200","width":350,"height":200,"srcset":"https:\/\/i0.wp.com\/puuhamari.fi\/wp-content\/uploads\/2023\/09\/1-b.png?fit=1200%2C1199&ssl=1&resize=350%2C200 1x, https:\/\/i0.wp.com\/puuhamari.fi\/wp-content\/uploads\/2023\/09\/1-b.png?fit=1200%2C1199&ssl=1&resize=525%2C300 1.5x, https:\/\/i0.wp.com\/puuhamari.fi\/wp-content\/uploads\/2023\/09\/1-b.png?fit=1200%2C1199&ssl=1&resize=700%2C400 2x, https:\/\/i0.wp.com\/puuhamari.fi\/wp-content\/uploads\/2023\/09\/1-b.png?fit=1200%2C1199&ssl=1&resize=1050%2C600 3x"},"classes":[]},{"id":4943,"url":"https:\/\/puuhamari.fi\/?product=french-ram-verkkosapluuna","url_meta":{"origin":3172,"position":4},"title":"French Ram &#8211; verkkosapluuna","author":"PuuhaMari","date":"19 lokakuun, 2022","format":false,"excerpt":"Upea, ranskalaista maalaistyyli\u00e4 oleva kuvio, josta voit my\u00f6s k\u00e4ytt\u00e4\u00e4 hyv\u00e4ksesi pelkki\u00e4 osia (esim. kruunua\/medaljonkia\/k\u00f6ynn\u00f6st\u00e4\/tekstej\u00e4) eri projekteissasi. Pakkauksessa yksi 30,5 cm x 30,5 cm kokoinen sapluuna. \u00a0 \ud83d\udca1 \u00a0VINKKI: Maalin voit toki \"vanhaan tapaan\" t\u00f6p\u00f6tell\u00e4 sapluunan l\u00e4pi, mutta kauneinta j\u00e4lke\u00e4 saat aikaiseksi naurettavan edullisella vaahtomuovipensselill\u00e4!","rel":"","context":"Samankaltainen artikkeli","block_context":{"text":"Samankaltainen artikkeli","link":""},"img":{"alt_text":"","src":"https:\/\/i0.wp.com\/puuhamari.fi\/wp-content\/uploads\/2022\/10\/French-Ram-Zoom.png?fit=814%2C810&ssl=1&resize=350%2C200","width":350,"height":200,"srcset":"https:\/\/i0.wp.com\/puuhamari.fi\/wp-content\/uploads\/2022\/10\/French-Ram-Zoom.png?fit=814%2C810&ssl=1&resize=350%2C200 1x, https:\/\/i0.wp.com\/puuhamari.fi\/wp-content\/uploads\/2022\/10\/French-Ram-Zoom.png?fit=814%2C810&ssl=1&resize=525%2C300 1.5x, https:\/\/i0.wp.com\/puuhamari.fi\/wp-content\/uploads\/2022\/10\/French-Ram-Zoom.png?fit=814%2C810&ssl=1&resize=700%2C400 2x"},"classes":[]},{"id":4950,"url":"https:\/\/puuhamari.fi\/?product=furniture-hero-verkkosapluuna","url_meta":{"origin":3172,"position":5},"title":"Furniture Hero &#8211; verkkosapluuna","author":"PuuhaMari","date":"19 lokakuun, 2022","format":false,"excerpt":"\"Pelastan hyl\u00e4ttyj\u00e4 huonekaluja - olen sankari, en hamstraaja!\" Kaikkien kalustetuunaajien PakkoSaada -sapluuna? \ud83d\ude02 Sama teksti l\u00f6ytyy siit\u00e4 useampana eri kokona (eri kokoisia projekteja ajatellen), ja mukana on muissakin kohteissa k\u00e4ytt\u00f6kelpoisia huonekalujen kuvia! Pakkauksessa yksi 30,5 cm x 30,5 cm kokoinen sapluuna. \u00a0 \ud83d\udca1 \u00a0VINKKI: Maalin voit toki \"vanhaan tapaan\" t\u00f6p\u00f6tell\u00e4\u2026","rel":"","context":"With 1 comment","block_context":{"text":"With 1 comment","link":"https:\/\/puuhamari.fi\/?product=furniture-hero-verkkosapluuna#comments"},"img":{"alt_text":"","src":"https:\/\/i0.wp.com\/puuhamari.fi\/wp-content\/uploads\/2022\/10\/Furniture-Hero.png?fit=905%2C906&ssl=1&resize=350%2C200","width":350,"height":200,"srcset":"https:\/\/i0.wp.com\/puuhamari.fi\/wp-content\/uploads\/2022\/10\/Furniture-Hero.png?fit=905%2C906&ssl=1&resize=350%2C200 1x, https:\/\/i0.wp.com\/puuhamari.fi\/wp-content\/uploads\/2022\/10\/Furniture-Hero.png?fit=905%2C906&ssl=1&resize=525%2C300 1.5x, https:\/\/i0.wp.com\/puuhamari.fi\/wp-content\/uploads\/2022\/10\/Furniture-Hero.png?fit=905%2C906&ssl=1&resize=700%2C400 2x"},"classes":[]}],"_links":{"self":[{"href":"https:\/\/puuhamari.fi\/index.php?rest_route=\/wp\/v2\/product\/3172","targetHints":{"allow":["GET"]}}],"collection":[{"href":"https:\/\/puuhamari.fi\/index.php?rest_route=\/wp\/v2\/product"}],"about":[{"href":"https:\/\/puuhamari.fi\/index.php?rest_route=\/wp\/v2\/types\/product"}],"replies":[{"embeddable":true,"href":"https:\/\/puuhamari.fi\/index.php?rest_route=%2Fwp%2Fv2%2Fcomments&post=3172"}],"version-history":[{"count":2,"href":"https:\/\/puuhamari.fi\/index.php?rest_route=\/wp\/v2\/product\/3172\/revisions"}],"predecessor-version":[{"id":8067,"href":"https:\/\/puuhamari.fi\/index.php?rest_route=\/wp\/v2\/product\/3172\/revisions\/8067"}],"wp:featuredmedia":[{"embeddable":true,"href":"https:\/\/puuhamari.fi\/index.php?rest_route=\/wp\/v2\/media\/3174"}],"wp:attachment":[{"href":"https:\/\/puuhamari.fi\/index.php?rest_route=%2Fwp%2Fv2%2Fmedia&parent=3172"}],"wp:term":[{"taxonomy":"product_brand","embeddable":true,"href":"https:\/\/puuhamari.fi\/index.php?rest_route=%2Fwp%2Fv2%2Fproduct_brand&post=3172"},{"taxonomy":"product_cat","embeddable":true,"href":"https:\/\/puuhamari.fi\/index.php?rest_route=%2Fwp%2Fv2%2Fproduct_cat&post=3172"},{"taxonomy":"product_tag","embeddable":true,"href":"https:\/\/puuhamari.fi\/index.php?rest_route=%2Fwp%2Fv2%2Fproduct_tag&post=3172"}],"curies":[{"name":"wp","href":"https:\/\/api.w.org\/{rel}","templated":true}]}}