{"id":3223,"date":"2022-04-18T10:02:29","date_gmt":"2022-04-18T10:02:29","guid":{"rendered":"https:\/\/puuhatarhanputiikki.fi\/?post_type=product&#038;p=3223"},"modified":"2025-11-26T17:08:56","modified_gmt":"2025-11-26T15:08:56","slug":"tough-coat-pinnoite-matta","status":"publish","type":"product","link":"https:\/\/puuhamari.fi\/?product=tough-coat-pinnoite-matta","title":{"rendered":"Tough Coat -pinnoite, MATTA"},"content":{"rendered":"<table width=\"100%\">\n<tbody>\n<tr>\n<td width=\"199\">Levitysv\u00e4line<\/td>\n<td width=\"421\">\u00a0Pesusieni (vaahtomuov.)<\/td>\n<\/tr>\n<tr>\n<td width=\"199\">Soveltuu sijaintiin<\/td>\n<td width=\"421\">\u00a0Sis\u00e4lle ja ulos<\/td>\n<\/tr>\n<tr>\n<td width=\"199\">Aika kerrosten lis\u00e4\u00e4misen v\u00e4lill\u00e4<\/td>\n<td width=\"421\">\u00a01-2 tuntia<\/td>\n<\/tr>\n<tr>\n<td width=\"199\">Kuivumisaika<\/td>\n<td width=\"421\">\u00a0Kosketuskuiva 30min -1 tunti<\/td>\n<\/tr>\n<tr>\n<td width=\"199\">P\u00e4\u00e4llystett\u00e4viss\u00e4<\/td>\n<td width=\"421\">\u00a0Haluttaessa voidaan p\u00e4\u00e4lle laittaa vahaa tai Stain &amp; Finishing Oil:ia<\/td>\n<\/tr>\n<tr>\n<td width=\"199\">Pesu<\/td>\n<td width=\"421\">\u00a0Vedell\u00e4<\/td>\n<\/tr>\n<tr>\n<td width=\"199\">Riittoisuus<\/td>\n<td width=\"421\">\u00a07 m\u00b2<\/td>\n<\/tr>\n<tr>\n<td width=\"199\">Kiiltoaste<\/td>\n<td width=\"421\">\u00a0Matta<\/td>\n<\/tr>\n<tr>\n<td width=\"199\">Suositeltavat k\u00e4ytt\u00f6kohteet<\/td>\n<td width=\"421\">\u00a0Paljolla k\u00e4yt\u00f6ll\u00e4\/hankauksella olevat pinnat, joihin toivotaan lis\u00e4\u00e4 kulutuspintaa<\/td>\n<\/tr>\n<tr>\n<td width=\"199\">Voidaan lis\u00e4t\u00e4<\/td>\n<td width=\"421\">\u00a0Kaikkien vesiliukoisten viimeistelyaineiden ja maalien p\u00e4\u00e4lle<\/td>\n<\/tr>\n<tr>\n<td width=\"199\">Voidaanko maalata p\u00e4\u00e4lle<\/td>\n<td width=\"421\">\u00a0Kyll\u00e4, kunhan Tough Coat on ehtinyt kuivua kunnolla<\/td>\n<\/tr>\n<tr>\n<td width=\"199\">Miten k\u00e4ytt\u00e4\u00e4<\/td>\n<td width=\"421\">\u00a0Levit\u00e4 sienell\u00e4 vesiliukoisen maalin tai viimeistelyainneen p\u00e4\u00e4lle. \u00c4L\u00c4 LAITA \u00f6ljypohjaisten tuotteiden tai vahan p\u00e4\u00e4lle.<\/td>\n<\/tr>\n<tr>\n<td width=\"199\">Kovettumisaika<\/td>\n<td width=\"421\">\u00a014-30 p\u00e4iv\u00e4\u00e4<\/td>\n<\/tr>\n<tr>\n<td width=\"199\">Yll\u00e4pito\/puhdistus<\/td>\n<td width=\"421\">\u00a0Miedolla puhdistusaineella<\/td>\n<\/tr>\n<\/tbody>\n<\/table>\n","protected":false},"excerpt":{"rendered":"<p>(Kiilt\u00e4v\u00e4 Tough Coat l\u00f6ytyy <a href=\"https:\/\/puuhamari.fi\/?product=tough-coat-pinnoite-kiiltava\">t\u00e4m\u00e4n linkin kautta.<\/a>)<\/p>\n<p>Vesiliukoinen, MATAN pinnan j\u00e4tt\u00e4v\u00e4 Tough Coat -viimeistelyaine ei kellastu ajan my\u00f6t\u00e4. Se toimii mainiosti kaikkialla miss\u00e4 tarvitset ylim\u00e4\u00e4r\u00e4isi\u00e4 kerroksia suojaamaan pintoja paljolta kulutukselta ja hankaukselta (esim. p\u00f6yt\u00e4pinnat). Levit\u00e4 aine puhtaalla pesusienell\u00e4, niin kalusteeseen ei j\u00e4\u00e4 siveltimenj\u00e4lki\u00e4.<\/p>\n<p>HUOM! (Editoitu 09\/24) <span style=\"font-family: var(--global-body-font-family);\">Voit k\u00e4ytt\u00e4\u00e4 Tough Coat:ia my\u00f6s tummien v\u00e4ris\u00e4vyjen p\u00e4\u00e4ll\u00e4. Muista tehd\u00e4 <\/span><em style=\"font-family: var(--global-body-font-family);\">ohuita<\/em> <em style=\"font-family: var(--global-body-font-family);\">kerroksia!<\/em><span style=\"font-family: var(--global-body-font-family);\">\u00a0 Liian paksu kerros mit\u00e4 tahansa vesiliukoista viimeistelyainetta n\u00e4kyy erityisesti tummia s\u00e4vyj\u00e4 vasten harmaana raidoituksena. Jos n\u00e4in k\u00e4y sinulle, voit yksinkertaisesti soveltaa ns. &#8220;voileip\u00e4&#8221;-mallia; lis\u00e4\u00e4 Tough Coat:in p\u00e4\u00e4lle viel\u00e4 yksi kerros maalia. Tough Coat auttaa kyll\u00e4 maalikerrosten v\u00e4liss\u00e4kin!)\u00a0<\/span><\/p>\n<p>&nbsp;<\/p>\n[video width=\"720\" height=\"1280\" mp4=\"https:\/\/puuhamari.fi\/wp-content\/uploads\/2022\/04\/Tough-Coat-video-43-sec.mp4\" loop=\"true\" autoplay=\"true\"][\/video]\n","protected":false},"author":1,"featured_media":3224,"comment_status":"open","ping_status":"closed","template":"","meta":{"advgb_blocks_editor_width":"","advgb_blocks_columns_visual_guide":"","advanced_seo_description":"","jetpack_seo_html_title":"","jetpack_seo_noindex":false,"_kad_post_transparent":"default","_kad_post_title":"","_kad_post_layout":"default","_kad_post_sidebar_id":"","_kad_post_content_style":"default","_kad_post_vertical_padding":"default","_kad_post_feature":"","_kad_post_feature_position":"","_kad_post_header":false,"_kad_post_footer":false,"_kad_post_classname":"","jetpack_post_was_ever_published":false},"product_brand":[],"product_cat":[310],"product_tag":[330,327,328,329],"class_list":{"0":"post-3223","1":"product","2":"type-product","3":"status-publish","4":"has-post-thumbnail","6":"product_cat-muut-fusion-valmisteet","7":"product_tag-matta","8":"product_tag-tough-coat","9":"product_tag-viimeistelyaine","10":"product_tag-viimeistelypinnoite","12":"first","13":"instock","14":"taxable","15":"shipping-taxable","16":"purchasable","17":"product-type-simple","18":"entry","19":"content-bg","20":"loop-entry"},"featured_img":"https:\/\/puuhamari.fi\/wp-content\/uploads\/2022\/04\/007-Tough_Coat_Matte_HR_220308_0411-b.jpg","coauthors":[],"author_meta":{"author_link":"https:\/\/puuhamari.fi\/?author=1","display_name":"PuuhaMari"},"relative_dates":{"created":"Julkaistu 4 vuotta sitten","modified":"P\u00e4ivitetty 5 kuukautta sitten"},"absolute_dates":{"created":"Julkaistu 18 huhtikuun, 2022","modified":"P\u00e4ivitetty 26 marraskuun, 2025"},"absolute_dates_time":{"created":"Julkaistu 18 huhtikuun, 2022 10:02 am","modified":"P\u00e4ivitetty 26 marraskuun, 2025 5:08 pm"},"featured_img_caption":"","tax_additional":{"product_brand":{"linked":[],"unlinked":[],"slug":"product_brand","name":"Br\u00e4ndit"},"product_type":{"linked":["<a href=\"https:\/\/puuhamari.fi\/?taxonomy=product_type&#038;term=simple\" class=\"advgb-post-tax-term\">simple<\/a>"],"unlinked":["<span class=\"advgb-post-tax-term\">simple<\/span>"],"slug":"product_type","name":"Tuotetyyppi"},"product_visibility":{"linked":[],"unlinked":[],"slug":"product_visibility","name":"Tuotteen n\u00e4kyvyys"},"product_cat":{"linked":["<a href=\"https:\/\/puuhamari.fi\/?product_cat=muut-fusion-valmisteet\" class=\"advgb-post-tax-term\">Muut Fusion-valmisteet<\/a>"],"unlinked":["<span class=\"advgb-post-tax-term\">Muut Fusion-valmisteet<\/span>"],"slug":"product_cat","name":"Osastot"},"product_tag":{"linked":["<a href=\"https:\/\/puuhamari.fi\/?product_tag=matta\" class=\"advgb-post-tax-term\">Matta<\/a>","<a href=\"https:\/\/puuhamari.fi\/?product_tag=tough-coat\" class=\"advgb-post-tax-term\">Tough Coat<\/a>","<a href=\"https:\/\/puuhamari.fi\/?product_tag=viimeistelyaine\" class=\"advgb-post-tax-term\">Viimeistelyaine<\/a>","<a href=\"https:\/\/puuhamari.fi\/?product_tag=viimeistelypinnoite\" class=\"advgb-post-tax-term\">Viimeistelypinnoite<\/a>"],"unlinked":["<span class=\"advgb-post-tax-term\">Matta<\/span>","<span class=\"advgb-post-tax-term\">Tough Coat<\/span>","<span class=\"advgb-post-tax-term\">Viimeistelyaine<\/span>","<span class=\"advgb-post-tax-term\">Viimeistelypinnoite<\/span>"],"slug":"product_tag","name":"Avainsanat tuotteelle"},"product_shipping_class":{"linked":[],"unlinked":[],"slug":"product_shipping_class","name":"Tuotteen toimitusluokat"},"pos_product_visibility":{"linked":[],"unlinked":[],"slug":"pos_product_visibility","name":"POS Product visibility"},"pa_arkin-koko":{"linked":[],"unlinked":[],"slug":"pa_arkin-koko","name":"Tuote Arkin koko"},"pa_hiomatyynyn-karkeus":{"linked":[],"unlinked":[],"slug":"pa_hiomatyynyn-karkeus","name":"Tuote Hiomatyynyn karkeus"},"pa_kehys":{"linked":[],"unlinked":[],"slug":"pa_kehys","name":"Tuote Kehys"},"pa_kuvion-nro":{"linked":[],"unlinked":[],"slug":"pa_kuvion-nro","name":"Tuote Kuvion nro"},"pa_littean-pensselin-koko":{"linked":[],"unlinked":[],"slug":"pa_littean-pensselin-koko","name":"Tuote Litte\u00e4n pensselin koko"},"pa_maalivari":{"linked":[],"unlinked":[],"slug":"pa_maalivari","name":"Tuote Maaliv\u00e4ri"},"pa_palatapettien-lkm":{"linked":[],"unlinked":[],"slug":"pa_palatapettien-lkm","name":"Tuote Palatapettien lkm"},"pa_purkin-koko":{"linked":["<a href=\"https:\/\/puuhamari.fi\/?taxonomy=pa_purkin-koko&#038;term=500-ml\" class=\"advgb-post-tax-term\">500 ml<\/a>"],"unlinked":["<span class=\"advgb-post-tax-term\">500 ml<\/span>"],"slug":"pa_purkin-koko","name":"Tuote Purkin koko"},"pa_sapluunan-koko":{"linked":[],"unlinked":[],"slug":"pa_sapluunan-koko","name":"Tuote Sapluunan koko"},"pa_tabletti":{"linked":[],"unlinked":[],"slug":"pa_tabletti","name":"Tuote Tabletti"},"pa_valitse-sisalto":{"linked":[],"unlinked":[],"slug":"pa_valitse-sisalto","name":"Tuote Valitse sis\u00e4lt\u00f6"},"pa_varjostin":{"linked":[],"unlinked":[],"slug":"pa_varjostin","name":"Tuote Varjostin"}},"series_order":"","jetpack_sharing_enabled":true,"jetpack_likes_enabled":true,"jetpack-related-posts":[{"id":3225,"url":"https:\/\/puuhamari.fi\/?product=tough-coat-pinnoite-kiiltava","url_meta":{"origin":3223,"position":0},"title":"Tough Coat -pinnoite, KIILT\u00c4V\u00c4","author":"PuuhaMari","date":"18 huhtikuun, 2022","format":false,"excerpt":"(Matta Tough Coat l\u00f6ytyy t\u00e4m\u00e4n linkin kautta.) Vesiliukoinen, KIILT\u00c4V\u00c4N pinnan j\u00e4tt\u00e4v\u00e4 Tough Coat -viimeistelyaine ei kellastu ajan my\u00f6t\u00e4. Se toimii mainiosti kaikkialla miss\u00e4 tarvitset ylim\u00e4\u00e4r\u00e4isi\u00e4 kerroksia suojaamaan pintoja paljolta kulutukselta ja hankaukselta (esim. p\u00f6yt\u00e4pinnat). Levit\u00e4 aine puhtaalla pesusienell\u00e4, niin kalusteeseen ei j\u00e4\u00e4 siveltimenj\u00e4lki\u00e4, ja saan kauniisti kiilt\u00e4v\u00e4n pinnan. HUOM! (Editoitu\u2026","rel":"","context":"Samankaltainen artikkeli","block_context":{"text":"Samankaltainen artikkeli","link":""},"img":{"alt_text":"","src":"https:\/\/i0.wp.com\/puuhamari.fi\/wp-content\/uploads\/2022\/04\/008-Tough_Coat_Gloss_HR_220308_0412-b.jpg?fit=1200%2C1200&ssl=1&resize=350%2C200","width":350,"height":200,"srcset":"https:\/\/i0.wp.com\/puuhamari.fi\/wp-content\/uploads\/2022\/04\/008-Tough_Coat_Gloss_HR_220308_0412-b.jpg?fit=1200%2C1200&ssl=1&resize=350%2C200 1x, https:\/\/i0.wp.com\/puuhamari.fi\/wp-content\/uploads\/2022\/04\/008-Tough_Coat_Gloss_HR_220308_0412-b.jpg?fit=1200%2C1200&ssl=1&resize=525%2C300 1.5x, https:\/\/i0.wp.com\/puuhamari.fi\/wp-content\/uploads\/2022\/04\/008-Tough_Coat_Gloss_HR_220308_0412-b.jpg?fit=1200%2C1200&ssl=1&resize=700%2C400 2x, https:\/\/i0.wp.com\/puuhamari.fi\/wp-content\/uploads\/2022\/04\/008-Tough_Coat_Gloss_HR_220308_0412-b.jpg?fit=1200%2C1200&ssl=1&resize=1050%2C600 3x"},"classes":[]},{"id":9163,"url":"https:\/\/puuhamari.fi\/?product=fusion-levityssieni","url_meta":{"origin":3223,"position":1},"title":"Fusion levityssieni","author":"PuuhaMari","date":"31 lokakuun, 2024","format":false,"excerpt":"Ergonomisella kahvalla varustettu sieni tarjoaa lis\u00e4vakautta ja helppoutta Tough Coat -viimeistelyainetta levitett\u00e4ess\u00e4.\u00a0 Sienen halkaisija on 10 cm. Yksi sieni per paketti. Tough Coat on helpoin kaataa kertak\u00e4ytt\u00f6lautaselle. Kostuta sieni vedell\u00e4, purista kuivaksi ja dippaa se vaaka-asennossa Tough Coat -aineeseen. Aloita projektisi yhdest\u00e4 p\u00e4\u00e4st\u00e4 ja pyyhk\u00e4ise tasaisin vedoin aina samaan suuntaan.\u2026","rel":"","context":"Samankaltainen artikkeli","block_context":{"text":"Samankaltainen artikkeli","link":""},"img":{"alt_text":"","src":"https:\/\/i0.wp.com\/puuhamari.fi\/wp-content\/uploads\/2024\/10\/ToughCoatApplication-Sponges_600x.jpg?fit=600%2C563&ssl=1&resize=350%2C200","width":350,"height":200,"srcset":"https:\/\/i0.wp.com\/puuhamari.fi\/wp-content\/uploads\/2024\/10\/ToughCoatApplication-Sponges_600x.jpg?fit=600%2C563&ssl=1&resize=350%2C200 1x, https:\/\/i0.wp.com\/puuhamari.fi\/wp-content\/uploads\/2024\/10\/ToughCoatApplication-Sponges_600x.jpg?fit=600%2C563&ssl=1&resize=525%2C300 1.5x"},"classes":[]},{"id":3263,"url":"https:\/\/puuhamari.fi\/?product=beeswax-mehilaisvaha","url_meta":{"origin":3223,"position":2},"title":"Beeswax\/Hemp Finish &#8211; mehil\u00e4isvaha","author":"PuuhaMari","date":"3 toukokuun, 2022","format":false,"excerpt":"Seuraavaa er\u00e4\u00e4 odotetaan saapuvaksi tiistaina 15.7.2025!\u00a0 T\u00e4m\u00e4 mehil\u00e4isvaha on kehitetty nimenomaan osaksi Fusion tuoteperhett\u00e4, ja se sis\u00e4lt\u00e4\u00e4 vain puhdasta mehil\u00e4isvahaa ja hippusen hampunsiemen\u00f6ljy\u00e4. Se on elintarviketurvallinen, t\u00e4ysin luonnollinen tuote, joka muodostaa pehme\u00e4n, satiininsile\u00e4n pinnan. Ja se pysyy kauniina pitk\u00e4\u00e4n! Voit laittaa mehil\u00e4isvahaa Fusion Mineral Paintin\u2122 p\u00e4\u00e4lle, kun haluat kalusteelle kaunista\u2026","rel":"","context":"Samankaltainen artikkeli","block_context":{"text":"Samankaltainen artikkeli","link":""},"img":{"alt_text":"","src":"https:\/\/i0.wp.com\/puuhamari.fi\/wp-content\/uploads\/2022\/05\/fusion_mineral_paint-beeswaxfinish-B.jpg?fit=1200%2C1200&ssl=1&resize=350%2C200","width":350,"height":200,"srcset":"https:\/\/i0.wp.com\/puuhamari.fi\/wp-content\/uploads\/2022\/05\/fusion_mineral_paint-beeswaxfinish-B.jpg?fit=1200%2C1200&ssl=1&resize=350%2C200 1x, https:\/\/i0.wp.com\/puuhamari.fi\/wp-content\/uploads\/2022\/05\/fusion_mineral_paint-beeswaxfinish-B.jpg?fit=1200%2C1200&ssl=1&resize=525%2C300 1.5x, https:\/\/i0.wp.com\/puuhamari.fi\/wp-content\/uploads\/2022\/05\/fusion_mineral_paint-beeswaxfinish-B.jpg?fit=1200%2C1200&ssl=1&resize=700%2C400 2x, https:\/\/i0.wp.com\/puuhamari.fi\/wp-content\/uploads\/2022\/05\/fusion_mineral_paint-beeswaxfinish-B.jpg?fit=1200%2C1200&ssl=1&resize=1050%2C600 3x"},"classes":[]},{"id":9193,"url":"https:\/\/puuhamari.fi\/?product=clear-glaze-kuullote","url_meta":{"origin":3223,"position":3},"title":"V\u00e4rit\u00f6n\/s\u00e4vytett\u00e4v\u00e4 kuullote","author":"PuuhaMari","date":"1 marraskuun, 2024","format":false,"excerpt":"HUIPPUIDEA: s\u00e4vyt\u00e4 v\u00e4rit\u00f6n Clear Glaze mill\u00e4 tahansa Fusion maalis\u00e4vyll\u00e4 haluamasi v\u00e4riseksi!! (Katso kuvat) Kuullotteet sopivat erinomaisesti erikoisefektien luomiseen huonekaluihin ja seiniin. Fusionin poikkeuksellisen helppok\u00e4ytt\u00f6isill\u00e4 ja pitk\u00e4n aukioloajan (jopa 20 min) omaavilla kuullotteilla saat aikaan ammattimaisen lopputuloksen. Kuivuessaan aine muuttuu mattapintaiseksi. Anna kuullotteen kuivua noin vuorokauden ajan, jos lis\u00e4\u00e4t sen p\u00e4\u00e4lle\u2026","rel":"","context":"Samankaltainen artikkeli","block_context":{"text":"Samankaltainen artikkeli","link":""},"img":{"alt_text":"","src":"https:\/\/i0.wp.com\/puuhamari.fi\/wp-content\/uploads\/2024\/11\/Glaze-CLEAR-250mlb.jpg?fit=996%2C996&ssl=1&resize=350%2C200","width":350,"height":200,"srcset":"https:\/\/i0.wp.com\/puuhamari.fi\/wp-content\/uploads\/2024\/11\/Glaze-CLEAR-250mlb.jpg?fit=996%2C996&ssl=1&resize=350%2C200 1x, https:\/\/i0.wp.com\/puuhamari.fi\/wp-content\/uploads\/2024\/11\/Glaze-CLEAR-250mlb.jpg?fit=996%2C996&ssl=1&resize=525%2C300 1.5x, https:\/\/i0.wp.com\/puuhamari.fi\/wp-content\/uploads\/2024\/11\/Glaze-CLEAR-250mlb.jpg?fit=996%2C996&ssl=1&resize=700%2C400 2x"},"classes":[]},{"id":9191,"url":"https:\/\/puuhamari.fi\/?product=antiquing-glaze-kuullote","url_meta":{"origin":3223,"position":4},"title":"Antiikki kuullote","author":"PuuhaMari","date":"1 marraskuun, 2024","format":false,"excerpt":"Antiquing Glaze on s\u00e4vytetty kevyesti t\u00e4ytel\u00e4isen ruskeaksi, joten vanhennat sill\u00e4 superhelposti esim. \"liian valkoiset\" kalusteet vanhan tai jopa antiikkisen n\u00e4k\u00f6iseksi. Kuullotteet sopivat erinomaisesti erikoisefektien luomiseen huonekaluihin ja seiniin. Fusionin poikkeuksellisen helppok\u00e4ytt\u00f6isill\u00e4 ja pitk\u00e4n aukioloajan (jopa 20 min) omaavilla kuullotteilla saat aikaan ammattimaisen lopputuloksen. Kuivuessaan aine muuttuu mattapintaiseksi. Anna kuullotteen kuivua\u2026","rel":"","context":"Samankaltainen artikkeli","block_context":{"text":"Samankaltainen artikkeli","link":""},"img":{"alt_text":"","src":"https:\/\/i0.wp.com\/puuhamari.fi\/wp-content\/uploads\/2024\/11\/Glaze-ANTIQUING-250mlb.jpg?fit=996%2C996&ssl=1&resize=350%2C200","width":350,"height":200,"srcset":"https:\/\/i0.wp.com\/puuhamari.fi\/wp-content\/uploads\/2024\/11\/Glaze-ANTIQUING-250mlb.jpg?fit=996%2C996&ssl=1&resize=350%2C200 1x, https:\/\/i0.wp.com\/puuhamari.fi\/wp-content\/uploads\/2024\/11\/Glaze-ANTIQUING-250mlb.jpg?fit=996%2C996&ssl=1&resize=525%2C300 1.5x, https:\/\/i0.wp.com\/puuhamari.fi\/wp-content\/uploads\/2024\/11\/Glaze-ANTIQUING-250mlb.jpg?fit=996%2C996&ssl=1&resize=700%2C400 2x"},"classes":[]},{"id":5264,"url":"https:\/\/puuhamari.fi\/?product=extender-maalin-avoinnaolon-pidentaja","url_meta":{"origin":3223,"position":5},"title":"Extender &#8211; maalin avoinnaolon pident\u00e4j\u00e4","author":"PuuhaMari","date":"18 maaliskuun, 2023","format":false,"excerpt":"Tied\u00e4th\u00e4n silm\u00e4tipat, jotka kosteuttavat ja liukastavat silmi\u00e4? Extender on \"silm\u00e4tippoja maalillesi.\" Kun haluat pident\u00e4\u00e4 maalin nk. avoinnaoloaikaa (eli aikaa jonka sis\u00e4ll\u00e4 maali on kostean notkeaa, ja tottelee pensselin ohjausta). Kun tarvitset apua siveltimenj\u00e4lkien minimoimisessa. Esim. runsaasti Mica-pigmenttej\u00e4 sis\u00e4lt\u00e4vien metallimaalien kanssa. Kuiva ja\/tai l\u00e4mmin maalausilma saattaa j\u00e4ykist\u00e4\u00e4 maalin liian nopeasti, mutta\u2026","rel":"","context":"Samankaltainen artikkeli","block_context":{"text":"Samankaltainen artikkeli","link":""},"img":{"alt_text":"","src":"https:\/\/i0.wp.com\/puuhamari.fi\/wp-content\/uploads\/2023\/03\/Extender-White-HiRes-B.jpg?fit=1200%2C1200&ssl=1&resize=350%2C200","width":350,"height":200,"srcset":"https:\/\/i0.wp.com\/puuhamari.fi\/wp-content\/uploads\/2023\/03\/Extender-White-HiRes-B.jpg?fit=1200%2C1200&ssl=1&resize=350%2C200 1x, https:\/\/i0.wp.com\/puuhamari.fi\/wp-content\/uploads\/2023\/03\/Extender-White-HiRes-B.jpg?fit=1200%2C1200&ssl=1&resize=525%2C300 1.5x, https:\/\/i0.wp.com\/puuhamari.fi\/wp-content\/uploads\/2023\/03\/Extender-White-HiRes-B.jpg?fit=1200%2C1200&ssl=1&resize=700%2C400 2x, https:\/\/i0.wp.com\/puuhamari.fi\/wp-content\/uploads\/2023\/03\/Extender-White-HiRes-B.jpg?fit=1200%2C1200&ssl=1&resize=1050%2C600 3x"},"classes":[]}],"_links":{"self":[{"href":"https:\/\/puuhamari.fi\/index.php?rest_route=\/wp\/v2\/product\/3223","targetHints":{"allow":["GET"]}}],"collection":[{"href":"https:\/\/puuhamari.fi\/index.php?rest_route=\/wp\/v2\/product"}],"about":[{"href":"https:\/\/puuhamari.fi\/index.php?rest_route=\/wp\/v2\/types\/product"}],"replies":[{"embeddable":true,"href":"https:\/\/puuhamari.fi\/index.php?rest_route=%2Fwp%2Fv2%2Fcomments&post=3223"}],"version-history":[{"count":1,"href":"https:\/\/puuhamari.fi\/index.php?rest_route=\/wp\/v2\/product\/3223\/revisions"}],"predecessor-version":[{"id":8946,"href":"https:\/\/puuhamari.fi\/index.php?rest_route=\/wp\/v2\/product\/3223\/revisions\/8946"}],"wp:featuredmedia":[{"embeddable":true,"href":"https:\/\/puuhamari.fi\/index.php?rest_route=\/wp\/v2\/media\/3224"}],"wp:attachment":[{"href":"https:\/\/puuhamari.fi\/index.php?rest_route=%2Fwp%2Fv2%2Fmedia&parent=3223"}],"wp:term":[{"taxonomy":"product_brand","embeddable":true,"href":"https:\/\/puuhamari.fi\/index.php?rest_route=%2Fwp%2Fv2%2Fproduct_brand&post=3223"},{"taxonomy":"product_cat","embeddable":true,"href":"https:\/\/puuhamari.fi\/index.php?rest_route=%2Fwp%2Fv2%2Fproduct_cat&post=3223"},{"taxonomy":"product_tag","embeddable":true,"href":"https:\/\/puuhamari.fi\/index.php?rest_route=%2Fwp%2Fv2%2Fproduct_tag&post=3223"}],"curies":[{"name":"wp","href":"https:\/\/api.w.org\/{rel}","templated":true}]}}