{"id":3227,"date":"2022-04-18T10:04:56","date_gmt":"2022-04-18T10:04:56","guid":{"rendered":"https:\/\/puuhatarhanputiikki.fi\/?post_type=product&#038;p=3227"},"modified":"2025-11-26T17:10:39","modified_gmt":"2025-11-26T15:10:39","slug":"tsp-alternative-pesuaine","status":"publish","type":"product","link":"https:\/\/puuhamari.fi\/?product=tsp-alternative-pesuaine","title":{"rendered":"TSP Alternative -pesuaine"},"content":{"rendered":"<table width=\"100%\">\n<tbody>\n<tr>\n<td width=\"199\">K\u00e4ytt\u00f6v\u00e4line<\/td>\n<td width=\"421\">\u00a0Puhdas, nukkaamaton liina, tai &#8220;karhunkieli&#8221;<\/td>\n<\/tr>\n<tr>\n<td width=\"199\">Sopii kohteisiin<\/td>\n<td width=\"421\">Sis\u00e4- ja ulkopinnoille<\/td>\n<\/tr>\n<tr>\n<td width=\"199\">Uudelleenk\u00e4sittely<\/td>\n<td width=\"421\">\u00a0V\u00e4litt\u00f6m\u00e4sti, tarpeen vaatiessa<\/td>\n<\/tr>\n<tr>\n<td width=\"199\">Kuivumisaika<\/td>\n<td width=\"421\">\u00a010 minuuttia<\/td>\n<\/tr>\n<tr>\n<td width=\"199\">P\u00e4\u00e4lle voidaan laittaa<\/td>\n<td width=\"421\">Maalia, petsi\u00e4, tai viimeistelyainetta<\/td>\n<\/tr>\n<tr>\n<td width=\"199\">Pesu<\/td>\n<td width=\"421\">\u00a0Vedell\u00e4<\/td>\n<\/tr>\n<tr>\n<td width=\"199\">Riittoisuus<\/td>\n<td width=\"421\">Ohjeen mukaan laimennettuna saat 250 ml:n pullosta yht. 25 l valmista pesuainetta.<\/td>\n<\/tr>\n<tr>\n<td width=\"199\">Suositellut k\u00e4ytt\u00f6tavat<\/td>\n<td width=\"421\">\u00a0Rasvan ja lian perusteelliseen poistoon kalusteista ja muilta pinnoilta ennen niiden maalaamista tai viimeistely\u00e4 muulla tavoin.<\/td>\n<\/tr>\n<tr>\n<td width=\"199\">Mill\u00e4 pinnoilla voidaan k\u00e4ytt\u00e4\u00e4<\/td>\n<td width=\"421\">\u00a0Puu, maalatut\/viimeistellyt pinnat. Metalli, muovi, ja suurin osa pinnoista joita voidaan maalata. Ei tarpeen raakapuulle.<\/td>\n<\/tr>\n<tr>\n<td width=\"199\">Voidaanko maalata p\u00e4\u00e4lle<\/td>\n<td width=\"421\">\u00a0Kyll\u00e4. Edes huuhtelu ei ole tarpeen!<\/td>\n<\/tr>\n<\/tbody>\n<\/table>\n","protected":false},"excerpt":{"rendered":"<p>TIIVISTE.<br \/>\nSekoita 2 korkillista (=2 tl) 1 litraan vett\u00e4.<br \/>\nSaat tehokasta pesuainetta jopa 25 litraa!<\/p>\n<p>TSP Alternative on vesiliukoinen rasvanpoistoaine, jolla puhdistat perusteellisesti kalusteet ja muut pinnat ennen niiden maalaamista. T\u00e4m\u00e4 biohajoava ja silti eritt\u00e4in tehokas puhdistusaine pesee pois \u00f6ljyn, rasvan, sormenj\u00e4ljet, tahrat ja muun lian. Eik\u00e4 sit\u00e4 tarvitse edes huuhdella pois! Se parantaa maalin tarttuvuutta, sek\u00e4 lopullisen maalausj\u00e4lkesi kaunista yleisilmett\u00e4.<\/p>\n<p>L\u00e4hes hajuton TSP Alternative on turvallinen k\u00e4ytt\u00e4\u00e4 kaikilla pinnoilla; puu-, maali-, kipsi-, melamiini-, muovi-, metalli- ja lasipinnoilla. Se ei sis\u00e4ll\u00e4 ollenkaan fosfaattia (yksi ymp\u00e4rist\u00f6\u00e4 kuormittavista ravinteista), ja on siksi parempi valinta my\u00f6s vesist\u00f6jemme kunnosta v\u00e4litt\u00e4v\u00e4lle kuluttajalle!<\/p>\n<p>&nbsp;<\/p>\n[video width=\"608\" height=\"1080\" mp4=\"https:\/\/puuhamari.fi\/wp-content\/uploads\/2022\/04\/TSP-Alternative-video-25-sec.HD-1080p-7.2Mbps.mp4\" loop=\"true\" autoplay=\"true\"][\/video]\n","protected":false},"author":1,"featured_media":5276,"comment_status":"open","ping_status":"closed","template":"","meta":{"advgb_blocks_editor_width":"","advgb_blocks_columns_visual_guide":"","advanced_seo_description":"","jetpack_seo_html_title":"","jetpack_seo_noindex":false,"_kad_post_transparent":"default","_kad_post_title":"","_kad_post_layout":"default","_kad_post_sidebar_id":"","_kad_post_content_style":"default","_kad_post_vertical_padding":"default","_kad_post_feature":"","_kad_post_feature_position":"","_kad_post_header":false,"_kad_post_footer":false,"_kad_post_classname":"","jetpack_post_was_ever_published":false},"product_brand":[],"product_cat":[310],"product_tag":[333,25,332],"class_list":{"0":"post-3227","1":"product","2":"type-product","3":"status-publish","4":"has-post-thumbnail","6":"product_cat-muut-fusion-valmisteet","7":"product_tag-maalipesu","8":"product_tag-pesuaine","9":"product_tag-tsp-alternative","11":"first","12":"instock","13":"taxable","14":"shipping-taxable","15":"purchasable","16":"product-type-simple","17":"entry","18":"content-bg","19":"loop-entry"},"featured_img":"https:\/\/puuhamari.fi\/wp-content\/uploads\/2022\/04\/TSP-updated2-B-scaled.jpg","coauthors":[],"author_meta":{"author_link":"https:\/\/puuhamari.fi\/?author=1","display_name":"PuuhaMari"},"relative_dates":{"created":"Julkaistu 4 vuotta sitten","modified":"P\u00e4ivitetty 5 kuukautta sitten"},"absolute_dates":{"created":"Julkaistu 18 huhtikuun, 2022","modified":"P\u00e4ivitetty 26 marraskuun, 2025"},"absolute_dates_time":{"created":"Julkaistu 18 huhtikuun, 2022 10:04 am","modified":"P\u00e4ivitetty 26 marraskuun, 2025 5:10 pm"},"featured_img_caption":"","tax_additional":{"product_brand":{"linked":[],"unlinked":[],"slug":"product_brand","name":"Br\u00e4ndit"},"product_type":{"linked":["<a href=\"https:\/\/puuhamari.fi\/?taxonomy=product_type&#038;term=simple\" class=\"advgb-post-tax-term\">simple<\/a>"],"unlinked":["<span class=\"advgb-post-tax-term\">simple<\/span>"],"slug":"product_type","name":"Tuotetyyppi"},"product_visibility":{"linked":[],"unlinked":[],"slug":"product_visibility","name":"Tuotteen n\u00e4kyvyys"},"product_cat":{"linked":["<a href=\"https:\/\/puuhamari.fi\/?product_cat=muut-fusion-valmisteet\" class=\"advgb-post-tax-term\">Muut Fusion-valmisteet<\/a>"],"unlinked":["<span class=\"advgb-post-tax-term\">Muut Fusion-valmisteet<\/span>"],"slug":"product_cat","name":"Osastot"},"product_tag":{"linked":["<a href=\"https:\/\/puuhamari.fi\/?product_tag=maalipesu\" class=\"advgb-post-tax-term\">maalipesu<\/a>","<a href=\"https:\/\/puuhamari.fi\/?product_tag=pesuaine\" class=\"advgb-post-tax-term\">Pesuaine<\/a>","<a href=\"https:\/\/puuhamari.fi\/?product_tag=tsp-alternative\" class=\"advgb-post-tax-term\">TSP Alternative<\/a>"],"unlinked":["<span class=\"advgb-post-tax-term\">maalipesu<\/span>","<span class=\"advgb-post-tax-term\">Pesuaine<\/span>","<span class=\"advgb-post-tax-term\">TSP Alternative<\/span>"],"slug":"product_tag","name":"Avainsanat tuotteelle"},"product_shipping_class":{"linked":[],"unlinked":[],"slug":"product_shipping_class","name":"Tuotteen toimitusluokat"},"pos_product_visibility":{"linked":[],"unlinked":[],"slug":"pos_product_visibility","name":"POS Product visibility"},"pa_arkin-koko":{"linked":[],"unlinked":[],"slug":"pa_arkin-koko","name":"Tuote Arkin koko"},"pa_hiomatyynyn-karkeus":{"linked":[],"unlinked":[],"slug":"pa_hiomatyynyn-karkeus","name":"Tuote Hiomatyynyn karkeus"},"pa_kehys":{"linked":[],"unlinked":[],"slug":"pa_kehys","name":"Tuote Kehys"},"pa_kuvion-nro":{"linked":[],"unlinked":[],"slug":"pa_kuvion-nro","name":"Tuote Kuvion nro"},"pa_littean-pensselin-koko":{"linked":[],"unlinked":[],"slug":"pa_littean-pensselin-koko","name":"Tuote Litte\u00e4n pensselin koko"},"pa_maalivari":{"linked":[],"unlinked":[],"slug":"pa_maalivari","name":"Tuote Maaliv\u00e4ri"},"pa_palatapettien-lkm":{"linked":[],"unlinked":[],"slug":"pa_palatapettien-lkm","name":"Tuote Palatapettien lkm"},"pa_purkin-koko":{"linked":["<a href=\"https:\/\/puuhamari.fi\/?taxonomy=pa_purkin-koko&#038;term=250-ml\" class=\"advgb-post-tax-term\">250 ml<\/a>"],"unlinked":["<span class=\"advgb-post-tax-term\">250 ml<\/span>"],"slug":"pa_purkin-koko","name":"Tuote Purkin koko"},"pa_sapluunan-koko":{"linked":[],"unlinked":[],"slug":"pa_sapluunan-koko","name":"Tuote Sapluunan koko"},"pa_tabletti":{"linked":[],"unlinked":[],"slug":"pa_tabletti","name":"Tuote Tabletti"},"pa_valitse-sisalto":{"linked":[],"unlinked":[],"slug":"pa_valitse-sisalto","name":"Tuote Valitse sis\u00e4lt\u00f6"},"pa_varjostin":{"linked":[],"unlinked":[],"slug":"pa_varjostin","name":"Tuote Varjostin"}},"series_order":"","jetpack_sharing_enabled":true,"jetpack_likes_enabled":true,"jetpack-related-posts":[{"id":2220,"url":"https:\/\/puuhamari.fi\/?product=siirtokuva-gingham-red","url_meta":{"origin":3227,"position":0},"title":"Siirtokuva Gingham Red","author":"PuuhaMari","date":"27 lokakuun, 2021","format":false,"excerpt":"Punas\u00e4vyiset skottiruudut. Putkilo sis\u00e4lt\u00e4\u00e4 kaksi punapohjaista ja kaksi valkopohjaista siirtokuvaa. Yhden siirtokuvan mitat:\u00a0 58cm x 21,5 cm. Voidaan k\u00e4ytt\u00e4\u00e4 monenlaisilla pinnoilla; seinill\u00e4, kalusteissa, peileiss\u00e4, lasiesineiss\u00e4, jne. Jos projektisi on vastamaalattu, anna maalipinnan kovettua rauhassa ainakin 2 vrk:n ajan ennen kuin lis\u00e4\u00e4t siirtokuvan sen pinnalle. Tarkemmat k\u00e4ytt\u00f6ohjeet tulossa verkkokauppamme blogiin l\u00e4hiaikoina.","rel":"","context":"Samankaltainen artikkeli","block_context":{"text":"Samankaltainen artikkeli","link":""},"img":{"alt_text":"","src":"https:\/\/i0.wp.com\/puuhamari.fi\/wp-content\/uploads\/2021\/10\/Gingham-Red-NELIO.jpeg?fit=1200%2C1200&ssl=1&resize=350%2C200","width":350,"height":200,"srcset":"https:\/\/i0.wp.com\/puuhamari.fi\/wp-content\/uploads\/2021\/10\/Gingham-Red-NELIO.jpeg?fit=1200%2C1200&ssl=1&resize=350%2C200 1x, https:\/\/i0.wp.com\/puuhamari.fi\/wp-content\/uploads\/2021\/10\/Gingham-Red-NELIO.jpeg?fit=1200%2C1200&ssl=1&resize=525%2C300 1.5x, https:\/\/i0.wp.com\/puuhamari.fi\/wp-content\/uploads\/2021\/10\/Gingham-Red-NELIO.jpeg?fit=1200%2C1200&ssl=1&resize=700%2C400 2x, https:\/\/i0.wp.com\/puuhamari.fi\/wp-content\/uploads\/2021\/10\/Gingham-Red-NELIO.jpeg?fit=1200%2C1200&ssl=1&resize=1050%2C600 3x"},"classes":[]},{"id":2225,"url":"https:\/\/puuhamari.fi\/?product=siirtokuva-gingham-black","url_meta":{"origin":3227,"position":1},"title":"Siirtokuva Gingham Black","author":"PuuhaMari","date":"27 lokakuun, 2021","format":false,"excerpt":"Mustavalkoinen skottiruutu, ja mustavalkoinen pikkuruutu. Putkilo sis\u00e4lt\u00e4\u00e4 kaksi skottiruutuista ja kaksi pikkuruudullista siirtokuvaa. Yhden skottiruutuisen siirtokuvan mitat:\u00a0 59 cm x 22,5 cm. Yhden pikkuruudullisen siirtokuvan mitat:\u00a0 59 cm x 19 cm. Voidaan k\u00e4ytt\u00e4\u00e4 monenlaisilla pinnoilla; seinill\u00e4, kalusteissa, peileiss\u00e4, lasiesineiss\u00e4, jne. Jos projektisi on vastamaalattu, anna maalipinnan kovettua rauhassa ainakin 2\u2026","rel":"","context":"Samankaltainen artikkeli","block_context":{"text":"Samankaltainen artikkeli","link":""},"img":{"alt_text":"","src":"https:\/\/i0.wp.com\/puuhamari.fi\/wp-content\/uploads\/2021\/10\/Gingham-Black-NELIO.jpeg?fit=1000%2C1000&ssl=1&resize=350%2C200","width":350,"height":200,"srcset":"https:\/\/i0.wp.com\/puuhamari.fi\/wp-content\/uploads\/2021\/10\/Gingham-Black-NELIO.jpeg?fit=1000%2C1000&ssl=1&resize=350%2C200 1x, https:\/\/i0.wp.com\/puuhamari.fi\/wp-content\/uploads\/2021\/10\/Gingham-Black-NELIO.jpeg?fit=1000%2C1000&ssl=1&resize=525%2C300 1.5x, https:\/\/i0.wp.com\/puuhamari.fi\/wp-content\/uploads\/2021\/10\/Gingham-Black-NELIO.jpeg?fit=1000%2C1000&ssl=1&resize=700%2C400 2x"},"classes":[]},{"id":5243,"url":"https:\/\/puuhamari.fi\/?product=hemp-oil-hampunsiemenoljy","url_meta":{"origin":3227,"position":2},"title":"Hemp Oil &#8211; hampunsiemen\u00f6ljy","author":"PuuhaMari","date":"18 maaliskuun, 2023","format":false,"excerpt":"100% luonnollinen hamppu\u00f6ljy on kuin nestem\u00e4ist\u00e4 kultaa - superhelppo levitt\u00e4\u00e4 ja samalla se hoitaa k\u00e4siesi ihoa! Kaada tai penssel\u00f6i \u00f6ljy kohteeseen, ja pyyhi ylim\u00e4\u00e4r\u00e4inen m\u00e4\u00e4r\u00e4 pois nukkaamattomalla liinalla. Hamppu\u00f6ljy elvytt\u00e4\u00e4, hoitaa ja suojaa puuta, ja antaa sille kauniin luonnollisen viimeistelyn. Siit\u00e4 hy\u00f6tyv\u00e4t sek\u00e4 raa'at, ett\u00e4 kunnostettavat puupinnat, ja se tekee\u2026","rel":"","context":"Samankaltainen artikkeli","block_context":{"text":"Samankaltainen artikkeli","link":""},"img":{"alt_text":"","src":"https:\/\/i0.wp.com\/puuhamari.fi\/wp-content\/uploads\/2024\/10\/hempoil-b.jpg?fit=1200%2C1200&ssl=1&resize=350%2C200","width":350,"height":200,"srcset":"https:\/\/i0.wp.com\/puuhamari.fi\/wp-content\/uploads\/2024\/10\/hempoil-b.jpg?fit=1200%2C1200&ssl=1&resize=350%2C200 1x, https:\/\/i0.wp.com\/puuhamari.fi\/wp-content\/uploads\/2024\/10\/hempoil-b.jpg?fit=1200%2C1200&ssl=1&resize=525%2C300 1.5x, https:\/\/i0.wp.com\/puuhamari.fi\/wp-content\/uploads\/2024\/10\/hempoil-b.jpg?fit=1200%2C1200&ssl=1&resize=700%2C400 2x, https:\/\/i0.wp.com\/puuhamari.fi\/wp-content\/uploads\/2024\/10\/hempoil-b.jpg?fit=1200%2C1200&ssl=1&resize=1050%2C600 3x"},"classes":[]},{"id":4496,"url":"https:\/\/puuhamari.fi\/?product=siirtokuva-midnight-floral","url_meta":{"origin":3227,"position":3},"title":"Siirtokuva Midnight Floral","author":"PuuhaMari","date":"15 elokuun, 2022","format":false,"excerpt":"Upeat, tummanpuhuvat ruusut vuorottelevat vaaleiden ja jopa pelkin \u00e4\u00e4riviivoin piirrettyjen ruusujen kanssa. Voit vapaasti leikata kalvosta erilleen yksitt\u00e4isi\u00e4 ruusuja tai ruusuryhmi\u00e4, ja asetella niit\u00e4 joko moneen\u00a0 pienemp\u00e4\u00e4n tuunauskohteseen, tai yhteen suureen. Siirtokuvan totaalikoko on n. 66 cm x 89 cm, ja k\u00e4ytt\u00f6mukavuuden lis\u00e4\u00e4miseksi se on painettu kahdelle erilliselle kalvolle. Voidaan\u2026","rel":"","context":"With 1 comment","block_context":{"text":"With 1 comment","link":"https:\/\/puuhamari.fi\/?product=siirtokuva-midnight-floral#comments"},"img":{"alt_text":"","src":"https:\/\/i0.wp.com\/puuhamari.fi\/wp-content\/uploads\/2022\/08\/Midnight-Floral-4.png?fit=907%2C910&ssl=1&resize=350%2C200","width":350,"height":200,"srcset":"https:\/\/i0.wp.com\/puuhamari.fi\/wp-content\/uploads\/2022\/08\/Midnight-Floral-4.png?fit=907%2C910&ssl=1&resize=350%2C200 1x, https:\/\/i0.wp.com\/puuhamari.fi\/wp-content\/uploads\/2022\/08\/Midnight-Floral-4.png?fit=907%2C910&ssl=1&resize=525%2C300 1.5x, https:\/\/i0.wp.com\/puuhamari.fi\/wp-content\/uploads\/2022\/08\/Midnight-Floral-4.png?fit=907%2C910&ssl=1&resize=700%2C400 2x"},"classes":[]},{"id":8749,"url":"https:\/\/puuhamari.fi\/?product=lakan-ja-maalinpoistoaine","url_meta":{"origin":3227,"position":4},"title":"Lakan- ja maalinpoistoaine","author":"PuuhaMari","date":"29 elokuun, 2024","format":false,"excerpt":"T\u00e4m\u00e4 poikkeuksellisen turvallinen, tehokas ja helppok\u00e4ytt\u00f6inen lakan- ja maalinpoistoaine... Ei pistelev\u00e4\u00e4 tuoksua Voidaan k\u00e4ytt\u00e4\u00e4 sis\u00e4tiloissa Voidaan k\u00e4ytt\u00e4\u00e4 ilman suojak\u00e4sineit\u00e4 ja hengityssuojia Vaikutusaika keskim\u00e4\u00e4rin 30-45 min. K\u00e4ytt\u00f6kohteina huonekalut, ty\u00f6tasot, lattiat, sein\u00e4t, ovet, karmit ja listat - kaikki lakatut ja maalatut puupinnat sis\u00e4ll\u00e4 ja ulkona. Polyvinen lakan- ja maalinpoistoaineella on kysynt\u00e4\u00e4 sek\u00e4\u2026","rel":"","context":"Samankaltainen artikkeli","block_context":{"text":"Samankaltainen artikkeli","link":""},"img":{"alt_text":"","src":"https:\/\/i0.wp.com\/puuhamari.fi\/wp-content\/uploads\/2024\/08\/Polyvine-Varnish-and-Paint-Remover.png?fit=749%2C750&ssl=1&resize=350%2C200","width":350,"height":200,"srcset":"https:\/\/i0.wp.com\/puuhamari.fi\/wp-content\/uploads\/2024\/08\/Polyvine-Varnish-and-Paint-Remover.png?fit=749%2C750&ssl=1&resize=350%2C200 1x, https:\/\/i0.wp.com\/puuhamari.fi\/wp-content\/uploads\/2024\/08\/Polyvine-Varnish-and-Paint-Remover.png?fit=749%2C750&ssl=1&resize=525%2C300 1.5x, https:\/\/i0.wp.com\/puuhamari.fi\/wp-content\/uploads\/2024\/08\/Polyvine-Varnish-and-Paint-Remover.png?fit=749%2C750&ssl=1&resize=700%2C400 2x"},"classes":[]},{"id":3389,"url":"https:\/\/puuhamari.fi\/?product=siirtokuva-white-magnolia","url_meta":{"origin":3227,"position":5},"title":"Siirtokuva White Magnolia","author":"PuuhaMari","date":"23 toukokuun, 2022","format":false,"excerpt":"Valkoiset magnoliankukat ovat aina varma valinta tyylikk\u00e4\u00e4seen ja\/tai suloiseen sisustukseen. Pakkaus sis\u00e4lt\u00e4\u00e4 kolme erilaisin kuvin varustettua kalvoa. Kaikki 3 kalvoa ovat n\u00e4kyv\u00e4t oheisessa tuotekuvassa. Jokaisen yksitt\u00e4isen kalvon koko on n. 15 cm x 30,5 cm. Voidaan k\u00e4ytt\u00e4\u00e4 monilla erilaisilla pinnoilla. Jos projektisi on vastamaalattu, anna maalipinnan kovettua rauhassa ainakin 2\u2026","rel":"","context":"With 3 comments","block_context":{"text":"With 3 comments","link":"https:\/\/puuhamari.fi\/?product=siirtokuva-white-magnolia#comments"},"img":{"alt_text":"","src":"https:\/\/i0.wp.com\/puuhamari.fi\/wp-content\/uploads\/2022\/05\/White-Magnolia-NELIO.jpg?fit=765%2C744&ssl=1&resize=350%2C200","width":350,"height":200,"srcset":"https:\/\/i0.wp.com\/puuhamari.fi\/wp-content\/uploads\/2022\/05\/White-Magnolia-NELIO.jpg?fit=765%2C744&ssl=1&resize=350%2C200 1x, https:\/\/i0.wp.com\/puuhamari.fi\/wp-content\/uploads\/2022\/05\/White-Magnolia-NELIO.jpg?fit=765%2C744&ssl=1&resize=525%2C300 1.5x, https:\/\/i0.wp.com\/puuhamari.fi\/wp-content\/uploads\/2022\/05\/White-Magnolia-NELIO.jpg?fit=765%2C744&ssl=1&resize=700%2C400 2x"},"classes":[]}],"_links":{"self":[{"href":"https:\/\/puuhamari.fi\/index.php?rest_route=\/wp\/v2\/product\/3227","targetHints":{"allow":["GET"]}}],"collection":[{"href":"https:\/\/puuhamari.fi\/index.php?rest_route=\/wp\/v2\/product"}],"about":[{"href":"https:\/\/puuhamari.fi\/index.php?rest_route=\/wp\/v2\/types\/product"}],"replies":[{"embeddable":true,"href":"https:\/\/puuhamari.fi\/index.php?rest_route=%2Fwp%2Fv2%2Fcomments&post=3227"}],"version-history":[{"count":1,"href":"https:\/\/puuhamari.fi\/index.php?rest_route=\/wp\/v2\/product\/3227\/revisions"}],"predecessor-version":[{"id":10120,"href":"https:\/\/puuhamari.fi\/index.php?rest_route=\/wp\/v2\/product\/3227\/revisions\/10120"}],"wp:featuredmedia":[{"embeddable":true,"href":"https:\/\/puuhamari.fi\/index.php?rest_route=\/wp\/v2\/media\/5276"}],"wp:attachment":[{"href":"https:\/\/puuhamari.fi\/index.php?rest_route=%2Fwp%2Fv2%2Fmedia&parent=3227"}],"wp:term":[{"taxonomy":"product_brand","embeddable":true,"href":"https:\/\/puuhamari.fi\/index.php?rest_route=%2Fwp%2Fv2%2Fproduct_brand&post=3227"},{"taxonomy":"product_cat","embeddable":true,"href":"https:\/\/puuhamari.fi\/index.php?rest_route=%2Fwp%2Fv2%2Fproduct_cat&post=3227"},{"taxonomy":"product_tag","embeddable":true,"href":"https:\/\/puuhamari.fi\/index.php?rest_route=%2Fwp%2Fv2%2Fproduct_tag&post=3227"}],"curies":[{"name":"wp","href":"https:\/\/api.w.org\/{rel}","templated":true}]}}