{"id":3230,"date":"2022-04-18T10:18:25","date_gmt":"2022-04-18T10:18:25","guid":{"rendered":"https:\/\/puuhatarhanputiikki.fi\/?post_type=product&#038;p=3230"},"modified":"2025-11-26T17:10:44","modified_gmt":"2025-11-26T15:10:44","slug":"ultra-grip-tartunta-aine","status":"publish","type":"product","link":"https:\/\/puuhamari.fi\/?product=ultra-grip-tartunta-aine","title":{"rendered":"Ultra Grip -tartunta-aine"},"content":{"rendered":"","protected":false},"excerpt":{"rendered":"<p>Onko maalauskohteesi hankala tapaus? Keitti\u00f6kaapin ovi, jota ei voi hioa tai edes karhentaa? Korkeakiiltoinen pinta? Sellaisia tapauksia varten on kehitetty Fusion Ultra Grip: esim. melamiinin, laminaatin ja thermofoilin maalaamisessa auttamaan. Myrkyt\u00f6n, vesiliukoinen Ultra Grip tekee mahdottoman maalaamisesta mahdollista!<\/p>\n<p>(Ai mit\u00e4 on thermofoil? PuuhaMari ei ole l\u00f6yt\u00e4nyt sille suomenkielist\u00e4 sanaa, mutta kyseess\u00e4 on muovinkaltainen aine, joka tietyss\u00e4 l\u00e4mp\u00f6tilassa &#8220;kipristyy&#8221;\/muovautuu kalvomaiseksi p\u00e4\u00e4llysteeksi esim. mdf-levyst\u00e4 valmistetun kaapinoven pintaan. Usein korkeakiiltoista. Kts. viimeinen kuva)<\/p>\n<p>&nbsp;<\/p>\n<p>&nbsp;<\/p>\n<p>https:\/\/youtu.be\/6LBw9IWjCYE<\/p>\n","protected":false},"author":1,"featured_media":3231,"comment_status":"open","ping_status":"closed","template":"","meta":{"advgb_blocks_editor_width":"","advgb_blocks_columns_visual_guide":"","advanced_seo_description":"","jetpack_seo_html_title":"","jetpack_seo_noindex":false,"_kad_post_transparent":"default","_kad_post_title":"","_kad_post_layout":"default","_kad_post_sidebar_id":"","_kad_post_content_style":"default","_kad_post_vertical_padding":"default","_kad_post_feature":"","_kad_post_feature_position":"","_kad_post_header":false,"_kad_post_footer":false,"_kad_post_classname":"","jetpack_post_was_ever_published":false},"product_brand":[],"product_cat":[310],"product_tag":[335,334],"class_list":{"0":"post-3230","1":"product","2":"type-product","3":"status-publish","4":"has-post-thumbnail","6":"product_cat-muut-fusion-valmisteet","7":"product_tag-tartunta-aine","8":"product_tag-ultra-grip","10":"first","11":"instock","12":"taxable","13":"shipping-taxable","14":"purchasable","15":"product-type-simple","16":"entry","17":"content-bg","18":"loop-entry"},"featured_img":"https:\/\/puuhamari.fi\/wp-content\/uploads\/2022\/04\/fusion_mineral_paint-ultragrip-b.jpg","coauthors":[],"author_meta":{"author_link":"https:\/\/puuhamari.fi\/?author=1","display_name":"PuuhaMari"},"relative_dates":{"created":"Julkaistu 4 vuotta sitten","modified":"P\u00e4ivitetty 5 kuukautta sitten"},"absolute_dates":{"created":"Julkaistu 18 huhtikuun, 2022","modified":"P\u00e4ivitetty 26 marraskuun, 2025"},"absolute_dates_time":{"created":"Julkaistu 18 huhtikuun, 2022 10:18 am","modified":"P\u00e4ivitetty 26 marraskuun, 2025 5:10 pm"},"featured_img_caption":"","tax_additional":{"product_brand":{"linked":[],"unlinked":[],"slug":"product_brand","name":"Br\u00e4ndit"},"product_type":{"linked":["<a href=\"https:\/\/puuhamari.fi\/?taxonomy=product_type&#038;term=simple\" class=\"advgb-post-tax-term\">simple<\/a>"],"unlinked":["<span class=\"advgb-post-tax-term\">simple<\/span>"],"slug":"product_type","name":"Tuotetyyppi"},"product_visibility":{"linked":[],"unlinked":[],"slug":"product_visibility","name":"Tuotteen n\u00e4kyvyys"},"product_cat":{"linked":["<a href=\"https:\/\/puuhamari.fi\/?product_cat=muut-fusion-valmisteet\" class=\"advgb-post-tax-term\">Muut Fusion-valmisteet<\/a>"],"unlinked":["<span class=\"advgb-post-tax-term\">Muut Fusion-valmisteet<\/span>"],"slug":"product_cat","name":"Osastot"},"product_tag":{"linked":["<a href=\"https:\/\/puuhamari.fi\/?product_tag=tartunta-aine\" class=\"advgb-post-tax-term\">Tartunta-aine<\/a>","<a href=\"https:\/\/puuhamari.fi\/?product_tag=ultra-grip\" class=\"advgb-post-tax-term\">Ultra Grip<\/a>"],"unlinked":["<span class=\"advgb-post-tax-term\">Tartunta-aine<\/span>","<span class=\"advgb-post-tax-term\">Ultra Grip<\/span>"],"slug":"product_tag","name":"Avainsanat tuotteelle"},"product_shipping_class":{"linked":[],"unlinked":[],"slug":"product_shipping_class","name":"Tuotteen toimitusluokat"},"pos_product_visibility":{"linked":[],"unlinked":[],"slug":"pos_product_visibility","name":"POS Product visibility"},"pa_arkin-koko":{"linked":[],"unlinked":[],"slug":"pa_arkin-koko","name":"Tuote Arkin koko"},"pa_hiomatyynyn-karkeus":{"linked":[],"unlinked":[],"slug":"pa_hiomatyynyn-karkeus","name":"Tuote Hiomatyynyn karkeus"},"pa_kehys":{"linked":[],"unlinked":[],"slug":"pa_kehys","name":"Tuote Kehys"},"pa_kuvion-nro":{"linked":[],"unlinked":[],"slug":"pa_kuvion-nro","name":"Tuote Kuvion nro"},"pa_littean-pensselin-koko":{"linked":[],"unlinked":[],"slug":"pa_littean-pensselin-koko","name":"Tuote Litte\u00e4n pensselin koko"},"pa_maalivari":{"linked":[],"unlinked":[],"slug":"pa_maalivari","name":"Tuote Maaliv\u00e4ri"},"pa_palatapettien-lkm":{"linked":[],"unlinked":[],"slug":"pa_palatapettien-lkm","name":"Tuote Palatapettien lkm"},"pa_purkin-koko":{"linked":["<a href=\"https:\/\/puuhamari.fi\/?taxonomy=pa_purkin-koko&#038;term=500-ml\" class=\"advgb-post-tax-term\">500 ml<\/a>"],"unlinked":["<span class=\"advgb-post-tax-term\">500 ml<\/span>"],"slug":"pa_purkin-koko","name":"Tuote Purkin koko"},"pa_sapluunan-koko":{"linked":[],"unlinked":[],"slug":"pa_sapluunan-koko","name":"Tuote Sapluunan koko"},"pa_tabletti":{"linked":[],"unlinked":[],"slug":"pa_tabletti","name":"Tuote Tabletti"},"pa_valitse-sisalto":{"linked":[],"unlinked":[],"slug":"pa_valitse-sisalto","name":"Tuote Valitse sis\u00e4lt\u00f6"},"pa_varjostin":{"linked":[],"unlinked":[],"slug":"pa_varjostin","name":"Tuote Varjostin"}},"series_order":"","jetpack_sharing_enabled":true,"jetpack_likes_enabled":true,"jetpack-related-posts":[{"id":10004,"url":"https:\/\/puuhamari.fi\/?product=ultra-guard-matta-viimeistelyaine","url_meta":{"origin":3230,"position":0},"title":"Ultra Guard &#8211; SUPERMATTA viimeistelyaine","author":"PuuhaMari","date":"14 elokuun, 2025","format":false,"excerpt":"Ultra Guard = tummien s\u00e4vyjen paras yst\u00e4v\u00e4! T\u00e4ll\u00e4 sivulla SUPERMATTA -versio. Jos haluat Ultra Guard SATIINI -kiiltoastetta, hanki sit\u00e4 t\u00e4\u00e4lt\u00e4. Purkin koko: 473 ml.\u00a0 Purkin riittoisuus: 6m\u00b2. Ei sovellu ulkokalusteiden viimeistelyyn; k\u00e4yt\u00e4 niiss\u00e4 Fusionin Tough Coat:ia (matta tai kiilt\u00e4v\u00e4). Fusion Mineral Paint on kehitt\u00e4nyt t\u00e4m\u00e4n viimeistelyaineen aivan erityinen haaste mieless\u00e4\u00e4n:\u2026","rel":"","context":"Samankaltainen artikkeli","block_context":{"text":"Samankaltainen artikkeli","link":""},"img":{"alt_text":"","src":"https:\/\/i0.wp.com\/puuhamari.fi\/wp-content\/uploads\/2025\/08\/Ultra-Guard-FlatPoly-437mLCAN-b.jpg?fit=1200%2C1200&ssl=1&resize=350%2C200","width":350,"height":200,"srcset":"https:\/\/i0.wp.com\/puuhamari.fi\/wp-content\/uploads\/2025\/08\/Ultra-Guard-FlatPoly-437mLCAN-b.jpg?fit=1200%2C1200&ssl=1&resize=350%2C200 1x, https:\/\/i0.wp.com\/puuhamari.fi\/wp-content\/uploads\/2025\/08\/Ultra-Guard-FlatPoly-437mLCAN-b.jpg?fit=1200%2C1200&ssl=1&resize=525%2C300 1.5x, https:\/\/i0.wp.com\/puuhamari.fi\/wp-content\/uploads\/2025\/08\/Ultra-Guard-FlatPoly-437mLCAN-b.jpg?fit=1200%2C1200&ssl=1&resize=700%2C400 2x, https:\/\/i0.wp.com\/puuhamari.fi\/wp-content\/uploads\/2025\/08\/Ultra-Guard-FlatPoly-437mLCAN-b.jpg?fit=1200%2C1200&ssl=1&resize=1050%2C600 3x"},"classes":[]},{"id":10188,"url":"https:\/\/puuhamari.fi\/?product=ultra-guard-satiini-viimeistelyaine","url_meta":{"origin":3230,"position":1},"title":"Ultra Guard &#8211; SATIINI viimeistelyaine","author":"PuuhaMari","date":"15 syyskuun, 2025","format":false,"excerpt":"Ultra Guard = tummien s\u00e4vyjen paras yst\u00e4v\u00e4! T\u00e4ll\u00e4 sivulla SATIINI -kiiltoversio. Jos haluat Ultra Guardisi SUPERMATTANA, hanki sit\u00e4 t\u00e4\u00e4lt\u00e4. Purkin koko: 473 ml.\u00a0 Purkin riittoisuus: 6m\u00b2. Ei sovellu ulkokalusteiden viimeistelyyn; k\u00e4yt\u00e4 niiss\u00e4 Fusionin Tough Coat:ia (matta tai kiilt\u00e4v\u00e4). Fusion Mineral Paint on kehitt\u00e4nyt t\u00e4m\u00e4n viimeistelyaineen aivan erityinen haaste mieless\u00e4\u00e4n: tummien\u2026","rel":"","context":"Samankaltainen artikkeli","block_context":{"text":"Samankaltainen artikkeli","link":""},"img":{"alt_text":"","src":"https:\/\/i0.wp.com\/puuhamari.fi\/wp-content\/uploads\/2025\/09\/Ultra-Guard-SatinPoly-437mLCAN-b.jpg?fit=1200%2C1200&ssl=1&resize=350%2C200","width":350,"height":200,"srcset":"https:\/\/i0.wp.com\/puuhamari.fi\/wp-content\/uploads\/2025\/09\/Ultra-Guard-SatinPoly-437mLCAN-b.jpg?fit=1200%2C1200&ssl=1&resize=350%2C200 1x, https:\/\/i0.wp.com\/puuhamari.fi\/wp-content\/uploads\/2025\/09\/Ultra-Guard-SatinPoly-437mLCAN-b.jpg?fit=1200%2C1200&ssl=1&resize=525%2C300 1.5x, https:\/\/i0.wp.com\/puuhamari.fi\/wp-content\/uploads\/2025\/09\/Ultra-Guard-SatinPoly-437mLCAN-b.jpg?fit=1200%2C1200&ssl=1&resize=700%2C400 2x, https:\/\/i0.wp.com\/puuhamari.fi\/wp-content\/uploads\/2025\/09\/Ultra-Guard-SatinPoly-437mLCAN-b.jpg?fit=1200%2C1200&ssl=1&resize=1050%2C600 3x"},"classes":[]},{"id":1243,"url":"https:\/\/puuhamari.fi\/?product=hiomatyyny-wurth-120","url_meta":{"origin":3230,"position":2},"title":"Hiomatyyny W\u00fcrth 120","author":"PuuhaMari","date":"22 elokuun, 2021","format":false,"excerpt":"\u2022 Puun, metallin, maalien, kittien ja lakan hiontaan. \u2022 Tukeva tyyny toimii hiomatukena \u2022 Muotoutuu hyvin pinnan mukaan \u2022 Helppo puhdistaa vedell\u00e4 \u2022 Hioma-aine alumiinioksidia \u2022 Mitat: 100 x 68 x 25 mm \u2022 Karkeusaste: Keskihieno 120 \u2022 Saatavana 4 eri karkeusasteessa (60, 80, 120, 220)","rel":"","context":"Samankaltainen artikkeli","block_context":{"text":"Samankaltainen artikkeli","link":""},"img":{"alt_text":"","src":"https:\/\/i0.wp.com\/puuhamari.fi\/wp-content\/uploads\/2020\/06\/Wurth-hiomatyyny-NELIO.png?fit=240%2C244&ssl=1&resize=350%2C200","width":350,"height":200},"classes":[]},{"id":433,"url":"https:\/\/puuhamari.fi\/?product=hiomatyyny-wurth-60","url_meta":{"origin":3230,"position":3},"title":"Hiomatyyny W\u00fcrth 60","author":"PuuhaMari","date":"4 kes\u00e4kuun, 2020","format":false,"excerpt":"\u2022 Puun, metallin, maalien, kittien ja lakan hiontaan. \u2022 Tukeva tyyny toimii hiomatukena \u2022 Muotoutuu hyvin pinnan mukaan \u2022 Helppo puhdistaa vedell\u00e4 \u2022 Hioma-aine alumiinioksidia \u2022 Mitat: 100 x 68 x 25 mm \u2022 Karkeusaste: Karkea 60 \u2022 Saatavana 4 eri karkeusasteessa (60, 80, 120, 220)","rel":"","context":"Samankaltainen artikkeli","block_context":{"text":"Samankaltainen artikkeli","link":""},"img":{"alt_text":"","src":"https:\/\/i0.wp.com\/puuhamari.fi\/wp-content\/uploads\/2020\/06\/Wurth-hiomatyyny-NELIO.png?fit=240%2C244&ssl=1&resize=350%2C200","width":350,"height":200},"classes":[]},{"id":1244,"url":"https:\/\/puuhamari.fi\/?product=hiomatyyny-wurth-80","url_meta":{"origin":3230,"position":4},"title":"Hiomatyyny W\u00fcrth 80","author":"PuuhaMari","date":"22 elokuun, 2021","format":false,"excerpt":"\u2022 Puun, metallin, maalien, kittien ja lakan hiontaan. \u2022 Tukeva tyyny toimii hiomatukena \u2022 Muotoutuu hyvin pinnan mukaan \u2022 Helppo puhdistaa vedell\u00e4 \u2022 Hioma-aine alumiinioksidia \u2022 Mitat: 100 x 68 x 25 mm \u2022 Karkeusaste: Keskikarkea 80 \u2022 Saatavana 4 eri karkeusasteessa (60, 80, 120, 220)","rel":"","context":"Samankaltainen artikkeli","block_context":{"text":"Samankaltainen artikkeli","link":""},"img":{"alt_text":"","src":"https:\/\/i0.wp.com\/puuhamari.fi\/wp-content\/uploads\/2020\/06\/Wurth-hiomatyyny-NELIO-Peilikuva.png?fit=240%2C244&ssl=1&resize=350%2C200","width":350,"height":200},"classes":[]},{"id":1245,"url":"https:\/\/puuhamari.fi\/?product=hiomatyyny-wurth-220","url_meta":{"origin":3230,"position":5},"title":"Hiomatyyny W\u00fcrth 220","author":"PuuhaMari","date":"22 elokuun, 2021","format":false,"excerpt":"\u2022 Puun, metallin, maalien, kittien ja lakan hiontaan. \u2022 Tukeva tyyny toimii hiomatukena \u2022 Muotoutuu hyvin pinnan mukaan \u2022 Helppo puhdistaa vedell\u00e4 \u2022 Hioma-aine alumiinioksidia \u2022 Mitat: 100 x 68 x 25 mm \u2022 Karkeusaste: Hieno 220 \u2022 Saatavana 4 eri karkeusasteessa (60, 80, 120, 220)","rel":"","context":"With 1 comment","block_context":{"text":"With 1 comment","link":"https:\/\/puuhamari.fi\/?product=hiomatyyny-wurth-220#comments"},"img":{"alt_text":"","src":"https:\/\/i0.wp.com\/puuhamari.fi\/wp-content\/uploads\/2020\/06\/Wurth-hiomatyyny-NELIO-Peilikuva.png?fit=240%2C244&ssl=1&resize=350%2C200","width":350,"height":200},"classes":[]}],"_links":{"self":[{"href":"https:\/\/puuhamari.fi\/index.php?rest_route=\/wp\/v2\/product\/3230","targetHints":{"allow":["GET"]}}],"collection":[{"href":"https:\/\/puuhamari.fi\/index.php?rest_route=\/wp\/v2\/product"}],"about":[{"href":"https:\/\/puuhamari.fi\/index.php?rest_route=\/wp\/v2\/types\/product"}],"replies":[{"embeddable":true,"href":"https:\/\/puuhamari.fi\/index.php?rest_route=%2Fwp%2Fv2%2Fcomments&post=3230"}],"version-history":[{"count":1,"href":"https:\/\/puuhamari.fi\/index.php?rest_route=\/wp\/v2\/product\/3230\/revisions"}],"predecessor-version":[{"id":10119,"href":"https:\/\/puuhamari.fi\/index.php?rest_route=\/wp\/v2\/product\/3230\/revisions\/10119"}],"wp:featuredmedia":[{"embeddable":true,"href":"https:\/\/puuhamari.fi\/index.php?rest_route=\/wp\/v2\/media\/3231"}],"wp:attachment":[{"href":"https:\/\/puuhamari.fi\/index.php?rest_route=%2Fwp%2Fv2%2Fmedia&parent=3230"}],"wp:term":[{"taxonomy":"product_brand","embeddable":true,"href":"https:\/\/puuhamari.fi\/index.php?rest_route=%2Fwp%2Fv2%2Fproduct_brand&post=3230"},{"taxonomy":"product_cat","embeddable":true,"href":"https:\/\/puuhamari.fi\/index.php?rest_route=%2Fwp%2Fv2%2Fproduct_cat&post=3230"},{"taxonomy":"product_tag","embeddable":true,"href":"https:\/\/puuhamari.fi\/index.php?rest_route=%2Fwp%2Fv2%2Fproduct_tag&post=3230"}],"curies":[{"name":"wp","href":"https:\/\/api.w.org\/{rel}","templated":true}]}}