{"id":3232,"date":"2022-04-18T10:20:51","date_gmt":"2022-04-18T10:20:51","guid":{"rendered":"https:\/\/puuhatarhanputiikki.fi\/?post_type=product&#038;p=3232"},"modified":"2025-11-25T20:51:46","modified_gmt":"2025-11-25T18:51:46","slug":"transition-siirtymamaali","status":"publish","type":"product","link":"https:\/\/puuhamari.fi\/?product=transition-siirtymamaali","title":{"rendered":"Transition -siirtym\u00e4maali"},"content":{"rendered":"<div style=\"width: 608px;\" class=\"wp-video\"><video class=\"wp-video-shortcode\" id=\"video-3232-1\" width=\"608\" height=\"1080\" preload=\"metadata\" controls=\"controls\"><source type=\"video\/mp4\" src=\"https:\/\/puuhamari.fi\/wp-content\/uploads\/2022\/04\/Transition-video-46-sec.HD-1080p-7.2Mbps.mp4?_=1\" \/><a href=\"https:\/\/puuhamari.fi\/wp-content\/uploads\/2022\/04\/Transition-video-46-sec.HD-1080p-7.2Mbps.mp4\">https:\/\/puuhamari.fi\/wp-content\/uploads\/2022\/04\/Transition-video-46-sec.HD-1080p-7.2Mbps.mp4<\/a><\/video><\/div>\n","protected":false},"excerpt":{"rendered":"<p>Fusion\u2122 mineraalimaalien valmistuksessa kertyneest\u00e4 kierr\u00e4tetyst\u00e4 pigmenttiaineksesta valmistettu Transition auttaa sinua maalaamaan kalusteen vanhan v\u00e4rin piiloon edullisempaan hintaan. Se on tarkoitettu tilanteisiin, joissa t\u00e4ysin musta\/tumma kaluste halutaan maalata eritt\u00e4in valkoiseksi\/vaaleaksi. N\u00e4iss\u00e4 tapauksissa maalia tarvitaan yleens\u00e4 enemm\u00e4n kuin normaalit kaksi kerrosta.<\/p>\n<p>Kannattaakin maalata v\u00e4likerroksia Fusionin edullisemmalla vaihtoehdolla &#8211; ja samalla auttaa valmistajaa suojelemaan luontoa v\u00e4ripigmenttej\u00e4 kierr\u00e4tt\u00e4m\u00e4ll\u00e4!<\/p>\n<p>Transitionilla ei ole samaa tarttuvuutta &amp; kest\u00e4vyytt\u00e4 kuin muilla Fusion Mineral Paint -maaleilla. K\u00e4yt\u00e4 siis nk. sandwich-tekniikkaa: maalaa 1. krs haluamallasi &#8220;oikealla&#8221; s\u00e4vyll\u00e4, sitten 2. krs Transitionilla, lopuksi 3. krs taas &#8220;oikealla&#8221; s\u00e4vyll\u00e4si. Toista tarvittaessa, kunnes alkuper\u00e4inen v\u00e4ri on kunnolla peittynyt.<\/p>\n<p>Huomaathan, ett\u00e4 Transition ei my\u00f6sk\u00e4\u00e4n ole perinteinen pohjamaali; se ei sinet\u00f6i alleen esim. puun oksakohdista tihkuvaa pihkaa tms.<\/p>\n<p>Katso alla oleva lyhyt video.<\/p>\n","protected":false},"author":1,"featured_media":3233,"comment_status":"open","ping_status":"closed","template":"","meta":{"advgb_blocks_editor_width":"","advgb_blocks_columns_visual_guide":"","advanced_seo_description":"","jetpack_seo_html_title":"","jetpack_seo_noindex":false,"_kad_post_transparent":"default","_kad_post_title":"","_kad_post_layout":"default","_kad_post_sidebar_id":"","_kad_post_content_style":"default","_kad_post_vertical_padding":"default","_kad_post_feature":"","_kad_post_feature_position":"","_kad_post_header":false,"_kad_post_footer":false,"_kad_post_classname":"","jetpack_post_was_ever_published":false},"product_brand":[],"product_cat":[309],"product_tag":[337,336],"class_list":{"0":"post-3232","1":"product","2":"type-product","3":"status-publish","4":"has-post-thumbnail","6":"product_cat-fusion-mineraalimaalit","7":"product_tag-siirtymamaali","8":"product_tag-transition","10":"first","11":"instock","12":"taxable","13":"shipping-taxable","14":"purchasable","15":"product-type-simple","16":"entry","17":"content-bg","18":"loop-entry"},"featured_img":"https:\/\/puuhamari.fi\/wp-content\/uploads\/2022\/04\/fusion_mineral_paint-TRANSITION-pint-b.jpg","coauthors":[],"author_meta":{"author_link":"https:\/\/puuhamari.fi\/?author=1","display_name":"PuuhaMari"},"relative_dates":{"created":"Julkaistu 4 vuotta sitten","modified":"P\u00e4ivitetty 5 kuukautta sitten"},"absolute_dates":{"created":"Julkaistu 18 huhtikuun, 2022","modified":"P\u00e4ivitetty 25 marraskuun, 2025"},"absolute_dates_time":{"created":"Julkaistu 18 huhtikuun, 2022 10:20 am","modified":"P\u00e4ivitetty 25 marraskuun, 2025 8:51 pm"},"featured_img_caption":"","tax_additional":{"product_brand":{"linked":[],"unlinked":[],"slug":"product_brand","name":"Br\u00e4ndit"},"product_type":{"linked":["<a href=\"https:\/\/puuhamari.fi\/?taxonomy=product_type&#038;term=simple\" class=\"advgb-post-tax-term\">simple<\/a>"],"unlinked":["<span class=\"advgb-post-tax-term\">simple<\/span>"],"slug":"product_type","name":"Tuotetyyppi"},"product_visibility":{"linked":[],"unlinked":[],"slug":"product_visibility","name":"Tuotteen n\u00e4kyvyys"},"product_cat":{"linked":["<a href=\"https:\/\/puuhamari.fi\/?product_cat=fusion-mineraalimaalit\" class=\"advgb-post-tax-term\">Fusion mineraalimaalit<\/a>"],"unlinked":["<span class=\"advgb-post-tax-term\">Fusion mineraalimaalit<\/span>"],"slug":"product_cat","name":"Osastot"},"product_tag":{"linked":["<a href=\"https:\/\/puuhamari.fi\/?product_tag=siirtymamaali\" class=\"advgb-post-tax-term\">Siirtym\u00e4maali<\/a>","<a href=\"https:\/\/puuhamari.fi\/?product_tag=transition\" class=\"advgb-post-tax-term\">Transition<\/a>"],"unlinked":["<span class=\"advgb-post-tax-term\">Siirtym\u00e4maali<\/span>","<span class=\"advgb-post-tax-term\">Transition<\/span>"],"slug":"product_tag","name":"Avainsanat tuotteelle"},"product_shipping_class":{"linked":[],"unlinked":[],"slug":"product_shipping_class","name":"Tuotteen toimitusluokat"},"pos_product_visibility":{"linked":[],"unlinked":[],"slug":"pos_product_visibility","name":"POS Product visibility"},"pa_arkin-koko":{"linked":[],"unlinked":[],"slug":"pa_arkin-koko","name":"Tuote Arkin koko"},"pa_hiomatyynyn-karkeus":{"linked":[],"unlinked":[],"slug":"pa_hiomatyynyn-karkeus","name":"Tuote Hiomatyynyn karkeus"},"pa_kehys":{"linked":[],"unlinked":[],"slug":"pa_kehys","name":"Tuote Kehys"},"pa_kuvion-nro":{"linked":[],"unlinked":[],"slug":"pa_kuvion-nro","name":"Tuote Kuvion nro"},"pa_littean-pensselin-koko":{"linked":[],"unlinked":[],"slug":"pa_littean-pensselin-koko","name":"Tuote Litte\u00e4n pensselin koko"},"pa_maalivari":{"linked":[],"unlinked":[],"slug":"pa_maalivari","name":"Tuote Maaliv\u00e4ri"},"pa_palatapettien-lkm":{"linked":[],"unlinked":[],"slug":"pa_palatapettien-lkm","name":"Tuote Palatapettien lkm"},"pa_purkin-koko":{"linked":["<a href=\"https:\/\/puuhamari.fi\/?taxonomy=pa_purkin-koko&#038;term=500-ml\" class=\"advgb-post-tax-term\">500 ml<\/a>"],"unlinked":["<span class=\"advgb-post-tax-term\">500 ml<\/span>"],"slug":"pa_purkin-koko","name":"Tuote Purkin koko"},"pa_sapluunan-koko":{"linked":[],"unlinked":[],"slug":"pa_sapluunan-koko","name":"Tuote Sapluunan koko"},"pa_tabletti":{"linked":[],"unlinked":[],"slug":"pa_tabletti","name":"Tuote Tabletti"},"pa_valitse-sisalto":{"linked":[],"unlinked":[],"slug":"pa_valitse-sisalto","name":"Tuote Valitse sis\u00e4lt\u00f6"},"pa_varjostin":{"linked":[],"unlinked":[],"slug":"pa_varjostin","name":"Tuote Varjostin"}},"series_order":"","jetpack_sharing_enabled":true,"jetpack_likes_enabled":true,"jetpack-related-posts":[{"id":4986,"url":"https:\/\/puuhamari.fi\/?product=fusion-variviuhka","url_meta":{"origin":3232,"position":0},"title":"Fusion v\u00e4riviuhka","author":"PuuhaMari","date":"2 marraskuun, 2022","format":false,"excerpt":"Tervetuloa Fusion:in houkuttelevan suloiseen v\u00e4rien ihmemaahan! V\u00e4riviuhka sopii erityisesti sinulle, jonka paikkakunnalla ei ole omaa Fusion\u2122 mineraalimaalien j\u00e4lleenmyyj\u00e4\u00e4, tai joka ty\u00f6ksesi\/muuten vain maalaat paljon. N\u00e4pp\u00e4r\u00e4 taskukokoinen viuhka (pit. 13 cm, lev. 5 cm, paks. 3 cm) kulkee helposti mukanasi esim. kodin ja remontti-\/ty\u00f6paikan v\u00e4lill\u00e4. Viuhka sis\u00e4lt\u00e4\u00e4 t\u00e4ll\u00e4 hetkell\u00e4 82 valmisv\u00e4ri\u00e4\u2026","rel":"","context":"With 3 comments","block_context":{"text":"With 3 comments","link":"https:\/\/puuhamari.fi\/?product=fusion-variviuhka#comments"},"img":{"alt_text":"","src":"https:\/\/i0.wp.com\/puuhamari.fi\/wp-content\/uploads\/2022\/11\/013-_HR_211002_0552-Edit-B2.jpg?fit=1200%2C1200&ssl=1&resize=350%2C200","width":350,"height":200,"srcset":"https:\/\/i0.wp.com\/puuhamari.fi\/wp-content\/uploads\/2022\/11\/013-_HR_211002_0552-Edit-B2.jpg?fit=1200%2C1200&ssl=1&resize=350%2C200 1x, https:\/\/i0.wp.com\/puuhamari.fi\/wp-content\/uploads\/2022\/11\/013-_HR_211002_0552-Edit-B2.jpg?fit=1200%2C1200&ssl=1&resize=525%2C300 1.5x, https:\/\/i0.wp.com\/puuhamari.fi\/wp-content\/uploads\/2022\/11\/013-_HR_211002_0552-Edit-B2.jpg?fit=1200%2C1200&ssl=1&resize=700%2C400 2x, https:\/\/i0.wp.com\/puuhamari.fi\/wp-content\/uploads\/2022\/11\/013-_HR_211002_0552-Edit-B2.jpg?fit=1200%2C1200&ssl=1&resize=1050%2C600 3x"},"classes":[]},{"id":3264,"url":"https:\/\/puuhamari.fi\/?product=crackled-texture-krakelointiaine","url_meta":{"origin":3232,"position":1},"title":"Crackled Texture &#8211; krakelointiaine","author":"PuuhaMari","date":"3 toukokuun, 2022","format":false,"excerpt":"Krakelointiaineella teet upeaa ik\u00e4\u00e4ntyneen ja lohkeilleen maalin n\u00e4k\u00f6ist\u00e4 j\u00e4lke\u00e4. K\u00e4ytt\u00f6 on superhelppoa: kaada ainetta vaakatasoon asetetulle pinnalle, tasoita, anna kuivua, ja maalaa p\u00e4\u00e4lle haluamasi (lohkeileva) maali. Mit\u00e4 paksumman kerroksen laitat krakelointiainetta, sit\u00e4 suurempikokoista on lohkeilu. Pient\u00e4, hienostunutta lohkeilua saat sivelem\u00e4ll\u00e4 ainetta vain ohuen kerroksen maalauskohteesi pintaan. Muista ett\u00e4 liika edes-takaisin\u2026","rel":"","context":"Samankaltainen artikkeli","block_context":{"text":"Samankaltainen artikkeli","link":""},"img":{"alt_text":"","src":"https:\/\/i0.wp.com\/puuhamari.fi\/wp-content\/uploads\/2022\/05\/Crackle-White-HiRes-b.jpg?fit=1200%2C1200&ssl=1&resize=350%2C200","width":350,"height":200,"srcset":"https:\/\/i0.wp.com\/puuhamari.fi\/wp-content\/uploads\/2022\/05\/Crackle-White-HiRes-b.jpg?fit=1200%2C1200&ssl=1&resize=350%2C200 1x, https:\/\/i0.wp.com\/puuhamari.fi\/wp-content\/uploads\/2022\/05\/Crackle-White-HiRes-b.jpg?fit=1200%2C1200&ssl=1&resize=525%2C300 1.5x, https:\/\/i0.wp.com\/puuhamari.fi\/wp-content\/uploads\/2022\/05\/Crackle-White-HiRes-b.jpg?fit=1200%2C1200&ssl=1&resize=700%2C400 2x, https:\/\/i0.wp.com\/puuhamari.fi\/wp-content\/uploads\/2022\/05\/Crackle-White-HiRes-b.jpg?fit=1200%2C1200&ssl=1&resize=1050%2C600 3x"},"classes":[]},{"id":10864,"url":"https:\/\/puuhamari.fi\/?product=blue-butterfly-helmiaispinnoite","url_meta":{"origin":3232,"position":2},"title":"Blue Butterfly -helmi\u00e4ispinnoite","author":"PuuhaMari","date":"27 maaliskuun, 2026","format":false,"excerpt":"Tilaukset tullaan toimittamaan asiakkaille - tilausj\u00e4rjestyksess\u00e4 - toukokuun puoliv\u00e4list\u00e4 alkaen. Chromaflex muuttaa tavallisen poikkeukselliseksi. Valitset vain suosikkiv\u00e4risi, ja saat nostettua n\u00e4ytt\u00e4v\u00e4t kalusteet, sisustuselementit, taideteokset ja luovat projektit ihan uudelle tasolle: hohtaviksi, valoa vangitseviksi kokonaisuuksiksi. Aidosti ainutlaatuisiksi. N\u00e4ill\u00e4 helmi\u00e4ispinnoitteilla toteutat yhden erikoisimmista visuaalisista efekteist\u00e4 ikin\u00e4: \u2022 Tummien s\u00e4vyjen p\u00e4\u00e4ll\u00e4 lopputulos on\u2026","rel":"","context":"Samankaltainen artikkeli","block_context":{"text":"Samankaltainen artikkeli","link":""},"img":{"alt_text":"","src":"https:\/\/i0.wp.com\/puuhamari.fi\/wp-content\/uploads\/2026\/03\/ChromaflexTubeButterflySwatchig11.jpg?fit=1080%2C1080&ssl=1&resize=350%2C200","width":350,"height":200,"srcset":"https:\/\/i0.wp.com\/puuhamari.fi\/wp-content\/uploads\/2026\/03\/ChromaflexTubeButterflySwatchig11.jpg?fit=1080%2C1080&ssl=1&resize=350%2C200 1x, https:\/\/i0.wp.com\/puuhamari.fi\/wp-content\/uploads\/2026\/03\/ChromaflexTubeButterflySwatchig11.jpg?fit=1080%2C1080&ssl=1&resize=525%2C300 1.5x, https:\/\/i0.wp.com\/puuhamari.fi\/wp-content\/uploads\/2026\/03\/ChromaflexTubeButterflySwatchig11.jpg?fit=1080%2C1080&ssl=1&resize=700%2C400 2x, https:\/\/i0.wp.com\/puuhamari.fi\/wp-content\/uploads\/2026\/03\/ChromaflexTubeButterflySwatchig11.jpg?fit=1080%2C1080&ssl=1&resize=1050%2C600 3x"},"classes":[]},{"id":10880,"url":"https:\/\/puuhamari.fi\/?product=turquoise-peacock-helmiaispinnoite","url_meta":{"origin":3232,"position":3},"title":"Turquoise Peacock -helmi\u00e4ispinnoite","author":"PuuhaMari","date":"27 maaliskuun, 2026","format":false,"excerpt":"Tilaukset tullaan toimittamaan asiakkaille - tilausj\u00e4rjestyksess\u00e4 - toukokuun puoliv\u00e4list\u00e4 alkaen. Chromaflex muuttaa tavallisen poikkeukselliseksi. Valitset vain suosikkiv\u00e4risi, ja saat nostettua n\u00e4ytt\u00e4v\u00e4t kalusteet, sisustuselementit, taideteokset ja luovat projektit ihan uudelle tasolle: hohtaviksi, valoa vangitseviksi kokonaisuuksiksi. Aidosti ainutlaatuisiksi. N\u00e4ill\u00e4 helmi\u00e4ispinnoitteilla toteutat yhden erikoisimmista visuaalisista efekteist\u00e4 ikin\u00e4: \u2022 Tummien s\u00e4vyjen p\u00e4\u00e4ll\u00e4 lopputulos on\u2026","rel":"","context":"Samankaltainen artikkeli","block_context":{"text":"Samankaltainen artikkeli","link":""},"img":{"alt_text":"","src":"https:\/\/i0.wp.com\/puuhamari.fi\/wp-content\/uploads\/2026\/03\/ChromaflexTubePeacockSwatchig11.jpg?fit=1080%2C1080&ssl=1&resize=350%2C200","width":350,"height":200,"srcset":"https:\/\/i0.wp.com\/puuhamari.fi\/wp-content\/uploads\/2026\/03\/ChromaflexTubePeacockSwatchig11.jpg?fit=1080%2C1080&ssl=1&resize=350%2C200 1x, https:\/\/i0.wp.com\/puuhamari.fi\/wp-content\/uploads\/2026\/03\/ChromaflexTubePeacockSwatchig11.jpg?fit=1080%2C1080&ssl=1&resize=525%2C300 1.5x, https:\/\/i0.wp.com\/puuhamari.fi\/wp-content\/uploads\/2026\/03\/ChromaflexTubePeacockSwatchig11.jpg?fit=1080%2C1080&ssl=1&resize=700%2C400 2x, https:\/\/i0.wp.com\/puuhamari.fi\/wp-content\/uploads\/2026\/03\/ChromaflexTubePeacockSwatchig11.jpg?fit=1080%2C1080&ssl=1&resize=1050%2C600 3x"},"classes":[]},{"id":10892,"url":"https:\/\/puuhamari.fi\/?product=violet-hummingbird-helmiaispinnoite","url_meta":{"origin":3232,"position":4},"title":"Violet Hummingbird -helmi\u00e4ispinnoite","author":"PuuhaMari","date":"27 maaliskuun, 2026","format":false,"excerpt":"Tilaukset tullaan toimittamaan asiakkaille - tilausj\u00e4rjestyksess\u00e4 - toukokuun puoliv\u00e4list\u00e4 alkaen. Chromaflex muuttaa tavallisen poikkeukselliseksi. Valitset vain suosikkiv\u00e4risi, ja saat nostettua n\u00e4ytt\u00e4v\u00e4t kalusteet, sisustuselementit, taideteokset ja luovat projektit ihan uudelle tasolle: hohtaviksi, valoa vangitseviksi kokonaisuuksiksi. Aidosti ainutlaatuisiksi. N\u00e4ill\u00e4 helmi\u00e4ispinnoitteilla toteutat yhden erikoisimmista visuaalisista efekteist\u00e4 ikin\u00e4: \u2022 Tummien s\u00e4vyjen p\u00e4\u00e4ll\u00e4 lopputulos on\u2026","rel":"","context":"Samankaltainen artikkeli","block_context":{"text":"Samankaltainen artikkeli","link":""},"img":{"alt_text":"","src":"https:\/\/i0.wp.com\/puuhamari.fi\/wp-content\/uploads\/2026\/03\/ChromaflexTubeHummingbirdSwatchig11.jpg?fit=1080%2C1080&ssl=1&resize=350%2C200","width":350,"height":200,"srcset":"https:\/\/i0.wp.com\/puuhamari.fi\/wp-content\/uploads\/2026\/03\/ChromaflexTubeHummingbirdSwatchig11.jpg?fit=1080%2C1080&ssl=1&resize=350%2C200 1x, https:\/\/i0.wp.com\/puuhamari.fi\/wp-content\/uploads\/2026\/03\/ChromaflexTubeHummingbirdSwatchig11.jpg?fit=1080%2C1080&ssl=1&resize=525%2C300 1.5x, https:\/\/i0.wp.com\/puuhamari.fi\/wp-content\/uploads\/2026\/03\/ChromaflexTubeHummingbirdSwatchig11.jpg?fit=1080%2C1080&ssl=1&resize=700%2C400 2x, https:\/\/i0.wp.com\/puuhamari.fi\/wp-content\/uploads\/2026\/03\/ChromaflexTubeHummingbirdSwatchig11.jpg?fit=1080%2C1080&ssl=1&resize=1050%2C600 3x"},"classes":[]},{"id":10894,"url":"https:\/\/puuhamari.fi\/?product=scarlet-dragonfly-helmiaispinnoite","url_meta":{"origin":3232,"position":5},"title":"Scarlet Dragonfly -helmi\u00e4ispinnoite","author":"PuuhaMari","date":"27 maaliskuun, 2026","format":false,"excerpt":"Tilaukset tullaan toimittamaan asiakkaille - tilausj\u00e4rjestyksess\u00e4 - toukokuun puoliv\u00e4list\u00e4 alkaen. Chromaflex muuttaa tavallisen poikkeukselliseksi. Valitset vain suosikkiv\u00e4risi, ja saat nostettua n\u00e4ytt\u00e4v\u00e4t kalusteet, sisustuselementit, taideteokset ja luovat projektit ihan uudelle tasolle: hohtaviksi, valoa vangitseviksi kokonaisuuksiksi. Aidosti ainutlaatuisiksi. N\u00e4ill\u00e4 helmi\u00e4ispinnoitteilla toteutat yhden erikoisimmista visuaalisista efekteist\u00e4 ikin\u00e4: \u2022 Tummien s\u00e4vyjen p\u00e4\u00e4ll\u00e4 lopputulos on\u2026","rel":"","context":"Samankaltainen artikkeli","block_context":{"text":"Samankaltainen artikkeli","link":""},"img":{"alt_text":"","src":"https:\/\/i0.wp.com\/puuhamari.fi\/wp-content\/uploads\/2026\/03\/ChromaflexTubeDragonflySwatchig11.jpg?fit=1080%2C1080&ssl=1&resize=350%2C200","width":350,"height":200,"srcset":"https:\/\/i0.wp.com\/puuhamari.fi\/wp-content\/uploads\/2026\/03\/ChromaflexTubeDragonflySwatchig11.jpg?fit=1080%2C1080&ssl=1&resize=350%2C200 1x, https:\/\/i0.wp.com\/puuhamari.fi\/wp-content\/uploads\/2026\/03\/ChromaflexTubeDragonflySwatchig11.jpg?fit=1080%2C1080&ssl=1&resize=525%2C300 1.5x, https:\/\/i0.wp.com\/puuhamari.fi\/wp-content\/uploads\/2026\/03\/ChromaflexTubeDragonflySwatchig11.jpg?fit=1080%2C1080&ssl=1&resize=700%2C400 2x, https:\/\/i0.wp.com\/puuhamari.fi\/wp-content\/uploads\/2026\/03\/ChromaflexTubeDragonflySwatchig11.jpg?fit=1080%2C1080&ssl=1&resize=1050%2C600 3x"},"classes":[]}],"_links":{"self":[{"href":"https:\/\/puuhamari.fi\/index.php?rest_route=\/wp\/v2\/product\/3232","targetHints":{"allow":["GET"]}}],"collection":[{"href":"https:\/\/puuhamari.fi\/index.php?rest_route=\/wp\/v2\/product"}],"about":[{"href":"https:\/\/puuhamari.fi\/index.php?rest_route=\/wp\/v2\/types\/product"}],"replies":[{"embeddable":true,"href":"https:\/\/puuhamari.fi\/index.php?rest_route=%2Fwp%2Fv2%2Fcomments&post=3232"}],"version-history":[{"count":1,"href":"https:\/\/puuhamari.fi\/index.php?rest_route=\/wp\/v2\/product\/3232\/revisions"}],"predecessor-version":[{"id":7980,"href":"https:\/\/puuhamari.fi\/index.php?rest_route=\/wp\/v2\/product\/3232\/revisions\/7980"}],"wp:featuredmedia":[{"embeddable":true,"href":"https:\/\/puuhamari.fi\/index.php?rest_route=\/wp\/v2\/media\/3233"}],"wp:attachment":[{"href":"https:\/\/puuhamari.fi\/index.php?rest_route=%2Fwp%2Fv2%2Fmedia&parent=3232"}],"wp:term":[{"taxonomy":"product_brand","embeddable":true,"href":"https:\/\/puuhamari.fi\/index.php?rest_route=%2Fwp%2Fv2%2Fproduct_brand&post=3232"},{"taxonomy":"product_cat","embeddable":true,"href":"https:\/\/puuhamari.fi\/index.php?rest_route=%2Fwp%2Fv2%2Fproduct_cat&post=3232"},{"taxonomy":"product_tag","embeddable":true,"href":"https:\/\/puuhamari.fi\/index.php?rest_route=%2Fwp%2Fv2%2Fproduct_tag&post=3232"}],"curies":[{"name":"wp","href":"https:\/\/api.w.org\/{rel}","templated":true}]}}