{"id":3264,"date":"2022-05-03T13:57:12","date_gmt":"2022-05-03T13:57:12","guid":{"rendered":"https:\/\/puuhatarhanputiikki.fi\/?post_type=product&#038;p=3264"},"modified":"2026-03-18T18:44:48","modified_gmt":"2026-03-18T16:44:48","slug":"crackled-texture-krakelointiaine","status":"publish","type":"product","link":"https:\/\/puuhamari.fi\/?product=crackled-texture-krakelointiaine","title":{"rendered":"Crackled Texture &#8211; krakelointiaine"},"content":{"rendered":"","protected":false},"excerpt":{"rendered":"<p>Krakelointiaineella teet upeaa ik\u00e4\u00e4ntyneen ja lohkeilleen maalin n\u00e4k\u00f6ist\u00e4 j\u00e4lke\u00e4. K\u00e4ytt\u00f6 on superhelppoa: kaada ainetta vaakatasoon asetetulle pinnalle, tasoita, anna kuivua, ja maalaa p\u00e4\u00e4lle haluamasi (lohkeileva) maali. Mit\u00e4 paksumman kerroksen laitat krakelointiainetta, sit\u00e4 suurempikokoista on lohkeilu. Pient\u00e4, hienostunutta lohkeilua saat sivelem\u00e4ll\u00e4 ainetta vain ohuen kerroksen maalauskohteesi pintaan. Muista ett\u00e4 liika edes-takaisin penssel\u00f6inti kuitenkin &#8220;t\u00e4ytt\u00e4\u00e4&#8221; lohkeilevat kohdat; \u00e4l\u00e4 siis palaa montaa kertaa samaan kohtaan.<\/p>\n<p>Krakelointiaine on valkoista. Voit siis kuitenkin maalata sen p\u00e4\u00e4lle mill\u00e4 tahansa haluamallasi v\u00e4rill\u00e4. Aine on valmistettu samoista korkealaatuisista aineista, kuin muutkin Fusion Mineral Paint\u2122 -tuotteet, ja tarttuu hyvin pintoihin joihin Fusion maalitkin.<\/p>\n<p>Lue aiheeseen liittyv\u00e4 artikkeli <a href=\"https:\/\/puuhamari.fi\/?p=4686\">PuuhaMarin Putiikin blogista.<\/a><\/p>\n","protected":false},"author":1,"featured_media":4387,"comment_status":"open","ping_status":"closed","template":"","meta":{"advgb_blocks_editor_width":"","advgb_blocks_columns_visual_guide":"","advanced_seo_description":"","jetpack_seo_html_title":"","jetpack_seo_noindex":false,"_kad_post_transparent":"default","_kad_post_title":"","_kad_post_layout":"default","_kad_post_sidebar_id":"","_kad_post_content_style":"default","_kad_post_vertical_padding":"default","_kad_post_feature":"","_kad_post_feature_position":"","_kad_post_header":false,"_kad_post_footer":false,"_kad_post_classname":"","jetpack_post_was_ever_published":false},"product_brand":[],"product_cat":[310],"product_tag":[470,450,471,472],"class_list":{"0":"post-3264","1":"product","2":"type-product","3":"status-publish","4":"has-post-thumbnail","6":"product_cat-muut-fusion-valmisteet","7":"product_tag-crackled-texture","8":"product_tag-fusion","9":"product_tag-krakelointi","10":"product_tag-krakelointiaine","12":"first","13":"instock","14":"taxable","15":"shipping-taxable","16":"purchasable","17":"product-type-simple","18":"entry","19":"content-bg","20":"loop-entry"},"featured_img":"https:\/\/puuhamari.fi\/wp-content\/uploads\/2022\/05\/Crackle-White-HiRes-b.jpg","coauthors":[],"author_meta":{"author_link":"https:\/\/puuhamari.fi\/?author=1","display_name":"PuuhaMari"},"relative_dates":{"created":"Julkaistu 4 vuotta sitten","modified":"P\u00e4ivitetty 1 kuukausi sitten"},"absolute_dates":{"created":"Julkaistu 3 toukokuun, 2022","modified":"P\u00e4ivitetty 18 maaliskuun, 2026"},"absolute_dates_time":{"created":"Julkaistu 3 toukokuun, 2022 1:57 pm","modified":"P\u00e4ivitetty 18 maaliskuun, 2026 6:44 pm"},"featured_img_caption":"","tax_additional":{"product_brand":{"linked":[],"unlinked":[],"slug":"product_brand","name":"Br\u00e4ndit"},"product_type":{"linked":["<a href=\"https:\/\/puuhamari.fi\/?taxonomy=product_type&#038;term=simple\" class=\"advgb-post-tax-term\">simple<\/a>"],"unlinked":["<span class=\"advgb-post-tax-term\">simple<\/span>"],"slug":"product_type","name":"Tuotetyyppi"},"product_visibility":{"linked":[],"unlinked":[],"slug":"product_visibility","name":"Tuotteen n\u00e4kyvyys"},"product_cat":{"linked":["<a href=\"https:\/\/puuhamari.fi\/?product_cat=muut-fusion-valmisteet\" class=\"advgb-post-tax-term\">Muut Fusion-valmisteet<\/a>"],"unlinked":["<span class=\"advgb-post-tax-term\">Muut Fusion-valmisteet<\/span>"],"slug":"product_cat","name":"Osastot"},"product_tag":{"linked":["<a href=\"https:\/\/puuhamari.fi\/?product_tag=crackled-texture\" class=\"advgb-post-tax-term\">Crackled texture<\/a>","<a href=\"https:\/\/puuhamari.fi\/?product_tag=fusion\" class=\"advgb-post-tax-term\">Fusion<\/a>","<a href=\"https:\/\/puuhamari.fi\/?product_tag=krakelointi\" class=\"advgb-post-tax-term\">krakelointi<\/a>","<a href=\"https:\/\/puuhamari.fi\/?product_tag=krakelointiaine\" class=\"advgb-post-tax-term\">krakelointiaine<\/a>"],"unlinked":["<span class=\"advgb-post-tax-term\">Crackled texture<\/span>","<span class=\"advgb-post-tax-term\">Fusion<\/span>","<span class=\"advgb-post-tax-term\">krakelointi<\/span>","<span class=\"advgb-post-tax-term\">krakelointiaine<\/span>"],"slug":"product_tag","name":"Avainsanat tuotteelle"},"product_shipping_class":{"linked":[],"unlinked":[],"slug":"product_shipping_class","name":"Tuotteen toimitusluokat"},"pos_product_visibility":{"linked":[],"unlinked":[],"slug":"pos_product_visibility","name":"POS Product visibility"},"pa_arkin-koko":{"linked":[],"unlinked":[],"slug":"pa_arkin-koko","name":"Tuote Arkin koko"},"pa_hiomatyynyn-karkeus":{"linked":[],"unlinked":[],"slug":"pa_hiomatyynyn-karkeus","name":"Tuote Hiomatyynyn karkeus"},"pa_kehys":{"linked":[],"unlinked":[],"slug":"pa_kehys","name":"Tuote Kehys"},"pa_kuvion-nro":{"linked":[],"unlinked":[],"slug":"pa_kuvion-nro","name":"Tuote Kuvion nro"},"pa_littean-pensselin-koko":{"linked":[],"unlinked":[],"slug":"pa_littean-pensselin-koko","name":"Tuote Litte\u00e4n pensselin koko"},"pa_maalivari":{"linked":[],"unlinked":[],"slug":"pa_maalivari","name":"Tuote Maaliv\u00e4ri"},"pa_palatapettien-lkm":{"linked":[],"unlinked":[],"slug":"pa_palatapettien-lkm","name":"Tuote Palatapettien lkm"},"pa_purkin-koko":{"linked":["<a href=\"https:\/\/puuhamari.fi\/?taxonomy=pa_purkin-koko&#038;term=250-ml\" class=\"advgb-post-tax-term\">250 ml<\/a>"],"unlinked":["<span class=\"advgb-post-tax-term\">250 ml<\/span>"],"slug":"pa_purkin-koko","name":"Tuote Purkin koko"},"pa_sapluunan-koko":{"linked":[],"unlinked":[],"slug":"pa_sapluunan-koko","name":"Tuote Sapluunan koko"},"pa_tabletti":{"linked":[],"unlinked":[],"slug":"pa_tabletti","name":"Tuote Tabletti"},"pa_valitse-sisalto":{"linked":[],"unlinked":[],"slug":"pa_valitse-sisalto","name":"Tuote Valitse sis\u00e4lt\u00f6"},"pa_varjostin":{"linked":[],"unlinked":[],"slug":"pa_varjostin","name":"Tuote Varjostin"}},"series_order":"","jetpack_sharing_enabled":true,"jetpack_likes_enabled":true,"jetpack-related-posts":[{"id":3223,"url":"https:\/\/puuhamari.fi\/?product=tough-coat-pinnoite-matta","url_meta":{"origin":3264,"position":0},"title":"Tough Coat -pinnoite, MATTA","author":"PuuhaMari","date":"18 huhtikuun, 2022","format":false,"excerpt":"(Kiilt\u00e4v\u00e4 Tough Coat l\u00f6ytyy t\u00e4m\u00e4n linkin kautta.) Vesiliukoinen, MATAN pinnan j\u00e4tt\u00e4v\u00e4 Tough Coat -viimeistelyaine ei kellastu ajan my\u00f6t\u00e4. Se toimii mainiosti kaikkialla miss\u00e4 tarvitset ylim\u00e4\u00e4r\u00e4isi\u00e4 kerroksia suojaamaan pintoja paljolta kulutukselta ja hankaukselta (esim. p\u00f6yt\u00e4pinnat). Levit\u00e4 aine puhtaalla pesusienell\u00e4, niin kalusteeseen ei j\u00e4\u00e4 siveltimenj\u00e4lki\u00e4. HUOM! (Editoitu 09\/24) Voit k\u00e4ytt\u00e4\u00e4 Tough Coat:ia\u2026","rel":"","context":"Samankaltainen artikkeli","block_context":{"text":"Samankaltainen artikkeli","link":""},"img":{"alt_text":"","src":"https:\/\/i0.wp.com\/puuhamari.fi\/wp-content\/uploads\/2022\/04\/007-Tough_Coat_Matte_HR_220308_0411-b.jpg?fit=1200%2C1200&ssl=1&resize=350%2C200","width":350,"height":200,"srcset":"https:\/\/i0.wp.com\/puuhamari.fi\/wp-content\/uploads\/2022\/04\/007-Tough_Coat_Matte_HR_220308_0411-b.jpg?fit=1200%2C1200&ssl=1&resize=350%2C200 1x, https:\/\/i0.wp.com\/puuhamari.fi\/wp-content\/uploads\/2022\/04\/007-Tough_Coat_Matte_HR_220308_0411-b.jpg?fit=1200%2C1200&ssl=1&resize=525%2C300 1.5x, https:\/\/i0.wp.com\/puuhamari.fi\/wp-content\/uploads\/2022\/04\/007-Tough_Coat_Matte_HR_220308_0411-b.jpg?fit=1200%2C1200&ssl=1&resize=700%2C400 2x, https:\/\/i0.wp.com\/puuhamari.fi\/wp-content\/uploads\/2022\/04\/007-Tough_Coat_Matte_HR_220308_0411-b.jpg?fit=1200%2C1200&ssl=1&resize=1050%2C600 3x"},"classes":[]},{"id":3225,"url":"https:\/\/puuhamari.fi\/?product=tough-coat-pinnoite-kiiltava","url_meta":{"origin":3264,"position":1},"title":"Tough Coat -pinnoite, KIILT\u00c4V\u00c4","author":"PuuhaMari","date":"18 huhtikuun, 2022","format":false,"excerpt":"(Matta Tough Coat l\u00f6ytyy t\u00e4m\u00e4n linkin kautta.) Vesiliukoinen, KIILT\u00c4V\u00c4N pinnan j\u00e4tt\u00e4v\u00e4 Tough Coat -viimeistelyaine ei kellastu ajan my\u00f6t\u00e4. Se toimii mainiosti kaikkialla miss\u00e4 tarvitset ylim\u00e4\u00e4r\u00e4isi\u00e4 kerroksia suojaamaan pintoja paljolta kulutukselta ja hankaukselta (esim. p\u00f6yt\u00e4pinnat). Levit\u00e4 aine puhtaalla pesusienell\u00e4, niin kalusteeseen ei j\u00e4\u00e4 siveltimenj\u00e4lki\u00e4, ja saan kauniisti kiilt\u00e4v\u00e4n pinnan. HUOM! (Editoitu\u2026","rel":"","context":"Samankaltainen artikkeli","block_context":{"text":"Samankaltainen artikkeli","link":""},"img":{"alt_text":"","src":"https:\/\/i0.wp.com\/puuhamari.fi\/wp-content\/uploads\/2022\/04\/008-Tough_Coat_Gloss_HR_220308_0412-b.jpg?fit=1200%2C1200&ssl=1&resize=350%2C200","width":350,"height":200,"srcset":"https:\/\/i0.wp.com\/puuhamari.fi\/wp-content\/uploads\/2022\/04\/008-Tough_Coat_Gloss_HR_220308_0412-b.jpg?fit=1200%2C1200&ssl=1&resize=350%2C200 1x, https:\/\/i0.wp.com\/puuhamari.fi\/wp-content\/uploads\/2022\/04\/008-Tough_Coat_Gloss_HR_220308_0412-b.jpg?fit=1200%2C1200&ssl=1&resize=525%2C300 1.5x, https:\/\/i0.wp.com\/puuhamari.fi\/wp-content\/uploads\/2022\/04\/008-Tough_Coat_Gloss_HR_220308_0412-b.jpg?fit=1200%2C1200&ssl=1&resize=700%2C400 2x, https:\/\/i0.wp.com\/puuhamari.fi\/wp-content\/uploads\/2022\/04\/008-Tough_Coat_Gloss_HR_220308_0412-b.jpg?fit=1200%2C1200&ssl=1&resize=1050%2C600 3x"},"classes":[]},{"id":9193,"url":"https:\/\/puuhamari.fi\/?product=clear-glaze-kuullote","url_meta":{"origin":3264,"position":2},"title":"V\u00e4rit\u00f6n\/s\u00e4vytett\u00e4v\u00e4 kuullote","author":"PuuhaMari","date":"1 marraskuun, 2024","format":false,"excerpt":"HUIPPUIDEA: s\u00e4vyt\u00e4 v\u00e4rit\u00f6n Clear Glaze mill\u00e4 tahansa Fusion maalis\u00e4vyll\u00e4 haluamasi v\u00e4riseksi!! (Katso kuvat) Kuullotteet sopivat erinomaisesti erikoisefektien luomiseen huonekaluihin ja seiniin. Fusionin poikkeuksellisen helppok\u00e4ytt\u00f6isill\u00e4 ja pitk\u00e4n aukioloajan (jopa 20 min) omaavilla kuullotteilla saat aikaan ammattimaisen lopputuloksen. Kuivuessaan aine muuttuu mattapintaiseksi. Anna kuullotteen kuivua noin vuorokauden ajan, jos lis\u00e4\u00e4t sen p\u00e4\u00e4lle\u2026","rel":"","context":"Samankaltainen artikkeli","block_context":{"text":"Samankaltainen artikkeli","link":""},"img":{"alt_text":"","src":"https:\/\/i0.wp.com\/puuhamari.fi\/wp-content\/uploads\/2024\/11\/Glaze-CLEAR-250mlb.jpg?fit=996%2C996&ssl=1&resize=350%2C200","width":350,"height":200,"srcset":"https:\/\/i0.wp.com\/puuhamari.fi\/wp-content\/uploads\/2024\/11\/Glaze-CLEAR-250mlb.jpg?fit=996%2C996&ssl=1&resize=350%2C200 1x, https:\/\/i0.wp.com\/puuhamari.fi\/wp-content\/uploads\/2024\/11\/Glaze-CLEAR-250mlb.jpg?fit=996%2C996&ssl=1&resize=525%2C300 1.5x, https:\/\/i0.wp.com\/puuhamari.fi\/wp-content\/uploads\/2024\/11\/Glaze-CLEAR-250mlb.jpg?fit=996%2C996&ssl=1&resize=700%2C400 2x"},"classes":[]},{"id":3263,"url":"https:\/\/puuhamari.fi\/?product=beeswax-mehilaisvaha","url_meta":{"origin":3264,"position":3},"title":"Beeswax\/Hemp Finish &#8211; mehil\u00e4isvaha","author":"PuuhaMari","date":"3 toukokuun, 2022","format":false,"excerpt":"Seuraavaa er\u00e4\u00e4 odotetaan saapuvaksi tiistaina 15.7.2025!\u00a0 T\u00e4m\u00e4 mehil\u00e4isvaha on kehitetty nimenomaan osaksi Fusion tuoteperhett\u00e4, ja se sis\u00e4lt\u00e4\u00e4 vain puhdasta mehil\u00e4isvahaa ja hippusen hampunsiemen\u00f6ljy\u00e4. Se on elintarviketurvallinen, t\u00e4ysin luonnollinen tuote, joka muodostaa pehme\u00e4n, satiininsile\u00e4n pinnan. Ja se pysyy kauniina pitk\u00e4\u00e4n! Voit laittaa mehil\u00e4isvahaa Fusion Mineral Paintin\u2122 p\u00e4\u00e4lle, kun haluat kalusteelle kaunista\u2026","rel":"","context":"Samankaltainen artikkeli","block_context":{"text":"Samankaltainen artikkeli","link":""},"img":{"alt_text":"","src":"https:\/\/i0.wp.com\/puuhamari.fi\/wp-content\/uploads\/2022\/05\/fusion_mineral_paint-beeswaxfinish-B.jpg?fit=1200%2C1200&ssl=1&resize=350%2C200","width":350,"height":200,"srcset":"https:\/\/i0.wp.com\/puuhamari.fi\/wp-content\/uploads\/2022\/05\/fusion_mineral_paint-beeswaxfinish-B.jpg?fit=1200%2C1200&ssl=1&resize=350%2C200 1x, https:\/\/i0.wp.com\/puuhamari.fi\/wp-content\/uploads\/2022\/05\/fusion_mineral_paint-beeswaxfinish-B.jpg?fit=1200%2C1200&ssl=1&resize=525%2C300 1.5x, https:\/\/i0.wp.com\/puuhamari.fi\/wp-content\/uploads\/2022\/05\/fusion_mineral_paint-beeswaxfinish-B.jpg?fit=1200%2C1200&ssl=1&resize=700%2C400 2x, https:\/\/i0.wp.com\/puuhamari.fi\/wp-content\/uploads\/2022\/05\/fusion_mineral_paint-beeswaxfinish-B.jpg?fit=1200%2C1200&ssl=1&resize=1050%2C600 3x"},"classes":[]},{"id":3230,"url":"https:\/\/puuhamari.fi\/?product=ultra-grip-tartunta-aine","url_meta":{"origin":3264,"position":4},"title":"Ultra Grip -tartunta-aine","author":"PuuhaMari","date":"18 huhtikuun, 2022","format":false,"excerpt":"Onko maalauskohteesi hankala tapaus? Keitti\u00f6kaapin ovi, jota ei voi hioa tai edes karhentaa? Korkeakiiltoinen pinta? Sellaisia tapauksia varten on kehitetty Fusion Ultra Grip: esim. melamiinin, laminaatin ja thermofoilin maalaamisessa auttamaan. Myrkyt\u00f6n, vesiliukoinen Ultra Grip tekee mahdottoman maalaamisesta mahdollista! (Ai mit\u00e4 on thermofoil? PuuhaMari ei ole l\u00f6yt\u00e4nyt sille suomenkielist\u00e4 sanaa, mutta\u2026","rel":"","context":"Samankaltainen artikkeli","block_context":{"text":"Samankaltainen artikkeli","link":""},"img":{"alt_text":"","src":"https:\/\/i0.wp.com\/puuhamari.fi\/wp-content\/uploads\/2022\/04\/fusion_mineral_paint-ultragrip-b.jpg?fit=1200%2C1200&ssl=1&resize=350%2C200","width":350,"height":200,"srcset":"https:\/\/i0.wp.com\/puuhamari.fi\/wp-content\/uploads\/2022\/04\/fusion_mineral_paint-ultragrip-b.jpg?fit=1200%2C1200&ssl=1&resize=350%2C200 1x, https:\/\/i0.wp.com\/puuhamari.fi\/wp-content\/uploads\/2022\/04\/fusion_mineral_paint-ultragrip-b.jpg?fit=1200%2C1200&ssl=1&resize=525%2C300 1.5x, https:\/\/i0.wp.com\/puuhamari.fi\/wp-content\/uploads\/2022\/04\/fusion_mineral_paint-ultragrip-b.jpg?fit=1200%2C1200&ssl=1&resize=700%2C400 2x, https:\/\/i0.wp.com\/puuhamari.fi\/wp-content\/uploads\/2022\/04\/fusion_mineral_paint-ultragrip-b.jpg?fit=1200%2C1200&ssl=1&resize=1050%2C600 3x"},"classes":[]},{"id":8749,"url":"https:\/\/puuhamari.fi\/?product=lakan-ja-maalinpoistoaine","url_meta":{"origin":3264,"position":5},"title":"Lakan- ja maalinpoistoaine","author":"PuuhaMari","date":"29 elokuun, 2024","format":false,"excerpt":"T\u00e4m\u00e4 poikkeuksellisen turvallinen, tehokas ja helppok\u00e4ytt\u00f6inen lakan- ja maalinpoistoaine... Ei pistelev\u00e4\u00e4 tuoksua Voidaan k\u00e4ytt\u00e4\u00e4 sis\u00e4tiloissa Voidaan k\u00e4ytt\u00e4\u00e4 ilman suojak\u00e4sineit\u00e4 ja hengityssuojia Vaikutusaika keskim\u00e4\u00e4rin 30-45 min. K\u00e4ytt\u00f6kohteina huonekalut, ty\u00f6tasot, lattiat, sein\u00e4t, ovet, karmit ja listat - kaikki lakatut ja maalatut puupinnat sis\u00e4ll\u00e4 ja ulkona. Polyvinen lakan- ja maalinpoistoaineella on kysynt\u00e4\u00e4 sek\u00e4\u2026","rel":"","context":"Samankaltainen artikkeli","block_context":{"text":"Samankaltainen artikkeli","link":""},"img":{"alt_text":"","src":"https:\/\/i0.wp.com\/puuhamari.fi\/wp-content\/uploads\/2024\/08\/Polyvine-Varnish-and-Paint-Remover.png?fit=749%2C750&ssl=1&resize=350%2C200","width":350,"height":200,"srcset":"https:\/\/i0.wp.com\/puuhamari.fi\/wp-content\/uploads\/2024\/08\/Polyvine-Varnish-and-Paint-Remover.png?fit=749%2C750&ssl=1&resize=350%2C200 1x, https:\/\/i0.wp.com\/puuhamari.fi\/wp-content\/uploads\/2024\/08\/Polyvine-Varnish-and-Paint-Remover.png?fit=749%2C750&ssl=1&resize=525%2C300 1.5x, https:\/\/i0.wp.com\/puuhamari.fi\/wp-content\/uploads\/2024\/08\/Polyvine-Varnish-and-Paint-Remover.png?fit=749%2C750&ssl=1&resize=700%2C400 2x"},"classes":[]}],"_links":{"self":[{"href":"https:\/\/puuhamari.fi\/index.php?rest_route=\/wp\/v2\/product\/3264","targetHints":{"allow":["GET"]}}],"collection":[{"href":"https:\/\/puuhamari.fi\/index.php?rest_route=\/wp\/v2\/product"}],"about":[{"href":"https:\/\/puuhamari.fi\/index.php?rest_route=\/wp\/v2\/types\/product"}],"replies":[{"embeddable":true,"href":"https:\/\/puuhamari.fi\/index.php?rest_route=%2Fwp%2Fv2%2Fcomments&post=3264"}],"version-history":[{"count":1,"href":"https:\/\/puuhamari.fi\/index.php?rest_route=\/wp\/v2\/product\/3264\/revisions"}],"predecessor-version":[{"id":7460,"href":"https:\/\/puuhamari.fi\/index.php?rest_route=\/wp\/v2\/product\/3264\/revisions\/7460"}],"wp:featuredmedia":[{"embeddable":true,"href":"https:\/\/puuhamari.fi\/index.php?rest_route=\/wp\/v2\/media\/4387"}],"wp:attachment":[{"href":"https:\/\/puuhamari.fi\/index.php?rest_route=%2Fwp%2Fv2%2Fmedia&parent=3264"}],"wp:term":[{"taxonomy":"product_brand","embeddable":true,"href":"https:\/\/puuhamari.fi\/index.php?rest_route=%2Fwp%2Fv2%2Fproduct_brand&post=3264"},{"taxonomy":"product_cat","embeddable":true,"href":"https:\/\/puuhamari.fi\/index.php?rest_route=%2Fwp%2Fv2%2Fproduct_cat&post=3264"},{"taxonomy":"product_tag","embeddable":true,"href":"https:\/\/puuhamari.fi\/index.php?rest_route=%2Fwp%2Fv2%2Fproduct_tag&post=3264"}],"curies":[{"name":"wp","href":"https:\/\/api.w.org\/{rel}","templated":true}]}}