{"id":3381,"date":"2022-05-23T17:49:59","date_gmt":"2022-05-23T17:49:59","guid":{"rendered":"https:\/\/puuhatarhanputiikki.fi\/?post_type=product&#038;p=3381"},"modified":"2026-03-19T14:37:59","modified_gmt":"2026-03-19T12:37:59","slug":"zibra-viuhkan-muotoinen-pensseli","status":"publish","type":"product","link":"https:\/\/puuhamari.fi\/?product=zibra-viuhkan-muotoinen-pensseli","title":{"rendered":"Zibra &#8211; viuhkan muotoinen pensseli"},"content":{"rendered":"<ul>\n<li>Tekee maalaamisesta eritt\u00e4in kevytt\u00e4 ja helppoa<\/li>\n<li>J\u00e4tt\u00e4\u00e4 tasaisen ja sile\u00e4n maalausj\u00e4ljen<\/li>\n<li>Rakenteessa alumiinivahvike<\/li>\n<li>Harjaosassa 25% enemm\u00e4n erikoisvalmisteisia valkoisia s\u00e4ikeit\u00e4<\/li>\n<li>S\u00e4ikeiden haarotetut mikrok\u00e4rjet poimivat mukaansa &amp; luovuttavat maksimaalisen m\u00e4\u00e4r\u00e4n maalia jokaisella pensselin upotuksella\/vedolla<\/li>\n<li>Kahvassa ainutlaatuinen tiimalasimuotoilu &#8211;\u00a0 ei en\u00e4\u00e4 kipeit\u00e4 k\u00e4si\u00e4!<\/li>\n<\/ul>\n","protected":false},"excerpt":{"rendered":"<p class=\"application_title\">K\u00e4ytt\u00f6kohteita:<\/p>\n<ul>\n<li class=\"application_title\">listat ja karmit<\/li>\n<li class=\"application_title\">jyrsimell\u00e4 ty\u00f6stetyt urat<\/li>\n<li class=\"application_title\">kaikki tasaiset pinnat<\/li>\n<\/ul>\n<p>Erilaisia listoja ja karmeja l\u00f6ytyy monen muotoisina ja levyisin\u00e4. T\u00e4m\u00e4 UUSI viuhkamaisesti levittyv\u00e4 pensseli on suunniteltu niiden kaikkien nopeaan ja sujuvaan maalaamiseen. Harjasten pituus, sek\u00e4 suippeneva muoto saa pensselin levittym\u00e4\u00e4n pehme\u00e4sti kaikenlaisten muotojen ja urien ymp\u00e4rille\/sis\u00e4\u00e4n.\u00a0 Pensseliss\u00e4 on my\u00f6s k\u00e4ytt\u00f6mukavuutta lis\u00e4\u00e4v\u00e4 tiimalasin muotoinen puukahva.\u00a0Holkin leveys n. 2,5 cm.<\/p>\n","protected":false},"author":1,"featured_media":3382,"comment_status":"open","ping_status":"closed","template":"","meta":{"advgb_blocks_editor_width":"","advgb_blocks_columns_visual_guide":"","advanced_seo_description":"","jetpack_seo_html_title":"","jetpack_seo_noindex":false,"_kad_post_transparent":"","_kad_post_title":"","_kad_post_layout":"","_kad_post_sidebar_id":"","_kad_post_content_style":"","_kad_post_vertical_padding":"","_kad_post_feature":"","_kad_post_feature_position":"","_kad_post_header":false,"_kad_post_footer":false,"_kad_post_classname":"","jetpack_post_was_ever_published":false},"product_brand":[],"product_cat":[308],"product_tag":[150,374,375,373,311],"class_list":{"0":"post-3381","1":"product","2":"type-product","3":"status-publish","4":"has-post-thumbnail","6":"product_cat-pensselit-tyokalut","7":"product_tag-pensseli","8":"product_tag-viuhka","9":"product_tag-viuhkamainen","10":"product_tag-viuhkamuoto","11":"product_tag-zibra","13":"first","14":"instock","15":"taxable","16":"shipping-taxable","17":"purchasable","18":"product-type-simple","19":"entry","20":"content-bg","21":"loop-entry"},"featured_img":"https:\/\/puuhamari.fi\/wp-content\/uploads\/2022\/05\/FAN-Uritettu-muotoiltu-valettu-Mouldings-Routed-edges.jpg","coauthors":[],"author_meta":{"author_link":"https:\/\/puuhamari.fi\/?author=1","display_name":"PuuhaMari"},"relative_dates":{"created":"Julkaistu 4 vuotta sitten","modified":"P\u00e4ivitetty 1 kuukausi sitten"},"absolute_dates":{"created":"Julkaistu 23 toukokuun, 2022","modified":"P\u00e4ivitetty 19 maaliskuun, 2026"},"absolute_dates_time":{"created":"Julkaistu 23 toukokuun, 2022 5:49 pm","modified":"P\u00e4ivitetty 19 maaliskuun, 2026 2:37 pm"},"featured_img_caption":"","tax_additional":{"product_brand":{"linked":[],"unlinked":[],"slug":"product_brand","name":"Br\u00e4ndit"},"product_type":{"linked":["<a href=\"https:\/\/puuhamari.fi\/?taxonomy=product_type&#038;term=simple\" class=\"advgb-post-tax-term\">simple<\/a>"],"unlinked":["<span class=\"advgb-post-tax-term\">simple<\/span>"],"slug":"product_type","name":"Tuotetyyppi"},"product_visibility":{"linked":[],"unlinked":[],"slug":"product_visibility","name":"Tuotteen n\u00e4kyvyys"},"product_cat":{"linked":["<a href=\"https:\/\/puuhamari.fi\/?product_cat=pensselit-tyokalut\" class=\"advgb-post-tax-term\">Pensselit<\/a>"],"unlinked":["<span class=\"advgb-post-tax-term\">Pensselit<\/span>"],"slug":"product_cat","name":"Osastot"},"product_tag":{"linked":["<a href=\"https:\/\/puuhamari.fi\/?product_tag=pensseli\" class=\"advgb-post-tax-term\">Pensseli<\/a>","<a href=\"https:\/\/puuhamari.fi\/?product_tag=viuhka\" class=\"advgb-post-tax-term\">Viuhka<\/a>","<a href=\"https:\/\/puuhamari.fi\/?product_tag=viuhkamainen\" class=\"advgb-post-tax-term\">Viuhkamainen<\/a>","<a href=\"https:\/\/puuhamari.fi\/?product_tag=viuhkamuoto\" class=\"advgb-post-tax-term\">Viuhkamuoto<\/a>","<a href=\"https:\/\/puuhamari.fi\/?product_tag=zibra\" class=\"advgb-post-tax-term\">Zibra<\/a>"],"unlinked":["<span class=\"advgb-post-tax-term\">Pensseli<\/span>","<span class=\"advgb-post-tax-term\">Viuhka<\/span>","<span class=\"advgb-post-tax-term\">Viuhkamainen<\/span>","<span class=\"advgb-post-tax-term\">Viuhkamuoto<\/span>","<span class=\"advgb-post-tax-term\">Zibra<\/span>"],"slug":"product_tag","name":"Avainsanat tuotteelle"},"product_shipping_class":{"linked":[],"unlinked":[],"slug":"product_shipping_class","name":"Tuotteen toimitusluokat"},"pos_product_visibility":{"linked":[],"unlinked":[],"slug":"pos_product_visibility","name":"POS Product visibility"},"pa_arkin-koko":{"linked":[],"unlinked":[],"slug":"pa_arkin-koko","name":"Tuote Arkin koko"},"pa_hiomatyynyn-karkeus":{"linked":[],"unlinked":[],"slug":"pa_hiomatyynyn-karkeus","name":"Tuote Hiomatyynyn karkeus"},"pa_kehys":{"linked":[],"unlinked":[],"slug":"pa_kehys","name":"Tuote Kehys"},"pa_kuvion-nro":{"linked":[],"unlinked":[],"slug":"pa_kuvion-nro","name":"Tuote Kuvion nro"},"pa_littean-pensselin-koko":{"linked":[],"unlinked":[],"slug":"pa_littean-pensselin-koko","name":"Tuote Litte\u00e4n pensselin koko"},"pa_maalivari":{"linked":[],"unlinked":[],"slug":"pa_maalivari","name":"Tuote Maaliv\u00e4ri"},"pa_palatapettien-lkm":{"linked":[],"unlinked":[],"slug":"pa_palatapettien-lkm","name":"Tuote Palatapettien lkm"},"pa_purkin-koko":{"linked":[],"unlinked":[],"slug":"pa_purkin-koko","name":"Tuote Purkin koko"},"pa_sapluunan-koko":{"linked":[],"unlinked":[],"slug":"pa_sapluunan-koko","name":"Tuote Sapluunan koko"},"pa_tabletti":{"linked":[],"unlinked":[],"slug":"pa_tabletti","name":"Tuote Tabletti"},"pa_valitse-sisalto":{"linked":[],"unlinked":[],"slug":"pa_valitse-sisalto","name":"Tuote Valitse sis\u00e4lt\u00f6"},"pa_varjostin":{"linked":[],"unlinked":[],"slug":"pa_varjostin","name":"Tuote Varjostin"}},"series_order":"","jetpack_sharing_enabled":true,"jetpack_likes_enabled":true,"jetpack-related-posts":[{"id":3160,"url":"https:\/\/puuhamari.fi\/?product=zibra-pyorea-pensseli","url_meta":{"origin":3381,"position":0},"title":"Zibra &#8211; py\u00f6re\u00e4 pensseli","author":"PuuhaMari","date":"4 huhtikuun, 2022","format":false,"excerpt":"K\u00e4ytt\u00f6kohteita: pinnatuolit\/-s\u00e4ngyt kaarevat ja py\u00f6re\u00e4t maalattavat koristekuviot Testien tuloksena kehitetty pensselimuoto, joka vie maalin juuri oikeisiin kohtiin maalatessasi mit\u00e4 tahansa py\u00f6re\u00e4\u00e4 tai sylinterin muotoista kohdetta. Mainio apulainen my\u00f6s maalattaessa erilaisten koristekuvioiden yksityiskohtia. T\u00e4m\u00e4 pehme\u00e4 pensseli levittyy kauniisti kohteen ymp\u00e4rille, ja j\u00e4tt\u00e4\u00e4 hienostuneen viimeistellyn j\u00e4ljen. Leveys 1\" (n. 2,5 cm).","rel":"","context":"With 2 comments","block_context":{"text":"With 2 comments","link":"https:\/\/puuhamari.fi\/?product=zibra-pyorea-pensseli#comments"},"img":{"alt_text":"","src":"https:\/\/i0.wp.com\/puuhamari.fi\/wp-content\/uploads\/2022\/04\/ROUND-Pyoreat-pinnat-yksityiskohdat-Spindles-Detail-Curved-surfaces.jpg?fit=1000%2C1000&ssl=1&resize=350%2C200","width":350,"height":200,"srcset":"https:\/\/i0.wp.com\/puuhamari.fi\/wp-content\/uploads\/2022\/04\/ROUND-Pyoreat-pinnat-yksityiskohdat-Spindles-Detail-Curved-surfaces.jpg?fit=1000%2C1000&ssl=1&resize=350%2C200 1x, https:\/\/i0.wp.com\/puuhamari.fi\/wp-content\/uploads\/2022\/04\/ROUND-Pyoreat-pinnat-yksityiskohdat-Spindles-Detail-Curved-surfaces.jpg?fit=1000%2C1000&ssl=1&resize=525%2C300 1.5x, https:\/\/i0.wp.com\/puuhamari.fi\/wp-content\/uploads\/2022\/04\/ROUND-Pyoreat-pinnat-yksityiskohdat-Spindles-Detail-Curved-surfaces.jpg?fit=1000%2C1000&ssl=1&resize=700%2C400 2x"},"classes":[]},{"id":8473,"url":"https:\/\/puuhamari.fi\/?product=zibra-palm-pro-lista-yleispensseli","url_meta":{"origin":3381,"position":1},"title":"Zibra &#8211; Palm Pro yleispensseli","author":"PuuhaMari","date":"28 hein\u00e4kuun, 2024","format":false,"excerpt":"UUTUUS! K\u00e4ytt\u00f6kohteita: yleispensseli tasaisille pinnoille sokkelit, listat ja karmit ahtaat paikat, joihin normipensselin varsi ei mahdu Palm Pro Trim & Surface -pensseliss\u00e4 on paksu ja p\u00e4\u00e4st\u00e4\u00e4n tasainen harjasosa, jonka ansiosta se toimii erityisen mainiona yleispensselin\u00e4 sinulla, jolla k\u00e4det\/ranteet v\u00e4syv\u00e4t tai jopa kipeytyv\u00e4t helposti maalatessa!\u00a0 Palm Pro -sarjan pensselien suunnittelun johtavana\u2026","rel":"","context":"Samankaltainen artikkeli","block_context":{"text":"Samankaltainen artikkeli","link":""},"img":{"alt_text":"","src":"https:\/\/i0.wp.com\/puuhamari.fi\/wp-content\/uploads\/2024\/07\/2_PPtrimwhitemain_1000x%402x.jpg?fit=1000%2C1000&ssl=1&resize=350%2C200","width":350,"height":200,"srcset":"https:\/\/i0.wp.com\/puuhamari.fi\/wp-content\/uploads\/2024\/07\/2_PPtrimwhitemain_1000x%402x.jpg?fit=1000%2C1000&ssl=1&resize=350%2C200 1x, https:\/\/i0.wp.com\/puuhamari.fi\/wp-content\/uploads\/2024\/07\/2_PPtrimwhitemain_1000x%402x.jpg?fit=1000%2C1000&ssl=1&resize=525%2C300 1.5x, https:\/\/i0.wp.com\/puuhamari.fi\/wp-content\/uploads\/2024\/07\/2_PPtrimwhitemain_1000x%402x.jpg?fit=1000%2C1000&ssl=1&resize=700%2C400 2x"},"classes":[]},{"id":3161,"url":"https:\/\/puuhamari.fi\/?product=zibra-nelio-pensseli","url_meta":{"origin":3381,"position":2},"title":"Zibra &#8211; neli\u00f6 pensseli","author":"PuuhaMari","date":"4 huhtikuun, 2022","format":false,"excerpt":"K\u00e4ytt\u00f6kohteita: ikkunaristikot erilaiset sein\u00e4listat tuolien karmit & jalat Tied\u00e4th\u00e4n ne pienet ja kapeat maalauskohteet, joiden suojateippaamisessa saatat tuskastella tuntikausia? T\u00e4ss\u00e4 on pelastajasi: kapea, neli\u00f6n muotoinen pensseli kiilamaisesti leikatulla k\u00e4rjell\u00e4. Se tekee ikkunaristikoiden ja vitriinikaappien maalaamisesta suorastaan nautinnollista! Monien suosikki t\u00e4ydellisen leveytens\u00e4 ja t\u00e4ytel\u00e4isen harjasosansa ansiosta. Saat v\u00e4hemmill\u00e4 upotuskerroilla nopeasti kauniin\u2026","rel":"","context":"Samankaltainen artikkeli","block_context":{"text":"Samankaltainen artikkeli","link":""},"img":{"alt_text":"","src":"https:\/\/i0.wp.com\/puuhamari.fi\/wp-content\/uploads\/2022\/04\/SQUARE-Ikkuna-ja-reunalistat-vitriinit-Windows-Ledges-Cabinetry.jpg?fit=1000%2C1000&ssl=1&resize=350%2C200","width":350,"height":200,"srcset":"https:\/\/i0.wp.com\/puuhamari.fi\/wp-content\/uploads\/2022\/04\/SQUARE-Ikkuna-ja-reunalistat-vitriinit-Windows-Ledges-Cabinetry.jpg?fit=1000%2C1000&ssl=1&resize=350%2C200 1x, https:\/\/i0.wp.com\/puuhamari.fi\/wp-content\/uploads\/2022\/04\/SQUARE-Ikkuna-ja-reunalistat-vitriinit-Windows-Ledges-Cabinetry.jpg?fit=1000%2C1000&ssl=1&resize=525%2C300 1.5x, https:\/\/i0.wp.com\/puuhamari.fi\/wp-content\/uploads\/2022\/04\/SQUARE-Ikkuna-ja-reunalistat-vitriinit-Windows-Ledges-Cabinetry.jpg?fit=1000%2C1000&ssl=1&resize=700%2C400 2x"},"classes":[]},{"id":3162,"url":"https:\/\/puuhamari.fi\/?product=zibra-palm-pro-reunuspensseli","url_meta":{"origin":3381,"position":3},"title":"Zibra &#8211; Palm Pro reunuspensseli","author":"PuuhaMari","date":"4 huhtikuun, 2022","format":false,"excerpt":"PuuhaMari on nyt alkanut saada Palm Pro -sarjan pensseleist\u00e4 kiitoksia erityisesti niilt\u00e4 asiakkailta, joiden ranteet\/sormet\/k\u00e4det v\u00e4syv\u00e4t herk\u00e4sti tavallista varsipensseli\u00e4 heilutellessa! Palm Pro -pensselien kahvan suunnittelussa johtavana ajatuksena on ollut, ett\u00e4 pensselin tulee mukautua maalarin k\u00e4teen - ei toisin p\u00e4in. Unohda siis perinteinen kyn\u00e4ote; ainutlaatuisen muotoilunsa ansiosta Palm Pro -sarjan pensselit\u2026","rel":"","context":"With 1 comment","block_context":{"text":"With 1 comment","link":"https:\/\/puuhamari.fi\/?product=zibra-palm-pro-reunuspensseli#comments"},"img":{"alt_text":"","src":"https:\/\/i0.wp.com\/puuhamari.fi\/wp-content\/uploads\/2022\/04\/2_PP-Comfort-Cut-In-Furniture.jpg?fit=1000%2C1000&ssl=1&resize=350%2C200","width":350,"height":200,"srcset":"https:\/\/i0.wp.com\/puuhamari.fi\/wp-content\/uploads\/2022\/04\/2_PP-Comfort-Cut-In-Furniture.jpg?fit=1000%2C1000&ssl=1&resize=350%2C200 1x, https:\/\/i0.wp.com\/puuhamari.fi\/wp-content\/uploads\/2022\/04\/2_PP-Comfort-Cut-In-Furniture.jpg?fit=1000%2C1000&ssl=1&resize=525%2C300 1.5x, https:\/\/i0.wp.com\/puuhamari.fi\/wp-content\/uploads\/2022\/04\/2_PP-Comfort-Cut-In-Furniture.jpg?fit=1000%2C1000&ssl=1&resize=700%2C400 2x"},"classes":[]},{"id":6384,"url":"https:\/\/puuhamari.fi\/?product=orb-viimeistely-ja-kuviointi-100-mm","url_meta":{"origin":3381,"position":4},"title":"ORB &#8211; Viimeistely ja kuviointi 100 mm","author":"PuuhaMari","date":"1 hein\u00e4kuun, 2023","format":false,"excerpt":"Uutuus PuuhaMarin valikoimassa: Hollannissa k\u00e4sity\u00f6n\u00e4 valmistettu ohut, leve\u00e4 ja litte\u00e4 pensseli synteettisill\u00e4, pehmeill\u00e4\u00a0 harjaksilla. Nopeaan ty\u00f6skentelyyn isohkoilla pinnoilla Telalla maalaamisen viimeistelyyn Erilaisiin (kuviointi-) tekniikoihin, esim. kuivaharjaus, glaseeraus, h\u00e4ivytykset jne... Viimeistelyaineiden ohueen levitykseen (my\u00f6s sellakka) Litte\u00e4 ja ohut harjasosa tekee tarkaa j\u00e4lke\u00e4 my\u00f6s reunoissa","rel":"","context":"Samankaltainen artikkeli","block_context":{"text":"Samankaltainen artikkeli","link":""},"img":{"alt_text":"","src":"https:\/\/i0.wp.com\/puuhamari.fi\/wp-content\/uploads\/2023\/07\/Viimeistely-ja-kuviointi-100-mm-1b.jpg?fit=917%2C917&ssl=1&resize=350%2C200","width":350,"height":200,"srcset":"https:\/\/i0.wp.com\/puuhamari.fi\/wp-content\/uploads\/2023\/07\/Viimeistely-ja-kuviointi-100-mm-1b.jpg?fit=917%2C917&ssl=1&resize=350%2C200 1x, https:\/\/i0.wp.com\/puuhamari.fi\/wp-content\/uploads\/2023\/07\/Viimeistely-ja-kuviointi-100-mm-1b.jpg?fit=917%2C917&ssl=1&resize=525%2C300 1.5x, https:\/\/i0.wp.com\/puuhamari.fi\/wp-content\/uploads\/2023\/07\/Viimeistely-ja-kuviointi-100-mm-1b.jpg?fit=917%2C917&ssl=1&resize=700%2C400 2x"},"classes":[]},{"id":8782,"url":"https:\/\/puuhamari.fi\/?product=tela-ja-pensselisaippua","url_meta":{"origin":3381,"position":5},"title":"Tela- ja pensselisaippua","author":"PuuhaMari","date":"29 elokuun, 2024","format":false,"excerpt":"100%:sen luonnollinen, pellavansiemen\u00f6ljyyn pohjautuva saippua pit\u00e4\u00e4 kaikki maalaustarvikkeesi aina puhtaina ja valmiina seuraavaa projektiasi varten! Se on erityisen hell\u00e4 pesuaine mm. pensseleille, sill\u00e4 sen teho ja toiminta perustuu luonnon\u00f6ljyjen puhdistaville ja hoitaville ominaisuuksille. Samalla kun se puhdistaa, se siis toimii my\u00f6s hoitoaineena luonnonharjaksisille pensseleille pit\u00e4en ne parhaassa mahdollisessa kunnossa vuosikausia.\u2026","rel":"","context":"Samankaltainen artikkeli","block_context":{"text":"Samankaltainen artikkeli","link":""},"img":{"alt_text":"","src":"https:\/\/i0.wp.com\/puuhamari.fi\/wp-content\/uploads\/2024\/08\/Brush-Soap-tube-b.png?fit=1080%2C1080&ssl=1&resize=350%2C200","width":350,"height":200,"srcset":"https:\/\/i0.wp.com\/puuhamari.fi\/wp-content\/uploads\/2024\/08\/Brush-Soap-tube-b.png?fit=1080%2C1080&ssl=1&resize=350%2C200 1x, https:\/\/i0.wp.com\/puuhamari.fi\/wp-content\/uploads\/2024\/08\/Brush-Soap-tube-b.png?fit=1080%2C1080&ssl=1&resize=525%2C300 1.5x, https:\/\/i0.wp.com\/puuhamari.fi\/wp-content\/uploads\/2024\/08\/Brush-Soap-tube-b.png?fit=1080%2C1080&ssl=1&resize=700%2C400 2x, https:\/\/i0.wp.com\/puuhamari.fi\/wp-content\/uploads\/2024\/08\/Brush-Soap-tube-b.png?fit=1080%2C1080&ssl=1&resize=1050%2C600 3x"},"classes":[]}],"_links":{"self":[{"href":"https:\/\/puuhamari.fi\/index.php?rest_route=\/wp\/v2\/product\/3381","targetHints":{"allow":["GET"]}}],"collection":[{"href":"https:\/\/puuhamari.fi\/index.php?rest_route=\/wp\/v2\/product"}],"about":[{"href":"https:\/\/puuhamari.fi\/index.php?rest_route=\/wp\/v2\/types\/product"}],"replies":[{"embeddable":true,"href":"https:\/\/puuhamari.fi\/index.php?rest_route=%2Fwp%2Fv2%2Fcomments&post=3381"}],"version-history":[{"count":1,"href":"https:\/\/puuhamari.fi\/index.php?rest_route=\/wp\/v2\/product\/3381\/revisions"}],"predecessor-version":[{"id":7669,"href":"https:\/\/puuhamari.fi\/index.php?rest_route=\/wp\/v2\/product\/3381\/revisions\/7669"}],"wp:featuredmedia":[{"embeddable":true,"href":"https:\/\/puuhamari.fi\/index.php?rest_route=\/wp\/v2\/media\/3382"}],"wp:attachment":[{"href":"https:\/\/puuhamari.fi\/index.php?rest_route=%2Fwp%2Fv2%2Fmedia&parent=3381"}],"wp:term":[{"taxonomy":"product_brand","embeddable":true,"href":"https:\/\/puuhamari.fi\/index.php?rest_route=%2Fwp%2Fv2%2Fproduct_brand&post=3381"},{"taxonomy":"product_cat","embeddable":true,"href":"https:\/\/puuhamari.fi\/index.php?rest_route=%2Fwp%2Fv2%2Fproduct_cat&post=3381"},{"taxonomy":"product_tag","embeddable":true,"href":"https:\/\/puuhamari.fi\/index.php?rest_route=%2Fwp%2Fv2%2Fproduct_tag&post=3381"}],"curies":[{"name":"wp","href":"https:\/\/api.w.org\/{rel}","templated":true}]}}