{"id":3389,"date":"2022-05-23T19:25:11","date_gmt":"2022-05-23T19:25:11","guid":{"rendered":"https:\/\/puuhatarhanputiikki.fi\/?post_type=product&#038;p=3389"},"modified":"2026-03-15T07:31:19","modified_gmt":"2026-03-15T05:31:19","slug":"siirtokuva-white-magnolia","status":"publish","type":"product","link":"https:\/\/puuhamari.fi\/?product=siirtokuva-white-magnolia","title":{"rendered":"Siirtokuva White Magnolia"},"content":{"rendered":"<div class=\"entry-content-asset videofit\">\n<div class=\"jetpack-video-wrapper\"><iframe title=\"re\u00b7design with Prima\u00ae Floral Home Sign with Decor Transfers\u2122\" width=\"720\" height=\"405\" src=\"https:\/\/www.youtube.com\/embed\/c_jBZZeJLB8?feature=oembed\" frameborder=\"0\" allow=\"accelerometer; autoplay; clipboard-write; encrypted-media; gyroscope; picture-in-picture; web-share\" allowfullscreen><\/iframe><\/div>\n<\/div>\n","protected":false},"excerpt":{"rendered":"<p>Valkoiset magnoliankukat ovat aina varma valinta tyylikk\u00e4\u00e4seen ja\/tai suloiseen sisustukseen.<\/p>\n<p>Pakkaus sis\u00e4lt\u00e4\u00e4 kolme erilaisin kuvin varustettua kalvoa. Kaikki 3 kalvoa ovat n\u00e4kyv\u00e4t oheisessa tuotekuvassa. Jokaisen yksitt\u00e4isen kalvon koko on n. 15 cm x 30,5 cm.<\/p>\n<p>Voidaan k\u00e4ytt\u00e4\u00e4 monilla erilaisilla pinnoilla. Jos projektisi on vastamaalattu, anna maalipinnan kovettua rauhassa ainakin 2 vrk:n ajan ennen kuin lis\u00e4\u00e4t siirtokuvan sen pinnalle.<\/p>\n","protected":false},"author":1,"featured_media":3400,"comment_status":"open","ping_status":"closed","template":"","meta":{"advgb_blocks_editor_width":"","advgb_blocks_columns_visual_guide":"","advanced_seo_description":"","jetpack_seo_html_title":"","jetpack_seo_noindex":false,"_kad_post_transparent":"default","_kad_post_title":"","_kad_post_layout":"default","_kad_post_sidebar_id":"","_kad_post_content_style":"default","_kad_post_vertical_padding":"default","_kad_post_feature":"","_kad_post_feature_position":"","_kad_post_header":false,"_kad_post_footer":false,"_kad_post_classname":"","jetpack_post_was_ever_published":true},"product_brand":[],"product_cat":[244],"product_tag":[125,378,247,245,246,377,376],"class_list":{"0":"post-3389","1":"product","2":"type-product","3":"status-publish","4":"has-post-thumbnail","6":"product_cat-siirtokuvat","7":"product_tag-kukka","8":"product_tag-magnolia","9":"product_tag-prima","10":"product_tag-siirtokuva","11":"product_tag-transfer","12":"product_tag-valkoinen","13":"product_tag-white-magnolia","15":"first","16":"instock","17":"taxable","18":"shipping-taxable","19":"purchasable","20":"product-type-simple","21":"entry","22":"content-bg","23":"loop-entry"},"featured_img":"https:\/\/puuhamari.fi\/wp-content\/uploads\/2022\/05\/White-Magnolia-NELIO.jpg","coauthors":[],"author_meta":{"author_link":"https:\/\/puuhamari.fi\/?author=1","display_name":"PuuhaMari"},"relative_dates":{"created":"Julkaistu 4 vuotta sitten","modified":"P\u00e4ivitetty 1 kuukausi sitten"},"absolute_dates":{"created":"Julkaistu 23 toukokuun, 2022","modified":"P\u00e4ivitetty 15 maaliskuun, 2026"},"absolute_dates_time":{"created":"Julkaistu 23 toukokuun, 2022 7:25 pm","modified":"P\u00e4ivitetty 15 maaliskuun, 2026 7:31 am"},"featured_img_caption":"","tax_additional":{"product_brand":{"linked":[],"unlinked":[],"slug":"product_brand","name":"Br\u00e4ndit"},"product_type":{"linked":["<a href=\"https:\/\/puuhamari.fi\/?taxonomy=product_type&#038;term=simple\" class=\"advgb-post-tax-term\">simple<\/a>"],"unlinked":["<span class=\"advgb-post-tax-term\">simple<\/span>"],"slug":"product_type","name":"Tuotetyyppi"},"product_visibility":{"linked":["<a href=\"https:\/\/puuhamari.fi\/?taxonomy=product_visibility&#038;term=rated-5\" class=\"advgb-post-tax-term\">rated-5<\/a>"],"unlinked":["<span class=\"advgb-post-tax-term\">rated-5<\/span>"],"slug":"product_visibility","name":"Tuotteen n\u00e4kyvyys"},"product_cat":{"linked":["<a href=\"https:\/\/puuhamari.fi\/?product_cat=siirtokuvat\" class=\"advgb-post-tax-term\">Siirtokuvat<\/a>"],"unlinked":["<span class=\"advgb-post-tax-term\">Siirtokuvat<\/span>"],"slug":"product_cat","name":"Osastot"},"product_tag":{"linked":["<a href=\"https:\/\/puuhamari.fi\/?product_tag=kukka\" class=\"advgb-post-tax-term\">Kukka<\/a>","<a href=\"https:\/\/puuhamari.fi\/?product_tag=magnolia\" class=\"advgb-post-tax-term\">Magnolia<\/a>","<a href=\"https:\/\/puuhamari.fi\/?product_tag=prima\" class=\"advgb-post-tax-term\">Prima<\/a>","<a href=\"https:\/\/puuhamari.fi\/?product_tag=siirtokuva\" class=\"advgb-post-tax-term\">Siirtokuva<\/a>","<a href=\"https:\/\/puuhamari.fi\/?product_tag=transfer\" class=\"advgb-post-tax-term\">Transfer<\/a>","<a href=\"https:\/\/puuhamari.fi\/?product_tag=valkoinen\" class=\"advgb-post-tax-term\">Valkoinen<\/a>","<a href=\"https:\/\/puuhamari.fi\/?product_tag=white-magnolia\" class=\"advgb-post-tax-term\">White Magnolia<\/a>"],"unlinked":["<span class=\"advgb-post-tax-term\">Kukka<\/span>","<span class=\"advgb-post-tax-term\">Magnolia<\/span>","<span class=\"advgb-post-tax-term\">Prima<\/span>","<span class=\"advgb-post-tax-term\">Siirtokuva<\/span>","<span class=\"advgb-post-tax-term\">Transfer<\/span>","<span class=\"advgb-post-tax-term\">Valkoinen<\/span>","<span class=\"advgb-post-tax-term\">White Magnolia<\/span>"],"slug":"product_tag","name":"Avainsanat tuotteelle"},"product_shipping_class":{"linked":[],"unlinked":[],"slug":"product_shipping_class","name":"Tuotteen toimitusluokat"},"pos_product_visibility":{"linked":[],"unlinked":[],"slug":"pos_product_visibility","name":"POS Product visibility"},"pa_arkin-koko":{"linked":[],"unlinked":[],"slug":"pa_arkin-koko","name":"Tuote Arkin koko"},"pa_hiomatyynyn-karkeus":{"linked":[],"unlinked":[],"slug":"pa_hiomatyynyn-karkeus","name":"Tuote Hiomatyynyn karkeus"},"pa_kehys":{"linked":[],"unlinked":[],"slug":"pa_kehys","name":"Tuote Kehys"},"pa_kuvion-nro":{"linked":[],"unlinked":[],"slug":"pa_kuvion-nro","name":"Tuote Kuvion nro"},"pa_littean-pensselin-koko":{"linked":[],"unlinked":[],"slug":"pa_littean-pensselin-koko","name":"Tuote Litte\u00e4n pensselin koko"},"pa_maalivari":{"linked":[],"unlinked":[],"slug":"pa_maalivari","name":"Tuote Maaliv\u00e4ri"},"pa_palatapettien-lkm":{"linked":[],"unlinked":[],"slug":"pa_palatapettien-lkm","name":"Tuote Palatapettien lkm"},"pa_purkin-koko":{"linked":[],"unlinked":[],"slug":"pa_purkin-koko","name":"Tuote Purkin koko"},"pa_sapluunan-koko":{"linked":[],"unlinked":[],"slug":"pa_sapluunan-koko","name":"Tuote Sapluunan koko"},"pa_tabletti":{"linked":[],"unlinked":[],"slug":"pa_tabletti","name":"Tuote Tabletti"},"pa_valitse-sisalto":{"linked":[],"unlinked":[],"slug":"pa_valitse-sisalto","name":"Tuote Valitse sis\u00e4lt\u00f6"},"pa_varjostin":{"linked":[],"unlinked":[],"slug":"pa_varjostin","name":"Tuote Varjostin"}},"series_order":"","jetpack_sharing_enabled":true,"jetpack_likes_enabled":true,"jetpack-related-posts":[{"id":7068,"url":"https:\/\/puuhamari.fi\/?product=siirtokuva-sunflower-afternoon","url_meta":{"origin":3389,"position":0},"title":"Siirtokuva Sunflower Afternoon","author":"PuuhaMari","date":"30 elokuun, 2023","format":false,"excerpt":"Upeat, uhkeat auringonkukat luovat ymp\u00e4rilleen v\u00e4lit\u00f6nt\u00e4 el\u00e4m\u00e4niloa, kauneutta ja tyytyv\u00e4isyytt\u00e4. Pakkaus sis\u00e4lt\u00e4\u00e4 kolme erilaisin kuvin varustettua kalvoa, joissa yhteens\u00e4 per\u00e4ti 22 siirtokuvaa. Kaikki 3 kalvoa ovat n\u00e4kyv\u00e4t oheisessa tuotekuvassa. Jokaisen yksitt\u00e4isen kalvon koko on n. 30,5 cm x 15 cm. Suurimman yksitt\u00e4iskukan halkaisija on n. 14 cm. Yhdell\u00e4 kalvoista olevan\u2026","rel":"","context":"With 1 comment","block_context":{"text":"With 1 comment","link":"https:\/\/puuhamari.fi\/?product=siirtokuva-sunflower-afternoon#comments"},"img":{"alt_text":"","src":"https:\/\/i0.wp.com\/puuhamari.fi\/wp-content\/uploads\/2023\/08\/2-b-3.png?fit=960%2C959&ssl=1&resize=350%2C200","width":350,"height":200,"srcset":"https:\/\/i0.wp.com\/puuhamari.fi\/wp-content\/uploads\/2023\/08\/2-b-3.png?fit=960%2C959&ssl=1&resize=350%2C200 1x, https:\/\/i0.wp.com\/puuhamari.fi\/wp-content\/uploads\/2023\/08\/2-b-3.png?fit=960%2C959&ssl=1&resize=525%2C300 1.5x, https:\/\/i0.wp.com\/puuhamari.fi\/wp-content\/uploads\/2023\/08\/2-b-3.png?fit=960%2C959&ssl=1&resize=700%2C400 2x"},"classes":[]},{"id":6981,"url":"https:\/\/puuhamari.fi\/?product=siirtokuva-delicate-roses","url_meta":{"origin":3389,"position":1},"title":"Siirtokuva Delicate Roses","author":"PuuhaMari","date":"25 elokuun, 2023","format":false,"excerpt":"Tarvitaanko sanoja? N\u00e4et sen itsekin; t\u00e4h\u00e4n ei voi olla rakastumatta... Hienostuneet v\u00e4rit ja kauniit yksityiskohdat kertakaikkiaan vangitsevat katseen! Suorastaan vaatii yhdistely\u00e4 erilaisten sapluunojen, leimasinten tai muiden siirtokuvien kanssa. Pakkaus sis\u00e4lt\u00e4\u00e4 kolme erilaisin kuvin varustettua kalvoa. Kaikki 3 kalvoa ovat n\u00e4kyv\u00e4t oheisessa tuotekuvassa. Jokaisen yksitt\u00e4isen kalvon koko on n. 30,5 cm\u2026","rel":"","context":"With 2 comments","block_context":{"text":"With 2 comments","link":"https:\/\/puuhamari.fi\/?product=siirtokuva-delicate-roses#comments"},"img":{"alt_text":"","src":"https:\/\/i0.wp.com\/puuhamari.fi\/wp-content\/uploads\/2023\/08\/Delicate-Roses-1-b.png?fit=670%2C669&ssl=1&resize=350%2C200","width":350,"height":200,"srcset":"https:\/\/i0.wp.com\/puuhamari.fi\/wp-content\/uploads\/2023\/08\/Delicate-Roses-1-b.png?fit=670%2C669&ssl=1&resize=350%2C200 1x, https:\/\/i0.wp.com\/puuhamari.fi\/wp-content\/uploads\/2023\/08\/Delicate-Roses-1-b.png?fit=670%2C669&ssl=1&resize=525%2C300 1.5x"},"classes":[]},{"id":10055,"url":"https:\/\/puuhamari.fi\/?product=gray-wolf","url_meta":{"origin":3389,"position":2},"title":"Siirtokuva Gray Wolf","author":"PuuhaMari","date":"15 elokuun, 2025","format":false,"excerpt":"Upea kokonaisuus harmaasudesta; vapaan ja villin luonnon symbolista, \u00e4lykk\u00e4\u00e4st\u00e4 ja sosiaalisesta el\u00e4imest\u00e4, joka el\u00e4\u00e4 p\u00e4\u00e4asiassa perheryhmiss\u00e4.\u00a0Siirtokuva sis\u00e4lt\u00e4\u00e4 my\u00f6s info-teksti\u00e4 mm. suden elintavoista, pentuluvuista jne. (eng.) Pakkaus sis\u00e4lt\u00e4\u00e4 kolme erilaisin kuvin varustettua kalvoa. Kaikki 3 kalvoa ovat n\u00e4kyv\u00e4t oheisessa tuotekuvassa. Jokaisen yksitt\u00e4isen kalvon koko on n. 30,5 cm x 15 cm.\u2026","rel":"","context":"Samankaltainen artikkeli","block_context":{"text":"Samankaltainen artikkeli","link":""},"img":{"alt_text":"","src":"https:\/\/i0.wp.com\/puuhamari.fi\/wp-content\/uploads\/2025\/08\/Gray-Wolf-1.webp?fit=896%2C896&ssl=1&resize=350%2C200","width":350,"height":200,"srcset":"https:\/\/i0.wp.com\/puuhamari.fi\/wp-content\/uploads\/2025\/08\/Gray-Wolf-1.webp?fit=896%2C896&ssl=1&resize=350%2C200 1x, https:\/\/i0.wp.com\/puuhamari.fi\/wp-content\/uploads\/2025\/08\/Gray-Wolf-1.webp?fit=896%2C896&ssl=1&resize=525%2C300 1.5x, https:\/\/i0.wp.com\/puuhamari.fi\/wp-content\/uploads\/2025\/08\/Gray-Wolf-1.webp?fit=896%2C896&ssl=1&resize=700%2C400 2x"},"classes":[]},{"id":10687,"url":"https:\/\/puuhamari.fi\/?product=siirtokuva-floral-collection","url_meta":{"origin":3389,"position":3},"title":"Siirtokuva Floral Collection","author":"PuuhaMari","date":"25 helmikuun, 2026","format":false,"excerpt":"Luo rehev\u00e4n kukoistavia koristeluja kotiisi yhdistelem\u00e4ll\u00e4 t\u00e4m\u00e4n kukkakokoelman kuvia joko kesken\u00e4\u00e4n, tai mink\u00e4 tahansa kaapistasi l\u00f6ytyvien siirtokuvien kanssa. Voit kiinnitt\u00e4\u00e4 niit\u00e4 oviin, kalusteisiin, sisustusesineisiin, vihkoihin... Oikeastaan minne tahansa miss\u00e4 pinta on puhdas, kuiva ja tasainen! Kohdista kuva, hankaa sit\u00e4 p\u00e4\u00e4llipuolelta, ja ota irronnut kalvo pois - VALMIS. (Jos tuunauskohteesi on\u2026","rel":"","context":"Samankaltainen artikkeli","block_context":{"text":"Samankaltainen artikkeli","link":""},"img":{"alt_text":"","src":"https:\/\/i0.wp.com\/puuhamari.fi\/wp-content\/uploads\/2026\/02\/Floral-Collection-1-B.jpg?fit=896%2C895&ssl=1&resize=350%2C200","width":350,"height":200,"srcset":"https:\/\/i0.wp.com\/puuhamari.fi\/wp-content\/uploads\/2026\/02\/Floral-Collection-1-B.jpg?fit=896%2C895&ssl=1&resize=350%2C200 1x, https:\/\/i0.wp.com\/puuhamari.fi\/wp-content\/uploads\/2026\/02\/Floral-Collection-1-B.jpg?fit=896%2C895&ssl=1&resize=525%2C300 1.5x, https:\/\/i0.wp.com\/puuhamari.fi\/wp-content\/uploads\/2026\/02\/Floral-Collection-1-B.jpg?fit=896%2C895&ssl=1&resize=700%2C400 2x"},"classes":[]},{"id":7074,"url":"https:\/\/puuhamari.fi\/?product=siirtokuva-autumn-essentials","url_meta":{"origin":3389,"position":4},"title":"Siirtokuva Autumn Essentials","author":"PuuhaMari","date":"30 elokuun, 2023","format":false,"excerpt":"Katsohan tarkemmin n\u00e4it\u00e4 vintage-tyylisi\u00e4 kuvia: jokaisessa huikean kauniissa kuvassa on valkoista \"kulumisen j\u00e4lke\u00e4.\" Rehev\u00e4n herkulliset v\u00e4rit, suloiset el\u00e4inhahmot ja kauniit pikkukoristeet\u00a0 - niit\u00e4 ei vain voi vastustaa! T\u00e4ss\u00e4 sinulle 19 tunnelmallista syyskoristetta, joita tietenkin voit halutessasi leikata saksilla viel\u00e4 useampaan osaan ja yhdistell\u00e4 mielesi mukaan muihin tuunaushyllyst\u00e4si l\u00f6ytyviin siirtokuviin tai\u2026","rel":"","context":"Samankaltainen artikkeli","block_context":{"text":"Samankaltainen artikkeli","link":""},"img":{"alt_text":"","src":"https:\/\/i0.wp.com\/puuhamari.fi\/wp-content\/uploads\/2023\/08\/2-b-4.png?fit=961%2C961&ssl=1&resize=350%2C200","width":350,"height":200,"srcset":"https:\/\/i0.wp.com\/puuhamari.fi\/wp-content\/uploads\/2023\/08\/2-b-4.png?fit=961%2C961&ssl=1&resize=350%2C200 1x, https:\/\/i0.wp.com\/puuhamari.fi\/wp-content\/uploads\/2023\/08\/2-b-4.png?fit=961%2C961&ssl=1&resize=525%2C300 1.5x, https:\/\/i0.wp.com\/puuhamari.fi\/wp-content\/uploads\/2023\/08\/2-b-4.png?fit=961%2C961&ssl=1&resize=700%2C400 2x"},"classes":[]},{"id":4496,"url":"https:\/\/puuhamari.fi\/?product=siirtokuva-midnight-floral","url_meta":{"origin":3389,"position":5},"title":"Siirtokuva Midnight Floral","author":"PuuhaMari","date":"15 elokuun, 2022","format":false,"excerpt":"Upeat, tummanpuhuvat ruusut vuorottelevat vaaleiden ja jopa pelkin \u00e4\u00e4riviivoin piirrettyjen ruusujen kanssa. Voit vapaasti leikata kalvosta erilleen yksitt\u00e4isi\u00e4 ruusuja tai ruusuryhmi\u00e4, ja asetella niit\u00e4 joko moneen\u00a0 pienemp\u00e4\u00e4n tuunauskohteseen, tai yhteen suureen. Siirtokuvan totaalikoko on n. 66 cm x 89 cm, ja k\u00e4ytt\u00f6mukavuuden lis\u00e4\u00e4miseksi se on painettu kahdelle erilliselle kalvolle. Voidaan\u2026","rel":"","context":"With 1 comment","block_context":{"text":"With 1 comment","link":"https:\/\/puuhamari.fi\/?product=siirtokuva-midnight-floral#comments"},"img":{"alt_text":"","src":"https:\/\/i0.wp.com\/puuhamari.fi\/wp-content\/uploads\/2022\/08\/Midnight-Floral-4.png?fit=907%2C910&ssl=1&resize=350%2C200","width":350,"height":200,"srcset":"https:\/\/i0.wp.com\/puuhamari.fi\/wp-content\/uploads\/2022\/08\/Midnight-Floral-4.png?fit=907%2C910&ssl=1&resize=350%2C200 1x, https:\/\/i0.wp.com\/puuhamari.fi\/wp-content\/uploads\/2022\/08\/Midnight-Floral-4.png?fit=907%2C910&ssl=1&resize=525%2C300 1.5x, https:\/\/i0.wp.com\/puuhamari.fi\/wp-content\/uploads\/2022\/08\/Midnight-Floral-4.png?fit=907%2C910&ssl=1&resize=700%2C400 2x"},"classes":[]}],"_links":{"self":[{"href":"https:\/\/puuhamari.fi\/index.php?rest_route=\/wp\/v2\/product\/3389","targetHints":{"allow":["GET"]}}],"collection":[{"href":"https:\/\/puuhamari.fi\/index.php?rest_route=\/wp\/v2\/product"}],"about":[{"href":"https:\/\/puuhamari.fi\/index.php?rest_route=\/wp\/v2\/types\/product"}],"replies":[{"embeddable":true,"href":"https:\/\/puuhamari.fi\/index.php?rest_route=%2Fwp%2Fv2%2Fcomments&post=3389"}],"version-history":[{"count":2,"href":"https:\/\/puuhamari.fi\/index.php?rest_route=\/wp\/v2\/product\/3389\/revisions"}],"predecessor-version":[{"id":7136,"href":"https:\/\/puuhamari.fi\/index.php?rest_route=\/wp\/v2\/product\/3389\/revisions\/7136"}],"wp:featuredmedia":[{"embeddable":true,"href":"https:\/\/puuhamari.fi\/index.php?rest_route=\/wp\/v2\/media\/3400"}],"wp:attachment":[{"href":"https:\/\/puuhamari.fi\/index.php?rest_route=%2Fwp%2Fv2%2Fmedia&parent=3389"}],"wp:term":[{"taxonomy":"product_brand","embeddable":true,"href":"https:\/\/puuhamari.fi\/index.php?rest_route=%2Fwp%2Fv2%2Fproduct_brand&post=3389"},{"taxonomy":"product_cat","embeddable":true,"href":"https:\/\/puuhamari.fi\/index.php?rest_route=%2Fwp%2Fv2%2Fproduct_cat&post=3389"},{"taxonomy":"product_tag","embeddable":true,"href":"https:\/\/puuhamari.fi\/index.php?rest_route=%2Fwp%2Fv2%2Fproduct_tag&post=3389"}],"curies":[{"name":"wp","href":"https:\/\/api.w.org\/{rel}","templated":true}]}}