{"id":3457,"date":"2022-05-23T22:51:17","date_gmt":"2022-05-23T22:51:17","guid":{"rendered":"https:\/\/puuhatarhanputiikki.fi\/?post_type=product&#038;p=3457"},"modified":"2025-11-25T20:51:42","modified_gmt":"2025-11-25T18:51:42","slug":"azure","status":"publish","type":"product","link":"https:\/\/puuhamari.fi\/?product=azure","title":{"rendered":"Azure"},"content":{"rendered":"<p>Fusion\u2122 mineraalimaalien kuvaus: <a href=\"https:\/\/puuhamari.fi\/?p=5842\" target=\"_blank\" rel=\"noopener\">lue t\u00e4\u00e4lt\u00e4.<\/a><\/p>\n","protected":false},"excerpt":{"rendered":"<p>Tied\u00e4th\u00e4n sellaiset vanhat vintage-korut, joissa on n\u00e4ytt\u00e4v\u00e4n v\u00e4risi\u00e4 kivi\u00e4? Joissakin niist\u00e4 on k\u00e4ytetty &#8220;turkoosi&#8221; -nimist\u00e4 korukive\u00e4, ja t\u00e4m\u00e4 Fusion mineraalimaali on PuuhaMarin mielest\u00e4 juuri sen v\u00e4rist\u00e4; se on rohkean ylellinen s\u00e4vy, mutta samalla my\u00f6s korealla tavalla hienostunut.<\/p>\n<p>Yhdist\u00e4 kirkkaan valkoisen Picket Fence:n kanssa, jos haluat lopputuloksen olevan huippuraikas, tai Casement:n kanssa jos etsit klassisempaa tunnelmaa.<\/p>\n<p>&nbsp;<\/p>\n","protected":false},"author":1,"featured_media":3471,"comment_status":"open","ping_status":"closed","template":"","meta":{"advgb_blocks_editor_width":"","advgb_blocks_columns_visual_guide":"","advanced_seo_description":"","jetpack_seo_html_title":"","jetpack_seo_noindex":false,"_kad_post_transparent":"default","_kad_post_title":"","_kad_post_layout":"default","_kad_post_sidebar_id":"","_kad_post_content_style":"default","_kad_post_vertical_padding":"default","_kad_post_feature":"","_kad_post_feature_position":"","_kad_post_header":false,"_kad_post_footer":false,"_kad_post_classname":"","jetpack_post_was_ever_published":false},"product_brand":[],"product_cat":[309],"product_tag":[],"class_list":{"0":"post-3457","1":"product","2":"type-product","3":"status-publish","4":"has-post-thumbnail","6":"product_cat-fusion-mineraalimaalit","8":"first","9":"instock","10":"taxable","11":"shipping-taxable","12":"purchasable","13":"product-type-variable","14":"entry","15":"content-bg","16":"loop-entry"},"featured_img":"https:\/\/puuhamari.fi\/wp-content\/uploads\/2022\/05\/fusion_mineral_paint-azure-pint-B.jpg","coauthors":[],"author_meta":{"author_link":"https:\/\/puuhamari.fi\/?author=1","display_name":"PuuhaMari"},"relative_dates":{"created":"Julkaistu 4 vuotta sitten","modified":"P\u00e4ivitetty 5 kuukautta sitten"},"absolute_dates":{"created":"Julkaistu 23 toukokuun, 2022","modified":"P\u00e4ivitetty 25 marraskuun, 2025"},"absolute_dates_time":{"created":"Julkaistu 23 toukokuun, 2022 10:51 pm","modified":"P\u00e4ivitetty 25 marraskuun, 2025 8:51 pm"},"featured_img_caption":"","tax_additional":{"product_brand":{"linked":[],"unlinked":[],"slug":"product_brand","name":"Br\u00e4ndit"},"product_type":{"linked":["<a href=\"https:\/\/puuhamari.fi\/?taxonomy=product_type&#038;term=variable\" class=\"advgb-post-tax-term\">variable<\/a>"],"unlinked":["<span class=\"advgb-post-tax-term\">variable<\/span>"],"slug":"product_type","name":"Tuotetyyppi"},"product_visibility":{"linked":[],"unlinked":[],"slug":"product_visibility","name":"Tuotteen n\u00e4kyvyys"},"product_cat":{"linked":["<a href=\"https:\/\/puuhamari.fi\/?product_cat=fusion-mineraalimaalit\" class=\"advgb-post-tax-term\">Fusion mineraalimaalit<\/a>"],"unlinked":["<span class=\"advgb-post-tax-term\">Fusion mineraalimaalit<\/span>"],"slug":"product_cat","name":"Osastot"},"product_tag":{"linked":[],"unlinked":[],"slug":"product_tag","name":"Avainsanat tuotteelle"},"product_shipping_class":{"linked":[],"unlinked":[],"slug":"product_shipping_class","name":"Tuotteen toimitusluokat"},"pos_product_visibility":{"linked":[],"unlinked":[],"slug":"pos_product_visibility","name":"POS Product visibility"},"pa_arkin-koko":{"linked":[],"unlinked":[],"slug":"pa_arkin-koko","name":"Tuote Arkin koko"},"pa_hiomatyynyn-karkeus":{"linked":[],"unlinked":[],"slug":"pa_hiomatyynyn-karkeus","name":"Tuote Hiomatyynyn karkeus"},"pa_kehys":{"linked":[],"unlinked":[],"slug":"pa_kehys","name":"Tuote Kehys"},"pa_kuvion-nro":{"linked":[],"unlinked":[],"slug":"pa_kuvion-nro","name":"Tuote Kuvion nro"},"pa_littean-pensselin-koko":{"linked":[],"unlinked":[],"slug":"pa_littean-pensselin-koko","name":"Tuote Litte\u00e4n pensselin koko"},"pa_maalivari":{"linked":[],"unlinked":[],"slug":"pa_maalivari","name":"Tuote Maaliv\u00e4ri"},"pa_palatapettien-lkm":{"linked":[],"unlinked":[],"slug":"pa_palatapettien-lkm","name":"Tuote Palatapettien lkm"},"pa_purkin-koko":{"linked":["<a href=\"https:\/\/puuhamari.fi\/?taxonomy=pa_purkin-koko&#038;term=37-ml\" class=\"advgb-post-tax-term\">37 ml<\/a>","<a href=\"https:\/\/puuhamari.fi\/?taxonomy=pa_purkin-koko&#038;term=500-ml\" class=\"advgb-post-tax-term\">500 ml<\/a>"],"unlinked":["<span class=\"advgb-post-tax-term\">37 ml<\/span>","<span class=\"advgb-post-tax-term\">500 ml<\/span>"],"slug":"pa_purkin-koko","name":"Tuote Purkin koko"},"pa_sapluunan-koko":{"linked":[],"unlinked":[],"slug":"pa_sapluunan-koko","name":"Tuote Sapluunan koko"},"pa_tabletti":{"linked":[],"unlinked":[],"slug":"pa_tabletti","name":"Tuote Tabletti"},"pa_valitse-sisalto":{"linked":[],"unlinked":[],"slug":"pa_valitse-sisalto","name":"Tuote Valitse sis\u00e4lt\u00f6"},"pa_varjostin":{"linked":[],"unlinked":[],"slug":"pa_varjostin","name":"Tuote Varjostin"}},"series_order":"","jetpack_sharing_enabled":true,"jetpack_likes_enabled":true,"jetpack-related-posts":[{"id":2977,"url":"https:\/\/puuhamari.fi\/?product=renfrew-blue","url_meta":{"origin":3457,"position":0},"title":"Renfrew Blue","author":"PuuhaMari","date":"18 maaliskuun, 2022","format":false,"excerpt":"Fusion\u2122 maalisarjan kuuluisa ja supersuosittu tumma syaaninvihre\u00e4 (vai -sininen?) s\u00e4vy. N\u00e4ytt\u00e4\u00e4 upealta paitsi yksin\u00e4\u00e4n, my\u00f6s yhdistettyn\u00e4 keltaisiin, punaisiin ja harmaaseen taittaviin ruskeisiin s\u00e4vyihin.","rel":"","context":"With 2 comments","block_context":{"text":"With 2 comments","link":"https:\/\/puuhamari.fi\/?product=renfrew-blue#comments"},"img":{"alt_text":"","src":"https:\/\/i0.wp.com\/puuhamari.fi\/wp-content\/uploads\/2022\/03\/fusion_mineral_paint-renfrewblue-pint-B.jpg?fit=1200%2C1199&ssl=1&resize=350%2C200","width":350,"height":200,"srcset":"https:\/\/i0.wp.com\/puuhamari.fi\/wp-content\/uploads\/2022\/03\/fusion_mineral_paint-renfrewblue-pint-B.jpg?fit=1200%2C1199&ssl=1&resize=350%2C200 1x, https:\/\/i0.wp.com\/puuhamari.fi\/wp-content\/uploads\/2022\/03\/fusion_mineral_paint-renfrewblue-pint-B.jpg?fit=1200%2C1199&ssl=1&resize=525%2C300 1.5x, https:\/\/i0.wp.com\/puuhamari.fi\/wp-content\/uploads\/2022\/03\/fusion_mineral_paint-renfrewblue-pint-B.jpg?fit=1200%2C1199&ssl=1&resize=700%2C400 2x, https:\/\/i0.wp.com\/puuhamari.fi\/wp-content\/uploads\/2022\/03\/fusion_mineral_paint-renfrewblue-pint-B.jpg?fit=1200%2C1199&ssl=1&resize=1050%2C600 3x"},"classes":[]},{"id":2534,"url":"https:\/\/puuhamari.fi\/?product=lichen","url_meta":{"origin":3457,"position":1},"title":"Lichen","author":"PuuhaMari","date":"24 helmikuun, 2022","format":false,"excerpt":"Luonto\u00e4idilt\u00e4 lainattu harmaanvihre\u00e4 s\u00e4vy, ehdottomasti kuviaan kauniimpi! Hienovaraisen herkk\u00e4 ja pehme\u00e4n rauhoittava. Lichen on PuuhaMarin \"luottovihre\u00e4\", jota Putiikilla k\u00e4ytet\u00e4\u00e4n todella monissa projekteissa!","rel":"","context":"Samankaltainen artikkeli","block_context":{"text":"Samankaltainen artikkeli","link":""},"img":{"alt_text":"","src":"https:\/\/i0.wp.com\/puuhamari.fi\/wp-content\/uploads\/2022\/02\/fusion_mineral_paint-lichen-pint-b.jpg?fit=1200%2C1200&ssl=1&resize=350%2C200","width":350,"height":200,"srcset":"https:\/\/i0.wp.com\/puuhamari.fi\/wp-content\/uploads\/2022\/02\/fusion_mineral_paint-lichen-pint-b.jpg?fit=1200%2C1200&ssl=1&resize=350%2C200 1x, https:\/\/i0.wp.com\/puuhamari.fi\/wp-content\/uploads\/2022\/02\/fusion_mineral_paint-lichen-pint-b.jpg?fit=1200%2C1200&ssl=1&resize=525%2C300 1.5x, https:\/\/i0.wp.com\/puuhamari.fi\/wp-content\/uploads\/2022\/02\/fusion_mineral_paint-lichen-pint-b.jpg?fit=1200%2C1200&ssl=1&resize=700%2C400 2x, https:\/\/i0.wp.com\/puuhamari.fi\/wp-content\/uploads\/2022\/02\/fusion_mineral_paint-lichen-pint-b.jpg?fit=1200%2C1200&ssl=1&resize=1050%2C600 3x"},"classes":[]},{"id":2467,"url":"https:\/\/puuhamari.fi\/?product=cashmere","url_meta":{"origin":3457,"position":2},"title":"Cashmere","author":"PuuhaMari","date":"21 helmikuun, 2022","format":false,"excerpt":"T\u00e4m\u00e4 ylellisen l\u00e4mmin ja neutraali valkoinen oli vuoden 2021 uutuus. Pehme\u00e4n elegantissa Cashmeressa on hieman kermainen pohjas\u00e4vy.","rel":"","context":"Samankaltainen artikkeli","block_context":{"text":"Samankaltainen artikkeli","link":""},"img":{"alt_text":"","src":"https:\/\/i0.wp.com\/puuhamari.fi\/wp-content\/uploads\/2022\/02\/Fusion_Mineral_Paint_Cashmere_Flat_Lay__HR_210224_7093-Edit-2-scaled.jpg?fit=1200%2C1086&ssl=1&resize=350%2C200","width":350,"height":200,"srcset":"https:\/\/i0.wp.com\/puuhamari.fi\/wp-content\/uploads\/2022\/02\/Fusion_Mineral_Paint_Cashmere_Flat_Lay__HR_210224_7093-Edit-2-scaled.jpg?fit=1200%2C1086&ssl=1&resize=350%2C200 1x, https:\/\/i0.wp.com\/puuhamari.fi\/wp-content\/uploads\/2022\/02\/Fusion_Mineral_Paint_Cashmere_Flat_Lay__HR_210224_7093-Edit-2-scaled.jpg?fit=1200%2C1086&ssl=1&resize=525%2C300 1.5x, https:\/\/i0.wp.com\/puuhamari.fi\/wp-content\/uploads\/2022\/02\/Fusion_Mineral_Paint_Cashmere_Flat_Lay__HR_210224_7093-Edit-2-scaled.jpg?fit=1200%2C1086&ssl=1&resize=700%2C400 2x, https:\/\/i0.wp.com\/puuhamari.fi\/wp-content\/uploads\/2022\/02\/Fusion_Mineral_Paint_Cashmere_Flat_Lay__HR_210224_7093-Edit-2-scaled.jpg?fit=1200%2C1086&ssl=1&resize=1050%2C600 3x"},"classes":[]},{"id":2780,"url":"https:\/\/puuhamari.fi\/?product=seaside","url_meta":{"origin":3457,"position":3},"title":"Seaside","author":"PuuhaMari","date":"2 maaliskuun, 2022","format":false,"excerpt":"Nimi puhuu puolestaan. Kun maalin nimen\u00e4 on \"Merenranta\" se huokuu rannikon syv\u00e4\u00e4 sinisyytt\u00e4. Eritt\u00e4in kaunis yksinkin, mutta toimii upeasti my\u00f6s neutraaleissa v\u00e4riyhdistelmiss\u00e4; mieti esim. valkoisia n\u00e4kinkenki\u00e4, hiekkarantaa ja syv\u00e4nsinist\u00e4 merta. T\u00e4ydellinen kolmikko, ah!","rel":"","context":"Samankaltainen artikkeli","block_context":{"text":"Samankaltainen artikkeli","link":""},"img":{"alt_text":"","src":"https:\/\/i0.wp.com\/puuhamari.fi\/wp-content\/uploads\/2022\/03\/T1SEASIDE-b-scaled.jpg?fit=1200%2C1200&ssl=1&resize=350%2C200","width":350,"height":200,"srcset":"https:\/\/i0.wp.com\/puuhamari.fi\/wp-content\/uploads\/2022\/03\/T1SEASIDE-b-scaled.jpg?fit=1200%2C1200&ssl=1&resize=350%2C200 1x, https:\/\/i0.wp.com\/puuhamari.fi\/wp-content\/uploads\/2022\/03\/T1SEASIDE-b-scaled.jpg?fit=1200%2C1200&ssl=1&resize=525%2C300 1.5x, https:\/\/i0.wp.com\/puuhamari.fi\/wp-content\/uploads\/2022\/03\/T1SEASIDE-b-scaled.jpg?fit=1200%2C1200&ssl=1&resize=700%2C400 2x, https:\/\/i0.wp.com\/puuhamari.fi\/wp-content\/uploads\/2022\/03\/T1SEASIDE-b-scaled.jpg?fit=1200%2C1200&ssl=1&resize=1050%2C600 3x"},"classes":[]},{"id":3164,"url":"https:\/\/puuhamari.fi\/?product=orb-pyorea-m","url_meta":{"origin":3457,"position":4},"title":"ORB &#8211; py\u00f6re\u00e4 M","author":"PuuhaMari","date":"4 huhtikuun, 2022","format":false,"excerpt":"Hollannissa k\u00e4sity\u00f6n\u00e4 valmistettu py\u00f6re\u00e4k\u00e4rkinen pensseli. Sopii erityisen hyvin k\u00e4ytett\u00e4v\u00e4ksi vesiliukoisten maalien kanssa (Esim. Fusion\u2122 mineraalimaalit). M koko = R12, holkin leveys n. 2,5 cm, varren pituus 16,5 cm.","rel":"","context":"Samankaltainen artikkeli","block_context":{"text":"Samankaltainen artikkeli","link":""},"img":{"alt_text":"","src":"https:\/\/i0.wp.com\/puuhamari.fi\/wp-content\/uploads\/2022\/04\/orb-round-medium.jpg?fit=1000%2C1000&ssl=1&resize=350%2C200","width":350,"height":200,"srcset":"https:\/\/i0.wp.com\/puuhamari.fi\/wp-content\/uploads\/2022\/04\/orb-round-medium.jpg?fit=1000%2C1000&ssl=1&resize=350%2C200 1x, https:\/\/i0.wp.com\/puuhamari.fi\/wp-content\/uploads\/2022\/04\/orb-round-medium.jpg?fit=1000%2C1000&ssl=1&resize=525%2C300 1.5x, https:\/\/i0.wp.com\/puuhamari.fi\/wp-content\/uploads\/2022\/04\/orb-round-medium.jpg?fit=1000%2C1000&ssl=1&resize=700%2C400 2x"},"classes":[]},{"id":3165,"url":"https:\/\/puuhamari.fi\/?product=orb-pyorea-s","url_meta":{"origin":3457,"position":5},"title":"ORB &#8211; py\u00f6re\u00e4 S","author":"PuuhaMari","date":"4 huhtikuun, 2022","format":false,"excerpt":"Hollannissa k\u00e4sity\u00f6n\u00e4 valmistettu py\u00f6re\u00e4k\u00e4rkinen pensseli. Sopii erityisen hyvin k\u00e4ytett\u00e4v\u00e4ksi vesiliukoisten maalien kanssa (Esim. Fusion\u2122 mineraalimaalit). S koko = R10, holkin leveys n. 2 cm, varren pituus 16 cm.","rel":"","context":"Samankaltainen artikkeli","block_context":{"text":"Samankaltainen artikkeli","link":""},"img":{"alt_text":"","src":"https:\/\/i0.wp.com\/puuhamari.fi\/wp-content\/uploads\/2022\/04\/orb-round-small.jpg?fit=1000%2C1000&ssl=1&resize=350%2C200","width":350,"height":200,"srcset":"https:\/\/i0.wp.com\/puuhamari.fi\/wp-content\/uploads\/2022\/04\/orb-round-small.jpg?fit=1000%2C1000&ssl=1&resize=350%2C200 1x, https:\/\/i0.wp.com\/puuhamari.fi\/wp-content\/uploads\/2022\/04\/orb-round-small.jpg?fit=1000%2C1000&ssl=1&resize=525%2C300 1.5x, https:\/\/i0.wp.com\/puuhamari.fi\/wp-content\/uploads\/2022\/04\/orb-round-small.jpg?fit=1000%2C1000&ssl=1&resize=700%2C400 2x"},"classes":[]}],"_links":{"self":[{"href":"https:\/\/puuhamari.fi\/index.php?rest_route=\/wp\/v2\/product\/3457","targetHints":{"allow":["GET"]}}],"collection":[{"href":"https:\/\/puuhamari.fi\/index.php?rest_route=\/wp\/v2\/product"}],"about":[{"href":"https:\/\/puuhamari.fi\/index.php?rest_route=\/wp\/v2\/types\/product"}],"replies":[{"embeddable":true,"href":"https:\/\/puuhamari.fi\/index.php?rest_route=%2Fwp%2Fv2%2Fcomments&post=3457"}],"version-history":[{"count":2,"href":"https:\/\/puuhamari.fi\/index.php?rest_route=\/wp\/v2\/product\/3457\/revisions"}],"predecessor-version":[{"id":9810,"href":"https:\/\/puuhamari.fi\/index.php?rest_route=\/wp\/v2\/product\/3457\/revisions\/9810"}],"wp:featuredmedia":[{"embeddable":true,"href":"https:\/\/puuhamari.fi\/index.php?rest_route=\/wp\/v2\/media\/3471"}],"wp:attachment":[{"href":"https:\/\/puuhamari.fi\/index.php?rest_route=%2Fwp%2Fv2%2Fmedia&parent=3457"}],"wp:term":[{"taxonomy":"product_brand","embeddable":true,"href":"https:\/\/puuhamari.fi\/index.php?rest_route=%2Fwp%2Fv2%2Fproduct_brand&post=3457"},{"taxonomy":"product_cat","embeddable":true,"href":"https:\/\/puuhamari.fi\/index.php?rest_route=%2Fwp%2Fv2%2Fproduct_cat&post=3457"},{"taxonomy":"product_tag","embeddable":true,"href":"https:\/\/puuhamari.fi\/index.php?rest_route=%2Fwp%2Fv2%2Fproduct_tag&post=3457"}],"curies":[{"name":"wp","href":"https:\/\/api.w.org\/{rel}","templated":true}]}}