{"id":3463,"date":"2022-05-23T23:33:16","date_gmt":"2022-05-23T23:33:16","guid":{"rendered":"https:\/\/puuhatarhanputiikki.fi\/?post_type=product&#038;p=3463"},"modified":"2025-11-25T20:50:32","modified_gmt":"2025-11-25T18:50:32","slug":"brook","status":"publish","type":"product","link":"https:\/\/puuhamari.fi\/?product=brook","title":{"rendered":"Brook"},"content":{"rendered":"<p>Fusion\u2122 mineraalimaalien kuvaus: <a href=\"https:\/\/puuhamari.fi\/?p=5842\" target=\"_blank\" rel=\"noopener\">lue t\u00e4\u00e4lt\u00e4.<\/a><\/p>\n","protected":false},"excerpt":{"rendered":"<p>Nimi Brook tarkoittaa puroa, ja s\u00e4vyss\u00e4 kaikuvatkin eksoottisten vesien sinivihre\u00e4t v\u00e4rit. T\u00e4ss\u00e4 sinulla on tarjolla vaihtoehto perinteisemm\u00e4lle pastellinvihre\u00e4lle; t\u00e4ss\u00e4 s\u00e4vyss\u00e4 on hiukan enemm\u00e4n v\u00e4ri\u00e4 ja n\u00e4ytt\u00e4vyytt\u00e4.<\/p>\n<p>Yhdist\u00e4m\u00e4ll\u00e4 Brook:n esimerkiksi Buttermilk Cream:n keltaisuuteen saat aikaan huomiota her\u00e4tt\u00e4v\u00e4n ja iloisen v\u00e4ripl\u00e4j\u00e4yksen. Limestone:n kanssa Brook taas k\u00e4ytt\u00e4ytyy harmonisemman n\u00e4tisti&#8230;<\/p>\n","protected":false},"author":1,"featured_media":3470,"comment_status":"open","ping_status":"closed","template":"","meta":{"advgb_blocks_editor_width":"","advgb_blocks_columns_visual_guide":"","advanced_seo_description":"","jetpack_seo_html_title":"","jetpack_seo_noindex":false,"_kad_post_transparent":"default","_kad_post_title":"","_kad_post_layout":"default","_kad_post_sidebar_id":"","_kad_post_content_style":"default","_kad_post_vertical_padding":"default","_kad_post_feature":"","_kad_post_feature_position":"","_kad_post_header":false,"_kad_post_footer":false,"_kad_post_classname":"","jetpack_post_was_ever_published":false},"product_brand":[],"product_cat":[309],"product_tag":[],"class_list":{"0":"post-3463","1":"product","2":"type-product","3":"status-publish","4":"has-post-thumbnail","6":"product_cat-fusion-mineraalimaalit","8":"first","9":"instock","10":"taxable","11":"shipping-taxable","12":"purchasable","13":"product-type-variable","14":"entry","15":"content-bg","16":"loop-entry"},"featured_img":"https:\/\/puuhamari.fi\/wp-content\/uploads\/2022\/05\/fusion_mineral_paint-brook-pint-B.jpg","coauthors":[],"author_meta":{"author_link":"https:\/\/puuhamari.fi\/?author=1","display_name":"PuuhaMari"},"relative_dates":{"created":"Julkaistu 4 vuotta sitten","modified":"P\u00e4ivitetty 5 kuukautta sitten"},"absolute_dates":{"created":"Julkaistu 23 toukokuun, 2022","modified":"P\u00e4ivitetty 25 marraskuun, 2025"},"absolute_dates_time":{"created":"Julkaistu 23 toukokuun, 2022 11:33 pm","modified":"P\u00e4ivitetty 25 marraskuun, 2025 8:50 pm"},"featured_img_caption":"","tax_additional":{"product_brand":{"linked":[],"unlinked":[],"slug":"product_brand","name":"Br\u00e4ndit"},"product_type":{"linked":["<a href=\"https:\/\/puuhamari.fi\/?taxonomy=product_type&#038;term=variable\" class=\"advgb-post-tax-term\">variable<\/a>"],"unlinked":["<span class=\"advgb-post-tax-term\">variable<\/span>"],"slug":"product_type","name":"Tuotetyyppi"},"product_visibility":{"linked":[],"unlinked":[],"slug":"product_visibility","name":"Tuotteen n\u00e4kyvyys"},"product_cat":{"linked":["<a href=\"https:\/\/puuhamari.fi\/?product_cat=fusion-mineraalimaalit\" class=\"advgb-post-tax-term\">Fusion mineraalimaalit<\/a>"],"unlinked":["<span class=\"advgb-post-tax-term\">Fusion mineraalimaalit<\/span>"],"slug":"product_cat","name":"Osastot"},"product_tag":{"linked":[],"unlinked":[],"slug":"product_tag","name":"Avainsanat tuotteelle"},"product_shipping_class":{"linked":[],"unlinked":[],"slug":"product_shipping_class","name":"Tuotteen toimitusluokat"},"pos_product_visibility":{"linked":[],"unlinked":[],"slug":"pos_product_visibility","name":"POS Product visibility"},"pa_arkin-koko":{"linked":[],"unlinked":[],"slug":"pa_arkin-koko","name":"Tuote Arkin koko"},"pa_hiomatyynyn-karkeus":{"linked":[],"unlinked":[],"slug":"pa_hiomatyynyn-karkeus","name":"Tuote Hiomatyynyn karkeus"},"pa_kehys":{"linked":[],"unlinked":[],"slug":"pa_kehys","name":"Tuote Kehys"},"pa_kuvion-nro":{"linked":[],"unlinked":[],"slug":"pa_kuvion-nro","name":"Tuote Kuvion nro"},"pa_littean-pensselin-koko":{"linked":[],"unlinked":[],"slug":"pa_littean-pensselin-koko","name":"Tuote Litte\u00e4n pensselin koko"},"pa_maalivari":{"linked":[],"unlinked":[],"slug":"pa_maalivari","name":"Tuote Maaliv\u00e4ri"},"pa_palatapettien-lkm":{"linked":[],"unlinked":[],"slug":"pa_palatapettien-lkm","name":"Tuote Palatapettien lkm"},"pa_purkin-koko":{"linked":["<a href=\"https:\/\/puuhamari.fi\/?taxonomy=pa_purkin-koko&#038;term=37-ml\" class=\"advgb-post-tax-term\">37 ml<\/a>","<a href=\"https:\/\/puuhamari.fi\/?taxonomy=pa_purkin-koko&#038;term=500-ml\" class=\"advgb-post-tax-term\">500 ml<\/a>"],"unlinked":["<span class=\"advgb-post-tax-term\">37 ml<\/span>","<span class=\"advgb-post-tax-term\">500 ml<\/span>"],"slug":"pa_purkin-koko","name":"Tuote Purkin koko"},"pa_sapluunan-koko":{"linked":[],"unlinked":[],"slug":"pa_sapluunan-koko","name":"Tuote Sapluunan koko"},"pa_tabletti":{"linked":[],"unlinked":[],"slug":"pa_tabletti","name":"Tuote Tabletti"},"pa_valitse-sisalto":{"linked":[],"unlinked":[],"slug":"pa_valitse-sisalto","name":"Tuote Valitse sis\u00e4lt\u00f6"},"pa_varjostin":{"linked":[],"unlinked":[],"slug":"pa_varjostin","name":"Tuote Varjostin"}},"series_order":"","jetpack_sharing_enabled":true,"jetpack_likes_enabled":true,"jetpack-related-posts":[{"id":4978,"url":"https:\/\/puuhamari.fi\/?product=vihrealla-savytetyt","url_meta":{"origin":3463,"position":0},"title":"Vihre\u00e4ll\u00e4 s\u00e4vytetyt","author":"PuuhaMari","date":"31 lokakuun, 2022","format":false,"excerpt":"Kaikki s\u00e4vyvertailut ovat PuuhaMarin kokoamia, eiv\u00e4tk\u00e4 ne ole myynniss\u00e4. Ne on laadittu helpottamaan valintaa kahden toisiaan l\u00e4hell\u00e4 olevan v\u00e4rin v\u00e4lill\u00e4 silloin, kun et p\u00e4\u00e4se fyysisesti Putiikin verstasmyym\u00e4l\u00e4\u00e4n Porissa. Samat s\u00e4vyt on aseteltu sek\u00e4 valkoiselle, ett\u00e4 mustalle pohjalle. T\u00e4ll\u00e4 tavoin sinun on helpompi n\u00e4hd\u00e4 mieless\u00e4si, miten n\u00e4iden v\u00e4rien luonne riippuu hieman\u2026","rel":"","context":"Samankaltainen artikkeli","block_context":{"text":"Samankaltainen artikkeli","link":""},"img":{"alt_text":"","src":"https:\/\/i0.wp.com\/puuhamari.fi\/wp-content\/uploads\/2022\/10\/2023-Vihreat-kevat-2023-valk-tausta-B.png?fit=1200%2C1200&ssl=1&resize=350%2C200","width":350,"height":200,"srcset":"https:\/\/i0.wp.com\/puuhamari.fi\/wp-content\/uploads\/2022\/10\/2023-Vihreat-kevat-2023-valk-tausta-B.png?fit=1200%2C1200&ssl=1&resize=350%2C200 1x, https:\/\/i0.wp.com\/puuhamari.fi\/wp-content\/uploads\/2022\/10\/2023-Vihreat-kevat-2023-valk-tausta-B.png?fit=1200%2C1200&ssl=1&resize=525%2C300 1.5x, https:\/\/i0.wp.com\/puuhamari.fi\/wp-content\/uploads\/2022\/10\/2023-Vihreat-kevat-2023-valk-tausta-B.png?fit=1200%2C1200&ssl=1&resize=700%2C400 2x, https:\/\/i0.wp.com\/puuhamari.fi\/wp-content\/uploads\/2022\/10\/2023-Vihreat-kevat-2023-valk-tausta-B.png?fit=1200%2C1200&ssl=1&resize=1050%2C600 3x"},"classes":[]},{"id":4854,"url":"https:\/\/puuhamari.fi\/?product=keltaisella-savytetyt","url_meta":{"origin":3463,"position":1},"title":"Keltaisella s\u00e4vytetyt","author":"PuuhaMari","date":"21 syyskuun, 2022","format":false,"excerpt":"Kaikki s\u00e4vyvertailut ovat PuuhaMarin kokoamia, eiv\u00e4tk\u00e4 ne ole myynniss\u00e4. Ne on laadittu helpottamaan valintaa kahden toisiaan l\u00e4hell\u00e4 olevan v\u00e4rin v\u00e4lill\u00e4 silloin, kun et p\u00e4\u00e4se fyysisesti Putiikin verstasmyym\u00e4l\u00e4\u00e4n Porissa. Samat s\u00e4vyt on aseteltu sek\u00e4 valkoiselle, ett\u00e4 mustalle pohjalle. T\u00e4ll\u00e4 tavoin sinun on helpompi n\u00e4hd\u00e4 mieless\u00e4si, miten n\u00e4iden v\u00e4rien luonne riippuu hieman\u2026","rel":"","context":"Samankaltainen artikkeli","block_context":{"text":"Samankaltainen artikkeli","link":""},"img":{"alt_text":"","src":"https:\/\/i0.wp.com\/puuhamari.fi\/wp-content\/uploads\/2022\/10\/2023-Keltaiset-valk-tausta-B.png?fit=1200%2C1200&ssl=1&resize=350%2C200","width":350,"height":200,"srcset":"https:\/\/i0.wp.com\/puuhamari.fi\/wp-content\/uploads\/2022\/10\/2023-Keltaiset-valk-tausta-B.png?fit=1200%2C1200&ssl=1&resize=350%2C200 1x, https:\/\/i0.wp.com\/puuhamari.fi\/wp-content\/uploads\/2022\/10\/2023-Keltaiset-valk-tausta-B.png?fit=1200%2C1200&ssl=1&resize=525%2C300 1.5x, https:\/\/i0.wp.com\/puuhamari.fi\/wp-content\/uploads\/2022\/10\/2023-Keltaiset-valk-tausta-B.png?fit=1200%2C1200&ssl=1&resize=700%2C400 2x, https:\/\/i0.wp.com\/puuhamari.fi\/wp-content\/uploads\/2022\/10\/2023-Keltaiset-valk-tausta-B.png?fit=1200%2C1200&ssl=1&resize=1050%2C600 3x"},"classes":[]},{"id":4858,"url":"https:\/\/puuhamari.fi\/?product=punaisella-savytetyt","url_meta":{"origin":3463,"position":2},"title":"Punaisella s\u00e4vytetyt","author":"PuuhaMari","date":"21 syyskuun, 2022","format":false,"excerpt":"Kaikki s\u00e4vyvertailut ovat PuuhaMarin kokoamia, eiv\u00e4tk\u00e4 ne ole myynniss\u00e4. Ne on laadittu helpottamaan valintaa kahden toisiaan l\u00e4hell\u00e4 olevan v\u00e4rin v\u00e4lill\u00e4 silloin, kun et p\u00e4\u00e4se fyysisesti Putiikin verstasmyym\u00e4l\u00e4\u00e4n Porissa. Samat s\u00e4vyt on aseteltu sek\u00e4 valkoiselle, ett\u00e4 mustalle pohjalle. T\u00e4ll\u00e4 tavoin sinun on helpompi n\u00e4hd\u00e4 mieless\u00e4si, miten n\u00e4iden v\u00e4rien luonne riippuu hieman\u2026","rel":"","context":"Samankaltainen artikkeli","block_context":{"text":"Samankaltainen artikkeli","link":""},"img":{"alt_text":"","src":"https:\/\/i0.wp.com\/puuhamari.fi\/wp-content\/uploads\/2022\/09\/FUSION-PUNAISET-syksy-2022-PMP-valk-tausta-B.png?fit=1200%2C1200&ssl=1&resize=350%2C200","width":350,"height":200,"srcset":"https:\/\/i0.wp.com\/puuhamari.fi\/wp-content\/uploads\/2022\/09\/FUSION-PUNAISET-syksy-2022-PMP-valk-tausta-B.png?fit=1200%2C1200&ssl=1&resize=350%2C200 1x, https:\/\/i0.wp.com\/puuhamari.fi\/wp-content\/uploads\/2022\/09\/FUSION-PUNAISET-syksy-2022-PMP-valk-tausta-B.png?fit=1200%2C1200&ssl=1&resize=525%2C300 1.5x, https:\/\/i0.wp.com\/puuhamari.fi\/wp-content\/uploads\/2022\/09\/FUSION-PUNAISET-syksy-2022-PMP-valk-tausta-B.png?fit=1200%2C1200&ssl=1&resize=700%2C400 2x, https:\/\/i0.wp.com\/puuhamari.fi\/wp-content\/uploads\/2022\/09\/FUSION-PUNAISET-syksy-2022-PMP-valk-tausta-B.png?fit=1200%2C1200&ssl=1&resize=1050%2C600 3x"},"classes":[]},{"id":4962,"url":"https:\/\/puuhamari.fi\/?product=sinisella-savytetyt","url_meta":{"origin":3463,"position":3},"title":"Sinisell\u00e4 s\u00e4vytetyt","author":"PuuhaMari","date":"19 lokakuun, 2022","format":false,"excerpt":"Kaikki s\u00e4vyvertailut ovat PuuhaMarin kokoamia, eiv\u00e4tk\u00e4 ne ole myynniss\u00e4. Ne on laadittu helpottamaan valintaa kahden toisiaan l\u00e4hell\u00e4 olevan v\u00e4rin v\u00e4lill\u00e4 silloin, kun et p\u00e4\u00e4se fyysisesti Putiikin verstasmyym\u00e4l\u00e4\u00e4n Porissa. Samat s\u00e4vyt on aseteltu sek\u00e4 valkoiselle, ett\u00e4 mustalle pohjalle. T\u00e4ll\u00e4 tavoin sinun on helpompi n\u00e4hd\u00e4 mieless\u00e4si, miten n\u00e4iden v\u00e4rien luonne riippuu hieman\u2026","rel":"","context":"Samankaltainen artikkeli","block_context":{"text":"Samankaltainen artikkeli","link":""},"img":{"alt_text":"","src":"https:\/\/i0.wp.com\/puuhamari.fi\/wp-content\/uploads\/2022\/09\/FUSION-SINISET-syksy-2022-PMP-valk-tausta-B.png?fit=1200%2C1199&ssl=1&resize=350%2C200","width":350,"height":200,"srcset":"https:\/\/i0.wp.com\/puuhamari.fi\/wp-content\/uploads\/2022\/09\/FUSION-SINISET-syksy-2022-PMP-valk-tausta-B.png?fit=1200%2C1199&ssl=1&resize=350%2C200 1x, https:\/\/i0.wp.com\/puuhamari.fi\/wp-content\/uploads\/2022\/09\/FUSION-SINISET-syksy-2022-PMP-valk-tausta-B.png?fit=1200%2C1199&ssl=1&resize=525%2C300 1.5x, https:\/\/i0.wp.com\/puuhamari.fi\/wp-content\/uploads\/2022\/09\/FUSION-SINISET-syksy-2022-PMP-valk-tausta-B.png?fit=1200%2C1199&ssl=1&resize=700%2C400 2x, https:\/\/i0.wp.com\/puuhamari.fi\/wp-content\/uploads\/2022\/09\/FUSION-SINISET-syksy-2022-PMP-valk-tausta-B.png?fit=1200%2C1199&ssl=1&resize=1050%2C600 3x"},"classes":[]},{"id":11027,"url":"https:\/\/puuhamari.fi\/?product=valkoiset-ja-vaaleat","url_meta":{"origin":3463,"position":4},"title":"Valkoiset ja vaaleat","author":"PuuhaMari","date":"9 huhtikuun, 2026","format":false,"excerpt":"Kaikki s\u00e4vyvertailut ovat PuuhaMarin kokoamia, eiv\u00e4tk\u00e4 ne ole myynniss\u00e4. Ne on laadittu helpottamaan valintaa kahden toisiaan l\u00e4hell\u00e4 olevan v\u00e4rin v\u00e4lill\u00e4 silloin, kun et p\u00e4\u00e4se fyysisesti Putiikin verstasmyym\u00e4l\u00e4\u00e4n Porissa. HUOM: muista aina, ett\u00e4 digitaaliset kuvat eiv\u00e4t koskaan toista v\u00e4ris\u00e4vyj\u00e4 t\u00e4ysin totuudenmukaisina! Oheisissa kuvissa s\u00e4vyt ovat \"valkoisuusj\u00e4rjestyksess\u00e4\". Snowdrop on kaikkein valkoisin, Picket\u2026","rel":"","context":"Samankaltainen artikkeli","block_context":{"text":"Samankaltainen artikkeli","link":""},"img":{"alt_text":"","src":"https:\/\/i0.wp.com\/puuhamari.fi\/wp-content\/uploads\/2026\/04\/1.png?fit=1200%2C1200&ssl=1&resize=350%2C200","width":350,"height":200,"srcset":"https:\/\/i0.wp.com\/puuhamari.fi\/wp-content\/uploads\/2026\/04\/1.png?fit=1200%2C1200&ssl=1&resize=350%2C200 1x, https:\/\/i0.wp.com\/puuhamari.fi\/wp-content\/uploads\/2026\/04\/1.png?fit=1200%2C1200&ssl=1&resize=525%2C300 1.5x, https:\/\/i0.wp.com\/puuhamari.fi\/wp-content\/uploads\/2026\/04\/1.png?fit=1200%2C1200&ssl=1&resize=700%2C400 2x, https:\/\/i0.wp.com\/puuhamari.fi\/wp-content\/uploads\/2026\/04\/1.png?fit=1200%2C1200&ssl=1&resize=1050%2C600 3x"},"classes":[]},{"id":11062,"url":"https:\/\/puuhamari.fi\/?product=violetit-lilat-malvat","url_meta":{"origin":3463,"position":5},"title":"Violetit, lilat, malvat","author":"PuuhaMari","date":"10 huhtikuun, 2026","format":false,"excerpt":"Kaikki s\u00e4vyvertailut ovat PuuhaMarin kokoamia, eiv\u00e4tk\u00e4 ne ole myynniss\u00e4. Ne on laadittu helpottamaan valintaa kahden toisiaan l\u00e4hell\u00e4 olevan v\u00e4rin v\u00e4lill\u00e4 silloin, kun et p\u00e4\u00e4se fyysisesti Putiikin verstasmyym\u00e4l\u00e4\u00e4n Porissa. HUOM: muista aina, ett\u00e4 digitaaliset kuvat eiv\u00e4t koskaan toista v\u00e4ris\u00e4vyj\u00e4 t\u00e4ysin totuudenmukaisina! (Sanallinen vertailukuvaus tulossa t\u00e4lle sivulle pian) T\u00e4ss\u00e4 suorat linkit kunkin\u2026","rel":"","context":"Samankaltainen artikkeli","block_context":{"text":"Samankaltainen artikkeli","link":""},"img":{"alt_text":"","src":"https:\/\/i0.wp.com\/puuhamari.fi\/wp-content\/uploads\/2026\/04\/8.png?fit=1200%2C1200&ssl=1&resize=350%2C200","width":350,"height":200,"srcset":"https:\/\/i0.wp.com\/puuhamari.fi\/wp-content\/uploads\/2026\/04\/8.png?fit=1200%2C1200&ssl=1&resize=350%2C200 1x, https:\/\/i0.wp.com\/puuhamari.fi\/wp-content\/uploads\/2026\/04\/8.png?fit=1200%2C1200&ssl=1&resize=525%2C300 1.5x, https:\/\/i0.wp.com\/puuhamari.fi\/wp-content\/uploads\/2026\/04\/8.png?fit=1200%2C1200&ssl=1&resize=700%2C400 2x, https:\/\/i0.wp.com\/puuhamari.fi\/wp-content\/uploads\/2026\/04\/8.png?fit=1200%2C1200&ssl=1&resize=1050%2C600 3x"},"classes":[]}],"_links":{"self":[{"href":"https:\/\/puuhamari.fi\/index.php?rest_route=\/wp\/v2\/product\/3463","targetHints":{"allow":["GET"]}}],"collection":[{"href":"https:\/\/puuhamari.fi\/index.php?rest_route=\/wp\/v2\/product"}],"about":[{"href":"https:\/\/puuhamari.fi\/index.php?rest_route=\/wp\/v2\/types\/product"}],"replies":[{"embeddable":true,"href":"https:\/\/puuhamari.fi\/index.php?rest_route=%2Fwp%2Fv2%2Fcomments&post=3463"}],"version-history":[{"count":1,"href":"https:\/\/puuhamari.fi\/index.php?rest_route=\/wp\/v2\/product\/3463\/revisions"}],"predecessor-version":[{"id":7326,"href":"https:\/\/puuhamari.fi\/index.php?rest_route=\/wp\/v2\/product\/3463\/revisions\/7326"}],"wp:featuredmedia":[{"embeddable":true,"href":"https:\/\/puuhamari.fi\/index.php?rest_route=\/wp\/v2\/media\/3470"}],"wp:attachment":[{"href":"https:\/\/puuhamari.fi\/index.php?rest_route=%2Fwp%2Fv2%2Fmedia&parent=3463"}],"wp:term":[{"taxonomy":"product_brand","embeddable":true,"href":"https:\/\/puuhamari.fi\/index.php?rest_route=%2Fwp%2Fv2%2Fproduct_brand&post=3463"},{"taxonomy":"product_cat","embeddable":true,"href":"https:\/\/puuhamari.fi\/index.php?rest_route=%2Fwp%2Fv2%2Fproduct_cat&post=3463"},{"taxonomy":"product_tag","embeddable":true,"href":"https:\/\/puuhamari.fi\/index.php?rest_route=%2Fwp%2Fv2%2Fproduct_tag&post=3463"}],"curies":[{"name":"wp","href":"https:\/\/api.w.org\/{rel}","templated":true}]}}