{"id":4450,"date":"2022-01-04T11:45:11","date_gmt":"2022-01-04T11:45:11","guid":{"rendered":"https:\/\/puuhamari.fi\/?post_type=product&#038;p=4450"},"modified":"2025-08-06T18:37:25","modified_gmt":"2025-08-06T15:37:25","slug":"paketin-uudelleenpostitus","status":"publish","type":"product","link":"https:\/\/puuhamari.fi\/?product=paketin-uudelleenpostitus","title":{"rendered":"Paketin uudelleenpostitus"},"content":{"rendered":"<p>Huomaathan, ett\u00e4 noutamatta j\u00e4tetty paketti ei ole sama asia, kuin asiakaspalautus! Se kyll\u00e4 palautuu takaisin Putiikille, mutta paketin t\u00e4nne tuomisesta Posti ja Matkahuolto veloittavat yht\u00e4 paljon, kuin toimituskulut sinulle olivat aikanaan. Ja molempien kulujen lopullinen maksajahan olet sin\u00e4.<\/p>\n<p>Jos tilanne onkin sellainen, ett\u00e4 kadut tekem\u00e4\u00e4si kauppaa, ja haluat palauttaa jonkin tuotteen (14 vrk:n sis\u00e4ll\u00e4 siit\u00e4, kun olet hakenut paketin Postista\/Matkahuollosta), niin k\u00e4y katsomassa ohjeet siihen toimitus- ja palautusehtojemme sivulta <a href=\"https:\/\/puuhamari.fi\/?page_id=2\">t\u00e4st\u00e4 linkist\u00e4<\/a>.<\/p>\n","protected":false},"excerpt":{"rendered":"<p>K\u00e4vik\u00f6 niin, ett\u00e4 syyst\u00e4 tai toisesta et hakenutkaan tilaamaasi pakettia ajoissa Postista\/Matkahuollosta, ja se palautui takaisin PuuhaMarille?<\/p>\n<p>Ei h\u00e4t\u00e4\u00e4: valitse t\u00e4m\u00e4 8,90 euron arvoinen &#8220;tuote&#8221; ainoaksi ostokseksi ostoskoriisi. Se kattaa kulut, jotka Posti\/Matkahuolto on veloittanut Marilta pakettisi palautuskuljetuksesta.<\/p>\n<p>Kassalla siihen lis\u00e4t\u00e4\u00e4n automaattinen postikulu, joka puolestaan kattaa pakettisi uudelleenl\u00e4hetyksen sinulle.<\/p>\n<p>HUOM! Jos haluat samassa yhteydess\u00e4 tilata lis\u00e4tuotteita (saattaa olla kannattavaa), niin ole yhteydess\u00e4 PuuhaMariin nrossa 050-541 6919. Ehk\u00e4 saan yhdistetty\u00e4 palautuneen paketin sis\u00e4ll\u00f6n ja haluamasi lis\u00e4tuotteet. \ud83d\ude42<\/p>\n","protected":false},"author":1,"featured_media":4451,"comment_status":"closed","ping_status":"closed","template":"","meta":{"advgb_blocks_editor_width":"","advgb_blocks_columns_visual_guide":"","advanced_seo_description":"","jetpack_seo_html_title":"","jetpack_seo_noindex":false,"_kad_post_transparent":"default","_kad_post_title":"","_kad_post_layout":"default","_kad_post_sidebar_id":"","_kad_post_content_style":"default","_kad_post_vertical_padding":"default","_kad_post_feature":"","_kad_post_feature_position":"","_kad_post_header":false,"_kad_post_footer":false,"_kad_post_classname":"","jetpack_post_was_ever_published":false},"product_brand":[],"product_cat":[473],"product_tag":[477,475,474,476],"class_list":{"0":"post-4450","1":"product","2":"type-product","3":"status-publish","4":"has-post-thumbnail","6":"product_cat-erilliset-postikulut","7":"product_tag-kuljetus","8":"product_tag-paketti","9":"product_tag-postitus","10":"product_tag-toimitus","12":"first","13":"instock","14":"taxable","15":"shipping-taxable","16":"purchasable","17":"product-type-simple","18":"entry","19":"content-bg","20":"loop-entry"},"featured_img":"https:\/\/puuhamari.fi\/wp-content\/uploads\/2022\/08\/IMG-20220804-WA0002.jpg","coauthors":[],"author_meta":{"author_link":"https:\/\/puuhamari.fi\/?author=1","display_name":"PuuhaMari"},"relative_dates":{"created":"Julkaistu 4 vuotta sitten","modified":"P\u00e4ivitetty 9 kuukautta sitten"},"absolute_dates":{"created":"Julkaistu 4 tammikuun, 2022","modified":"P\u00e4ivitetty 6 elokuun, 2025"},"absolute_dates_time":{"created":"Julkaistu 4 tammikuun, 2022 11:45 am","modified":"P\u00e4ivitetty 6 elokuun, 2025 6:37 pm"},"featured_img_caption":"","tax_additional":{"product_brand":{"linked":[],"unlinked":[],"slug":"product_brand","name":"Br\u00e4ndit"},"product_type":{"linked":["<a href=\"https:\/\/puuhamari.fi\/?taxonomy=product_type&#038;term=simple\" class=\"advgb-post-tax-term\">simple<\/a>"],"unlinked":["<span class=\"advgb-post-tax-term\">simple<\/span>"],"slug":"product_type","name":"Tuotetyyppi"},"product_visibility":{"linked":[],"unlinked":[],"slug":"product_visibility","name":"Tuotteen n\u00e4kyvyys"},"product_cat":{"linked":["<a href=\"https:\/\/puuhamari.fi\/?product_cat=erilliset-postikulut\" class=\"advgb-post-tax-term\">Erilliset postikulut<\/a>"],"unlinked":["<span class=\"advgb-post-tax-term\">Erilliset postikulut<\/span>"],"slug":"product_cat","name":"Osastot"},"product_tag":{"linked":["<a href=\"https:\/\/puuhamari.fi\/?product_tag=kuljetus\" class=\"advgb-post-tax-term\">Kuljetus<\/a>","<a href=\"https:\/\/puuhamari.fi\/?product_tag=paketti\" class=\"advgb-post-tax-term\">Paketti<\/a>","<a href=\"https:\/\/puuhamari.fi\/?product_tag=postitus\" class=\"advgb-post-tax-term\">Postitus<\/a>","<a href=\"https:\/\/puuhamari.fi\/?product_tag=toimitus\" class=\"advgb-post-tax-term\">Toimitus<\/a>"],"unlinked":["<span class=\"advgb-post-tax-term\">Kuljetus<\/span>","<span class=\"advgb-post-tax-term\">Paketti<\/span>","<span class=\"advgb-post-tax-term\">Postitus<\/span>","<span class=\"advgb-post-tax-term\">Toimitus<\/span>"],"slug":"product_tag","name":"Avainsanat tuotteelle"},"product_shipping_class":{"linked":[],"unlinked":[],"slug":"product_shipping_class","name":"Tuotteen toimitusluokat"},"pos_product_visibility":{"linked":[],"unlinked":[],"slug":"pos_product_visibility","name":"POS Product visibility"},"pa_arkin-koko":{"linked":[],"unlinked":[],"slug":"pa_arkin-koko","name":"Tuote Arkin koko"},"pa_hiomatyynyn-karkeus":{"linked":[],"unlinked":[],"slug":"pa_hiomatyynyn-karkeus","name":"Tuote Hiomatyynyn karkeus"},"pa_kehys":{"linked":[],"unlinked":[],"slug":"pa_kehys","name":"Tuote Kehys"},"pa_kuvion-nro":{"linked":[],"unlinked":[],"slug":"pa_kuvion-nro","name":"Tuote Kuvion nro"},"pa_littean-pensselin-koko":{"linked":[],"unlinked":[],"slug":"pa_littean-pensselin-koko","name":"Tuote Litte\u00e4n pensselin koko"},"pa_maalivari":{"linked":[],"unlinked":[],"slug":"pa_maalivari","name":"Tuote Maaliv\u00e4ri"},"pa_palatapettien-lkm":{"linked":[],"unlinked":[],"slug":"pa_palatapettien-lkm","name":"Tuote Palatapettien lkm"},"pa_purkin-koko":{"linked":[],"unlinked":[],"slug":"pa_purkin-koko","name":"Tuote Purkin koko"},"pa_sapluunan-koko":{"linked":[],"unlinked":[],"slug":"pa_sapluunan-koko","name":"Tuote Sapluunan koko"},"pa_tabletti":{"linked":[],"unlinked":[],"slug":"pa_tabletti","name":"Tuote Tabletti"},"pa_valitse-sisalto":{"linked":[],"unlinked":[],"slug":"pa_valitse-sisalto","name":"Tuote Valitse sis\u00e4lt\u00f6"},"pa_varjostin":{"linked":[],"unlinked":[],"slug":"pa_varjostin","name":"Tuote Varjostin"}},"series_order":"","jetpack_sharing_enabled":false,"jetpack_likes_enabled":false,"jetpack-related-posts":[{"id":7801,"url":"https:\/\/puuhamari.fi\/?product=millefleurs-esiliisteroity-palatapetti-paketti","url_meta":{"origin":4450,"position":0},"title":"&#8220;Millefleurs&#8221; esiliister\u00f6ity palatapetti (paketti)","author":"PuuhaMari","date":"1 maaliskuun, 2024","format":false,"excerpt":"Ylivoimainen\u00a0 voittaja PuuhaMarin someseuraajien keskuudessa 02\/24 j\u00e4rjestetyss\u00e4 \u00e4\u00e4nestyksess\u00e4! T\u00e4m\u00e4 Sophie Boutel:in vieh\u00e4tt\u00e4v\u00e4 design on omiaan mihin tahansa sisustus- tai tuunausprojektiin: kalusteisiin, sein\u00e4\u00e4n, oveen, kylpp\u00e4rin tai keitti\u00f6kaappien v\u00e4litilaan (kyll\u00e4 kest\u00e4\u00e4!) jne... Ja mik\u00e4 parasta: jos esim. asut vuokralla, palautat tapetoimasi sein\u00e4n\/oven takaisin alkuper\u00e4iseen asuunsa ihan hillitt\u00f6m\u00e4n helposti - kuorit vain palat\u2026","rel":"","context":"Samankaltainen artikkeli","block_context":{"text":"Samankaltainen artikkeli","link":""},"img":{"alt_text":"","src":"https:\/\/i0.wp.com\/puuhamari.fi\/wp-content\/uploads\/2024\/03\/Millefleurs-Philasophie-2b.png?fit=794%2C794&ssl=1&resize=350%2C200","width":350,"height":200,"srcset":"https:\/\/i0.wp.com\/puuhamari.fi\/wp-content\/uploads\/2024\/03\/Millefleurs-Philasophie-2b.png?fit=794%2C794&ssl=1&resize=350%2C200 1x, https:\/\/i0.wp.com\/puuhamari.fi\/wp-content\/uploads\/2024\/03\/Millefleurs-Philasophie-2b.png?fit=794%2C794&ssl=1&resize=525%2C300 1.5x, https:\/\/i0.wp.com\/puuhamari.fi\/wp-content\/uploads\/2024\/03\/Millefleurs-Philasophie-2b.png?fit=794%2C794&ssl=1&resize=700%2C400 2x"},"classes":[]},{"id":5454,"url":"https:\/\/puuhamari.fi\/?product=summer-roses-esiliisteroity-palatapetti-paketti","url_meta":{"origin":4450,"position":1},"title":"&#8220;Summer Roses&#8221; esiliister\u00f6ity palatapetti (paketti)","author":"PuuhaMari","date":"30 maaliskuun, 2023","format":false,"excerpt":"\"Mummolassa oli tuollaiset tapetit! Mutta t\u00e4m\u00e4 on paljon siistimpi.\" Ihastuttava Summer Roses on juuri sit\u00e4... ihastuttava. Sen v\u00e4ripaletti toimii yht\u00e4 hyvin opiskelijaboksissa tai mummolassa, kuin lapsiperheess\u00e4 tai m\u00f6kill\u00e4kin. Sen vieh\u00e4tt\u00e4v\u00e4 retrohenkisyys istuu sek\u00e4 BOHO-tyyliseen, boheemin v\u00e4rikk\u00e4\u00e4seen ja leikkis\u00e4\u00e4n ymp\u00e4rist\u00f6\u00f6n, ett\u00e4 romanttisempaan Shabby Chic -tyyliin. N\u00e4ill\u00e4 kes\u00e4isill\u00e4 ruusuilla tuunaat mink\u00e4 tahansa\u2026","rel":"","context":"Samankaltainen artikkeli","block_context":{"text":"Samankaltainen artikkeli","link":""},"img":{"alt_text":"","src":"https:\/\/i0.wp.com\/puuhamari.fi\/wp-content\/uploads\/2023\/03\/Summer-Roses-0b.jpg?fit=939%2C939&ssl=1&resize=350%2C200","width":350,"height":200,"srcset":"https:\/\/i0.wp.com\/puuhamari.fi\/wp-content\/uploads\/2023\/03\/Summer-Roses-0b.jpg?fit=939%2C939&ssl=1&resize=350%2C200 1x, https:\/\/i0.wp.com\/puuhamari.fi\/wp-content\/uploads\/2023\/03\/Summer-Roses-0b.jpg?fit=939%2C939&ssl=1&resize=525%2C300 1.5x, https:\/\/i0.wp.com\/puuhamari.fi\/wp-content\/uploads\/2023\/03\/Summer-Roses-0b.jpg?fit=939%2C939&ssl=1&resize=700%2C400 2x"},"classes":[]},{"id":7813,"url":"https:\/\/puuhamari.fi\/?product=cafe-tile-esiliisteroity-palatapetti-paketti","url_meta":{"origin":4450,"position":2},"title":"&#8220;Cafe Tile&#8221; esiliister\u00f6ity palatapetti (paketti)","author":"PuuhaMari","date":"1 maaliskuun, 2024","format":false,"excerpt":"\"Kahvilakaakeli\" tuo keski-Eurooppalaisia kaikuja keitti\u00f6kaappiesi v\u00e4litilaan (kyll\u00e4 kest\u00e4\u00e4!) tai seinille. Toimii hyvin my\u00f6s kylpyhuoneen\/wc:n seinill\u00e4. Mutta sen eritt\u00e4in kauniit, murretut v\u00e4ris\u00e4vyt\u00a0 yhdistyv\u00e4t my\u00f6s huonekaluja tuunatessa ihan huikean kauniisti esim. Fusion\u00ad\u00ad\u2122 mineraalimaalien moniin s\u00e4vyihin, kuten vihre\u00e4t Eucalyptus ja Lichen, tai tummansiniset Chestler ja Willowbank! Cafe Tile on toinen PuuhaMarilta l\u00f6ytyvist\u00e4 saksalaissyntyisen\u2026","rel":"","context":"Samankaltainen artikkeli","block_context":{"text":"Samankaltainen artikkeli","link":""},"img":{"alt_text":"","src":"https:\/\/i0.wp.com\/puuhamari.fi\/wp-content\/uploads\/2024\/03\/Cafe-Tile-Filasophie-2b.png?fit=791%2C791&ssl=1&resize=350%2C200","width":350,"height":200,"srcset":"https:\/\/i0.wp.com\/puuhamari.fi\/wp-content\/uploads\/2024\/03\/Cafe-Tile-Filasophie-2b.png?fit=791%2C791&ssl=1&resize=350%2C200 1x, https:\/\/i0.wp.com\/puuhamari.fi\/wp-content\/uploads\/2024\/03\/Cafe-Tile-Filasophie-2b.png?fit=791%2C791&ssl=1&resize=525%2C300 1.5x, https:\/\/i0.wp.com\/puuhamari.fi\/wp-content\/uploads\/2024\/03\/Cafe-Tile-Filasophie-2b.png?fit=791%2C791&ssl=1&resize=700%2C400 2x"},"classes":[]},{"id":2118,"url":"https:\/\/puuhamari.fi\/?product=acanthus-esiliisteroity-palatapetti-paketti","url_meta":{"origin":4450,"position":3},"title":"&#8220;Acanthus&#8221; esiliister\u00f6ity palatapetti (paketti)","author":"PuuhaMari","date":"11 lokakuun, 2021","format":false,"excerpt":"Acanthuksen eli suomeksi akantin lehti\u00e4 j\u00e4ljittelev\u00e4 ornamentti on jo satojen vuosien ajan koristanut ihmiskunnan ylellisimpi\u00e4 huoneita ja rakennuksia muun muassa nk. \"korinttilaisen pylv\u00e4\u00e4n\" kapiteelissa, eli yl\u00e4osan koristekuviossa. Huomaa, ett\u00e4 t\u00e4st\u00e4 kohtaa tilaamalla saat PAKETIN joka sis\u00e4lt\u00e4\u00e4 kahdeksan (8) tapettipalaa. Kunkin palan leveys on 32 cm ja korkeus 39 cm. N\u00e4m\u00e4\u2026","rel":"","context":"Samankaltainen artikkeli","block_context":{"text":"Samankaltainen artikkeli","link":""},"img":{"alt_text":"","src":"https:\/\/i0.wp.com\/puuhamari.fi\/wp-content\/uploads\/2021\/10\/Acanthus-Beige-b.jpg?fit=982%2C962&ssl=1&resize=350%2C200","width":350,"height":200,"srcset":"https:\/\/i0.wp.com\/puuhamari.fi\/wp-content\/uploads\/2021\/10\/Acanthus-Beige-b.jpg?fit=982%2C962&ssl=1&resize=350%2C200 1x, https:\/\/i0.wp.com\/puuhamari.fi\/wp-content\/uploads\/2021\/10\/Acanthus-Beige-b.jpg?fit=982%2C962&ssl=1&resize=525%2C300 1.5x, https:\/\/i0.wp.com\/puuhamari.fi\/wp-content\/uploads\/2021\/10\/Acanthus-Beige-b.jpg?fit=982%2C962&ssl=1&resize=700%2C400 2x"},"classes":[]},{"id":3336,"url":"https:\/\/puuhamari.fi\/?product=lilys-florals-esiliisteroity-palatapetti-paketti","url_meta":{"origin":4450,"position":4},"title":"&#8220;Lily&#8217;s Florals&#8221; esiliister\u00f6ity palatapetti (paketti)","author":"PuuhaMari","date":"9 toukokuun, 2022","format":false,"excerpt":"Aseta oveen, kirjahyllyyn, tai kokonaiseen huoneseen, ja n\u00e4e huoneesi muuttuvan omaksi, kukikkaaksi turvapaikaksesi... Kaunis kuosi on vuonna 1906 Lontoossa suunnitellun silkkihuivin inspiroima. Tummansinist\u00e4, kermankeltaista, purppuraa, violettia, vaaleanpunaista ja vihre\u00e4\u00e4 sis\u00e4lt\u00e4v\u00e4 Lily's Florals sopeutuu yhteisty\u00f6h\u00f6n monien kodissasi jo olevien v\u00e4rien kanssa. Tapetoiminen ei viel\u00e4 koskaan ole ollut n\u00e4in helppoa ja hauskaa!\u2026","rel":"","context":"Samankaltainen artikkeli","block_context":{"text":"Samankaltainen artikkeli","link":""},"img":{"alt_text":"","src":"https:\/\/i0.wp.com\/puuhamari.fi\/wp-content\/uploads\/2022\/05\/Lilys-Florals-b.jpg?fit=1200%2C1139&ssl=1&resize=350%2C200","width":350,"height":200,"srcset":"https:\/\/i0.wp.com\/puuhamari.fi\/wp-content\/uploads\/2022\/05\/Lilys-Florals-b.jpg?fit=1200%2C1139&ssl=1&resize=350%2C200 1x, https:\/\/i0.wp.com\/puuhamari.fi\/wp-content\/uploads\/2022\/05\/Lilys-Florals-b.jpg?fit=1200%2C1139&ssl=1&resize=525%2C300 1.5x, https:\/\/i0.wp.com\/puuhamari.fi\/wp-content\/uploads\/2022\/05\/Lilys-Florals-b.jpg?fit=1200%2C1139&ssl=1&resize=700%2C400 2x, https:\/\/i0.wp.com\/puuhamari.fi\/wp-content\/uploads\/2022\/05\/Lilys-Florals-b.jpg?fit=1200%2C1139&ssl=1&resize=1050%2C600 3x"},"classes":[]},{"id":3365,"url":"https:\/\/puuhamari.fi\/?product=willow-esiliisteroity-palatapetti-paketti","url_meta":{"origin":4450,"position":5},"title":"&#8220;Willow&#8221; esiliister\u00f6ity palatapetti (paketti)","author":"PuuhaMari","date":"13 toukokuun, 2022","format":false,"excerpt":"Pajut ja niiden lehdet olivat yksi Arts and Crafts -liikkeen \"is\u00e4n\", suunnittelija William Morris:in (1834-96), suosikkiaiheista. H\u00e4n suunnitteli niiden pohjalta useita eri tapetti- ja tekstiilikuoseja. T\u00e4m\u00e4 \"Willow Bough\" -niminen kuosi on vuodelta 1887. Sen kermavaalea pohja ja kauniit vihre\u00e4n s\u00e4vyiset lehdet tekev\u00e4t siit\u00e4 ideaalivalinnan sinne, minne kaipaat luonnon kosketusta ja\u2026","rel":"","context":"Samankaltainen artikkeli","block_context":{"text":"Samankaltainen artikkeli","link":""},"img":{"alt_text":"","src":"https:\/\/i0.wp.com\/puuhamari.fi\/wp-content\/uploads\/2022\/05\/VA-Morris-Willow-Bough-b.jpg?fit=1200%2C1146&ssl=1&resize=350%2C200","width":350,"height":200,"srcset":"https:\/\/i0.wp.com\/puuhamari.fi\/wp-content\/uploads\/2022\/05\/VA-Morris-Willow-Bough-b.jpg?fit=1200%2C1146&ssl=1&resize=350%2C200 1x, https:\/\/i0.wp.com\/puuhamari.fi\/wp-content\/uploads\/2022\/05\/VA-Morris-Willow-Bough-b.jpg?fit=1200%2C1146&ssl=1&resize=525%2C300 1.5x, https:\/\/i0.wp.com\/puuhamari.fi\/wp-content\/uploads\/2022\/05\/VA-Morris-Willow-Bough-b.jpg?fit=1200%2C1146&ssl=1&resize=700%2C400 2x, https:\/\/i0.wp.com\/puuhamari.fi\/wp-content\/uploads\/2022\/05\/VA-Morris-Willow-Bough-b.jpg?fit=1200%2C1146&ssl=1&resize=1050%2C600 3x"},"classes":[]}],"_links":{"self":[{"href":"https:\/\/puuhamari.fi\/index.php?rest_route=\/wp\/v2\/product\/4450","targetHints":{"allow":["GET"]}}],"collection":[{"href":"https:\/\/puuhamari.fi\/index.php?rest_route=\/wp\/v2\/product"}],"about":[{"href":"https:\/\/puuhamari.fi\/index.php?rest_route=\/wp\/v2\/types\/product"}],"replies":[{"embeddable":true,"href":"https:\/\/puuhamari.fi\/index.php?rest_route=%2Fwp%2Fv2%2Fcomments&post=4450"}],"version-history":[{"count":2,"href":"https:\/\/puuhamari.fi\/index.php?rest_route=\/wp\/v2\/product\/4450\/revisions"}],"predecessor-version":[{"id":9975,"href":"https:\/\/puuhamari.fi\/index.php?rest_route=\/wp\/v2\/product\/4450\/revisions\/9975"}],"wp:featuredmedia":[{"embeddable":true,"href":"https:\/\/puuhamari.fi\/index.php?rest_route=\/wp\/v2\/media\/4451"}],"wp:attachment":[{"href":"https:\/\/puuhamari.fi\/index.php?rest_route=%2Fwp%2Fv2%2Fmedia&parent=4450"}],"wp:term":[{"taxonomy":"product_brand","embeddable":true,"href":"https:\/\/puuhamari.fi\/index.php?rest_route=%2Fwp%2Fv2%2Fproduct_brand&post=4450"},{"taxonomy":"product_cat","embeddable":true,"href":"https:\/\/puuhamari.fi\/index.php?rest_route=%2Fwp%2Fv2%2Fproduct_cat&post=4450"},{"taxonomy":"product_tag","embeddable":true,"href":"https:\/\/puuhamari.fi\/index.php?rest_route=%2Fwp%2Fv2%2Fproduct_tag&post=4450"}],"curies":[{"name":"wp","href":"https:\/\/api.w.org\/{rel}","templated":true}]}}