{"id":4572,"date":"2022-08-17T14:59:55","date_gmt":"2022-08-17T14:59:55","guid":{"rendered":"https:\/\/puuhamari.fi\/?post_type=product&#038;p=4572"},"modified":"2025-11-25T20:36:12","modified_gmt":"2025-11-25T18:36:12","slug":"sterling","status":"publish","type":"product","link":"https:\/\/puuhamari.fi\/?product=sterling","title":{"rendered":"Sterling"},"content":{"rendered":"<p>Fusion\u2122 maalien kuvaus: <a href=\"https:\/\/puuhamari.fi\/?p=5842\" target=\"_blank\" rel=\"noopener\">lue t\u00e4\u00e4lt\u00e4.<\/a><\/p>\n","protected":false},"excerpt":{"rendered":"<p>Fusionin viilein neutraali s\u00e4vy. Hopeanharmaa, joka toimii useissa eri ymp\u00e4rist\u00f6iss\u00e4 &#8211; esim. perinteisess\u00e4, modernissa tai merihenkisess\u00e4 sisustuksessa. H\u00e4mm\u00e4stytt\u00e4v\u00e4sti se onnistuu yht\u00e4 aikaa sek\u00e4 rauhoittamaan, ett\u00e4 raikastamaan huonetta.<\/p>\n<p>Yhdist\u00e4m\u00e4ll\u00e4 tummanharmaan Ash:in kanssa luot pikkuisen draamaa ymp\u00e4rillesi, mutta jos haet v\u00e4h\u00e4n leikkis\u00e4mp\u00e4\u00e4 fiilist\u00e4 kannattaa t\u00e4t\u00e4 yhdist\u00e4\u00e4 esim. syv\u00e4nkeltaiseen Prairie Sunset:iin.<\/p>\n","protected":false},"author":1,"featured_media":4573,"comment_status":"open","ping_status":"closed","template":"","meta":{"advgb_blocks_editor_width":"","advgb_blocks_columns_visual_guide":"","advanced_seo_description":"","jetpack_seo_html_title":"","jetpack_seo_noindex":false,"_kad_post_transparent":"default","_kad_post_title":"","_kad_post_layout":"default","_kad_post_sidebar_id":"","_kad_post_content_style":"default","_kad_post_vertical_padding":"default","_kad_post_feature":"","_kad_post_feature_position":"","_kad_post_header":false,"_kad_post_footer":false,"_kad_post_classname":"","jetpack_post_was_ever_published":false},"product_brand":[],"product_cat":[309],"product_tag":[450,509,230,510,508],"class_list":{"0":"post-4572","1":"product","2":"type-product","3":"status-publish","4":"has-post-thumbnail","6":"product_cat-fusion-mineraalimaalit","7":"product_tag-fusion","8":"product_tag-fusion-mineral-paint","9":"product_tag-harmaa","10":"product_tag-hopeanharmaa","11":"product_tag-mineraalimaali","13":"first","14":"instock","15":"taxable","16":"shipping-taxable","17":"purchasable","18":"product-type-variable","19":"entry","20":"content-bg","21":"loop-entry"},"featured_img":"https:\/\/puuhamari.fi\/wp-content\/uploads\/2022\/08\/fusion_mineral_paint-sterling-pint-B.jpg","coauthors":[],"author_meta":{"author_link":"https:\/\/puuhamari.fi\/?author=1","display_name":"PuuhaMari"},"relative_dates":{"created":"Julkaistu 4 vuotta sitten","modified":"P\u00e4ivitetty 5 kuukautta sitten"},"absolute_dates":{"created":"Julkaistu 17 elokuun, 2022","modified":"P\u00e4ivitetty 25 marraskuun, 2025"},"absolute_dates_time":{"created":"Julkaistu 17 elokuun, 2022 2:59 pm","modified":"P\u00e4ivitetty 25 marraskuun, 2025 8:36 pm"},"featured_img_caption":"","tax_additional":{"product_brand":{"linked":[],"unlinked":[],"slug":"product_brand","name":"Br\u00e4ndit"},"product_type":{"linked":["<a href=\"https:\/\/puuhamari.fi\/?taxonomy=product_type&#038;term=variable\" class=\"advgb-post-tax-term\">variable<\/a>"],"unlinked":["<span class=\"advgb-post-tax-term\">variable<\/span>"],"slug":"product_type","name":"Tuotetyyppi"},"product_visibility":{"linked":[],"unlinked":[],"slug":"product_visibility","name":"Tuotteen n\u00e4kyvyys"},"product_cat":{"linked":["<a href=\"https:\/\/puuhamari.fi\/?product_cat=fusion-mineraalimaalit\" class=\"advgb-post-tax-term\">Fusion mineraalimaalit<\/a>"],"unlinked":["<span class=\"advgb-post-tax-term\">Fusion mineraalimaalit<\/span>"],"slug":"product_cat","name":"Osastot"},"product_tag":{"linked":["<a href=\"https:\/\/puuhamari.fi\/?product_tag=fusion\" class=\"advgb-post-tax-term\">Fusion<\/a>","<a href=\"https:\/\/puuhamari.fi\/?product_tag=fusion-mineral-paint\" class=\"advgb-post-tax-term\">Fusion Mineral Paint<\/a>","<a href=\"https:\/\/puuhamari.fi\/?product_tag=harmaa\" class=\"advgb-post-tax-term\">Harmaa<\/a>","<a href=\"https:\/\/puuhamari.fi\/?product_tag=hopeanharmaa\" class=\"advgb-post-tax-term\">Hopeanharmaa<\/a>","<a href=\"https:\/\/puuhamari.fi\/?product_tag=mineraalimaali\" class=\"advgb-post-tax-term\">Mineraalimaali<\/a>"],"unlinked":["<span class=\"advgb-post-tax-term\">Fusion<\/span>","<span class=\"advgb-post-tax-term\">Fusion Mineral Paint<\/span>","<span class=\"advgb-post-tax-term\">Harmaa<\/span>","<span class=\"advgb-post-tax-term\">Hopeanharmaa<\/span>","<span class=\"advgb-post-tax-term\">Mineraalimaali<\/span>"],"slug":"product_tag","name":"Avainsanat tuotteelle"},"product_shipping_class":{"linked":[],"unlinked":[],"slug":"product_shipping_class","name":"Tuotteen toimitusluokat"},"pos_product_visibility":{"linked":[],"unlinked":[],"slug":"pos_product_visibility","name":"POS Product visibility"},"pa_arkin-koko":{"linked":[],"unlinked":[],"slug":"pa_arkin-koko","name":"Tuote Arkin koko"},"pa_hiomatyynyn-karkeus":{"linked":[],"unlinked":[],"slug":"pa_hiomatyynyn-karkeus","name":"Tuote Hiomatyynyn karkeus"},"pa_kehys":{"linked":[],"unlinked":[],"slug":"pa_kehys","name":"Tuote Kehys"},"pa_kuvion-nro":{"linked":[],"unlinked":[],"slug":"pa_kuvion-nro","name":"Tuote Kuvion nro"},"pa_littean-pensselin-koko":{"linked":[],"unlinked":[],"slug":"pa_littean-pensselin-koko","name":"Tuote Litte\u00e4n pensselin koko"},"pa_maalivari":{"linked":[],"unlinked":[],"slug":"pa_maalivari","name":"Tuote Maaliv\u00e4ri"},"pa_palatapettien-lkm":{"linked":[],"unlinked":[],"slug":"pa_palatapettien-lkm","name":"Tuote Palatapettien lkm"},"pa_purkin-koko":{"linked":["<a href=\"https:\/\/puuhamari.fi\/?taxonomy=pa_purkin-koko&#038;term=37-ml\" class=\"advgb-post-tax-term\">37 ml<\/a>","<a href=\"https:\/\/puuhamari.fi\/?taxonomy=pa_purkin-koko&#038;term=500-ml\" class=\"advgb-post-tax-term\">500 ml<\/a>"],"unlinked":["<span class=\"advgb-post-tax-term\">37 ml<\/span>","<span class=\"advgb-post-tax-term\">500 ml<\/span>"],"slug":"pa_purkin-koko","name":"Tuote Purkin koko"},"pa_sapluunan-koko":{"linked":[],"unlinked":[],"slug":"pa_sapluunan-koko","name":"Tuote Sapluunan koko"},"pa_tabletti":{"linked":[],"unlinked":[],"slug":"pa_tabletti","name":"Tuote Tabletti"},"pa_valitse-sisalto":{"linked":[],"unlinked":[],"slug":"pa_valitse-sisalto","name":"Tuote Valitse sis\u00e4lt\u00f6"},"pa_varjostin":{"linked":[],"unlinked":[],"slug":"pa_varjostin","name":"Tuote Varjostin"}},"series_order":"","jetpack_sharing_enabled":true,"jetpack_likes_enabled":true,"jetpack-related-posts":[{"id":8832,"url":"https:\/\/puuhamari.fi\/?product=a3-kansas","url_meta":{"origin":4572,"position":0},"title":"A3 Kansas","author":"PuuhaMari","date":"5 syyskuun, 2024","format":false,"excerpt":"Uskomattoman intensiivinen, muttei ollenkaan uhkaava, katse eik\u00f6 vain? Leijonan oranssin- (vai sinapin-?) keltainen turkki, ja sen ruskea harja ovat saaneet m\u00e4\u00e4r\u00e4t\u00e4 t\u00e4m\u00e4n decoupagetrion p\u00e4\u00e4v\u00e4rit. Aasialaista viidakkotunnelmaa uhkuvissa kuvissa niit\u00e4 el\u00e4v\u00f6itt\u00e4v\u00e4t isot lehdet, joiden l\u00e4hes s\u00e4hk\u00f6nsininen s\u00e4vy on k\u00e4yty hakemassa v\u00e4riympyr\u00e4n vastakkaiselta puolelta, sek\u00e4 siell\u00e4 t\u00e4\u00e4ll\u00e4 pilkist\u00e4v\u00e4t siniset ja punaiset marjat.\u2026","rel":"","context":"Samankaltainen artikkeli","block_context":{"text":"Samankaltainen artikkeli","link":""},"img":{"alt_text":"","src":"https:\/\/i0.wp.com\/puuhamari.fi\/wp-content\/uploads\/2024\/09\/Kansas-1.png?fit=1080%2C1080&ssl=1&resize=350%2C200","width":350,"height":200,"srcset":"https:\/\/i0.wp.com\/puuhamari.fi\/wp-content\/uploads\/2024\/09\/Kansas-1.png?fit=1080%2C1080&ssl=1&resize=350%2C200 1x, https:\/\/i0.wp.com\/puuhamari.fi\/wp-content\/uploads\/2024\/09\/Kansas-1.png?fit=1080%2C1080&ssl=1&resize=525%2C300 1.5x, https:\/\/i0.wp.com\/puuhamari.fi\/wp-content\/uploads\/2024\/09\/Kansas-1.png?fit=1080%2C1080&ssl=1&resize=700%2C400 2x, https:\/\/i0.wp.com\/puuhamari.fi\/wp-content\/uploads\/2024\/09\/Kansas-1.png?fit=1080%2C1080&ssl=1&resize=1050%2C600 3x"},"classes":[]},{"id":7876,"url":"https:\/\/puuhamari.fi\/?product=a3-decked-out-in-deco","url_meta":{"origin":4572,"position":1},"title":"A3 Decked Out in Deco","author":"PuuhaMari","date":"28 maaliskuun, 2024","format":false,"excerpt":"Vintagea, Art Decoa ja pikkuhiukkanen psykedeliaa samassa paketissa, ja huikean vetovoimaisessa v\u00e4riskaalassa. PAKKAUS SIS\u00c4LT\u00c4\u00c4 3 kpl A3-KOKOISIA ARKKEJA: 1 arkki, jossa vihreit\u00e4 retrokukkasia + 2 arkkia persikan, oranssin ja vihre\u00e4n s\u00e4vyisi\u00e4 kuvioita. Huomaa, ett\u00e4 voit k\u00e4ytt\u00e4\u00e4 esim. reunakuvioita erikseen ja leikata neli\u00f6n muotoisetkin kuviot yksitt\u00e4isiksi koristeiksi. (Kts. oheiset kuvat) N\u00e4m\u00e4\u2026","rel":"","context":"Samankaltainen artikkeli","block_context":{"text":"Samankaltainen artikkeli","link":""},"img":{"alt_text":"","src":"https:\/\/i0.wp.com\/puuhamari.fi\/wp-content\/uploads\/2024\/03\/Decked-out-in-Deco-1.jpg?fit=1080%2C1080&ssl=1&resize=350%2C200","width":350,"height":200,"srcset":"https:\/\/i0.wp.com\/puuhamari.fi\/wp-content\/uploads\/2024\/03\/Decked-out-in-Deco-1.jpg?fit=1080%2C1080&ssl=1&resize=350%2C200 1x, https:\/\/i0.wp.com\/puuhamari.fi\/wp-content\/uploads\/2024\/03\/Decked-out-in-Deco-1.jpg?fit=1080%2C1080&ssl=1&resize=525%2C300 1.5x, https:\/\/i0.wp.com\/puuhamari.fi\/wp-content\/uploads\/2024\/03\/Decked-out-in-Deco-1.jpg?fit=1080%2C1080&ssl=1&resize=700%2C400 2x, https:\/\/i0.wp.com\/puuhamari.fi\/wp-content\/uploads\/2024\/03\/Decked-out-in-Deco-1.jpg?fit=1080%2C1080&ssl=1&resize=1050%2C600 3x"},"classes":[]},{"id":7940,"url":"https:\/\/puuhamari.fi\/?product=a3-moroccan-holiday","url_meta":{"origin":4572,"position":2},"title":"A3 Moroccan Holiday","author":"PuuhaMari","date":"28 maaliskuun, 2024","format":false,"excerpt":"Kerrassaan upeita, marokkolaisista laatoistakin tuttuja turkooseja, sinisi\u00e4, vihreit\u00e4 ja keltaisia s\u00e4vyj\u00e4! Ja kaiken keski\u00f6ss\u00e4 kirkkaan v\u00e4rinen, kaunis appelsiinipuun oksa. PAKKAUS SIS\u00c4LT\u00c4\u00c4 3 kpl A3-KOKOISIA ARKKEJA: 1 arkki, jossa keltaisia appelsiineja + 2 kesken\u00e4\u00e4n samanlaista arkkia, joissa esim. arabimaailmassa tyypillisi\u00e4 \"kaariovien\" kuvioita, sek\u00e4 reunoilla laattakuvioista koostuvia boordeja. (Kts. oheiset kuvat) N\u00e4m\u00e4\u2026","rel":"","context":"Samankaltainen artikkeli","block_context":{"text":"Samankaltainen artikkeli","link":""},"img":{"alt_text":"","src":"https:\/\/i0.wp.com\/puuhamari.fi\/wp-content\/uploads\/2024\/03\/Moroccan-Holiday-1.jpg?fit=1080%2C1080&ssl=1&resize=350%2C200","width":350,"height":200,"srcset":"https:\/\/i0.wp.com\/puuhamari.fi\/wp-content\/uploads\/2024\/03\/Moroccan-Holiday-1.jpg?fit=1080%2C1080&ssl=1&resize=350%2C200 1x, https:\/\/i0.wp.com\/puuhamari.fi\/wp-content\/uploads\/2024\/03\/Moroccan-Holiday-1.jpg?fit=1080%2C1080&ssl=1&resize=525%2C300 1.5x, https:\/\/i0.wp.com\/puuhamari.fi\/wp-content\/uploads\/2024\/03\/Moroccan-Holiday-1.jpg?fit=1080%2C1080&ssl=1&resize=700%2C400 2x, https:\/\/i0.wp.com\/puuhamari.fi\/wp-content\/uploads\/2024\/03\/Moroccan-Holiday-1.jpg?fit=1080%2C1080&ssl=1&resize=1050%2C600 3x"},"classes":[]},{"id":3230,"url":"https:\/\/puuhamari.fi\/?product=ultra-grip-tartunta-aine","url_meta":{"origin":4572,"position":3},"title":"Ultra Grip -tartunta-aine","author":"PuuhaMari","date":"18 huhtikuun, 2022","format":false,"excerpt":"Onko maalauskohteesi hankala tapaus? Keitti\u00f6kaapin ovi, jota ei voi hioa tai edes karhentaa? Korkeakiiltoinen pinta? Sellaisia tapauksia varten on kehitetty Fusion Ultra Grip: esim. melamiinin, laminaatin ja thermofoilin maalaamisessa auttamaan. Myrkyt\u00f6n, vesiliukoinen Ultra Grip tekee mahdottoman maalaamisesta mahdollista! (Ai mit\u00e4 on thermofoil? PuuhaMari ei ole l\u00f6yt\u00e4nyt sille suomenkielist\u00e4 sanaa, mutta\u2026","rel":"","context":"Samankaltainen artikkeli","block_context":{"text":"Samankaltainen artikkeli","link":""},"img":{"alt_text":"","src":"https:\/\/i0.wp.com\/puuhamari.fi\/wp-content\/uploads\/2022\/04\/fusion_mineral_paint-ultragrip-b.jpg?fit=1200%2C1200&ssl=1&resize=350%2C200","width":350,"height":200,"srcset":"https:\/\/i0.wp.com\/puuhamari.fi\/wp-content\/uploads\/2022\/04\/fusion_mineral_paint-ultragrip-b.jpg?fit=1200%2C1200&ssl=1&resize=350%2C200 1x, https:\/\/i0.wp.com\/puuhamari.fi\/wp-content\/uploads\/2022\/04\/fusion_mineral_paint-ultragrip-b.jpg?fit=1200%2C1200&ssl=1&resize=525%2C300 1.5x, https:\/\/i0.wp.com\/puuhamari.fi\/wp-content\/uploads\/2022\/04\/fusion_mineral_paint-ultragrip-b.jpg?fit=1200%2C1200&ssl=1&resize=700%2C400 2x, https:\/\/i0.wp.com\/puuhamari.fi\/wp-content\/uploads\/2022\/04\/fusion_mineral_paint-ultragrip-b.jpg?fit=1200%2C1200&ssl=1&resize=1050%2C600 3x"},"classes":[]},{"id":8823,"url":"https:\/\/puuhamari.fi\/?product=a3-moon-struck","url_meta":{"origin":4572,"position":4},"title":"A3 Moon Struck","author":"PuuhaMari","date":"5 syyskuun, 2024","format":false,"excerpt":"T\u00e4m\u00e4 kuvio ei paljon selittely\u00e4 kaipaa...\u00a0 Mutta kiinnit\u00e4 huomiota kaikille Made by Marley -papereille tyypilliseen erilaisten kuvien ja kuvioiden kerroksellisuuteen: huomaatko esim. oikein ohuen, keltaisen (vai kultaisen?) leimasinkuvion, jonka alle j\u00e4\u00e4v\u00e4t mm. nuo t\u00e4ysikuut, ja p\u00e4\u00e4ll\u00e4 on osa sudenkorennoista. Jokainen n\u00e4ist\u00e4 kolmesta arkista on suunniteltu siten, ett\u00e4 ne on \u00e4\u00e4rimm\u00e4isen\u2026","rel":"","context":"Samankaltainen artikkeli","block_context":{"text":"Samankaltainen artikkeli","link":""},"img":{"alt_text":"","src":"https:\/\/i0.wp.com\/puuhamari.fi\/wp-content\/uploads\/2024\/09\/Moon-Struck-1.png?fit=1080%2C1080&ssl=1&resize=350%2C200","width":350,"height":200,"srcset":"https:\/\/i0.wp.com\/puuhamari.fi\/wp-content\/uploads\/2024\/09\/Moon-Struck-1.png?fit=1080%2C1080&ssl=1&resize=350%2C200 1x, https:\/\/i0.wp.com\/puuhamari.fi\/wp-content\/uploads\/2024\/09\/Moon-Struck-1.png?fit=1080%2C1080&ssl=1&resize=525%2C300 1.5x, https:\/\/i0.wp.com\/puuhamari.fi\/wp-content\/uploads\/2024\/09\/Moon-Struck-1.png?fit=1080%2C1080&ssl=1&resize=700%2C400 2x, https:\/\/i0.wp.com\/puuhamari.fi\/wp-content\/uploads\/2024\/09\/Moon-Struck-1.png?fit=1080%2C1080&ssl=1&resize=1050%2C600 3x"},"classes":[]},{"id":7863,"url":"https:\/\/puuhamari.fi\/?product=a3-butterfly","url_meta":{"origin":4572,"position":5},"title":"A3 Butterfly","author":"PuuhaMari","date":"27 maaliskuun, 2024","format":false,"excerpt":"Upea setti, jossa kes\u00e4iset v\u00e4rit suorastaan hehkuvat. Huomaa my\u00f6s, ett\u00e4 tilkkut\u00e4kkim\u00e4iset reunat on suunniteltu haluttaessa k\u00e4ytett\u00e4v\u00e4ksi esim. hyllyjen\/kaapinrunkojen etureunoissa! (Niiss\u00e4, mihin ennen vanhaan laitettiin nastalla kiinni pitsinauhaa, you know...) PAKKAUS SIS\u00c4LT\u00c4\u00c4 3 kpl A3-KOKOISIA ARKKEJA: 1\u00a0 arkki jossa kolme eri v\u00e4rist\u00e4 ja kuvioista perhosta, 1 arkki josta p\u00e4\u00e4roolissa oleva perhonen\u2026","rel":"","context":"Samankaltainen artikkeli","block_context":{"text":"Samankaltainen artikkeli","link":""},"img":{"alt_text":"","src":"https:\/\/i0.wp.com\/puuhamari.fi\/wp-content\/uploads\/2024\/03\/Butterfly-1.png?fit=1080%2C1080&ssl=1&resize=350%2C200","width":350,"height":200,"srcset":"https:\/\/i0.wp.com\/puuhamari.fi\/wp-content\/uploads\/2024\/03\/Butterfly-1.png?fit=1080%2C1080&ssl=1&resize=350%2C200 1x, https:\/\/i0.wp.com\/puuhamari.fi\/wp-content\/uploads\/2024\/03\/Butterfly-1.png?fit=1080%2C1080&ssl=1&resize=525%2C300 1.5x, https:\/\/i0.wp.com\/puuhamari.fi\/wp-content\/uploads\/2024\/03\/Butterfly-1.png?fit=1080%2C1080&ssl=1&resize=700%2C400 2x, https:\/\/i0.wp.com\/puuhamari.fi\/wp-content\/uploads\/2024\/03\/Butterfly-1.png?fit=1080%2C1080&ssl=1&resize=1050%2C600 3x"},"classes":[]}],"_links":{"self":[{"href":"https:\/\/puuhamari.fi\/index.php?rest_route=\/wp\/v2\/product\/4572","targetHints":{"allow":["GET"]}}],"collection":[{"href":"https:\/\/puuhamari.fi\/index.php?rest_route=\/wp\/v2\/product"}],"about":[{"href":"https:\/\/puuhamari.fi\/index.php?rest_route=\/wp\/v2\/types\/product"}],"replies":[{"embeddable":true,"href":"https:\/\/puuhamari.fi\/index.php?rest_route=%2Fwp%2Fv2%2Fcomments&post=4572"}],"version-history":[{"count":1,"href":"https:\/\/puuhamari.fi\/index.php?rest_route=\/wp\/v2\/product\/4572\/revisions"}],"predecessor-version":[{"id":10114,"href":"https:\/\/puuhamari.fi\/index.php?rest_route=\/wp\/v2\/product\/4572\/revisions\/10114"}],"wp:featuredmedia":[{"embeddable":true,"href":"https:\/\/puuhamari.fi\/index.php?rest_route=\/wp\/v2\/media\/4573"}],"wp:attachment":[{"href":"https:\/\/puuhamari.fi\/index.php?rest_route=%2Fwp%2Fv2%2Fmedia&parent=4572"}],"wp:term":[{"taxonomy":"product_brand","embeddable":true,"href":"https:\/\/puuhamari.fi\/index.php?rest_route=%2Fwp%2Fv2%2Fproduct_brand&post=4572"},{"taxonomy":"product_cat","embeddable":true,"href":"https:\/\/puuhamari.fi\/index.php?rest_route=%2Fwp%2Fv2%2Fproduct_cat&post=4572"},{"taxonomy":"product_tag","embeddable":true,"href":"https:\/\/puuhamari.fi\/index.php?rest_route=%2Fwp%2Fv2%2Fproduct_tag&post=4572"}],"curies":[{"name":"wp","href":"https:\/\/api.w.org\/{rel}","templated":true}]}}