{"id":4797,"date":"2022-09-14T16:10:25","date_gmt":"2022-09-14T16:10:25","guid":{"rendered":"https:\/\/puuhamari.fi\/?post_type=product&#038;p=4797"},"modified":"2026-03-19T14:34:59","modified_gmt":"2026-03-19T12:34:59","slug":"ecobrush-brushkeeper-14","status":"publish","type":"product","link":"https:\/\/puuhamari.fi\/?product=ecobrush-brushkeeper-14","title":{"rendered":"EcoBrush &#038; BrushKeeper 14"},"content":{"rendered":"<p><strong>EcoBrush -pensseli on ammattilaisille valmistettu, korkealaatuinen tuote:<\/strong><br \/>\nSynteettisen sivellinosan huippuohuet kuidut j\u00e4tt\u00e4v\u00e4t minimaalisesti pensselinj\u00e4lki\u00e4 maalattavaan pintaan.<br \/>\nSivellinosan jokainen kuitu on my\u00f6s k\u00e4rjest\u00e4\u00e4n mikroskooppisen v\u00e4h\u00e4n haaroitettu; t\u00e4m\u00e4 &#8220;tuplaa&#8221; kuitujen lukum\u00e4\u00e4r\u00e4n siveltimess\u00e4.<br \/>\nSivellinosan ymp\u00e4rill\u00e4 on ruostumatonta ter\u00e4st\u00e4 oleva vy\u00f6te; ainetta jonka saat laittaa metallinkierr\u00e4tykseen (se jatkaa el\u00e4m\u00e4\u00e4ns\u00e4 uudelleenk\u00e4yt\u00f6ss\u00e4 l\u00e4hes ikuisesti, kunhan me ihmiset aina huomaamme\/muistamme toimittaa sen ker\u00e4yspisteeseen!).<br \/>\nPensselin pitk\u00e4, kevyesti muotoiltu puuvarsi tasapainottaa sivellinosan painoa, jolloin ranteesi ei joudu liian suurelle rasitukselle.<\/p>\n<p><strong>BrushKeeper -pidike, uusi hollantilainen keksint\u00f6:<\/strong><br \/>\nPurkki on PET-muovia, jonka kierr\u00e4t\u00e4t muovij\u00e4tteiden mukana.<br \/>\nPurkin kansiosassa olevaan aukkoon sopivat kaikki muutkin kyseist\u00e4 kokoa olevat pensselisi &#8211; valmistajasta riippumatta.<br \/>\nPurkissa on merkkiviiva, joka ilmaisee siihen laitettavan veden m\u00e4\u00e4r\u00e4n.<br \/>\nKun pensseli on puhdistanut itse itsens\u00e4, voit halutessasi kaataa maalipitoisen veden purkista esim. roskiin.<\/p>\n","protected":false},"excerpt":{"rendered":"<p>UPEA KEKSINT\u00d6: pensselit pesev\u00e4t itse itsens\u00e4! Kierr\u00e4tett\u00e4vist\u00e4 materiaaleista valmistettu pensseli ja pidike. Sopivat sek\u00e4 vesiohenteisille, ett\u00e4 \u00f6ljymaaleille. <strong><span style=\"color: #00ccff;\">Ly\u00f6m\u00e4t\u00f6n lahja maalarille\/tuunaajaalle!!!<\/span><\/strong><\/p>\n<p>Lyhyen maalaustauon ajaksi voit laittaa pensselin pidikkeeseen, ja se pysyy ilmatiiviiss\u00e4 tilassa &#8220;tuoreena&#8221;. Jos taas on aika l\u00e4hte\u00e4 lounaalle, t\u00f6ist\u00e4 kotiin, tai projektisi tuli valmiiksi: laita pidikkeeseen vett\u00e4 merkkiviivaan asti, pensseli paikalleen, ja n\u00e4e miten maali suorastaan virtaa purkin pohjalle. Arvokkaan juomaveden tuhlaaminen loppui nyt!<\/p>\n<p>T\u00e4m\u00e4 hollannissa valmistettu keksint\u00f6 (patenttioikeuksien haku vireill\u00e4) s\u00e4\u00e4st\u00e4\u00e4 sek\u00e4 aikaasi ja vaivaasi, ett\u00e4 rahaasi! Ei en\u00e4\u00e4 halpispensseleit\u00e4, joista karvat irtoilevat: nyt sinulla on aina korkealaatuinen pensseli valmiina uuteen projektiin! Pidike on yhteensopiva my\u00f6s muiden valmistajien py\u00f6reiden, kokoa 14 olevien pensseleiden kanssa.<\/p>\n<p><span style=\"text-decoration: underline;\">Saatavana 4 eri kokoa, joiden varret 16,5-18 cm:<\/span><br \/>\n10 = Holkin leveys n. 2,25 cm, harjakset n. 4,5 cm<br \/>\n12 = Holkin leveys n. 2,5 cm, harjakset n. 5 cm<br \/>\n14 = Holkin leveys n. 2,75 cm, harjakset n. 5,5 cm<br \/>\n16 = Holkin leveys n. 3,25 cm, harjakset n. 6 cm<\/p>\n[video width=\"720\" height=\"720\" mp4=\"https:\/\/puuhamari.fi\/wp-content\/uploads\/2022\/09\/WhatsApp-Video-2022-09-14-at-18.47.44.mp4\"][\/video]\n","protected":false},"author":1,"featured_media":4798,"comment_status":"open","ping_status":"closed","template":"","meta":{"advgb_blocks_editor_width":"","advgb_blocks_columns_visual_guide":"","advanced_seo_description":"","jetpack_seo_html_title":"","jetpack_seo_noindex":false,"_kad_post_transparent":"default","_kad_post_title":"","_kad_post_layout":"default","_kad_post_sidebar_id":"","_kad_post_content_style":"default","_kad_post_vertical_padding":"default","_kad_post_feature":"","_kad_post_feature_position":"","_kad_post_header":false,"_kad_post_footer":false,"_kad_post_classname":"","jetpack_post_was_ever_published":true},"product_brand":[],"product_cat":[308],"product_tag":[522,521,150,523,524,525],"class_list":{"0":"post-4797","1":"product","2":"type-product","3":"status-publish","4":"has-post-thumbnail","6":"product_cat-pensselit-tyokalut","7":"product_tag-brushkeeper","8":"product_tag-ecobrush","9":"product_tag-pensseli","10":"product_tag-pensselipidike","11":"product_tag-pidike","12":"product_tag-puhdistus","14":"first","15":"instock","16":"taxable","17":"shipping-taxable","18":"purchasable","19":"product-type-simple","20":"entry","21":"content-bg","22":"loop-entry"},"featured_img":"https:\/\/puuhamari.fi\/wp-content\/uploads\/2022\/09\/brushkeeper-14-1-brushkeeper-deluxe-ecobrush-10.png","coauthors":[],"author_meta":{"author_link":"https:\/\/puuhamari.fi\/?author=1","display_name":"PuuhaMari"},"relative_dates":{"created":"Julkaistu 4 vuotta sitten","modified":"P\u00e4ivitetty 1 kuukausi sitten"},"absolute_dates":{"created":"Julkaistu 14 syyskuun, 2022","modified":"P\u00e4ivitetty 19 maaliskuun, 2026"},"absolute_dates_time":{"created":"Julkaistu 14 syyskuun, 2022 4:10 pm","modified":"P\u00e4ivitetty 19 maaliskuun, 2026 2:34 pm"},"featured_img_caption":"","tax_additional":{"product_brand":{"linked":[],"unlinked":[],"slug":"product_brand","name":"Br\u00e4ndit"},"product_type":{"linked":["<a href=\"https:\/\/puuhamari.fi\/?taxonomy=product_type&#038;term=simple\" class=\"advgb-post-tax-term\">simple<\/a>"],"unlinked":["<span class=\"advgb-post-tax-term\">simple<\/span>"],"slug":"product_type","name":"Tuotetyyppi"},"product_visibility":{"linked":[],"unlinked":[],"slug":"product_visibility","name":"Tuotteen n\u00e4kyvyys"},"product_cat":{"linked":["<a href=\"https:\/\/puuhamari.fi\/?product_cat=pensselit-tyokalut\" class=\"advgb-post-tax-term\">Pensselit<\/a>"],"unlinked":["<span class=\"advgb-post-tax-term\">Pensselit<\/span>"],"slug":"product_cat","name":"Osastot"},"product_tag":{"linked":["<a href=\"https:\/\/puuhamari.fi\/?product_tag=brushkeeper\" class=\"advgb-post-tax-term\">BrushKeeper<\/a>","<a href=\"https:\/\/puuhamari.fi\/?product_tag=ecobrush\" class=\"advgb-post-tax-term\">EcoBrush<\/a>","<a href=\"https:\/\/puuhamari.fi\/?product_tag=pensseli\" class=\"advgb-post-tax-term\">Pensseli<\/a>","<a href=\"https:\/\/puuhamari.fi\/?product_tag=pensselipidike\" class=\"advgb-post-tax-term\">Pensselipidike<\/a>","<a href=\"https:\/\/puuhamari.fi\/?product_tag=pidike\" class=\"advgb-post-tax-term\">Pidike<\/a>","<a href=\"https:\/\/puuhamari.fi\/?product_tag=puhdistus\" class=\"advgb-post-tax-term\">Puhdistus<\/a>"],"unlinked":["<span class=\"advgb-post-tax-term\">BrushKeeper<\/span>","<span class=\"advgb-post-tax-term\">EcoBrush<\/span>","<span class=\"advgb-post-tax-term\">Pensseli<\/span>","<span class=\"advgb-post-tax-term\">Pensselipidike<\/span>","<span class=\"advgb-post-tax-term\">Pidike<\/span>","<span class=\"advgb-post-tax-term\">Puhdistus<\/span>"],"slug":"product_tag","name":"Avainsanat tuotteelle"},"product_shipping_class":{"linked":[],"unlinked":[],"slug":"product_shipping_class","name":"Tuotteen toimitusluokat"},"pos_product_visibility":{"linked":[],"unlinked":[],"slug":"pos_product_visibility","name":"POS Product visibility"},"pa_arkin-koko":{"linked":[],"unlinked":[],"slug":"pa_arkin-koko","name":"Tuote Arkin koko"},"pa_hiomatyynyn-karkeus":{"linked":[],"unlinked":[],"slug":"pa_hiomatyynyn-karkeus","name":"Tuote Hiomatyynyn karkeus"},"pa_kehys":{"linked":[],"unlinked":[],"slug":"pa_kehys","name":"Tuote Kehys"},"pa_kuvion-nro":{"linked":[],"unlinked":[],"slug":"pa_kuvion-nro","name":"Tuote Kuvion nro"},"pa_littean-pensselin-koko":{"linked":[],"unlinked":[],"slug":"pa_littean-pensselin-koko","name":"Tuote Litte\u00e4n pensselin koko"},"pa_maalivari":{"linked":[],"unlinked":[],"slug":"pa_maalivari","name":"Tuote Maaliv\u00e4ri"},"pa_palatapettien-lkm":{"linked":[],"unlinked":[],"slug":"pa_palatapettien-lkm","name":"Tuote Palatapettien lkm"},"pa_purkin-koko":{"linked":[],"unlinked":[],"slug":"pa_purkin-koko","name":"Tuote Purkin koko"},"pa_sapluunan-koko":{"linked":[],"unlinked":[],"slug":"pa_sapluunan-koko","name":"Tuote Sapluunan koko"},"pa_tabletti":{"linked":[],"unlinked":[],"slug":"pa_tabletti","name":"Tuote Tabletti"},"pa_valitse-sisalto":{"linked":[],"unlinked":[],"slug":"pa_valitse-sisalto","name":"Tuote Valitse sis\u00e4lt\u00f6"},"pa_varjostin":{"linked":[],"unlinked":[],"slug":"pa_varjostin","name":"Tuote Varjostin"}},"series_order":"","jetpack_sharing_enabled":true,"jetpack_likes_enabled":true,"jetpack-related-posts":[{"id":4804,"url":"https:\/\/puuhamari.fi\/?product=ecobrush-brushkeeper-10","url_meta":{"origin":4797,"position":0},"title":"EcoBrush &#038; BrushKeeper 10","author":"PuuhaMari","date":"14 syyskuun, 2022","format":false,"excerpt":"UPEA KEKSINT\u00d6: pensselit pesev\u00e4t itse itsens\u00e4! Kierr\u00e4tett\u00e4vist\u00e4 materiaaleista valmistettu pensseli ja pidike. Sopivat sek\u00e4 vesiohenteisille, ett\u00e4 \u00f6ljymaaleille. Ly\u00f6m\u00e4t\u00f6n lahja maalarille\/tuunaajaalle!!! Lyhyen maalaustauon ajaksi voit laittaa pensselin pidikkeeseen, ja se pysyy ilmatiiviiss\u00e4 tilassa \"tuoreena\". Jos taas on aika l\u00e4hte\u00e4 lounaalle, t\u00f6ist\u00e4 kotiin, tai projektisi tuli valmiiksi: laita pidikkeeseen vett\u00e4 merkkiviivaan asti,\u2026","rel":"","context":"With 1 comment","block_context":{"text":"With 1 comment","link":"https:\/\/puuhamari.fi\/?product=ecobrush-brushkeeper-10#comments"},"img":{"alt_text":"","src":"https:\/\/i0.wp.com\/puuhamari.fi\/wp-content\/uploads\/2022\/09\/brushkeeper-10-1-brushkeeper-deluxe-ecobrush-10.png?fit=1000%2C1000&ssl=1&resize=350%2C200","width":350,"height":200,"srcset":"https:\/\/i0.wp.com\/puuhamari.fi\/wp-content\/uploads\/2022\/09\/brushkeeper-10-1-brushkeeper-deluxe-ecobrush-10.png?fit=1000%2C1000&ssl=1&resize=350%2C200 1x, https:\/\/i0.wp.com\/puuhamari.fi\/wp-content\/uploads\/2022\/09\/brushkeeper-10-1-brushkeeper-deluxe-ecobrush-10.png?fit=1000%2C1000&ssl=1&resize=525%2C300 1.5x, https:\/\/i0.wp.com\/puuhamari.fi\/wp-content\/uploads\/2022\/09\/brushkeeper-10-1-brushkeeper-deluxe-ecobrush-10.png?fit=1000%2C1000&ssl=1&resize=700%2C400 2x"},"classes":[]},{"id":4801,"url":"https:\/\/puuhamari.fi\/?product=ecobrush-brushkeeper-12","url_meta":{"origin":4797,"position":1},"title":"EcoBrush &#038; BrushKeeper 12","author":"PuuhaMari","date":"14 syyskuun, 2022","format":false,"excerpt":"UPEA KEKSINT\u00d6: pensselit pesev\u00e4t itse itsens\u00e4! Kierr\u00e4tett\u00e4vist\u00e4 materiaaleista valmistettu pensseli ja pidike. Sopivat sek\u00e4 vesiohenteisille, ett\u00e4 \u00f6ljymaaleille. Ly\u00f6m\u00e4t\u00f6n lahja maalarille\/tuunaajaalle!!! Lyhyen maalaustauon ajaksi voit laittaa pensselin pidikkeeseen, ja se pysyy ilmatiiviiss\u00e4 tilassa \"tuoreena\". Jos taas on aika l\u00e4hte\u00e4 lounaalle, t\u00f6ist\u00e4 kotiin, tai projektisi tuli valmiiksi: laita pidikkeeseen vett\u00e4 merkkiviivaan asti,\u2026","rel":"","context":"Samankaltainen artikkeli","block_context":{"text":"Samankaltainen artikkeli","link":""},"img":{"alt_text":"","src":"https:\/\/i0.wp.com\/puuhamari.fi\/wp-content\/uploads\/2022\/09\/brushkeeper-12-1-brushkeeper-deluxe-ecobrush-12.png?fit=1000%2C1000&ssl=1&resize=350%2C200","width":350,"height":200,"srcset":"https:\/\/i0.wp.com\/puuhamari.fi\/wp-content\/uploads\/2022\/09\/brushkeeper-12-1-brushkeeper-deluxe-ecobrush-12.png?fit=1000%2C1000&ssl=1&resize=350%2C200 1x, https:\/\/i0.wp.com\/puuhamari.fi\/wp-content\/uploads\/2022\/09\/brushkeeper-12-1-brushkeeper-deluxe-ecobrush-12.png?fit=1000%2C1000&ssl=1&resize=525%2C300 1.5x, https:\/\/i0.wp.com\/puuhamari.fi\/wp-content\/uploads\/2022\/09\/brushkeeper-12-1-brushkeeper-deluxe-ecobrush-12.png?fit=1000%2C1000&ssl=1&resize=700%2C400 2x"},"classes":[]},{"id":4788,"url":"https:\/\/puuhamari.fi\/?product=ecobrush-brushkeeper-16","url_meta":{"origin":4797,"position":2},"title":"EcoBrush &#038; BrushKeeper 16","author":"PuuhaMari","date":"14 syyskuun, 2022","format":false,"excerpt":"UPEA KEKSINT\u00d6: pensselit pesev\u00e4t itse itsens\u00e4! Kierr\u00e4tett\u00e4vist\u00e4 materiaaleista valmistettu pensseli ja pidike. Sopivat sek\u00e4 vesiohenteisille, ett\u00e4 \u00f6ljymaaleille. Ly\u00f6m\u00e4t\u00f6n lahja maalarille\/tuunaajaalle!!! Lyhyen maalaustauon ajaksi voit laittaa pensselin pidikkeeseen, ja se pysyy ilmatiiviiss\u00e4 tilassa \"tuoreena\". Jos taas on aika l\u00e4hte\u00e4 lounaalle, t\u00f6ist\u00e4 kotiin, tai projektisi tuli valmiiksi: laita pidikkeeseen vett\u00e4 merkkiviivaan asti,\u2026","rel":"","context":"Samankaltainen artikkeli","block_context":{"text":"Samankaltainen artikkeli","link":""},"img":{"alt_text":"","src":"https:\/\/i0.wp.com\/puuhamari.fi\/wp-content\/uploads\/2022\/09\/brushkeeper-16-1-brushkeeper-deluxe-ecobrush-16.png?fit=1000%2C1000&ssl=1&resize=350%2C200","width":350,"height":200,"srcset":"https:\/\/i0.wp.com\/puuhamari.fi\/wp-content\/uploads\/2022\/09\/brushkeeper-16-1-brushkeeper-deluxe-ecobrush-16.png?fit=1000%2C1000&ssl=1&resize=350%2C200 1x, https:\/\/i0.wp.com\/puuhamari.fi\/wp-content\/uploads\/2022\/09\/brushkeeper-16-1-brushkeeper-deluxe-ecobrush-16.png?fit=1000%2C1000&ssl=1&resize=525%2C300 1.5x, https:\/\/i0.wp.com\/puuhamari.fi\/wp-content\/uploads\/2022\/09\/brushkeeper-16-1-brushkeeper-deluxe-ecobrush-16.png?fit=1000%2C1000&ssl=1&resize=700%2C400 2x"},"classes":[]},{"id":3160,"url":"https:\/\/puuhamari.fi\/?product=zibra-pyorea-pensseli","url_meta":{"origin":4797,"position":3},"title":"Zibra &#8211; py\u00f6re\u00e4 pensseli","author":"PuuhaMari","date":"4 huhtikuun, 2022","format":false,"excerpt":"K\u00e4ytt\u00f6kohteita: pinnatuolit\/-s\u00e4ngyt kaarevat ja py\u00f6re\u00e4t maalattavat koristekuviot Testien tuloksena kehitetty pensselimuoto, joka vie maalin juuri oikeisiin kohtiin maalatessasi mit\u00e4 tahansa py\u00f6re\u00e4\u00e4 tai sylinterin muotoista kohdetta. Mainio apulainen my\u00f6s maalattaessa erilaisten koristekuvioiden yksityiskohtia. T\u00e4m\u00e4 pehme\u00e4 pensseli levittyy kauniisti kohteen ymp\u00e4rille, ja j\u00e4tt\u00e4\u00e4 hienostuneen viimeistellyn j\u00e4ljen. Leveys 1\" (n. 2,5 cm).","rel":"","context":"With 2 comments","block_context":{"text":"With 2 comments","link":"https:\/\/puuhamari.fi\/?product=zibra-pyorea-pensseli#comments"},"img":{"alt_text":"","src":"https:\/\/i0.wp.com\/puuhamari.fi\/wp-content\/uploads\/2022\/04\/ROUND-Pyoreat-pinnat-yksityiskohdat-Spindles-Detail-Curved-surfaces.jpg?fit=1000%2C1000&ssl=1&resize=350%2C200","width":350,"height":200,"srcset":"https:\/\/i0.wp.com\/puuhamari.fi\/wp-content\/uploads\/2022\/04\/ROUND-Pyoreat-pinnat-yksityiskohdat-Spindles-Detail-Curved-surfaces.jpg?fit=1000%2C1000&ssl=1&resize=350%2C200 1x, https:\/\/i0.wp.com\/puuhamari.fi\/wp-content\/uploads\/2022\/04\/ROUND-Pyoreat-pinnat-yksityiskohdat-Spindles-Detail-Curved-surfaces.jpg?fit=1000%2C1000&ssl=1&resize=525%2C300 1.5x, https:\/\/i0.wp.com\/puuhamari.fi\/wp-content\/uploads\/2022\/04\/ROUND-Pyoreat-pinnat-yksityiskohdat-Spindles-Detail-Curved-surfaces.jpg?fit=1000%2C1000&ssl=1&resize=700%2C400 2x"},"classes":[]},{"id":3161,"url":"https:\/\/puuhamari.fi\/?product=zibra-nelio-pensseli","url_meta":{"origin":4797,"position":4},"title":"Zibra &#8211; neli\u00f6 pensseli","author":"PuuhaMari","date":"4 huhtikuun, 2022","format":false,"excerpt":"K\u00e4ytt\u00f6kohteita: ikkunaristikot erilaiset sein\u00e4listat tuolien karmit & jalat Tied\u00e4th\u00e4n ne pienet ja kapeat maalauskohteet, joiden suojateippaamisessa saatat tuskastella tuntikausia? T\u00e4ss\u00e4 on pelastajasi: kapea, neli\u00f6n muotoinen pensseli kiilamaisesti leikatulla k\u00e4rjell\u00e4. Se tekee ikkunaristikoiden ja vitriinikaappien maalaamisesta suorastaan nautinnollista! Monien suosikki t\u00e4ydellisen leveytens\u00e4 ja t\u00e4ytel\u00e4isen harjasosansa ansiosta. Saat v\u00e4hemmill\u00e4 upotuskerroilla nopeasti kauniin\u2026","rel":"","context":"Samankaltainen artikkeli","block_context":{"text":"Samankaltainen artikkeli","link":""},"img":{"alt_text":"","src":"https:\/\/i0.wp.com\/puuhamari.fi\/wp-content\/uploads\/2022\/04\/SQUARE-Ikkuna-ja-reunalistat-vitriinit-Windows-Ledges-Cabinetry.jpg?fit=1000%2C1000&ssl=1&resize=350%2C200","width":350,"height":200,"srcset":"https:\/\/i0.wp.com\/puuhamari.fi\/wp-content\/uploads\/2022\/04\/SQUARE-Ikkuna-ja-reunalistat-vitriinit-Windows-Ledges-Cabinetry.jpg?fit=1000%2C1000&ssl=1&resize=350%2C200 1x, https:\/\/i0.wp.com\/puuhamari.fi\/wp-content\/uploads\/2022\/04\/SQUARE-Ikkuna-ja-reunalistat-vitriinit-Windows-Ledges-Cabinetry.jpg?fit=1000%2C1000&ssl=1&resize=525%2C300 1.5x, https:\/\/i0.wp.com\/puuhamari.fi\/wp-content\/uploads\/2022\/04\/SQUARE-Ikkuna-ja-reunalistat-vitriinit-Windows-Ledges-Cabinetry.jpg?fit=1000%2C1000&ssl=1&resize=700%2C400 2x"},"classes":[]},{"id":3381,"url":"https:\/\/puuhamari.fi\/?product=zibra-viuhkan-muotoinen-pensseli","url_meta":{"origin":4797,"position":5},"title":"Zibra &#8211; viuhkan muotoinen pensseli","author":"PuuhaMari","date":"23 toukokuun, 2022","format":false,"excerpt":"K\u00e4ytt\u00f6kohteita: listat ja karmit jyrsimell\u00e4 ty\u00f6stetyt urat kaikki tasaiset pinnat Erilaisia listoja ja karmeja l\u00f6ytyy monen muotoisina ja levyisin\u00e4. T\u00e4m\u00e4 UUSI viuhkamaisesti levittyv\u00e4 pensseli on suunniteltu niiden kaikkien nopeaan ja sujuvaan maalaamiseen. Harjasten pituus, sek\u00e4 suippeneva muoto saa pensselin levittym\u00e4\u00e4n pehme\u00e4sti kaikenlaisten muotojen ja urien ymp\u00e4rille\/sis\u00e4\u00e4n.\u00a0 Pensseliss\u00e4 on my\u00f6s k\u00e4ytt\u00f6mukavuutta\u2026","rel":"","context":"Samankaltainen artikkeli","block_context":{"text":"Samankaltainen artikkeli","link":""},"img":{"alt_text":"","src":"https:\/\/i0.wp.com\/puuhamari.fi\/wp-content\/uploads\/2022\/05\/FAN-Uritettu-muotoiltu-valettu-Mouldings-Routed-edges.jpg?fit=1000%2C1000&ssl=1&resize=350%2C200","width":350,"height":200,"srcset":"https:\/\/i0.wp.com\/puuhamari.fi\/wp-content\/uploads\/2022\/05\/FAN-Uritettu-muotoiltu-valettu-Mouldings-Routed-edges.jpg?fit=1000%2C1000&ssl=1&resize=350%2C200 1x, https:\/\/i0.wp.com\/puuhamari.fi\/wp-content\/uploads\/2022\/05\/FAN-Uritettu-muotoiltu-valettu-Mouldings-Routed-edges.jpg?fit=1000%2C1000&ssl=1&resize=525%2C300 1.5x, https:\/\/i0.wp.com\/puuhamari.fi\/wp-content\/uploads\/2022\/05\/FAN-Uritettu-muotoiltu-valettu-Mouldings-Routed-edges.jpg?fit=1000%2C1000&ssl=1&resize=700%2C400 2x"},"classes":[]}],"_links":{"self":[{"href":"https:\/\/puuhamari.fi\/index.php?rest_route=\/wp\/v2\/product\/4797","targetHints":{"allow":["GET"]}}],"collection":[{"href":"https:\/\/puuhamari.fi\/index.php?rest_route=\/wp\/v2\/product"}],"about":[{"href":"https:\/\/puuhamari.fi\/index.php?rest_route=\/wp\/v2\/types\/product"}],"replies":[{"embeddable":true,"href":"https:\/\/puuhamari.fi\/index.php?rest_route=%2Fwp%2Fv2%2Fcomments&post=4797"}],"version-history":[{"count":2,"href":"https:\/\/puuhamari.fi\/index.php?rest_route=\/wp\/v2\/product\/4797\/revisions"}],"predecessor-version":[{"id":9452,"href":"https:\/\/puuhamari.fi\/index.php?rest_route=\/wp\/v2\/product\/4797\/revisions\/9452"}],"wp:featuredmedia":[{"embeddable":true,"href":"https:\/\/puuhamari.fi\/index.php?rest_route=\/wp\/v2\/media\/4798"}],"wp:attachment":[{"href":"https:\/\/puuhamari.fi\/index.php?rest_route=%2Fwp%2Fv2%2Fmedia&parent=4797"}],"wp:term":[{"taxonomy":"product_brand","embeddable":true,"href":"https:\/\/puuhamari.fi\/index.php?rest_route=%2Fwp%2Fv2%2Fproduct_brand&post=4797"},{"taxonomy":"product_cat","embeddable":true,"href":"https:\/\/puuhamari.fi\/index.php?rest_route=%2Fwp%2Fv2%2Fproduct_cat&post=4797"},{"taxonomy":"product_tag","embeddable":true,"href":"https:\/\/puuhamari.fi\/index.php?rest_route=%2Fwp%2Fv2%2Fproduct_tag&post=4797"}],"curies":[{"name":"wp","href":"https:\/\/api.w.org\/{rel}","templated":true}]}}