{"id":4858,"date":"2022-09-21T20:06:00","date_gmt":"2022-09-21T20:06:00","guid":{"rendered":"https:\/\/puuhamari.fi\/?post_type=product&#038;p=4858"},"modified":"2026-04-09T19:45:16","modified_gmt":"2026-04-09T16:45:16","slug":"punaisella-savytetyt","status":"publish","type":"product","link":"https:\/\/puuhamari.fi\/?product=punaisella-savytetyt","title":{"rendered":"Punaisella s\u00e4vytetyt"},"content":{"rendered":"<p>Varmistuaksesi todellisesta s\u00e4vyst\u00e4 sinulla on 4 vaihtoehtoa:<\/p>\n<ol>\n<li style=\"list-style-type: none;\">\n<ol>\n<li>&#8220;Tull-tt\u00e4n&#8221;, jos vain suinkin p\u00e4\u00e4set! Mik\u00e4\u00e4n ei voita s\u00e4vyjen n\u00e4kemist\u00e4 luonnossa, ja jopa pienten mallilevyjen lainaamista oman kotisi valaistuksessa katseltavaksi!<\/li>\n<li>Osta PuuhaMarilta 4 \u20ac:n arvoinen Fusion Mineral Paint:in oma, &#8220;true-to-color&#8221; v\u00e4rikartta (kaikki v\u00e4rit yhdess\u00e4), jossa s\u00e4vykortit on maalattu oikeilla maaleilla. T\u00e4ss\u00e4 linkki verkkokaupan sivulle: <a href=\"https:\/\/puuhamari.fi\/?product=aaa-fusion-varikartta\">AAA &#8211; Fusion\u2122 v\u00e4rikartta.<\/a><\/li>\n<li>Osta kiinnostavasta s\u00e4vyst\u00e4 pikkupurkki, ja testaa sit\u00e4 sitten itse omassa kodissasi.<\/li>\n<li>Osta\u00a0 <a href=\"https:\/\/puuhamari.fi\/?product=fusion-variviuhka\">t\u00e4st\u00e4 kunnon v\u00e4riviuhka<\/a>. Siit\u00e4 saat irrotettua yksitt\u00e4isi\u00e4, v\u00e4reilt\u00e4\u00e4n maalien kanssa t\u00e4ysin yht\u00e4pit\u00e4vi\u00e4 s\u00e4vykortteja tarkemmin vertailtavaksi tai mukaan otettavaksi. V\u00e4riviuhkan hinta on samaa luokkaa kuin yhden maalipurkin \u2013 mutta siihen investoimisen hy\u00f6ty kest\u00e4\u00e4 vuosia.<\/li>\n<\/ol>\n<\/li>\n<\/ol>\n","protected":false},"excerpt":{"rendered":"<p>Kaikki s\u00e4vyvertailut ovat PuuhaMarin kokoamia, eiv\u00e4tk\u00e4 ne ole myynniss\u00e4. Ne on laadittu helpottamaan valintaa kahden toisiaan l\u00e4hell\u00e4 olevan v\u00e4rin v\u00e4lill\u00e4 silloin, kun et p\u00e4\u00e4se fyysisesti Putiikin verstasmyym\u00e4l\u00e4\u00e4n Porissa. Samat s\u00e4vyt on aseteltu sek\u00e4 valkoiselle, ett\u00e4 mustalle pohjalle. T\u00e4ll\u00e4 tavoin sinun on helpompi n\u00e4hd\u00e4 mieless\u00e4si, miten n\u00e4iden v\u00e4rien luonne riippuu hieman my\u00f6s siit\u00e4, onko kodissasi t\u00e4ll\u00e4 hetkell\u00e4 enemm\u00e4n vallalla kevyen vaaleat vai dramaattisemmat tummat s\u00e4vyt. HUOM: muista aina, ett\u00e4 digitaaliset kuvat eiv\u00e4t koskaan toista v\u00e4ris\u00e4vyj\u00e4 t\u00e4ysin totuudenmukaisina!<\/p>\n<p>T\u00e4ss\u00e4 suorat linkit kunkin v\u00e4ris\u00e4vyn omalle tuotesivulle. Sielt\u00e4 l\u00f6yd\u00e4t kirjalliset s\u00e4vykuvaukset, ja n\u00e4et kullakin v\u00e4rill\u00e4 maalattuja inspiraatiokuvia:<\/p>\n<ul>\n<li><a href=\"https:\/\/puuhamari.fi\/?product=peony\">Peony<\/a><\/li>\n<li><a href=\"https:\/\/puuhamari.fi\/?product=rose-water\">Rose Water<\/a><\/li>\n<li><a href=\"https:\/\/puuhamari.fi\/?product=damask\">Damask<\/a><\/li>\n<li><a href=\"https:\/\/puuhamari.fi\/?product=fort-york-red\">Fort York Red<\/a><\/li>\n<li><a href=\"https:\/\/puuhamari.fi\/?product=cranberry\">Cranberry<\/a><\/li>\n<li><a href=\"https:\/\/puuhamari.fi\/?product=2022-uutuus-highlander\">Highlander<\/a><\/li>\n<li><a href=\"https:\/\/puuhamari.fi\/?product=2022-uutuus-winchester\">Winchester<\/a><\/li>\n<li><a href=\"https:\/\/puuhamari.fi\/?product=2022-uutuus-elderberry\">Elderberry<\/a><\/li>\n<\/ul>\n","protected":false},"author":1,"featured_media":4965,"comment_status":"closed","ping_status":"closed","template":"","meta":{"advgb_blocks_editor_width":"","advgb_blocks_columns_visual_guide":"","advanced_seo_description":"","jetpack_seo_html_title":"","jetpack_seo_noindex":false,"_kad_post_transparent":"default","_kad_post_title":"","_kad_post_layout":"default","_kad_post_sidebar_id":"","_kad_post_content_style":"default","_kad_post_vertical_padding":"default","_kad_post_feature":"","_kad_post_feature_position":"","_kad_post_header":false,"_kad_post_footer":false,"_kad_post_classname":"","jetpack_post_was_ever_published":false},"product_brand":[],"product_cat":[527],"product_tag":[498,450,459,453,496,499,68,231,454],"class_list":{"0":"post-4858","1":"product","2":"type-product","3":"status-publish","4":"has-post-thumbnail","6":"product_cat-fusion-savyvertailut","7":"product_tag-burgundinpunainen","8":"product_tag-fusion","9":"product_tag-punainen","10":"product_tag-purppuranpunainen","11":"product_tag-tummanpunainen","12":"product_tag-vaaleanpunainen","13":"product_tag-varikartta","14":"product_tag-viininpunainen","15":"product_tag-violetinpunainen","17":"first","18":"instock","19":"taxable","20":"shipping-taxable","21":"product-type-simple","22":"entry","23":"content-bg","24":"loop-entry"},"featured_img":"https:\/\/puuhamari.fi\/wp-content\/uploads\/2022\/09\/FUSION-PUNAISET-syksy-2022-PMP-valk-tausta-B.png","coauthors":[],"author_meta":{"author_link":"https:\/\/puuhamari.fi\/?author=1","display_name":"PuuhaMari"},"relative_dates":{"created":"Julkaistu 4 vuotta sitten","modified":"P\u00e4ivitetty 2 viikkoa sitten"},"absolute_dates":{"created":"Julkaistu 21 syyskuun, 2022","modified":"P\u00e4ivitetty 9 huhtikuun, 2026"},"absolute_dates_time":{"created":"Julkaistu 21 syyskuun, 2022 8:06 pm","modified":"P\u00e4ivitetty 9 huhtikuun, 2026 7:45 pm"},"featured_img_caption":"","tax_additional":{"product_brand":{"linked":[],"unlinked":[],"slug":"product_brand","name":"Br\u00e4ndit"},"product_type":{"linked":["<a href=\"https:\/\/puuhamari.fi\/?taxonomy=product_type&#038;term=simple\" class=\"advgb-post-tax-term\">simple<\/a>"],"unlinked":["<span class=\"advgb-post-tax-term\">simple<\/span>"],"slug":"product_type","name":"Tuotetyyppi"},"product_visibility":{"linked":[],"unlinked":[],"slug":"product_visibility","name":"Tuotteen n\u00e4kyvyys"},"product_cat":{"linked":["<a href=\"https:\/\/puuhamari.fi\/?product_cat=fusion-savyvertailut\" class=\"advgb-post-tax-term\">Fusion s\u00e4vyvertailut<\/a>"],"unlinked":["<span class=\"advgb-post-tax-term\">Fusion s\u00e4vyvertailut<\/span>"],"slug":"product_cat","name":"Osastot"},"product_tag":{"linked":["<a href=\"https:\/\/puuhamari.fi\/?product_tag=burgundinpunainen\" class=\"advgb-post-tax-term\">Burgundinpunainen<\/a>","<a href=\"https:\/\/puuhamari.fi\/?product_tag=fusion\" class=\"advgb-post-tax-term\">Fusion<\/a>","<a href=\"https:\/\/puuhamari.fi\/?product_tag=punainen\" class=\"advgb-post-tax-term\">punainen<\/a>","<a href=\"https:\/\/puuhamari.fi\/?product_tag=purppuranpunainen\" class=\"advgb-post-tax-term\">purppuranpunainen<\/a>","<a href=\"https:\/\/puuhamari.fi\/?product_tag=tummanpunainen\" class=\"advgb-post-tax-term\">Tummanpunainen<\/a>","<a href=\"https:\/\/puuhamari.fi\/?product_tag=vaaleanpunainen\" class=\"advgb-post-tax-term\">Vaaleanpunainen<\/a>","<a href=\"https:\/\/puuhamari.fi\/?product_tag=varikartta\" class=\"advgb-post-tax-term\">v\u00e4rikartta<\/a>","<a href=\"https:\/\/puuhamari.fi\/?product_tag=viininpunainen\" class=\"advgb-post-tax-term\">Viininpunainen<\/a>","<a href=\"https:\/\/puuhamari.fi\/?product_tag=violetinpunainen\" class=\"advgb-post-tax-term\">violetinpunainen<\/a>"],"unlinked":["<span class=\"advgb-post-tax-term\">Burgundinpunainen<\/span>","<span class=\"advgb-post-tax-term\">Fusion<\/span>","<span class=\"advgb-post-tax-term\">punainen<\/span>","<span class=\"advgb-post-tax-term\">purppuranpunainen<\/span>","<span class=\"advgb-post-tax-term\">Tummanpunainen<\/span>","<span class=\"advgb-post-tax-term\">Vaaleanpunainen<\/span>","<span class=\"advgb-post-tax-term\">v\u00e4rikartta<\/span>","<span class=\"advgb-post-tax-term\">Viininpunainen<\/span>","<span class=\"advgb-post-tax-term\">violetinpunainen<\/span>"],"slug":"product_tag","name":"Avainsanat tuotteelle"},"product_shipping_class":{"linked":[],"unlinked":[],"slug":"product_shipping_class","name":"Tuotteen toimitusluokat"},"pos_product_visibility":{"linked":[],"unlinked":[],"slug":"pos_product_visibility","name":"POS Product visibility"},"pa_arkin-koko":{"linked":[],"unlinked":[],"slug":"pa_arkin-koko","name":"Tuote Arkin koko"},"pa_hiomatyynyn-karkeus":{"linked":[],"unlinked":[],"slug":"pa_hiomatyynyn-karkeus","name":"Tuote Hiomatyynyn karkeus"},"pa_kehys":{"linked":[],"unlinked":[],"slug":"pa_kehys","name":"Tuote Kehys"},"pa_kuvion-nro":{"linked":[],"unlinked":[],"slug":"pa_kuvion-nro","name":"Tuote Kuvion nro"},"pa_littean-pensselin-koko":{"linked":[],"unlinked":[],"slug":"pa_littean-pensselin-koko","name":"Tuote Litte\u00e4n pensselin koko"},"pa_maalivari":{"linked":[],"unlinked":[],"slug":"pa_maalivari","name":"Tuote Maaliv\u00e4ri"},"pa_palatapettien-lkm":{"linked":[],"unlinked":[],"slug":"pa_palatapettien-lkm","name":"Tuote Palatapettien lkm"},"pa_purkin-koko":{"linked":[],"unlinked":[],"slug":"pa_purkin-koko","name":"Tuote Purkin koko"},"pa_sapluunan-koko":{"linked":[],"unlinked":[],"slug":"pa_sapluunan-koko","name":"Tuote Sapluunan koko"},"pa_tabletti":{"linked":[],"unlinked":[],"slug":"pa_tabletti","name":"Tuote Tabletti"},"pa_valitse-sisalto":{"linked":[],"unlinked":[],"slug":"pa_valitse-sisalto","name":"Tuote Valitse sis\u00e4lt\u00f6"},"pa_varjostin":{"linked":[],"unlinked":[],"slug":"pa_varjostin","name":"Tuote Varjostin"}},"series_order":"","jetpack_sharing_enabled":true,"jetpack_likes_enabled":true,"jetpack-related-posts":[{"id":11062,"url":"https:\/\/puuhamari.fi\/?product=violetit-lilat-malvat","url_meta":{"origin":4858,"position":0},"title":"Violetit, lilat, malvat","author":"PuuhaMari","date":"10 huhtikuun, 2026","format":false,"excerpt":"Kaikki s\u00e4vyvertailut ovat PuuhaMarin kokoamia, eiv\u00e4tk\u00e4 ne ole myynniss\u00e4. Ne on laadittu helpottamaan valintaa kahden toisiaan l\u00e4hell\u00e4 olevan v\u00e4rin v\u00e4lill\u00e4 silloin, kun et p\u00e4\u00e4se fyysisesti Putiikin verstasmyym\u00e4l\u00e4\u00e4n Porissa. HUOM: muista aina, ett\u00e4 digitaaliset kuvat eiv\u00e4t koskaan toista v\u00e4ris\u00e4vyj\u00e4 t\u00e4ysin totuudenmukaisina! (Sanallinen vertailukuvaus tulossa t\u00e4lle sivulle pian) T\u00e4ss\u00e4 suorat linkit kunkin\u2026","rel":"","context":"Samankaltainen artikkeli","block_context":{"text":"Samankaltainen artikkeli","link":""},"img":{"alt_text":"","src":"https:\/\/i0.wp.com\/puuhamari.fi\/wp-content\/uploads\/2026\/04\/8.png?fit=1200%2C1200&ssl=1&resize=350%2C200","width":350,"height":200,"srcset":"https:\/\/i0.wp.com\/puuhamari.fi\/wp-content\/uploads\/2026\/04\/8.png?fit=1200%2C1200&ssl=1&resize=350%2C200 1x, https:\/\/i0.wp.com\/puuhamari.fi\/wp-content\/uploads\/2026\/04\/8.png?fit=1200%2C1200&ssl=1&resize=525%2C300 1.5x, https:\/\/i0.wp.com\/puuhamari.fi\/wp-content\/uploads\/2026\/04\/8.png?fit=1200%2C1200&ssl=1&resize=700%2C400 2x, https:\/\/i0.wp.com\/puuhamari.fi\/wp-content\/uploads\/2026\/04\/8.png?fit=1200%2C1200&ssl=1&resize=1050%2C600 3x"},"classes":[]},{"id":11059,"url":"https:\/\/puuhamari.fi\/?product=harmaat-ja-mustat","url_meta":{"origin":4858,"position":1},"title":"Harmaat ja mustat","author":"PuuhaMari","date":"10 huhtikuun, 2026","format":false,"excerpt":"Kaikki s\u00e4vyvertailut ovat PuuhaMarin kokoamia, eiv\u00e4tk\u00e4 ne ole myynniss\u00e4. Ne on laadittu helpottamaan valintaa kahden toisiaan l\u00e4hell\u00e4 olevan v\u00e4rin v\u00e4lill\u00e4 silloin, kun et p\u00e4\u00e4se fyysisesti Putiikin verstasmyym\u00e4l\u00e4\u00e4n Porissa. HUOM: muista aina, ett\u00e4 digitaaliset kuvat eiv\u00e4t koskaan toista v\u00e4ris\u00e4vyj\u00e4 t\u00e4ysin totuudenmukaisina! (Sanallinen vertailukuvaus tulossa t\u00e4lle sivulle pian) T\u00e4ss\u00e4 suorat linkit kunkin\u2026","rel":"","context":"Samankaltainen artikkeli","block_context":{"text":"Samankaltainen artikkeli","link":""},"img":{"alt_text":"","src":"https:\/\/i0.wp.com\/puuhamari.fi\/wp-content\/uploads\/2026\/04\/6.png?fit=1200%2C1200&ssl=1&resize=350%2C200","width":350,"height":200,"srcset":"https:\/\/i0.wp.com\/puuhamari.fi\/wp-content\/uploads\/2026\/04\/6.png?fit=1200%2C1200&ssl=1&resize=350%2C200 1x, https:\/\/i0.wp.com\/puuhamari.fi\/wp-content\/uploads\/2026\/04\/6.png?fit=1200%2C1200&ssl=1&resize=525%2C300 1.5x, https:\/\/i0.wp.com\/puuhamari.fi\/wp-content\/uploads\/2026\/04\/6.png?fit=1200%2C1200&ssl=1&resize=700%2C400 2x, https:\/\/i0.wp.com\/puuhamari.fi\/wp-content\/uploads\/2026\/04\/6.png?fit=1200%2C1200&ssl=1&resize=1050%2C600 3x"},"classes":[]},{"id":4854,"url":"https:\/\/puuhamari.fi\/?product=keltaisella-savytetyt","url_meta":{"origin":4858,"position":2},"title":"Keltaisella s\u00e4vytetyt","author":"PuuhaMari","date":"21 syyskuun, 2022","format":false,"excerpt":"Kaikki s\u00e4vyvertailut ovat PuuhaMarin kokoamia, eiv\u00e4tk\u00e4 ne ole myynniss\u00e4. Ne on laadittu helpottamaan valintaa kahden toisiaan l\u00e4hell\u00e4 olevan v\u00e4rin v\u00e4lill\u00e4 silloin, kun et p\u00e4\u00e4se fyysisesti Putiikin verstasmyym\u00e4l\u00e4\u00e4n Porissa. Samat s\u00e4vyt on aseteltu sek\u00e4 valkoiselle, ett\u00e4 mustalle pohjalle. T\u00e4ll\u00e4 tavoin sinun on helpompi n\u00e4hd\u00e4 mieless\u00e4si, miten n\u00e4iden v\u00e4rien luonne riippuu hieman\u2026","rel":"","context":"Samankaltainen artikkeli","block_context":{"text":"Samankaltainen artikkeli","link":""},"img":{"alt_text":"","src":"https:\/\/i0.wp.com\/puuhamari.fi\/wp-content\/uploads\/2022\/10\/2023-Keltaiset-valk-tausta-B.png?fit=1200%2C1200&ssl=1&resize=350%2C200","width":350,"height":200,"srcset":"https:\/\/i0.wp.com\/puuhamari.fi\/wp-content\/uploads\/2022\/10\/2023-Keltaiset-valk-tausta-B.png?fit=1200%2C1200&ssl=1&resize=350%2C200 1x, https:\/\/i0.wp.com\/puuhamari.fi\/wp-content\/uploads\/2022\/10\/2023-Keltaiset-valk-tausta-B.png?fit=1200%2C1200&ssl=1&resize=525%2C300 1.5x, https:\/\/i0.wp.com\/puuhamari.fi\/wp-content\/uploads\/2022\/10\/2023-Keltaiset-valk-tausta-B.png?fit=1200%2C1200&ssl=1&resize=700%2C400 2x, https:\/\/i0.wp.com\/puuhamari.fi\/wp-content\/uploads\/2022\/10\/2023-Keltaiset-valk-tausta-B.png?fit=1200%2C1200&ssl=1&resize=1050%2C600 3x"},"classes":[]},{"id":11027,"url":"https:\/\/puuhamari.fi\/?product=valkoiset-ja-vaaleat","url_meta":{"origin":4858,"position":3},"title":"Valkoiset ja vaaleat","author":"PuuhaMari","date":"9 huhtikuun, 2026","format":false,"excerpt":"Kaikki s\u00e4vyvertailut ovat PuuhaMarin kokoamia, eiv\u00e4tk\u00e4 ne ole myynniss\u00e4. Ne on laadittu helpottamaan valintaa kahden toisiaan l\u00e4hell\u00e4 olevan v\u00e4rin v\u00e4lill\u00e4 silloin, kun et p\u00e4\u00e4se fyysisesti Putiikin verstasmyym\u00e4l\u00e4\u00e4n Porissa. HUOM: muista aina, ett\u00e4 digitaaliset kuvat eiv\u00e4t koskaan toista v\u00e4ris\u00e4vyj\u00e4 t\u00e4ysin totuudenmukaisina! Oheisissa kuvissa s\u00e4vyt ovat \"valkoisuusj\u00e4rjestyksess\u00e4\". Snowdrop on kaikkein valkoisin, Picket\u2026","rel":"","context":"Samankaltainen artikkeli","block_context":{"text":"Samankaltainen artikkeli","link":""},"img":{"alt_text":"","src":"https:\/\/i0.wp.com\/puuhamari.fi\/wp-content\/uploads\/2026\/04\/1.png?fit=1200%2C1200&ssl=1&resize=350%2C200","width":350,"height":200,"srcset":"https:\/\/i0.wp.com\/puuhamari.fi\/wp-content\/uploads\/2026\/04\/1.png?fit=1200%2C1200&ssl=1&resize=350%2C200 1x, https:\/\/i0.wp.com\/puuhamari.fi\/wp-content\/uploads\/2026\/04\/1.png?fit=1200%2C1200&ssl=1&resize=525%2C300 1.5x, https:\/\/i0.wp.com\/puuhamari.fi\/wp-content\/uploads\/2026\/04\/1.png?fit=1200%2C1200&ssl=1&resize=700%2C400 2x, https:\/\/i0.wp.com\/puuhamari.fi\/wp-content\/uploads\/2026\/04\/1.png?fit=1200%2C1200&ssl=1&resize=1050%2C600 3x"},"classes":[]},{"id":4962,"url":"https:\/\/puuhamari.fi\/?product=sinisella-savytetyt","url_meta":{"origin":4858,"position":4},"title":"Sinisell\u00e4 s\u00e4vytetyt","author":"PuuhaMari","date":"19 lokakuun, 2022","format":false,"excerpt":"Kaikki s\u00e4vyvertailut ovat PuuhaMarin kokoamia, eiv\u00e4tk\u00e4 ne ole myynniss\u00e4. Ne on laadittu helpottamaan valintaa kahden toisiaan l\u00e4hell\u00e4 olevan v\u00e4rin v\u00e4lill\u00e4 silloin, kun et p\u00e4\u00e4se fyysisesti Putiikin verstasmyym\u00e4l\u00e4\u00e4n Porissa. Samat s\u00e4vyt on aseteltu sek\u00e4 valkoiselle, ett\u00e4 mustalle pohjalle. T\u00e4ll\u00e4 tavoin sinun on helpompi n\u00e4hd\u00e4 mieless\u00e4si, miten n\u00e4iden v\u00e4rien luonne riippuu hieman\u2026","rel":"","context":"Samankaltainen artikkeli","block_context":{"text":"Samankaltainen artikkeli","link":""},"img":{"alt_text":"","src":"https:\/\/i0.wp.com\/puuhamari.fi\/wp-content\/uploads\/2022\/09\/FUSION-SINISET-syksy-2022-PMP-valk-tausta-B.png?fit=1200%2C1199&ssl=1&resize=350%2C200","width":350,"height":200,"srcset":"https:\/\/i0.wp.com\/puuhamari.fi\/wp-content\/uploads\/2022\/09\/FUSION-SINISET-syksy-2022-PMP-valk-tausta-B.png?fit=1200%2C1199&ssl=1&resize=350%2C200 1x, https:\/\/i0.wp.com\/puuhamari.fi\/wp-content\/uploads\/2022\/09\/FUSION-SINISET-syksy-2022-PMP-valk-tausta-B.png?fit=1200%2C1199&ssl=1&resize=525%2C300 1.5x, https:\/\/i0.wp.com\/puuhamari.fi\/wp-content\/uploads\/2022\/09\/FUSION-SINISET-syksy-2022-PMP-valk-tausta-B.png?fit=1200%2C1199&ssl=1&resize=700%2C400 2x, https:\/\/i0.wp.com\/puuhamari.fi\/wp-content\/uploads\/2022\/09\/FUSION-SINISET-syksy-2022-PMP-valk-tausta-B.png?fit=1200%2C1199&ssl=1&resize=1050%2C600 3x"},"classes":[]},{"id":4978,"url":"https:\/\/puuhamari.fi\/?product=vihrealla-savytetyt","url_meta":{"origin":4858,"position":5},"title":"Vihre\u00e4ll\u00e4 s\u00e4vytetyt","author":"PuuhaMari","date":"31 lokakuun, 2022","format":false,"excerpt":"Kaikki s\u00e4vyvertailut ovat PuuhaMarin kokoamia, eiv\u00e4tk\u00e4 ne ole myynniss\u00e4. Ne on laadittu helpottamaan valintaa kahden toisiaan l\u00e4hell\u00e4 olevan v\u00e4rin v\u00e4lill\u00e4 silloin, kun et p\u00e4\u00e4se fyysisesti Putiikin verstasmyym\u00e4l\u00e4\u00e4n Porissa. Samat s\u00e4vyt on aseteltu sek\u00e4 valkoiselle, ett\u00e4 mustalle pohjalle. T\u00e4ll\u00e4 tavoin sinun on helpompi n\u00e4hd\u00e4 mieless\u00e4si, miten n\u00e4iden v\u00e4rien luonne riippuu hieman\u2026","rel":"","context":"Samankaltainen artikkeli","block_context":{"text":"Samankaltainen artikkeli","link":""},"img":{"alt_text":"","src":"https:\/\/i0.wp.com\/puuhamari.fi\/wp-content\/uploads\/2022\/10\/2023-Vihreat-kevat-2023-valk-tausta-B.png?fit=1200%2C1200&ssl=1&resize=350%2C200","width":350,"height":200,"srcset":"https:\/\/i0.wp.com\/puuhamari.fi\/wp-content\/uploads\/2022\/10\/2023-Vihreat-kevat-2023-valk-tausta-B.png?fit=1200%2C1200&ssl=1&resize=350%2C200 1x, https:\/\/i0.wp.com\/puuhamari.fi\/wp-content\/uploads\/2022\/10\/2023-Vihreat-kevat-2023-valk-tausta-B.png?fit=1200%2C1200&ssl=1&resize=525%2C300 1.5x, https:\/\/i0.wp.com\/puuhamari.fi\/wp-content\/uploads\/2022\/10\/2023-Vihreat-kevat-2023-valk-tausta-B.png?fit=1200%2C1200&ssl=1&resize=700%2C400 2x, https:\/\/i0.wp.com\/puuhamari.fi\/wp-content\/uploads\/2022\/10\/2023-Vihreat-kevat-2023-valk-tausta-B.png?fit=1200%2C1200&ssl=1&resize=1050%2C600 3x"},"classes":[]}],"_links":{"self":[{"href":"https:\/\/puuhamari.fi\/index.php?rest_route=\/wp\/v2\/product\/4858","targetHints":{"allow":["GET"]}}],"collection":[{"href":"https:\/\/puuhamari.fi\/index.php?rest_route=\/wp\/v2\/product"}],"about":[{"href":"https:\/\/puuhamari.fi\/index.php?rest_route=\/wp\/v2\/types\/product"}],"replies":[{"embeddable":true,"href":"https:\/\/puuhamari.fi\/index.php?rest_route=%2Fwp%2Fv2%2Fcomments&post=4858"}],"version-history":[{"count":1,"href":"https:\/\/puuhamari.fi\/index.php?rest_route=\/wp\/v2\/product\/4858\/revisions"}],"predecessor-version":[{"id":11025,"href":"https:\/\/puuhamari.fi\/index.php?rest_route=\/wp\/v2\/product\/4858\/revisions\/11025"}],"wp:featuredmedia":[{"embeddable":true,"href":"https:\/\/puuhamari.fi\/index.php?rest_route=\/wp\/v2\/media\/4965"}],"wp:attachment":[{"href":"https:\/\/puuhamari.fi\/index.php?rest_route=%2Fwp%2Fv2%2Fmedia&parent=4858"}],"wp:term":[{"taxonomy":"product_brand","embeddable":true,"href":"https:\/\/puuhamari.fi\/index.php?rest_route=%2Fwp%2Fv2%2Fproduct_brand&post=4858"},{"taxonomy":"product_cat","embeddable":true,"href":"https:\/\/puuhamari.fi\/index.php?rest_route=%2Fwp%2Fv2%2Fproduct_cat&post=4858"},{"taxonomy":"product_tag","embeddable":true,"href":"https:\/\/puuhamari.fi\/index.php?rest_route=%2Fwp%2Fv2%2Fproduct_tag&post=4858"}],"curies":[{"name":"wp","href":"https:\/\/api.w.org\/{rel}","templated":true}]}}