{"id":5160,"date":"2023-03-17T16:38:25","date_gmt":"2023-03-17T16:38:25","guid":{"rendered":"https:\/\/puuhamari.fi\/?post_type=product&#038;p=5160"},"modified":"2026-03-18T17:26:41","modified_gmt":"2026-03-18T15:26:41","slug":"little-star","status":"publish","type":"product","link":"https:\/\/puuhamari.fi\/?product=little-star","title":{"rendered":"Little Star"},"content":{"rendered":"<p>Fusion\u2122 maalien kuvaus: <a href=\"https:\/\/puuhamari.fi\/?p=5842\" target=\"_blank\" rel=\"noopener\">lue t\u00e4\u00e4lt\u00e4.<\/a><\/p>\n","protected":false},"excerpt":{"rendered":"<p>Perusv\u00e4reihin kuuluva kirkas keltainen tuo v\u00e4litt\u00f6m\u00e4sti ilon ja auringonpaisteen kalusteisiisi! Se on puuhakkaan touhuajan lempiv\u00e4ri; el\u00e4m\u00e4\u00e4 sykkiv\u00e4 keltainen, joka t\u00e4ydent\u00e4\u00e4 muita s\u00e4vyj\u00e4 antamalla niille lis\u00e4\u00e4 energiaa!<\/p>\n<p>Yhdist\u00e4 kirkaanpunaiseen <a href=\"https:\/\/puuhamari.fi\/?product=fort-york-red\" target=\"_blank\" rel=\"noopener\">Fort York Red:iin<\/a>,<br \/>\ntai lempe\u00e4\u00e4n <a href=\"https:\/\/puuhamari.fi\/?product=little-lamb\" target=\"_blank\" rel=\"noopener\">Little Lamb<\/a> -harmaaseen.<\/p>\n","protected":false},"author":1,"featured_media":5161,"comment_status":"open","ping_status":"closed","template":"","meta":{"advgb_blocks_editor_width":"","advgb_blocks_columns_visual_guide":"","advanced_seo_description":"","jetpack_seo_html_title":"","jetpack_seo_noindex":false,"_kad_post_transparent":"default","_kad_post_title":"","_kad_post_layout":"default","_kad_post_sidebar_id":"","_kad_post_content_style":"default","_kad_post_vertical_padding":"default","_kad_post_feature":"","_kad_post_feature_position":"","_kad_post_header":false,"_kad_post_footer":false,"_kad_post_classname":"","jetpack_post_was_ever_published":false},"product_brand":[],"product_cat":[309],"product_tag":[450,509,528,552,551,508,553],"class_list":{"0":"post-5160","1":"product","2":"type-product","3":"status-publish","4":"has-post-thumbnail","6":"product_cat-fusion-mineraalimaalit","7":"product_tag-fusion","8":"product_tag-fusion-mineral-paint","9":"product_tag-keltainen","10":"product_tag-kirkas","11":"product_tag-little-star","12":"product_tag-mineraalimaali","13":"product_tag-paasiainen","15":"first","16":"instock","17":"taxable","18":"shipping-taxable","19":"purchasable","20":"product-type-variable","21":"entry","22":"content-bg","23":"loop-entry"},"featured_img":"https:\/\/puuhamari.fi\/wp-content\/uploads\/2023\/03\/fusion_mineral_paint-littlestar-pint-B.jpg","coauthors":[],"author_meta":{"author_link":"https:\/\/puuhamari.fi\/?author=1","display_name":"PuuhaMari"},"relative_dates":{"created":"Julkaistu 3 vuotta sitten","modified":"P\u00e4ivitetty 1 kuukausi sitten"},"absolute_dates":{"created":"Julkaistu 17 maaliskuun, 2023","modified":"P\u00e4ivitetty 18 maaliskuun, 2026"},"absolute_dates_time":{"created":"Julkaistu 17 maaliskuun, 2023 4:38 pm","modified":"P\u00e4ivitetty 18 maaliskuun, 2026 5:26 pm"},"featured_img_caption":"","tax_additional":{"product_brand":{"linked":[],"unlinked":[],"slug":"product_brand","name":"Br\u00e4ndit"},"product_type":{"linked":["<a href=\"https:\/\/puuhamari.fi\/?taxonomy=product_type&#038;term=variable\" class=\"advgb-post-tax-term\">variable<\/a>"],"unlinked":["<span class=\"advgb-post-tax-term\">variable<\/span>"],"slug":"product_type","name":"Tuotetyyppi"},"product_visibility":{"linked":[],"unlinked":[],"slug":"product_visibility","name":"Tuotteen n\u00e4kyvyys"},"product_cat":{"linked":["<a href=\"https:\/\/puuhamari.fi\/?product_cat=fusion-mineraalimaalit\" class=\"advgb-post-tax-term\">Fusion mineraalimaalit<\/a>"],"unlinked":["<span class=\"advgb-post-tax-term\">Fusion mineraalimaalit<\/span>"],"slug":"product_cat","name":"Osastot"},"product_tag":{"linked":["<a href=\"https:\/\/puuhamari.fi\/?product_tag=fusion\" class=\"advgb-post-tax-term\">Fusion<\/a>","<a href=\"https:\/\/puuhamari.fi\/?product_tag=fusion-mineral-paint\" class=\"advgb-post-tax-term\">Fusion Mineral Paint<\/a>","<a href=\"https:\/\/puuhamari.fi\/?product_tag=keltainen\" class=\"advgb-post-tax-term\">Keltainen<\/a>","<a href=\"https:\/\/puuhamari.fi\/?product_tag=kirkas\" class=\"advgb-post-tax-term\">Kirkas<\/a>","<a href=\"https:\/\/puuhamari.fi\/?product_tag=little-star\" class=\"advgb-post-tax-term\">Little Star<\/a>","<a href=\"https:\/\/puuhamari.fi\/?product_tag=mineraalimaali\" class=\"advgb-post-tax-term\">Mineraalimaali<\/a>","<a href=\"https:\/\/puuhamari.fi\/?product_tag=paasiainen\" class=\"advgb-post-tax-term\">P\u00e4\u00e4si\u00e4inen<\/a>"],"unlinked":["<span class=\"advgb-post-tax-term\">Fusion<\/span>","<span class=\"advgb-post-tax-term\">Fusion Mineral Paint<\/span>","<span class=\"advgb-post-tax-term\">Keltainen<\/span>","<span class=\"advgb-post-tax-term\">Kirkas<\/span>","<span class=\"advgb-post-tax-term\">Little Star<\/span>","<span class=\"advgb-post-tax-term\">Mineraalimaali<\/span>","<span class=\"advgb-post-tax-term\">P\u00e4\u00e4si\u00e4inen<\/span>"],"slug":"product_tag","name":"Avainsanat tuotteelle"},"product_shipping_class":{"linked":[],"unlinked":[],"slug":"product_shipping_class","name":"Tuotteen toimitusluokat"},"pos_product_visibility":{"linked":[],"unlinked":[],"slug":"pos_product_visibility","name":"POS Product visibility"},"pa_arkin-koko":{"linked":[],"unlinked":[],"slug":"pa_arkin-koko","name":"Tuote Arkin koko"},"pa_hiomatyynyn-karkeus":{"linked":[],"unlinked":[],"slug":"pa_hiomatyynyn-karkeus","name":"Tuote Hiomatyynyn karkeus"},"pa_kehys":{"linked":[],"unlinked":[],"slug":"pa_kehys","name":"Tuote Kehys"},"pa_kuvion-nro":{"linked":[],"unlinked":[],"slug":"pa_kuvion-nro","name":"Tuote Kuvion nro"},"pa_littean-pensselin-koko":{"linked":[],"unlinked":[],"slug":"pa_littean-pensselin-koko","name":"Tuote Litte\u00e4n pensselin koko"},"pa_maalivari":{"linked":[],"unlinked":[],"slug":"pa_maalivari","name":"Tuote Maaliv\u00e4ri"},"pa_palatapettien-lkm":{"linked":[],"unlinked":[],"slug":"pa_palatapettien-lkm","name":"Tuote Palatapettien lkm"},"pa_purkin-koko":{"linked":["<a href=\"https:\/\/puuhamari.fi\/?taxonomy=pa_purkin-koko&#038;term=37-ml\" class=\"advgb-post-tax-term\">37 ml<\/a>","<a href=\"https:\/\/puuhamari.fi\/?taxonomy=pa_purkin-koko&#038;term=500-ml\" class=\"advgb-post-tax-term\">500 ml<\/a>"],"unlinked":["<span class=\"advgb-post-tax-term\">37 ml<\/span>","<span class=\"advgb-post-tax-term\">500 ml<\/span>"],"slug":"pa_purkin-koko","name":"Tuote Purkin koko"},"pa_sapluunan-koko":{"linked":[],"unlinked":[],"slug":"pa_sapluunan-koko","name":"Tuote Sapluunan koko"},"pa_tabletti":{"linked":[],"unlinked":[],"slug":"pa_tabletti","name":"Tuote Tabletti"},"pa_valitse-sisalto":{"linked":[],"unlinked":[],"slug":"pa_valitse-sisalto","name":"Tuote Valitse sis\u00e4lt\u00f6"},"pa_varjostin":{"linked":[],"unlinked":[],"slug":"pa_varjostin","name":"Tuote Varjostin"}},"series_order":"","jetpack_sharing_enabled":true,"jetpack_likes_enabled":true,"jetpack-related-posts":[{"id":5668,"url":"https:\/\/puuhamari.fi\/?product=mustard","url_meta":{"origin":5160,"position":0},"title":"Mustard","author":"PuuhaMari","date":"28 huhtikuun, 2023","format":false,"excerpt":"Tosicurry sinapinkeltainen! Tai oikeastaan... suomalaisten suosima keltamulta! Murrettu, l\u00e4mmin ja tumma keltainen, joka tuo v\u00e4litt\u00f6m\u00e4sti lis\u00e4\u00e4 syvyytt\u00e4 ja persoonallisuutta kotiisi. Jos haluat tunnelman pysyv\u00e4n rauhallisena, yhdist\u00e4 Mustard vaikkapa luonnonvalkoiseen Raw Silk:iin. Maaseutumaista \"farmicharmia\" kaipaavan taas voisi ajatella yhdist\u00e4v\u00e4n t\u00e4m\u00e4n sinapinkeltaisen kanssa vaikkapa BayBerry:n syv\u00e4\u00e4 oliivinvihre\u00e4\u00e4 s\u00e4vy\u00e4.","rel":"","context":"With 1 comment","block_context":{"text":"With 1 comment","link":"https:\/\/puuhamari.fi\/?product=mustard#comments"},"img":{"alt_text":"","src":"https:\/\/i0.wp.com\/puuhamari.fi\/wp-content\/uploads\/2023\/04\/fusion_mineral_paint-mustard-pint-B.jpg?fit=1200%2C1200&ssl=1&resize=350%2C200","width":350,"height":200,"srcset":"https:\/\/i0.wp.com\/puuhamari.fi\/wp-content\/uploads\/2023\/04\/fusion_mineral_paint-mustard-pint-B.jpg?fit=1200%2C1200&ssl=1&resize=350%2C200 1x, https:\/\/i0.wp.com\/puuhamari.fi\/wp-content\/uploads\/2023\/04\/fusion_mineral_paint-mustard-pint-B.jpg?fit=1200%2C1200&ssl=1&resize=525%2C300 1.5x, https:\/\/i0.wp.com\/puuhamari.fi\/wp-content\/uploads\/2023\/04\/fusion_mineral_paint-mustard-pint-B.jpg?fit=1200%2C1200&ssl=1&resize=700%2C400 2x, https:\/\/i0.wp.com\/puuhamari.fi\/wp-content\/uploads\/2023\/04\/fusion_mineral_paint-mustard-pint-B.jpg?fit=1200%2C1200&ssl=1&resize=1050%2C600 3x"},"classes":[]},{"id":2961,"url":"https:\/\/puuhamari.fi\/?product=prairie-sunset","url_meta":{"origin":5160,"position":1},"title":"Prairie Sunset","author":"PuuhaMari","date":"18 maaliskuun, 2022","format":false,"excerpt":"L\u00e4mmin ja iloinen keltainen. El\u00e4m\u00e4\u00e4 sykkiv\u00e4 ja energinen, ja taipuu l\u00e4hestulkoon mink\u00e4 tahansa muun v\u00e4rin pariksi!","rel":"","context":"With 1 comment","block_context":{"text":"With 1 comment","link":"https:\/\/puuhamari.fi\/?product=prairie-sunset#comments"},"img":{"alt_text":"","src":"https:\/\/i0.wp.com\/puuhamari.fi\/wp-content\/uploads\/2022\/03\/fusion_mineral_paint-prairiesunset-pint-B.jpg?fit=1200%2C1199&ssl=1&resize=350%2C200","width":350,"height":200,"srcset":"https:\/\/i0.wp.com\/puuhamari.fi\/wp-content\/uploads\/2022\/03\/fusion_mineral_paint-prairiesunset-pint-B.jpg?fit=1200%2C1199&ssl=1&resize=350%2C200 1x, https:\/\/i0.wp.com\/puuhamari.fi\/wp-content\/uploads\/2022\/03\/fusion_mineral_paint-prairiesunset-pint-B.jpg?fit=1200%2C1199&ssl=1&resize=525%2C300 1.5x, https:\/\/i0.wp.com\/puuhamari.fi\/wp-content\/uploads\/2022\/03\/fusion_mineral_paint-prairiesunset-pint-B.jpg?fit=1200%2C1199&ssl=1&resize=700%2C400 2x, https:\/\/i0.wp.com\/puuhamari.fi\/wp-content\/uploads\/2022\/03\/fusion_mineral_paint-prairiesunset-pint-B.jpg?fit=1200%2C1199&ssl=1&resize=1050%2C600 3x"},"classes":[]},{"id":5178,"url":"https:\/\/puuhamari.fi\/?product=little-speckled-frog","url_meta":{"origin":5160,"position":2},"title":"Little Speckled Frog","author":"PuuhaMari","date":"17 maaliskuun, 2023","format":false,"excerpt":"Fusion mineraalimaalien vihre\u00e4n perheen pikkubaby; eritt\u00e4in vaalea ja pastellinen versio mintunvihre\u00e4st\u00e4. Huikean kaunis yksin\u00e4\u00e4n, mutta my\u00f6s yhdistettyn\u00e4 valkoiseen, muihin vihreisiin ja kaikkiin pastellis\u00e4vyihin. HUOM! T\u00e4m\u00e4n s\u00e4vyn valmistus on jo lopetettu. Vain muutama purkki j\u00e4ljell\u00e4!!","rel":"","context":"Samankaltainen artikkeli","block_context":{"text":"Samankaltainen artikkeli","link":""},"img":{"alt_text":"","src":"https:\/\/i0.wp.com\/puuhamari.fi\/wp-content\/uploads\/2023\/03\/Fusion_Mineral_Paint_Little_Speckled_Frog_pint-B-scaled.jpg?fit=1200%2C1200&ssl=1&resize=350%2C200","width":350,"height":200,"srcset":"https:\/\/i0.wp.com\/puuhamari.fi\/wp-content\/uploads\/2023\/03\/Fusion_Mineral_Paint_Little_Speckled_Frog_pint-B-scaled.jpg?fit=1200%2C1200&ssl=1&resize=350%2C200 1x, https:\/\/i0.wp.com\/puuhamari.fi\/wp-content\/uploads\/2023\/03\/Fusion_Mineral_Paint_Little_Speckled_Frog_pint-B-scaled.jpg?fit=1200%2C1200&ssl=1&resize=525%2C300 1.5x, https:\/\/i0.wp.com\/puuhamari.fi\/wp-content\/uploads\/2023\/03\/Fusion_Mineral_Paint_Little_Speckled_Frog_pint-B-scaled.jpg?fit=1200%2C1200&ssl=1&resize=700%2C400 2x, https:\/\/i0.wp.com\/puuhamari.fi\/wp-content\/uploads\/2023\/03\/Fusion_Mineral_Paint_Little_Speckled_Frog_pint-B-scaled.jpg?fit=1200%2C1200&ssl=1&resize=1050%2C600 3x"},"classes":[]},{"id":2773,"url":"https:\/\/puuhamari.fi\/?product=little-whale","url_meta":{"origin":5160,"position":3},"title":"Little Whale","author":"PuuhaMari","date":"2 maaliskuun, 2022","format":false,"excerpt":"Ihanan seesteinen vaaleansinisen s\u00e4vy, joka tyynnytt\u00e4\u00e4 ja rauhoittaa tilan kuin tilan. K\u00e4yt\u00e4 sit\u00e4 suuriin kalusteisiin kuten vaikka s\u00e4nkyyn tai lipastoon\/piironkiin tuodaksesi kotiisi levollista tunnelmaa.","rel":"","context":"Samankaltainen artikkeli","block_context":{"text":"Samankaltainen artikkeli","link":""},"img":{"alt_text":"","src":"https:\/\/i0.wp.com\/puuhamari.fi\/wp-content\/uploads\/2022\/03\/Fusion_Mineral_Paint_Little_Whale_pint-b-scaled.jpg?fit=1200%2C1200&ssl=1&resize=350%2C200","width":350,"height":200,"srcset":"https:\/\/i0.wp.com\/puuhamari.fi\/wp-content\/uploads\/2022\/03\/Fusion_Mineral_Paint_Little_Whale_pint-b-scaled.jpg?fit=1200%2C1200&ssl=1&resize=350%2C200 1x, https:\/\/i0.wp.com\/puuhamari.fi\/wp-content\/uploads\/2022\/03\/Fusion_Mineral_Paint_Little_Whale_pint-b-scaled.jpg?fit=1200%2C1200&ssl=1&resize=525%2C300 1.5x, https:\/\/i0.wp.com\/puuhamari.fi\/wp-content\/uploads\/2022\/03\/Fusion_Mineral_Paint_Little_Whale_pint-b-scaled.jpg?fit=1200%2C1200&ssl=1&resize=700%2C400 2x, https:\/\/i0.wp.com\/puuhamari.fi\/wp-content\/uploads\/2022\/03\/Fusion_Mineral_Paint_Little_Whale_pint-b-scaled.jpg?fit=1200%2C1200&ssl=1&resize=1050%2C600 3x"},"classes":[]},{"id":2731,"url":"https:\/\/puuhamari.fi\/?product=little-lamb","url_meta":{"origin":5160,"position":4},"title":"Little Lamb","author":"PuuhaMari","date":"2 maaliskuun, 2022","format":false,"excerpt":"Innostu harmaasta t\u00e4m\u00e4n pehme\u00e4n neutraalin s\u00e4vyn kautta, joka tuo perinteikkyytt\u00e4 mihin tahansa tee-se-itse -projektiin. Se on eritt\u00e4in monik\u00e4ytt\u00f6inen s\u00e4vy ja sopeutuu kaikkiin Fusion-v\u00e4reihin, joten voit my\u00f6s k\u00e4ytt\u00e4\u00e4 sit\u00e4 miss\u00e4 tahansa v\u00e4riyhdistelmiss\u00e4.","rel":"","context":"With 1 comment","block_context":{"text":"With 1 comment","link":"https:\/\/puuhamari.fi\/?product=little-lamb#comments"},"img":{"alt_text":"","src":"https:\/\/i0.wp.com\/puuhamari.fi\/wp-content\/uploads\/2022\/03\/fusion_mineral_paint-littlelamb-pint-B.jpg?fit=1200%2C1200&ssl=1&resize=350%2C200","width":350,"height":200,"srcset":"https:\/\/i0.wp.com\/puuhamari.fi\/wp-content\/uploads\/2022\/03\/fusion_mineral_paint-littlelamb-pint-B.jpg?fit=1200%2C1200&ssl=1&resize=350%2C200 1x, https:\/\/i0.wp.com\/puuhamari.fi\/wp-content\/uploads\/2022\/03\/fusion_mineral_paint-littlelamb-pint-B.jpg?fit=1200%2C1200&ssl=1&resize=525%2C300 1.5x, https:\/\/i0.wp.com\/puuhamari.fi\/wp-content\/uploads\/2022\/03\/fusion_mineral_paint-littlelamb-pint-B.jpg?fit=1200%2C1200&ssl=1&resize=700%2C400 2x, https:\/\/i0.wp.com\/puuhamari.fi\/wp-content\/uploads\/2022\/03\/fusion_mineral_paint-littlelamb-pint-B.jpg?fit=1200%2C1200&ssl=1&resize=1050%2C600 3x"},"classes":[]},{"id":3472,"url":"https:\/\/puuhamari.fi\/?product=little-teapot","url_meta":{"origin":5160,"position":5},"title":"Little Teapot","author":"PuuhaMari","date":"24 toukokuun, 2022","format":false,"excerpt":"Pehme\u00e4n raikas, pastellin vaalea turkoosi. T\u00e4ll\u00e4 vihert\u00e4v\u00e4n sinisell\u00e4, iloisella s\u00e4vyll\u00e4 tuot v\u00e4ri\u00e4 ja raikkautta sek\u00e4 lastenhuoneeseen ja leikkim\u00f6kkiin, ett\u00e4 keitti\u00f6\u00f6n ja eteiseenkin. Puhumattakaan siit\u00e4, miten monissa (koriste)esineiss\u00e4 ja kalusteissa t\u00e4m\u00e4 pirtsakka v\u00e4ri toisi el\u00e4m\u00e4\u00e4 puutarhaan tai parvekkeellesi! Helppo yhdist\u00e4\u00e4 muihin vaaleisiin s\u00e4vyihin, esim. kellert\u00e4viin, valkoisiin ja sinisiin.","rel":"","context":"Samankaltainen artikkeli","block_context":{"text":"Samankaltainen artikkeli","link":""},"img":{"alt_text":"","src":"https:\/\/i0.wp.com\/puuhamari.fi\/wp-content\/uploads\/2022\/05\/fusion_mineral_paint-littleteapot-pint-B.jpg?fit=1200%2C1200&ssl=1&resize=350%2C200","width":350,"height":200,"srcset":"https:\/\/i0.wp.com\/puuhamari.fi\/wp-content\/uploads\/2022\/05\/fusion_mineral_paint-littleteapot-pint-B.jpg?fit=1200%2C1200&ssl=1&resize=350%2C200 1x, https:\/\/i0.wp.com\/puuhamari.fi\/wp-content\/uploads\/2022\/05\/fusion_mineral_paint-littleteapot-pint-B.jpg?fit=1200%2C1200&ssl=1&resize=525%2C300 1.5x, https:\/\/i0.wp.com\/puuhamari.fi\/wp-content\/uploads\/2022\/05\/fusion_mineral_paint-littleteapot-pint-B.jpg?fit=1200%2C1200&ssl=1&resize=700%2C400 2x, https:\/\/i0.wp.com\/puuhamari.fi\/wp-content\/uploads\/2022\/05\/fusion_mineral_paint-littleteapot-pint-B.jpg?fit=1200%2C1200&ssl=1&resize=1050%2C600 3x"},"classes":[]}],"_links":{"self":[{"href":"https:\/\/puuhamari.fi\/index.php?rest_route=\/wp\/v2\/product\/5160","targetHints":{"allow":["GET"]}}],"collection":[{"href":"https:\/\/puuhamari.fi\/index.php?rest_route=\/wp\/v2\/product"}],"about":[{"href":"https:\/\/puuhamari.fi\/index.php?rest_route=\/wp\/v2\/types\/product"}],"replies":[{"embeddable":true,"href":"https:\/\/puuhamari.fi\/index.php?rest_route=%2Fwp%2Fv2%2Fcomments&post=5160"}],"version-history":[{"count":2,"href":"https:\/\/puuhamari.fi\/index.php?rest_route=\/wp\/v2\/product\/5160\/revisions"}],"predecessor-version":[{"id":9808,"href":"https:\/\/puuhamari.fi\/index.php?rest_route=\/wp\/v2\/product\/5160\/revisions\/9808"}],"wp:featuredmedia":[{"embeddable":true,"href":"https:\/\/puuhamari.fi\/index.php?rest_route=\/wp\/v2\/media\/5161"}],"wp:attachment":[{"href":"https:\/\/puuhamari.fi\/index.php?rest_route=%2Fwp%2Fv2%2Fmedia&parent=5160"}],"wp:term":[{"taxonomy":"product_brand","embeddable":true,"href":"https:\/\/puuhamari.fi\/index.php?rest_route=%2Fwp%2Fv2%2Fproduct_brand&post=5160"},{"taxonomy":"product_cat","embeddable":true,"href":"https:\/\/puuhamari.fi\/index.php?rest_route=%2Fwp%2Fv2%2Fproduct_cat&post=5160"},{"taxonomy":"product_tag","embeddable":true,"href":"https:\/\/puuhamari.fi\/index.php?rest_route=%2Fwp%2Fv2%2Fproduct_tag&post=5160"}],"curies":[{"name":"wp","href":"https:\/\/api.w.org\/{rel}","templated":true}]}}