{"id":5170,"date":"2023-03-17T17:12:01","date_gmt":"2023-03-17T17:12:01","guid":{"rendered":"https:\/\/puuhamari.fi\/?post_type=product&#038;p=5170"},"modified":"2026-03-18T18:35:53","modified_gmt":"2026-03-18T16:35:53","slug":"upper-canada","status":"publish","type":"product","link":"https:\/\/puuhamari.fi\/?product=upper-canada","title":{"rendered":"Upper Canada"},"content":{"rendered":"<p>Fusion\u2122 maalien kuvaus: <a href=\"https:\/\/puuhamari.fi\/?p=5842\" target=\"_blank\" rel=\"noopener\">lue t\u00e4\u00e4lt\u00e4.<\/a><\/p>\n","protected":false},"excerpt":{"rendered":"<p>Ihanan raikas, n\u00e4ytt\u00e4v\u00e4 pistaasinvihre\u00e4. T\u00e4ss\u00e4 hieman murretussa suloisessa s\u00e4vyss\u00e4 on ripaus rohkeaa keltaista. Se on aristelematon, omanarvontuntoinen s\u00e4vy, joka sointuu kauniisti yhteen esimerkiksi kirkkaanvalkoisen, murretun keltaisen, ja murrettujen beigen s\u00e4vyjen kanssa. Mutta jos haluat kunnon s\u00e4pin\u00e4\u00e4 ymp\u00e4rillesi, maalaa vaikka keitti\u00f6tuolit t\u00e4ll\u00e4, <a href=\"https:\/\/puuhamari.fi\/?product=azure\">Azurella<\/a>, <a href=\"https:\/\/puuhamari.fi\/?product=little-star\">Little Star<\/a> -keltaisella, sek\u00e4 hottihotti <a href=\"https:\/\/puuhamari.fi\/?product=cureiously-pink\">CUREiously Pink<\/a>:ill\u00e4!<\/p>\n<p><a href=\"https:\/\/puuhamari.fi\/?product=casement\" target=\"_blank\" rel=\"noopener\">Casement<\/a> on sille eritt\u00e4in puhdas, raikas pari<br \/>\n<a href=\"https:\/\/puuhamari.fi\/?product=champlain\" target=\"_blank\" rel=\"noopener\">Champlain<\/a> taas tyyni, rauhallinen yhdistelm\u00e4.<\/p>\n","protected":false},"author":1,"featured_media":5171,"comment_status":"open","ping_status":"closed","template":"","meta":{"advgb_blocks_editor_width":"","advgb_blocks_columns_visual_guide":"","advanced_seo_description":"","jetpack_seo_html_title":"","jetpack_seo_noindex":false,"_kad_post_transparent":"default","_kad_post_title":"","_kad_post_layout":"default","_kad_post_sidebar_id":"","_kad_post_content_style":"default","_kad_post_vertical_padding":"default","_kad_post_feature":"","_kad_post_feature_position":"","_kad_post_header":false,"_kad_post_footer":false,"_kad_post_classname":"","jetpack_post_was_ever_published":false},"product_brand":[],"product_cat":[309],"product_tag":[450,509,1274,552,1275,508,554,555,208],"class_list":{"0":"post-5170","1":"product","2":"type-product","3":"status-publish","4":"has-post-thumbnail","6":"product_cat-fusion-mineraalimaalit","7":"product_tag-fusion","8":"product_tag-fusion-mineral-paint","9":"product_tag-kalustemaali","10":"product_tag-kirkas","11":"product_tag-maali","12":"product_tag-mineraalimaali","13":"product_tag-pistaasi","14":"product_tag-upper-canada","15":"product_tag-vihrea","17":"first","18":"instock","19":"taxable","20":"shipping-taxable","21":"purchasable","22":"product-type-variable","23":"entry","24":"content-bg","25":"loop-entry"},"featured_img":"https:\/\/puuhamari.fi\/wp-content\/uploads\/2023\/03\/fusion_mineral_paint-uppercanadagreen-pint-B.jpg","coauthors":[],"author_meta":{"author_link":"https:\/\/puuhamari.fi\/?author=1","display_name":"PuuhaMari"},"relative_dates":{"created":"Julkaistu 3 vuotta sitten","modified":"P\u00e4ivitetty 1 kuukausi sitten"},"absolute_dates":{"created":"Julkaistu 17 maaliskuun, 2023","modified":"P\u00e4ivitetty 18 maaliskuun, 2026"},"absolute_dates_time":{"created":"Julkaistu 17 maaliskuun, 2023 5:12 pm","modified":"P\u00e4ivitetty 18 maaliskuun, 2026 6:35 pm"},"featured_img_caption":"","tax_additional":{"product_brand":{"linked":[],"unlinked":[],"slug":"product_brand","name":"Br\u00e4ndit"},"product_type":{"linked":["<a href=\"https:\/\/puuhamari.fi\/?taxonomy=product_type&#038;term=variable\" class=\"advgb-post-tax-term\">variable<\/a>"],"unlinked":["<span class=\"advgb-post-tax-term\">variable<\/span>"],"slug":"product_type","name":"Tuotetyyppi"},"product_visibility":{"linked":[],"unlinked":[],"slug":"product_visibility","name":"Tuotteen n\u00e4kyvyys"},"product_cat":{"linked":["<a href=\"https:\/\/puuhamari.fi\/?product_cat=fusion-mineraalimaalit\" class=\"advgb-post-tax-term\">Fusion mineraalimaalit<\/a>"],"unlinked":["<span class=\"advgb-post-tax-term\">Fusion mineraalimaalit<\/span>"],"slug":"product_cat","name":"Osastot"},"product_tag":{"linked":["<a href=\"https:\/\/puuhamari.fi\/?product_tag=fusion\" class=\"advgb-post-tax-term\">Fusion<\/a>","<a href=\"https:\/\/puuhamari.fi\/?product_tag=fusion-mineral-paint\" class=\"advgb-post-tax-term\">Fusion Mineral Paint<\/a>","<a href=\"https:\/\/puuhamari.fi\/?product_tag=kalustemaali\" class=\"advgb-post-tax-term\">kalustemaali<\/a>","<a href=\"https:\/\/puuhamari.fi\/?product_tag=kirkas\" class=\"advgb-post-tax-term\">Kirkas<\/a>","<a href=\"https:\/\/puuhamari.fi\/?product_tag=maali\" class=\"advgb-post-tax-term\">maali<\/a>","<a href=\"https:\/\/puuhamari.fi\/?product_tag=mineraalimaali\" class=\"advgb-post-tax-term\">Mineraalimaali<\/a>","<a href=\"https:\/\/puuhamari.fi\/?product_tag=pistaasi\" class=\"advgb-post-tax-term\">Pistaasi<\/a>","<a href=\"https:\/\/puuhamari.fi\/?product_tag=upper-canada\" class=\"advgb-post-tax-term\">Upper Canada<\/a>","<a href=\"https:\/\/puuhamari.fi\/?product_tag=vihrea\" class=\"advgb-post-tax-term\">vihre\u00e4<\/a>"],"unlinked":["<span class=\"advgb-post-tax-term\">Fusion<\/span>","<span class=\"advgb-post-tax-term\">Fusion Mineral Paint<\/span>","<span class=\"advgb-post-tax-term\">kalustemaali<\/span>","<span class=\"advgb-post-tax-term\">Kirkas<\/span>","<span class=\"advgb-post-tax-term\">maali<\/span>","<span class=\"advgb-post-tax-term\">Mineraalimaali<\/span>","<span class=\"advgb-post-tax-term\">Pistaasi<\/span>","<span class=\"advgb-post-tax-term\">Upper Canada<\/span>","<span class=\"advgb-post-tax-term\">vihre\u00e4<\/span>"],"slug":"product_tag","name":"Avainsanat tuotteelle"},"product_shipping_class":{"linked":[],"unlinked":[],"slug":"product_shipping_class","name":"Tuotteen toimitusluokat"},"pos_product_visibility":{"linked":[],"unlinked":[],"slug":"pos_product_visibility","name":"POS Product visibility"},"pa_arkin-koko":{"linked":[],"unlinked":[],"slug":"pa_arkin-koko","name":"Tuote Arkin koko"},"pa_hiomatyynyn-karkeus":{"linked":[],"unlinked":[],"slug":"pa_hiomatyynyn-karkeus","name":"Tuote Hiomatyynyn karkeus"},"pa_kehys":{"linked":[],"unlinked":[],"slug":"pa_kehys","name":"Tuote Kehys"},"pa_kuvion-nro":{"linked":[],"unlinked":[],"slug":"pa_kuvion-nro","name":"Tuote Kuvion nro"},"pa_littean-pensselin-koko":{"linked":[],"unlinked":[],"slug":"pa_littean-pensselin-koko","name":"Tuote Litte\u00e4n pensselin koko"},"pa_maalivari":{"linked":[],"unlinked":[],"slug":"pa_maalivari","name":"Tuote Maaliv\u00e4ri"},"pa_palatapettien-lkm":{"linked":[],"unlinked":[],"slug":"pa_palatapettien-lkm","name":"Tuote Palatapettien lkm"},"pa_purkin-koko":{"linked":["<a href=\"https:\/\/puuhamari.fi\/?taxonomy=pa_purkin-koko&#038;term=37-ml\" class=\"advgb-post-tax-term\">37 ml<\/a>","<a href=\"https:\/\/puuhamari.fi\/?taxonomy=pa_purkin-koko&#038;term=500-ml\" class=\"advgb-post-tax-term\">500 ml<\/a>"],"unlinked":["<span class=\"advgb-post-tax-term\">37 ml<\/span>","<span class=\"advgb-post-tax-term\">500 ml<\/span>"],"slug":"pa_purkin-koko","name":"Tuote Purkin koko"},"pa_sapluunan-koko":{"linked":[],"unlinked":[],"slug":"pa_sapluunan-koko","name":"Tuote Sapluunan koko"},"pa_tabletti":{"linked":[],"unlinked":[],"slug":"pa_tabletti","name":"Tuote Tabletti"},"pa_valitse-sisalto":{"linked":[],"unlinked":[],"slug":"pa_valitse-sisalto","name":"Tuote Valitse sis\u00e4lt\u00f6"},"pa_varjostin":{"linked":[],"unlinked":[],"slug":"pa_varjostin","name":"Tuote Varjostin"}},"series_order":"","jetpack_sharing_enabled":true,"jetpack_likes_enabled":true,"jetpack-related-posts":[{"id":4365,"url":"https:\/\/puuhamari.fi\/?product=conservatory","url_meta":{"origin":5170,"position":0},"title":"Conservatory","author":"PuuhaMari","date":"18 hein\u00e4kuun, 2022","format":false,"excerpt":"Kuten sen nimikin viittaa, t\u00e4m\u00e4 raikas keskivihre\u00e4 s\u00e4vy on ylitsevuotavan runsas \u2013 kuin luonto\u00e4iti itse. T\u00e4ss\u00e4 sinulle v\u00e4ri joka on yht\u00e4 aikaa sek\u00e4 klassinen ett\u00e4 inspiroiva v\u00e4rinpirskahdus mihin tahansa tilaan.","rel":"","context":"Samankaltainen artikkeli","block_context":{"text":"Samankaltainen artikkeli","link":""},"img":{"alt_text":"","src":"https:\/\/i0.wp.com\/puuhamari.fi\/wp-content\/uploads\/2022\/07\/fusion_mineral_paint-conservatory-pint-b.jpg?fit=1200%2C1200&ssl=1&resize=350%2C200","width":350,"height":200,"srcset":"https:\/\/i0.wp.com\/puuhamari.fi\/wp-content\/uploads\/2022\/07\/fusion_mineral_paint-conservatory-pint-b.jpg?fit=1200%2C1200&ssl=1&resize=350%2C200 1x, https:\/\/i0.wp.com\/puuhamari.fi\/wp-content\/uploads\/2022\/07\/fusion_mineral_paint-conservatory-pint-b.jpg?fit=1200%2C1200&ssl=1&resize=525%2C300 1.5x, https:\/\/i0.wp.com\/puuhamari.fi\/wp-content\/uploads\/2022\/07\/fusion_mineral_paint-conservatory-pint-b.jpg?fit=1200%2C1200&ssl=1&resize=700%2C400 2x, https:\/\/i0.wp.com\/puuhamari.fi\/wp-content\/uploads\/2022\/07\/fusion_mineral_paint-conservatory-pint-b.jpg?fit=1200%2C1200&ssl=1&resize=1050%2C600 3x"},"classes":[]},{"id":3472,"url":"https:\/\/puuhamari.fi\/?product=little-teapot","url_meta":{"origin":5170,"position":1},"title":"Little Teapot","author":"PuuhaMari","date":"24 toukokuun, 2022","format":false,"excerpt":"Pehme\u00e4n raikas, pastellin vaalea turkoosi. T\u00e4ll\u00e4 vihert\u00e4v\u00e4n sinisell\u00e4, iloisella s\u00e4vyll\u00e4 tuot v\u00e4ri\u00e4 ja raikkautta sek\u00e4 lastenhuoneeseen ja leikkim\u00f6kkiin, ett\u00e4 keitti\u00f6\u00f6n ja eteiseenkin. Puhumattakaan siit\u00e4, miten monissa (koriste)esineiss\u00e4 ja kalusteissa t\u00e4m\u00e4 pirtsakka v\u00e4ri toisi el\u00e4m\u00e4\u00e4 puutarhaan tai parvekkeellesi! Helppo yhdist\u00e4\u00e4 muihin vaaleisiin s\u00e4vyihin, esim. kellert\u00e4viin, valkoisiin ja sinisiin.","rel":"","context":"Samankaltainen artikkeli","block_context":{"text":"Samankaltainen artikkeli","link":""},"img":{"alt_text":"","src":"https:\/\/i0.wp.com\/puuhamari.fi\/wp-content\/uploads\/2022\/05\/fusion_mineral_paint-littleteapot-pint-B.jpg?fit=1200%2C1200&ssl=1&resize=350%2C200","width":350,"height":200,"srcset":"https:\/\/i0.wp.com\/puuhamari.fi\/wp-content\/uploads\/2022\/05\/fusion_mineral_paint-littleteapot-pint-B.jpg?fit=1200%2C1200&ssl=1&resize=350%2C200 1x, https:\/\/i0.wp.com\/puuhamari.fi\/wp-content\/uploads\/2022\/05\/fusion_mineral_paint-littleteapot-pint-B.jpg?fit=1200%2C1200&ssl=1&resize=525%2C300 1.5x, https:\/\/i0.wp.com\/puuhamari.fi\/wp-content\/uploads\/2022\/05\/fusion_mineral_paint-littleteapot-pint-B.jpg?fit=1200%2C1200&ssl=1&resize=700%2C400 2x, https:\/\/i0.wp.com\/puuhamari.fi\/wp-content\/uploads\/2022\/05\/fusion_mineral_paint-littleteapot-pint-B.jpg?fit=1200%2C1200&ssl=1&resize=1050%2C600 3x"},"classes":[]},{"id":2787,"url":"https:\/\/puuhamari.fi\/?product=peony","url_meta":{"origin":5170,"position":2},"title":"Peony","author":"PuuhaMari","date":"2 maaliskuun, 2022","format":false,"excerpt":"T\u00e4m\u00e4 vaaleanpunaisen s\u00e4vy oli asiakkaiden suosikki, kun he saivat \u00e4\u00e4nest\u00e4\u00e4 v\u00e4rej\u00e4 t\u00e4ydent\u00e4m\u00e4\u00e4n Fusion-v\u00e4rikarttaa. Se on pehme\u00e4 ja raikas vaaleanpunainen, joka tuo huoneisiisi tuulahduksen puutarhan pionipenkist\u00e4... Ainakin PuuhaTarhan \"Sarah Bearnhart\"-pioni hempeilee ja tuoksuu juuri t\u00e4m\u00e4n s\u00e4vyisen\u00e4 vuodesta toiseen!","rel":"","context":"With 3 comments","block_context":{"text":"With 3 comments","link":"https:\/\/puuhamari.fi\/?product=peony#comments"},"img":{"alt_text":"","src":"https:\/\/i0.wp.com\/puuhamari.fi\/wp-content\/uploads\/2022\/03\/PEONY-640x960-b.jpg?fit=614%2C614&ssl=1&resize=350%2C200","width":350,"height":200,"srcset":"https:\/\/i0.wp.com\/puuhamari.fi\/wp-content\/uploads\/2022\/03\/PEONY-640x960-b.jpg?fit=614%2C614&ssl=1&resize=350%2C200 1x, https:\/\/i0.wp.com\/puuhamari.fi\/wp-content\/uploads\/2022\/03\/PEONY-640x960-b.jpg?fit=614%2C614&ssl=1&resize=525%2C300 1.5x"},"classes":[]},{"id":6253,"url":"https:\/\/puuhamari.fi\/?product=parchment","url_meta":{"origin":5170,"position":3},"title":"Parchment","author":"PuuhaMari","date":"17 kes\u00e4kuun, 2023","format":false,"excerpt":"Miellytt\u00e4v\u00e4tk\u00f6 luonnonvalkoiset s\u00e4vyt sinua, mutta harmittelet sit\u00e4, ett\u00e4 ne niin usein vivahtavat liikaa keltaiseen? T\u00e4ss\u00e4 sinulle t\u00e4ydellinen s\u00e4vy: t\u00e4m\u00e4n \"pergamentinvalkoisen\" pohjana on itseasiassa k\u00e4ytetty pehme\u00e4nkauniita harmaan s\u00e4vyj\u00e4.","rel":"","context":"Samankaltainen artikkeli","block_context":{"text":"Samankaltainen artikkeli","link":""},"img":{"alt_text":"","src":"https:\/\/i0.wp.com\/puuhamari.fi\/wp-content\/uploads\/2023\/06\/Parchment-pint.jpg?fit=1200%2C1010&ssl=1&resize=350%2C200","width":350,"height":200,"srcset":"https:\/\/i0.wp.com\/puuhamari.fi\/wp-content\/uploads\/2023\/06\/Parchment-pint.jpg?fit=1200%2C1010&ssl=1&resize=350%2C200 1x, https:\/\/i0.wp.com\/puuhamari.fi\/wp-content\/uploads\/2023\/06\/Parchment-pint.jpg?fit=1200%2C1010&ssl=1&resize=525%2C300 1.5x, https:\/\/i0.wp.com\/puuhamari.fi\/wp-content\/uploads\/2023\/06\/Parchment-pint.jpg?fit=1200%2C1010&ssl=1&resize=700%2C400 2x, https:\/\/i0.wp.com\/puuhamari.fi\/wp-content\/uploads\/2023\/06\/Parchment-pint.jpg?fit=1200%2C1010&ssl=1&resize=1050%2C600 3x"},"classes":[]},{"id":10137,"url":"https:\/\/puuhamari.fi\/?product=snowdrop","url_meta":{"origin":5170,"position":4},"title":"Snowdrop","author":"PuuhaMari","date":"11 syyskuun, 2025","format":false,"excerpt":"Nyt meill\u00e4 on tarjota oikeasti kirkas valkoinen, jolla kuitenkin on erinomainen peitt\u00e4vyys! Snowdropin nimi tarkoittaa lumikello -kukkaa (Galanthus): herkk\u00e4\u00e4 ja viatonta kev\u00e4\u00e4n airutta. Sen hillitty ja ajaton eleganssi onkin ollut inspiraationa t\u00e4m\u00e4n puhtaan raikkaan, neutraalin s\u00e4vyn kehitt\u00e4misess\u00e4. Ihastuttava, sanoo PuuhaMari!","rel":"","context":"Samankaltainen artikkeli","block_context":{"text":"Samankaltainen artikkeli","link":""},"img":{"alt_text":"","src":"https:\/\/i0.wp.com\/puuhamari.fi\/wp-content\/uploads\/2025\/09\/fusion_mineral_paint-snowdrop-pint-b.jpg?fit=1200%2C1200&ssl=1&resize=350%2C200","width":350,"height":200,"srcset":"https:\/\/i0.wp.com\/puuhamari.fi\/wp-content\/uploads\/2025\/09\/fusion_mineral_paint-snowdrop-pint-b.jpg?fit=1200%2C1200&ssl=1&resize=350%2C200 1x, https:\/\/i0.wp.com\/puuhamari.fi\/wp-content\/uploads\/2025\/09\/fusion_mineral_paint-snowdrop-pint-b.jpg?fit=1200%2C1200&ssl=1&resize=525%2C300 1.5x, https:\/\/i0.wp.com\/puuhamari.fi\/wp-content\/uploads\/2025\/09\/fusion_mineral_paint-snowdrop-pint-b.jpg?fit=1200%2C1200&ssl=1&resize=700%2C400 2x, https:\/\/i0.wp.com\/puuhamari.fi\/wp-content\/uploads\/2025\/09\/fusion_mineral_paint-snowdrop-pint-b.jpg?fit=1200%2C1200&ssl=1&resize=1050%2C600 3x"},"classes":[]},{"id":4854,"url":"https:\/\/puuhamari.fi\/?product=keltaisella-savytetyt","url_meta":{"origin":5170,"position":5},"title":"Keltaisella s\u00e4vytetyt","author":"PuuhaMari","date":"21 syyskuun, 2022","format":false,"excerpt":"Kaikki s\u00e4vyvertailut ovat PuuhaMarin kokoamia, eiv\u00e4tk\u00e4 ne ole myynniss\u00e4. Ne on laadittu helpottamaan valintaa kahden toisiaan l\u00e4hell\u00e4 olevan v\u00e4rin v\u00e4lill\u00e4 silloin, kun et p\u00e4\u00e4se fyysisesti Putiikin verstasmyym\u00e4l\u00e4\u00e4n Porissa. Samat s\u00e4vyt on aseteltu sek\u00e4 valkoiselle, ett\u00e4 mustalle pohjalle. T\u00e4ll\u00e4 tavoin sinun on helpompi n\u00e4hd\u00e4 mieless\u00e4si, miten n\u00e4iden v\u00e4rien luonne riippuu hieman\u2026","rel":"","context":"Samankaltainen artikkeli","block_context":{"text":"Samankaltainen artikkeli","link":""},"img":{"alt_text":"","src":"https:\/\/i0.wp.com\/puuhamari.fi\/wp-content\/uploads\/2022\/10\/2023-Keltaiset-valk-tausta-B.png?fit=1200%2C1200&ssl=1&resize=350%2C200","width":350,"height":200,"srcset":"https:\/\/i0.wp.com\/puuhamari.fi\/wp-content\/uploads\/2022\/10\/2023-Keltaiset-valk-tausta-B.png?fit=1200%2C1200&ssl=1&resize=350%2C200 1x, https:\/\/i0.wp.com\/puuhamari.fi\/wp-content\/uploads\/2022\/10\/2023-Keltaiset-valk-tausta-B.png?fit=1200%2C1200&ssl=1&resize=525%2C300 1.5x, https:\/\/i0.wp.com\/puuhamari.fi\/wp-content\/uploads\/2022\/10\/2023-Keltaiset-valk-tausta-B.png?fit=1200%2C1200&ssl=1&resize=700%2C400 2x, https:\/\/i0.wp.com\/puuhamari.fi\/wp-content\/uploads\/2022\/10\/2023-Keltaiset-valk-tausta-B.png?fit=1200%2C1200&ssl=1&resize=1050%2C600 3x"},"classes":[]}],"_links":{"self":[{"href":"https:\/\/puuhamari.fi\/index.php?rest_route=\/wp\/v2\/product\/5170","targetHints":{"allow":["GET"]}}],"collection":[{"href":"https:\/\/puuhamari.fi\/index.php?rest_route=\/wp\/v2\/product"}],"about":[{"href":"https:\/\/puuhamari.fi\/index.php?rest_route=\/wp\/v2\/types\/product"}],"replies":[{"embeddable":true,"href":"https:\/\/puuhamari.fi\/index.php?rest_route=%2Fwp%2Fv2%2Fcomments&post=5170"}],"version-history":[{"count":3,"href":"https:\/\/puuhamari.fi\/index.php?rest_route=\/wp\/v2\/product\/5170\/revisions"}],"predecessor-version":[{"id":10098,"href":"https:\/\/puuhamari.fi\/index.php?rest_route=\/wp\/v2\/product\/5170\/revisions\/10098"}],"wp:featuredmedia":[{"embeddable":true,"href":"https:\/\/puuhamari.fi\/index.php?rest_route=\/wp\/v2\/media\/5171"}],"wp:attachment":[{"href":"https:\/\/puuhamari.fi\/index.php?rest_route=%2Fwp%2Fv2%2Fmedia&parent=5170"}],"wp:term":[{"taxonomy":"product_brand","embeddable":true,"href":"https:\/\/puuhamari.fi\/index.php?rest_route=%2Fwp%2Fv2%2Fproduct_brand&post=5170"},{"taxonomy":"product_cat","embeddable":true,"href":"https:\/\/puuhamari.fi\/index.php?rest_route=%2Fwp%2Fv2%2Fproduct_cat&post=5170"},{"taxonomy":"product_tag","embeddable":true,"href":"https:\/\/puuhamari.fi\/index.php?rest_route=%2Fwp%2Fv2%2Fproduct_tag&post=5170"}],"curies":[{"name":"wp","href":"https:\/\/api.w.org\/{rel}","templated":true}]}}