{"id":5243,"date":"2023-03-18T15:05:28","date_gmt":"2023-03-18T15:05:28","guid":{"rendered":"https:\/\/puuhamari.fi\/?post_type=product&#038;p=5243"},"modified":"2026-01-29T11:53:38","modified_gmt":"2026-01-29T09:53:38","slug":"hemp-oil-hampunsiemenoljy","status":"publish","type":"product","link":"https:\/\/puuhamari.fi\/?product=hemp-oil-hampunsiemenoljy","title":{"rendered":"Hemp Oil &#8211; hampunsiemen\u00f6ljy"},"content":{"rendered":"<table width=\"100%\">\n<tbody>\n<tr>\n<td style=\"width: 30.4628%;\">Levitysty\u00f6kalu<\/td>\n<td style=\"width: 64.5372%;\">\n<table width=\"100%\">\n<tbody>\n<tr>\n<td>Pensseli, nukkaamaton liina.<\/td>\n<\/tr>\n<\/tbody>\n<\/table>\n<\/td>\n<\/tr>\n<tr>\n<td style=\"width: 30.4628%;\">Sijainti<\/td>\n<td style=\"width: 64.5372%;\">\u00a0Sis\u00e4lle\/ulos<\/td>\n<\/tr>\n<tr>\n<td style=\"width: 30.4628%;\">Uudelleenk\u00e4sittely<\/td>\n<td style=\"width: 64.5372%;\">Tarpeen mukaan \u2013 jos puu n\u00e4ytt\u00e4\u00e4 kuivalta,\u00a0 levit\u00e4 lis\u00e4\u00e4.<\/td>\n<\/tr>\n<tr>\n<td style=\"width: 30.4628%;\">Kuivumisaika<\/td>\n<td style=\"width: 64.5372%;\">\u00a01 &#8211; 14 p\u00e4iv\u00e4\u00e4<\/td>\n<\/tr>\n<tr>\n<td style=\"width: 30.4628%;\">Pinta voidaan viimeistell\u00e4<\/td>\n<td style=\"width: 64.5372%;\">Vahalla, Stain &amp; Finishing Oil:lla, Gel Stain:ll\u00e4 tai Tung Oil:lla voidaan lis\u00e4t\u00e4 kest\u00e4vyytt\u00e4. Jos pinta on k\u00e4sitelty erityisen suurella m\u00e4\u00e4r\u00e4ll\u00e4 hampunsiemen\u00f6ljy\u00e4, ohenna sit\u00e4 Odorless Solvent:lla ennen Gel Stain &amp; Top Coat:lla viimeistely\u00e4.<\/td>\n<\/tr>\n<tr>\n<td style=\"width: 30.4628%;\">Poistoaine<\/td>\n<td style=\"width: 64.5372%;\">\u00a0Odourless Solvent\u00a0 kaikille pinnoille. K\u00e4sist\u00e4 poistamiseen riitt\u00e4\u00e4 vesi ja mieto saippua.<\/td>\n<\/tr>\n<tr>\n<td style=\"width: 30.4628%;\">Riittoisuus<\/td>\n<td style=\"width: 64.5372%;\">\u00a0Katso tarkemmin pullosta. Pienikin m\u00e4\u00e4r\u00e4 riitt\u00e4\u00e4 pitk\u00e4lle &#8211; menekki riippuu puulajista ja siit\u00e4 kuinka kuivaa\/vanhaa se on.<\/td>\n<\/tr>\n<tr>\n<td style=\"width: 30.4628%;\">Viimeistely\/kiilto<\/td>\n<td style=\"width: 64.5372%;\">Matasta korkeaan kiiltoon.\u00a0 Jokainen lis\u00e4tty kerros ja hankaaminen lis\u00e4\u00e4 kiiltoa.<\/td>\n<\/tr>\n<tr>\n<td style=\"width: 30.4628%;\">Suositellut kohteet<\/td>\n<td style=\"width: 64.5372%;\">Ruuanvalmistukseen tarkoitetut pinnat kuten leikkuulaudat, kunnostettu puu ja maitomaalilla maalatut pinnat.<\/td>\n<\/tr>\n<tr>\n<td style=\"width: 30.4628%;\">Voi levitt\u00e4\u00e4<\/td>\n<td style=\"width: 64.5372%;\">Kaikkien vesi- tai \u00f6ljypohjaisten pinnotteiden p\u00e4\u00e4lle esimerkiksi hohtoa lis\u00e4\u00e4m\u00e4\u00e4n. Huomaa, ett\u00e4 hamppu\u00f6ljy ei anna kohteen pinnalle lis\u00e4\u00e4 varsinaista kest\u00e4vyytt\u00e4.<\/td>\n<\/tr>\n<tr>\n<td style=\"width: 30.4628%;\">Voi ylimaalata<\/td>\n<td style=\"width: 64.5372%;\">\u00a0Mahdollista kovettumisajan j\u00e4lkeen.<\/td>\n<\/tr>\n<tr>\n<td style=\"width: 30.4628%;\">Miten valmistella<\/td>\n<td style=\"width: 64.5372%;\">Halutun ilmi\u00f6n saamiseksi leevit\u00e4 mink\u00e4 tahansa pinnan tai viimeistelypinnoitteen p\u00e4\u00e4lle &#8211; PAITSI VAHAN.<\/td>\n<\/tr>\n<tr>\n<td style=\"width: 30.4628%;\">Kovettumisaika<\/td>\n<td style=\"width: 64.5372%;\">\u00a014-30 p\u00e4iv\u00e4\u00e4<\/td>\n<\/tr>\n<tr>\n<td style=\"width: 30.4628%;\">Kunnossapito\/<br \/>\npuhdistus<\/td>\n<td style=\"width: 64.5372%;\">\n<table width=\"100%\">\n<tbody>\n<tr>\n<td>Vain miedoilla pesuaineilla. Vahvat aineet heikent\u00e4v\u00e4t luonnon\u00f6ljyn suojaavia ominaisuuksia.<\/td>\n<\/tr>\n<\/tbody>\n<\/table>\n<\/td>\n<\/tr>\n<\/tbody>\n<\/table>\n<p><b><br \/>\nEdut:<\/b><\/p>\n<ul>\n<li>Turvallinen elintarvikkeille<\/li>\n<li>Ei kemikaaleja<\/li>\n<li>Ei lis\u00e4aineita tai s\u00e4il\u00f6nt\u00e4aineita<\/li>\n<li>Ei haihtuvia orgaanisia yhdisteit\u00e4 (VOC)<\/li>\n<li>Biologisesti hajoava<\/li>\n<li>100% luonnollisista hampunsiemenist\u00e4<\/li>\n<\/ul>\n","protected":false},"excerpt":{"rendered":"<p>100% luonnollinen hamppu\u00f6ljy on kuin nestem\u00e4ist\u00e4 kultaa &#8211; superhelppo levitt\u00e4\u00e4 ja samalla se hoitaa k\u00e4siesi ihoa! Kaada tai penssel\u00f6i \u00f6ljy kohteeseen, ja pyyhi ylim\u00e4\u00e4r\u00e4inen m\u00e4\u00e4r\u00e4 pois nukkaamattomalla liinalla.<\/p>\n<p>Hamppu\u00f6ljy elvytt\u00e4\u00e4, hoitaa ja suojaa puuta, ja antaa sille kauniin luonnollisen viimeistelyn. Siit\u00e4 hy\u00f6tyv\u00e4t sek\u00e4 raa&#8217;at, ett\u00e4 kunnostettavat puupinnat, ja se tekee kunkin puulajin<em> omasta v\u00e4rist\u00e4<\/em> intensiivisemm\u00e4n. Mit\u00e4 vanhempaa puuta, sit\u00e4 enemm\u00e4n se imee itseens\u00e4 \u00f6ljy\u00e4, ja sit\u00e4 kauniimman tummaksi puu muuttuu. Jos ep\u00e4r\u00f6it, kokeile ensin pikkum\u00e4\u00e4r\u00e4\u00e4 johonkin n\u00e4kym\u00e4tt\u00f6m\u00e4\u00e4n kohtaan.<\/p>\n<p>Sopii leikkuulautoihin, muihin puisiin keitti\u00f6ty\u00f6kaluihin &#8211; jopa lautalattioihin. Hampunsiemen\u00f6ljy eroaa ruokakauppasi \u00f6ljyist\u00e4 siin\u00e4, ett\u00e4 siihen ei ole lis\u00e4tty liuottimia eik\u00e4 kemiallisia, kuivumista edist\u00e4vi\u00e4 aineita. Niinp\u00e4 hamppu\u00f6ljy ei h\u00e4rskiinny ruoka\u00f6ljyjen tavoin! Pisteen\u00e4 ii:n p\u00e4\u00e4lle Fusionin hampunsiemen\u00f6ljyn tuoksu muistuttaa hieman murskatun saksanp\u00e4hkin\u00e4n tuoksua&#8230;<\/p>\n<p><em><strong>Tarvittaessa PuuhaMari voi tilata Kanadasta my\u00f6s suurempia pakkauksia: 1 gallona (n. 3,8 litraa) tai 5 gallonaa (n. 19 litraa)!<\/strong><\/em><\/p>\n<p>K\u00e4ytt\u00f6ohjeita alla, kohdassa &#8220;Kuvaus.&#8221;<\/p>\n[video width=\"1080\" height=\"1920\" mp4=\"https:\/\/puuhamari.fi\/wp-content\/uploads\/2023\/03\/Hemp-Oil-Reel.mp4\"][\/video]\n","protected":false},"author":1,"featured_media":9143,"comment_status":"open","ping_status":"closed","template":"","meta":{"advgb_blocks_editor_width":"","advgb_blocks_columns_visual_guide":"","advanced_seo_description":"","jetpack_seo_html_title":"","jetpack_seo_noindex":false,"_kad_post_transparent":"default","_kad_post_title":"","_kad_post_layout":"default","_kad_post_sidebar_id":"","_kad_post_content_style":"default","_kad_post_vertical_padding":"default","_kad_post_feature":"","_kad_post_feature_position":"","_kad_post_header":false,"_kad_post_footer":false,"_kad_post_classname":"","jetpack_post_was_ever_published":false},"product_brand":[],"product_cat":[310],"product_tag":[562,563,561,564,565,329],"class_list":{"0":"post-5243","1":"product","2":"type-product","3":"status-publish","4":"has-post-thumbnail","6":"product_cat-muut-fusion-valmisteet","7":"product_tag-hamppu","8":"product_tag-hampunsiemen","9":"product_tag-hemp-oil","10":"product_tag-oljy","11":"product_tag-suojaoljy","12":"product_tag-viimeistelypinnoite","14":"first","15":"instock","16":"taxable","17":"shipping-taxable","18":"purchasable","19":"product-type-variable","20":"entry","21":"content-bg","22":"loop-entry"},"featured_img":"https:\/\/puuhamari.fi\/wp-content\/uploads\/2024\/10\/hempoil-b.jpg","coauthors":[],"author_meta":{"author_link":"https:\/\/puuhamari.fi\/?author=1","display_name":"PuuhaMari"},"relative_dates":{"created":"Julkaistu 3 vuotta sitten","modified":"P\u00e4ivitetty 3 kuukautta sitten"},"absolute_dates":{"created":"Julkaistu 18 maaliskuun, 2023","modified":"P\u00e4ivitetty 29 tammikuun, 2026"},"absolute_dates_time":{"created":"Julkaistu 18 maaliskuun, 2023 3:05 pm","modified":"P\u00e4ivitetty 29 tammikuun, 2026 11:53 am"},"featured_img_caption":"","tax_additional":{"product_brand":{"linked":[],"unlinked":[],"slug":"product_brand","name":"Br\u00e4ndit"},"product_type":{"linked":["<a href=\"https:\/\/puuhamari.fi\/?taxonomy=product_type&#038;term=variable\" class=\"advgb-post-tax-term\">variable<\/a>"],"unlinked":["<span class=\"advgb-post-tax-term\">variable<\/span>"],"slug":"product_type","name":"Tuotetyyppi"},"product_visibility":{"linked":[],"unlinked":[],"slug":"product_visibility","name":"Tuotteen n\u00e4kyvyys"},"product_cat":{"linked":["<a href=\"https:\/\/puuhamari.fi\/?product_cat=muut-fusion-valmisteet\" class=\"advgb-post-tax-term\">Muut Fusion-valmisteet<\/a>"],"unlinked":["<span class=\"advgb-post-tax-term\">Muut Fusion-valmisteet<\/span>"],"slug":"product_cat","name":"Osastot"},"product_tag":{"linked":["<a href=\"https:\/\/puuhamari.fi\/?product_tag=hamppu\" class=\"advgb-post-tax-term\">Hamppu<\/a>","<a href=\"https:\/\/puuhamari.fi\/?product_tag=hampunsiemen\" class=\"advgb-post-tax-term\">Hampunsiemen<\/a>","<a href=\"https:\/\/puuhamari.fi\/?product_tag=hemp-oil\" class=\"advgb-post-tax-term\">Hemp Oil<\/a>","<a href=\"https:\/\/puuhamari.fi\/?product_tag=oljy\" class=\"advgb-post-tax-term\">\u00d6ljy<\/a>","<a href=\"https:\/\/puuhamari.fi\/?product_tag=suojaoljy\" class=\"advgb-post-tax-term\">Suoja\u00f6ljy<\/a>","<a href=\"https:\/\/puuhamari.fi\/?product_tag=viimeistelypinnoite\" class=\"advgb-post-tax-term\">Viimeistelypinnoite<\/a>"],"unlinked":["<span class=\"advgb-post-tax-term\">Hamppu<\/span>","<span class=\"advgb-post-tax-term\">Hampunsiemen<\/span>","<span class=\"advgb-post-tax-term\">Hemp Oil<\/span>","<span class=\"advgb-post-tax-term\">\u00d6ljy<\/span>","<span class=\"advgb-post-tax-term\">Suoja\u00f6ljy<\/span>","<span class=\"advgb-post-tax-term\">Viimeistelypinnoite<\/span>"],"slug":"product_tag","name":"Avainsanat tuotteelle"},"product_shipping_class":{"linked":[],"unlinked":[],"slug":"product_shipping_class","name":"Tuotteen toimitusluokat"},"pos_product_visibility":{"linked":[],"unlinked":[],"slug":"pos_product_visibility","name":"POS Product visibility"},"pa_arkin-koko":{"linked":[],"unlinked":[],"slug":"pa_arkin-koko","name":"Tuote Arkin koko"},"pa_hiomatyynyn-karkeus":{"linked":[],"unlinked":[],"slug":"pa_hiomatyynyn-karkeus","name":"Tuote Hiomatyynyn karkeus"},"pa_kehys":{"linked":[],"unlinked":[],"slug":"pa_kehys","name":"Tuote Kehys"},"pa_kuvion-nro":{"linked":[],"unlinked":[],"slug":"pa_kuvion-nro","name":"Tuote Kuvion nro"},"pa_littean-pensselin-koko":{"linked":[],"unlinked":[],"slug":"pa_littean-pensselin-koko","name":"Tuote Litte\u00e4n pensselin koko"},"pa_maalivari":{"linked":[],"unlinked":[],"slug":"pa_maalivari","name":"Tuote Maaliv\u00e4ri"},"pa_palatapettien-lkm":{"linked":[],"unlinked":[],"slug":"pa_palatapettien-lkm","name":"Tuote Palatapettien lkm"},"pa_purkin-koko":{"linked":["<a href=\"https:\/\/puuhamari.fi\/?taxonomy=pa_purkin-koko&#038;term=250-ml\" class=\"advgb-post-tax-term\">250 ml<\/a>","<a href=\"https:\/\/puuhamari.fi\/?taxonomy=pa_purkin-koko&#038;term=500-ml\" class=\"advgb-post-tax-term\">500 ml<\/a>"],"unlinked":["<span class=\"advgb-post-tax-term\">250 ml<\/span>","<span class=\"advgb-post-tax-term\">500 ml<\/span>"],"slug":"pa_purkin-koko","name":"Tuote Purkin koko"},"pa_sapluunan-koko":{"linked":[],"unlinked":[],"slug":"pa_sapluunan-koko","name":"Tuote Sapluunan koko"},"pa_tabletti":{"linked":[],"unlinked":[],"slug":"pa_tabletti","name":"Tuote Tabletti"},"pa_valitse-sisalto":{"linked":[],"unlinked":[],"slug":"pa_valitse-sisalto","name":"Tuote Valitse sis\u00e4lt\u00f6"},"pa_varjostin":{"linked":[],"unlinked":[],"slug":"pa_varjostin","name":"Tuote Varjostin"}},"series_order":"","jetpack_sharing_enabled":true,"jetpack_likes_enabled":true,"jetpack-related-posts":[{"id":3263,"url":"https:\/\/puuhamari.fi\/?product=beeswax-mehilaisvaha","url_meta":{"origin":5243,"position":0},"title":"Beeswax\/Hemp Finish &#8211; mehil\u00e4isvaha","author":"PuuhaMari","date":"3 toukokuun, 2022","format":false,"excerpt":"Seuraavaa er\u00e4\u00e4 odotetaan saapuvaksi tiistaina 15.7.2025!\u00a0 T\u00e4m\u00e4 mehil\u00e4isvaha on kehitetty nimenomaan osaksi Fusion tuoteperhett\u00e4, ja se sis\u00e4lt\u00e4\u00e4 vain puhdasta mehil\u00e4isvahaa ja hippusen hampunsiemen\u00f6ljy\u00e4. Se on elintarviketurvallinen, t\u00e4ysin luonnollinen tuote, joka muodostaa pehme\u00e4n, satiininsile\u00e4n pinnan. Ja se pysyy kauniina pitk\u00e4\u00e4n! Voit laittaa mehil\u00e4isvahaa Fusion Mineral Paintin\u2122 p\u00e4\u00e4lle, kun haluat kalusteelle kaunista\u2026","rel":"","context":"Samankaltainen artikkeli","block_context":{"text":"Samankaltainen artikkeli","link":""},"img":{"alt_text":"","src":"https:\/\/i0.wp.com\/puuhamari.fi\/wp-content\/uploads\/2022\/05\/fusion_mineral_paint-beeswaxfinish-B.jpg?fit=1200%2C1200&ssl=1&resize=350%2C200","width":350,"height":200,"srcset":"https:\/\/i0.wp.com\/puuhamari.fi\/wp-content\/uploads\/2022\/05\/fusion_mineral_paint-beeswaxfinish-B.jpg?fit=1200%2C1200&ssl=1&resize=350%2C200 1x, https:\/\/i0.wp.com\/puuhamari.fi\/wp-content\/uploads\/2022\/05\/fusion_mineral_paint-beeswaxfinish-B.jpg?fit=1200%2C1200&ssl=1&resize=525%2C300 1.5x, https:\/\/i0.wp.com\/puuhamari.fi\/wp-content\/uploads\/2022\/05\/fusion_mineral_paint-beeswaxfinish-B.jpg?fit=1200%2C1200&ssl=1&resize=700%2C400 2x, https:\/\/i0.wp.com\/puuhamari.fi\/wp-content\/uploads\/2022\/05\/fusion_mineral_paint-beeswaxfinish-B.jpg?fit=1200%2C1200&ssl=1&resize=1050%2C600 3x"},"classes":[]},{"id":3227,"url":"https:\/\/puuhamari.fi\/?product=tsp-alternative-pesuaine","url_meta":{"origin":5243,"position":1},"title":"TSP Alternative -pesuaine","author":"PuuhaMari","date":"18 huhtikuun, 2022","format":false,"excerpt":"TIIVISTE. Sekoita 2 korkillista (=2 tl) 1 litraan vett\u00e4. Saat tehokasta pesuainetta jopa 25 litraa! TSP Alternative on vesiliukoinen rasvanpoistoaine, jolla puhdistat perusteellisesti kalusteet ja muut pinnat ennen niiden maalaamista. T\u00e4m\u00e4 biohajoava ja silti eritt\u00e4in tehokas puhdistusaine pesee pois \u00f6ljyn, rasvan, sormenj\u00e4ljet, tahrat ja muun lian. Eik\u00e4 sit\u00e4 tarvitse edes\u2026","rel":"","context":"Samankaltainen artikkeli","block_context":{"text":"Samankaltainen artikkeli","link":""},"img":{"alt_text":"","src":"https:\/\/i0.wp.com\/puuhamari.fi\/wp-content\/uploads\/2022\/04\/TSP-updated2-B-scaled.jpg?fit=1200%2C1192&ssl=1&resize=350%2C200","width":350,"height":200,"srcset":"https:\/\/i0.wp.com\/puuhamari.fi\/wp-content\/uploads\/2022\/04\/TSP-updated2-B-scaled.jpg?fit=1200%2C1192&ssl=1&resize=350%2C200 1x, https:\/\/i0.wp.com\/puuhamari.fi\/wp-content\/uploads\/2022\/04\/TSP-updated2-B-scaled.jpg?fit=1200%2C1192&ssl=1&resize=525%2C300 1.5x, https:\/\/i0.wp.com\/puuhamari.fi\/wp-content\/uploads\/2022\/04\/TSP-updated2-B-scaled.jpg?fit=1200%2C1192&ssl=1&resize=700%2C400 2x, https:\/\/i0.wp.com\/puuhamari.fi\/wp-content\/uploads\/2022\/04\/TSP-updated2-B-scaled.jpg?fit=1200%2C1192&ssl=1&resize=1050%2C600 3x"},"classes":[]},{"id":3225,"url":"https:\/\/puuhamari.fi\/?product=tough-coat-pinnoite-kiiltava","url_meta":{"origin":5243,"position":2},"title":"Tough Coat -pinnoite, KIILT\u00c4V\u00c4","author":"PuuhaMari","date":"18 huhtikuun, 2022","format":false,"excerpt":"(Matta Tough Coat l\u00f6ytyy t\u00e4m\u00e4n linkin kautta.) Vesiliukoinen, KIILT\u00c4V\u00c4N pinnan j\u00e4tt\u00e4v\u00e4 Tough Coat -viimeistelyaine ei kellastu ajan my\u00f6t\u00e4. Se toimii mainiosti kaikkialla miss\u00e4 tarvitset ylim\u00e4\u00e4r\u00e4isi\u00e4 kerroksia suojaamaan pintoja paljolta kulutukselta ja hankaukselta (esim. p\u00f6yt\u00e4pinnat). Levit\u00e4 aine puhtaalla pesusienell\u00e4, niin kalusteeseen ei j\u00e4\u00e4 siveltimenj\u00e4lki\u00e4, ja saan kauniisti kiilt\u00e4v\u00e4n pinnan. HUOM! (Editoitu\u2026","rel":"","context":"Samankaltainen artikkeli","block_context":{"text":"Samankaltainen artikkeli","link":""},"img":{"alt_text":"","src":"https:\/\/i0.wp.com\/puuhamari.fi\/wp-content\/uploads\/2022\/04\/008-Tough_Coat_Gloss_HR_220308_0412-b.jpg?fit=1200%2C1200&ssl=1&resize=350%2C200","width":350,"height":200,"srcset":"https:\/\/i0.wp.com\/puuhamari.fi\/wp-content\/uploads\/2022\/04\/008-Tough_Coat_Gloss_HR_220308_0412-b.jpg?fit=1200%2C1200&ssl=1&resize=350%2C200 1x, https:\/\/i0.wp.com\/puuhamari.fi\/wp-content\/uploads\/2022\/04\/008-Tough_Coat_Gloss_HR_220308_0412-b.jpg?fit=1200%2C1200&ssl=1&resize=525%2C300 1.5x, https:\/\/i0.wp.com\/puuhamari.fi\/wp-content\/uploads\/2022\/04\/008-Tough_Coat_Gloss_HR_220308_0412-b.jpg?fit=1200%2C1200&ssl=1&resize=700%2C400 2x, https:\/\/i0.wp.com\/puuhamari.fi\/wp-content\/uploads\/2022\/04\/008-Tough_Coat_Gloss_HR_220308_0412-b.jpg?fit=1200%2C1200&ssl=1&resize=1050%2C600 3x"},"classes":[]},{"id":8916,"url":"https:\/\/puuhamari.fi\/?product=alkeiskurssi-kalustemaalaus","url_meta":{"origin":5243,"position":3},"title":"Alkeiskurssi &#8211; kalustemaalaus","author":"PuuhaMari","date":"12 syyskuun, 2024","format":false,"excerpt":"Seuraavan alkeiskurssin ajankohta: Tiedustelut PuuhaMarilta nrosta 050-541 6919. Paikka: PuuhaMarin Putiikki, Pori Kesto: n. 2 h\/pv\u00e4 (la+su), yhteens\u00e4 n. 4 h Ryhm\u00e4koko: max. 4 henke\u00e4 Tuo mukanasi jokin pieni kaluste (esim. jakkara, y\u00f6p\u00f6yt\u00e4, CD-hyllykk\u00f6), jonka tuunaat viikonlopun aikana. Se saa olla mit\u00e4 tahansa materiaalia; puuta, kalustelevy\u00e4, metallia tai jopa muovia.\u2026","rel":"","context":"Samankaltainen artikkeli","block_context":{"text":"Samankaltainen artikkeli","link":""},"img":{"alt_text":"","src":"https:\/\/i0.wp.com\/puuhamari.fi\/wp-content\/uploads\/2024\/09\/Alkeiskurssi.png?fit=1080%2C1080&ssl=1&resize=350%2C200","width":350,"height":200,"srcset":"https:\/\/i0.wp.com\/puuhamari.fi\/wp-content\/uploads\/2024\/09\/Alkeiskurssi.png?fit=1080%2C1080&ssl=1&resize=350%2C200 1x, https:\/\/i0.wp.com\/puuhamari.fi\/wp-content\/uploads\/2024\/09\/Alkeiskurssi.png?fit=1080%2C1080&ssl=1&resize=525%2C300 1.5x, https:\/\/i0.wp.com\/puuhamari.fi\/wp-content\/uploads\/2024\/09\/Alkeiskurssi.png?fit=1080%2C1080&ssl=1&resize=700%2C400 2x, https:\/\/i0.wp.com\/puuhamari.fi\/wp-content\/uploads\/2024\/09\/Alkeiskurssi.png?fit=1080%2C1080&ssl=1&resize=1050%2C600 3x"},"classes":[]},{"id":9876,"url":"https:\/\/puuhamari.fi\/?product=furniture-wax-clear","url_meta":{"origin":5243,"position":4},"title":"Kalustevaha &#8211; v\u00e4rit\u00f6n","author":"PuuhaMari","date":"15 hein\u00e4kuun, 2025","format":false,"excerpt":"Fusionin huonekaluvaha levittyy pehme\u00e4sti kuin voi j\u00e4tt\u00e4en huonekaluihin kauniin kiillon! Se perustuu 40 vuotta vanhaan perhereseptiin. Se on pehme\u00e4 ja sile\u00e4, helppo levitt\u00e4\u00e4 ja antaa kest\u00e4v\u00e4n lopputuloksen. Se on my\u00f6s k\u00e4yt\u00e4nn\u00f6ss\u00e4 hajuton ilman vahvoja kemikaaleja. Levit\u00e4 ohuelti, tasoita\/kiillota nukkaamattomalla liinalla. Vaha saavuttaa lopullisen kovuutensa 30 p\u00e4iv\u00e4ss\u00e4. Kalustevahan riittoisuuteen vaikuttaa luonnollisesti\u2026","rel":"","context":"Samankaltainen artikkeli","block_context":{"text":"Samankaltainen artikkeli","link":""},"img":{"alt_text":"","src":"https:\/\/i0.wp.com\/puuhamari.fi\/wp-content\/uploads\/2025\/07\/wax-clear-pair-200g-B.jpg?fit=1200%2C1200&ssl=1&resize=350%2C200","width":350,"height":200,"srcset":"https:\/\/i0.wp.com\/puuhamari.fi\/wp-content\/uploads\/2025\/07\/wax-clear-pair-200g-B.jpg?fit=1200%2C1200&ssl=1&resize=350%2C200 1x, https:\/\/i0.wp.com\/puuhamari.fi\/wp-content\/uploads\/2025\/07\/wax-clear-pair-200g-B.jpg?fit=1200%2C1200&ssl=1&resize=525%2C300 1.5x, https:\/\/i0.wp.com\/puuhamari.fi\/wp-content\/uploads\/2025\/07\/wax-clear-pair-200g-B.jpg?fit=1200%2C1200&ssl=1&resize=700%2C400 2x, https:\/\/i0.wp.com\/puuhamari.fi\/wp-content\/uploads\/2025\/07\/wax-clear-pair-200g-B.jpg?fit=1200%2C1200&ssl=1&resize=1050%2C600 3x"},"classes":[]},{"id":8749,"url":"https:\/\/puuhamari.fi\/?product=lakan-ja-maalinpoistoaine","url_meta":{"origin":5243,"position":5},"title":"Lakan- ja maalinpoistoaine","author":"PuuhaMari","date":"29 elokuun, 2024","format":false,"excerpt":"T\u00e4m\u00e4 poikkeuksellisen turvallinen, tehokas ja helppok\u00e4ytt\u00f6inen lakan- ja maalinpoistoaine... Ei pistelev\u00e4\u00e4 tuoksua Voidaan k\u00e4ytt\u00e4\u00e4 sis\u00e4tiloissa Voidaan k\u00e4ytt\u00e4\u00e4 ilman suojak\u00e4sineit\u00e4 ja hengityssuojia Vaikutusaika keskim\u00e4\u00e4rin 30-45 min. K\u00e4ytt\u00f6kohteina huonekalut, ty\u00f6tasot, lattiat, sein\u00e4t, ovet, karmit ja listat - kaikki lakatut ja maalatut puupinnat sis\u00e4ll\u00e4 ja ulkona. Polyvinen lakan- ja maalinpoistoaineella on kysynt\u00e4\u00e4 sek\u00e4\u2026","rel":"","context":"Samankaltainen artikkeli","block_context":{"text":"Samankaltainen artikkeli","link":""},"img":{"alt_text":"","src":"https:\/\/i0.wp.com\/puuhamari.fi\/wp-content\/uploads\/2024\/08\/Polyvine-Varnish-and-Paint-Remover.png?fit=749%2C750&ssl=1&resize=350%2C200","width":350,"height":200,"srcset":"https:\/\/i0.wp.com\/puuhamari.fi\/wp-content\/uploads\/2024\/08\/Polyvine-Varnish-and-Paint-Remover.png?fit=749%2C750&ssl=1&resize=350%2C200 1x, https:\/\/i0.wp.com\/puuhamari.fi\/wp-content\/uploads\/2024\/08\/Polyvine-Varnish-and-Paint-Remover.png?fit=749%2C750&ssl=1&resize=525%2C300 1.5x, https:\/\/i0.wp.com\/puuhamari.fi\/wp-content\/uploads\/2024\/08\/Polyvine-Varnish-and-Paint-Remover.png?fit=749%2C750&ssl=1&resize=700%2C400 2x"},"classes":[]}],"_links":{"self":[{"href":"https:\/\/puuhamari.fi\/index.php?rest_route=\/wp\/v2\/product\/5243","targetHints":{"allow":["GET"]}}],"collection":[{"href":"https:\/\/puuhamari.fi\/index.php?rest_route=\/wp\/v2\/product"}],"about":[{"href":"https:\/\/puuhamari.fi\/index.php?rest_route=\/wp\/v2\/types\/product"}],"replies":[{"embeddable":true,"href":"https:\/\/puuhamari.fi\/index.php?rest_route=%2Fwp%2Fv2%2Fcomments&post=5243"}],"version-history":[{"count":3,"href":"https:\/\/puuhamari.fi\/index.php?rest_route=\/wp\/v2\/product\/5243\/revisions"}],"predecessor-version":[{"id":8530,"href":"https:\/\/puuhamari.fi\/index.php?rest_route=\/wp\/v2\/product\/5243\/revisions\/8530"}],"wp:featuredmedia":[{"embeddable":true,"href":"https:\/\/puuhamari.fi\/index.php?rest_route=\/wp\/v2\/media\/9143"}],"wp:attachment":[{"href":"https:\/\/puuhamari.fi\/index.php?rest_route=%2Fwp%2Fv2%2Fmedia&parent=5243"}],"wp:term":[{"taxonomy":"product_brand","embeddable":true,"href":"https:\/\/puuhamari.fi\/index.php?rest_route=%2Fwp%2Fv2%2Fproduct_brand&post=5243"},{"taxonomy":"product_cat","embeddable":true,"href":"https:\/\/puuhamari.fi\/index.php?rest_route=%2Fwp%2Fv2%2Fproduct_cat&post=5243"},{"taxonomy":"product_tag","embeddable":true,"href":"https:\/\/puuhamari.fi\/index.php?rest_route=%2Fwp%2Fv2%2Fproduct_tag&post=5243"}],"curies":[{"name":"wp","href":"https:\/\/api.w.org\/{rel}","templated":true}]}}