{"id":5264,"date":"2023-03-18T18:09:30","date_gmt":"2023-03-18T18:09:30","guid":{"rendered":"https:\/\/puuhamari.fi\/?post_type=product&#038;p=5264"},"modified":"2026-01-28T15:17:04","modified_gmt":"2026-01-28T13:17:04","slug":"extender-maalin-avoinnaolon-pidentaja","status":"publish","type":"product","link":"https:\/\/puuhamari.fi\/?product=extender-maalin-avoinnaolon-pidentaja","title":{"rendered":"Extender &#8211; maalin avoinnaolon pident\u00e4j\u00e4"},"content":{"rendered":"<table style=\"font-family: var(--global-body-font-family);\" width=\"100%\">\n<tbody>\n<tr>\n<td style=\"width: 30.4628%;\">Tarvittava ty\u00f6kalu<\/td>\n<td style=\"width: 64.5372%;\">\u00a0Lis\u00e4\u00e4 maaliin tippoja suoraan pullosta<\/td>\n<\/tr>\n<tr>\n<td style=\"width: 30.4628%;\">Sijainti<\/td>\n<td style=\"width: 64.5372%;\">\u00a0Sis\u00e4lle\/ulos<\/td>\n<\/tr>\n<tr>\n<td style=\"width: 30.4628%;\">Maalattujen kerrosten<br \/>\nv\u00e4l. kuivumisaika<\/td>\n<td style=\"width: 64.5372%;\">\u00a02-12 h<\/td>\n<\/tr>\n<tr>\n<td style=\"width: 30.4628%;\"><\/td>\n<td style=\"width: 64.5372%;\"><\/td>\n<\/tr>\n<tr>\n<td style=\"width: 30.4628%;\">Puhdistus<\/td>\n<td style=\"width: 64.5372%;\">\u00a0Vedell\u00e4<\/td>\n<\/tr>\n<tr>\n<td style=\"width: 30.4628%;\">Riittoisuus<\/td>\n<td style=\"width: 64.5372%;\">\u00a0Yksi pullo riitt\u00e4\u00e4 n. 4 purkkiin Fusion Mineral Paint:i\u00e4<\/td>\n<\/tr>\n<tr>\n<td style=\"width: 30.4628%;\">K\u00e4ytt\u00f6tarkoitukset<\/td>\n<td style=\"width: 64.5372%;\">\u00a0Lis\u00e4\u00e4m\u00e4\u00e4n vesipohjaisten akryylimaalien avoinnaoloaikaa. V\u00e4hent\u00e4m\u00e4\u00e4n pensselinj\u00e4lki\u00e4 my\u00f6s vesipohjaista Tough Coat -viimeistelyainetta k\u00e4ytett\u00e4ess\u00e4.<\/td>\n<\/tr>\n<\/tbody>\n<\/table>\n<p><span style=\"font-family: var(--global-body-font-family);\"><strong>Edut:<\/strong><\/span><\/p>\n<ul>\n<li>Tekee vesipohjaisista maaleista juoksevampia<\/li>\n<li>V\u00e4hent\u00e4\u00e4 siveltimen\/telan j\u00e4lki\u00e4<\/li>\n<li>V\u00e4hent\u00e4\u00e4 maaliruiskujen kulumista<\/li>\n<li>Mahtava apu v\u00e4rien h\u00e4ivytyksess\u00e4<\/li>\n<li>Myrkyt\u00f6n, hajuton<\/li>\n<\/ul>\n","protected":false},"excerpt":{"rendered":"<p>Tied\u00e4th\u00e4n silm\u00e4tipat, jotka kosteuttavat ja liukastavat silmi\u00e4? Extender on &#8220;silm\u00e4tippoja maalillesi.&#8221;<\/p>\n<p>Kun haluat pident\u00e4\u00e4 maalin nk. avoinnaoloaikaa (eli aikaa jonka sis\u00e4ll\u00e4 maali on kostean notkeaa, ja tottelee pensselin ohjausta).<br \/>\n<span style=\"font-family: var(--global-body-font-family);\">Kun tarvitset apua siveltimenj\u00e4lkien minimoimisessa.<br \/>\nEsim. runsaasti Mica-pigmenttej\u00e4 sis\u00e4lt\u00e4vien metallimaalien kanssa.<\/span><\/p>\n<p>Kuiva ja\/tai l\u00e4mmin maalausilma saattaa j\u00e4ykist\u00e4\u00e4 maalin liian nopeasti, mutta t\u00e4m\u00e4 ainutlaatuisen n\u00e4pp\u00e4r\u00e4, vesipohjainen ja t\u00e4ysin myrkyt\u00f6n tuote on luotettava apulaisesi!<\/p>\n<p>Lis\u00e4\u00e4 Extenderi\u00e4 maalipurkkiin tipoittain, kunnes maalisi tuntuu v\u00e4h\u00e4n notkeammalta. VARO laittamasta liikaa; ainehan kirjaimellisesti\u00a0<em><span style=\"font-family: var(--global-body-font-family);\">pident\u00e4\u00e4 maalisi kuivumisaikaa<\/span><\/em><span style=\"font-family: var(--global-body-font-family);\"><em>!<\/em>\u00a0 <span class=\"x1xsqp64 xiy17q3 x1o6pynw x19co3pv xdj266r xcwd3tp xat24cr x39eecv x2b8uid\" data-testid=\"emoji\"><span class=\"xexx8yu xn5pp95 x18d9i69 x2fxd7x x1yqt14a x1bhl96m\">\ud83d\ude01<\/span><\/span>\u00a0500 ml:n Fusion-purkk<\/span><span style=\"font-family: var(--global-body-font-family);\">iin riitt\u00e4nee noin 15 ml, eli ruokalusikallinen. Ehdoton maksimim\u00e4\u00e4r\u00e4 Extenderi\u00e4 on 10% maalin m\u00e4\u00e4r\u00e4st\u00e4. Kuivumis- ja kovettumisajan nyt pidentyess\u00e4, tuplaa maalikerrosten v\u00e4liss\u00e4 kuivumiselle antamasi aika noin 4 tuntiin.<\/span><\/p>\n<p>K\u00e4ytt\u00f6ohjeita alla, kohdassa \u201cKuvaus.\u201d<\/p>\n[video width=\"608\" height=\"1080\" mp4=\"https:\/\/puuhamari.fi\/wp-content\/uploads\/2023\/03\/Extender-video-30-sec.HD-1080p-7.2Mbps.mp4\"][\/video]\n","protected":false},"author":1,"featured_media":5266,"comment_status":"open","ping_status":"closed","template":"","meta":{"advgb_blocks_editor_width":"","advgb_blocks_columns_visual_guide":"","advanced_seo_description":"","jetpack_seo_html_title":"","jetpack_seo_noindex":false,"_kad_post_transparent":"default","_kad_post_title":"","_kad_post_layout":"default","_kad_post_sidebar_id":"","_kad_post_content_style":"default","_kad_post_vertical_padding":"default","_kad_post_feature":"","_kad_post_feature_position":"","_kad_post_header":false,"_kad_post_footer":false,"_kad_post_classname":"","jetpack_post_was_ever_published":false},"product_brand":[],"product_cat":[310],"product_tag":[570,568,569,567],"class_list":{"0":"post-5264","1":"product","2":"type-product","3":"status-publish","4":"has-post-thumbnail","6":"product_cat-muut-fusion-valmisteet","7":"product_tag-avoinnaolon-pidentaja","8":"product_tag-extender","9":"product_tag-maalin-avoinnaolo","10":"product_tag-paint-extender","12":"first","13":"instock","14":"taxable","15":"shipping-taxable","16":"purchasable","17":"product-type-simple","18":"entry","19":"content-bg","20":"loop-entry"},"featured_img":"https:\/\/puuhamari.fi\/wp-content\/uploads\/2023\/03\/Extender-White-HiRes-B.jpg","coauthors":[],"author_meta":{"author_link":"https:\/\/puuhamari.fi\/?author=1","display_name":"PuuhaMari"},"relative_dates":{"created":"Julkaistu 3 vuotta sitten","modified":"P\u00e4ivitetty 3 kuukautta sitten"},"absolute_dates":{"created":"Julkaistu 18 maaliskuun, 2023","modified":"P\u00e4ivitetty 28 tammikuun, 2026"},"absolute_dates_time":{"created":"Julkaistu 18 maaliskuun, 2023 6:09 pm","modified":"P\u00e4ivitetty 28 tammikuun, 2026 3:17 pm"},"featured_img_caption":"","tax_additional":{"product_brand":{"linked":[],"unlinked":[],"slug":"product_brand","name":"Br\u00e4ndit"},"product_type":{"linked":["<a href=\"https:\/\/puuhamari.fi\/?taxonomy=product_type&#038;term=simple\" class=\"advgb-post-tax-term\">simple<\/a>"],"unlinked":["<span class=\"advgb-post-tax-term\">simple<\/span>"],"slug":"product_type","name":"Tuotetyyppi"},"product_visibility":{"linked":[],"unlinked":[],"slug":"product_visibility","name":"Tuotteen n\u00e4kyvyys"},"product_cat":{"linked":["<a href=\"https:\/\/puuhamari.fi\/?product_cat=muut-fusion-valmisteet\" class=\"advgb-post-tax-term\">Muut Fusion-valmisteet<\/a>"],"unlinked":["<span class=\"advgb-post-tax-term\">Muut Fusion-valmisteet<\/span>"],"slug":"product_cat","name":"Osastot"},"product_tag":{"linked":["<a href=\"https:\/\/puuhamari.fi\/?product_tag=avoinnaolon-pidentaja\" class=\"advgb-post-tax-term\">Avoinnaolon pident\u00e4j\u00e4<\/a>","<a href=\"https:\/\/puuhamari.fi\/?product_tag=extender\" class=\"advgb-post-tax-term\">Extender<\/a>","<a href=\"https:\/\/puuhamari.fi\/?product_tag=maalin-avoinnaolo\" class=\"advgb-post-tax-term\">Maalin avoinnaolo<\/a>","<a href=\"https:\/\/puuhamari.fi\/?product_tag=paint-extender\" class=\"advgb-post-tax-term\">Paint Extender<\/a>"],"unlinked":["<span class=\"advgb-post-tax-term\">Avoinnaolon pident\u00e4j\u00e4<\/span>","<span class=\"advgb-post-tax-term\">Extender<\/span>","<span class=\"advgb-post-tax-term\">Maalin avoinnaolo<\/span>","<span class=\"advgb-post-tax-term\">Paint Extender<\/span>"],"slug":"product_tag","name":"Avainsanat tuotteelle"},"product_shipping_class":{"linked":[],"unlinked":[],"slug":"product_shipping_class","name":"Tuotteen toimitusluokat"},"pos_product_visibility":{"linked":[],"unlinked":[],"slug":"pos_product_visibility","name":"POS Product visibility"},"pa_arkin-koko":{"linked":[],"unlinked":[],"slug":"pa_arkin-koko","name":"Tuote Arkin koko"},"pa_hiomatyynyn-karkeus":{"linked":[],"unlinked":[],"slug":"pa_hiomatyynyn-karkeus","name":"Tuote Hiomatyynyn karkeus"},"pa_kehys":{"linked":[],"unlinked":[],"slug":"pa_kehys","name":"Tuote Kehys"},"pa_kuvion-nro":{"linked":[],"unlinked":[],"slug":"pa_kuvion-nro","name":"Tuote Kuvion nro"},"pa_littean-pensselin-koko":{"linked":[],"unlinked":[],"slug":"pa_littean-pensselin-koko","name":"Tuote Litte\u00e4n pensselin koko"},"pa_maalivari":{"linked":[],"unlinked":[],"slug":"pa_maalivari","name":"Tuote Maaliv\u00e4ri"},"pa_palatapettien-lkm":{"linked":[],"unlinked":[],"slug":"pa_palatapettien-lkm","name":"Tuote Palatapettien lkm"},"pa_purkin-koko":{"linked":["<a href=\"https:\/\/puuhamari.fi\/?taxonomy=pa_purkin-koko&#038;term=60-ml\" class=\"advgb-post-tax-term\">60 ml<\/a>"],"unlinked":["<span class=\"advgb-post-tax-term\">60 ml<\/span>"],"slug":"pa_purkin-koko","name":"Tuote Purkin koko"},"pa_sapluunan-koko":{"linked":[],"unlinked":[],"slug":"pa_sapluunan-koko","name":"Tuote Sapluunan koko"},"pa_tabletti":{"linked":[],"unlinked":[],"slug":"pa_tabletti","name":"Tuote Tabletti"},"pa_valitse-sisalto":{"linked":[],"unlinked":[],"slug":"pa_valitse-sisalto","name":"Tuote Valitse sis\u00e4lt\u00f6"},"pa_varjostin":{"linked":[],"unlinked":[],"slug":"pa_varjostin","name":"Tuote Varjostin"}},"series_order":"","jetpack_sharing_enabled":true,"jetpack_likes_enabled":true,"jetpack-related-posts":[{"id":3227,"url":"https:\/\/puuhamari.fi\/?product=tsp-alternative-pesuaine","url_meta":{"origin":5264,"position":0},"title":"TSP Alternative -pesuaine","author":"PuuhaMari","date":"18 huhtikuun, 2022","format":false,"excerpt":"TIIVISTE. Sekoita 2 korkillista (=2 tl) 1 litraan vett\u00e4. Saat tehokasta pesuainetta jopa 25 litraa! TSP Alternative on vesiliukoinen rasvanpoistoaine, jolla puhdistat perusteellisesti kalusteet ja muut pinnat ennen niiden maalaamista. T\u00e4m\u00e4 biohajoava ja silti eritt\u00e4in tehokas puhdistusaine pesee pois \u00f6ljyn, rasvan, sormenj\u00e4ljet, tahrat ja muun lian. Eik\u00e4 sit\u00e4 tarvitse edes\u2026","rel":"","context":"Samankaltainen artikkeli","block_context":{"text":"Samankaltainen artikkeli","link":""},"img":{"alt_text":"","src":"https:\/\/i0.wp.com\/puuhamari.fi\/wp-content\/uploads\/2022\/04\/TSP-updated2-B-scaled.jpg?fit=1200%2C1192&ssl=1&resize=350%2C200","width":350,"height":200,"srcset":"https:\/\/i0.wp.com\/puuhamari.fi\/wp-content\/uploads\/2022\/04\/TSP-updated2-B-scaled.jpg?fit=1200%2C1192&ssl=1&resize=350%2C200 1x, https:\/\/i0.wp.com\/puuhamari.fi\/wp-content\/uploads\/2022\/04\/TSP-updated2-B-scaled.jpg?fit=1200%2C1192&ssl=1&resize=525%2C300 1.5x, https:\/\/i0.wp.com\/puuhamari.fi\/wp-content\/uploads\/2022\/04\/TSP-updated2-B-scaled.jpg?fit=1200%2C1192&ssl=1&resize=700%2C400 2x, https:\/\/i0.wp.com\/puuhamari.fi\/wp-content\/uploads\/2022\/04\/TSP-updated2-B-scaled.jpg?fit=1200%2C1192&ssl=1&resize=1050%2C600 3x"},"classes":[]},{"id":2474,"url":"https:\/\/puuhamari.fi\/?product=coal-black","url_meta":{"origin":5264,"position":1},"title":"Coal Black","author":"PuuhaMari","date":"21 helmikuun, 2022","format":false,"excerpt":"\"Musta t\u00e4\u00e4 musta on ihan Sysimusta!\" Oikeasti MUSTA musta, jota k\u00e4ytt\u00e4m\u00e4ll\u00e4 voit esim. korostaa kotisi kirkkaampia tai valoisampia v\u00e4rej\u00e4. Huom! Jos sinulla on suurempi projekti: Coal Blacki\u00e4 on nyt saatavana edullisemmin 2 litran pullossa. Tarkoittaa suomeksi sanottuna sit\u00e4, ett\u00e4 saat nelj\u00e4n normaalikokoisen (500 ml) purkin verran maalia kolmen purkin hinnalla!","rel":"","context":"With 3 comments","block_context":{"text":"With 3 comments","link":"https:\/\/puuhamari.fi\/?product=coal-black#comments"},"img":{"alt_text":"","src":"https:\/\/i0.wp.com\/puuhamari.fi\/wp-content\/uploads\/2022\/02\/IMG_20220224_061606.jpg?fit=1199%2C1200&ssl=1&resize=350%2C200","width":350,"height":200,"srcset":"https:\/\/i0.wp.com\/puuhamari.fi\/wp-content\/uploads\/2022\/02\/IMG_20220224_061606.jpg?fit=1199%2C1200&ssl=1&resize=350%2C200 1x, https:\/\/i0.wp.com\/puuhamari.fi\/wp-content\/uploads\/2022\/02\/IMG_20220224_061606.jpg?fit=1199%2C1200&ssl=1&resize=525%2C300 1.5x, https:\/\/i0.wp.com\/puuhamari.fi\/wp-content\/uploads\/2022\/02\/IMG_20220224_061606.jpg?fit=1199%2C1200&ssl=1&resize=700%2C400 2x, https:\/\/i0.wp.com\/puuhamari.fi\/wp-content\/uploads\/2022\/02\/IMG_20220224_061606.jpg?fit=1199%2C1200&ssl=1&resize=1050%2C600 3x"},"classes":[]},{"id":2486,"url":"https:\/\/puuhamari.fi\/?product=hazelwood","url_meta":{"origin":5264,"position":2},"title":"Hazelwood","author":"PuuhaMari","date":"21 helmikuun, 2022","format":false,"excerpt":"Syv\u00e4 harmaa, joka tuo l\u00e4mp\u00f6\u00e4 kotiisi. Luonnon s\u00e4vyill\u00e4 ja aineksilla sisustetun kodin perusv\u00e4rej\u00e4. Voit k\u00e4ytt\u00e4\u00e4 sit\u00e4 yhdess\u00e4 muiden s\u00e4vyjen s\u00e4vyjen kanssa lis\u00e4t\u00e4ksesi eri ulottuvuuksia kotisi pintoihin\/kalusteisiin, tai sellaisenaan tuomaan hiukaan draamaa sisustukseen. Huom! Jos sinulla on suurempi projekti: Hazelwoodia on nyt saatavana edullisemmin 2 litran pullossa. Tarkoittaa suomeksi sanottuna sit\u00e4,\u2026","rel":"","context":"With 1 comment","block_context":{"text":"With 1 comment","link":"https:\/\/puuhamari.fi\/?product=hazelwood#comments"},"img":{"alt_text":"","src":"https:\/\/i0.wp.com\/puuhamari.fi\/wp-content\/uploads\/2022\/02\/008-_HR_210515_Hazelwood_9733-Edit_W_JAR-b.jpg?fit=1200%2C1200&ssl=1&resize=350%2C200","width":350,"height":200,"srcset":"https:\/\/i0.wp.com\/puuhamari.fi\/wp-content\/uploads\/2022\/02\/008-_HR_210515_Hazelwood_9733-Edit_W_JAR-b.jpg?fit=1200%2C1200&ssl=1&resize=350%2C200 1x, https:\/\/i0.wp.com\/puuhamari.fi\/wp-content\/uploads\/2022\/02\/008-_HR_210515_Hazelwood_9733-Edit_W_JAR-b.jpg?fit=1200%2C1200&ssl=1&resize=525%2C300 1.5x, https:\/\/i0.wp.com\/puuhamari.fi\/wp-content\/uploads\/2022\/02\/008-_HR_210515_Hazelwood_9733-Edit_W_JAR-b.jpg?fit=1200%2C1200&ssl=1&resize=700%2C400 2x, https:\/\/i0.wp.com\/puuhamari.fi\/wp-content\/uploads\/2022\/02\/008-_HR_210515_Hazelwood_9733-Edit_W_JAR-b.jpg?fit=1200%2C1200&ssl=1&resize=1050%2C600 3x"},"classes":[]},{"id":8749,"url":"https:\/\/puuhamari.fi\/?product=lakan-ja-maalinpoistoaine","url_meta":{"origin":5264,"position":3},"title":"Lakan- ja maalinpoistoaine","author":"PuuhaMari","date":"29 elokuun, 2024","format":false,"excerpt":"T\u00e4m\u00e4 poikkeuksellisen turvallinen, tehokas ja helppok\u00e4ytt\u00f6inen lakan- ja maalinpoistoaine... Ei pistelev\u00e4\u00e4 tuoksua Voidaan k\u00e4ytt\u00e4\u00e4 sis\u00e4tiloissa Voidaan k\u00e4ytt\u00e4\u00e4 ilman suojak\u00e4sineit\u00e4 ja hengityssuojia Vaikutusaika keskim\u00e4\u00e4rin 30-45 min. K\u00e4ytt\u00f6kohteina huonekalut, ty\u00f6tasot, lattiat, sein\u00e4t, ovet, karmit ja listat - kaikki lakatut ja maalatut puupinnat sis\u00e4ll\u00e4 ja ulkona. Polyvinen lakan- ja maalinpoistoaineella on kysynt\u00e4\u00e4 sek\u00e4\u2026","rel":"","context":"Samankaltainen artikkeli","block_context":{"text":"Samankaltainen artikkeli","link":""},"img":{"alt_text":"","src":"https:\/\/i0.wp.com\/puuhamari.fi\/wp-content\/uploads\/2024\/08\/Polyvine-Varnish-and-Paint-Remover.png?fit=749%2C750&ssl=1&resize=350%2C200","width":350,"height":200,"srcset":"https:\/\/i0.wp.com\/puuhamari.fi\/wp-content\/uploads\/2024\/08\/Polyvine-Varnish-and-Paint-Remover.png?fit=749%2C750&ssl=1&resize=350%2C200 1x, https:\/\/i0.wp.com\/puuhamari.fi\/wp-content\/uploads\/2024\/08\/Polyvine-Varnish-and-Paint-Remover.png?fit=749%2C750&ssl=1&resize=525%2C300 1.5x, https:\/\/i0.wp.com\/puuhamari.fi\/wp-content\/uploads\/2024\/08\/Polyvine-Varnish-and-Paint-Remover.png?fit=749%2C750&ssl=1&resize=700%2C400 2x"},"classes":[]},{"id":2640,"url":"https:\/\/puuhamari.fi\/?product=ash","url_meta":{"origin":5264,"position":4},"title":"Ash","author":"PuuhaMari","date":"28 helmikuun, 2022","format":false,"excerpt":"Tumma, pehme\u00e4 hiilenharmaa. Vahva tunnelmanluoja. Huom! Jos sinulla on suurempi projekti: Ashi\u00e4 on nyt saatavana edullisemmin 2 litran pullossa. Tarkoittaa suomeksi sanottuna sit\u00e4, ett\u00e4 saat nelj\u00e4n normaalikokoisen (500 ml) purkin verran maalia kolmen purkin hinnalla!","rel":"","context":"Samankaltainen artikkeli","block_context":{"text":"Samankaltainen artikkeli","link":""},"img":{"alt_text":"","src":"https:\/\/i0.wp.com\/puuhamari.fi\/wp-content\/uploads\/2022\/02\/Fusion_Mineral_Paint_Ash_pint-B-scaled.jpg?fit=1200%2C1200&ssl=1&resize=350%2C200","width":350,"height":200,"srcset":"https:\/\/i0.wp.com\/puuhamari.fi\/wp-content\/uploads\/2022\/02\/Fusion_Mineral_Paint_Ash_pint-B-scaled.jpg?fit=1200%2C1200&ssl=1&resize=350%2C200 1x, https:\/\/i0.wp.com\/puuhamari.fi\/wp-content\/uploads\/2022\/02\/Fusion_Mineral_Paint_Ash_pint-B-scaled.jpg?fit=1200%2C1200&ssl=1&resize=525%2C300 1.5x, https:\/\/i0.wp.com\/puuhamari.fi\/wp-content\/uploads\/2022\/02\/Fusion_Mineral_Paint_Ash_pint-B-scaled.jpg?fit=1200%2C1200&ssl=1&resize=700%2C400 2x, https:\/\/i0.wp.com\/puuhamari.fi\/wp-content\/uploads\/2022\/02\/Fusion_Mineral_Paint_Ash_pint-B-scaled.jpg?fit=1200%2C1200&ssl=1&resize=1050%2C600 3x"},"classes":[]},{"id":2738,"url":"https:\/\/puuhamari.fi\/?product=midnight-blue","url_meta":{"origin":5264,"position":5},"title":"Midnight Blue","author":"PuuhaMari","date":"2 maaliskuun, 2022","format":false,"excerpt":"Trendik\u00e4s, syv\u00e4 tummansininen - l\u00e4hestulkoon mustanpuhuva - tekee takuuvarman vaikutuksen miss\u00e4 tahansa kalusteessasi. Huom! Jos sinulla on suuri projekti: Midnight Blueta on nyt saatavana edullisemmin 2 litran pullossa. Tarkoittaa suomeksi sanottuna sit\u00e4, ett\u00e4 saat nelj\u00e4n normaalikokoisen (500 ml) purkin verran maalia kolmen purkin hinnalla!","rel":"","context":"With 1 comment","block_context":{"text":"With 1 comment","link":"https:\/\/puuhamari.fi\/?product=midnight-blue#comments"},"img":{"alt_text":"","src":"https:\/\/i0.wp.com\/puuhamari.fi\/wp-content\/uploads\/2022\/03\/Fusion_Mineral_Paint_Midnight_Blue_pint-b-scaled.jpg?fit=1200%2C1200&ssl=1&resize=350%2C200","width":350,"height":200,"srcset":"https:\/\/i0.wp.com\/puuhamari.fi\/wp-content\/uploads\/2022\/03\/Fusion_Mineral_Paint_Midnight_Blue_pint-b-scaled.jpg?fit=1200%2C1200&ssl=1&resize=350%2C200 1x, https:\/\/i0.wp.com\/puuhamari.fi\/wp-content\/uploads\/2022\/03\/Fusion_Mineral_Paint_Midnight_Blue_pint-b-scaled.jpg?fit=1200%2C1200&ssl=1&resize=525%2C300 1.5x, https:\/\/i0.wp.com\/puuhamari.fi\/wp-content\/uploads\/2022\/03\/Fusion_Mineral_Paint_Midnight_Blue_pint-b-scaled.jpg?fit=1200%2C1200&ssl=1&resize=700%2C400 2x, https:\/\/i0.wp.com\/puuhamari.fi\/wp-content\/uploads\/2022\/03\/Fusion_Mineral_Paint_Midnight_Blue_pint-b-scaled.jpg?fit=1200%2C1200&ssl=1&resize=1050%2C600 3x"},"classes":[]}],"_links":{"self":[{"href":"https:\/\/puuhamari.fi\/index.php?rest_route=\/wp\/v2\/product\/5264","targetHints":{"allow":["GET"]}}],"collection":[{"href":"https:\/\/puuhamari.fi\/index.php?rest_route=\/wp\/v2\/product"}],"about":[{"href":"https:\/\/puuhamari.fi\/index.php?rest_route=\/wp\/v2\/types\/product"}],"replies":[{"embeddable":true,"href":"https:\/\/puuhamari.fi\/index.php?rest_route=%2Fwp%2Fv2%2Fcomments&post=5264"}],"version-history":[{"count":1,"href":"https:\/\/puuhamari.fi\/index.php?rest_route=\/wp\/v2\/product\/5264\/revisions"}],"predecessor-version":[{"id":10118,"href":"https:\/\/puuhamari.fi\/index.php?rest_route=\/wp\/v2\/product\/5264\/revisions\/10118"}],"wp:featuredmedia":[{"embeddable":true,"href":"https:\/\/puuhamari.fi\/index.php?rest_route=\/wp\/v2\/media\/5266"}],"wp:attachment":[{"href":"https:\/\/puuhamari.fi\/index.php?rest_route=%2Fwp%2Fv2%2Fmedia&parent=5264"}],"wp:term":[{"taxonomy":"product_brand","embeddable":true,"href":"https:\/\/puuhamari.fi\/index.php?rest_route=%2Fwp%2Fv2%2Fproduct_brand&post=5264"},{"taxonomy":"product_cat","embeddable":true,"href":"https:\/\/puuhamari.fi\/index.php?rest_route=%2Fwp%2Fv2%2Fproduct_cat&post=5264"},{"taxonomy":"product_tag","embeddable":true,"href":"https:\/\/puuhamari.fi\/index.php?rest_route=%2Fwp%2Fv2%2Fproduct_tag&post=5264"}],"curies":[{"name":"wp","href":"https:\/\/api.w.org\/{rel}","templated":true}]}}