{"id":5286,"date":"2023-03-22T15:29:15","date_gmt":"2023-03-22T15:29:15","guid":{"rendered":"https:\/\/puuhamari.fi\/?post_type=product&#038;p=5286"},"modified":"2025-09-19T17:54:44","modified_gmt":"2025-09-19T14:54:44","slug":"smooth-embossing-paste-helmiainen","status":"publish","type":"product","link":"https:\/\/puuhamari.fi\/?product=smooth-embossing-paste-helmiainen","title":{"rendered":"Smooth Embossing Paste &#8211; helmi\u00e4inen"},"content":{"rendered":"","protected":false},"excerpt":{"rendered":"<p>Embossing tarkoittaa suomeksi kohokuviointia. Kalusteeseen, sisustusesineeseen ja jopa kankaalle kohokuvioita on helppo saada aikaiseksi sapluunan avulla. Ota pieni m\u00e4\u00e4r\u00e4 helmi\u00e4isenhohtavaa Embossing-tahnaa, ja levit\u00e4 se lastalla sapluunan yli tasaisin, pitk\u00e4hk\u00f6in vedoin. Kun sitten poistat sapluunan, kuvio toistuu kohteesi pinnalla yht\u00e4 paksuna kohokuviona kuin k\u00e4ytt\u00e4m\u00e4si sapluunan materiaali oli.<\/p>\n<p>Erikoisefektej\u00e4 saat aikaiseksi levitt\u00e4m\u00e4ll\u00e4 ohuen kerroksen tahnaa kalusteen pinnalle vapaalla k\u00e4dell\u00e4, jolloin se muuttaa pinnan tekstuuria ep\u00e4tasaisemmaksi.<\/p>\n<p>HUOMAA ett\u00e4 voit my\u00f6s sekoittaa tahnaan pienen m\u00e4\u00e4r\u00e4n Fusion mineraalimaalis\u00e4vy\u00e4, ja saada aikaan <em>haluamasi v\u00e4rist\u00e4<\/em> kohokuviointitahnaa!<br \/>\nPurkin koko on 250 ml.<\/p>\n<p>&nbsp;<\/p>\n[video width=\"608\" height=\"1080\" mp4=\"https:\/\/puuhamari.fi\/wp-content\/uploads\/2023\/03\/Smooth-Embossing-Paste-video-30-sec.HD-1080p-7.2Mbps.mp4\"][\/video]\n","protected":false},"author":1,"featured_media":8287,"comment_status":"closed","ping_status":"closed","template":"","meta":{"advgb_blocks_editor_width":"","advgb_blocks_columns_visual_guide":"","advanced_seo_description":"","jetpack_seo_html_title":"","jetpack_seo_noindex":false,"_kad_post_transparent":"default","_kad_post_title":"","_kad_post_layout":"default","_kad_post_sidebar_id":"","_kad_post_content_style":"default","_kad_post_vertical_padding":"default","_kad_post_feature":"","_kad_post_feature_position":"","_kad_post_header":false,"_kad_post_footer":false,"_kad_post_classname":"","jetpack_post_was_ever_published":false},"product_brand":[],"product_cat":[310],"product_tag":[575,578,576,577],"class_list":{"0":"post-5286","1":"product","2":"type-product","3":"status-publish","4":"has-post-thumbnail","6":"product_cat-muut-fusion-valmisteet","7":"product_tag-embossing","8":"product_tag-helmiainen","9":"product_tag-kohokuviointi","10":"product_tag-tahna","12":"first","13":"instock","14":"taxable","15":"shipping-taxable","16":"purchasable","17":"product-type-simple","18":"entry","19":"content-bg","20":"loop-entry"},"featured_img":"https:\/\/puuhamari.fi\/wp-content\/uploads\/2023\/03\/IMG_20240720_231101.jpg","coauthors":[],"author_meta":{"author_link":"https:\/\/puuhamari.fi\/?author=1","display_name":"PuuhaMari"},"relative_dates":{"created":"Julkaistu 3 vuotta sitten","modified":"P\u00e4ivitetty 7 kuukautta sitten"},"absolute_dates":{"created":"Julkaistu 22 maaliskuun, 2023","modified":"P\u00e4ivitetty 19 syyskuun, 2025"},"absolute_dates_time":{"created":"Julkaistu 22 maaliskuun, 2023 3:29 pm","modified":"P\u00e4ivitetty 19 syyskuun, 2025 5:54 pm"},"featured_img_caption":"","tax_additional":{"product_brand":{"linked":[],"unlinked":[],"slug":"product_brand","name":"Br\u00e4ndit"},"product_type":{"linked":["<a href=\"https:\/\/puuhamari.fi\/?taxonomy=product_type&#038;term=simple\" class=\"advgb-post-tax-term\">simple<\/a>"],"unlinked":["<span class=\"advgb-post-tax-term\">simple<\/span>"],"slug":"product_type","name":"Tuotetyyppi"},"product_visibility":{"linked":[],"unlinked":[],"slug":"product_visibility","name":"Tuotteen n\u00e4kyvyys"},"product_cat":{"linked":["<a href=\"https:\/\/puuhamari.fi\/?product_cat=muut-fusion-valmisteet\" class=\"advgb-post-tax-term\">Muut Fusion-valmisteet<\/a>"],"unlinked":["<span class=\"advgb-post-tax-term\">Muut Fusion-valmisteet<\/span>"],"slug":"product_cat","name":"Osastot"},"product_tag":{"linked":["<a href=\"https:\/\/puuhamari.fi\/?product_tag=embossing\" class=\"advgb-post-tax-term\">Embossing<\/a>","<a href=\"https:\/\/puuhamari.fi\/?product_tag=helmiainen\" class=\"advgb-post-tax-term\">Helmi\u00e4inen<\/a>","<a href=\"https:\/\/puuhamari.fi\/?product_tag=kohokuviointi\" class=\"advgb-post-tax-term\">Kohokuviointi<\/a>","<a href=\"https:\/\/puuhamari.fi\/?product_tag=tahna\" class=\"advgb-post-tax-term\">Tahna<\/a>"],"unlinked":["<span class=\"advgb-post-tax-term\">Embossing<\/span>","<span class=\"advgb-post-tax-term\">Helmi\u00e4inen<\/span>","<span class=\"advgb-post-tax-term\">Kohokuviointi<\/span>","<span class=\"advgb-post-tax-term\">Tahna<\/span>"],"slug":"product_tag","name":"Avainsanat tuotteelle"},"product_shipping_class":{"linked":[],"unlinked":[],"slug":"product_shipping_class","name":"Tuotteen toimitusluokat"},"pos_product_visibility":{"linked":[],"unlinked":[],"slug":"pos_product_visibility","name":"POS Product visibility"},"pa_arkin-koko":{"linked":[],"unlinked":[],"slug":"pa_arkin-koko","name":"Tuote Arkin koko"},"pa_hiomatyynyn-karkeus":{"linked":[],"unlinked":[],"slug":"pa_hiomatyynyn-karkeus","name":"Tuote Hiomatyynyn karkeus"},"pa_kehys":{"linked":[],"unlinked":[],"slug":"pa_kehys","name":"Tuote Kehys"},"pa_kuvion-nro":{"linked":[],"unlinked":[],"slug":"pa_kuvion-nro","name":"Tuote Kuvion nro"},"pa_littean-pensselin-koko":{"linked":[],"unlinked":[],"slug":"pa_littean-pensselin-koko","name":"Tuote Litte\u00e4n pensselin koko"},"pa_maalivari":{"linked":[],"unlinked":[],"slug":"pa_maalivari","name":"Tuote Maaliv\u00e4ri"},"pa_palatapettien-lkm":{"linked":[],"unlinked":[],"slug":"pa_palatapettien-lkm","name":"Tuote Palatapettien lkm"},"pa_purkin-koko":{"linked":["<a href=\"https:\/\/puuhamari.fi\/?taxonomy=pa_purkin-koko&#038;term=250-ml\" class=\"advgb-post-tax-term\">250 ml<\/a>"],"unlinked":["<span class=\"advgb-post-tax-term\">250 ml<\/span>"],"slug":"pa_purkin-koko","name":"Tuote Purkin koko"},"pa_sapluunan-koko":{"linked":[],"unlinked":[],"slug":"pa_sapluunan-koko","name":"Tuote Sapluunan koko"},"pa_tabletti":{"linked":[],"unlinked":[],"slug":"pa_tabletti","name":"Tuote Tabletti"},"pa_valitse-sisalto":{"linked":[],"unlinked":[],"slug":"pa_valitse-sisalto","name":"Tuote Valitse sis\u00e4lt\u00f6"},"pa_varjostin":{"linked":[],"unlinked":[],"slug":"pa_varjostin","name":"Tuote Varjostin"}},"series_order":"","jetpack_sharing_enabled":true,"jetpack_likes_enabled":true,"jetpack-related-posts":[{"id":7183,"url":"https:\/\/puuhamari.fi\/?product=jasmine-alphabet-verkkosapluuna","url_meta":{"origin":5286,"position":0},"title":"Jasmine Alphabet &#8211; verkkosapluuna","author":"PuuhaMari","date":"6 syyskuun, 2023","format":false,"excerpt":"Hienostunein ornamentein koristellut kirjaimet toimivat arkiesineiden lis\u00e4ksi mm. monenlaisten p\u00f6yt\u00e4kattausten yhteydess\u00e4 niin jouluna kuin juhannuksenakin. Syntym\u00e4p\u00e4iv\u00e4t, h\u00e4\u00e4t ja muut sukujuhlat hy\u00f6tyv\u00e4t takuuvarmasti n\u00e4ill\u00e4 superkauniilla kirjaimilla \"kirjailluista\" yksityiskohdista! Katso esim. alla oleva 15 minuutin YouTube -video, jolla \"Home Of My Making\":in Cheryl valmistaa yksinkertaisen bannerin, eli viirinauhan. Pakkauksessa yksi n. 28\u2026","rel":"","context":"Samankaltainen artikkeli","block_context":{"text":"Samankaltainen artikkeli","link":""},"img":{"alt_text":"","src":"https:\/\/i0.wp.com\/puuhamari.fi\/wp-content\/uploads\/2023\/09\/1-4.png?fit=872%2C872&ssl=1&resize=350%2C200","width":350,"height":200,"srcset":"https:\/\/i0.wp.com\/puuhamari.fi\/wp-content\/uploads\/2023\/09\/1-4.png?fit=872%2C872&ssl=1&resize=350%2C200 1x, https:\/\/i0.wp.com\/puuhamari.fi\/wp-content\/uploads\/2023\/09\/1-4.png?fit=872%2C872&ssl=1&resize=525%2C300 1.5x, https:\/\/i0.wp.com\/puuhamari.fi\/wp-content\/uploads\/2023\/09\/1-4.png?fit=872%2C872&ssl=1&resize=700%2C400 2x"},"classes":[]},{"id":4950,"url":"https:\/\/puuhamari.fi\/?product=furniture-hero-verkkosapluuna","url_meta":{"origin":5286,"position":1},"title":"Furniture Hero &#8211; verkkosapluuna","author":"PuuhaMari","date":"19 lokakuun, 2022","format":false,"excerpt":"\"Pelastan hyl\u00e4ttyj\u00e4 huonekaluja - olen sankari, en hamstraaja!\" Kaikkien kalustetuunaajien PakkoSaada -sapluuna? \ud83d\ude02 Sama teksti l\u00f6ytyy siit\u00e4 useampana eri kokona (eri kokoisia projekteja ajatellen), ja mukana on muissakin kohteissa k\u00e4ytt\u00f6kelpoisia huonekalujen kuvia! Pakkauksessa yksi 30,5 cm x 30,5 cm kokoinen sapluuna. \u00a0 \ud83d\udca1 \u00a0VINKKI: Maalin voit toki \"vanhaan tapaan\" t\u00f6p\u00f6tell\u00e4\u2026","rel":"","context":"With 1 comment","block_context":{"text":"With 1 comment","link":"https:\/\/puuhamari.fi\/?product=furniture-hero-verkkosapluuna#comments"},"img":{"alt_text":"","src":"https:\/\/i0.wp.com\/puuhamari.fi\/wp-content\/uploads\/2022\/10\/Furniture-Hero.png?fit=905%2C906&ssl=1&resize=350%2C200","width":350,"height":200,"srcset":"https:\/\/i0.wp.com\/puuhamari.fi\/wp-content\/uploads\/2022\/10\/Furniture-Hero.png?fit=905%2C906&ssl=1&resize=350%2C200 1x, https:\/\/i0.wp.com\/puuhamari.fi\/wp-content\/uploads\/2022\/10\/Furniture-Hero.png?fit=905%2C906&ssl=1&resize=525%2C300 1.5x, https:\/\/i0.wp.com\/puuhamari.fi\/wp-content\/uploads\/2022\/10\/Furniture-Hero.png?fit=905%2C906&ssl=1&resize=700%2C400 2x"},"classes":[]},{"id":4955,"url":"https:\/\/puuhamari.fi\/?product=nutcracker-review-verkkosapluuna","url_meta":{"origin":5286,"position":2},"title":"Nutcracker Review &#8211; verkkosapluuna","author":"PuuhaMari","date":"19 lokakuun, 2022","format":false,"excerpt":"P\u00e4hkin\u00e4ns\u00e4rkij\u00f6it\u00e4 useampana versiona; lastenhuoneeseen vai ihan \u2764\ufe0f itselle? \u2764\ufe0f Pakkauksessa yksi n. 28 cm x 21,5 cm kokoinen sapluuna. \u00a0 \ud83d\udca1 \u00a0VINKKI: Maalin voit toki \"vanhaan tapaan\" t\u00f6p\u00f6tell\u00e4 sapluunan l\u00e4pi, mutta kauneinta j\u00e4lke\u00e4 saat aikaiseksi naurettavan edullisella vaahtomuovipensselill\u00e4!","rel":"","context":"Samankaltainen artikkeli","block_context":{"text":"Samankaltainen artikkeli","link":""},"img":{"alt_text":"","src":"https:\/\/i0.wp.com\/puuhamari.fi\/wp-content\/uploads\/2022\/10\/Nutcracker-Review.png?fit=905%2C903&ssl=1&resize=350%2C200","width":350,"height":200,"srcset":"https:\/\/i0.wp.com\/puuhamari.fi\/wp-content\/uploads\/2022\/10\/Nutcracker-Review.png?fit=905%2C903&ssl=1&resize=350%2C200 1x, https:\/\/i0.wp.com\/puuhamari.fi\/wp-content\/uploads\/2022\/10\/Nutcracker-Review.png?fit=905%2C903&ssl=1&resize=525%2C300 1.5x, https:\/\/i0.wp.com\/puuhamari.fi\/wp-content\/uploads\/2022\/10\/Nutcracker-Review.png?fit=905%2C903&ssl=1&resize=700%2C400 2x"},"classes":[]},{"id":3267,"url":"https:\/\/puuhamari.fi\/?product=calendar-verkkosapluuna","url_meta":{"origin":5286,"position":3},"title":"Calendar &#8211; verkkosapluuna","author":"PuuhaMari","date":"6 toukokuun, 2022","format":false,"excerpt":"Huom! Pakkauksessa kolme erilaista 28 cm x 21,5 cm -kokoista sapluunaa, joissa englanninkieliset viikonp\u00e4iv\u00e4t ja kuukaudet, kaksoispiste -merkki, 18 erilaista muistutus-\/tsemppausviesti\u00e4 esim. magneetteihin maalattavaksi. Yhden viikonp\u00e4iv\u00e4n\/kuukauden\/merkin korkeus on n. 5 cm, sanojen pituudet vaihtelevat n. 10-20 cm:n v\u00e4lill\u00e4. Helppoa ja nopeaa tuunaamista silloin kun haluat tehd\u00e4 kutsu-\/onnittelukortteja, viikkosuunnitelmia, kalentereita, tai\u2026","rel":"","context":"Samankaltainen artikkeli","block_context":{"text":"Samankaltainen artikkeli","link":""},"img":{"alt_text":"","src":"https:\/\/i0.wp.com\/puuhamari.fi\/wp-content\/uploads\/2022\/05\/1557854742.webp?fit=1060%2C1060&ssl=1&resize=350%2C200","width":350,"height":200,"srcset":"https:\/\/i0.wp.com\/puuhamari.fi\/wp-content\/uploads\/2022\/05\/1557854742.webp?fit=1060%2C1060&ssl=1&resize=350%2C200 1x, https:\/\/i0.wp.com\/puuhamari.fi\/wp-content\/uploads\/2022\/05\/1557854742.webp?fit=1060%2C1060&ssl=1&resize=525%2C300 1.5x, https:\/\/i0.wp.com\/puuhamari.fi\/wp-content\/uploads\/2022\/05\/1557854742.webp?fit=1060%2C1060&ssl=1&resize=700%2C400 2x, https:\/\/i0.wp.com\/puuhamari.fi\/wp-content\/uploads\/2022\/05\/1557854742.webp?fit=1060%2C1060&ssl=1&resize=1050%2C600 3x"},"classes":[]},{"id":7149,"url":"https:\/\/puuhamari.fi\/?product=create-a-tag-verkkosapluuna-2-pack","url_meta":{"origin":5286,"position":4},"title":"Create a Tag &#8211; verkkosapluuna (2 pack)","author":"PuuhaMari","date":"6 syyskuun, 2023","format":false,"excerpt":"Kuvioi itse kauniit kortit lahjoihin, istumapaikkoihin, kukka-asetelmiin tai per\u00e4ti postissa l\u00e4hetett\u00e4v\u00e4ksi. Pakkauksessa kaksi erillist\u00e4 n. 21,5 cm x 14 cm kokoista sapluunaa. Korttien \"taustakuviot\" ovat n. 12 cm x 6 cm kokoisia, tekstikehys \"Happy Holidays\" n. 5,5 cm x 2 cm, ja lumiukko n. 8 cm x 6 cm. \ud83d\udca1\u2026","rel":"","context":"Samankaltainen artikkeli","block_context":{"text":"Samankaltainen artikkeli","link":""},"img":{"alt_text":"","src":"https:\/\/i0.wp.com\/puuhamari.fi\/wp-content\/uploads\/2023\/09\/1-b.png?fit=1200%2C1199&ssl=1&resize=350%2C200","width":350,"height":200,"srcset":"https:\/\/i0.wp.com\/puuhamari.fi\/wp-content\/uploads\/2023\/09\/1-b.png?fit=1200%2C1199&ssl=1&resize=350%2C200 1x, https:\/\/i0.wp.com\/puuhamari.fi\/wp-content\/uploads\/2023\/09\/1-b.png?fit=1200%2C1199&ssl=1&resize=525%2C300 1.5x, https:\/\/i0.wp.com\/puuhamari.fi\/wp-content\/uploads\/2023\/09\/1-b.png?fit=1200%2C1199&ssl=1&resize=700%2C400 2x, https:\/\/i0.wp.com\/puuhamari.fi\/wp-content\/uploads\/2023\/09\/1-b.png?fit=1200%2C1199&ssl=1&resize=1050%2C600 3x"},"classes":[]},{"id":4943,"url":"https:\/\/puuhamari.fi\/?product=french-ram-verkkosapluuna","url_meta":{"origin":5286,"position":5},"title":"French Ram &#8211; verkkosapluuna","author":"PuuhaMari","date":"19 lokakuun, 2022","format":false,"excerpt":"Upea, ranskalaista maalaistyyli\u00e4 oleva kuvio, josta voit my\u00f6s k\u00e4ytt\u00e4\u00e4 hyv\u00e4ksesi pelkki\u00e4 osia (esim. kruunua\/medaljonkia\/k\u00f6ynn\u00f6st\u00e4\/tekstej\u00e4) eri projekteissasi. Pakkauksessa yksi 30,5 cm x 30,5 cm kokoinen sapluuna. \u00a0 \ud83d\udca1 \u00a0VINKKI: Maalin voit toki \"vanhaan tapaan\" t\u00f6p\u00f6tell\u00e4 sapluunan l\u00e4pi, mutta kauneinta j\u00e4lke\u00e4 saat aikaiseksi naurettavan edullisella vaahtomuovipensselill\u00e4!","rel":"","context":"Samankaltainen artikkeli","block_context":{"text":"Samankaltainen artikkeli","link":""},"img":{"alt_text":"","src":"https:\/\/i0.wp.com\/puuhamari.fi\/wp-content\/uploads\/2022\/10\/French-Ram-Zoom.png?fit=814%2C810&ssl=1&resize=350%2C200","width":350,"height":200,"srcset":"https:\/\/i0.wp.com\/puuhamari.fi\/wp-content\/uploads\/2022\/10\/French-Ram-Zoom.png?fit=814%2C810&ssl=1&resize=350%2C200 1x, https:\/\/i0.wp.com\/puuhamari.fi\/wp-content\/uploads\/2022\/10\/French-Ram-Zoom.png?fit=814%2C810&ssl=1&resize=525%2C300 1.5x, https:\/\/i0.wp.com\/puuhamari.fi\/wp-content\/uploads\/2022\/10\/French-Ram-Zoom.png?fit=814%2C810&ssl=1&resize=700%2C400 2x"},"classes":[]}],"_links":{"self":[{"href":"https:\/\/puuhamari.fi\/index.php?rest_route=\/wp\/v2\/product\/5286","targetHints":{"allow":["GET"]}}],"collection":[{"href":"https:\/\/puuhamari.fi\/index.php?rest_route=\/wp\/v2\/product"}],"about":[{"href":"https:\/\/puuhamari.fi\/index.php?rest_route=\/wp\/v2\/types\/product"}],"replies":[{"embeddable":true,"href":"https:\/\/puuhamari.fi\/index.php?rest_route=%2Fwp%2Fv2%2Fcomments&post=5286"}],"version-history":[{"count":4,"href":"https:\/\/puuhamari.fi\/index.php?rest_route=\/wp\/v2\/product\/5286\/revisions"}],"predecessor-version":[{"id":10079,"href":"https:\/\/puuhamari.fi\/index.php?rest_route=\/wp\/v2\/product\/5286\/revisions\/10079"}],"wp:featuredmedia":[{"embeddable":true,"href":"https:\/\/puuhamari.fi\/index.php?rest_route=\/wp\/v2\/media\/8287"}],"wp:attachment":[{"href":"https:\/\/puuhamari.fi\/index.php?rest_route=%2Fwp%2Fv2%2Fmedia&parent=5286"}],"wp:term":[{"taxonomy":"product_brand","embeddable":true,"href":"https:\/\/puuhamari.fi\/index.php?rest_route=%2Fwp%2Fv2%2Fproduct_brand&post=5286"},{"taxonomy":"product_cat","embeddable":true,"href":"https:\/\/puuhamari.fi\/index.php?rest_route=%2Fwp%2Fv2%2Fproduct_cat&post=5286"},{"taxonomy":"product_tag","embeddable":true,"href":"https:\/\/puuhamari.fi\/index.php?rest_route=%2Fwp%2Fv2%2Fproduct_tag&post=5286"}],"curies":[{"name":"wp","href":"https:\/\/api.w.org\/{rel}","templated":true}]}}