{"id":5301,"date":"2023-03-23T14:40:49","date_gmt":"2023-03-23T14:40:49","guid":{"rendered":"https:\/\/puuhamari.fi\/?post_type=product&#038;p=5301"},"modified":"2025-09-05T04:31:45","modified_gmt":"2025-09-05T01:31:45","slug":"killburn-dark-botanical-askartelukuviot","status":"publish","type":"product","link":"https:\/\/puuhamari.fi\/?product=killburn-dark-botanical-askartelukuviot","title":{"rendered":"Kilburn Dark Botanical &#8211; askartelukuviot"},"content":{"rendered":"<p>A4-kokoisella arkilla on 14 irrotettavaa kukkakuviota kotisi esineiden upeaan &#8211; ja persoonalliseen! &#8211; koristeluun.<\/p>\n<p>Voit tarpeen vaatiessa my\u00f6s itse leikata saksilla kuvioita pienemmiksi, sill\u00e4 niiden materiaali on samanlaista kuin myym\u00e4mme PastedPaper\u00ae palatapetitkin. Taustapuoli on esiliister\u00f6ity, joten kun kostutat kuvion vedess\u00e4 ja annat sen sitten vetty\u00e4 muutaman sekunnin ajan, se on valmis asetettavaksi paikalleen &#8211; k\u00e4yt\u00e4nn\u00f6llisesti katsoen mihin tahansa esineeseen!<\/p>\n<p>Laita kuvio oikeaan kohtaan, ja painele hell\u00e4sti talouspaperilla tms. kunnes n\u00e4et, ett\u00e4 kuvion reuna on tasaisesti kiinni pinnassaan. Noin 5 minuutin ajan voit viel\u00e4 liu&#8217;uttamalla tarkentaa kuvioiden paikkoja.<\/p>\n<p><span class=\"x1xsqp64 xiy17q3 x1o6pynw x19co3pv xdj266r xcwd3tp xat24cr x39eecv x2b8uid\" data-testid=\"emoji\"><span class=\"xexx8yu xn5pp95 x18d9i69 x2fxd7x x1yqt14a x1bhl96m\">\ud83d\udca1 VINKKI<\/span><\/span>: Kerrostamalla\/laittamalla kuvioita joistakin kohdista hieman p\u00e4\u00e4llekk\u00e4in saat aikaan runsautta ja pient\u00e4 3-ulotteisuutta luomuksesi rakenteeseen!<\/p>\n<p>&nbsp;<\/p>\n","protected":false},"excerpt":{"rendered":"<p>T\u00e4m\u00e4 kuosi syntyi vuosien 1788-1792 v\u00e4lill\u00e4 irlantilaissyntyisen, my\u00f6hemmin urallaan Lontooseen muuttaneen, William Kilburnin k\u00e4siss\u00e4. Se sai nimekseen Midnight Blossoms, ja suunniteltiin kankaalle painettavaksi. Kilburn tunnettiin erityisesti hienostuneiden kasvikuntaan kuuluvien aiheiden maalaajana, kaivertajana, sek\u00e4 pellava- ja puuvillakankaille valmistettavien kuosien suunnittelijana ja painajana.<\/p>\n<p>H\u00e4nen kuosinsa olivat poikkeuksellisen kekseli\u00e4it\u00e4. Ne sis\u00e4lsiv\u00e4t eritt\u00e4in tarkkoja yksityiskohtia erilaisista kasvikunnan edustajista &#8211; kukkia, lehti\u00e4, saniaisia, juurakkoja, merilev\u00e4\u00e4, jne&#8230; Koska monissa h\u00e4nen kuoseistaan oli ylellisen tumma taustav\u00e4ri, aikalaiset pitiv\u00e4t niit\u00e4 tyrm\u00e4\u00e4v\u00e4n upeina ja j\u00e4nnitt\u00e4vin\u00e4. Eik\u00e4 ajan hammas ole latistanut tuota tunnelmaa yht\u00e4\u00e4n &#8211; eih\u00e4n!<\/p>\n<p>Katso askartelukuvioiden k\u00e4ytt\u00f6ohjeet alempaa, kohdasta \u201cKuvaus.\u201d<\/p>\n","protected":false},"author":1,"featured_media":7029,"comment_status":"open","ping_status":"closed","template":"","meta":{"advgb_blocks_editor_width":"","advgb_blocks_columns_visual_guide":"","advanced_seo_description":"","jetpack_seo_html_title":"","jetpack_seo_noindex":false,"_kad_post_transparent":"default","_kad_post_title":"","_kad_post_layout":"default","_kad_post_sidebar_id":"","_kad_post_content_style":"default","_kad_post_vertical_padding":"default","_kad_post_feature":"","_kad_post_feature_position":"","_kad_post_header":false,"_kad_post_footer":false,"_kad_post_classname":"","jetpack_post_was_ever_published":false},"product_brand":[],"product_cat":[580],"product_tag":[585,586,581,583,582,584],"class_list":{"0":"post-5301","1":"product","2":"type-product","3":"status-publish","4":"has-post-thumbnail","6":"product_cat-die-cut-koristeet","7":"product_tag-askartelu","8":"product_tag-askartelutarvike","9":"product_tag-die-cut","10":"product_tag-koristekuvio","11":"product_tag-koristelu","12":"product_tag-kuviointi","14":"first","15":"instock","16":"taxable","17":"shipping-taxable","18":"purchasable","19":"product-type-simple","20":"entry","21":"content-bg","22":"loop-entry"},"featured_img":"https:\/\/puuhamari.fi\/wp-content\/uploads\/2023\/03\/Die-Cut-Killburn-Dark-Botanical-1c.jpg","coauthors":[],"author_meta":{"author_link":"https:\/\/puuhamari.fi\/?author=1","display_name":"PuuhaMari"},"relative_dates":{"created":"Julkaistu 3 vuotta sitten","modified":"P\u00e4ivitetty 8 kuukautta sitten"},"absolute_dates":{"created":"Julkaistu 23 maaliskuun, 2023","modified":"P\u00e4ivitetty 5 syyskuun, 2025"},"absolute_dates_time":{"created":"Julkaistu 23 maaliskuun, 2023 2:40 pm","modified":"P\u00e4ivitetty 5 syyskuun, 2025 4:31 am"},"featured_img_caption":"","tax_additional":{"product_brand":{"linked":[],"unlinked":[],"slug":"product_brand","name":"Br\u00e4ndit"},"product_type":{"linked":["<a href=\"https:\/\/puuhamari.fi\/?taxonomy=product_type&#038;term=simple\" class=\"advgb-post-tax-term\">simple<\/a>"],"unlinked":["<span class=\"advgb-post-tax-term\">simple<\/span>"],"slug":"product_type","name":"Tuotetyyppi"},"product_visibility":{"linked":["<a href=\"https:\/\/puuhamari.fi\/?taxonomy=product_visibility&#038;term=rated-5\" class=\"advgb-post-tax-term\">rated-5<\/a>"],"unlinked":["<span class=\"advgb-post-tax-term\">rated-5<\/span>"],"slug":"product_visibility","name":"Tuotteen n\u00e4kyvyys"},"product_cat":{"linked":["<a href=\"https:\/\/puuhamari.fi\/?product_cat=die-cut-koristeet\" class=\"advgb-post-tax-term\">Die Cut - koristeet<\/a>"],"unlinked":["<span class=\"advgb-post-tax-term\">Die Cut - koristeet<\/span>"],"slug":"product_cat","name":"Osastot"},"product_tag":{"linked":["<a href=\"https:\/\/puuhamari.fi\/?product_tag=askartelu\" class=\"advgb-post-tax-term\">Askartelu<\/a>","<a href=\"https:\/\/puuhamari.fi\/?product_tag=askartelutarvike\" class=\"advgb-post-tax-term\">Askartelutarvike<\/a>","<a href=\"https:\/\/puuhamari.fi\/?product_tag=die-cut\" class=\"advgb-post-tax-term\">Die Cut<\/a>","<a href=\"https:\/\/puuhamari.fi\/?product_tag=koristekuvio\" class=\"advgb-post-tax-term\">Koristekuvio<\/a>","<a href=\"https:\/\/puuhamari.fi\/?product_tag=koristelu\" class=\"advgb-post-tax-term\">Koristelu<\/a>","<a href=\"https:\/\/puuhamari.fi\/?product_tag=kuviointi\" class=\"advgb-post-tax-term\">Kuviointi<\/a>"],"unlinked":["<span class=\"advgb-post-tax-term\">Askartelu<\/span>","<span class=\"advgb-post-tax-term\">Askartelutarvike<\/span>","<span class=\"advgb-post-tax-term\">Die Cut<\/span>","<span class=\"advgb-post-tax-term\">Koristekuvio<\/span>","<span class=\"advgb-post-tax-term\">Koristelu<\/span>","<span class=\"advgb-post-tax-term\">Kuviointi<\/span>"],"slug":"product_tag","name":"Avainsanat tuotteelle"},"product_shipping_class":{"linked":[],"unlinked":[],"slug":"product_shipping_class","name":"Tuotteen toimitusluokat"},"pos_product_visibility":{"linked":[],"unlinked":[],"slug":"pos_product_visibility","name":"POS Product visibility"},"pa_arkin-koko":{"linked":[],"unlinked":[],"slug":"pa_arkin-koko","name":"Tuote Arkin koko"},"pa_hiomatyynyn-karkeus":{"linked":[],"unlinked":[],"slug":"pa_hiomatyynyn-karkeus","name":"Tuote Hiomatyynyn karkeus"},"pa_kehys":{"linked":[],"unlinked":[],"slug":"pa_kehys","name":"Tuote Kehys"},"pa_kuvion-nro":{"linked":[],"unlinked":[],"slug":"pa_kuvion-nro","name":"Tuote Kuvion nro"},"pa_littean-pensselin-koko":{"linked":[],"unlinked":[],"slug":"pa_littean-pensselin-koko","name":"Tuote Litte\u00e4n pensselin koko"},"pa_maalivari":{"linked":[],"unlinked":[],"slug":"pa_maalivari","name":"Tuote Maaliv\u00e4ri"},"pa_palatapettien-lkm":{"linked":[],"unlinked":[],"slug":"pa_palatapettien-lkm","name":"Tuote Palatapettien lkm"},"pa_purkin-koko":{"linked":[],"unlinked":[],"slug":"pa_purkin-koko","name":"Tuote Purkin koko"},"pa_sapluunan-koko":{"linked":[],"unlinked":[],"slug":"pa_sapluunan-koko","name":"Tuote Sapluunan koko"},"pa_tabletti":{"linked":[],"unlinked":[],"slug":"pa_tabletti","name":"Tuote Tabletti"},"pa_valitse-sisalto":{"linked":[],"unlinked":[],"slug":"pa_valitse-sisalto","name":"Tuote Valitse sis\u00e4lt\u00f6"},"pa_varjostin":{"linked":[],"unlinked":[],"slug":"pa_varjostin","name":"Tuote Varjostin"}},"series_order":"","jetpack_sharing_enabled":true,"jetpack_likes_enabled":true,"jetpack-related-posts":[{"id":5314,"url":"https:\/\/puuhamari.fi\/?product=lilys-florals-askartelukuviot","url_meta":{"origin":5301,"position":0},"title":"Lily&#8217;s Florals &#8211; askartelukuviot","author":"PuuhaMari","date":"23 maaliskuun, 2023","format":false,"excerpt":"T\u00e4m\u00e4n ihastuttavan retrohenkisenkin kukkakuvion inspiraationa on toiminut er\u00e4s 1900-luvun alun silkkihuivi. Sen vintagetyylinen charmi on yht\u00e4 aikaa sek\u00e4 tyylik\u00e4s, ett\u00e4 hauska. PastedPaper\u00ae -kuosina se sai nimekseen Lilyn kukkaset. Katso askartelukuvioiden k\u00e4ytt\u00f6ohjeet alempaa, kohdasta \u201cKuvaus.\u201d","rel":"","context":"With 1 comment","block_context":{"text":"With 1 comment","link":"https:\/\/puuhamari.fi\/?product=lilys-florals-askartelukuviot#comments"},"img":{"alt_text":"","src":"https:\/\/i0.wp.com\/puuhamari.fi\/wp-content\/uploads\/2023\/03\/DieCut-1-c-1.png?fit=829%2C829&ssl=1&resize=350%2C200","width":350,"height":200,"srcset":"https:\/\/i0.wp.com\/puuhamari.fi\/wp-content\/uploads\/2023\/03\/DieCut-1-c-1.png?fit=829%2C829&ssl=1&resize=350%2C200 1x, https:\/\/i0.wp.com\/puuhamari.fi\/wp-content\/uploads\/2023\/03\/DieCut-1-c-1.png?fit=829%2C829&ssl=1&resize=525%2C300 1.5x, https:\/\/i0.wp.com\/puuhamari.fi\/wp-content\/uploads\/2023\/03\/DieCut-1-c-1.png?fit=829%2C829&ssl=1&resize=700%2C400 2x"},"classes":[]},{"id":5326,"url":"https:\/\/puuhamari.fi\/?product=leman-silk-florals-askartelukuviot","url_meta":{"origin":5301,"position":1},"title":"Leman Silk Florals &#8211; askartelukuviot","author":"PuuhaMari","date":"24 maaliskuun, 2023","format":false,"excerpt":"Silk Florals -kuvio on per\u00e4isin maailman vanhimmasta s\u00e4ilyneest\u00e4 silkkikuviointien kokoelmakirjasta! Alunperin silkkikankaalle ommeltujen kuvioiden suunnittelijamestari oli nimelt\u00e4\u00e4n James Leman:in (1688-1745). H\u00e4nen tyylins\u00e4 oli aina katseen vangitsevaa; h\u00e4n yhdisteli rohkeisiin, n\u00e4ytt\u00e4viin v\u00e4reihin luonnollisia ja fantasiakukkia, sek\u00e4 geometrisi\u00e4 kuvioita ja arkkitehtoonisia elementtej\u00e4. Maailmankuulussa Victoria & Albert -designmuseossa (Lontoo) s\u00e4ilytett\u00e4v\u00e4n Leman:in silkkikuvioiden kokoelmakirjan\u2026","rel":"","context":"Samankaltainen artikkeli","block_context":{"text":"Samankaltainen artikkeli","link":""},"img":{"alt_text":"","src":"https:\/\/i0.wp.com\/puuhamari.fi\/wp-content\/uploads\/2023\/03\/Silk-Florals-1c-1.jpg?fit=879%2C878&ssl=1&resize=350%2C200","width":350,"height":200,"srcset":"https:\/\/i0.wp.com\/puuhamari.fi\/wp-content\/uploads\/2023\/03\/Silk-Florals-1c-1.jpg?fit=879%2C878&ssl=1&resize=350%2C200 1x, https:\/\/i0.wp.com\/puuhamari.fi\/wp-content\/uploads\/2023\/03\/Silk-Florals-1c-1.jpg?fit=879%2C878&ssl=1&resize=525%2C300 1.5x, https:\/\/i0.wp.com\/puuhamari.fi\/wp-content\/uploads\/2023\/03\/Silk-Florals-1c-1.jpg?fit=879%2C878&ssl=1&resize=700%2C400 2x"},"classes":[]},{"id":5362,"url":"https:\/\/puuhamari.fi\/?product=acanthus-blue-askartelukuviot","url_meta":{"origin":5301,"position":2},"title":"Acanthus Blue &#8211; askartelukuviot","author":"PuuhaMari","date":"25 maaliskuun, 2023","format":false,"excerpt":"Akanttien (Acanthus) suvun kasvit viihtyv\u00e4t l\u00e4mpim\u00e4ss\u00e4 ilmastossa; useimmat kasvavat villein\u00e4 V\u00e4limeren seudulla tai Aasiassa. Koska niiden lehdet ovat huomiota her\u00e4tt\u00e4v\u00e4n kookkaita ja muodoltaan kauniita, ovat ne l\u00e4pi historian inspiroineet erilaisia koristekuvioita suunnitelleita mestareita niin taidehistorian, kuin arkkitehtuurinkin saralla. Esimerkiksi yksi tunnetuimmista rakennuksissa k\u00e4ytettyjen pylv\u00e4\u00e4np\u00e4iden (kapiteelien) tyyleist\u00e4 - korinttilainen pylv\u00e4s, joka\u2026","rel":"","context":"Samankaltainen artikkeli","block_context":{"text":"Samankaltainen artikkeli","link":""},"img":{"alt_text":"","src":"https:\/\/i0.wp.com\/puuhamari.fi\/wp-content\/uploads\/2023\/03\/DieCut-1c.png?fit=862%2C861&ssl=1&resize=350%2C200","width":350,"height":200,"srcset":"https:\/\/i0.wp.com\/puuhamari.fi\/wp-content\/uploads\/2023\/03\/DieCut-1c.png?fit=862%2C861&ssl=1&resize=350%2C200 1x, https:\/\/i0.wp.com\/puuhamari.fi\/wp-content\/uploads\/2023\/03\/DieCut-1c.png?fit=862%2C861&ssl=1&resize=525%2C300 1.5x, https:\/\/i0.wp.com\/puuhamari.fi\/wp-content\/uploads\/2023\/03\/DieCut-1c.png?fit=862%2C861&ssl=1&resize=700%2C400 2x"},"classes":[]},{"id":5741,"url":"https:\/\/puuhamari.fi\/?product=dm-sweet-summer-vibes-2-pack","url_meta":{"origin":5301,"position":3},"title":"DM-Sweet Summer Vibes &#8220;2 pack&#8221;","author":"PuuhaMari","date":"1 toukokuun, 2023","format":false,"excerpt":"Suloisia kes\u00e4viboja iiiiiihan minne vain: kukkaruukkuihin, kauluspaitaan, kes\u00e4kenkiin, kirjeisiin, postilaatikkoon, penaaliin, tai kodin kaikkiin koriste-esineisiin! Voit my\u00f6s laittaa kuviot KEHYKSEKSI mietelauseelle\/ pihajuhlien ohjelmalle\/ kes\u00e4keitti\u00f6n ruokalistalle... (kts. kuvan esimerkki). Kotona tai m\u00f6kill\u00e4, ulkona tai sis\u00e4ll\u00e4, puuhun, metalliin, tekstiileihin - ja jopa kakkujen koristeluun! Valitse maali\/kuviointiaine k\u00e4ytt\u00f6kohteen vaatimusten mukaan. Paketti sis\u00e4lt\u00e4\u00e4 2\u2026","rel":"","context":"Samankaltainen artikkeli","block_context":{"text":"Samankaltainen artikkeli","link":""},"img":{"alt_text":"","src":"https:\/\/i0.wp.com\/puuhamari.fi\/wp-content\/uploads\/2023\/05\/10947-A-SWEET-SUMMER-VIBES-STENCILSM.jpg?fit=750%2C750&ssl=1&resize=350%2C200","width":350,"height":200,"srcset":"https:\/\/i0.wp.com\/puuhamari.fi\/wp-content\/uploads\/2023\/05\/10947-A-SWEET-SUMMER-VIBES-STENCILSM.jpg?fit=750%2C750&ssl=1&resize=350%2C200 1x, https:\/\/i0.wp.com\/puuhamari.fi\/wp-content\/uploads\/2023\/05\/10947-A-SWEET-SUMMER-VIBES-STENCILSM.jpg?fit=750%2C750&ssl=1&resize=525%2C300 1.5x, https:\/\/i0.wp.com\/puuhamari.fi\/wp-content\/uploads\/2023\/05\/10947-A-SWEET-SUMMER-VIBES-STENCILSM.jpg?fit=750%2C750&ssl=1&resize=700%2C400 2x"},"classes":[]},{"id":7409,"url":"https:\/\/puuhamari.fi\/?product=siirtokuva-vintage-wallpaper-ii","url_meta":{"origin":5301,"position":4},"title":"Siirtokuva Vintage Wallpaper II","author":"PuuhaMari","date":"7 lokakuun, 2023","format":false,"excerpt":"Tilaa n\u00e4it\u00e4 AINAKIN SATA kes\u00e4n \"Mustan pitsin y\u00f6n\" koristeisiin Rauman pitsiviikoille! \ud83d\ude01\ud83d\ude01\ud83d\ude01 Tai sitten otat vain muutaman nyt heti huonekalujen & sisustuselementtien kaunistamiseksi - my\u00f6s makuuhuoneessa... Huomaa, ett\u00e4 kunkin kuvion PITUUS ON VAIN 27,5 CM joten jos huonekalusi laatikko\/ ovi\/ tai muu mitta on 30-55 cm tarvitset kaksi pakettia! Kuvioita\u2026","rel":"","context":"Samankaltainen artikkeli","block_context":{"text":"Samankaltainen artikkeli","link":""},"img":{"alt_text":"","src":"https:\/\/i0.wp.com\/puuhamari.fi\/wp-content\/uploads\/2023\/10\/Vintage-Wallpaper-II-1-b.png?fit=648%2C648&ssl=1&resize=350%2C200","width":350,"height":200,"srcset":"https:\/\/i0.wp.com\/puuhamari.fi\/wp-content\/uploads\/2023\/10\/Vintage-Wallpaper-II-1-b.png?fit=648%2C648&ssl=1&resize=350%2C200 1x, https:\/\/i0.wp.com\/puuhamari.fi\/wp-content\/uploads\/2023\/10\/Vintage-Wallpaper-II-1-b.png?fit=648%2C648&ssl=1&resize=525%2C300 1.5x"},"classes":[]},{"id":3280,"url":"https:\/\/puuhamari.fi\/?product=acanthus-ram-verkkosapluuna","url_meta":{"origin":5301,"position":5},"title":"Acanthus Ram &#8211; verkkosapluuna","author":"PuuhaMari","date":"6 toukokuun, 2022","format":false,"excerpt":"Verkkosapluunoiden aatelia; t\u00e4llainen kuvio ei koskaan olisi mahdollinen \"tavallisella\" reik\u00e4sapluunalla tehden! Kertakaikkisen upeita yksityiskohtia sis\u00e4lt\u00e4v\u00e4 sapluuna, jonka mitat ovat n. 30x30 cm. Kuvio on suunniteltu jatkumaan itsens\u00e4 jatkeena kaikkiin suuntiin, joten voit k\u00e4ytt\u00e4\u00e4 t\u00e4t\u00e4 vaikka miten suurten kohteiden koristelussa: senkit, kaapit, puusohvat, kokonaiset sein\u00e4t tai vaikka sis\u00e4katto! Tekstiiliv\u00e4rej\u00e4 k\u00e4ytt\u00e4m\u00e4ll\u00e4 voit\u2026","rel":"","context":"Samankaltainen artikkeli","block_context":{"text":"Samankaltainen artikkeli","link":""},"img":{"alt_text":"","src":"https:\/\/i0.wp.com\/puuhamari.fi\/wp-content\/uploads\/2022\/05\/3ef49a3a88373b5107b69f35aafb4b3c9078432f4ca88cf0fd1cf038cdf82122-scaled.jpg?fit=1200%2C1200&ssl=1&resize=350%2C200","width":350,"height":200,"srcset":"https:\/\/i0.wp.com\/puuhamari.fi\/wp-content\/uploads\/2022\/05\/3ef49a3a88373b5107b69f35aafb4b3c9078432f4ca88cf0fd1cf038cdf82122-scaled.jpg?fit=1200%2C1200&ssl=1&resize=350%2C200 1x, https:\/\/i0.wp.com\/puuhamari.fi\/wp-content\/uploads\/2022\/05\/3ef49a3a88373b5107b69f35aafb4b3c9078432f4ca88cf0fd1cf038cdf82122-scaled.jpg?fit=1200%2C1200&ssl=1&resize=525%2C300 1.5x, https:\/\/i0.wp.com\/puuhamari.fi\/wp-content\/uploads\/2022\/05\/3ef49a3a88373b5107b69f35aafb4b3c9078432f4ca88cf0fd1cf038cdf82122-scaled.jpg?fit=1200%2C1200&ssl=1&resize=700%2C400 2x, https:\/\/i0.wp.com\/puuhamari.fi\/wp-content\/uploads\/2022\/05\/3ef49a3a88373b5107b69f35aafb4b3c9078432f4ca88cf0fd1cf038cdf82122-scaled.jpg?fit=1200%2C1200&ssl=1&resize=1050%2C600 3x"},"classes":[]}],"_links":{"self":[{"href":"https:\/\/puuhamari.fi\/index.php?rest_route=\/wp\/v2\/product\/5301","targetHints":{"allow":["GET"]}}],"collection":[{"href":"https:\/\/puuhamari.fi\/index.php?rest_route=\/wp\/v2\/product"}],"about":[{"href":"https:\/\/puuhamari.fi\/index.php?rest_route=\/wp\/v2\/types\/product"}],"replies":[{"embeddable":true,"href":"https:\/\/puuhamari.fi\/index.php?rest_route=%2Fwp%2Fv2%2Fcomments&post=5301"}],"version-history":[{"count":1,"href":"https:\/\/puuhamari.fi\/index.php?rest_route=\/wp\/v2\/product\/5301\/revisions"}],"predecessor-version":[{"id":7030,"href":"https:\/\/puuhamari.fi\/index.php?rest_route=\/wp\/v2\/product\/5301\/revisions\/7030"}],"wp:featuredmedia":[{"embeddable":true,"href":"https:\/\/puuhamari.fi\/index.php?rest_route=\/wp\/v2\/media\/7029"}],"wp:attachment":[{"href":"https:\/\/puuhamari.fi\/index.php?rest_route=%2Fwp%2Fv2%2Fmedia&parent=5301"}],"wp:term":[{"taxonomy":"product_brand","embeddable":true,"href":"https:\/\/puuhamari.fi\/index.php?rest_route=%2Fwp%2Fv2%2Fproduct_brand&post=5301"},{"taxonomy":"product_cat","embeddable":true,"href":"https:\/\/puuhamari.fi\/index.php?rest_route=%2Fwp%2Fv2%2Fproduct_cat&post=5301"},{"taxonomy":"product_tag","embeddable":true,"href":"https:\/\/puuhamari.fi\/index.php?rest_route=%2Fwp%2Fv2%2Fproduct_tag&post=5301"}],"curies":[{"name":"wp","href":"https:\/\/api.w.org\/{rel}","templated":true}]}}