{"id":5308,"date":"2023-03-23T15:58:14","date_gmt":"2023-03-23T15:58:14","guid":{"rendered":"https:\/\/puuhamari.fi\/?post_type=product&#038;p=5308"},"modified":"2026-03-05T07:47:28","modified_gmt":"2026-03-05T05:47:28","slug":"hyllykko-uusi","status":"publish","type":"product","link":"https:\/\/puuhamari.fi\/?product=hyllykko-uusi","title":{"rendered":"Hyllykk\u00f6 &#8211; uusi"},"content":{"rendered":"","protected":false},"excerpt":{"rendered":"<p>Ultrakevyt, n\u00e4pp\u00e4r\u00e4 pikku hyllykk\u00f6 sis\u00e4lle, parvekkeelle, terassille&#8230; Maalaa ja koristele esim. Die Cut -askartelukuvioillamme tai siirtokuvilla! Lastenhuoneeseen sorminukketeatteriksi, olohuoneeseen sukankutimille, tai saunaan polttopuille?<\/p>\n<p>Korkeus 51 cm, leveys 41 cm, syvyys 25 cm.<\/p>\n","protected":false},"author":1,"featured_media":5309,"comment_status":"open","ping_status":"closed","template":"","meta":{"advgb_blocks_editor_width":"","advgb_blocks_columns_visual_guide":"","advanced_seo_description":"","jetpack_seo_html_title":"","jetpack_seo_noindex":false,"_kad_post_transparent":"default","_kad_post_title":"","_kad_post_layout":"default","_kad_post_sidebar_id":"","_kad_post_content_style":"default","_kad_post_vertical_padding":"default","_kad_post_feature":"","_kad_post_feature_position":"","_kad_post_header":false,"_kad_post_footer":false,"_kad_post_classname":"","jetpack_post_was_ever_published":false},"product_brand":[],"product_cat":[579],"product_tag":[587,588],"class_list":{"0":"post-5308","1":"product","2":"type-product","3":"status-publish","4":"has-post-thumbnail","6":"product_cat-tuunattavaa","7":"product_tag-hyllykko","8":"product_tag-puinen","10":"first","11":"instock","12":"sale","13":"taxable","14":"shipping-taxable","15":"purchasable","16":"product-type-simple","17":"entry","18":"content-bg","19":"loop-entry"},"featured_img":"https:\/\/puuhamari.fi\/wp-content\/uploads\/2023\/03\/Hyllykko-1.jpg","coauthors":[],"author_meta":{"author_link":"https:\/\/puuhamari.fi\/?author=1","display_name":"PuuhaMari"},"relative_dates":{"created":"Julkaistu 3 vuotta sitten","modified":"P\u00e4ivitetty 2 kuukautta sitten"},"absolute_dates":{"created":"Julkaistu 23 maaliskuun, 2023","modified":"P\u00e4ivitetty 5 maaliskuun, 2026"},"absolute_dates_time":{"created":"Julkaistu 23 maaliskuun, 2023 3:58 pm","modified":"P\u00e4ivitetty 5 maaliskuun, 2026 7:47 am"},"featured_img_caption":"","tax_additional":{"product_brand":{"linked":[],"unlinked":[],"slug":"product_brand","name":"Br\u00e4ndit"},"product_type":{"linked":["<a href=\"https:\/\/puuhamari.fi\/?taxonomy=product_type&#038;term=simple\" class=\"advgb-post-tax-term\">simple<\/a>"],"unlinked":["<span class=\"advgb-post-tax-term\">simple<\/span>"],"slug":"product_type","name":"Tuotetyyppi"},"product_visibility":{"linked":[],"unlinked":[],"slug":"product_visibility","name":"Tuotteen n\u00e4kyvyys"},"product_cat":{"linked":["<a href=\"https:\/\/puuhamari.fi\/?product_cat=tuunattavaa\" class=\"advgb-post-tax-term\">Tuunattavaa<\/a>"],"unlinked":["<span class=\"advgb-post-tax-term\">Tuunattavaa<\/span>"],"slug":"product_cat","name":"Osastot"},"product_tag":{"linked":["<a href=\"https:\/\/puuhamari.fi\/?product_tag=hyllykko\" class=\"advgb-post-tax-term\">Hyllykk\u00f6<\/a>","<a href=\"https:\/\/puuhamari.fi\/?product_tag=puinen\" class=\"advgb-post-tax-term\">Puinen<\/a>"],"unlinked":["<span class=\"advgb-post-tax-term\">Hyllykk\u00f6<\/span>","<span class=\"advgb-post-tax-term\">Puinen<\/span>"],"slug":"product_tag","name":"Avainsanat tuotteelle"},"product_shipping_class":{"linked":[],"unlinked":[],"slug":"product_shipping_class","name":"Tuotteen toimitusluokat"},"pos_product_visibility":{"linked":[],"unlinked":[],"slug":"pos_product_visibility","name":"POS Product visibility"},"pa_arkin-koko":{"linked":[],"unlinked":[],"slug":"pa_arkin-koko","name":"Tuote Arkin koko"},"pa_hiomatyynyn-karkeus":{"linked":[],"unlinked":[],"slug":"pa_hiomatyynyn-karkeus","name":"Tuote Hiomatyynyn karkeus"},"pa_kehys":{"linked":[],"unlinked":[],"slug":"pa_kehys","name":"Tuote Kehys"},"pa_kuvion-nro":{"linked":[],"unlinked":[],"slug":"pa_kuvion-nro","name":"Tuote Kuvion nro"},"pa_littean-pensselin-koko":{"linked":[],"unlinked":[],"slug":"pa_littean-pensselin-koko","name":"Tuote Litte\u00e4n pensselin koko"},"pa_maalivari":{"linked":[],"unlinked":[],"slug":"pa_maalivari","name":"Tuote Maaliv\u00e4ri"},"pa_palatapettien-lkm":{"linked":[],"unlinked":[],"slug":"pa_palatapettien-lkm","name":"Tuote Palatapettien lkm"},"pa_purkin-koko":{"linked":[],"unlinked":[],"slug":"pa_purkin-koko","name":"Tuote Purkin koko"},"pa_sapluunan-koko":{"linked":[],"unlinked":[],"slug":"pa_sapluunan-koko","name":"Tuote Sapluunan koko"},"pa_tabletti":{"linked":[],"unlinked":[],"slug":"pa_tabletti","name":"Tuote Tabletti"},"pa_valitse-sisalto":{"linked":[],"unlinked":[],"slug":"pa_valitse-sisalto","name":"Tuote Valitse sis\u00e4lt\u00f6"},"pa_varjostin":{"linked":[],"unlinked":[],"slug":"pa_varjostin","name":"Tuote Varjostin"}},"series_order":"","jetpack_sharing_enabled":true,"jetpack_likes_enabled":true,"jetpack-related-posts":[{"id":10123,"url":"https:\/\/puuhamari.fi\/?product=alkeiskurssi-siirtokuvat","url_meta":{"origin":5308,"position":0},"title":"Alkeiskurssi &#8211; siirtokuvat","author":"PuuhaMari","date":"5 syyskuun, 2025","format":false,"excerpt":"Seuraavan alkeiskurssin ajankohta: Tiedustelut PuuhaMarilta nrosta 050-541 6919. Paikka: PuuhaMarin Putiikki, Pori Kesto: 1,5 - 2 h Ryhm\u00e4koko:\u00a0 max. 6 osallistujaa Tuo mukanasi jokin pieni kaluste (esim. jakkara, y\u00f6p\u00f6yt\u00e4, CD-hyllykk\u00f6), jonka haluat tuunata siirtokuvalla\/-kuvilla. Se saa olla mit\u00e4 tahansa materiaalia; puuta, kalustelevy\u00e4, metallia tai jopa muovia. Halutessasi voit toki my\u00f6s\u2026","rel":"","context":"Samankaltainen artikkeli","block_context":{"text":"Samankaltainen artikkeli","link":""},"img":{"alt_text":"","src":"https:\/\/i0.wp.com\/puuhamari.fi\/wp-content\/uploads\/2025\/09\/Siirtokuvakurssi.png?fit=1080%2C1080&ssl=1&resize=350%2C200","width":350,"height":200,"srcset":"https:\/\/i0.wp.com\/puuhamari.fi\/wp-content\/uploads\/2025\/09\/Siirtokuvakurssi.png?fit=1080%2C1080&ssl=1&resize=350%2C200 1x, https:\/\/i0.wp.com\/puuhamari.fi\/wp-content\/uploads\/2025\/09\/Siirtokuvakurssi.png?fit=1080%2C1080&ssl=1&resize=525%2C300 1.5x, https:\/\/i0.wp.com\/puuhamari.fi\/wp-content\/uploads\/2025\/09\/Siirtokuvakurssi.png?fit=1080%2C1080&ssl=1&resize=700%2C400 2x, https:\/\/i0.wp.com\/puuhamari.fi\/wp-content\/uploads\/2025\/09\/Siirtokuvakurssi.png?fit=1080%2C1080&ssl=1&resize=1050%2C600 3x"},"classes":[]},{"id":8813,"url":"https:\/\/puuhamari.fi\/?product=a3-roar","url_meta":{"origin":5308,"position":1},"title":"A3 Roar","author":"PuuhaMari","date":"5 syyskuun, 2024","format":false,"excerpt":"Kurjenmiekan \"karjaisu\" yhdistettyn\u00e4 leopardikuvioon, intialaistunnelmaan ja upeaakin upeampiin v\u00e4reihin. Ja j\u00e4lleen kerran; boordit valmiina hyllykk\u00f6si\/ lipastosi\/ kaappisi kapeita kaitaleita varten. PAKKAUS SIS\u00c4LT\u00c4\u00c4 3 kpl A3-KOKOISIA ARKKEJA: 1\u00a0 arkki, jossa n\u00e4ytt\u00e4v\u00e4 kurjenmiekka + 2 intialais- ja leopardikuvioita sis\u00e4lt\u00e4v\u00e4\u00e4 arkkia. (Kts. oheiset kuvat) N\u00e4m\u00e4 kuvat on painettu erikoisvalmisteiselle, kierr\u00e4tetylle paperille, jonka vahvuus\u2026","rel":"","context":"Samankaltainen artikkeli","block_context":{"text":"Samankaltainen artikkeli","link":""},"img":{"alt_text":"","src":"https:\/\/i0.wp.com\/puuhamari.fi\/wp-content\/uploads\/2024\/09\/Roar-1.png?fit=1080%2C1080&ssl=1&resize=350%2C200","width":350,"height":200,"srcset":"https:\/\/i0.wp.com\/puuhamari.fi\/wp-content\/uploads\/2024\/09\/Roar-1.png?fit=1080%2C1080&ssl=1&resize=350%2C200 1x, https:\/\/i0.wp.com\/puuhamari.fi\/wp-content\/uploads\/2024\/09\/Roar-1.png?fit=1080%2C1080&ssl=1&resize=525%2C300 1.5x, https:\/\/i0.wp.com\/puuhamari.fi\/wp-content\/uploads\/2024\/09\/Roar-1.png?fit=1080%2C1080&ssl=1&resize=700%2C400 2x, https:\/\/i0.wp.com\/puuhamari.fi\/wp-content\/uploads\/2024\/09\/Roar-1.png?fit=1080%2C1080&ssl=1&resize=1050%2C600 3x"},"classes":[]},{"id":8916,"url":"https:\/\/puuhamari.fi\/?product=alkeiskurssi-kalustemaalaus","url_meta":{"origin":5308,"position":2},"title":"Alkeiskurssi &#8211; kalustemaalaus","author":"PuuhaMari","date":"12 syyskuun, 2024","format":false,"excerpt":"Seuraavan alkeiskurssin ajankohta: Tiedustelut PuuhaMarilta nrosta 050-541 6919. Paikka: PuuhaMarin Putiikki, Pori Kesto: n. 2 h\/pv\u00e4 (la+su), yhteens\u00e4 n. 4 h Ryhm\u00e4koko: max. 4 henke\u00e4 Tuo mukanasi jokin pieni kaluste (esim. jakkara, y\u00f6p\u00f6yt\u00e4, CD-hyllykk\u00f6), jonka tuunaat viikonlopun aikana. Se saa olla mit\u00e4 tahansa materiaalia; puuta, kalustelevy\u00e4, metallia tai jopa muovia.\u2026","rel":"","context":"Samankaltainen artikkeli","block_context":{"text":"Samankaltainen artikkeli","link":""},"img":{"alt_text":"","src":"https:\/\/i0.wp.com\/puuhamari.fi\/wp-content\/uploads\/2024\/09\/Alkeiskurssi.png?fit=1080%2C1080&ssl=1&resize=350%2C200","width":350,"height":200,"srcset":"https:\/\/i0.wp.com\/puuhamari.fi\/wp-content\/uploads\/2024\/09\/Alkeiskurssi.png?fit=1080%2C1080&ssl=1&resize=350%2C200 1x, https:\/\/i0.wp.com\/puuhamari.fi\/wp-content\/uploads\/2024\/09\/Alkeiskurssi.png?fit=1080%2C1080&ssl=1&resize=525%2C300 1.5x, https:\/\/i0.wp.com\/puuhamari.fi\/wp-content\/uploads\/2024\/09\/Alkeiskurssi.png?fit=1080%2C1080&ssl=1&resize=700%2C400 2x, https:\/\/i0.wp.com\/puuhamari.fi\/wp-content\/uploads\/2024\/09\/Alkeiskurssi.png?fit=1080%2C1080&ssl=1&resize=1050%2C600 3x"},"classes":[]},{"id":10478,"url":"https:\/\/puuhamari.fi\/?product=valokuvakehykset-14x19-cm","url_meta":{"origin":5308,"position":3},"title":"Valokuvakehykset 14&#215;19 cm","author":"PuuhaMari","date":"18 joulukuun, 2025","format":false,"excerpt":"Valokuvakehys #9, Syd\u00e4n: \u2022 korkeus 19 cm \u2022 leveys 14 cm \u2022 paksuus 1 cm \u2022 kuva-aukko n. 10x10 cm \u2022 taustassa p\u00f6yt\u00e4tuki Valokuvakehys #10, PuuhaMari: \u2022 korkeus 19 cm \u2022 leveys 14 cm \u2022 paksuus 1 cm \u2022 kuva-aukko n. 9x14 cm \u2022 taustassa valmiina ainoastaan sein\u00e4\u00e4nripustus pystyasennossa Valokuvakehys\u2026","rel":"","context":"Samankaltainen artikkeli","block_context":{"text":"Samankaltainen artikkeli","link":""},"img":{"alt_text":"","src":"https:\/\/i0.wp.com\/puuhamari.fi\/wp-content\/uploads\/2025\/12\/Kehykset-S-e1766068855457.png?fit=958%2C958&ssl=1&resize=350%2C200","width":350,"height":200,"srcset":"https:\/\/i0.wp.com\/puuhamari.fi\/wp-content\/uploads\/2025\/12\/Kehykset-S-e1766068855457.png?fit=958%2C958&ssl=1&resize=350%2C200 1x, https:\/\/i0.wp.com\/puuhamari.fi\/wp-content\/uploads\/2025\/12\/Kehykset-S-e1766068855457.png?fit=958%2C958&ssl=1&resize=525%2C300 1.5x, https:\/\/i0.wp.com\/puuhamari.fi\/wp-content\/uploads\/2025\/12\/Kehykset-S-e1766068855457.png?fit=958%2C958&ssl=1&resize=700%2C400 2x"},"classes":[]},{"id":6881,"url":"https:\/\/puuhamari.fi\/?product=os-kahvipaahtimon-kyltti","url_meta":{"origin":5308,"position":4},"title":"OS &#8211; Kahvipaahtimon kyltti","author":"PuuhaMari","date":"23 elokuun, 2023","format":false,"excerpt":"Ihanaa tunnelmaa keitti\u00f6\u00f6n, patiolle, tarjottimeen, aamiaiskaappiin jne... Sapluunaa suunniteltaessa inspiraatio l\u00f6ytyi oikeasti vanhan, k\u00e4ytetyn kahvinkuljetuslaatikon kyljest\u00e4. Pakkaus sis\u00e4lt\u00e4\u00e4 kolme erillist\u00e4 sapluunanosaa: * pieni sapluuna(20 cm x 10 cm) * iso sapluuna (48 cm x 23 cm) * vaihtoehto sijainnille (48 cm x 4,5 cm) Esimerkkej\u00e4 kuvien\/tekstien koosta: Sana COFFEE =\u2026","rel":"","context":"Samankaltainen artikkeli","block_context":{"text":"Samankaltainen artikkeli","link":""},"img":{"alt_text":"","src":"https:\/\/i0.wp.com\/puuhamari.fi\/wp-content\/uploads\/2023\/08\/Sapluuna-b.png?fit=635%2C635&ssl=1&resize=350%2C200","width":350,"height":200,"srcset":"https:\/\/i0.wp.com\/puuhamari.fi\/wp-content\/uploads\/2023\/08\/Sapluuna-b.png?fit=635%2C635&ssl=1&resize=350%2C200 1x, https:\/\/i0.wp.com\/puuhamari.fi\/wp-content\/uploads\/2023\/08\/Sapluuna-b.png?fit=635%2C635&ssl=1&resize=525%2C300 1.5x"},"classes":[]},{"id":10043,"url":"https:\/\/puuhamari.fi\/?product=forest-fairies","url_meta":{"origin":5308,"position":5},"title":"Siirtokuva Forest Fairies","author":"PuuhaMari","date":"15 elokuun, 2025","format":false,"excerpt":"Mets\u00e4keijujen karkelot ovat alkamassa... N\u00e4it\u00e4 hillityiss\u00e4 v\u00e4reiss\u00e4 (jotkin pelkki\u00e4 varjoja vain...) esiintyvi\u00e4 keijuja, kukkia ja perhosia on t\u00e4ss\u00e4 setiss\u00e4 kokonaiset 36 kpl! Ne on jaettu kolmelle eri kalvolle, joista voit saksilla leikata erilleen kulloiseenkin projektiisi tarvitsemasi osat. Kukin kalvo on korkeudeltaan n. 30 cm, ja leveydelt\u00e4\u00e4n 15 cm. Suurin mets\u00e4keiju\u2026","rel":"","context":"Samankaltainen artikkeli","block_context":{"text":"Samankaltainen artikkeli","link":""},"img":{"alt_text":"","src":"https:\/\/i0.wp.com\/puuhamari.fi\/wp-content\/uploads\/2025\/08\/Forest-Fairies-1.webp?fit=720%2C720&ssl=1&resize=350%2C200","width":350,"height":200,"srcset":"https:\/\/i0.wp.com\/puuhamari.fi\/wp-content\/uploads\/2025\/08\/Forest-Fairies-1.webp?fit=720%2C720&ssl=1&resize=350%2C200 1x, https:\/\/i0.wp.com\/puuhamari.fi\/wp-content\/uploads\/2025\/08\/Forest-Fairies-1.webp?fit=720%2C720&ssl=1&resize=525%2C300 1.5x, https:\/\/i0.wp.com\/puuhamari.fi\/wp-content\/uploads\/2025\/08\/Forest-Fairies-1.webp?fit=720%2C720&ssl=1&resize=700%2C400 2x"},"classes":[]}],"_links":{"self":[{"href":"https:\/\/puuhamari.fi\/index.php?rest_route=\/wp\/v2\/product\/5308","targetHints":{"allow":["GET"]}}],"collection":[{"href":"https:\/\/puuhamari.fi\/index.php?rest_route=\/wp\/v2\/product"}],"about":[{"href":"https:\/\/puuhamari.fi\/index.php?rest_route=\/wp\/v2\/types\/product"}],"replies":[{"embeddable":true,"href":"https:\/\/puuhamari.fi\/index.php?rest_route=%2Fwp%2Fv2%2Fcomments&post=5308"}],"version-history":[{"count":1,"href":"https:\/\/puuhamari.fi\/index.php?rest_route=\/wp\/v2\/product\/5308\/revisions"}],"predecessor-version":[{"id":7678,"href":"https:\/\/puuhamari.fi\/index.php?rest_route=\/wp\/v2\/product\/5308\/revisions\/7678"}],"wp:featuredmedia":[{"embeddable":true,"href":"https:\/\/puuhamari.fi\/index.php?rest_route=\/wp\/v2\/media\/5309"}],"wp:attachment":[{"href":"https:\/\/puuhamari.fi\/index.php?rest_route=%2Fwp%2Fv2%2Fmedia&parent=5308"}],"wp:term":[{"taxonomy":"product_brand","embeddable":true,"href":"https:\/\/puuhamari.fi\/index.php?rest_route=%2Fwp%2Fv2%2Fproduct_brand&post=5308"},{"taxonomy":"product_cat","embeddable":true,"href":"https:\/\/puuhamari.fi\/index.php?rest_route=%2Fwp%2Fv2%2Fproduct_cat&post=5308"},{"taxonomy":"product_tag","embeddable":true,"href":"https:\/\/puuhamari.fi\/index.php?rest_route=%2Fwp%2Fv2%2Fproduct_tag&post=5308"}],"curies":[{"name":"wp","href":"https:\/\/api.w.org\/{rel}","templated":true}]}}