{"id":5402,"date":"2023-03-29T15:45:33","date_gmt":"2023-03-29T15:45:33","guid":{"rendered":"https:\/\/puuhamari.fi\/?post_type=product&#038;p=5402"},"modified":"2025-09-05T04:31:24","modified_gmt":"2025-09-05T01:31:24","slug":"siirtokuva-sweet-dreams","status":"publish","type":"product","link":"https:\/\/puuhamari.fi\/?product=siirtokuva-sweet-dreams","title":{"rendered":"Siirtokuva Sweet Dreams"},"content":{"rendered":"<div class=\"entry-content-asset videofit\">\n<div class=\"jetpack-video-wrapper\"><iframe title=\"re\u00b7design with Prima\u00ae Floral Home Sign with Decor Transfers\u2122\" width=\"720\" height=\"405\" src=\"https:\/\/www.youtube.com\/embed\/c_jBZZeJLB8?feature=oembed\" frameborder=\"0\" allow=\"accelerometer; autoplay; clipboard-write; encrypted-media; gyroscope; picture-in-picture; web-share\" referrerpolicy=\"strict-origin-when-cross-origin\" allowfullscreen><\/iframe><\/div>\n<\/div>\n","protected":false},"excerpt":{"rendered":"<p>Maailman ihanin LAHJA lapsenlapsen huoneeseen!<br \/>\nN\u00e4m\u00e4 isohkot, suloiset hahmot sopivat vaikka lastenhuoneen (tai p\u00e4iv\u00e4kodin!) oveen\/sein\u00e4lle, kalusteisiin, itse tehtyihin tauluihin, vauvan hoitolaukkuun&#8230; Pakkauksessa kaksi 89 cm x 30 cm kokoista kalvoa, joissa yhteens\u00e4 huikeat 35 pient\u00e4 ja suurta siirtokuvaa (joita voi saksilla leikata my\u00f6s pienemmiksi).<\/p>\n<p>Mittaesimerkkej\u00e4:<br \/>\nHarmaan pilven leveys 16,5 cm ja korkeus 8,5 cm.<br \/>\nPupun leveys 13 cm ja korkeus 22,5 cm.<br \/>\nPupu+ilmapallot leveys 26 cm ja korkeus 49,5 cm.<br \/>\nJokainen pikkuinen t\u00e4htikin on erillinen siirtokuva, pienimpien halkaisija n. 1 cm.<\/p>\n<p>Jos tuunauskohteesi on vastamaalattu, anna maalipinnan kovettua rauhassa ainakin 2 vrk:n ajan ennen kuin lis\u00e4\u00e4t siirtokuvan sen pinnalle.<\/p>\n","protected":false},"author":1,"featured_media":5408,"comment_status":"open","ping_status":"closed","template":"","meta":{"advgb_blocks_editor_width":"","advgb_blocks_columns_visual_guide":"","advanced_seo_description":"","jetpack_seo_html_title":"","jetpack_seo_noindex":false,"_kad_post_transparent":"default","_kad_post_title":"","_kad_post_layout":"default","_kad_post_sidebar_id":"","_kad_post_content_style":"default","_kad_post_vertical_padding":"default","_kad_post_feature":"","_kad_post_feature_position":"","_kad_post_header":false,"_kad_post_footer":false,"_kad_post_classname":"","jetpack_post_was_ever_published":false},"product_brand":[],"product_cat":[244],"product_tag":[597,600,602,601,604,603,599,598,596,247,293,245,183,187,246],"class_list":{"0":"post-5402","1":"product","2":"type-product","3":"status-publish","4":"has-post-thumbnail","6":"product_cat-siirtokuvat","7":"product_tag-ankka","8":"product_tag-elefantti","9":"product_tag-ilmapallo","10":"product_tag-kuumailmapallo","11":"product_tag-lahjanauha","12":"product_tag-nauha","13":"product_tag-norsu","14":"product_tag-orava","15":"product_tag-pilvi","16":"product_tag-prima","17":"product_tag-pupu","18":"product_tag-siirtokuva","19":"product_tag-sydan","20":"product_tag-tahti","21":"product_tag-transfer","23":"first","24":"instock","25":"sale","26":"taxable","27":"shipping-taxable","28":"purchasable","29":"product-type-simple","30":"entry","31":"content-bg","32":"loop-entry"},"featured_img":"https:\/\/puuhamari.fi\/wp-content\/uploads\/2023\/03\/Sweet-Dreams-AAAb.png","coauthors":[],"author_meta":{"author_link":"https:\/\/puuhamari.fi\/?author=1","display_name":"PuuhaMari"},"relative_dates":{"created":"Julkaistu 3 vuotta sitten","modified":"P\u00e4ivitetty 8 kuukautta sitten"},"absolute_dates":{"created":"Julkaistu 29 maaliskuun, 2023","modified":"P\u00e4ivitetty 5 syyskuun, 2025"},"absolute_dates_time":{"created":"Julkaistu 29 maaliskuun, 2023 3:45 pm","modified":"P\u00e4ivitetty 5 syyskuun, 2025 4:31 am"},"featured_img_caption":"","tax_additional":{"product_brand":{"linked":[],"unlinked":[],"slug":"product_brand","name":"Br\u00e4ndit"},"product_type":{"linked":["<a href=\"https:\/\/puuhamari.fi\/?taxonomy=product_type&#038;term=simple\" class=\"advgb-post-tax-term\">simple<\/a>"],"unlinked":["<span class=\"advgb-post-tax-term\">simple<\/span>"],"slug":"product_type","name":"Tuotetyyppi"},"product_visibility":{"linked":[],"unlinked":[],"slug":"product_visibility","name":"Tuotteen n\u00e4kyvyys"},"product_cat":{"linked":["<a href=\"https:\/\/puuhamari.fi\/?product_cat=siirtokuvat\" class=\"advgb-post-tax-term\">Siirtokuvat<\/a>"],"unlinked":["<span class=\"advgb-post-tax-term\">Siirtokuvat<\/span>"],"slug":"product_cat","name":"Osastot"},"product_tag":{"linked":["<a href=\"https:\/\/puuhamari.fi\/?product_tag=ankka\" class=\"advgb-post-tax-term\">Ankka<\/a>","<a href=\"https:\/\/puuhamari.fi\/?product_tag=elefantti\" class=\"advgb-post-tax-term\">Elefantti<\/a>","<a href=\"https:\/\/puuhamari.fi\/?product_tag=ilmapallo\" class=\"advgb-post-tax-term\">Ilmapallo<\/a>","<a href=\"https:\/\/puuhamari.fi\/?product_tag=kuumailmapallo\" class=\"advgb-post-tax-term\">Kuumailmapallo<\/a>","<a href=\"https:\/\/puuhamari.fi\/?product_tag=lahjanauha\" class=\"advgb-post-tax-term\">Lahjanauha<\/a>","<a href=\"https:\/\/puuhamari.fi\/?product_tag=nauha\" class=\"advgb-post-tax-term\">Nauha<\/a>","<a href=\"https:\/\/puuhamari.fi\/?product_tag=norsu\" class=\"advgb-post-tax-term\">Norsu<\/a>","<a href=\"https:\/\/puuhamari.fi\/?product_tag=orava\" class=\"advgb-post-tax-term\">Orava<\/a>","<a href=\"https:\/\/puuhamari.fi\/?product_tag=pilvi\" class=\"advgb-post-tax-term\">Pilvi<\/a>","<a href=\"https:\/\/puuhamari.fi\/?product_tag=prima\" class=\"advgb-post-tax-term\">Prima<\/a>","<a href=\"https:\/\/puuhamari.fi\/?product_tag=pupu\" class=\"advgb-post-tax-term\">Pupu<\/a>","<a href=\"https:\/\/puuhamari.fi\/?product_tag=siirtokuva\" class=\"advgb-post-tax-term\">Siirtokuva<\/a>","<a href=\"https:\/\/puuhamari.fi\/?product_tag=sydan\" class=\"advgb-post-tax-term\">Syd\u00e4n<\/a>","<a href=\"https:\/\/puuhamari.fi\/?product_tag=tahti\" class=\"advgb-post-tax-term\">T\u00e4hti<\/a>","<a href=\"https:\/\/puuhamari.fi\/?product_tag=transfer\" class=\"advgb-post-tax-term\">Transfer<\/a>"],"unlinked":["<span class=\"advgb-post-tax-term\">Ankka<\/span>","<span class=\"advgb-post-tax-term\">Elefantti<\/span>","<span class=\"advgb-post-tax-term\">Ilmapallo<\/span>","<span class=\"advgb-post-tax-term\">Kuumailmapallo<\/span>","<span class=\"advgb-post-tax-term\">Lahjanauha<\/span>","<span class=\"advgb-post-tax-term\">Nauha<\/span>","<span class=\"advgb-post-tax-term\">Norsu<\/span>","<span class=\"advgb-post-tax-term\">Orava<\/span>","<span class=\"advgb-post-tax-term\">Pilvi<\/span>","<span class=\"advgb-post-tax-term\">Prima<\/span>","<span class=\"advgb-post-tax-term\">Pupu<\/span>","<span class=\"advgb-post-tax-term\">Siirtokuva<\/span>","<span class=\"advgb-post-tax-term\">Syd\u00e4n<\/span>","<span class=\"advgb-post-tax-term\">T\u00e4hti<\/span>","<span class=\"advgb-post-tax-term\">Transfer<\/span>"],"slug":"product_tag","name":"Avainsanat tuotteelle"},"product_shipping_class":{"linked":[],"unlinked":[],"slug":"product_shipping_class","name":"Tuotteen toimitusluokat"},"pos_product_visibility":{"linked":[],"unlinked":[],"slug":"pos_product_visibility","name":"POS Product visibility"},"pa_arkin-koko":{"linked":[],"unlinked":[],"slug":"pa_arkin-koko","name":"Tuote Arkin koko"},"pa_hiomatyynyn-karkeus":{"linked":[],"unlinked":[],"slug":"pa_hiomatyynyn-karkeus","name":"Tuote Hiomatyynyn karkeus"},"pa_kehys":{"linked":[],"unlinked":[],"slug":"pa_kehys","name":"Tuote Kehys"},"pa_kuvion-nro":{"linked":[],"unlinked":[],"slug":"pa_kuvion-nro","name":"Tuote Kuvion nro"},"pa_littean-pensselin-koko":{"linked":[],"unlinked":[],"slug":"pa_littean-pensselin-koko","name":"Tuote Litte\u00e4n pensselin koko"},"pa_maalivari":{"linked":[],"unlinked":[],"slug":"pa_maalivari","name":"Tuote Maaliv\u00e4ri"},"pa_palatapettien-lkm":{"linked":[],"unlinked":[],"slug":"pa_palatapettien-lkm","name":"Tuote Palatapettien lkm"},"pa_purkin-koko":{"linked":[],"unlinked":[],"slug":"pa_purkin-koko","name":"Tuote Purkin koko"},"pa_sapluunan-koko":{"linked":[],"unlinked":[],"slug":"pa_sapluunan-koko","name":"Tuote Sapluunan koko"},"pa_tabletti":{"linked":[],"unlinked":[],"slug":"pa_tabletti","name":"Tuote Tabletti"},"pa_valitse-sisalto":{"linked":[],"unlinked":[],"slug":"pa_valitse-sisalto","name":"Tuote Valitse sis\u00e4lt\u00f6"},"pa_varjostin":{"linked":[],"unlinked":[],"slug":"pa_varjostin","name":"Tuote Varjostin"}},"series_order":"","jetpack_sharing_enabled":true,"jetpack_likes_enabled":true,"jetpack-related-posts":[{"id":5308,"url":"https:\/\/puuhamari.fi\/?product=hyllykko-uusi","url_meta":{"origin":5402,"position":0},"title":"Hyllykk\u00f6 &#8211; uusi","author":"PuuhaMari","date":"23 maaliskuun, 2023","format":false,"excerpt":"Ultrakevyt, n\u00e4pp\u00e4r\u00e4 pikku hyllykk\u00f6 sis\u00e4lle, parvekkeelle, terassille... Maalaa ja koristele esim. Die Cut -askartelukuvioillamme tai siirtokuvilla! Lastenhuoneeseen sorminukketeatteriksi, olohuoneeseen sukankutimille, tai saunaan polttopuille? Korkeus 51 cm, leveys 41 cm, syvyys 25 cm.","rel":"","context":"Samankaltainen artikkeli","block_context":{"text":"Samankaltainen artikkeli","link":""},"img":{"alt_text":"","src":"https:\/\/i0.wp.com\/puuhamari.fi\/wp-content\/uploads\/2023\/03\/Hyllykko-1.jpg?fit=1015%2C1200&ssl=1&resize=350%2C200","width":350,"height":200,"srcset":"https:\/\/i0.wp.com\/puuhamari.fi\/wp-content\/uploads\/2023\/03\/Hyllykko-1.jpg?fit=1015%2C1200&ssl=1&resize=350%2C200 1x, https:\/\/i0.wp.com\/puuhamari.fi\/wp-content\/uploads\/2023\/03\/Hyllykko-1.jpg?fit=1015%2C1200&ssl=1&resize=525%2C300 1.5x, https:\/\/i0.wp.com\/puuhamari.fi\/wp-content\/uploads\/2023\/03\/Hyllykko-1.jpg?fit=1015%2C1200&ssl=1&resize=700%2C400 2x"},"classes":[]},{"id":6501,"url":"https:\/\/puuhamari.fi\/?product=siirtokuva-fox-meadows","url_meta":{"origin":5402,"position":1},"title":"Siirtokuva Fox Meadows","author":"PuuhaMari","date":"6 hein\u00e4kuun, 2023","format":false,"excerpt":"U.P.E.A. luontokuva kahdesta ketusta mets\u00e4n siimeksess\u00e4! Syd\u00e4n ihan paisuu kunnioituksesta n\u00e4it\u00e4 luontokappaleita kohtaan... Moni kalustetuunaaja on ymm\u00e4rrett\u00e4v\u00e4st\u00e4 syyst\u00e4 yhdist\u00e4nyt kuvan paljaasta puupinnasta huokuvan luonnollisuuden kanssa, mutta se sopii eritt\u00e4in kauniisti yhteen my\u00f6s erilaisten maalattujen kalusteiden kanssa. Vai tekisitk\u00f6 t\u00e4st\u00e4 TAULUN sein\u00e4llesi? Koristelisitko sill\u00e4 ikkunan? Kokovartalopeilin tai oven alaosan? Kettukuvan korkeus\u2026","rel":"","context":"With 4 comments","block_context":{"text":"With 4 comments","link":"https:\/\/puuhamari.fi\/?product=siirtokuva-fox-meadows#comments"},"img":{"alt_text":"","src":"https:\/\/i0.wp.com\/puuhamari.fi\/wp-content\/uploads\/2023\/07\/Fox-Meadows.jpg?fit=1000%2C1000&ssl=1&resize=350%2C200","width":350,"height":200,"srcset":"https:\/\/i0.wp.com\/puuhamari.fi\/wp-content\/uploads\/2023\/07\/Fox-Meadows.jpg?fit=1000%2C1000&ssl=1&resize=350%2C200 1x, https:\/\/i0.wp.com\/puuhamari.fi\/wp-content\/uploads\/2023\/07\/Fox-Meadows.jpg?fit=1000%2C1000&ssl=1&resize=525%2C300 1.5x, https:\/\/i0.wp.com\/puuhamari.fi\/wp-content\/uploads\/2023\/07\/Fox-Meadows.jpg?fit=1000%2C1000&ssl=1&resize=700%2C400 2x"},"classes":[]},{"id":10478,"url":"https:\/\/puuhamari.fi\/?product=valokuvakehykset-14x19-cm","url_meta":{"origin":5402,"position":2},"title":"Valokuvakehykset 14&#215;19 cm","author":"PuuhaMari","date":"18 joulukuun, 2025","format":false,"excerpt":"Valokuvakehys #9, Syd\u00e4n: \u2022 korkeus 19 cm \u2022 leveys 14 cm \u2022 paksuus 1 cm \u2022 kuva-aukko n. 10x10 cm \u2022 taustassa p\u00f6yt\u00e4tuki Valokuvakehys #10, PuuhaMari: \u2022 korkeus 19 cm \u2022 leveys 14 cm \u2022 paksuus 1 cm \u2022 kuva-aukko n. 9x14 cm \u2022 taustassa valmiina ainoastaan sein\u00e4\u00e4nripustus pystyasennossa Valokuvakehys\u2026","rel":"","context":"Samankaltainen artikkeli","block_context":{"text":"Samankaltainen artikkeli","link":""},"img":{"alt_text":"","src":"https:\/\/i0.wp.com\/puuhamari.fi\/wp-content\/uploads\/2025\/12\/Kehykset-S-e1766068855457.png?fit=958%2C958&ssl=1&resize=350%2C200","width":350,"height":200,"srcset":"https:\/\/i0.wp.com\/puuhamari.fi\/wp-content\/uploads\/2025\/12\/Kehykset-S-e1766068855457.png?fit=958%2C958&ssl=1&resize=350%2C200 1x, https:\/\/i0.wp.com\/puuhamari.fi\/wp-content\/uploads\/2025\/12\/Kehykset-S-e1766068855457.png?fit=958%2C958&ssl=1&resize=525%2C300 1.5x, https:\/\/i0.wp.com\/puuhamari.fi\/wp-content\/uploads\/2025\/12\/Kehykset-S-e1766068855457.png?fit=958%2C958&ssl=1&resize=700%2C400 2x"},"classes":[]},{"id":9696,"url":"https:\/\/puuhamari.fi\/?product=pikkutarjotin","url_meta":{"origin":5402,"position":3},"title":"Pikkutarjotin &#8211; uusi","author":"PuuhaMari","date":"15 toukokuun, 2025","format":false,"excerpt":"Poppelipuusta valmistettu pikkutarjotin esim. keitti\u00f6p\u00f6yd\u00e4n sekalaisten pikkutavaroiden kokoamiseksi siististi yhteen paikkaan, tai kes\u00e4aamun aamiaiskahvin ja -s\u00e4mpyl\u00e4n viemiseksi parvekkeelle\/puutarhaan. Maalaa, k\u00e4yt\u00e4 siirtokuvia, mosaiikkipaloja, sapluunoita - tai koristele Made by Marley -decoupage papereilla, joista yksi esimerkki kakkoskuvassa. Milt\u00e4 kuulostaisi kev\u00e4t-, kes\u00e4-, syksy- ja talviaiheiset pikkutarjottimet? Voisivat menn\u00e4 vaikka \"tauluiksi\" sin\u00e4lle! Pituus: 30\u2026","rel":"","context":"Samankaltainen artikkeli","block_context":{"text":"Samankaltainen artikkeli","link":""},"img":{"alt_text":"","src":"https:\/\/i0.wp.com\/puuhamari.fi\/wp-content\/uploads\/2025\/05\/Tarjotin.png?fit=1080%2C1080&ssl=1&resize=350%2C200","width":350,"height":200,"srcset":"https:\/\/i0.wp.com\/puuhamari.fi\/wp-content\/uploads\/2025\/05\/Tarjotin.png?fit=1080%2C1080&ssl=1&resize=350%2C200 1x, https:\/\/i0.wp.com\/puuhamari.fi\/wp-content\/uploads\/2025\/05\/Tarjotin.png?fit=1080%2C1080&ssl=1&resize=525%2C300 1.5x, https:\/\/i0.wp.com\/puuhamari.fi\/wp-content\/uploads\/2025\/05\/Tarjotin.png?fit=1080%2C1080&ssl=1&resize=700%2C400 2x, https:\/\/i0.wp.com\/puuhamari.fi\/wp-content\/uploads\/2025\/05\/Tarjotin.png?fit=1080%2C1080&ssl=1&resize=1050%2C600 3x"},"classes":[]},{"id":9130,"url":"https:\/\/puuhamari.fi\/?product=annostelija-kasipyyhkeille-uusi","url_meta":{"origin":5402,"position":4},"title":"Annostelija k\u00e4sipyyhkeille &#8211; uusi","author":"PuuhaMari","date":"24 lokakuun, 2024","format":false,"excerpt":"Kevyt ja kaunissyinen annostelulaatikko, jonka pohjalevy liukuu auki t\u00e4ytt\u00f6\u00e4 varten. Mitoiltaan hyvin yhteensopiva Suomessa yleisesti myyt\u00e4vien k\u00e4sipyyhkeiden kanssa. Vai liimaisitko mieluummin kannessa olevan kolon umpeen muovi-ikkunalla, peilill\u00e4 tai kauniilla kankaanpalalla\/pitsill\u00e4, ja s\u00e4ilytt\u00e4isit siin\u00e4 omia tai lastenlasten aarteita??? Koristelutarpeissa k\u00e4ytett\u00e4v\u00e4n\u00e4si ovat my\u00f6s esim. PuuhaMarin verkkiksen upeat siirtokuvat, palatapetit ja DieCuts:it. Pituus:\u2026","rel":"","context":"Samankaltainen artikkeli","block_context":{"text":"Samankaltainen artikkeli","link":""},"img":{"alt_text":"","src":"https:\/\/i0.wp.com\/puuhamari.fi\/wp-content\/uploads\/2024\/10\/Tissue-Box-1.png?fit=948%2C971&ssl=1&resize=350%2C200","width":350,"height":200,"srcset":"https:\/\/i0.wp.com\/puuhamari.fi\/wp-content\/uploads\/2024\/10\/Tissue-Box-1.png?fit=948%2C971&ssl=1&resize=350%2C200 1x, https:\/\/i0.wp.com\/puuhamari.fi\/wp-content\/uploads\/2024\/10\/Tissue-Box-1.png?fit=948%2C971&ssl=1&resize=525%2C300 1.5x, https:\/\/i0.wp.com\/puuhamari.fi\/wp-content\/uploads\/2024\/10\/Tissue-Box-1.png?fit=948%2C971&ssl=1&resize=700%2C400 2x"},"classes":[]},{"id":9126,"url":"https:\/\/puuhamari.fi\/?product=kynttilanjalka-uusi","url_meta":{"origin":5402,"position":5},"title":"Kynttil\u00e4njalka &#8211; uusi","author":"PuuhaMari","date":"24 lokakuun, 2024","format":false,"excerpt":"Tukeva, kauniskaarteinen perusjalka yhdelle pitk\u00e4lle (esim. kruunu-) kynttil\u00e4lle. Mukavan pieni projekti kiireiselle tuunaajalle tai vasta-alkajalle. Maalaa joko yksiv\u00e4riseksi, tai iloittele shakki-\/salmiakkiruuduilla, kulta-\/hopeamaalilla, raidoilla, palloilla... Tai hei: leikkaa sopivan pieni(\u00e4) os(i)a - pupuja, kettuja, lehvi\u00e4 tms. - jostain PuuhaMarin verkkokaupan verkkosapluunasta, ja koristele jalka niill\u00e4!!! Korkeus: 16,5 cm Alaosan leveys: 5,5\u2026","rel":"","context":"Samankaltainen artikkeli","block_context":{"text":"Samankaltainen artikkeli","link":""},"img":{"alt_text":"","src":"https:\/\/i0.wp.com\/puuhamari.fi\/wp-content\/uploads\/2024\/10\/Candle-Holder.png?fit=804%2C804&ssl=1&resize=350%2C200","width":350,"height":200,"srcset":"https:\/\/i0.wp.com\/puuhamari.fi\/wp-content\/uploads\/2024\/10\/Candle-Holder.png?fit=804%2C804&ssl=1&resize=350%2C200 1x, https:\/\/i0.wp.com\/puuhamari.fi\/wp-content\/uploads\/2024\/10\/Candle-Holder.png?fit=804%2C804&ssl=1&resize=525%2C300 1.5x, https:\/\/i0.wp.com\/puuhamari.fi\/wp-content\/uploads\/2024\/10\/Candle-Holder.png?fit=804%2C804&ssl=1&resize=700%2C400 2x"},"classes":[]}],"_links":{"self":[{"href":"https:\/\/puuhamari.fi\/index.php?rest_route=\/wp\/v2\/product\/5402","targetHints":{"allow":["GET"]}}],"collection":[{"href":"https:\/\/puuhamari.fi\/index.php?rest_route=\/wp\/v2\/product"}],"about":[{"href":"https:\/\/puuhamari.fi\/index.php?rest_route=\/wp\/v2\/types\/product"}],"replies":[{"embeddable":true,"href":"https:\/\/puuhamari.fi\/index.php?rest_route=%2Fwp%2Fv2%2Fcomments&post=5402"}],"version-history":[{"count":1,"href":"https:\/\/puuhamari.fi\/index.php?rest_route=\/wp\/v2\/product\/5402\/revisions"}],"predecessor-version":[{"id":7594,"href":"https:\/\/puuhamari.fi\/index.php?rest_route=\/wp\/v2\/product\/5402\/revisions\/7594"}],"wp:featuredmedia":[{"embeddable":true,"href":"https:\/\/puuhamari.fi\/index.php?rest_route=\/wp\/v2\/media\/5408"}],"wp:attachment":[{"href":"https:\/\/puuhamari.fi\/index.php?rest_route=%2Fwp%2Fv2%2Fmedia&parent=5402"}],"wp:term":[{"taxonomy":"product_brand","embeddable":true,"href":"https:\/\/puuhamari.fi\/index.php?rest_route=%2Fwp%2Fv2%2Fproduct_brand&post=5402"},{"taxonomy":"product_cat","embeddable":true,"href":"https:\/\/puuhamari.fi\/index.php?rest_route=%2Fwp%2Fv2%2Fproduct_cat&post=5402"},{"taxonomy":"product_tag","embeddable":true,"href":"https:\/\/puuhamari.fi\/index.php?rest_route=%2Fwp%2Fv2%2Fproduct_tag&post=5402"}],"curies":[{"name":"wp","href":"https:\/\/api.w.org\/{rel}","templated":true}]}}