{"id":5593,"date":"2023-04-12T15:14:39","date_gmt":"2023-04-12T15:14:39","guid":{"rendered":"https:\/\/puuhamari.fi\/?post_type=product&#038;p=5593"},"modified":"2025-09-05T04:30:53","modified_gmt":"2025-09-05T01:30:53","slug":"verstaspoydan-varaus","status":"publish","type":"product","link":"https:\/\/puuhamari.fi\/?product=verstaspoydan-varaus","title":{"rendered":"Verstasp\u00f6yd\u00e4n varaus"},"content":{"rendered":"","protected":false},"excerpt":{"rendered":"<p>Tarvitsetko tilaa tuunaukselle? PuuhaMarin Putiikin verstasnurkkauksesta voit varata itsellesi p\u00f6yd\u00e4n mit\u00e4 tahansa tuunailua varten.<\/p>\n<p>Varaushinta on 10 \u20ac\/projekti (ei siis per tunti tai p\u00e4iv\u00e4!). Tuo summa hyvitet\u00e4\u00e4n takaisin sinulle, jos ostat mink\u00e4 tahansa tuotteen hyllyst\u00e4mme k\u00e4sill\u00e4 olevaan projektiisi.<\/p>\n<p>Huomaa, ett\u00e4 PuuhaMari hyv\u00e4ksyy ja aktivoi ilmoituksesi verstaan varauksesta vasta kun olet suorittanut varausmaksun.<\/p>\n<p>Lue lis\u00e4\u00e4 t\u00e4\u00e4lt\u00e4: <a href=\"https:\/\/puuhamari.fi\/?p=5566\">Varaa itsellesi p\u00f6yt\u00e4 verstaalta.<\/a><\/p>\n","protected":false},"author":1,"featured_media":5594,"comment_status":"closed","ping_status":"closed","template":"","meta":{"advgb_blocks_editor_width":"","advgb_blocks_columns_visual_guide":"","advanced_seo_description":"","jetpack_seo_html_title":"","jetpack_seo_noindex":false,"_kad_post_transparent":"default","_kad_post_title":"","_kad_post_layout":"default","_kad_post_sidebar_id":"","_kad_post_content_style":"default","_kad_post_vertical_padding":"default","_kad_post_feature":"","_kad_post_feature_position":"","_kad_post_header":false,"_kad_post_footer":false,"_kad_post_classname":"","jetpack_post_was_ever_published":false},"product_brand":[],"product_cat":[255],"product_tag":[383,662,540,660,659,661],"class_list":{"0":"post-5593","1":"product","2":"type-product","3":"status-publish","4":"has-post-thumbnail","6":"product_cat-verstas-kurssit-ja-luennot","7":"product_tag-maalaus","8":"product_tag-pori","9":"product_tag-tuunaus","10":"product_tag-tyotila","11":"product_tag-verstas","12":"product_tag-vuokratila","14":"first","15":"instock","16":"taxable","17":"shipping-taxable","18":"purchasable","19":"product-type-simple","20":"entry","21":"content-bg","22":"loop-entry"},"featured_img":"https:\/\/puuhamari.fi\/wp-content\/uploads\/2023\/04\/art-supplies-Bitmoji.png","coauthors":[],"author_meta":{"author_link":"https:\/\/puuhamari.fi\/?author=1","display_name":"PuuhaMari"},"relative_dates":{"created":"Julkaistu 3 vuotta sitten","modified":"P\u00e4ivitetty 8 kuukautta sitten"},"absolute_dates":{"created":"Julkaistu 12 huhtikuun, 2023","modified":"P\u00e4ivitetty 5 syyskuun, 2025"},"absolute_dates_time":{"created":"Julkaistu 12 huhtikuun, 2023 3:14 pm","modified":"P\u00e4ivitetty 5 syyskuun, 2025 4:30 am"},"featured_img_caption":"","tax_additional":{"product_brand":{"linked":[],"unlinked":[],"slug":"product_brand","name":"Br\u00e4ndit"},"product_type":{"linked":["<a href=\"https:\/\/puuhamari.fi\/?taxonomy=product_type&#038;term=simple\" class=\"advgb-post-tax-term\">simple<\/a>"],"unlinked":["<span class=\"advgb-post-tax-term\">simple<\/span>"],"slug":"product_type","name":"Tuotetyyppi"},"product_visibility":{"linked":[],"unlinked":[],"slug":"product_visibility","name":"Tuotteen n\u00e4kyvyys"},"product_cat":{"linked":["<a href=\"https:\/\/puuhamari.fi\/?product_cat=verstas-kurssit-ja-luennot\" class=\"advgb-post-tax-term\">Verstas, kurssit ja luennot<\/a>"],"unlinked":["<span class=\"advgb-post-tax-term\">Verstas, kurssit ja luennot<\/span>"],"slug":"product_cat","name":"Osastot"},"product_tag":{"linked":["<a href=\"https:\/\/puuhamari.fi\/?product_tag=maalaus\" class=\"advgb-post-tax-term\">Maalaus<\/a>","<a href=\"https:\/\/puuhamari.fi\/?product_tag=pori\" class=\"advgb-post-tax-term\">Pori<\/a>","<a href=\"https:\/\/puuhamari.fi\/?product_tag=tuunaus\" class=\"advgb-post-tax-term\">Tuunaus<\/a>","<a href=\"https:\/\/puuhamari.fi\/?product_tag=tyotila\" class=\"advgb-post-tax-term\">ty\u00f6tila<\/a>","<a href=\"https:\/\/puuhamari.fi\/?product_tag=verstas\" class=\"advgb-post-tax-term\">verstas<\/a>","<a href=\"https:\/\/puuhamari.fi\/?product_tag=vuokratila\" class=\"advgb-post-tax-term\">vuokratila<\/a>"],"unlinked":["<span class=\"advgb-post-tax-term\">Maalaus<\/span>","<span class=\"advgb-post-tax-term\">Pori<\/span>","<span class=\"advgb-post-tax-term\">Tuunaus<\/span>","<span class=\"advgb-post-tax-term\">ty\u00f6tila<\/span>","<span class=\"advgb-post-tax-term\">verstas<\/span>","<span class=\"advgb-post-tax-term\">vuokratila<\/span>"],"slug":"product_tag","name":"Avainsanat tuotteelle"},"product_shipping_class":{"linked":[],"unlinked":[],"slug":"product_shipping_class","name":"Tuotteen toimitusluokat"},"pos_product_visibility":{"linked":[],"unlinked":[],"slug":"pos_product_visibility","name":"POS Product visibility"},"pa_arkin-koko":{"linked":[],"unlinked":[],"slug":"pa_arkin-koko","name":"Tuote Arkin koko"},"pa_hiomatyynyn-karkeus":{"linked":[],"unlinked":[],"slug":"pa_hiomatyynyn-karkeus","name":"Tuote Hiomatyynyn karkeus"},"pa_kehys":{"linked":[],"unlinked":[],"slug":"pa_kehys","name":"Tuote Kehys"},"pa_kuvion-nro":{"linked":[],"unlinked":[],"slug":"pa_kuvion-nro","name":"Tuote Kuvion nro"},"pa_littean-pensselin-koko":{"linked":[],"unlinked":[],"slug":"pa_littean-pensselin-koko","name":"Tuote Litte\u00e4n pensselin koko"},"pa_maalivari":{"linked":[],"unlinked":[],"slug":"pa_maalivari","name":"Tuote Maaliv\u00e4ri"},"pa_palatapettien-lkm":{"linked":[],"unlinked":[],"slug":"pa_palatapettien-lkm","name":"Tuote Palatapettien lkm"},"pa_purkin-koko":{"linked":[],"unlinked":[],"slug":"pa_purkin-koko","name":"Tuote Purkin koko"},"pa_sapluunan-koko":{"linked":[],"unlinked":[],"slug":"pa_sapluunan-koko","name":"Tuote Sapluunan koko"},"pa_tabletti":{"linked":[],"unlinked":[],"slug":"pa_tabletti","name":"Tuote Tabletti"},"pa_valitse-sisalto":{"linked":[],"unlinked":[],"slug":"pa_valitse-sisalto","name":"Tuote Valitse sis\u00e4lt\u00f6"},"pa_varjostin":{"linked":[],"unlinked":[],"slug":"pa_varjostin","name":"Tuote Varjostin"}},"series_order":"","jetpack_sharing_enabled":true,"jetpack_likes_enabled":true,"jetpack-related-posts":[{"id":2731,"url":"https:\/\/puuhamari.fi\/?product=little-lamb","url_meta":{"origin":5593,"position":0},"title":"Little Lamb","author":"PuuhaMari","date":"2 maaliskuun, 2022","format":false,"excerpt":"Innostu harmaasta t\u00e4m\u00e4n pehme\u00e4n neutraalin s\u00e4vyn kautta, joka tuo perinteikkyytt\u00e4 mihin tahansa tee-se-itse -projektiin. Se on eritt\u00e4in monik\u00e4ytt\u00f6inen s\u00e4vy ja sopeutuu kaikkiin Fusion-v\u00e4reihin, joten voit my\u00f6s k\u00e4ytt\u00e4\u00e4 sit\u00e4 miss\u00e4 tahansa v\u00e4riyhdistelmiss\u00e4.","rel":"","context":"With 1 comment","block_context":{"text":"With 1 comment","link":"https:\/\/puuhamari.fi\/?product=little-lamb#comments"},"img":{"alt_text":"","src":"https:\/\/i0.wp.com\/puuhamari.fi\/wp-content\/uploads\/2022\/03\/fusion_mineral_paint-littlelamb-pint-B.jpg?fit=1200%2C1200&ssl=1&resize=350%2C200","width":350,"height":200,"srcset":"https:\/\/i0.wp.com\/puuhamari.fi\/wp-content\/uploads\/2022\/03\/fusion_mineral_paint-littlelamb-pint-B.jpg?fit=1200%2C1200&ssl=1&resize=350%2C200 1x, https:\/\/i0.wp.com\/puuhamari.fi\/wp-content\/uploads\/2022\/03\/fusion_mineral_paint-littlelamb-pint-B.jpg?fit=1200%2C1200&ssl=1&resize=525%2C300 1.5x, https:\/\/i0.wp.com\/puuhamari.fi\/wp-content\/uploads\/2022\/03\/fusion_mineral_paint-littlelamb-pint-B.jpg?fit=1200%2C1200&ssl=1&resize=700%2C400 2x, https:\/\/i0.wp.com\/puuhamari.fi\/wp-content\/uploads\/2022\/03\/fusion_mineral_paint-littlelamb-pint-B.jpg?fit=1200%2C1200&ssl=1&resize=1050%2C600 3x"},"classes":[]},{"id":2629,"url":"https:\/\/puuhamari.fi\/?product=champlain","url_meta":{"origin":5593,"position":1},"title":"Champlain","author":"PuuhaMari","date":"28 helmikuun, 2022","format":false,"excerpt":"Ep\u00e4ilyksett\u00e4 Fusionin suosituin neutraali: l\u00e4mmin, kellert\u00e4v\u00e4 valkoinen. Oli projektisi sitten pieni tai suuri, t\u00e4m\u00e4 kaunis s\u00e4vy sopii minne tahansa.","rel":"","context":"With 3 comments","block_context":{"text":"With 3 comments","link":"https:\/\/puuhamari.fi\/?product=champlain#comments"},"img":{"alt_text":"","src":"https:\/\/i0.wp.com\/puuhamari.fi\/wp-content\/uploads\/2022\/02\/Fusion_Mineral_Paint_Champlain_pint-b-scaled.jpg?fit=1200%2C1200&ssl=1&resize=350%2C200","width":350,"height":200,"srcset":"https:\/\/i0.wp.com\/puuhamari.fi\/wp-content\/uploads\/2022\/02\/Fusion_Mineral_Paint_Champlain_pint-b-scaled.jpg?fit=1200%2C1200&ssl=1&resize=350%2C200 1x, https:\/\/i0.wp.com\/puuhamari.fi\/wp-content\/uploads\/2022\/02\/Fusion_Mineral_Paint_Champlain_pint-b-scaled.jpg?fit=1200%2C1200&ssl=1&resize=525%2C300 1.5x, https:\/\/i0.wp.com\/puuhamari.fi\/wp-content\/uploads\/2022\/02\/Fusion_Mineral_Paint_Champlain_pint-b-scaled.jpg?fit=1200%2C1200&ssl=1&resize=700%2C400 2x, https:\/\/i0.wp.com\/puuhamari.fi\/wp-content\/uploads\/2022\/02\/Fusion_Mineral_Paint_Champlain_pint-b-scaled.jpg?fit=1200%2C1200&ssl=1&resize=1050%2C600 3x"},"classes":[]},{"id":2738,"url":"https:\/\/puuhamari.fi\/?product=midnight-blue","url_meta":{"origin":5593,"position":2},"title":"Midnight Blue","author":"PuuhaMari","date":"2 maaliskuun, 2022","format":false,"excerpt":"Trendik\u00e4s, syv\u00e4 tummansininen - l\u00e4hestulkoon mustanpuhuva - tekee takuuvarman vaikutuksen miss\u00e4 tahansa kalusteessasi. Huom! Jos sinulla on suuri projekti: Midnight Blueta on nyt saatavana edullisemmin 2 litran pullossa. Tarkoittaa suomeksi sanottuna sit\u00e4, ett\u00e4 saat nelj\u00e4n normaalikokoisen (500 ml) purkin verran maalia kolmen purkin hinnalla!","rel":"","context":"With 1 comment","block_context":{"text":"With 1 comment","link":"https:\/\/puuhamari.fi\/?product=midnight-blue#comments"},"img":{"alt_text":"","src":"https:\/\/i0.wp.com\/puuhamari.fi\/wp-content\/uploads\/2022\/03\/Fusion_Mineral_Paint_Midnight_Blue_pint-b-scaled.jpg?fit=1200%2C1200&ssl=1&resize=350%2C200","width":350,"height":200,"srcset":"https:\/\/i0.wp.com\/puuhamari.fi\/wp-content\/uploads\/2022\/03\/Fusion_Mineral_Paint_Midnight_Blue_pint-b-scaled.jpg?fit=1200%2C1200&ssl=1&resize=350%2C200 1x, https:\/\/i0.wp.com\/puuhamari.fi\/wp-content\/uploads\/2022\/03\/Fusion_Mineral_Paint_Midnight_Blue_pint-b-scaled.jpg?fit=1200%2C1200&ssl=1&resize=525%2C300 1.5x, https:\/\/i0.wp.com\/puuhamari.fi\/wp-content\/uploads\/2022\/03\/Fusion_Mineral_Paint_Midnight_Blue_pint-b-scaled.jpg?fit=1200%2C1200&ssl=1&resize=700%2C400 2x, https:\/\/i0.wp.com\/puuhamari.fi\/wp-content\/uploads\/2022\/03\/Fusion_Mineral_Paint_Midnight_Blue_pint-b-scaled.jpg?fit=1200%2C1200&ssl=1&resize=1050%2C600 3x"},"classes":[]},{"id":8916,"url":"https:\/\/puuhamari.fi\/?product=alkeiskurssi-kalustemaalaus","url_meta":{"origin":5593,"position":3},"title":"Alkeiskurssi &#8211; kalustemaalaus","author":"PuuhaMari","date":"12 syyskuun, 2024","format":false,"excerpt":"Seuraavan alkeiskurssin ajankohta: Tiedustelut PuuhaMarilta nrosta 050-541 6919. Paikka: PuuhaMarin Putiikki, Pori Kesto: n. 2 h\/pv\u00e4 (la+su), yhteens\u00e4 n. 4 h Ryhm\u00e4koko: max. 4 henke\u00e4 Tuo mukanasi jokin pieni kaluste (esim. jakkara, y\u00f6p\u00f6yt\u00e4, CD-hyllykk\u00f6), jonka tuunaat viikonlopun aikana. Se saa olla mit\u00e4 tahansa materiaalia; puuta, kalustelevy\u00e4, metallia tai jopa muovia.\u2026","rel":"","context":"Samankaltainen artikkeli","block_context":{"text":"Samankaltainen artikkeli","link":""},"img":{"alt_text":"","src":"https:\/\/i0.wp.com\/puuhamari.fi\/wp-content\/uploads\/2024\/09\/Alkeiskurssi.png?fit=1080%2C1080&ssl=1&resize=350%2C200","width":350,"height":200,"srcset":"https:\/\/i0.wp.com\/puuhamari.fi\/wp-content\/uploads\/2024\/09\/Alkeiskurssi.png?fit=1080%2C1080&ssl=1&resize=350%2C200 1x, https:\/\/i0.wp.com\/puuhamari.fi\/wp-content\/uploads\/2024\/09\/Alkeiskurssi.png?fit=1080%2C1080&ssl=1&resize=525%2C300 1.5x, https:\/\/i0.wp.com\/puuhamari.fi\/wp-content\/uploads\/2024\/09\/Alkeiskurssi.png?fit=1080%2C1080&ssl=1&resize=700%2C400 2x, https:\/\/i0.wp.com\/puuhamari.fi\/wp-content\/uploads\/2024\/09\/Alkeiskurssi.png?fit=1080%2C1080&ssl=1&resize=1050%2C600 3x"},"classes":[]},{"id":5460,"url":"https:\/\/puuhamari.fi\/?product=country-girl-verkkosapluuna","url_meta":{"origin":5593,"position":4},"title":"Country Girl &#8211; verkkosapluuna","author":"PuuhaMari","date":"5 huhtikuun, 2023","format":false,"excerpt":"Yl\u00e4maankarjaa, villi\u00e4 l\u00e4ntt\u00e4 vai purkillinen krysanteemeja? Kuvitukseksi muille tekemiisi lahjoihin tietenkin, mutta my\u00f6s itsellesi! Pakkauksessa yksi n. 28 cm x 21,5 cm kokoinen sapluuna. \u00a0","rel":"","context":"Samankaltainen artikkeli","block_context":{"text":"Samankaltainen artikkeli","link":""},"img":{"alt_text":"","src":"https:\/\/i0.wp.com\/puuhamari.fi\/wp-content\/uploads\/2023\/04\/Country-Girl-1b.png?fit=728%2C727&ssl=1&resize=350%2C200","width":350,"height":200,"srcset":"https:\/\/i0.wp.com\/puuhamari.fi\/wp-content\/uploads\/2023\/04\/Country-Girl-1b.png?fit=728%2C727&ssl=1&resize=350%2C200 1x, https:\/\/i0.wp.com\/puuhamari.fi\/wp-content\/uploads\/2023\/04\/Country-Girl-1b.png?fit=728%2C727&ssl=1&resize=525%2C300 1.5x, https:\/\/i0.wp.com\/puuhamari.fi\/wp-content\/uploads\/2023\/04\/Country-Girl-1b.png?fit=728%2C727&ssl=1&resize=700%2C400 2x"},"classes":[]},{"id":4955,"url":"https:\/\/puuhamari.fi\/?product=nutcracker-review-verkkosapluuna","url_meta":{"origin":5593,"position":5},"title":"Nutcracker Review &#8211; verkkosapluuna","author":"PuuhaMari","date":"19 lokakuun, 2022","format":false,"excerpt":"P\u00e4hkin\u00e4ns\u00e4rkij\u00f6it\u00e4 useampana versiona; lastenhuoneeseen vai ihan \u2764\ufe0f itselle? \u2764\ufe0f Pakkauksessa yksi n. 28 cm x 21,5 cm kokoinen sapluuna. \u00a0 \ud83d\udca1 \u00a0VINKKI: Maalin voit toki \"vanhaan tapaan\" t\u00f6p\u00f6tell\u00e4 sapluunan l\u00e4pi, mutta kauneinta j\u00e4lke\u00e4 saat aikaiseksi naurettavan edullisella vaahtomuovipensselill\u00e4!","rel":"","context":"Samankaltainen artikkeli","block_context":{"text":"Samankaltainen artikkeli","link":""},"img":{"alt_text":"","src":"https:\/\/i0.wp.com\/puuhamari.fi\/wp-content\/uploads\/2022\/10\/Nutcracker-Review.png?fit=905%2C903&ssl=1&resize=350%2C200","width":350,"height":200,"srcset":"https:\/\/i0.wp.com\/puuhamari.fi\/wp-content\/uploads\/2022\/10\/Nutcracker-Review.png?fit=905%2C903&ssl=1&resize=350%2C200 1x, https:\/\/i0.wp.com\/puuhamari.fi\/wp-content\/uploads\/2022\/10\/Nutcracker-Review.png?fit=905%2C903&ssl=1&resize=525%2C300 1.5x, https:\/\/i0.wp.com\/puuhamari.fi\/wp-content\/uploads\/2022\/10\/Nutcracker-Review.png?fit=905%2C903&ssl=1&resize=700%2C400 2x"},"classes":[]}],"_links":{"self":[{"href":"https:\/\/puuhamari.fi\/index.php?rest_route=\/wp\/v2\/product\/5593","targetHints":{"allow":["GET"]}}],"collection":[{"href":"https:\/\/puuhamari.fi\/index.php?rest_route=\/wp\/v2\/product"}],"about":[{"href":"https:\/\/puuhamari.fi\/index.php?rest_route=\/wp\/v2\/types\/product"}],"replies":[{"embeddable":true,"href":"https:\/\/puuhamari.fi\/index.php?rest_route=%2Fwp%2Fv2%2Fcomments&post=5593"}],"version-history":[{"count":1,"href":"https:\/\/puuhamari.fi\/index.php?rest_route=\/wp\/v2\/product\/5593\/revisions"}],"predecessor-version":[{"id":10121,"href":"https:\/\/puuhamari.fi\/index.php?rest_route=\/wp\/v2\/product\/5593\/revisions\/10121"}],"wp:featuredmedia":[{"embeddable":true,"href":"https:\/\/puuhamari.fi\/index.php?rest_route=\/wp\/v2\/media\/5594"}],"wp:attachment":[{"href":"https:\/\/puuhamari.fi\/index.php?rest_route=%2Fwp%2Fv2%2Fmedia&parent=5593"}],"wp:term":[{"taxonomy":"product_brand","embeddable":true,"href":"https:\/\/puuhamari.fi\/index.php?rest_route=%2Fwp%2Fv2%2Fproduct_brand&post=5593"},{"taxonomy":"product_cat","embeddable":true,"href":"https:\/\/puuhamari.fi\/index.php?rest_route=%2Fwp%2Fv2%2Fproduct_cat&post=5593"},{"taxonomy":"product_tag","embeddable":true,"href":"https:\/\/puuhamari.fi\/index.php?rest_route=%2Fwp%2Fv2%2Fproduct_tag&post=5593"}],"curies":[{"name":"wp","href":"https:\/\/api.w.org\/{rel}","templated":true}]}}