{"id":5668,"date":"2023-04-28T14:20:50","date_gmt":"2023-04-28T14:20:50","guid":{"rendered":"https:\/\/puuhamari.fi\/?post_type=product&#038;p=5668"},"modified":"2026-04-20T13:23:53","modified_gmt":"2026-04-20T10:23:53","slug":"mustard","status":"publish","type":"product","link":"https:\/\/puuhamari.fi\/?product=mustard","title":{"rendered":"Mustard"},"content":{"rendered":"<p>Fusion\u2122 maalien kuvaus: <a href=\"https:\/\/puuhamari.fi\/?p=5842\" target=\"_blank\" rel=\"noopener\">lue t\u00e4\u00e4lt\u00e4.<\/a><\/p>\n","protected":false},"excerpt":{"rendered":"<p>Tosicurry sinapinkeltainen! Tai oikeastaan&#8230; suomalaisten suosima keltamulta! Murrettu, l\u00e4mmin ja tumma keltainen, joka tuo v\u00e4litt\u00f6m\u00e4sti lis\u00e4\u00e4 syvyytt\u00e4 ja persoonallisuutta kotiisi.<\/p>\n<p>Jos haluat tunnelman pysyv\u00e4n rauhallisena, yhdist\u00e4 Mustard vaikkapa luonnonvalkoiseen <a href=\"https:\/\/puuhamari.fi\/?product=raw-silk\">Raw Silk:iin.<\/a> Maaseutumaista &#8220;farmicharmia&#8221; kaipaavan taas voisi ajatella yhdist\u00e4v\u00e4n t\u00e4m\u00e4n sinapinkeltaisen kanssa vaikkapa <a href=\"https:\/\/puuhamari.fi\/?product=bayberry\">BayBerry:n<\/a> syv\u00e4\u00e4 oliivinvihre\u00e4\u00e4 s\u00e4vy\u00e4.<\/p>\n","protected":false},"author":1,"featured_media":5677,"comment_status":"open","ping_status":"closed","template":"","meta":{"advgb_blocks_editor_width":"","advgb_blocks_columns_visual_guide":"","advanced_seo_description":"","jetpack_seo_html_title":"","jetpack_seo_noindex":false,"_kad_post_transparent":"default","_kad_post_title":"","_kad_post_layout":"default","_kad_post_sidebar_id":"","_kad_post_content_style":"default","_kad_post_vertical_padding":"default","_kad_post_feature":"","_kad_post_feature_position":"","_kad_post_header":false,"_kad_post_footer":false,"_kad_post_classname":"","jetpack_post_was_ever_published":false},"product_brand":[],"product_cat":[309],"product_tag":[1352,450,509,1351,1274,528,667,1275,508,666,530,495],"class_list":{"0":"post-5668","1":"product","2":"type-product","3":"status-publish","4":"has-post-thumbnail","6":"product_cat-fusion-mineraalimaalit","7":"product_tag-curry","8":"product_tag-fusion","9":"product_tag-fusion-mineral-paint","10":"product_tag-intiankeltainen","11":"product_tag-kalustemaali","12":"product_tag-keltainen","13":"product_tag-lammin","14":"product_tag-maali","15":"product_tag-mineraalimaali","16":"product_tag-murrettu-keltainen","17":"product_tag-sinapinkeltainen","18":"product_tag-tumma","20":"first","21":"instock","22":"taxable","23":"shipping-taxable","24":"purchasable","25":"product-type-variable","26":"entry","27":"content-bg","28":"loop-entry"},"featured_img":"https:\/\/puuhamari.fi\/wp-content\/uploads\/2023\/04\/fusion_mineral_paint-mustard-pint-B.jpg","coauthors":[],"author_meta":{"author_link":"https:\/\/puuhamari.fi\/?author=1","display_name":"PuuhaMari"},"relative_dates":{"created":"Julkaistu 3 vuotta sitten","modified":"P\u00e4ivitetty 2 p\u00e4iv\u00e4\u00e4 sitten"},"absolute_dates":{"created":"Julkaistu 28 huhtikuun, 2023","modified":"P\u00e4ivitetty 20 huhtikuun, 2026"},"absolute_dates_time":{"created":"Julkaistu 28 huhtikuun, 2023 2:20 pm","modified":"P\u00e4ivitetty 20 huhtikuun, 2026 1:23 pm"},"featured_img_caption":"","tax_additional":{"product_brand":{"linked":[],"unlinked":[],"slug":"product_brand","name":"Br\u00e4ndit"},"product_type":{"linked":["<a href=\"https:\/\/puuhamari.fi\/?taxonomy=product_type&#038;term=variable\" class=\"advgb-post-tax-term\">variable<\/a>"],"unlinked":["<span class=\"advgb-post-tax-term\">variable<\/span>"],"slug":"product_type","name":"Tuotetyyppi"},"product_visibility":{"linked":["<a href=\"https:\/\/puuhamari.fi\/?taxonomy=product_visibility&#038;term=rated-5\" class=\"advgb-post-tax-term\">rated-5<\/a>"],"unlinked":["<span class=\"advgb-post-tax-term\">rated-5<\/span>"],"slug":"product_visibility","name":"Tuotteen n\u00e4kyvyys"},"product_cat":{"linked":["<a href=\"https:\/\/puuhamari.fi\/?product_cat=fusion-mineraalimaalit\" class=\"advgb-post-tax-term\">Fusion mineraalimaalit<\/a>"],"unlinked":["<span class=\"advgb-post-tax-term\">Fusion mineraalimaalit<\/span>"],"slug":"product_cat","name":"Osastot"},"product_tag":{"linked":["<a href=\"https:\/\/puuhamari.fi\/?product_tag=curry\" class=\"advgb-post-tax-term\">Curry<\/a>","<a href=\"https:\/\/puuhamari.fi\/?product_tag=fusion\" class=\"advgb-post-tax-term\">Fusion<\/a>","<a href=\"https:\/\/puuhamari.fi\/?product_tag=fusion-mineral-paint\" class=\"advgb-post-tax-term\">Fusion Mineral Paint<\/a>","<a href=\"https:\/\/puuhamari.fi\/?product_tag=intiankeltainen\" class=\"advgb-post-tax-term\">Intiankeltainen<\/a>","<a href=\"https:\/\/puuhamari.fi\/?product_tag=kalustemaali\" class=\"advgb-post-tax-term\">kalustemaali<\/a>","<a href=\"https:\/\/puuhamari.fi\/?product_tag=keltainen\" class=\"advgb-post-tax-term\">Keltainen<\/a>","<a href=\"https:\/\/puuhamari.fi\/?product_tag=lammin\" class=\"advgb-post-tax-term\">L\u00e4mmin<\/a>","<a href=\"https:\/\/puuhamari.fi\/?product_tag=maali\" class=\"advgb-post-tax-term\">maali<\/a>","<a href=\"https:\/\/puuhamari.fi\/?product_tag=mineraalimaali\" class=\"advgb-post-tax-term\">Mineraalimaali<\/a>","<a href=\"https:\/\/puuhamari.fi\/?product_tag=murrettu-keltainen\" class=\"advgb-post-tax-term\">Murrettu Keltainen<\/a>","<a href=\"https:\/\/puuhamari.fi\/?product_tag=sinapinkeltainen\" class=\"advgb-post-tax-term\">Sinapinkeltainen<\/a>","<a href=\"https:\/\/puuhamari.fi\/?product_tag=tumma\" class=\"advgb-post-tax-term\">Tumma<\/a>"],"unlinked":["<span class=\"advgb-post-tax-term\">Curry<\/span>","<span class=\"advgb-post-tax-term\">Fusion<\/span>","<span class=\"advgb-post-tax-term\">Fusion Mineral Paint<\/span>","<span class=\"advgb-post-tax-term\">Intiankeltainen<\/span>","<span class=\"advgb-post-tax-term\">kalustemaali<\/span>","<span class=\"advgb-post-tax-term\">Keltainen<\/span>","<span class=\"advgb-post-tax-term\">L\u00e4mmin<\/span>","<span class=\"advgb-post-tax-term\">maali<\/span>","<span class=\"advgb-post-tax-term\">Mineraalimaali<\/span>","<span class=\"advgb-post-tax-term\">Murrettu Keltainen<\/span>","<span class=\"advgb-post-tax-term\">Sinapinkeltainen<\/span>","<span class=\"advgb-post-tax-term\">Tumma<\/span>"],"slug":"product_tag","name":"Avainsanat tuotteelle"},"product_shipping_class":{"linked":[],"unlinked":[],"slug":"product_shipping_class","name":"Tuotteen toimitusluokat"},"pos_product_visibility":{"linked":[],"unlinked":[],"slug":"pos_product_visibility","name":"POS Product visibility"},"pa_arkin-koko":{"linked":[],"unlinked":[],"slug":"pa_arkin-koko","name":"Tuote Arkin koko"},"pa_hiomatyynyn-karkeus":{"linked":[],"unlinked":[],"slug":"pa_hiomatyynyn-karkeus","name":"Tuote Hiomatyynyn karkeus"},"pa_kehys":{"linked":[],"unlinked":[],"slug":"pa_kehys","name":"Tuote Kehys"},"pa_kuvion-nro":{"linked":[],"unlinked":[],"slug":"pa_kuvion-nro","name":"Tuote Kuvion nro"},"pa_littean-pensselin-koko":{"linked":[],"unlinked":[],"slug":"pa_littean-pensselin-koko","name":"Tuote Litte\u00e4n pensselin koko"},"pa_maalivari":{"linked":[],"unlinked":[],"slug":"pa_maalivari","name":"Tuote Maaliv\u00e4ri"},"pa_palatapettien-lkm":{"linked":[],"unlinked":[],"slug":"pa_palatapettien-lkm","name":"Tuote Palatapettien lkm"},"pa_purkin-koko":{"linked":["<a href=\"https:\/\/puuhamari.fi\/?taxonomy=pa_purkin-koko&#038;term=37-ml\" class=\"advgb-post-tax-term\">37 ml<\/a>","<a href=\"https:\/\/puuhamari.fi\/?taxonomy=pa_purkin-koko&#038;term=500-ml\" class=\"advgb-post-tax-term\">500 ml<\/a>"],"unlinked":["<span class=\"advgb-post-tax-term\">37 ml<\/span>","<span class=\"advgb-post-tax-term\">500 ml<\/span>"],"slug":"pa_purkin-koko","name":"Tuote Purkin koko"},"pa_sapluunan-koko":{"linked":[],"unlinked":[],"slug":"pa_sapluunan-koko","name":"Tuote Sapluunan koko"},"pa_tabletti":{"linked":[],"unlinked":[],"slug":"pa_tabletti","name":"Tuote Tabletti"},"pa_valitse-sisalto":{"linked":[],"unlinked":[],"slug":"pa_valitse-sisalto","name":"Tuote Valitse sis\u00e4lt\u00f6"},"pa_varjostin":{"linked":[],"unlinked":[],"slug":"pa_varjostin","name":"Tuote Varjostin"}},"series_order":"","jetpack_sharing_enabled":true,"jetpack_likes_enabled":true,"jetpack-related-posts":[{"id":2768,"url":"https:\/\/puuhamari.fi\/?product=damask","url_meta":{"origin":5668,"position":0},"title":"Damask","author":"PuuhaMari","date":"2 maaliskuun, 2022","format":false,"excerpt":"Eritt\u00e4in persoonallinen, ruskeaan ja valeanpunaiseen vahvasti taittava malvans\u00e4vy sopii mainiosti yhteen mm. maanl\u00e4heisten neutraalien v\u00e4rien kanssa. Esimerkkein\u00e4 vaikkapa ruskeaan\/beigeen\/harmaaseen taittavat Algonquin ja Cathedral Taupe.","rel":"","context":"With 2 comments","block_context":{"text":"With 2 comments","link":"https:\/\/puuhamari.fi\/?product=damask#comments"},"img":{"alt_text":"","src":"https:\/\/i0.wp.com\/puuhamari.fi\/wp-content\/uploads\/2022\/03\/fusion_mineral_paint_damask_pint-b.jpg?fit=1199%2C1200&ssl=1&resize=350%2C200","width":350,"height":200,"srcset":"https:\/\/i0.wp.com\/puuhamari.fi\/wp-content\/uploads\/2022\/03\/fusion_mineral_paint_damask_pint-b.jpg?fit=1199%2C1200&ssl=1&resize=350%2C200 1x, https:\/\/i0.wp.com\/puuhamari.fi\/wp-content\/uploads\/2022\/03\/fusion_mineral_paint_damask_pint-b.jpg?fit=1199%2C1200&ssl=1&resize=525%2C300 1.5x, https:\/\/i0.wp.com\/puuhamari.fi\/wp-content\/uploads\/2022\/03\/fusion_mineral_paint_damask_pint-b.jpg?fit=1199%2C1200&ssl=1&resize=700%2C400 2x, https:\/\/i0.wp.com\/puuhamari.fi\/wp-content\/uploads\/2022\/03\/fusion_mineral_paint_damask_pint-b.jpg?fit=1199%2C1200&ssl=1&resize=1050%2C600 3x"},"classes":[]},{"id":6799,"url":"https:\/\/puuhamari.fi\/?product=park-bench","url_meta":{"origin":5668,"position":1},"title":"Park Bench","author":"PuuhaMari","date":"18 elokuun, 2023","format":false,"excerpt":"Syv\u00e4, perinteikyytt\u00e4 uhkuva vihre\u00e4, jonka\u00a0 inspiraationl\u00e4hteen\u00e4 ovat olleet ikoniset tuolit Katariina di Medicin jo 1500-luvulla Pariisiin perustaman Tuileries:in palatsin puutarhassa. Yhdist\u00e4m\u00e4ll\u00e4 t\u00e4t\u00e4 vihre\u00e4\u00e4 valkoiseen Picket Fence:en luot voimakkaan, modernin kontrastin. Mutta esimerkiksi tummanharmaaseen Ash:iin, ruskeaan Chocolate:en, sek\u00e4 sinapinkeltaiseen Mustard:iin yhdistelem\u00e4ll\u00e4 voit vied\u00e4 sisustuksesi v\u00e4rimaailmaa Park Bench:ill\u00e4 ajassa taaksep\u00e4in - jopa\u2026","rel":"","context":"With 1 comment","block_context":{"text":"With 1 comment","link":"https:\/\/puuhamari.fi\/?product=park-bench#comments"},"img":{"alt_text":"","src":"https:\/\/i0.wp.com\/puuhamari.fi\/wp-content\/uploads\/2023\/08\/Fusion_Mineral_Paint_Park_Bench_pint-b-scaled.jpg?fit=1200%2C1200&ssl=1&resize=350%2C200","width":350,"height":200,"srcset":"https:\/\/i0.wp.com\/puuhamari.fi\/wp-content\/uploads\/2023\/08\/Fusion_Mineral_Paint_Park_Bench_pint-b-scaled.jpg?fit=1200%2C1200&ssl=1&resize=350%2C200 1x, https:\/\/i0.wp.com\/puuhamari.fi\/wp-content\/uploads\/2023\/08\/Fusion_Mineral_Paint_Park_Bench_pint-b-scaled.jpg?fit=1200%2C1200&ssl=1&resize=525%2C300 1.5x, https:\/\/i0.wp.com\/puuhamari.fi\/wp-content\/uploads\/2023\/08\/Fusion_Mineral_Paint_Park_Bench_pint-b-scaled.jpg?fit=1200%2C1200&ssl=1&resize=700%2C400 2x, https:\/\/i0.wp.com\/puuhamari.fi\/wp-content\/uploads\/2023\/08\/Fusion_Mineral_Paint_Park_Bench_pint-b-scaled.jpg?fit=1200%2C1200&ssl=1&resize=1050%2C600 3x"},"classes":[]},{"id":3035,"url":"https:\/\/puuhamari.fi\/?product=rose-gold-metallimaali","url_meta":{"origin":5668,"position":2},"title":"Rose Gold &#8211; metallimaali","author":"PuuhaMari","date":"19 maaliskuun, 2022","format":false,"excerpt":"\"Ruusukullalla\"\u00a0 maalaat ihastuttavan pehme\u00e4n v\u00e4risi\u00e4 koristeosuuksia vaikkapa sivu- tai y\u00f6p\u00f6yt\u00e4\u00e4n, tai kauniin yksityiskohtaisia sapluunakuvioita raikkaan valkoiselle pohjalle. Tai ent\u00e4s sen kirpputorilta l\u00f6yt\u00e4m\u00e4si vanhan peilin kehykset - kaipaisivatko ne hiukan modernimpaa eleganssia? Huom! S\u00e4vy on poistumassa Fusion\u2122 Mineral Paint:in kokoelmasta, joten sit\u00e4 on saatavilla vain niin kauan kuin tukussa purkkeja riitt\u00e4\u00e4.\u2026","rel":"","context":"Samankaltainen artikkeli","block_context":{"text":"Samankaltainen artikkeli","link":""},"img":{"alt_text":"","src":"https:\/\/i0.wp.com\/puuhamari.fi\/wp-content\/uploads\/2023\/07\/Rosegold-1-FMP.png?fit=850%2C563&ssl=1&resize=350%2C200","width":350,"height":200,"srcset":"https:\/\/i0.wp.com\/puuhamari.fi\/wp-content\/uploads\/2023\/07\/Rosegold-1-FMP.png?fit=850%2C563&ssl=1&resize=350%2C200 1x, https:\/\/i0.wp.com\/puuhamari.fi\/wp-content\/uploads\/2023\/07\/Rosegold-1-FMP.png?fit=850%2C563&ssl=1&resize=525%2C300 1.5x, https:\/\/i0.wp.com\/puuhamari.fi\/wp-content\/uploads\/2023\/07\/Rosegold-1-FMP.png?fit=850%2C563&ssl=1&resize=700%2C400 2x"},"classes":[]},{"id":5733,"url":"https:\/\/puuhamari.fi\/?product=dm-folk-art-flowers-2-pack","url_meta":{"origin":5668,"position":3},"title":"DM-Folk Art Flowers &#8220;2 pack&#8221;","author":"PuuhaMari","date":"1 toukokuun, 2023","format":false,"excerpt":"Retro on retro on retro!\u00a0Tuunaa ovet, kalusteet tai keitti\u00f6tekstiilit isoilla (A3-arkki) tai pienemmill\u00e4 (A4-arkki) kukkasilla. Milt\u00e4 sinusta tuntuisi kaivautua itse tuunattujen, pehmeiden retroLAKANOIDEN v\u00e4liin...? Kotona tai m\u00f6kill\u00e4, ulkona tai sis\u00e4ll\u00e4, puuhun metalliin, tekstiileihin - ja jopa kakkujen koristeluun! Yhdistele my\u00f6s eri kokoja hurmaavan retrokukkaKEDON aikaansaamiseksi. Jokaisessa pakkauksessa on mukana 2\u2026","rel":"","context":"Samankaltainen artikkeli","block_context":{"text":"Samankaltainen artikkeli","link":""},"img":{"alt_text":"","src":"https:\/\/i0.wp.com\/puuhamari.fi\/wp-content\/uploads\/2023\/05\/Folk-Art-Flowers-1Ab-1.jpg?fit=715%2C715&ssl=1&resize=350%2C200","width":350,"height":200,"srcset":"https:\/\/i0.wp.com\/puuhamari.fi\/wp-content\/uploads\/2023\/05\/Folk-Art-Flowers-1Ab-1.jpg?fit=715%2C715&ssl=1&resize=350%2C200 1x, https:\/\/i0.wp.com\/puuhamari.fi\/wp-content\/uploads\/2023\/05\/Folk-Art-Flowers-1Ab-1.jpg?fit=715%2C715&ssl=1&resize=525%2C300 1.5x, https:\/\/i0.wp.com\/puuhamari.fi\/wp-content\/uploads\/2023\/05\/Folk-Art-Flowers-1Ab-1.jpg?fit=715%2C715&ssl=1&resize=700%2C400 2x"},"classes":[]},{"id":8823,"url":"https:\/\/puuhamari.fi\/?product=a3-moon-struck","url_meta":{"origin":5668,"position":4},"title":"A3 Moon Struck","author":"PuuhaMari","date":"5 syyskuun, 2024","format":false,"excerpt":"T\u00e4m\u00e4 kuvio ei paljon selittely\u00e4 kaipaa...\u00a0 Mutta kiinnit\u00e4 huomiota kaikille Made by Marley -papereille tyypilliseen erilaisten kuvien ja kuvioiden kerroksellisuuteen: huomaatko esim. oikein ohuen, keltaisen (vai kultaisen?) leimasinkuvion, jonka alle j\u00e4\u00e4v\u00e4t mm. nuo t\u00e4ysikuut, ja p\u00e4\u00e4ll\u00e4 on osa sudenkorennoista. Jokainen n\u00e4ist\u00e4 kolmesta arkista on suunniteltu siten, ett\u00e4 ne on \u00e4\u00e4rimm\u00e4isen\u2026","rel":"","context":"Samankaltainen artikkeli","block_context":{"text":"Samankaltainen artikkeli","link":""},"img":{"alt_text":"","src":"https:\/\/i0.wp.com\/puuhamari.fi\/wp-content\/uploads\/2024\/09\/Moon-Struck-1.png?fit=1080%2C1080&ssl=1&resize=350%2C200","width":350,"height":200,"srcset":"https:\/\/i0.wp.com\/puuhamari.fi\/wp-content\/uploads\/2024\/09\/Moon-Struck-1.png?fit=1080%2C1080&ssl=1&resize=350%2C200 1x, https:\/\/i0.wp.com\/puuhamari.fi\/wp-content\/uploads\/2024\/09\/Moon-Struck-1.png?fit=1080%2C1080&ssl=1&resize=525%2C300 1.5x, https:\/\/i0.wp.com\/puuhamari.fi\/wp-content\/uploads\/2024\/09\/Moon-Struck-1.png?fit=1080%2C1080&ssl=1&resize=700%2C400 2x, https:\/\/i0.wp.com\/puuhamari.fi\/wp-content\/uploads\/2024\/09\/Moon-Struck-1.png?fit=1080%2C1080&ssl=1&resize=1050%2C600 3x"},"classes":[]},{"id":3267,"url":"https:\/\/puuhamari.fi\/?product=calendar-verkkosapluuna","url_meta":{"origin":5668,"position":5},"title":"Calendar &#8211; verkkosapluuna","author":"PuuhaMari","date":"6 toukokuun, 2022","format":false,"excerpt":"Huom! Pakkauksessa kolme erilaista 28 cm x 21,5 cm -kokoista sapluunaa, joissa englanninkieliset viikonp\u00e4iv\u00e4t ja kuukaudet, kaksoispiste -merkki, 18 erilaista muistutus-\/tsemppausviesti\u00e4 esim. magneetteihin maalattavaksi. Yhden viikonp\u00e4iv\u00e4n\/kuukauden\/merkin korkeus on n. 5 cm, sanojen pituudet vaihtelevat n. 10-20 cm:n v\u00e4lill\u00e4. Helppoa ja nopeaa tuunaamista silloin kun haluat tehd\u00e4 kutsu-\/onnittelukortteja, viikkosuunnitelmia, kalentereita, tai\u2026","rel":"","context":"Samankaltainen artikkeli","block_context":{"text":"Samankaltainen artikkeli","link":""},"img":{"alt_text":"","src":"https:\/\/i0.wp.com\/puuhamari.fi\/wp-content\/uploads\/2022\/05\/1557854742.webp?fit=1060%2C1060&ssl=1&resize=350%2C200","width":350,"height":200,"srcset":"https:\/\/i0.wp.com\/puuhamari.fi\/wp-content\/uploads\/2022\/05\/1557854742.webp?fit=1060%2C1060&ssl=1&resize=350%2C200 1x, https:\/\/i0.wp.com\/puuhamari.fi\/wp-content\/uploads\/2022\/05\/1557854742.webp?fit=1060%2C1060&ssl=1&resize=525%2C300 1.5x, https:\/\/i0.wp.com\/puuhamari.fi\/wp-content\/uploads\/2022\/05\/1557854742.webp?fit=1060%2C1060&ssl=1&resize=700%2C400 2x, https:\/\/i0.wp.com\/puuhamari.fi\/wp-content\/uploads\/2022\/05\/1557854742.webp?fit=1060%2C1060&ssl=1&resize=1050%2C600 3x"},"classes":[]}],"_links":{"self":[{"href":"https:\/\/puuhamari.fi\/index.php?rest_route=\/wp\/v2\/product\/5668","targetHints":{"allow":["GET"]}}],"collection":[{"href":"https:\/\/puuhamari.fi\/index.php?rest_route=\/wp\/v2\/product"}],"about":[{"href":"https:\/\/puuhamari.fi\/index.php?rest_route=\/wp\/v2\/types\/product"}],"replies":[{"embeddable":true,"href":"https:\/\/puuhamari.fi\/index.php?rest_route=%2Fwp%2Fv2%2Fcomments&post=5668"}],"version-history":[{"count":2,"href":"https:\/\/puuhamari.fi\/index.php?rest_route=\/wp\/v2\/product\/5668\/revisions"}],"predecessor-version":[{"id":10169,"href":"https:\/\/puuhamari.fi\/index.php?rest_route=\/wp\/v2\/product\/5668\/revisions\/10169"}],"wp:featuredmedia":[{"embeddable":true,"href":"https:\/\/puuhamari.fi\/index.php?rest_route=\/wp\/v2\/media\/5677"}],"wp:attachment":[{"href":"https:\/\/puuhamari.fi\/index.php?rest_route=%2Fwp%2Fv2%2Fmedia&parent=5668"}],"wp:term":[{"taxonomy":"product_brand","embeddable":true,"href":"https:\/\/puuhamari.fi\/index.php?rest_route=%2Fwp%2Fv2%2Fproduct_brand&post=5668"},{"taxonomy":"product_cat","embeddable":true,"href":"https:\/\/puuhamari.fi\/index.php?rest_route=%2Fwp%2Fv2%2Fproduct_cat&post=5668"},{"taxonomy":"product_tag","embeddable":true,"href":"https:\/\/puuhamari.fi\/index.php?rest_route=%2Fwp%2Fv2%2Fproduct_tag&post=5668"}],"curies":[{"name":"wp","href":"https:\/\/api.w.org\/{rel}","templated":true}]}}