{"id":5741,"date":"2023-05-01T19:33:46","date_gmt":"2023-05-01T19:33:46","guid":{"rendered":"https:\/\/puuhamari.fi\/?post_type=product&#038;p=5741"},"modified":"2025-09-05T04:30:30","modified_gmt":"2025-09-05T01:30:30","slug":"dm-sweet-summer-vibes-2-pack","status":"publish","type":"product","link":"https:\/\/puuhamari.fi\/?product=dm-sweet-summer-vibes-2-pack","title":{"rendered":"DM-Sweet Summer Vibes &#8220;2 pack&#8221;"},"content":{"rendered":"<p>Sapluunan materiaali on polyesterilla vahvistettua muovia (&#8220;Mylar&#8221;). Se on parasta sapluunamateriaalia: vahvaa, taipuisaa ja pest\u00e4v\u00e4\u00e4, ja se soveltuu k\u00e4ytett\u00e4v\u00e4ksi yhdess\u00e4 kaikenlaisten maalien kanssa. Se ei ole ollenkaan tahmeaa.<\/p>\n<p>Mylarista valmistettua sapluunaa on turvallista k\u00e4ytt\u00e4\u00e4 jopa erilaisten ruokien koristekuvioinnissa (esim. kakut)! Muista kuitenkin pest\u00e4 se ennen k\u00e4ytt\u00f6\u00e4.<\/p>\n","protected":false},"excerpt":{"rendered":"<p>Suloisia kes\u00e4viboja iiiiiihan minne vain: kukkaruukkuihin, kauluspaitaan, kes\u00e4kenkiin, kirjeisiin, postilaatikkoon, penaaliin, tai kodin kaikkiin koriste-esineisiin! Voit my\u00f6s laittaa kuviot KEHYKSEKSI mietelauseelle\/ pihajuhlien ohjelmalle\/ kes\u00e4keitti\u00f6n ruokalistalle&#8230; (kts. kuvan esimerkki).<\/p>\n<p>Kotona tai m\u00f6kill\u00e4, ulkona tai sis\u00e4ll\u00e4, puuhun, metalliin, tekstiileihin &#8211; ja jopa kakkujen koristeluun! Valitse maali\/kuviointiaine k\u00e4ytt\u00f6kohteen vaatimusten mukaan.<\/p>\n<p>Paketti sis\u00e4lt\u00e4\u00e4 2 erillist\u00e4 A5-kokoista arkkia, joihin on jaettu n\u00e4kemiesi kuvioiden ERI OSAT (kukkien ter\u00e4lehdet ja keskiosat, syd\u00e4met, mehil\u00e4isten siivet, raidat jne) helpottamaan niiden maalaamista eri v\u00e4rein! Sapluuna-arkit ovat kooltaan noin A5, suurin kukka halkaisijaltaan 6 cm, mehil\u00e4iset 2 cm x 2 cm.<\/p>\n","protected":false},"author":1,"featured_media":5687,"comment_status":"open","ping_status":"closed","template":"","meta":{"advgb_blocks_editor_width":"","advgb_blocks_columns_visual_guide":"","advanced_seo_description":"","jetpack_seo_html_title":"","jetpack_seo_noindex":false,"_kad_post_transparent":"default","_kad_post_title":"","_kad_post_layout":"default","_kad_post_sidebar_id":"","_kad_post_content_style":"default","_kad_post_vertical_padding":"default","_kad_post_feature":"","_kad_post_feature_position":"","_kad_post_header":false,"_kad_post_footer":false,"_kad_post_classname":"","jetpack_post_was_ever_published":false},"product_brand":[],"product_cat":[853],"product_tag":[670,770,752,747,261,484,125,140,169,171,765,769,179],"class_list":{"0":"post-5741","1":"product","2":"type-product","3":"status-publish","4":"has-post-thumbnail","6":"product_cat-skandinaaviset-sapluunat","7":"product_tag-a5","8":"product_tag-bi","9":"product_tag-blomma","10":"product_tag-dala-muses","11":"product_tag-folk-art","12":"product_tag-kesa","13":"product_tag-kukka","14":"product_tag-mehilainen","15":"product_tag-sabluuna","16":"product_tag-sapluuna","17":"product_tag-schabloon","18":"product_tag-sommar","19":"product_tag-stencil","21":"first","22":"instock","23":"taxable","24":"shipping-taxable","25":"purchasable","26":"product-type-simple","27":"entry","28":"content-bg","29":"loop-entry"},"featured_img":"https:\/\/puuhamari.fi\/wp-content\/uploads\/2023\/05\/10947-A-SWEET-SUMMER-VIBES-STENCILSM.jpg","coauthors":[],"author_meta":{"author_link":"https:\/\/puuhamari.fi\/?author=1","display_name":"PuuhaMari"},"relative_dates":{"created":"Julkaistu 3 vuotta sitten","modified":"P\u00e4ivitetty 8 kuukautta sitten"},"absolute_dates":{"created":"Julkaistu 1 toukokuun, 2023","modified":"P\u00e4ivitetty 5 syyskuun, 2025"},"absolute_dates_time":{"created":"Julkaistu 1 toukokuun, 2023 7:33 pm","modified":"P\u00e4ivitetty 5 syyskuun, 2025 4:30 am"},"featured_img_caption":"","tax_additional":{"product_brand":{"linked":[],"unlinked":[],"slug":"product_brand","name":"Br\u00e4ndit"},"product_type":{"linked":["<a href=\"https:\/\/puuhamari.fi\/?taxonomy=product_type&#038;term=simple\" class=\"advgb-post-tax-term\">simple<\/a>"],"unlinked":["<span class=\"advgb-post-tax-term\">simple<\/span>"],"slug":"product_type","name":"Tuotetyyppi"},"product_visibility":{"linked":[],"unlinked":[],"slug":"product_visibility","name":"Tuotteen n\u00e4kyvyys"},"product_cat":{"linked":["<a href=\"https:\/\/puuhamari.fi\/?product_cat=skandinaaviset-sapluunat\" class=\"advgb-post-tax-term\">Skandinaaviset sapluunat<\/a>"],"unlinked":["<span class=\"advgb-post-tax-term\">Skandinaaviset sapluunat<\/span>"],"slug":"product_cat","name":"Osastot"},"product_tag":{"linked":["<a href=\"https:\/\/puuhamari.fi\/?product_tag=a5\" class=\"advgb-post-tax-term\">A5<\/a>","<a href=\"https:\/\/puuhamari.fi\/?product_tag=bi\" class=\"advgb-post-tax-term\">Bi<\/a>","<a href=\"https:\/\/puuhamari.fi\/?product_tag=blomma\" class=\"advgb-post-tax-term\">Blomma<\/a>","<a href=\"https:\/\/puuhamari.fi\/?product_tag=dala-muses\" class=\"advgb-post-tax-term\">Dala Muses<\/a>","<a href=\"https:\/\/puuhamari.fi\/?product_tag=folk-art\" class=\"advgb-post-tax-term\">Folk Art<\/a>","<a href=\"https:\/\/puuhamari.fi\/?product_tag=kesa\" class=\"advgb-post-tax-term\">Kes\u00e4<\/a>","<a href=\"https:\/\/puuhamari.fi\/?product_tag=kukka\" class=\"advgb-post-tax-term\">Kukka<\/a>","<a href=\"https:\/\/puuhamari.fi\/?product_tag=mehilainen\" class=\"advgb-post-tax-term\">Mehil\u00e4inen<\/a>","<a href=\"https:\/\/puuhamari.fi\/?product_tag=sabluuna\" class=\"advgb-post-tax-term\">Sabluuna<\/a>","<a href=\"https:\/\/puuhamari.fi\/?product_tag=sapluuna\" class=\"advgb-post-tax-term\">Sapluuna<\/a>","<a href=\"https:\/\/puuhamari.fi\/?product_tag=schabloon\" class=\"advgb-post-tax-term\">Schabloon<\/a>","<a href=\"https:\/\/puuhamari.fi\/?product_tag=sommar\" class=\"advgb-post-tax-term\">Sommar<\/a>","<a href=\"https:\/\/puuhamari.fi\/?product_tag=stencil\" class=\"advgb-post-tax-term\">Stencil<\/a>"],"unlinked":["<span class=\"advgb-post-tax-term\">A5<\/span>","<span class=\"advgb-post-tax-term\">Bi<\/span>","<span class=\"advgb-post-tax-term\">Blomma<\/span>","<span class=\"advgb-post-tax-term\">Dala Muses<\/span>","<span class=\"advgb-post-tax-term\">Folk Art<\/span>","<span class=\"advgb-post-tax-term\">Kes\u00e4<\/span>","<span class=\"advgb-post-tax-term\">Kukka<\/span>","<span class=\"advgb-post-tax-term\">Mehil\u00e4inen<\/span>","<span class=\"advgb-post-tax-term\">Sabluuna<\/span>","<span class=\"advgb-post-tax-term\">Sapluuna<\/span>","<span class=\"advgb-post-tax-term\">Schabloon<\/span>","<span class=\"advgb-post-tax-term\">Sommar<\/span>","<span class=\"advgb-post-tax-term\">Stencil<\/span>"],"slug":"product_tag","name":"Avainsanat tuotteelle"},"product_shipping_class":{"linked":[],"unlinked":[],"slug":"product_shipping_class","name":"Tuotteen toimitusluokat"},"pos_product_visibility":{"linked":[],"unlinked":[],"slug":"pos_product_visibility","name":"POS Product visibility"},"pa_arkin-koko":{"linked":[],"unlinked":[],"slug":"pa_arkin-koko","name":"Tuote Arkin koko"},"pa_hiomatyynyn-karkeus":{"linked":[],"unlinked":[],"slug":"pa_hiomatyynyn-karkeus","name":"Tuote Hiomatyynyn karkeus"},"pa_kehys":{"linked":[],"unlinked":[],"slug":"pa_kehys","name":"Tuote Kehys"},"pa_kuvion-nro":{"linked":[],"unlinked":[],"slug":"pa_kuvion-nro","name":"Tuote Kuvion nro"},"pa_littean-pensselin-koko":{"linked":[],"unlinked":[],"slug":"pa_littean-pensselin-koko","name":"Tuote Litte\u00e4n pensselin koko"},"pa_maalivari":{"linked":[],"unlinked":[],"slug":"pa_maalivari","name":"Tuote Maaliv\u00e4ri"},"pa_palatapettien-lkm":{"linked":[],"unlinked":[],"slug":"pa_palatapettien-lkm","name":"Tuote Palatapettien lkm"},"pa_purkin-koko":{"linked":[],"unlinked":[],"slug":"pa_purkin-koko","name":"Tuote Purkin koko"},"pa_sapluunan-koko":{"linked":[],"unlinked":[],"slug":"pa_sapluunan-koko","name":"Tuote Sapluunan koko"},"pa_tabletti":{"linked":[],"unlinked":[],"slug":"pa_tabletti","name":"Tuote Tabletti"},"pa_valitse-sisalto":{"linked":[],"unlinked":[],"slug":"pa_valitse-sisalto","name":"Tuote Valitse sis\u00e4lt\u00f6"},"pa_varjostin":{"linked":[],"unlinked":[],"slug":"pa_varjostin","name":"Tuote Varjostin"}},"series_order":"","jetpack_sharing_enabled":true,"jetpack_likes_enabled":true,"jetpack-related-posts":[{"id":5738,"url":"https:\/\/puuhamari.fi\/?product=dm-botanical-border-2-pack","url_meta":{"origin":5741,"position":0},"title":"DM-Botanical Border &#8220;2 pack&#8221;","author":"PuuhaMari","date":"1 toukokuun, 2023","format":false,"excerpt":"Skandinaavisen tyylin kukat ovat ihastuttavia joko boordina keitti\u00f6pyyhkeiss\u00e4 tai p\u00f6yt\u00e4liinoissa, mutta my\u00f6s KEHYKSEN\u00c4 mietelauseelle\/ rakkaalle sanalle (kts. kuvan esimerkki). Laita se vaikka eteisen oveen tervetulotoivotukseksi, tai tee siit\u00e4 taulu makuuhuoneeseen\/keitti\u00f6\u00f6n. Kotona tai m\u00f6kill\u00e4, ulkona tai sis\u00e4ll\u00e4, puuhun, metalliin, tekstiileihin - ja jopa kakkujen koristeluun! Valitse maali\/kuviointiaine k\u00e4ytt\u00f6kohteen vaatimusten mukaan. Paketti\u2026","rel":"","context":"Samankaltainen artikkeli","block_context":{"text":"Samankaltainen artikkeli","link":""},"img":{"alt_text":"","src":"https:\/\/i0.wp.com\/puuhamari.fi\/wp-content\/uploads\/2023\/05\/10946-A-BOTANICAL-BORDER-STENCILSM.jpg?fit=750%2C750&ssl=1&resize=350%2C200","width":350,"height":200,"srcset":"https:\/\/i0.wp.com\/puuhamari.fi\/wp-content\/uploads\/2023\/05\/10946-A-BOTANICAL-BORDER-STENCILSM.jpg?fit=750%2C750&ssl=1&resize=350%2C200 1x, https:\/\/i0.wp.com\/puuhamari.fi\/wp-content\/uploads\/2023\/05\/10946-A-BOTANICAL-BORDER-STENCILSM.jpg?fit=750%2C750&ssl=1&resize=525%2C300 1.5x, https:\/\/i0.wp.com\/puuhamari.fi\/wp-content\/uploads\/2023\/05\/10946-A-BOTANICAL-BORDER-STENCILSM.jpg?fit=750%2C750&ssl=1&resize=700%2C400 2x"},"classes":[]},{"id":5733,"url":"https:\/\/puuhamari.fi\/?product=dm-folk-art-flowers-2-pack","url_meta":{"origin":5741,"position":1},"title":"DM-Folk Art Flowers &#8220;2 pack&#8221;","author":"PuuhaMari","date":"1 toukokuun, 2023","format":false,"excerpt":"Retro on retro on retro!\u00a0Tuunaa ovet, kalusteet tai keitti\u00f6tekstiilit isoilla (A3-arkki) tai pienemmill\u00e4 (A4-arkki) kukkasilla. Milt\u00e4 sinusta tuntuisi kaivautua itse tuunattujen, pehmeiden retroLAKANOIDEN v\u00e4liin...? Kotona tai m\u00f6kill\u00e4, ulkona tai sis\u00e4ll\u00e4, puuhun metalliin, tekstiileihin - ja jopa kakkujen koristeluun! Yhdistele my\u00f6s eri kokoja hurmaavan retrokukkaKEDON aikaansaamiseksi. Jokaisessa pakkauksessa on mukana 2\u2026","rel":"","context":"Samankaltainen artikkeli","block_context":{"text":"Samankaltainen artikkeli","link":""},"img":{"alt_text":"","src":"https:\/\/i0.wp.com\/puuhamari.fi\/wp-content\/uploads\/2023\/05\/Folk-Art-Flowers-1Ab-1.jpg?fit=715%2C715&ssl=1&resize=350%2C200","width":350,"height":200,"srcset":"https:\/\/i0.wp.com\/puuhamari.fi\/wp-content\/uploads\/2023\/05\/Folk-Art-Flowers-1Ab-1.jpg?fit=715%2C715&ssl=1&resize=350%2C200 1x, https:\/\/i0.wp.com\/puuhamari.fi\/wp-content\/uploads\/2023\/05\/Folk-Art-Flowers-1Ab-1.jpg?fit=715%2C715&ssl=1&resize=525%2C300 1.5x, https:\/\/i0.wp.com\/puuhamari.fi\/wp-content\/uploads\/2023\/05\/Folk-Art-Flowers-1Ab-1.jpg?fit=715%2C715&ssl=1&resize=700%2C400 2x"},"classes":[]},{"id":5702,"url":"https:\/\/puuhamari.fi\/?product=dm-nordic-twin","url_meta":{"origin":5741,"position":2},"title":"DM-Nordic Twin","author":"PuuhaMari","date":"1 toukokuun, 2023","format":false,"excerpt":"Suloinen lintupariskunta on ihana Folk Art -tyylinen sapluuna.\u00a0\u00a0K\u00e4yt\u00e4 sit\u00e4 mihin tahansa tee-se-itse projektiisi joko yksitt\u00e4isin\u00e4 lintuina, lintuparina tai jopa reunusnauhana. Mist\u00e4 sinun luotasi l\u00f6ytyisi koti sille: em\u00e4nn\u00e4nkaapin ovesta vaiko puusohvan, tuolien tai keinun selk\u00e4osasta? Tekisitk\u00f6 h\u00e4\u00e4- ja risti\u00e4iskoristelut p\u00f6yt\u00e4liinoihin, kangasservetteihin ja jopa KAKKUIHIN! Vai uuden vauvan peittoon, katokseen tai h\u00e4nen\u2026","rel":"","context":"Samankaltainen artikkeli","block_context":{"text":"Samankaltainen artikkeli","link":""},"img":{"alt_text":"","src":"https:\/\/i0.wp.com\/puuhamari.fi\/wp-content\/uploads\/2023\/05\/Nordic-Twin-1Ab.jpg?fit=868%2C868&ssl=1&resize=350%2C200","width":350,"height":200,"srcset":"https:\/\/i0.wp.com\/puuhamari.fi\/wp-content\/uploads\/2023\/05\/Nordic-Twin-1Ab.jpg?fit=868%2C868&ssl=1&resize=350%2C200 1x, https:\/\/i0.wp.com\/puuhamari.fi\/wp-content\/uploads\/2023\/05\/Nordic-Twin-1Ab.jpg?fit=868%2C868&ssl=1&resize=525%2C300 1.5x, https:\/\/i0.wp.com\/puuhamari.fi\/wp-content\/uploads\/2023\/05\/Nordic-Twin-1Ab.jpg?fit=868%2C868&ssl=1&resize=700%2C400 2x"},"classes":[]},{"id":5744,"url":"https:\/\/puuhamari.fi\/?product=dm-june-roses","url_meta":{"origin":5741,"position":3},"title":"DM-June Roses","author":"PuuhaMari","date":"1 toukokuun, 2023","format":false,"excerpt":"Ylioppilasruusujako n\u00e4m\u00e4 ovat? Vai valkoisella maalattuna juhannusruusuja? Tummanpunaisina ehk\u00e4 intohimoisen rakkauden tunnustajia! Kaikkiin tekstiileihin, lastenhuoneen kalusteisiin, ruokap\u00f6yt\u00e4\u00e4 kiert\u00e4m\u00e4\u00e4n k\u00f6ynn\u00f6ksen\u00e4, m\u00f6kkitarjottimen tai mehukannun koristeeksi... Miss\u00e4 sin\u00e4 n\u00e4m\u00e4 n\u00e4et? Voit my\u00f6s laittaa kuviot KEHYKSEKSI mietelauseelle\/ rakkaan ihmisen nimelle (kts. kuvan esimerkki). Kotona tai m\u00f6kill\u00e4, ulkona tai sis\u00e4ll\u00e4, puuhun, metalliin, tekstiileihin - ja\u2026","rel":"","context":"Samankaltainen artikkeli","block_context":{"text":"Samankaltainen artikkeli","link":""},"img":{"alt_text":"","src":"https:\/\/i0.wp.com\/puuhamari.fi\/wp-content\/uploads\/2023\/05\/10948-A-JUNE-ROSES-STENCILSM.jpg?fit=750%2C750&ssl=1&resize=350%2C200","width":350,"height":200,"srcset":"https:\/\/i0.wp.com\/puuhamari.fi\/wp-content\/uploads\/2023\/05\/10948-A-JUNE-ROSES-STENCILSM.jpg?fit=750%2C750&ssl=1&resize=350%2C200 1x, https:\/\/i0.wp.com\/puuhamari.fi\/wp-content\/uploads\/2023\/05\/10948-A-JUNE-ROSES-STENCILSM.jpg?fit=750%2C750&ssl=1&resize=525%2C300 1.5x, https:\/\/i0.wp.com\/puuhamari.fi\/wp-content\/uploads\/2023\/05\/10948-A-JUNE-ROSES-STENCILSM.jpg?fit=750%2C750&ssl=1&resize=700%2C400 2x"},"classes":[]},{"id":7416,"url":"https:\/\/puuhamari.fi\/?product=dm-forest-animals-2-pack","url_meta":{"origin":5741,"position":4},"title":"DM-Forest Animals &#8220;2 pack&#8221;","author":"PuuhaMari","date":"9 lokakuun, 2023","format":false,"excerpt":"Kaksi upeaa pohjoisten metsien el\u00e4int\u00e4 suloisina, Folk Art -tyylisin\u00e4 sapluunakuvioina! N\u00e4ill\u00e4 on ilmiselv\u00e4 paikkansa perinteit\u00e4 vaalivan kodin koristelussa, sill\u00e4 ne tuovat iloa ja leikillisyytt\u00e4 ihan kaikkiin huoneisiin, esineisiin, leluihin, jne... Ja hei: k\u00e4ytt\u00e4miesi maaliv\u00e4rienh\u00e4n ei tarvitse olla juuri samat 2-3, kuin oheisissa kuvissa... Pakkauksessa on mukana 2 kpl arkkeja, joille\u2026","rel":"","context":"Samankaltainen artikkeli","block_context":{"text":"Samankaltainen artikkeli","link":""},"img":{"alt_text":"","src":"https:\/\/i0.wp.com\/puuhamari.fi\/wp-content\/uploads\/2023\/10\/Forest-Animals-A5.jpg?fit=510%2C510&ssl=1&resize=350%2C200","width":350,"height":200},"classes":[]},{"id":5750,"url":"https:\/\/puuhamari.fi\/?product=dm-wildflowers","url_meta":{"origin":5741,"position":5},"title":"DM-Wildflowers","author":"PuuhaMari","date":"1 toukokuun, 2023","format":false,"excerpt":"Skandinaavisen Folk Art:in tyylilajiin istuvat kedon kukkaset sopivat eritt\u00e4in kauniisti sek\u00e4 moderniin Boho-sisustukseen, m\u00f6kkiymp\u00e4rist\u00f6\u00f6n, ett\u00e4 ihan tavalliseenkin kotiin. Niiden design ei kerskaile olemuksellaan, mutta onnistuu silti v\u00e4himm\u00e4ll\u00e4 mahdollisella vaivalla sulostuttamaan mit\u00e4 tahansa kodin k\u00e4ytt\u00f6esinett\u00e4\u00a0 ja kalustetta. Kokeile vaikka! Voit my\u00f6s laittaa kuviot KEHYKSEKSI mietelauseelle\/ \"Marin keitti\u00f6\"-tyyliselle taululle (kts. kuvan esimerkki).\u2026","rel":"","context":"Samankaltainen artikkeli","block_context":{"text":"Samankaltainen artikkeli","link":""},"img":{"alt_text":"","src":"https:\/\/i0.wp.com\/puuhamari.fi\/wp-content\/uploads\/2023\/05\/10949-A-WILDFLOWERS-STENCILSM.jpg?fit=750%2C750&ssl=1&resize=350%2C200","width":350,"height":200,"srcset":"https:\/\/i0.wp.com\/puuhamari.fi\/wp-content\/uploads\/2023\/05\/10949-A-WILDFLOWERS-STENCILSM.jpg?fit=750%2C750&ssl=1&resize=350%2C200 1x, https:\/\/i0.wp.com\/puuhamari.fi\/wp-content\/uploads\/2023\/05\/10949-A-WILDFLOWERS-STENCILSM.jpg?fit=750%2C750&ssl=1&resize=525%2C300 1.5x, https:\/\/i0.wp.com\/puuhamari.fi\/wp-content\/uploads\/2023\/05\/10949-A-WILDFLOWERS-STENCILSM.jpg?fit=750%2C750&ssl=1&resize=700%2C400 2x"},"classes":[]}],"_links":{"self":[{"href":"https:\/\/puuhamari.fi\/index.php?rest_route=\/wp\/v2\/product\/5741","targetHints":{"allow":["GET"]}}],"collection":[{"href":"https:\/\/puuhamari.fi\/index.php?rest_route=\/wp\/v2\/product"}],"about":[{"href":"https:\/\/puuhamari.fi\/index.php?rest_route=\/wp\/v2\/types\/product"}],"replies":[{"embeddable":true,"href":"https:\/\/puuhamari.fi\/index.php?rest_route=%2Fwp%2Fv2%2Fcomments&post=5741"}],"version-history":[{"count":2,"href":"https:\/\/puuhamari.fi\/index.php?rest_route=\/wp\/v2\/product\/5741\/revisions"}],"predecessor-version":[{"id":6976,"href":"https:\/\/puuhamari.fi\/index.php?rest_route=\/wp\/v2\/product\/5741\/revisions\/6976"}],"wp:featuredmedia":[{"embeddable":true,"href":"https:\/\/puuhamari.fi\/index.php?rest_route=\/wp\/v2\/media\/5687"}],"wp:attachment":[{"href":"https:\/\/puuhamari.fi\/index.php?rest_route=%2Fwp%2Fv2%2Fmedia&parent=5741"}],"wp:term":[{"taxonomy":"product_brand","embeddable":true,"href":"https:\/\/puuhamari.fi\/index.php?rest_route=%2Fwp%2Fv2%2Fproduct_brand&post=5741"},{"taxonomy":"product_cat","embeddable":true,"href":"https:\/\/puuhamari.fi\/index.php?rest_route=%2Fwp%2Fv2%2Fproduct_cat&post=5741"},{"taxonomy":"product_tag","embeddable":true,"href":"https:\/\/puuhamari.fi\/index.php?rest_route=%2Fwp%2Fv2%2Fproduct_tag&post=5741"}],"curies":[{"name":"wp","href":"https:\/\/api.w.org\/{rel}","templated":true}]}}